{"id":123968,"date":"2023-03-01T00:27:53","date_gmt":"2023-02-28T23:27:53","guid":{"rendered":"https:\/\/shop.bantam.ch\/produit\/lanterneau-maxxfan-plus\/"},"modified":"2026-04-18T21:51:23","modified_gmt":"2026-04-18T19:51:23","slug":"lanterneau-maxxfan-plus","status":"publish","type":"product","link":"https:\/\/shop.bantam.ch\/fr\/produit\/lanterneau-maxxfan-plus\/","title":{"rendered":"Lanterneau MAXXAIR Maxxfan Plus avec \u00e9vent entr\u00e9e et sortie d\u2019air Protection contre la pluie, \u00e9lectr. Ouverture"},"content":{"rendered":"<p>Lanterneau avec ventilateur d&rsquo;extraction et ventilateur d&rsquo;admission et d&rsquo;\u00e9vacuation d&rsquo;air puissants \u00e0 10 vitesses, ainsi qu&rsquo;un thermostat pour r\u00e9guler la temp\u00e9rature ambiante. Les languettes de montage moul\u00e9es \u00e9tanches garantissent une installation sans outil du nouveau couvercle de ventilation FANMATE (vendu s\u00e9par\u00e9ment). Sans capteur de pluie. Livr\u00e9 sans t\u00e9l\u00e9commande.<\/p>\n","protected":false},"excerpt":{"rendered":"<p>Lanterneau avec ventilateur d&rsquo;extraction et ventilateur d&rsquo;admission et d&rsquo;\u00e9vacuation d&rsquo;air puissants \u00e0 10 vitesses, ainsi qu&rsquo;un thermostat pour r\u00e9guler la temp\u00e9rature ambiante. Les languettes de montage moul\u00e9es \u00e9tanches garantissent une installation sans outil du nouveau couvercle de ventilation FANMATE (vendu s\u00e9par\u00e9ment). Sans capteur de pluie. Livr\u00e9 sans t\u00e9l\u00e9commande.<\/p>\n","protected":false},"featured_media":186942,"template":"","meta":{"_acf_changed":false},"product_featured_cat":[],"product_brand":[3624],"product_cat":[5041],"product_tag":[],"class_list":{"0":"post-123968","1":"product","2":"type-product","3":"status-publish","4":"has-post-thumbnail","6":"product_brand-maxxair","7":"product_cat-capots-de-rechange","9":"first","10":"instock","11":"taxable","12":"shipping-taxable","13":"purchasable","14":"product-type-simple"},"acf":[],"yoast_head":"<!-- This site is optimized with the Yoast SEO plugin v27.4 - https:\/\/yoast.com\/product\/yoast-seo-wordpress\/ -->\n<title>Lanterneau MAXXAIR Maxxfan Plus avec \u00e9vent entr\u00e9e et sortie d\u2019air Protection contre la pluie, \u00e9lectr. Ouverture - Bantam Wankm\u00fcller SA<\/title>\n<meta name=\"robots\" content=\"index, follow, max-snippet:-1, max-image-preview:large, max-video-preview:-1\" \/>\n<link rel=\"canonical\" href=\"https:\/\/shop.bantam.ch\/fr\/produit\/lanterneau-maxxfan-plus\/\" \/>\n<meta property=\"og:locale\" content=\"fr_FR\" \/>\n<meta property=\"og:type\" content=\"article\" \/>\n<meta property=\"og:title\" content=\"Lanterneau MAXXAIR Maxxfan Plus avec \u00e9vent entr\u00e9e et sortie d\u2019air Protection contre la pluie, \u00e9lectr. Ouverture - Bantam Wankm\u00fcller SA\" \/>\n<meta property=\"og:description\" content=\"Lanterneau avec ventilateur d&rsquo;extraction et ventilateur d&rsquo;admission et d&rsquo;\u00e9vacuation d&rsquo;air puissants \u00e0 10 vitesses, ainsi qu&rsquo;un thermostat pour r\u00e9guler la temp\u00e9rature ambiante. Les languettes de montage moul\u00e9es \u00e9tanches garantissent une installation sans outil du nouveau couvercle de ventilation FANMATE (vendu s\u00e9par\u00e9ment). Sans capteur de pluie. Livr\u00e9 sans t\u00e9l\u00e9commande.\" \/>\n<meta property=\"og:url\" content=\"https:\/\/shop.bantam.ch\/fr\/produit\/lanterneau-maxxfan-plus\/\" \/>\n<meta property=\"og:site_name\" content=\"Bantam Wankm\u00fcller SA\" \/>\n<meta property=\"article:modified_time\" content=\"2026-04-18T19:51:23+00:00\" \/>\n<meta property=\"og:image\" content=\"https:\/\/shop.bantam.ch\/wp-content\/uploads\/2023\/09\/Movera-L-9944741100.jpg\" \/>\n\t<meta property=\"og:image:width\" content=\"640\" \/>\n\t<meta property=\"og:image:height\" content=\"412\" \/>\n\t<meta property=\"og:image:type\" content=\"image\/jpeg\" \/>\n<meta name=\"twitter:card\" content=\"summary_large_image\" \/>\n<script type=\"application\/ld+json\" class=\"yoast-schema-graph\">{\"@context\":\"https:\\\/\\\/schema.org\",\"@graph\":[{\"@type\":\"WebPage\",\"@id\":\"https:\\\/\\\/shop.bantam.ch\\\/fr\\\/produit\\\/lanterneau-maxxfan-plus\\\/\",\"url\":\"https:\\\/\\\/shop.bantam.ch\\\/fr\\\/produit\\\/lanterneau-maxxfan-plus\\\/\",\"name\":\"Lanterneau MAXXAIR Maxxfan Plus avec \u00e9vent entr\u00e9e et sortie d\u2019air Protection contre la pluie, \u00e9lectr. Ouverture - Bantam Wankm\u00fcller SA\",\"isPartOf\":{\"@id\":\"https:\\\/\\\/shop.bantam.ch\\\/fr\\\/#website\"},\"primaryImageOfPage\":{\"@id\":\"https:\\\/\\\/shop.bantam.ch\\\/fr\\\/produit\\\/lanterneau-maxxfan-plus\\\/#primaryimage\"},\"image\":{\"@id\":\"https:\\\/\\\/shop.bantam.ch\\\/fr\\\/produit\\\/lanterneau-maxxfan-plus\\\/#primaryimage\"},\"thumbnailUrl\":\"https:\\\/\\\/shop.bantam.ch\\\/wp-content\\\/uploads\\\/2023\\\/09\\\/Movera-L-9944741100.jpg\",\"datePublished\":\"2023-02-28T23:27:53+00:00\",\"dateModified\":\"2026-04-18T19:51:23+00:00\",\"breadcrumb\":{\"@id\":\"https:\\\/\\\/shop.bantam.ch\\\/fr\\\/produit\\\/lanterneau-maxxfan-plus\\\/#breadcrumb\"},\"inLanguage\":\"fr-FR\",\"potentialAction\":[{\"@type\":\"ReadAction\",\"target\":[\"https:\\\/\\\/shop.bantam.ch\\\/fr\\\/produit\\\/lanterneau-maxxfan-plus\\\/\"]}]},{\"@type\":\"ImageObject\",\"inLanguage\":\"fr-FR\",\"@id\":\"https:\\\/\\\/shop.bantam.ch\\\/fr\\\/produit\\\/lanterneau-maxxfan-plus\\\/#primaryimage\",\"url\":\"https:\\\/\\\/shop.bantam.ch\\\/wp-content\\\/uploads\\\/2023\\\/09\\\/Movera-L-9944741100.jpg\",\"contentUrl\":\"https:\\\/\\\/shop.bantam.ch\\\/wp-content\\\/uploads\\\/2023\\\/09\\\/Movera-L-9944741100.jpg\",\"width\":640,\"height\":412},{\"@type\":\"BreadcrumbList\",\"@id\":\"https:\\\/\\\/shop.bantam.ch\\\/fr\\\/produit\\\/lanterneau-maxxfan-plus\\\/#breadcrumb\",\"itemListElement\":[{\"@type\":\"ListItem\",\"position\":1,\"name\":\"Accueil\",\"item\":\"https:\\\/\\\/shop.bantam.ch\\\/fr\\\/\"},{\"@type\":\"ListItem\",\"position\":2,\"name\":\"Boutique\",\"item\":\"https:\\\/\\\/shop.bantam.ch\\\/fr\\\/boutique\\\/\"},{\"@type\":\"ListItem\",\"position\":3,\"name\":\"Lanterneau MAXXAIR Maxxfan Plus avec \u00e9vent entr\u00e9e et sortie d\u2019air Protection contre la pluie, \u00e9lectr. Ouverture\"}]},{\"@type\":\"WebSite\",\"@id\":\"https:\\\/\\\/shop.bantam.ch\\\/fr\\\/#website\",\"url\":\"https:\\\/\\\/shop.bantam.ch\\\/fr\\\/\",\"name\":\"Bantam Wankm\u00fcller SA\",\"description\":\"\",\"publisher\":{\"@id\":\"https:\\\/\\\/shop.bantam.ch\\\/fr\\\/#organization\"},\"inLanguage\":\"fr-FR\"},{\"@type\":\"Organization\",\"@id\":\"https:\\\/\\\/shop.bantam.ch\\\/fr\\\/#organization\",\"name\":\"Bantam Wankm\u00fcller SA\",\"url\":\"https:\\\/\\\/shop.bantam.ch\\\/fr\\\/\",\"logo\":{\"@type\":\"ImageObject\",\"inLanguage\":\"fr-FR\",\"@id\":\"https:\\\/\\\/shop.bantam.ch\\\/fr\\\/#\\\/schema\\\/logo\\\/image\\\/\",\"url\":\"https:\\\/\\\/shop.bantam.ch\\\/wp-content\\\/uploads\\\/2022\\\/12\\\/bantam-logo.png\",\"contentUrl\":\"https:\\\/\\\/shop.bantam.ch\\\/wp-content\\\/uploads\\\/2022\\\/12\\\/bantam-logo.png\",\"width\":320,\"height\":71,\"caption\":\"Bantam Wankm\u00fcller SA\"},\"image\":{\"@id\":\"https:\\\/\\\/shop.bantam.ch\\\/fr\\\/#\\\/schema\\\/logo\\\/image\\\/\"}}]}<\/script>\n<!-- \/ Yoast SEO plugin. -->","yoast_head_json":{"title":"Lanterneau MAXXAIR Maxxfan Plus avec \u00e9vent entr\u00e9e et sortie d\u2019air Protection contre la pluie, \u00e9lectr. Ouverture - Bantam Wankm\u00fcller SA","robots":{"index":"index","follow":"follow","max-snippet":"max-snippet:-1","max-image-preview":"max-image-preview:large","max-video-preview":"max-video-preview:-1"},"canonical":"https:\/\/shop.bantam.ch\/fr\/produit\/lanterneau-maxxfan-plus\/","og_locale":"fr_FR","og_type":"article","og_title":"Lanterneau MAXXAIR Maxxfan Plus avec \u00e9vent entr\u00e9e et sortie d\u2019air Protection contre la pluie, \u00e9lectr. Ouverture - Bantam Wankm\u00fcller SA","og_description":"Lanterneau avec ventilateur d&rsquo;extraction et ventilateur d&rsquo;admission et d&rsquo;\u00e9vacuation d&rsquo;air puissants \u00e0 10 vitesses, ainsi qu&rsquo;un thermostat pour r\u00e9guler la temp\u00e9rature ambiante. Les languettes de montage moul\u00e9es \u00e9tanches garantissent une installation sans outil du nouveau couvercle de ventilation FANMATE (vendu s\u00e9par\u00e9ment). Sans capteur de pluie. Livr\u00e9 sans t\u00e9l\u00e9commande.","og_url":"https:\/\/shop.bantam.ch\/fr\/produit\/lanterneau-maxxfan-plus\/","og_site_name":"Bantam Wankm\u00fcller SA","article_modified_time":"2026-04-18T19:51:23+00:00","og_image":[{"width":640,"height":412,"url":"https:\/\/shop.bantam.ch\/wp-content\/uploads\/2023\/09\/Movera-L-9944741100.jpg","type":"image\/jpeg"}],"twitter_card":"summary_large_image","schema":{"@context":"https:\/\/schema.org","@graph":[{"@type":"WebPage","@id":"https:\/\/shop.bantam.ch\/fr\/produit\/lanterneau-maxxfan-plus\/","url":"https:\/\/shop.bantam.ch\/fr\/produit\/lanterneau-maxxfan-plus\/","name":"Lanterneau MAXXAIR Maxxfan Plus avec \u00e9vent entr\u00e9e et sortie d\u2019air Protection contre la pluie, \u00e9lectr. Ouverture - Bantam Wankm\u00fcller SA","isPartOf":{"@id":"https:\/\/shop.bantam.ch\/fr\/#website"},"primaryImageOfPage":{"@id":"https:\/\/shop.bantam.ch\/fr\/produit\/lanterneau-maxxfan-plus\/#primaryimage"},"image":{"@id":"https:\/\/shop.bantam.ch\/fr\/produit\/lanterneau-maxxfan-plus\/#primaryimage"},"thumbnailUrl":"https:\/\/shop.bantam.ch\/wp-content\/uploads\/2023\/09\/Movera-L-9944741100.jpg","datePublished":"2023-02-28T23:27:53+00:00","dateModified":"2026-04-18T19:51:23+00:00","breadcrumb":{"@id":"https:\/\/shop.bantam.ch\/fr\/produit\/lanterneau-maxxfan-plus\/#breadcrumb"},"inLanguage":"fr-FR","potentialAction":[{"@type":"ReadAction","target":["https:\/\/shop.bantam.ch\/fr\/produit\/lanterneau-maxxfan-plus\/"]}]},{"@type":"ImageObject","inLanguage":"fr-FR","@id":"https:\/\/shop.bantam.ch\/fr\/produit\/lanterneau-maxxfan-plus\/#primaryimage","url":"https:\/\/shop.bantam.ch\/wp-content\/uploads\/2023\/09\/Movera-L-9944741100.jpg","contentUrl":"https:\/\/shop.bantam.ch\/wp-content\/uploads\/2023\/09\/Movera-L-9944741100.jpg","width":640,"height":412},{"@type":"BreadcrumbList","@id":"https:\/\/shop.bantam.ch\/fr\/produit\/lanterneau-maxxfan-plus\/#breadcrumb","itemListElement":[{"@type":"ListItem","position":1,"name":"Accueil","item":"https:\/\/shop.bantam.ch\/fr\/"},{"@type":"ListItem","position":2,"name":"Boutique","item":"https:\/\/shop.bantam.ch\/fr\/boutique\/"},{"@type":"ListItem","position":3,"name":"Lanterneau MAXXAIR Maxxfan Plus avec \u00e9vent entr\u00e9e et sortie d\u2019air Protection contre la pluie, \u00e9lectr. Ouverture"}]},{"@type":"WebSite","@id":"https:\/\/shop.bantam.ch\/fr\/#website","url":"https:\/\/shop.bantam.ch\/fr\/","name":"Bantam Wankm\u00fcller SA","description":"","publisher":{"@id":"https:\/\/shop.bantam.ch\/fr\/#organization"},"inLanguage":"fr-FR"},{"@type":"Organization","@id":"https:\/\/shop.bantam.ch\/fr\/#organization","name":"Bantam Wankm\u00fcller SA","url":"https:\/\/shop.bantam.ch\/fr\/","logo":{"@type":"ImageObject","inLanguage":"fr-FR","@id":"https:\/\/shop.bantam.ch\/fr\/#\/schema\/logo\/image\/","url":"https:\/\/shop.bantam.ch\/wp-content\/uploads\/2022\/12\/bantam-logo.png","contentUrl":"https:\/\/shop.bantam.ch\/wp-content\/uploads\/2022\/12\/bantam-logo.png","width":320,"height":71,"caption":"Bantam Wankm\u00fcller SA"},"image":{"@id":"https:\/\/shop.bantam.ch\/fr\/#\/schema\/logo\/image\/"}}]}},"_links":{"self":[{"href":"https:\/\/shop.bantam.ch\/fr\/wp-json\/wp\/v2\/product\/123968","targetHints":{"allow":["GET"]}}],"collection":[{"href":"https:\/\/shop.bantam.ch\/fr\/wp-json\/wp\/v2\/product"}],"about":[{"href":"https:\/\/shop.bantam.ch\/fr\/wp-json\/wp\/v2\/types\/product"}],"wp:featuredmedia":[{"embeddable":true,"href":"https:\/\/shop.bantam.ch\/fr\/wp-json\/wp\/v2\/media\/186942"}],"wp:attachment":[{"href":"https:\/\/shop.bantam.ch\/fr\/wp-json\/wp\/v2\/media?parent=123968"}],"wp:term":[{"taxonomy":"product_featured_cat","embeddable":true,"href":"https:\/\/shop.bantam.ch\/fr\/wp-json\/wp\/v2\/product_featured_cat?post=123968"},{"taxonomy":"product_brand","embeddable":true,"href":"https:\/\/shop.bantam.ch\/fr\/wp-json\/wp\/v2\/product_brand?post=123968"},{"taxonomy":"product_cat","embeddable":true,"href":"https:\/\/shop.bantam.ch\/fr\/wp-json\/wp\/v2\/product_cat?post=123968"},{"taxonomy":"product_tag","embeddable":true,"href":"https:\/\/shop.bantam.ch\/fr\/wp-json\/wp\/v2\/product_tag?post=123968"}],"curies":[{"name":"wp","href":"https:\/\/api.w.org\/{rel}","templated":true}]}}