{"id":123488,"date":"2023-03-01T00:18:42","date_gmt":"2023-02-28T23:18:42","guid":{"rendered":"https:\/\/shop.bantam.ch\/produit\/porte-velos-carry-bike-mercedes-v-class-lift-e-bike\/"},"modified":"2026-04-17T21:50:22","modified_gmt":"2026-04-17T19:50:22","slug":"porte-velos-carry-bike-mercedes-v-class-lift-e-bike","status":"publish","type":"product","link":"https:\/\/shop.bantam.ch\/fr\/produit\/porte-velos-carry-bike-mercedes-v-class-lift-e-bike\/","title":{"rendered":"Porte-v\u00e9los FIAMMA Carry Bike  Mercedes V Class Lift E-Bike 2 v\u00e9. charge admis 60 kg, Couleur aluminium"},"content":{"rendered":"<p>Le mod\u00e8le r\u00e9serv\u00e9 \u00e0 la Mercedes Classe V avec support pivotant peut \u00eatre abaiss\u00e9 jusqu&rsquo;\u00e0 77 cm pour faciliter le chargement et le d\u00e9chargement de deux v\u00e9los \u00e9lectriques. Livr\u00e9 complet avec une plaque d&rsquo;immatriculation munie des feux groupe. La structure sup\u00e9rieure du porte-v\u00e9los est viss\u00e9e dans les trous pr\u00e9sents sur le ch\u00e2ssis du v\u00e9hicule, garantissant ainsi encore plus de stabilit\u00e9. Vous \u00e9vitez ainsi tout mauvais positionnement lors de la fixation sur le v\u00e9hicule. Le porte-v\u00e9los est con\u00e7u pour 2 v\u00e9los \u00e9lectriques.<\/p>\n<p>Contenu de la livraison :<\/p>\n<ul>\n<li>2 rails Rail Premium<\/li>\n<li>Security Strip<\/li>\n<li>Bike-Block Pro S D1<\/li>\n<li>Bike-Block Pro S1<\/li>\n<li>Plaque d&rsquo;immatriculation avec feux de signalisation<\/li>\n<li>Supports de fixation<\/li>\n<\/ul>\n","protected":false},"excerpt":{"rendered":"<p>Le mod\u00e8le r\u00e9serv\u00e9 \u00e0 la Mercedes Classe V avec support pivotant peut \u00eatre abaiss\u00e9 jusqu&rsquo;\u00e0 77 cm pour faciliter le chargement et le d\u00e9chargement de deux v\u00e9los \u00e9lectriques. Livr\u00e9 complet avec une plaque d&rsquo;immatriculation munie des feux groupe. La structure sup\u00e9rieure du porte-v\u00e9los est viss\u00e9e dans les trous pr\u00e9sents sur le ch\u00e2ssis du v\u00e9hicule, garantissant [&hellip;]<\/p>\n","protected":false},"featured_media":123484,"template":"","meta":{"_acf_changed":false},"product_featured_cat":[],"product_brand":[3034],"product_cat":[5137],"product_tag":[],"class_list":{"0":"post-123488","1":"product","2":"type-product","3":"status-publish","4":"has-post-thumbnail","6":"product_brand-fiamma","7":"product_cat-porte-velos-arriere","9":"first","10":"instock","11":"taxable","12":"shipping-taxable","13":"purchasable","14":"product-type-simple"},"acf":[],"yoast_head":"<!-- This site is optimized with the Yoast SEO plugin v27.4 - https:\/\/yoast.com\/product\/yoast-seo-wordpress\/ -->\n<title>Porte-v\u00e9los FIAMMA Carry Bike Mercedes V Class Lift E-Bike 2 v\u00e9. charge admis 60 kg, Couleur aluminium - Bantam Wankm\u00fcller SA<\/title>\n<meta name=\"robots\" content=\"index, follow, max-snippet:-1, max-image-preview:large, max-video-preview:-1\" \/>\n<link rel=\"canonical\" href=\"https:\/\/shop.bantam.ch\/fr\/produit\/porte-velos-carry-bike-mercedes-v-class-lift-e-bike\/\" \/>\n<meta property=\"og:locale\" content=\"fr_FR\" \/>\n<meta property=\"og:type\" content=\"article\" \/>\n<meta property=\"og:title\" content=\"Porte-v\u00e9los FIAMMA Carry Bike Mercedes V Class Lift E-Bike 2 v\u00e9. charge admis 60 kg, Couleur aluminium - Bantam Wankm\u00fcller SA\" \/>\n<meta property=\"og:description\" content=\"Le mod\u00e8le r\u00e9serv\u00e9 \u00e0 la Mercedes Classe V avec support pivotant peut \u00eatre abaiss\u00e9 jusqu&rsquo;\u00e0 77 cm pour faciliter le chargement et le d\u00e9chargement de deux v\u00e9los \u00e9lectriques. Livr\u00e9 complet avec une plaque d&rsquo;immatriculation munie des feux groupe. La structure sup\u00e9rieure du porte-v\u00e9los est viss\u00e9e dans les trous pr\u00e9sents sur le ch\u00e2ssis du v\u00e9hicule, garantissant [&hellip;]\" \/>\n<meta property=\"og:url\" content=\"https:\/\/shop.bantam.ch\/fr\/produit\/porte-velos-carry-bike-mercedes-v-class-lift-e-bike\/\" \/>\n<meta property=\"og:site_name\" content=\"Bantam Wankm\u00fcller SA\" \/>\n<meta property=\"article:modified_time\" content=\"2026-04-17T19:50:22+00:00\" \/>\n<meta property=\"og:image\" content=\"https:\/\/shop.bantam.ch\/wp-content\/uploads\/2023\/03\/994473211.jpg\" \/>\n\t<meta property=\"og:image:width\" content=\"787\" \/>\n\t<meta property=\"og:image:height\" content=\"1000\" \/>\n\t<meta property=\"og:image:type\" content=\"image\/jpeg\" \/>\n<meta name=\"twitter:card\" content=\"summary_large_image\" \/>\n<meta name=\"twitter:label1\" content=\"Dur\u00e9e de lecture estim\u00e9e\" \/>\n\t<meta name=\"twitter:data1\" content=\"1 minute\" \/>\n<script type=\"application\/ld+json\" class=\"yoast-schema-graph\">{\"@context\":\"https:\\\/\\\/schema.org\",\"@graph\":[{\"@type\":\"WebPage\",\"@id\":\"https:\\\/\\\/shop.bantam.ch\\\/fr\\\/produit\\\/porte-velos-carry-bike-mercedes-v-class-lift-e-bike\\\/\",\"url\":\"https:\\\/\\\/shop.bantam.ch\\\/fr\\\/produit\\\/porte-velos-carry-bike-mercedes-v-class-lift-e-bike\\\/\",\"name\":\"Porte-v\u00e9los FIAMMA Carry Bike Mercedes V Class Lift E-Bike 2 v\u00e9. charge admis 60 kg, Couleur aluminium - Bantam Wankm\u00fcller SA\",\"isPartOf\":{\"@id\":\"https:\\\/\\\/shop.bantam.ch\\\/fr\\\/#website\"},\"primaryImageOfPage\":{\"@id\":\"https:\\\/\\\/shop.bantam.ch\\\/fr\\\/produit\\\/porte-velos-carry-bike-mercedes-v-class-lift-e-bike\\\/#primaryimage\"},\"image\":{\"@id\":\"https:\\\/\\\/shop.bantam.ch\\\/fr\\\/produit\\\/porte-velos-carry-bike-mercedes-v-class-lift-e-bike\\\/#primaryimage\"},\"thumbnailUrl\":\"https:\\\/\\\/shop.bantam.ch\\\/wp-content\\\/uploads\\\/2023\\\/03\\\/994473211.jpg\",\"datePublished\":\"2023-02-28T23:18:42+00:00\",\"dateModified\":\"2026-04-17T19:50:22+00:00\",\"breadcrumb\":{\"@id\":\"https:\\\/\\\/shop.bantam.ch\\\/fr\\\/produit\\\/porte-velos-carry-bike-mercedes-v-class-lift-e-bike\\\/#breadcrumb\"},\"inLanguage\":\"fr-FR\",\"potentialAction\":[{\"@type\":\"ReadAction\",\"target\":[\"https:\\\/\\\/shop.bantam.ch\\\/fr\\\/produit\\\/porte-velos-carry-bike-mercedes-v-class-lift-e-bike\\\/\"]}]},{\"@type\":\"ImageObject\",\"inLanguage\":\"fr-FR\",\"@id\":\"https:\\\/\\\/shop.bantam.ch\\\/fr\\\/produit\\\/porte-velos-carry-bike-mercedes-v-class-lift-e-bike\\\/#primaryimage\",\"url\":\"https:\\\/\\\/shop.bantam.ch\\\/wp-content\\\/uploads\\\/2023\\\/03\\\/994473211.jpg\",\"contentUrl\":\"https:\\\/\\\/shop.bantam.ch\\\/wp-content\\\/uploads\\\/2023\\\/03\\\/994473211.jpg\",\"width\":787,\"height\":1000},{\"@type\":\"BreadcrumbList\",\"@id\":\"https:\\\/\\\/shop.bantam.ch\\\/fr\\\/produit\\\/porte-velos-carry-bike-mercedes-v-class-lift-e-bike\\\/#breadcrumb\",\"itemListElement\":[{\"@type\":\"ListItem\",\"position\":1,\"name\":\"Accueil\",\"item\":\"https:\\\/\\\/shop.bantam.ch\\\/fr\\\/\"},{\"@type\":\"ListItem\",\"position\":2,\"name\":\"Boutique\",\"item\":\"https:\\\/\\\/shop.bantam.ch\\\/fr\\\/boutique\\\/\"},{\"@type\":\"ListItem\",\"position\":3,\"name\":\"Porte-v\u00e9los FIAMMA Carry Bike Mercedes V Class Lift E-Bike 2 v\u00e9. charge admis 60 kg, Couleur aluminium\"}]},{\"@type\":\"WebSite\",\"@id\":\"https:\\\/\\\/shop.bantam.ch\\\/fr\\\/#website\",\"url\":\"https:\\\/\\\/shop.bantam.ch\\\/fr\\\/\",\"name\":\"Bantam Wankm\u00fcller SA\",\"description\":\"\",\"publisher\":{\"@id\":\"https:\\\/\\\/shop.bantam.ch\\\/fr\\\/#organization\"},\"inLanguage\":\"fr-FR\"},{\"@type\":\"Organization\",\"@id\":\"https:\\\/\\\/shop.bantam.ch\\\/fr\\\/#organization\",\"name\":\"Bantam Wankm\u00fcller SA\",\"url\":\"https:\\\/\\\/shop.bantam.ch\\\/fr\\\/\",\"logo\":{\"@type\":\"ImageObject\",\"inLanguage\":\"fr-FR\",\"@id\":\"https:\\\/\\\/shop.bantam.ch\\\/fr\\\/#\\\/schema\\\/logo\\\/image\\\/\",\"url\":\"https:\\\/\\\/shop.bantam.ch\\\/wp-content\\\/uploads\\\/2022\\\/12\\\/bantam-logo.png\",\"contentUrl\":\"https:\\\/\\\/shop.bantam.ch\\\/wp-content\\\/uploads\\\/2022\\\/12\\\/bantam-logo.png\",\"width\":320,\"height\":71,\"caption\":\"Bantam Wankm\u00fcller SA\"},\"image\":{\"@id\":\"https:\\\/\\\/shop.bantam.ch\\\/fr\\\/#\\\/schema\\\/logo\\\/image\\\/\"}}]}<\/script>\n<!-- \/ Yoast SEO plugin. -->","yoast_head_json":{"title":"Porte-v\u00e9los FIAMMA Carry Bike Mercedes V Class Lift E-Bike 2 v\u00e9. charge admis 60 kg, Couleur aluminium - Bantam Wankm\u00fcller SA","robots":{"index":"index","follow":"follow","max-snippet":"max-snippet:-1","max-image-preview":"max-image-preview:large","max-video-preview":"max-video-preview:-1"},"canonical":"https:\/\/shop.bantam.ch\/fr\/produit\/porte-velos-carry-bike-mercedes-v-class-lift-e-bike\/","og_locale":"fr_FR","og_type":"article","og_title":"Porte-v\u00e9los FIAMMA Carry Bike Mercedes V Class Lift E-Bike 2 v\u00e9. charge admis 60 kg, Couleur aluminium - Bantam Wankm\u00fcller SA","og_description":"Le mod\u00e8le r\u00e9serv\u00e9 \u00e0 la Mercedes Classe V avec support pivotant peut \u00eatre abaiss\u00e9 jusqu&rsquo;\u00e0 77 cm pour faciliter le chargement et le d\u00e9chargement de deux v\u00e9los \u00e9lectriques. Livr\u00e9 complet avec une plaque d&rsquo;immatriculation munie des feux groupe. La structure sup\u00e9rieure du porte-v\u00e9los est viss\u00e9e dans les trous pr\u00e9sents sur le ch\u00e2ssis du v\u00e9hicule, garantissant [&hellip;]","og_url":"https:\/\/shop.bantam.ch\/fr\/produit\/porte-velos-carry-bike-mercedes-v-class-lift-e-bike\/","og_site_name":"Bantam Wankm\u00fcller SA","article_modified_time":"2026-04-17T19:50:22+00:00","og_image":[{"width":787,"height":1000,"url":"https:\/\/shop.bantam.ch\/wp-content\/uploads\/2023\/03\/994473211.jpg","type":"image\/jpeg"}],"twitter_card":"summary_large_image","twitter_misc":{"Dur\u00e9e de lecture estim\u00e9e":"1 minute"},"schema":{"@context":"https:\/\/schema.org","@graph":[{"@type":"WebPage","@id":"https:\/\/shop.bantam.ch\/fr\/produit\/porte-velos-carry-bike-mercedes-v-class-lift-e-bike\/","url":"https:\/\/shop.bantam.ch\/fr\/produit\/porte-velos-carry-bike-mercedes-v-class-lift-e-bike\/","name":"Porte-v\u00e9los FIAMMA Carry Bike Mercedes V Class Lift E-Bike 2 v\u00e9. charge admis 60 kg, Couleur aluminium - Bantam Wankm\u00fcller SA","isPartOf":{"@id":"https:\/\/shop.bantam.ch\/fr\/#website"},"primaryImageOfPage":{"@id":"https:\/\/shop.bantam.ch\/fr\/produit\/porte-velos-carry-bike-mercedes-v-class-lift-e-bike\/#primaryimage"},"image":{"@id":"https:\/\/shop.bantam.ch\/fr\/produit\/porte-velos-carry-bike-mercedes-v-class-lift-e-bike\/#primaryimage"},"thumbnailUrl":"https:\/\/shop.bantam.ch\/wp-content\/uploads\/2023\/03\/994473211.jpg","datePublished":"2023-02-28T23:18:42+00:00","dateModified":"2026-04-17T19:50:22+00:00","breadcrumb":{"@id":"https:\/\/shop.bantam.ch\/fr\/produit\/porte-velos-carry-bike-mercedes-v-class-lift-e-bike\/#breadcrumb"},"inLanguage":"fr-FR","potentialAction":[{"@type":"ReadAction","target":["https:\/\/shop.bantam.ch\/fr\/produit\/porte-velos-carry-bike-mercedes-v-class-lift-e-bike\/"]}]},{"@type":"ImageObject","inLanguage":"fr-FR","@id":"https:\/\/shop.bantam.ch\/fr\/produit\/porte-velos-carry-bike-mercedes-v-class-lift-e-bike\/#primaryimage","url":"https:\/\/shop.bantam.ch\/wp-content\/uploads\/2023\/03\/994473211.jpg","contentUrl":"https:\/\/shop.bantam.ch\/wp-content\/uploads\/2023\/03\/994473211.jpg","width":787,"height":1000},{"@type":"BreadcrumbList","@id":"https:\/\/shop.bantam.ch\/fr\/produit\/porte-velos-carry-bike-mercedes-v-class-lift-e-bike\/#breadcrumb","itemListElement":[{"@type":"ListItem","position":1,"name":"Accueil","item":"https:\/\/shop.bantam.ch\/fr\/"},{"@type":"ListItem","position":2,"name":"Boutique","item":"https:\/\/shop.bantam.ch\/fr\/boutique\/"},{"@type":"ListItem","position":3,"name":"Porte-v\u00e9los FIAMMA Carry Bike Mercedes V Class Lift E-Bike 2 v\u00e9. charge admis 60 kg, Couleur aluminium"}]},{"@type":"WebSite","@id":"https:\/\/shop.bantam.ch\/fr\/#website","url":"https:\/\/shop.bantam.ch\/fr\/","name":"Bantam Wankm\u00fcller SA","description":"","publisher":{"@id":"https:\/\/shop.bantam.ch\/fr\/#organization"},"inLanguage":"fr-FR"},{"@type":"Organization","@id":"https:\/\/shop.bantam.ch\/fr\/#organization","name":"Bantam Wankm\u00fcller SA","url":"https:\/\/shop.bantam.ch\/fr\/","logo":{"@type":"ImageObject","inLanguage":"fr-FR","@id":"https:\/\/shop.bantam.ch\/fr\/#\/schema\/logo\/image\/","url":"https:\/\/shop.bantam.ch\/wp-content\/uploads\/2022\/12\/bantam-logo.png","contentUrl":"https:\/\/shop.bantam.ch\/wp-content\/uploads\/2022\/12\/bantam-logo.png","width":320,"height":71,"caption":"Bantam Wankm\u00fcller SA"},"image":{"@id":"https:\/\/shop.bantam.ch\/fr\/#\/schema\/logo\/image\/"}}]}},"_links":{"self":[{"href":"https:\/\/shop.bantam.ch\/fr\/wp-json\/wp\/v2\/product\/123488","targetHints":{"allow":["GET"]}}],"collection":[{"href":"https:\/\/shop.bantam.ch\/fr\/wp-json\/wp\/v2\/product"}],"about":[{"href":"https:\/\/shop.bantam.ch\/fr\/wp-json\/wp\/v2\/types\/product"}],"wp:featuredmedia":[{"embeddable":true,"href":"https:\/\/shop.bantam.ch\/fr\/wp-json\/wp\/v2\/media\/123484"}],"wp:attachment":[{"href":"https:\/\/shop.bantam.ch\/fr\/wp-json\/wp\/v2\/media?parent=123488"}],"wp:term":[{"taxonomy":"product_featured_cat","embeddable":true,"href":"https:\/\/shop.bantam.ch\/fr\/wp-json\/wp\/v2\/product_featured_cat?post=123488"},{"taxonomy":"product_brand","embeddable":true,"href":"https:\/\/shop.bantam.ch\/fr\/wp-json\/wp\/v2\/product_brand?post=123488"},{"taxonomy":"product_cat","embeddable":true,"href":"https:\/\/shop.bantam.ch\/fr\/wp-json\/wp\/v2\/product_cat?post=123488"},{"taxonomy":"product_tag","embeddable":true,"href":"https:\/\/shop.bantam.ch\/fr\/wp-json\/wp\/v2\/product_tag?post=123488"}],"curies":[{"name":"wp","href":"https:\/\/api.w.org\/{rel}","templated":true}]}}