{"id":123284,"date":"2023-03-01T00:14:50","date_gmt":"2023-02-28T23:14:50","guid":{"rendered":"https:\/\/shop.bantam.ch\/produit\/facade-rolli-plus-modul-camou-profondeur-250-300-cm\/"},"modified":"2026-04-18T23:40:48","modified_gmt":"2026-04-18T21:40:48","slug":"facade-rolli-plus-modul-camou-profondeur-250-300-cm","status":"publish","type":"product","link":"https:\/\/shop.bantam.ch\/fr\/produit\/facade-rolli-plus-modul-camou-profondeur-250-300-cm\/","title":{"rendered":"Fa\u00e7ade Rolli Plus MODUL &#8211; Camou, profondeur 250\/300 cm"},"content":{"rendered":"<p>Avec la paroi frontale Rolli Plus Modul, vous profitez d\u2019un auvent enti\u00e8rement ferm\u00e9, \u00e9l\u00e9ments de porte et de fen\u00eatre inclus. Vous restez ainsi largement autonome quelles que soient les conditions m\u00e9t\u00e9orologiques et b\u00e9n\u00e9ficiez d\u2019une grande flexibilit\u00e9. L\u2019auvent Rolli Plus peut \u00eatre compl\u00e9t\u00e9 par une solette, une protection solaire Screen ou Protect, un module annexe, un cadre de conversion pour vue panoramique, des tendeurs pour galerie, une barre d\u2019appui suppl\u00e9mentaire, un kit de d\u00e9marrage Peggy Peg, une fixation de toit, une barre pour espace v\u00e9randa et des rideaux.<\/p>\n<ul>\n<li>\u00a0Peut \u00eatre command\u00e9 en tant que construction modulaire dans les variantes suivantes (store seul, store avec parois lat\u00e9rales, store avec parties lat\u00e9rales et paroi avant)<\/li>\n<li>Parois avant amovibles, rabattables et \u00e9changeables<\/li>\n<li>Fermetures \u00e0 glissi\u00e8re couvertes<\/li>\n<li>Options d\u2019entr\u00e9e variables<\/li>\n<li>Fonction panoramique possible gr\u00e2ce \u00e0 une simple transformation (moyennant suppl\u00e9ment)<\/li>\n<li>Une fen\u00eatre d\u2019a\u00e9ration dans chaque paroi frontale (option possible avec une gaze de ventilation \u00e0 partir de la taille 7)<\/li>\n<li>Film fen\u00eatres teint\u00e9<\/li>\n<li>En option avec toit en PVC<\/li>\n<li>Sangles d\u2019arrimage en triangle contre les temp\u00eates \u00e0 l\u2019ext\u00e9rieur, en dessous des fen\u00eatres<\/li>\n<li>Double jupe<\/li>\n<li>Possibilit\u00e9 de montage par fermeture \u00e9clair (possible des deux c\u00f4t\u00e9s)<\/li>\n<li>Coin Vario pour compenser les inclinaisons<\/li>\n<li>Prot\u00e8ge-roue et pare-vent (enjoliveur droit)<\/li>\n<li>Montage facile et rapide<\/li>\n<li>Disponible dans deux coloris Basic et Camouflage<\/li>\n<\/ul>\n<p>Mat\u00e9riau\u00a0:<br \/>100\u00a0% polyester avec rev\u00eatement en PVC<\/p>\n<p>\u00a0<\/p>\n","protected":false},"excerpt":{"rendered":"<p>Avec la paroi frontale Rolli Plus Modul, vous profitez d\u2019un auvent enti\u00e8rement ferm\u00e9, \u00e9l\u00e9ments de porte et de fen\u00eatre inclus. Vous restez ainsi largement autonome quelles que soient les conditions m\u00e9t\u00e9orologiques et b\u00e9n\u00e9ficiez d\u2019une grande flexibilit\u00e9. L\u2019auvent Rolli Plus peut \u00eatre compl\u00e9t\u00e9 par une solette, une protection solaire Screen ou Protect, un module annexe, un [&hellip;]<\/p>\n","protected":false},"featured_media":123264,"template":"","meta":{"_acf_changed":false},"product_featured_cat":[],"product_brand":[3042],"product_cat":[4219,4223],"product_tag":[],"class_list":{"0":"post-123284","1":"product","2":"type-product","3":"status-publish","4":"has-post-thumbnail","6":"product_brand-wigo","7":"product_cat-parois-avant","8":"product_cat-stores-et-auvents","10":"first","11":"instock","12":"taxable","13":"shipping-taxable","14":"purchasable","15":"product-type-variable"},"acf":[],"yoast_head":"<!-- This site is optimized with the Yoast SEO plugin v27.4 - https:\/\/yoast.com\/product\/yoast-seo-wordpress\/ -->\n<title>Fa\u00e7ade Rolli Plus MODUL - Camou, profondeur 250\/300 cm - Bantam Wankm\u00fcller SA<\/title>\n<meta name=\"robots\" content=\"index, follow, max-snippet:-1, max-image-preview:large, max-video-preview:-1\" \/>\n<link rel=\"canonical\" href=\"https:\/\/shop.bantam.ch\/fr\/produit\/facade-rolli-plus-modul-camou-profondeur-250-300-cm\/\" \/>\n<meta property=\"og:locale\" content=\"fr_FR\" \/>\n<meta property=\"og:type\" content=\"article\" \/>\n<meta property=\"og:title\" content=\"Fa\u00e7ade Rolli Plus MODUL - Camou, profondeur 250\/300 cm - Bantam Wankm\u00fcller SA\" \/>\n<meta property=\"og:description\" content=\"Avec la paroi frontale Rolli Plus Modul, vous profitez d\u2019un auvent enti\u00e8rement ferm\u00e9, \u00e9l\u00e9ments de porte et de fen\u00eatre inclus. Vous restez ainsi largement autonome quelles que soient les conditions m\u00e9t\u00e9orologiques et b\u00e9n\u00e9ficiez d\u2019une grande flexibilit\u00e9. L\u2019auvent Rolli Plus peut \u00eatre compl\u00e9t\u00e9 par une solette, une protection solaire Screen ou Protect, un module annexe, un [&hellip;]\" \/>\n<meta property=\"og:url\" content=\"https:\/\/shop.bantam.ch\/fr\/produit\/facade-rolli-plus-modul-camou-profondeur-250-300-cm\/\" \/>\n<meta property=\"og:site_name\" content=\"Bantam Wankm\u00fcller SA\" \/>\n<meta property=\"article:modified_time\" content=\"2026-04-18T21:40:48+00:00\" \/>\n<meta property=\"og:image\" content=\"https:\/\/shop.bantam.ch\/wp-content\/uploads\/2023\/03\/996146971-scaled.jpg\" \/>\n\t<meta property=\"og:image:width\" content=\"1024\" \/>\n\t<meta property=\"og:image:height\" content=\"750\" \/>\n\t<meta property=\"og:image:type\" content=\"image\/jpeg\" \/>\n<meta name=\"twitter:card\" content=\"summary_large_image\" \/>\n<meta name=\"twitter:label1\" content=\"Dur\u00e9e de lecture estim\u00e9e\" \/>\n\t<meta name=\"twitter:data1\" content=\"1 minute\" \/>\n<script type=\"application\/ld+json\" class=\"yoast-schema-graph\">{\"@context\":\"https:\\\/\\\/schema.org\",\"@graph\":[{\"@type\":\"WebPage\",\"@id\":\"https:\\\/\\\/shop.bantam.ch\\\/fr\\\/produit\\\/facade-rolli-plus-modul-camou-profondeur-250-300-cm\\\/\",\"url\":\"https:\\\/\\\/shop.bantam.ch\\\/fr\\\/produit\\\/facade-rolli-plus-modul-camou-profondeur-250-300-cm\\\/\",\"name\":\"Fa\u00e7ade Rolli Plus MODUL - Camou, profondeur 250\\\/300 cm - Bantam Wankm\u00fcller SA\",\"isPartOf\":{\"@id\":\"https:\\\/\\\/shop.bantam.ch\\\/fr\\\/#website\"},\"primaryImageOfPage\":{\"@id\":\"https:\\\/\\\/shop.bantam.ch\\\/fr\\\/produit\\\/facade-rolli-plus-modul-camou-profondeur-250-300-cm\\\/#primaryimage\"},\"image\":{\"@id\":\"https:\\\/\\\/shop.bantam.ch\\\/fr\\\/produit\\\/facade-rolli-plus-modul-camou-profondeur-250-300-cm\\\/#primaryimage\"},\"thumbnailUrl\":\"https:\\\/\\\/shop.bantam.ch\\\/wp-content\\\/uploads\\\/2023\\\/03\\\/996146971-scaled.jpg\",\"datePublished\":\"2023-02-28T23:14:50+00:00\",\"dateModified\":\"2026-04-18T21:40:48+00:00\",\"breadcrumb\":{\"@id\":\"https:\\\/\\\/shop.bantam.ch\\\/fr\\\/produit\\\/facade-rolli-plus-modul-camou-profondeur-250-300-cm\\\/#breadcrumb\"},\"inLanguage\":\"fr-FR\",\"potentialAction\":[{\"@type\":\"ReadAction\",\"target\":[\"https:\\\/\\\/shop.bantam.ch\\\/fr\\\/produit\\\/facade-rolli-plus-modul-camou-profondeur-250-300-cm\\\/\"]}]},{\"@type\":\"ImageObject\",\"inLanguage\":\"fr-FR\",\"@id\":\"https:\\\/\\\/shop.bantam.ch\\\/fr\\\/produit\\\/facade-rolli-plus-modul-camou-profondeur-250-300-cm\\\/#primaryimage\",\"url\":\"https:\\\/\\\/shop.bantam.ch\\\/wp-content\\\/uploads\\\/2023\\\/03\\\/996146971-scaled.jpg\",\"contentUrl\":\"https:\\\/\\\/shop.bantam.ch\\\/wp-content\\\/uploads\\\/2023\\\/03\\\/996146971-scaled.jpg\",\"width\":2048,\"height\":1500},{\"@type\":\"BreadcrumbList\",\"@id\":\"https:\\\/\\\/shop.bantam.ch\\\/fr\\\/produit\\\/facade-rolli-plus-modul-camou-profondeur-250-300-cm\\\/#breadcrumb\",\"itemListElement\":[{\"@type\":\"ListItem\",\"position\":1,\"name\":\"Accueil\",\"item\":\"https:\\\/\\\/shop.bantam.ch\\\/fr\\\/\"},{\"@type\":\"ListItem\",\"position\":2,\"name\":\"Boutique\",\"item\":\"https:\\\/\\\/shop.bantam.ch\\\/fr\\\/boutique\\\/\"},{\"@type\":\"ListItem\",\"position\":3,\"name\":\"Fa\u00e7ade Rolli Plus MODUL &#8211; Camou, profondeur 250\\\/300 cm\"}]},{\"@type\":\"WebSite\",\"@id\":\"https:\\\/\\\/shop.bantam.ch\\\/fr\\\/#website\",\"url\":\"https:\\\/\\\/shop.bantam.ch\\\/fr\\\/\",\"name\":\"Bantam Wankm\u00fcller SA\",\"description\":\"\",\"publisher\":{\"@id\":\"https:\\\/\\\/shop.bantam.ch\\\/fr\\\/#organization\"},\"inLanguage\":\"fr-FR\"},{\"@type\":\"Organization\",\"@id\":\"https:\\\/\\\/shop.bantam.ch\\\/fr\\\/#organization\",\"name\":\"Bantam Wankm\u00fcller SA\",\"url\":\"https:\\\/\\\/shop.bantam.ch\\\/fr\\\/\",\"logo\":{\"@type\":\"ImageObject\",\"inLanguage\":\"fr-FR\",\"@id\":\"https:\\\/\\\/shop.bantam.ch\\\/fr\\\/#\\\/schema\\\/logo\\\/image\\\/\",\"url\":\"https:\\\/\\\/shop.bantam.ch\\\/wp-content\\\/uploads\\\/2022\\\/12\\\/bantam-logo.png\",\"contentUrl\":\"https:\\\/\\\/shop.bantam.ch\\\/wp-content\\\/uploads\\\/2022\\\/12\\\/bantam-logo.png\",\"width\":320,\"height\":71,\"caption\":\"Bantam Wankm\u00fcller SA\"},\"image\":{\"@id\":\"https:\\\/\\\/shop.bantam.ch\\\/fr\\\/#\\\/schema\\\/logo\\\/image\\\/\"}}]}<\/script>\n<!-- \/ Yoast SEO plugin. -->","yoast_head_json":{"title":"Fa\u00e7ade Rolli Plus MODUL - Camou, profondeur 250\/300 cm - Bantam Wankm\u00fcller SA","robots":{"index":"index","follow":"follow","max-snippet":"max-snippet:-1","max-image-preview":"max-image-preview:large","max-video-preview":"max-video-preview:-1"},"canonical":"https:\/\/shop.bantam.ch\/fr\/produit\/facade-rolli-plus-modul-camou-profondeur-250-300-cm\/","og_locale":"fr_FR","og_type":"article","og_title":"Fa\u00e7ade Rolli Plus MODUL - Camou, profondeur 250\/300 cm - Bantam Wankm\u00fcller SA","og_description":"Avec la paroi frontale Rolli Plus Modul, vous profitez d\u2019un auvent enti\u00e8rement ferm\u00e9, \u00e9l\u00e9ments de porte et de fen\u00eatre inclus. Vous restez ainsi largement autonome quelles que soient les conditions m\u00e9t\u00e9orologiques et b\u00e9n\u00e9ficiez d\u2019une grande flexibilit\u00e9. L\u2019auvent Rolli Plus peut \u00eatre compl\u00e9t\u00e9 par une solette, une protection solaire Screen ou Protect, un module annexe, un [&hellip;]","og_url":"https:\/\/shop.bantam.ch\/fr\/produit\/facade-rolli-plus-modul-camou-profondeur-250-300-cm\/","og_site_name":"Bantam Wankm\u00fcller SA","article_modified_time":"2026-04-18T21:40:48+00:00","og_image":[{"url":"https:\/\/shop.bantam.ch\/wp-content\/uploads\/2023\/03\/996146971-scaled.jpg","width":1024,"height":750,"type":"image\/jpeg"}],"twitter_card":"summary_large_image","twitter_misc":{"Dur\u00e9e de lecture estim\u00e9e":"1 minute"},"schema":{"@context":"https:\/\/schema.org","@graph":[{"@type":"WebPage","@id":"https:\/\/shop.bantam.ch\/fr\/produit\/facade-rolli-plus-modul-camou-profondeur-250-300-cm\/","url":"https:\/\/shop.bantam.ch\/fr\/produit\/facade-rolli-plus-modul-camou-profondeur-250-300-cm\/","name":"Fa\u00e7ade Rolli Plus MODUL - Camou, profondeur 250\/300 cm - Bantam Wankm\u00fcller SA","isPartOf":{"@id":"https:\/\/shop.bantam.ch\/fr\/#website"},"primaryImageOfPage":{"@id":"https:\/\/shop.bantam.ch\/fr\/produit\/facade-rolli-plus-modul-camou-profondeur-250-300-cm\/#primaryimage"},"image":{"@id":"https:\/\/shop.bantam.ch\/fr\/produit\/facade-rolli-plus-modul-camou-profondeur-250-300-cm\/#primaryimage"},"thumbnailUrl":"https:\/\/shop.bantam.ch\/wp-content\/uploads\/2023\/03\/996146971-scaled.jpg","datePublished":"2023-02-28T23:14:50+00:00","dateModified":"2026-04-18T21:40:48+00:00","breadcrumb":{"@id":"https:\/\/shop.bantam.ch\/fr\/produit\/facade-rolli-plus-modul-camou-profondeur-250-300-cm\/#breadcrumb"},"inLanguage":"fr-FR","potentialAction":[{"@type":"ReadAction","target":["https:\/\/shop.bantam.ch\/fr\/produit\/facade-rolli-plus-modul-camou-profondeur-250-300-cm\/"]}]},{"@type":"ImageObject","inLanguage":"fr-FR","@id":"https:\/\/shop.bantam.ch\/fr\/produit\/facade-rolli-plus-modul-camou-profondeur-250-300-cm\/#primaryimage","url":"https:\/\/shop.bantam.ch\/wp-content\/uploads\/2023\/03\/996146971-scaled.jpg","contentUrl":"https:\/\/shop.bantam.ch\/wp-content\/uploads\/2023\/03\/996146971-scaled.jpg","width":2048,"height":1500},{"@type":"BreadcrumbList","@id":"https:\/\/shop.bantam.ch\/fr\/produit\/facade-rolli-plus-modul-camou-profondeur-250-300-cm\/#breadcrumb","itemListElement":[{"@type":"ListItem","position":1,"name":"Accueil","item":"https:\/\/shop.bantam.ch\/fr\/"},{"@type":"ListItem","position":2,"name":"Boutique","item":"https:\/\/shop.bantam.ch\/fr\/boutique\/"},{"@type":"ListItem","position":3,"name":"Fa\u00e7ade Rolli Plus MODUL &#8211; Camou, profondeur 250\/300 cm"}]},{"@type":"WebSite","@id":"https:\/\/shop.bantam.ch\/fr\/#website","url":"https:\/\/shop.bantam.ch\/fr\/","name":"Bantam Wankm\u00fcller SA","description":"","publisher":{"@id":"https:\/\/shop.bantam.ch\/fr\/#organization"},"inLanguage":"fr-FR"},{"@type":"Organization","@id":"https:\/\/shop.bantam.ch\/fr\/#organization","name":"Bantam Wankm\u00fcller SA","url":"https:\/\/shop.bantam.ch\/fr\/","logo":{"@type":"ImageObject","inLanguage":"fr-FR","@id":"https:\/\/shop.bantam.ch\/fr\/#\/schema\/logo\/image\/","url":"https:\/\/shop.bantam.ch\/wp-content\/uploads\/2022\/12\/bantam-logo.png","contentUrl":"https:\/\/shop.bantam.ch\/wp-content\/uploads\/2022\/12\/bantam-logo.png","width":320,"height":71,"caption":"Bantam Wankm\u00fcller SA"},"image":{"@id":"https:\/\/shop.bantam.ch\/fr\/#\/schema\/logo\/image\/"}}]}},"_links":{"self":[{"href":"https:\/\/shop.bantam.ch\/fr\/wp-json\/wp\/v2\/product\/123284","targetHints":{"allow":["GET"]}}],"collection":[{"href":"https:\/\/shop.bantam.ch\/fr\/wp-json\/wp\/v2\/product"}],"about":[{"href":"https:\/\/shop.bantam.ch\/fr\/wp-json\/wp\/v2\/types\/product"}],"wp:featuredmedia":[{"embeddable":true,"href":"https:\/\/shop.bantam.ch\/fr\/wp-json\/wp\/v2\/media\/123264"}],"wp:attachment":[{"href":"https:\/\/shop.bantam.ch\/fr\/wp-json\/wp\/v2\/media?parent=123284"}],"wp:term":[{"taxonomy":"product_featured_cat","embeddable":true,"href":"https:\/\/shop.bantam.ch\/fr\/wp-json\/wp\/v2\/product_featured_cat?post=123284"},{"taxonomy":"product_brand","embeddable":true,"href":"https:\/\/shop.bantam.ch\/fr\/wp-json\/wp\/v2\/product_brand?post=123284"},{"taxonomy":"product_cat","embeddable":true,"href":"https:\/\/shop.bantam.ch\/fr\/wp-json\/wp\/v2\/product_cat?post=123284"},{"taxonomy":"product_tag","embeddable":true,"href":"https:\/\/shop.bantam.ch\/fr\/wp-json\/wp\/v2\/product_tag?post=123284"}],"curies":[{"name":"wp","href":"https:\/\/api.w.org\/{rel}","templated":true}]}}