{"id":123258,"date":"2023-03-01T00:14:35","date_gmt":"2023-02-28T23:14:35","guid":{"rendered":"https:\/\/shop.bantam.ch\/produit\/paroi-laterale-rolli-plus-modul-basic-profondeur-250-cm\/"},"modified":"2026-04-18T21:51:16","modified_gmt":"2026-04-18T19:51:16","slug":"paroi-laterale-rolli-plus-modul-basic-profondeur-250-cm","status":"publish","type":"product","link":"https:\/\/shop.bantam.ch\/fr\/produit\/paroi-laterale-rolli-plus-modul-basic-profondeur-250-cm\/","title":{"rendered":"Paroi lat\u00e9rale WIGO Rolli Plus MODUL &#8211; Base Profondeur 300\u00a0cm"},"content":{"rendered":"<p>Avec les parois lat\u00e9rales Rolli Plus Modul, vous b\u00e9n\u00e9ficiez d\u2019une protection contre les regards indiscrets tout en profitant de la vue comme si vous \u00e9tiez sur une vraie terrasse.<\/p>\n<ul>\n<li>Parois lat\u00e9rales amovibles; rabattables et \u00e9changeables<\/li>\n<li>Fermetures \u00e0 glissi\u00e8re couvertes<\/li>\n<li>Fen\u00eatre d\u2019a\u00e9ration Air-Vent sur chaque paroi lat\u00e9rale<\/li>\n<li>Film fen\u00eatres teint\u00e9<\/li>\n<li>Sangles d\u2019arrimage en triangle contre les temp\u00eates \u00e0 l\u2019ext\u00e9rieur, en dessous des fen\u00eatres<\/li>\n<li>Double jupe<\/li>\n<li>Possibilit\u00e9 de montage par fermeture \u00e9clair (possible des deux c\u00f4t\u00e9s)<\/li>\n<li>Coin Vario pour compenser les inclinaisons<\/li>\n<li>Disponible dans deux coloris Basic et Camouflage<\/li>\n<\/ul>\n<p>Mat\u00e9riau\u00a0:<br \/>100 % polyester<\/p>\n<p>\u00a0<\/p>\n","protected":false},"excerpt":{"rendered":"<p>Avec les parois lat\u00e9rales Rolli Plus Modul, vous b\u00e9n\u00e9ficiez d\u2019une protection contre les regards indiscrets tout en profitant de la vue comme si vous \u00e9tiez sur une vraie terrasse. Parois lat\u00e9rales amovibles; rabattables et \u00e9changeables Fermetures \u00e0 glissi\u00e8re couvertes Fen\u00eatre d\u2019a\u00e9ration Air-Vent sur chaque paroi lat\u00e9rale Film fen\u00eatres teint\u00e9 Sangles d\u2019arrimage en triangle contre les [&hellip;]<\/p>\n","protected":false},"featured_media":123256,"template":"","meta":{"_acf_changed":false},"product_featured_cat":[],"product_brand":[3042],"product_cat":[4221,4223],"product_tag":[],"class_list":{"0":"post-123258","1":"product","2":"type-product","3":"status-publish","4":"has-post-thumbnail","6":"product_brand-wigo","7":"product_cat-parois-laterales","8":"product_cat-stores-et-auvents","10":"first","11":"instock","12":"taxable","13":"shipping-taxable","14":"purchasable","15":"product-type-simple"},"acf":[],"yoast_head":"<!-- This site is optimized with the Yoast SEO plugin v27.4 - https:\/\/yoast.com\/product\/yoast-seo-wordpress\/ -->\n<title>Paroi lat\u00e9rale WIGO Rolli Plus MODUL - Base Profondeur 300\u00a0cm - Bantam Wankm\u00fcller SA<\/title>\n<meta name=\"robots\" content=\"index, follow, max-snippet:-1, max-image-preview:large, max-video-preview:-1\" \/>\n<link rel=\"canonical\" href=\"https:\/\/shop.bantam.ch\/fr\/produit\/paroi-laterale-rolli-plus-modul-basic-profondeur-250-cm\/\" \/>\n<meta property=\"og:locale\" content=\"fr_FR\" \/>\n<meta property=\"og:type\" content=\"article\" \/>\n<meta property=\"og:title\" content=\"Paroi lat\u00e9rale WIGO Rolli Plus MODUL - Base Profondeur 300\u00a0cm - Bantam Wankm\u00fcller SA\" \/>\n<meta property=\"og:description\" content=\"Avec les parois lat\u00e9rales Rolli Plus Modul, vous b\u00e9n\u00e9ficiez d\u2019une protection contre les regards indiscrets tout en profitant de la vue comme si vous \u00e9tiez sur une vraie terrasse. Parois lat\u00e9rales amovibles; rabattables et \u00e9changeables Fermetures \u00e0 glissi\u00e8re couvertes Fen\u00eatre d\u2019a\u00e9ration Air-Vent sur chaque paroi lat\u00e9rale Film fen\u00eatres teint\u00e9 Sangles d\u2019arrimage en triangle contre les [&hellip;]\" \/>\n<meta property=\"og:url\" content=\"https:\/\/shop.bantam.ch\/fr\/produit\/paroi-laterale-rolli-plus-modul-basic-profondeur-250-cm\/\" \/>\n<meta property=\"og:site_name\" content=\"Bantam Wankm\u00fcller SA\" \/>\n<meta property=\"article:modified_time\" content=\"2026-04-18T19:51:16+00:00\" \/>\n<meta property=\"og:image\" content=\"https:\/\/shop.bantam.ch\/wp-content\/uploads\/2023\/03\/996145571-22-scaled.jpg\" \/>\n\t<meta property=\"og:image:width\" content=\"1024\" \/>\n\t<meta property=\"og:image:height\" content=\"750\" \/>\n\t<meta property=\"og:image:type\" content=\"image\/jpeg\" \/>\n<meta name=\"twitter:card\" content=\"summary_large_image\" \/>\n<meta name=\"twitter:label1\" content=\"Dur\u00e9e de lecture estim\u00e9e\" \/>\n\t<meta name=\"twitter:data1\" content=\"1 minute\" \/>\n<script type=\"application\/ld+json\" class=\"yoast-schema-graph\">{\"@context\":\"https:\\\/\\\/schema.org\",\"@graph\":[{\"@type\":\"WebPage\",\"@id\":\"https:\\\/\\\/shop.bantam.ch\\\/fr\\\/produit\\\/paroi-laterale-rolli-plus-modul-basic-profondeur-250-cm\\\/\",\"url\":\"https:\\\/\\\/shop.bantam.ch\\\/fr\\\/produit\\\/paroi-laterale-rolli-plus-modul-basic-profondeur-250-cm\\\/\",\"name\":\"Paroi lat\u00e9rale WIGO Rolli Plus MODUL - Base Profondeur 300\u00a0cm - Bantam Wankm\u00fcller SA\",\"isPartOf\":{\"@id\":\"https:\\\/\\\/shop.bantam.ch\\\/fr\\\/#website\"},\"primaryImageOfPage\":{\"@id\":\"https:\\\/\\\/shop.bantam.ch\\\/fr\\\/produit\\\/paroi-laterale-rolli-plus-modul-basic-profondeur-250-cm\\\/#primaryimage\"},\"image\":{\"@id\":\"https:\\\/\\\/shop.bantam.ch\\\/fr\\\/produit\\\/paroi-laterale-rolli-plus-modul-basic-profondeur-250-cm\\\/#primaryimage\"},\"thumbnailUrl\":\"https:\\\/\\\/shop.bantam.ch\\\/wp-content\\\/uploads\\\/2023\\\/03\\\/996145571-22-scaled.jpg\",\"datePublished\":\"2023-02-28T23:14:35+00:00\",\"dateModified\":\"2026-04-18T19:51:16+00:00\",\"breadcrumb\":{\"@id\":\"https:\\\/\\\/shop.bantam.ch\\\/fr\\\/produit\\\/paroi-laterale-rolli-plus-modul-basic-profondeur-250-cm\\\/#breadcrumb\"},\"inLanguage\":\"fr-FR\",\"potentialAction\":[{\"@type\":\"ReadAction\",\"target\":[\"https:\\\/\\\/shop.bantam.ch\\\/fr\\\/produit\\\/paroi-laterale-rolli-plus-modul-basic-profondeur-250-cm\\\/\"]}]},{\"@type\":\"ImageObject\",\"inLanguage\":\"fr-FR\",\"@id\":\"https:\\\/\\\/shop.bantam.ch\\\/fr\\\/produit\\\/paroi-laterale-rolli-plus-modul-basic-profondeur-250-cm\\\/#primaryimage\",\"url\":\"https:\\\/\\\/shop.bantam.ch\\\/wp-content\\\/uploads\\\/2023\\\/03\\\/996145571-22-scaled.jpg\",\"contentUrl\":\"https:\\\/\\\/shop.bantam.ch\\\/wp-content\\\/uploads\\\/2023\\\/03\\\/996145571-22-scaled.jpg\",\"width\":2048,\"height\":1500},{\"@type\":\"BreadcrumbList\",\"@id\":\"https:\\\/\\\/shop.bantam.ch\\\/fr\\\/produit\\\/paroi-laterale-rolli-plus-modul-basic-profondeur-250-cm\\\/#breadcrumb\",\"itemListElement\":[{\"@type\":\"ListItem\",\"position\":1,\"name\":\"Accueil\",\"item\":\"https:\\\/\\\/shop.bantam.ch\\\/fr\\\/\"},{\"@type\":\"ListItem\",\"position\":2,\"name\":\"Boutique\",\"item\":\"https:\\\/\\\/shop.bantam.ch\\\/fr\\\/boutique\\\/\"},{\"@type\":\"ListItem\",\"position\":3,\"name\":\"Paroi lat\u00e9rale WIGO Rolli Plus MODUL &#8211; Base Profondeur 300\u00a0cm\"}]},{\"@type\":\"WebSite\",\"@id\":\"https:\\\/\\\/shop.bantam.ch\\\/fr\\\/#website\",\"url\":\"https:\\\/\\\/shop.bantam.ch\\\/fr\\\/\",\"name\":\"Bantam Wankm\u00fcller SA\",\"description\":\"\",\"publisher\":{\"@id\":\"https:\\\/\\\/shop.bantam.ch\\\/fr\\\/#organization\"},\"inLanguage\":\"fr-FR\"},{\"@type\":\"Organization\",\"@id\":\"https:\\\/\\\/shop.bantam.ch\\\/fr\\\/#organization\",\"name\":\"Bantam Wankm\u00fcller SA\",\"url\":\"https:\\\/\\\/shop.bantam.ch\\\/fr\\\/\",\"logo\":{\"@type\":\"ImageObject\",\"inLanguage\":\"fr-FR\",\"@id\":\"https:\\\/\\\/shop.bantam.ch\\\/fr\\\/#\\\/schema\\\/logo\\\/image\\\/\",\"url\":\"https:\\\/\\\/shop.bantam.ch\\\/wp-content\\\/uploads\\\/2022\\\/12\\\/bantam-logo.png\",\"contentUrl\":\"https:\\\/\\\/shop.bantam.ch\\\/wp-content\\\/uploads\\\/2022\\\/12\\\/bantam-logo.png\",\"width\":320,\"height\":71,\"caption\":\"Bantam Wankm\u00fcller SA\"},\"image\":{\"@id\":\"https:\\\/\\\/shop.bantam.ch\\\/fr\\\/#\\\/schema\\\/logo\\\/image\\\/\"}}]}<\/script>\n<!-- \/ Yoast SEO plugin. -->","yoast_head_json":{"title":"Paroi lat\u00e9rale WIGO Rolli Plus MODUL - Base Profondeur 300\u00a0cm - Bantam Wankm\u00fcller SA","robots":{"index":"index","follow":"follow","max-snippet":"max-snippet:-1","max-image-preview":"max-image-preview:large","max-video-preview":"max-video-preview:-1"},"canonical":"https:\/\/shop.bantam.ch\/fr\/produit\/paroi-laterale-rolli-plus-modul-basic-profondeur-250-cm\/","og_locale":"fr_FR","og_type":"article","og_title":"Paroi lat\u00e9rale WIGO Rolli Plus MODUL - Base Profondeur 300\u00a0cm - Bantam Wankm\u00fcller SA","og_description":"Avec les parois lat\u00e9rales Rolli Plus Modul, vous b\u00e9n\u00e9ficiez d\u2019une protection contre les regards indiscrets tout en profitant de la vue comme si vous \u00e9tiez sur une vraie terrasse. Parois lat\u00e9rales amovibles; rabattables et \u00e9changeables Fermetures \u00e0 glissi\u00e8re couvertes Fen\u00eatre d\u2019a\u00e9ration Air-Vent sur chaque paroi lat\u00e9rale Film fen\u00eatres teint\u00e9 Sangles d\u2019arrimage en triangle contre les [&hellip;]","og_url":"https:\/\/shop.bantam.ch\/fr\/produit\/paroi-laterale-rolli-plus-modul-basic-profondeur-250-cm\/","og_site_name":"Bantam Wankm\u00fcller SA","article_modified_time":"2026-04-18T19:51:16+00:00","og_image":[{"url":"https:\/\/shop.bantam.ch\/wp-content\/uploads\/2023\/03\/996145571-22-scaled.jpg","width":1024,"height":750,"type":"image\/jpeg"}],"twitter_card":"summary_large_image","twitter_misc":{"Dur\u00e9e de lecture estim\u00e9e":"1 minute"},"schema":{"@context":"https:\/\/schema.org","@graph":[{"@type":"WebPage","@id":"https:\/\/shop.bantam.ch\/fr\/produit\/paroi-laterale-rolli-plus-modul-basic-profondeur-250-cm\/","url":"https:\/\/shop.bantam.ch\/fr\/produit\/paroi-laterale-rolli-plus-modul-basic-profondeur-250-cm\/","name":"Paroi lat\u00e9rale WIGO Rolli Plus MODUL - Base Profondeur 300\u00a0cm - Bantam Wankm\u00fcller SA","isPartOf":{"@id":"https:\/\/shop.bantam.ch\/fr\/#website"},"primaryImageOfPage":{"@id":"https:\/\/shop.bantam.ch\/fr\/produit\/paroi-laterale-rolli-plus-modul-basic-profondeur-250-cm\/#primaryimage"},"image":{"@id":"https:\/\/shop.bantam.ch\/fr\/produit\/paroi-laterale-rolli-plus-modul-basic-profondeur-250-cm\/#primaryimage"},"thumbnailUrl":"https:\/\/shop.bantam.ch\/wp-content\/uploads\/2023\/03\/996145571-22-scaled.jpg","datePublished":"2023-02-28T23:14:35+00:00","dateModified":"2026-04-18T19:51:16+00:00","breadcrumb":{"@id":"https:\/\/shop.bantam.ch\/fr\/produit\/paroi-laterale-rolli-plus-modul-basic-profondeur-250-cm\/#breadcrumb"},"inLanguage":"fr-FR","potentialAction":[{"@type":"ReadAction","target":["https:\/\/shop.bantam.ch\/fr\/produit\/paroi-laterale-rolli-plus-modul-basic-profondeur-250-cm\/"]}]},{"@type":"ImageObject","inLanguage":"fr-FR","@id":"https:\/\/shop.bantam.ch\/fr\/produit\/paroi-laterale-rolli-plus-modul-basic-profondeur-250-cm\/#primaryimage","url":"https:\/\/shop.bantam.ch\/wp-content\/uploads\/2023\/03\/996145571-22-scaled.jpg","contentUrl":"https:\/\/shop.bantam.ch\/wp-content\/uploads\/2023\/03\/996145571-22-scaled.jpg","width":2048,"height":1500},{"@type":"BreadcrumbList","@id":"https:\/\/shop.bantam.ch\/fr\/produit\/paroi-laterale-rolli-plus-modul-basic-profondeur-250-cm\/#breadcrumb","itemListElement":[{"@type":"ListItem","position":1,"name":"Accueil","item":"https:\/\/shop.bantam.ch\/fr\/"},{"@type":"ListItem","position":2,"name":"Boutique","item":"https:\/\/shop.bantam.ch\/fr\/boutique\/"},{"@type":"ListItem","position":3,"name":"Paroi lat\u00e9rale WIGO Rolli Plus MODUL &#8211; Base Profondeur 300\u00a0cm"}]},{"@type":"WebSite","@id":"https:\/\/shop.bantam.ch\/fr\/#website","url":"https:\/\/shop.bantam.ch\/fr\/","name":"Bantam Wankm\u00fcller SA","description":"","publisher":{"@id":"https:\/\/shop.bantam.ch\/fr\/#organization"},"inLanguage":"fr-FR"},{"@type":"Organization","@id":"https:\/\/shop.bantam.ch\/fr\/#organization","name":"Bantam Wankm\u00fcller SA","url":"https:\/\/shop.bantam.ch\/fr\/","logo":{"@type":"ImageObject","inLanguage":"fr-FR","@id":"https:\/\/shop.bantam.ch\/fr\/#\/schema\/logo\/image\/","url":"https:\/\/shop.bantam.ch\/wp-content\/uploads\/2022\/12\/bantam-logo.png","contentUrl":"https:\/\/shop.bantam.ch\/wp-content\/uploads\/2022\/12\/bantam-logo.png","width":320,"height":71,"caption":"Bantam Wankm\u00fcller SA"},"image":{"@id":"https:\/\/shop.bantam.ch\/fr\/#\/schema\/logo\/image\/"}}]}},"_links":{"self":[{"href":"https:\/\/shop.bantam.ch\/fr\/wp-json\/wp\/v2\/product\/123258","targetHints":{"allow":["GET"]}}],"collection":[{"href":"https:\/\/shop.bantam.ch\/fr\/wp-json\/wp\/v2\/product"}],"about":[{"href":"https:\/\/shop.bantam.ch\/fr\/wp-json\/wp\/v2\/types\/product"}],"wp:featuredmedia":[{"embeddable":true,"href":"https:\/\/shop.bantam.ch\/fr\/wp-json\/wp\/v2\/media\/123256"}],"wp:attachment":[{"href":"https:\/\/shop.bantam.ch\/fr\/wp-json\/wp\/v2\/media?parent=123258"}],"wp:term":[{"taxonomy":"product_featured_cat","embeddable":true,"href":"https:\/\/shop.bantam.ch\/fr\/wp-json\/wp\/v2\/product_featured_cat?post=123258"},{"taxonomy":"product_brand","embeddable":true,"href":"https:\/\/shop.bantam.ch\/fr\/wp-json\/wp\/v2\/product_brand?post=123258"},{"taxonomy":"product_cat","embeddable":true,"href":"https:\/\/shop.bantam.ch\/fr\/wp-json\/wp\/v2\/product_cat?post=123258"},{"taxonomy":"product_tag","embeddable":true,"href":"https:\/\/shop.bantam.ch\/fr\/wp-json\/wp\/v2\/product_tag?post=123258"}],"curies":[{"name":"wp","href":"https:\/\/api.w.org\/{rel}","templated":true}]}}