{"id":123176,"date":"2023-03-01T00:12:56","date_gmt":"2023-02-28T23:12:56","guid":{"rendered":"https:\/\/shop.bantam.ch\/produit\/multi-outils-st300\/"},"modified":"2026-05-11T21:48:46","modified_gmt":"2026-05-11T19:48:46","slug":"multi-outils-st300","status":"publish","type":"product","link":"https:\/\/shop.bantam.ch\/fr\/produit\/multi-outils-st300\/","title":{"rendered":"Multitool LEATHERMAN ST300 couleur acier"},"content":{"rendered":"<p>Couper des fils et des c\u00e2bles, serrer des vis, limer des mat\u00e9riaux, rectifier des mat\u00e9riaux \u00e0 la lime, effectuer de petits travaux de sciage et bien plus encore &#8211; notre SUPER TOOL 300 ne recule devant aucune t\u00e2che.<\/p>\n<p>OUTILS <\/p>\n<ul>\n<li>Pince pointue<\/li>\n<li>Pince normale<\/li>\n<li>Coupe-fil torsad\u00e9<\/li>\n<li>Pince \u00e0 sertir<\/li>\n<li>Couteau 420HC<\/li>\n<li>Couteau dentel\u00e9 420HC<\/li>\n<li>Lime \u00e0 stries crois\u00e9es<\/li>\n<li>Scie<\/li>\n<li>Coupe-fil interchangeable de 154 cm<\/li>\n<li>Coupe-fil dur interchangeable de 154 cm<\/li>\n<li>Tournevis 5\/16\u2033 (8\u00a0mm)<\/li>\n<li>Tournevis 7\/32\u2033 (5,5\u00a0mm)<\/li>\n<li>Tournevis 1\/8\u2033 (3,2\u00a0mm)<\/li>\n<li>Tournevis cruciforme<\/li>\n<li>Al\u00e8ne avec \u0153illet<\/li>\n<li>R\u00e8gle (9 pouces\/22 cm)<\/li>\n<li>D\u00e9capsuleur<\/li>\n<li>Ouvre-bo\u00eete<\/li>\n<li>D\u00e9nudeur de fil<\/li>\n<li>Holster avec syst\u00e8me Molle L, noir<\/li>\n<\/ul>\n<p>\u00a0\u00c9QUIPEMENT\u00a0<\/p>\n<ul>\n<li>Corps en acier inoxydable<\/li>\n<li>\u0152illet de fixation<\/li>\n<li>Avec \u00e9tui Premium (outil argent\u00e9)<\/li>\n<\/ul>\n<p>\u00a0<\/p>\n<p>DIMENSIONS<\/p>\n<ul>\n<li>Longueur repli\u00e9e : 11,5 cm<\/li>\n<li>Longueur de lame : 8,13 cm<\/li>\n<li>Poids : 272 g<\/li>\n<\/ul>\n","protected":false},"excerpt":{"rendered":"<p>Couper des fils et des c\u00e2bles, serrer des vis, limer des mat\u00e9riaux, rectifier des mat\u00e9riaux \u00e0 la lime, effectuer de petits travaux de sciage et bien plus encore &#8211; notre SUPER TOOL 300 ne recule devant aucune t\u00e2che. OUTILS Pince pointue Pince normale Coupe-fil torsad\u00e9 Pince \u00e0 sertir Couteau 420HC Couteau dentel\u00e9 420HC Lime \u00e0 [&hellip;]<\/p>\n","protected":false},"featured_media":123170,"template":"","meta":{"_acf_changed":false},"product_featured_cat":[],"product_brand":[3438],"product_cat":[4415],"product_tag":[],"class_list":{"0":"post-123176","1":"product","2":"type-product","3":"status-publish","4":"has-post-thumbnail","6":"product_brand-leatherman","7":"product_cat-outils-multiples","9":"first","10":"instock","11":"taxable","12":"shipping-taxable","13":"purchasable","14":"product-type-simple"},"acf":[],"yoast_head":"<!-- This site is optimized with the Yoast SEO plugin v27.5 - https:\/\/yoast.com\/product\/yoast-seo-wordpress\/ -->\n<title>Multitool LEATHERMAN ST300 couleur acier - Bantam<\/title>\n<meta name=\"robots\" content=\"index, follow, max-snippet:-1, max-image-preview:large, max-video-preview:-1\" \/>\n<link rel=\"canonical\" href=\"https:\/\/shop.bantam.ch\/fr\/produit\/multi-outils-st300\/\" \/>\n<meta property=\"og:locale\" content=\"fr_FR\" \/>\n<meta property=\"og:type\" content=\"article\" \/>\n<meta property=\"og:title\" content=\"Multitool LEATHERMAN ST300 couleur acier - Bantam\" \/>\n<meta property=\"og:description\" content=\"Couper des fils et des c\u00e2bles, serrer des vis, limer des mat\u00e9riaux, rectifier des mat\u00e9riaux \u00e0 la lime, effectuer de petits travaux de sciage et bien plus encore &#8211; notre SUPER TOOL 300 ne recule devant aucune t\u00e2che. OUTILS Pince pointue Pince normale Coupe-fil torsad\u00e9 Pince \u00e0 sertir Couteau 420HC Couteau dentel\u00e9 420HC Lime \u00e0 [&hellip;]\" \/>\n<meta property=\"og:url\" content=\"https:\/\/shop.bantam.ch\/fr\/produit\/multi-outils-st300\/\" \/>\n<meta property=\"og:site_name\" content=\"Bantam\" \/>\n<meta property=\"article:modified_time\" content=\"2026-05-11T19:48:46+00:00\" \/>\n<meta property=\"og:image\" content=\"https:\/\/shop.bantam.ch\/wp-content\/uploads\/2023\/03\/996145211.png\" \/>\n\t<meta property=\"og:image:width\" content=\"576\" \/>\n\t<meta property=\"og:image:height\" content=\"768\" \/>\n\t<meta property=\"og:image:type\" content=\"image\/png\" \/>\n<meta name=\"twitter:card\" content=\"summary_large_image\" \/>\n<meta name=\"twitter:label1\" content=\"Dur\u00e9e de lecture estim\u00e9e\" \/>\n\t<meta name=\"twitter:data1\" content=\"1 minute\" \/>\n<script type=\"application\/ld+json\" class=\"yoast-schema-graph\">{\"@context\":\"https:\\\/\\\/schema.org\",\"@graph\":[{\"@type\":\"WebPage\",\"@id\":\"https:\\\/\\\/shop.bantam.ch\\\/fr\\\/produit\\\/multi-outils-st300\\\/\",\"url\":\"https:\\\/\\\/shop.bantam.ch\\\/fr\\\/produit\\\/multi-outils-st300\\\/\",\"name\":\"Multitool LEATHERMAN ST300 couleur acier - Bantam\",\"isPartOf\":{\"@id\":\"https:\\\/\\\/shop.bantam.ch\\\/fr\\\/#website\"},\"primaryImageOfPage\":{\"@id\":\"https:\\\/\\\/shop.bantam.ch\\\/fr\\\/produit\\\/multi-outils-st300\\\/#primaryimage\"},\"image\":{\"@id\":\"https:\\\/\\\/shop.bantam.ch\\\/fr\\\/produit\\\/multi-outils-st300\\\/#primaryimage\"},\"thumbnailUrl\":\"https:\\\/\\\/shop.bantam.ch\\\/wp-content\\\/uploads\\\/2023\\\/03\\\/996145211.png\",\"datePublished\":\"2023-02-28T23:12:56+00:00\",\"dateModified\":\"2026-05-11T19:48:46+00:00\",\"breadcrumb\":{\"@id\":\"https:\\\/\\\/shop.bantam.ch\\\/fr\\\/produit\\\/multi-outils-st300\\\/#breadcrumb\"},\"inLanguage\":\"fr-FR\",\"potentialAction\":[{\"@type\":\"ReadAction\",\"target\":[\"https:\\\/\\\/shop.bantam.ch\\\/fr\\\/produit\\\/multi-outils-st300\\\/\"]}]},{\"@type\":\"ImageObject\",\"inLanguage\":\"fr-FR\",\"@id\":\"https:\\\/\\\/shop.bantam.ch\\\/fr\\\/produit\\\/multi-outils-st300\\\/#primaryimage\",\"url\":\"https:\\\/\\\/shop.bantam.ch\\\/wp-content\\\/uploads\\\/2023\\\/03\\\/996145211.png\",\"contentUrl\":\"https:\\\/\\\/shop.bantam.ch\\\/wp-content\\\/uploads\\\/2023\\\/03\\\/996145211.png\",\"width\":576,\"height\":768},{\"@type\":\"BreadcrumbList\",\"@id\":\"https:\\\/\\\/shop.bantam.ch\\\/fr\\\/produit\\\/multi-outils-st300\\\/#breadcrumb\",\"itemListElement\":[{\"@type\":\"ListItem\",\"position\":1,\"name\":\"Accueil\",\"item\":\"https:\\\/\\\/shop.bantam.ch\\\/fr\\\/\"},{\"@type\":\"ListItem\",\"position\":2,\"name\":\"Boutique\",\"item\":\"https:\\\/\\\/shop.bantam.ch\\\/fr\\\/boutique\\\/\"},{\"@type\":\"ListItem\",\"position\":3,\"name\":\"Multitool LEATHERMAN ST300 couleur acier\"}]},{\"@type\":\"WebSite\",\"@id\":\"https:\\\/\\\/shop.bantam.ch\\\/fr\\\/#website\",\"url\":\"https:\\\/\\\/shop.bantam.ch\\\/fr\\\/\",\"name\":\"Bantam\",\"description\":\"\",\"publisher\":{\"@id\":\"https:\\\/\\\/shop.bantam.ch\\\/fr\\\/#organization\"},\"inLanguage\":\"fr-FR\"},{\"@type\":\"Organization\",\"@id\":\"https:\\\/\\\/shop.bantam.ch\\\/fr\\\/#organization\",\"name\":\"Bantam\",\"url\":\"https:\\\/\\\/shop.bantam.ch\\\/fr\\\/\",\"logo\":{\"@type\":\"ImageObject\",\"inLanguage\":\"fr-FR\",\"@id\":\"https:\\\/\\\/shop.bantam.ch\\\/fr\\\/#\\\/schema\\\/logo\\\/image\\\/\",\"url\":\"https:\\\/\\\/shop.bantam.ch\\\/wp-content\\\/uploads\\\/2022\\\/12\\\/bantam-logo.png\",\"contentUrl\":\"https:\\\/\\\/shop.bantam.ch\\\/wp-content\\\/uploads\\\/2022\\\/12\\\/bantam-logo.png\",\"width\":320,\"height\":71,\"caption\":\"Bantam\"},\"image\":{\"@id\":\"https:\\\/\\\/shop.bantam.ch\\\/fr\\\/#\\\/schema\\\/logo\\\/image\\\/\"}}]}<\/script>\n<!-- \/ Yoast SEO plugin. -->","yoast_head_json":{"title":"Multitool LEATHERMAN ST300 couleur acier - Bantam","robots":{"index":"index","follow":"follow","max-snippet":"max-snippet:-1","max-image-preview":"max-image-preview:large","max-video-preview":"max-video-preview:-1"},"canonical":"https:\/\/shop.bantam.ch\/fr\/produit\/multi-outils-st300\/","og_locale":"fr_FR","og_type":"article","og_title":"Multitool LEATHERMAN ST300 couleur acier - Bantam","og_description":"Couper des fils et des c\u00e2bles, serrer des vis, limer des mat\u00e9riaux, rectifier des mat\u00e9riaux \u00e0 la lime, effectuer de petits travaux de sciage et bien plus encore &#8211; notre SUPER TOOL 300 ne recule devant aucune t\u00e2che. OUTILS Pince pointue Pince normale Coupe-fil torsad\u00e9 Pince \u00e0 sertir Couteau 420HC Couteau dentel\u00e9 420HC Lime \u00e0 [&hellip;]","og_url":"https:\/\/shop.bantam.ch\/fr\/produit\/multi-outils-st300\/","og_site_name":"Bantam","article_modified_time":"2026-05-11T19:48:46+00:00","og_image":[{"width":576,"height":768,"url":"https:\/\/shop.bantam.ch\/wp-content\/uploads\/2023\/03\/996145211.png","type":"image\/png"}],"twitter_card":"summary_large_image","twitter_misc":{"Dur\u00e9e de lecture estim\u00e9e":"1 minute"},"schema":{"@context":"https:\/\/schema.org","@graph":[{"@type":"WebPage","@id":"https:\/\/shop.bantam.ch\/fr\/produit\/multi-outils-st300\/","url":"https:\/\/shop.bantam.ch\/fr\/produit\/multi-outils-st300\/","name":"Multitool LEATHERMAN ST300 couleur acier - Bantam","isPartOf":{"@id":"https:\/\/shop.bantam.ch\/fr\/#website"},"primaryImageOfPage":{"@id":"https:\/\/shop.bantam.ch\/fr\/produit\/multi-outils-st300\/#primaryimage"},"image":{"@id":"https:\/\/shop.bantam.ch\/fr\/produit\/multi-outils-st300\/#primaryimage"},"thumbnailUrl":"https:\/\/shop.bantam.ch\/wp-content\/uploads\/2023\/03\/996145211.png","datePublished":"2023-02-28T23:12:56+00:00","dateModified":"2026-05-11T19:48:46+00:00","breadcrumb":{"@id":"https:\/\/shop.bantam.ch\/fr\/produit\/multi-outils-st300\/#breadcrumb"},"inLanguage":"fr-FR","potentialAction":[{"@type":"ReadAction","target":["https:\/\/shop.bantam.ch\/fr\/produit\/multi-outils-st300\/"]}]},{"@type":"ImageObject","inLanguage":"fr-FR","@id":"https:\/\/shop.bantam.ch\/fr\/produit\/multi-outils-st300\/#primaryimage","url":"https:\/\/shop.bantam.ch\/wp-content\/uploads\/2023\/03\/996145211.png","contentUrl":"https:\/\/shop.bantam.ch\/wp-content\/uploads\/2023\/03\/996145211.png","width":576,"height":768},{"@type":"BreadcrumbList","@id":"https:\/\/shop.bantam.ch\/fr\/produit\/multi-outils-st300\/#breadcrumb","itemListElement":[{"@type":"ListItem","position":1,"name":"Accueil","item":"https:\/\/shop.bantam.ch\/fr\/"},{"@type":"ListItem","position":2,"name":"Boutique","item":"https:\/\/shop.bantam.ch\/fr\/boutique\/"},{"@type":"ListItem","position":3,"name":"Multitool LEATHERMAN ST300 couleur acier"}]},{"@type":"WebSite","@id":"https:\/\/shop.bantam.ch\/fr\/#website","url":"https:\/\/shop.bantam.ch\/fr\/","name":"Bantam","description":"","publisher":{"@id":"https:\/\/shop.bantam.ch\/fr\/#organization"},"inLanguage":"fr-FR"},{"@type":"Organization","@id":"https:\/\/shop.bantam.ch\/fr\/#organization","name":"Bantam","url":"https:\/\/shop.bantam.ch\/fr\/","logo":{"@type":"ImageObject","inLanguage":"fr-FR","@id":"https:\/\/shop.bantam.ch\/fr\/#\/schema\/logo\/image\/","url":"https:\/\/shop.bantam.ch\/wp-content\/uploads\/2022\/12\/bantam-logo.png","contentUrl":"https:\/\/shop.bantam.ch\/wp-content\/uploads\/2022\/12\/bantam-logo.png","width":320,"height":71,"caption":"Bantam"},"image":{"@id":"https:\/\/shop.bantam.ch\/fr\/#\/schema\/logo\/image\/"}}]}},"_links":{"self":[{"href":"https:\/\/shop.bantam.ch\/fr\/wp-json\/wp\/v2\/product\/123176","targetHints":{"allow":["GET"]}}],"collection":[{"href":"https:\/\/shop.bantam.ch\/fr\/wp-json\/wp\/v2\/product"}],"about":[{"href":"https:\/\/shop.bantam.ch\/fr\/wp-json\/wp\/v2\/types\/product"}],"wp:featuredmedia":[{"embeddable":true,"href":"https:\/\/shop.bantam.ch\/fr\/wp-json\/wp\/v2\/media\/123170"}],"wp:attachment":[{"href":"https:\/\/shop.bantam.ch\/fr\/wp-json\/wp\/v2\/media?parent=123176"}],"wp:term":[{"taxonomy":"product_featured_cat","embeddable":true,"href":"https:\/\/shop.bantam.ch\/fr\/wp-json\/wp\/v2\/product_featured_cat?post=123176"},{"taxonomy":"product_brand","embeddable":true,"href":"https:\/\/shop.bantam.ch\/fr\/wp-json\/wp\/v2\/product_brand?post=123176"},{"taxonomy":"product_cat","embeddable":true,"href":"https:\/\/shop.bantam.ch\/fr\/wp-json\/wp\/v2\/product_cat?post=123176"},{"taxonomy":"product_tag","embeddable":true,"href":"https:\/\/shop.bantam.ch\/fr\/wp-json\/wp\/v2\/product_tag?post=123176"}],"curies":[{"name":"wp","href":"https:\/\/api.w.org\/{rel}","templated":true}]}}