{"id":123168,"date":"2023-03-01T00:12:49","date_gmt":"2023-02-28T23:12:49","guid":{"rendered":"https:\/\/shop.bantam.ch\/produit\/multi-outils-signal-2\/"},"modified":"2026-05-11T21:48:40","modified_gmt":"2026-05-11T19:48:40","slug":"multi-outils-signal-2","status":"publish","type":"product","link":"https:\/\/shop.bantam.ch\/fr\/produit\/multi-outils-signal-2\/","title":{"rendered":"Multitool Leatherman Signal couleur noir \/ argent"},"content":{"rendered":"<p>Le temps vous retient au camp de base ? Vous avez besoin de faire un feu de fa\u00e7on impr\u00e9vue ou d\u2019obtenir de l\u2019aide ? Dans le tout nouveau SIGNAL, nous avons combin\u00e9 des outils traditionnels avec des outils de survie utiles : Gr\u00e2ce au silex, \u00e0 l&rsquo;aff\u00fbteur de lame et au sifflet de signalisation, vous \u00eates pr\u00eat pour chaque aventure, m\u00eame loin de la civilisation.<\/p>\n<p>OUTILS <\/p>\n<ul>\n<li>Pince pointue<\/li>\n<li>Pince normale<\/li>\n<li>Coupe-fil interchangeable de 154 cm<\/li>\n<li>Coupe-fil dur interchangeable de 154 cm<\/li>\n<li>D\u00e9nudeur de fil<\/li>\n<li>Couteau combin\u00e9 420HC<\/li>\n<li>Scie<\/li>\n<li>Marteau<\/li>\n<li>Al\u00e8ne avec \u0153illet<\/li>\n<li>Ouvre-bo\u00eete<\/li>\n<li>D\u00e9capsuleur<\/li>\n<li>Porte-embouts 1\/4\u201c<\/li>\n<li>Cl\u00e9 \u00e0 douille 1\/4&Prime;<\/li>\n<li>Mousqueton<\/li>\n<li>Cl\u00e9 \u00e0 douille 3\/16&Prime;<\/li>\n<li>Sifflet de d\u00e9tresse<\/li>\n<li>Tige allume feu<\/li>\n<li>Lame diamant\u00e9e<\/li>\n<li>Aff\u00fbteur<\/li>\n<\/ul>\n<p>\u00c9QUIPEMENT\u00a0<\/p>\n<ul>\n<li>Corps en acier inoxydable<\/li>\n<li>Rev\u00eatement DLC sp\u00e9cialement durci<\/li>\n<li>Avec \u00e9tui en nylon<\/li>\n<\/ul>\n<p>DIMENSIONS<\/p>\n<ul>\n<li>Longueur repli\u00e9e : 11,43 cm<\/li>\n<li>Longueur de lame : 6,93 cm<\/li>\n<li>Poids : 212,6 g<\/li>\n<\/ul>\n","protected":false},"excerpt":{"rendered":"<p>Le temps vous retient au camp de base ? Vous avez besoin de faire un feu de fa\u00e7on impr\u00e9vue ou d\u2019obtenir de l\u2019aide ? Dans le tout nouveau SIGNAL, nous avons combin\u00e9 des outils traditionnels avec des outils de survie utiles : Gr\u00e2ce au silex, \u00e0 l&rsquo;aff\u00fbteur de lame et au sifflet de signalisation, vous [&hellip;]<\/p>\n","protected":false},"featured_media":123162,"template":"","meta":{"_acf_changed":false},"product_featured_cat":[],"product_brand":[3438],"product_cat":[4415],"product_tag":[],"class_list":{"0":"post-123168","1":"product","2":"type-product","3":"status-publish","4":"has-post-thumbnail","6":"product_brand-leatherman","7":"product_cat-outils-multiples","9":"first","10":"instock","11":"taxable","12":"shipping-taxable","13":"purchasable","14":"product-type-simple"},"acf":[],"yoast_head":"<!-- This site is optimized with the Yoast SEO plugin v27.5 - https:\/\/yoast.com\/product\/yoast-seo-wordpress\/ -->\n<title>Multitool Leatherman Signal couleur noir \/ argent - Bantam<\/title>\n<meta name=\"robots\" content=\"index, follow, max-snippet:-1, max-image-preview:large, max-video-preview:-1\" \/>\n<link rel=\"canonical\" href=\"https:\/\/shop.bantam.ch\/fr\/produit\/multi-outils-signal-2\/\" \/>\n<meta property=\"og:locale\" content=\"fr_FR\" \/>\n<meta property=\"og:type\" content=\"article\" \/>\n<meta property=\"og:title\" content=\"Multitool Leatherman Signal couleur noir \/ argent - Bantam\" \/>\n<meta property=\"og:description\" content=\"Le temps vous retient au camp de base ? Vous avez besoin de faire un feu de fa\u00e7on impr\u00e9vue ou d\u2019obtenir de l\u2019aide ? Dans le tout nouveau SIGNAL, nous avons combin\u00e9 des outils traditionnels avec des outils de survie utiles : Gr\u00e2ce au silex, \u00e0 l&rsquo;aff\u00fbteur de lame et au sifflet de signalisation, vous [&hellip;]\" \/>\n<meta property=\"og:url\" content=\"https:\/\/shop.bantam.ch\/fr\/produit\/multi-outils-signal-2\/\" \/>\n<meta property=\"og:site_name\" content=\"Bantam\" \/>\n<meta property=\"article:modified_time\" content=\"2026-05-11T19:48:40+00:00\" \/>\n<meta property=\"og:image\" content=\"https:\/\/shop.bantam.ch\/wp-content\/uploads\/2023\/03\/996145111.png\" \/>\n\t<meta property=\"og:image:width\" content=\"584\" \/>\n\t<meta property=\"og:image:height\" content=\"768\" \/>\n\t<meta property=\"og:image:type\" content=\"image\/png\" \/>\n<meta name=\"twitter:card\" content=\"summary_large_image\" \/>\n<meta name=\"twitter:label1\" content=\"Dur\u00e9e de lecture estim\u00e9e\" \/>\n\t<meta name=\"twitter:data1\" content=\"1 minute\" \/>\n<script type=\"application\/ld+json\" class=\"yoast-schema-graph\">{\"@context\":\"https:\\\/\\\/schema.org\",\"@graph\":[{\"@type\":\"WebPage\",\"@id\":\"https:\\\/\\\/shop.bantam.ch\\\/fr\\\/produit\\\/multi-outils-signal-2\\\/\",\"url\":\"https:\\\/\\\/shop.bantam.ch\\\/fr\\\/produit\\\/multi-outils-signal-2\\\/\",\"name\":\"Multitool Leatherman Signal couleur noir \\\/ argent - Bantam\",\"isPartOf\":{\"@id\":\"https:\\\/\\\/shop.bantam.ch\\\/fr\\\/#website\"},\"primaryImageOfPage\":{\"@id\":\"https:\\\/\\\/shop.bantam.ch\\\/fr\\\/produit\\\/multi-outils-signal-2\\\/#primaryimage\"},\"image\":{\"@id\":\"https:\\\/\\\/shop.bantam.ch\\\/fr\\\/produit\\\/multi-outils-signal-2\\\/#primaryimage\"},\"thumbnailUrl\":\"https:\\\/\\\/shop.bantam.ch\\\/wp-content\\\/uploads\\\/2023\\\/03\\\/996145111.png\",\"datePublished\":\"2023-02-28T23:12:49+00:00\",\"dateModified\":\"2026-05-11T19:48:40+00:00\",\"breadcrumb\":{\"@id\":\"https:\\\/\\\/shop.bantam.ch\\\/fr\\\/produit\\\/multi-outils-signal-2\\\/#breadcrumb\"},\"inLanguage\":\"fr-FR\",\"potentialAction\":[{\"@type\":\"ReadAction\",\"target\":[\"https:\\\/\\\/shop.bantam.ch\\\/fr\\\/produit\\\/multi-outils-signal-2\\\/\"]}]},{\"@type\":\"ImageObject\",\"inLanguage\":\"fr-FR\",\"@id\":\"https:\\\/\\\/shop.bantam.ch\\\/fr\\\/produit\\\/multi-outils-signal-2\\\/#primaryimage\",\"url\":\"https:\\\/\\\/shop.bantam.ch\\\/wp-content\\\/uploads\\\/2023\\\/03\\\/996145111.png\",\"contentUrl\":\"https:\\\/\\\/shop.bantam.ch\\\/wp-content\\\/uploads\\\/2023\\\/03\\\/996145111.png\",\"width\":584,\"height\":768},{\"@type\":\"BreadcrumbList\",\"@id\":\"https:\\\/\\\/shop.bantam.ch\\\/fr\\\/produit\\\/multi-outils-signal-2\\\/#breadcrumb\",\"itemListElement\":[{\"@type\":\"ListItem\",\"position\":1,\"name\":\"Accueil\",\"item\":\"https:\\\/\\\/shop.bantam.ch\\\/fr\\\/\"},{\"@type\":\"ListItem\",\"position\":2,\"name\":\"Boutique\",\"item\":\"https:\\\/\\\/shop.bantam.ch\\\/fr\\\/boutique\\\/\"},{\"@type\":\"ListItem\",\"position\":3,\"name\":\"Multitool Leatherman Signal couleur noir \\\/ argent\"}]},{\"@type\":\"WebSite\",\"@id\":\"https:\\\/\\\/shop.bantam.ch\\\/fr\\\/#website\",\"url\":\"https:\\\/\\\/shop.bantam.ch\\\/fr\\\/\",\"name\":\"Bantam\",\"description\":\"\",\"publisher\":{\"@id\":\"https:\\\/\\\/shop.bantam.ch\\\/fr\\\/#organization\"},\"inLanguage\":\"fr-FR\"},{\"@type\":\"Organization\",\"@id\":\"https:\\\/\\\/shop.bantam.ch\\\/fr\\\/#organization\",\"name\":\"Bantam\",\"url\":\"https:\\\/\\\/shop.bantam.ch\\\/fr\\\/\",\"logo\":{\"@type\":\"ImageObject\",\"inLanguage\":\"fr-FR\",\"@id\":\"https:\\\/\\\/shop.bantam.ch\\\/fr\\\/#\\\/schema\\\/logo\\\/image\\\/\",\"url\":\"https:\\\/\\\/shop.bantam.ch\\\/wp-content\\\/uploads\\\/2022\\\/12\\\/bantam-logo.png\",\"contentUrl\":\"https:\\\/\\\/shop.bantam.ch\\\/wp-content\\\/uploads\\\/2022\\\/12\\\/bantam-logo.png\",\"width\":320,\"height\":71,\"caption\":\"Bantam\"},\"image\":{\"@id\":\"https:\\\/\\\/shop.bantam.ch\\\/fr\\\/#\\\/schema\\\/logo\\\/image\\\/\"}}]}<\/script>\n<!-- \/ Yoast SEO plugin. -->","yoast_head_json":{"title":"Multitool Leatherman Signal couleur noir \/ argent - Bantam","robots":{"index":"index","follow":"follow","max-snippet":"max-snippet:-1","max-image-preview":"max-image-preview:large","max-video-preview":"max-video-preview:-1"},"canonical":"https:\/\/shop.bantam.ch\/fr\/produit\/multi-outils-signal-2\/","og_locale":"fr_FR","og_type":"article","og_title":"Multitool Leatherman Signal couleur noir \/ argent - Bantam","og_description":"Le temps vous retient au camp de base ? Vous avez besoin de faire un feu de fa\u00e7on impr\u00e9vue ou d\u2019obtenir de l\u2019aide ? Dans le tout nouveau SIGNAL, nous avons combin\u00e9 des outils traditionnels avec des outils de survie utiles : Gr\u00e2ce au silex, \u00e0 l&rsquo;aff\u00fbteur de lame et au sifflet de signalisation, vous [&hellip;]","og_url":"https:\/\/shop.bantam.ch\/fr\/produit\/multi-outils-signal-2\/","og_site_name":"Bantam","article_modified_time":"2026-05-11T19:48:40+00:00","og_image":[{"width":584,"height":768,"url":"https:\/\/shop.bantam.ch\/wp-content\/uploads\/2023\/03\/996145111.png","type":"image\/png"}],"twitter_card":"summary_large_image","twitter_misc":{"Dur\u00e9e de lecture estim\u00e9e":"1 minute"},"schema":{"@context":"https:\/\/schema.org","@graph":[{"@type":"WebPage","@id":"https:\/\/shop.bantam.ch\/fr\/produit\/multi-outils-signal-2\/","url":"https:\/\/shop.bantam.ch\/fr\/produit\/multi-outils-signal-2\/","name":"Multitool Leatherman Signal couleur noir \/ argent - Bantam","isPartOf":{"@id":"https:\/\/shop.bantam.ch\/fr\/#website"},"primaryImageOfPage":{"@id":"https:\/\/shop.bantam.ch\/fr\/produit\/multi-outils-signal-2\/#primaryimage"},"image":{"@id":"https:\/\/shop.bantam.ch\/fr\/produit\/multi-outils-signal-2\/#primaryimage"},"thumbnailUrl":"https:\/\/shop.bantam.ch\/wp-content\/uploads\/2023\/03\/996145111.png","datePublished":"2023-02-28T23:12:49+00:00","dateModified":"2026-05-11T19:48:40+00:00","breadcrumb":{"@id":"https:\/\/shop.bantam.ch\/fr\/produit\/multi-outils-signal-2\/#breadcrumb"},"inLanguage":"fr-FR","potentialAction":[{"@type":"ReadAction","target":["https:\/\/shop.bantam.ch\/fr\/produit\/multi-outils-signal-2\/"]}]},{"@type":"ImageObject","inLanguage":"fr-FR","@id":"https:\/\/shop.bantam.ch\/fr\/produit\/multi-outils-signal-2\/#primaryimage","url":"https:\/\/shop.bantam.ch\/wp-content\/uploads\/2023\/03\/996145111.png","contentUrl":"https:\/\/shop.bantam.ch\/wp-content\/uploads\/2023\/03\/996145111.png","width":584,"height":768},{"@type":"BreadcrumbList","@id":"https:\/\/shop.bantam.ch\/fr\/produit\/multi-outils-signal-2\/#breadcrumb","itemListElement":[{"@type":"ListItem","position":1,"name":"Accueil","item":"https:\/\/shop.bantam.ch\/fr\/"},{"@type":"ListItem","position":2,"name":"Boutique","item":"https:\/\/shop.bantam.ch\/fr\/boutique\/"},{"@type":"ListItem","position":3,"name":"Multitool Leatherman Signal couleur noir \/ argent"}]},{"@type":"WebSite","@id":"https:\/\/shop.bantam.ch\/fr\/#website","url":"https:\/\/shop.bantam.ch\/fr\/","name":"Bantam","description":"","publisher":{"@id":"https:\/\/shop.bantam.ch\/fr\/#organization"},"inLanguage":"fr-FR"},{"@type":"Organization","@id":"https:\/\/shop.bantam.ch\/fr\/#organization","name":"Bantam","url":"https:\/\/shop.bantam.ch\/fr\/","logo":{"@type":"ImageObject","inLanguage":"fr-FR","@id":"https:\/\/shop.bantam.ch\/fr\/#\/schema\/logo\/image\/","url":"https:\/\/shop.bantam.ch\/wp-content\/uploads\/2022\/12\/bantam-logo.png","contentUrl":"https:\/\/shop.bantam.ch\/wp-content\/uploads\/2022\/12\/bantam-logo.png","width":320,"height":71,"caption":"Bantam"},"image":{"@id":"https:\/\/shop.bantam.ch\/fr\/#\/schema\/logo\/image\/"}}]}},"_links":{"self":[{"href":"https:\/\/shop.bantam.ch\/fr\/wp-json\/wp\/v2\/product\/123168","targetHints":{"allow":["GET"]}}],"collection":[{"href":"https:\/\/shop.bantam.ch\/fr\/wp-json\/wp\/v2\/product"}],"about":[{"href":"https:\/\/shop.bantam.ch\/fr\/wp-json\/wp\/v2\/types\/product"}],"wp:featuredmedia":[{"embeddable":true,"href":"https:\/\/shop.bantam.ch\/fr\/wp-json\/wp\/v2\/media\/123162"}],"wp:attachment":[{"href":"https:\/\/shop.bantam.ch\/fr\/wp-json\/wp\/v2\/media?parent=123168"}],"wp:term":[{"taxonomy":"product_featured_cat","embeddable":true,"href":"https:\/\/shop.bantam.ch\/fr\/wp-json\/wp\/v2\/product_featured_cat?post=123168"},{"taxonomy":"product_brand","embeddable":true,"href":"https:\/\/shop.bantam.ch\/fr\/wp-json\/wp\/v2\/product_brand?post=123168"},{"taxonomy":"product_cat","embeddable":true,"href":"https:\/\/shop.bantam.ch\/fr\/wp-json\/wp\/v2\/product_cat?post=123168"},{"taxonomy":"product_tag","embeddable":true,"href":"https:\/\/shop.bantam.ch\/fr\/wp-json\/wp\/v2\/product_tag?post=123168"}],"curies":[{"name":"wp","href":"https:\/\/api.w.org\/{rel}","templated":true}]}}