{"id":123056,"date":"2023-03-01T00:09:58","date_gmt":"2023-02-28T23:09:58","guid":{"rendered":"https:\/\/shop.bantam.ch\/produit\/store-de-toit-f80-l-boitier-polar-white-toile-royal-grey\/"},"modified":"2026-05-02T23:33:08","modified_gmt":"2026-05-02T21:33:08","slug":"store-de-toit-f80-l-boitier-polar-white-toile-royal-grey","status":"publish","type":"product","link":"https:\/\/shop.bantam.ch\/fr\/produit\/store-de-toit-f80-l-boitier-polar-white-toile-royal-grey\/","title":{"rendered":"Store de toit F80\u00a0L, bo\u00eetier polar white, toile royal grey"},"content":{"rendered":"<p>Le nouveau store F80\u00a0L avec montage sur toit et treuil, particuli\u00e8rement adapt\u00e9 pour les grands v\u00e9hicules, reprend l\u2019esth\u00e9tique des F80\u00a0S et produit ainsi un sentiment de familiarit\u00e9 avec les stores de toit de Fiamma. Disponibles en 4 longueurs\u00a0: de 450 \u00e0 600, avec avanc\u00e9e de 275\u00a0cm, gr\u00e2ce \u00e0 la section de profil agrandie du bras.<\/p>\n<p>Mat\u00e9riau\u00a0:<br \/>boitier : Aluminium<br \/>toile : PVC<\/p>\n","protected":false},"excerpt":{"rendered":"<p>Le nouveau store F80\u00a0L avec montage sur toit et treuil, particuli\u00e8rement adapt\u00e9 pour les grands v\u00e9hicules, reprend l\u2019esth\u00e9tique des F80\u00a0S et produit ainsi un sentiment de familiarit\u00e9 avec les stores de toit de Fiamma. Disponibles en 4 longueurs\u00a0: de 450 \u00e0 600, avec avanc\u00e9e de 275\u00a0cm, gr\u00e2ce \u00e0 la section de profil agrandie du bras. [&hellip;]<\/p>\n","protected":false},"featured_media":123046,"template":"","meta":{"_acf_changed":false},"product_featured_cat":[],"product_brand":[3034],"product_cat":[4213],"product_tag":[],"class_list":{"0":"post-123056","1":"product","2":"type-product","3":"status-publish","4":"has-post-thumbnail","6":"product_brand-fiamma","7":"product_cat-stores-a-cassette","9":"first","10":"instock","11":"taxable","12":"shipping-taxable","13":"purchasable","14":"product-type-variable"},"acf":[],"yoast_head":"<!-- This site is optimized with the Yoast SEO plugin v27.5 - https:\/\/yoast.com\/product\/yoast-seo-wordpress\/ -->\n<title>Store de toit F80\u00a0L, bo\u00eetier polar white, toile royal grey - Bantam<\/title>\n<meta name=\"robots\" content=\"index, follow, max-snippet:-1, max-image-preview:large, max-video-preview:-1\" \/>\n<link rel=\"canonical\" href=\"https:\/\/shop.bantam.ch\/fr\/produit\/store-de-toit-f80-l-boitier-polar-white-toile-royal-grey\/\" \/>\n<meta property=\"og:locale\" content=\"fr_FR\" \/>\n<meta property=\"og:type\" content=\"article\" \/>\n<meta property=\"og:title\" content=\"Store de toit F80\u00a0L, bo\u00eetier polar white, toile royal grey - Bantam\" \/>\n<meta property=\"og:description\" content=\"Le nouveau store F80\u00a0L avec montage sur toit et treuil, particuli\u00e8rement adapt\u00e9 pour les grands v\u00e9hicules, reprend l\u2019esth\u00e9tique des F80\u00a0S et produit ainsi un sentiment de familiarit\u00e9 avec les stores de toit de Fiamma. Disponibles en 4 longueurs\u00a0: de 450 \u00e0 600, avec avanc\u00e9e de 275\u00a0cm, gr\u00e2ce \u00e0 la section de profil agrandie du bras. [&hellip;]\" \/>\n<meta property=\"og:url\" content=\"https:\/\/shop.bantam.ch\/fr\/produit\/store-de-toit-f80-l-boitier-polar-white-toile-royal-grey\/\" \/>\n<meta property=\"og:site_name\" content=\"Bantam\" \/>\n<meta property=\"article:modified_time\" content=\"2026-05-02T21:33:08+00:00\" \/>\n<meta property=\"og:image\" content=\"https:\/\/shop.bantam.ch\/wp-content\/uploads\/2023\/03\/995829571.jpg\" \/>\n\t<meta property=\"og:image:width\" content=\"1000\" \/>\n\t<meta property=\"og:image:height\" content=\"667\" \/>\n\t<meta property=\"og:image:type\" content=\"image\/jpeg\" \/>\n<meta name=\"twitter:card\" content=\"summary_large_image\" \/>\n<script type=\"application\/ld+json\" class=\"yoast-schema-graph\">{\"@context\":\"https:\\\/\\\/schema.org\",\"@graph\":[{\"@type\":\"WebPage\",\"@id\":\"https:\\\/\\\/shop.bantam.ch\\\/fr\\\/produit\\\/store-de-toit-f80-l-boitier-polar-white-toile-royal-grey\\\/\",\"url\":\"https:\\\/\\\/shop.bantam.ch\\\/fr\\\/produit\\\/store-de-toit-f80-l-boitier-polar-white-toile-royal-grey\\\/\",\"name\":\"Store de toit F80\u00a0L, bo\u00eetier polar white, toile royal grey - Bantam\",\"isPartOf\":{\"@id\":\"https:\\\/\\\/shop.bantam.ch\\\/fr\\\/#website\"},\"primaryImageOfPage\":{\"@id\":\"https:\\\/\\\/shop.bantam.ch\\\/fr\\\/produit\\\/store-de-toit-f80-l-boitier-polar-white-toile-royal-grey\\\/#primaryimage\"},\"image\":{\"@id\":\"https:\\\/\\\/shop.bantam.ch\\\/fr\\\/produit\\\/store-de-toit-f80-l-boitier-polar-white-toile-royal-grey\\\/#primaryimage\"},\"thumbnailUrl\":\"https:\\\/\\\/shop.bantam.ch\\\/wp-content\\\/uploads\\\/2023\\\/03\\\/995829571.jpg\",\"datePublished\":\"2023-02-28T23:09:58+00:00\",\"dateModified\":\"2026-05-02T21:33:08+00:00\",\"breadcrumb\":{\"@id\":\"https:\\\/\\\/shop.bantam.ch\\\/fr\\\/produit\\\/store-de-toit-f80-l-boitier-polar-white-toile-royal-grey\\\/#breadcrumb\"},\"inLanguage\":\"fr-FR\",\"potentialAction\":[{\"@type\":\"ReadAction\",\"target\":[\"https:\\\/\\\/shop.bantam.ch\\\/fr\\\/produit\\\/store-de-toit-f80-l-boitier-polar-white-toile-royal-grey\\\/\"]}]},{\"@type\":\"ImageObject\",\"inLanguage\":\"fr-FR\",\"@id\":\"https:\\\/\\\/shop.bantam.ch\\\/fr\\\/produit\\\/store-de-toit-f80-l-boitier-polar-white-toile-royal-grey\\\/#primaryimage\",\"url\":\"https:\\\/\\\/shop.bantam.ch\\\/wp-content\\\/uploads\\\/2023\\\/03\\\/995829571.jpg\",\"contentUrl\":\"https:\\\/\\\/shop.bantam.ch\\\/wp-content\\\/uploads\\\/2023\\\/03\\\/995829571.jpg\",\"width\":1000,\"height\":667},{\"@type\":\"BreadcrumbList\",\"@id\":\"https:\\\/\\\/shop.bantam.ch\\\/fr\\\/produit\\\/store-de-toit-f80-l-boitier-polar-white-toile-royal-grey\\\/#breadcrumb\",\"itemListElement\":[{\"@type\":\"ListItem\",\"position\":1,\"name\":\"Accueil\",\"item\":\"https:\\\/\\\/shop.bantam.ch\\\/fr\\\/\"},{\"@type\":\"ListItem\",\"position\":2,\"name\":\"Boutique\",\"item\":\"https:\\\/\\\/shop.bantam.ch\\\/fr\\\/boutique\\\/\"},{\"@type\":\"ListItem\",\"position\":3,\"name\":\"Store de toit F80\u00a0L, bo\u00eetier polar white, toile royal grey\"}]},{\"@type\":\"WebSite\",\"@id\":\"https:\\\/\\\/shop.bantam.ch\\\/fr\\\/#website\",\"url\":\"https:\\\/\\\/shop.bantam.ch\\\/fr\\\/\",\"name\":\"Bantam\",\"description\":\"\",\"publisher\":{\"@id\":\"https:\\\/\\\/shop.bantam.ch\\\/fr\\\/#organization\"},\"inLanguage\":\"fr-FR\"},{\"@type\":\"Organization\",\"@id\":\"https:\\\/\\\/shop.bantam.ch\\\/fr\\\/#organization\",\"name\":\"Bantam\",\"url\":\"https:\\\/\\\/shop.bantam.ch\\\/fr\\\/\",\"logo\":{\"@type\":\"ImageObject\",\"inLanguage\":\"fr-FR\",\"@id\":\"https:\\\/\\\/shop.bantam.ch\\\/fr\\\/#\\\/schema\\\/logo\\\/image\\\/\",\"url\":\"https:\\\/\\\/shop.bantam.ch\\\/wp-content\\\/uploads\\\/2022\\\/12\\\/bantam-logo.png\",\"contentUrl\":\"https:\\\/\\\/shop.bantam.ch\\\/wp-content\\\/uploads\\\/2022\\\/12\\\/bantam-logo.png\",\"width\":320,\"height\":71,\"caption\":\"Bantam\"},\"image\":{\"@id\":\"https:\\\/\\\/shop.bantam.ch\\\/fr\\\/#\\\/schema\\\/logo\\\/image\\\/\"}}]}<\/script>\n<!-- \/ Yoast SEO plugin. -->","yoast_head_json":{"title":"Store de toit F80\u00a0L, bo\u00eetier polar white, toile royal grey - Bantam","robots":{"index":"index","follow":"follow","max-snippet":"max-snippet:-1","max-image-preview":"max-image-preview:large","max-video-preview":"max-video-preview:-1"},"canonical":"https:\/\/shop.bantam.ch\/fr\/produit\/store-de-toit-f80-l-boitier-polar-white-toile-royal-grey\/","og_locale":"fr_FR","og_type":"article","og_title":"Store de toit F80\u00a0L, bo\u00eetier polar white, toile royal grey - Bantam","og_description":"Le nouveau store F80\u00a0L avec montage sur toit et treuil, particuli\u00e8rement adapt\u00e9 pour les grands v\u00e9hicules, reprend l\u2019esth\u00e9tique des F80\u00a0S et produit ainsi un sentiment de familiarit\u00e9 avec les stores de toit de Fiamma. Disponibles en 4 longueurs\u00a0: de 450 \u00e0 600, avec avanc\u00e9e de 275\u00a0cm, gr\u00e2ce \u00e0 la section de profil agrandie du bras. [&hellip;]","og_url":"https:\/\/shop.bantam.ch\/fr\/produit\/store-de-toit-f80-l-boitier-polar-white-toile-royal-grey\/","og_site_name":"Bantam","article_modified_time":"2026-05-02T21:33:08+00:00","og_image":[{"width":1000,"height":667,"url":"https:\/\/shop.bantam.ch\/wp-content\/uploads\/2023\/03\/995829571.jpg","type":"image\/jpeg"}],"twitter_card":"summary_large_image","schema":{"@context":"https:\/\/schema.org","@graph":[{"@type":"WebPage","@id":"https:\/\/shop.bantam.ch\/fr\/produit\/store-de-toit-f80-l-boitier-polar-white-toile-royal-grey\/","url":"https:\/\/shop.bantam.ch\/fr\/produit\/store-de-toit-f80-l-boitier-polar-white-toile-royal-grey\/","name":"Store de toit F80\u00a0L, bo\u00eetier polar white, toile royal grey - Bantam","isPartOf":{"@id":"https:\/\/shop.bantam.ch\/fr\/#website"},"primaryImageOfPage":{"@id":"https:\/\/shop.bantam.ch\/fr\/produit\/store-de-toit-f80-l-boitier-polar-white-toile-royal-grey\/#primaryimage"},"image":{"@id":"https:\/\/shop.bantam.ch\/fr\/produit\/store-de-toit-f80-l-boitier-polar-white-toile-royal-grey\/#primaryimage"},"thumbnailUrl":"https:\/\/shop.bantam.ch\/wp-content\/uploads\/2023\/03\/995829571.jpg","datePublished":"2023-02-28T23:09:58+00:00","dateModified":"2026-05-02T21:33:08+00:00","breadcrumb":{"@id":"https:\/\/shop.bantam.ch\/fr\/produit\/store-de-toit-f80-l-boitier-polar-white-toile-royal-grey\/#breadcrumb"},"inLanguage":"fr-FR","potentialAction":[{"@type":"ReadAction","target":["https:\/\/shop.bantam.ch\/fr\/produit\/store-de-toit-f80-l-boitier-polar-white-toile-royal-grey\/"]}]},{"@type":"ImageObject","inLanguage":"fr-FR","@id":"https:\/\/shop.bantam.ch\/fr\/produit\/store-de-toit-f80-l-boitier-polar-white-toile-royal-grey\/#primaryimage","url":"https:\/\/shop.bantam.ch\/wp-content\/uploads\/2023\/03\/995829571.jpg","contentUrl":"https:\/\/shop.bantam.ch\/wp-content\/uploads\/2023\/03\/995829571.jpg","width":1000,"height":667},{"@type":"BreadcrumbList","@id":"https:\/\/shop.bantam.ch\/fr\/produit\/store-de-toit-f80-l-boitier-polar-white-toile-royal-grey\/#breadcrumb","itemListElement":[{"@type":"ListItem","position":1,"name":"Accueil","item":"https:\/\/shop.bantam.ch\/fr\/"},{"@type":"ListItem","position":2,"name":"Boutique","item":"https:\/\/shop.bantam.ch\/fr\/boutique\/"},{"@type":"ListItem","position":3,"name":"Store de toit F80\u00a0L, bo\u00eetier polar white, toile royal grey"}]},{"@type":"WebSite","@id":"https:\/\/shop.bantam.ch\/fr\/#website","url":"https:\/\/shop.bantam.ch\/fr\/","name":"Bantam","description":"","publisher":{"@id":"https:\/\/shop.bantam.ch\/fr\/#organization"},"inLanguage":"fr-FR"},{"@type":"Organization","@id":"https:\/\/shop.bantam.ch\/fr\/#organization","name":"Bantam","url":"https:\/\/shop.bantam.ch\/fr\/","logo":{"@type":"ImageObject","inLanguage":"fr-FR","@id":"https:\/\/shop.bantam.ch\/fr\/#\/schema\/logo\/image\/","url":"https:\/\/shop.bantam.ch\/wp-content\/uploads\/2022\/12\/bantam-logo.png","contentUrl":"https:\/\/shop.bantam.ch\/wp-content\/uploads\/2022\/12\/bantam-logo.png","width":320,"height":71,"caption":"Bantam"},"image":{"@id":"https:\/\/shop.bantam.ch\/fr\/#\/schema\/logo\/image\/"}}]}},"_links":{"self":[{"href":"https:\/\/shop.bantam.ch\/fr\/wp-json\/wp\/v2\/product\/123056","targetHints":{"allow":["GET"]}}],"collection":[{"href":"https:\/\/shop.bantam.ch\/fr\/wp-json\/wp\/v2\/product"}],"about":[{"href":"https:\/\/shop.bantam.ch\/fr\/wp-json\/wp\/v2\/types\/product"}],"wp:featuredmedia":[{"embeddable":true,"href":"https:\/\/shop.bantam.ch\/fr\/wp-json\/wp\/v2\/media\/123046"}],"wp:attachment":[{"href":"https:\/\/shop.bantam.ch\/fr\/wp-json\/wp\/v2\/media?parent=123056"}],"wp:term":[{"taxonomy":"product_featured_cat","embeddable":true,"href":"https:\/\/shop.bantam.ch\/fr\/wp-json\/wp\/v2\/product_featured_cat?post=123056"},{"taxonomy":"product_brand","embeddable":true,"href":"https:\/\/shop.bantam.ch\/fr\/wp-json\/wp\/v2\/product_brand?post=123056"},{"taxonomy":"product_cat","embeddable":true,"href":"https:\/\/shop.bantam.ch\/fr\/wp-json\/wp\/v2\/product_cat?post=123056"},{"taxonomy":"product_tag","embeddable":true,"href":"https:\/\/shop.bantam.ch\/fr\/wp-json\/wp\/v2\/product_tag?post=123056"}],"curies":[{"name":"wp","href":"https:\/\/api.w.org\/{rel}","templated":true}]}}