{"id":122726,"date":"2023-03-01T00:04:17","date_gmt":"2023-02-28T23:04:17","guid":{"rendered":"https:\/\/shop.bantam.ch\/produit\/plat-de-cuisson-antiadhesif\/"},"modified":"2026-04-18T21:50:51","modified_gmt":"2026-04-18T19:50:51","slug":"plat-de-cuisson-antiadhesif","status":"publish","type":"product","link":"https:\/\/shop.bantam.ch\/fr\/produit\/plat-de-cuisson-antiadhesif\/","title":{"rendered":"Moule \u00e0 g\u00e2teau OMNIA antiadh\u00e9sif"},"content":{"rendered":"<p>Le moule \u00e0 p\u00e2tisserie OMNIA avec effet antiadh\u00e9sif en c\u00e9ramique emp\u00eache les aliments de coller au moule pendant la cuisson.<\/p>\n<ul>\n<li>Un nettoyage facile est garanti.<\/li>\n<li>R\u00e9sistant \u00e0 la chaleur jusqu\u2019\u00e0 250\u00a0\u00b0C<\/li>\n<li>Sans PTFE<\/li>\n<\/ul>\n","protected":false},"excerpt":{"rendered":"<p>Le moule \u00e0 p\u00e2tisserie OMNIA avec effet antiadh\u00e9sif en c\u00e9ramique emp\u00eache les aliments de coller au moule pendant la cuisson. Un nettoyage facile est garanti. R\u00e9sistant \u00e0 la chaleur jusqu\u2019\u00e0 250\u00a0\u00b0C Sans PTFE<\/p>\n","protected":false},"featured_media":122718,"template":"","meta":{"_acf_changed":false},"product_featured_cat":[],"product_brand":[3292],"product_cat":[4339,4341,4265],"product_tag":[],"class_list":{"0":"post-122726","1":"product","2":"type-product","3":"status-publish","4":"has-post-thumbnail","6":"product_brand-omnia","7":"product_cat-accessoires-pour-barbecue","8":"product_cat-accessoires-pour-rechaud","9":"product_cat-casseroles-poeles-et-sets","11":"first","12":"instock","13":"taxable","14":"shipping-taxable","15":"purchasable","16":"product-type-simple"},"acf":[],"yoast_head":"<!-- This site is optimized with the Yoast SEO plugin v27.4 - https:\/\/yoast.com\/product\/yoast-seo-wordpress\/ -->\n<title>Moule \u00e0 g\u00e2teau OMNIA antiadh\u00e9sif - Bantam Wankm\u00fcller SA<\/title>\n<meta name=\"robots\" content=\"index, follow, max-snippet:-1, max-image-preview:large, max-video-preview:-1\" \/>\n<link rel=\"canonical\" href=\"https:\/\/shop.bantam.ch\/fr\/produit\/plat-de-cuisson-antiadhesif\/\" \/>\n<meta property=\"og:locale\" content=\"fr_FR\" \/>\n<meta property=\"og:type\" content=\"article\" \/>\n<meta property=\"og:title\" content=\"Moule \u00e0 g\u00e2teau OMNIA antiadh\u00e9sif - Bantam Wankm\u00fcller SA\" \/>\n<meta property=\"og:description\" content=\"Le moule \u00e0 p\u00e2tisserie OMNIA avec effet antiadh\u00e9sif en c\u00e9ramique emp\u00eache les aliments de coller au moule pendant la cuisson. Un nettoyage facile est garanti. R\u00e9sistant \u00e0 la chaleur jusqu\u2019\u00e0 250\u00a0\u00b0C Sans PTFE\" \/>\n<meta property=\"og:url\" content=\"https:\/\/shop.bantam.ch\/fr\/produit\/plat-de-cuisson-antiadhesif\/\" \/>\n<meta property=\"og:site_name\" content=\"Bantam Wankm\u00fcller SA\" \/>\n<meta property=\"article:modified_time\" content=\"2026-04-18T19:50:51+00:00\" \/>\n<meta property=\"og:image\" content=\"https:\/\/shop.bantam.ch\/wp-content\/uploads\/2023\/03\/996117711.jpg\" \/>\n\t<meta property=\"og:image:width\" content=\"563\" \/>\n\t<meta property=\"og:image:height\" content=\"480\" \/>\n\t<meta property=\"og:image:type\" content=\"image\/jpeg\" \/>\n<meta name=\"twitter:card\" content=\"summary_large_image\" \/>\n<script type=\"application\/ld+json\" class=\"yoast-schema-graph\">{\"@context\":\"https:\\\/\\\/schema.org\",\"@graph\":[{\"@type\":\"WebPage\",\"@id\":\"https:\\\/\\\/shop.bantam.ch\\\/fr\\\/produit\\\/plat-de-cuisson-antiadhesif\\\/\",\"url\":\"https:\\\/\\\/shop.bantam.ch\\\/fr\\\/produit\\\/plat-de-cuisson-antiadhesif\\\/\",\"name\":\"Moule \u00e0 g\u00e2teau OMNIA antiadh\u00e9sif - Bantam Wankm\u00fcller SA\",\"isPartOf\":{\"@id\":\"https:\\\/\\\/shop.bantam.ch\\\/fr\\\/#website\"},\"primaryImageOfPage\":{\"@id\":\"https:\\\/\\\/shop.bantam.ch\\\/fr\\\/produit\\\/plat-de-cuisson-antiadhesif\\\/#primaryimage\"},\"image\":{\"@id\":\"https:\\\/\\\/shop.bantam.ch\\\/fr\\\/produit\\\/plat-de-cuisson-antiadhesif\\\/#primaryimage\"},\"thumbnailUrl\":\"https:\\\/\\\/shop.bantam.ch\\\/wp-content\\\/uploads\\\/2023\\\/03\\\/996117711.jpg\",\"datePublished\":\"2023-02-28T23:04:17+00:00\",\"dateModified\":\"2026-04-18T19:50:51+00:00\",\"breadcrumb\":{\"@id\":\"https:\\\/\\\/shop.bantam.ch\\\/fr\\\/produit\\\/plat-de-cuisson-antiadhesif\\\/#breadcrumb\"},\"inLanguage\":\"fr-FR\",\"potentialAction\":[{\"@type\":\"ReadAction\",\"target\":[\"https:\\\/\\\/shop.bantam.ch\\\/fr\\\/produit\\\/plat-de-cuisson-antiadhesif\\\/\"]}]},{\"@type\":\"ImageObject\",\"inLanguage\":\"fr-FR\",\"@id\":\"https:\\\/\\\/shop.bantam.ch\\\/fr\\\/produit\\\/plat-de-cuisson-antiadhesif\\\/#primaryimage\",\"url\":\"https:\\\/\\\/shop.bantam.ch\\\/wp-content\\\/uploads\\\/2023\\\/03\\\/996117711.jpg\",\"contentUrl\":\"https:\\\/\\\/shop.bantam.ch\\\/wp-content\\\/uploads\\\/2023\\\/03\\\/996117711.jpg\",\"width\":563,\"height\":480},{\"@type\":\"BreadcrumbList\",\"@id\":\"https:\\\/\\\/shop.bantam.ch\\\/fr\\\/produit\\\/plat-de-cuisson-antiadhesif\\\/#breadcrumb\",\"itemListElement\":[{\"@type\":\"ListItem\",\"position\":1,\"name\":\"Accueil\",\"item\":\"https:\\\/\\\/shop.bantam.ch\\\/fr\\\/\"},{\"@type\":\"ListItem\",\"position\":2,\"name\":\"Boutique\",\"item\":\"https:\\\/\\\/shop.bantam.ch\\\/fr\\\/boutique\\\/\"},{\"@type\":\"ListItem\",\"position\":3,\"name\":\"Moule \u00e0 g\u00e2teau OMNIA antiadh\u00e9sif\"}]},{\"@type\":\"WebSite\",\"@id\":\"https:\\\/\\\/shop.bantam.ch\\\/fr\\\/#website\",\"url\":\"https:\\\/\\\/shop.bantam.ch\\\/fr\\\/\",\"name\":\"Bantam Wankm\u00fcller SA\",\"description\":\"\",\"publisher\":{\"@id\":\"https:\\\/\\\/shop.bantam.ch\\\/fr\\\/#organization\"},\"inLanguage\":\"fr-FR\"},{\"@type\":\"Organization\",\"@id\":\"https:\\\/\\\/shop.bantam.ch\\\/fr\\\/#organization\",\"name\":\"Bantam Wankm\u00fcller SA\",\"url\":\"https:\\\/\\\/shop.bantam.ch\\\/fr\\\/\",\"logo\":{\"@type\":\"ImageObject\",\"inLanguage\":\"fr-FR\",\"@id\":\"https:\\\/\\\/shop.bantam.ch\\\/fr\\\/#\\\/schema\\\/logo\\\/image\\\/\",\"url\":\"https:\\\/\\\/shop.bantam.ch\\\/wp-content\\\/uploads\\\/2022\\\/12\\\/bantam-logo.png\",\"contentUrl\":\"https:\\\/\\\/shop.bantam.ch\\\/wp-content\\\/uploads\\\/2022\\\/12\\\/bantam-logo.png\",\"width\":320,\"height\":71,\"caption\":\"Bantam Wankm\u00fcller SA\"},\"image\":{\"@id\":\"https:\\\/\\\/shop.bantam.ch\\\/fr\\\/#\\\/schema\\\/logo\\\/image\\\/\"}}]}<\/script>\n<!-- \/ Yoast SEO plugin. -->","yoast_head_json":{"title":"Moule \u00e0 g\u00e2teau OMNIA antiadh\u00e9sif - Bantam Wankm\u00fcller SA","robots":{"index":"index","follow":"follow","max-snippet":"max-snippet:-1","max-image-preview":"max-image-preview:large","max-video-preview":"max-video-preview:-1"},"canonical":"https:\/\/shop.bantam.ch\/fr\/produit\/plat-de-cuisson-antiadhesif\/","og_locale":"fr_FR","og_type":"article","og_title":"Moule \u00e0 g\u00e2teau OMNIA antiadh\u00e9sif - Bantam Wankm\u00fcller SA","og_description":"Le moule \u00e0 p\u00e2tisserie OMNIA avec effet antiadh\u00e9sif en c\u00e9ramique emp\u00eache les aliments de coller au moule pendant la cuisson. Un nettoyage facile est garanti. R\u00e9sistant \u00e0 la chaleur jusqu\u2019\u00e0 250\u00a0\u00b0C Sans PTFE","og_url":"https:\/\/shop.bantam.ch\/fr\/produit\/plat-de-cuisson-antiadhesif\/","og_site_name":"Bantam Wankm\u00fcller SA","article_modified_time":"2026-04-18T19:50:51+00:00","og_image":[{"width":563,"height":480,"url":"https:\/\/shop.bantam.ch\/wp-content\/uploads\/2023\/03\/996117711.jpg","type":"image\/jpeg"}],"twitter_card":"summary_large_image","schema":{"@context":"https:\/\/schema.org","@graph":[{"@type":"WebPage","@id":"https:\/\/shop.bantam.ch\/fr\/produit\/plat-de-cuisson-antiadhesif\/","url":"https:\/\/shop.bantam.ch\/fr\/produit\/plat-de-cuisson-antiadhesif\/","name":"Moule \u00e0 g\u00e2teau OMNIA antiadh\u00e9sif - Bantam Wankm\u00fcller SA","isPartOf":{"@id":"https:\/\/shop.bantam.ch\/fr\/#website"},"primaryImageOfPage":{"@id":"https:\/\/shop.bantam.ch\/fr\/produit\/plat-de-cuisson-antiadhesif\/#primaryimage"},"image":{"@id":"https:\/\/shop.bantam.ch\/fr\/produit\/plat-de-cuisson-antiadhesif\/#primaryimage"},"thumbnailUrl":"https:\/\/shop.bantam.ch\/wp-content\/uploads\/2023\/03\/996117711.jpg","datePublished":"2023-02-28T23:04:17+00:00","dateModified":"2026-04-18T19:50:51+00:00","breadcrumb":{"@id":"https:\/\/shop.bantam.ch\/fr\/produit\/plat-de-cuisson-antiadhesif\/#breadcrumb"},"inLanguage":"fr-FR","potentialAction":[{"@type":"ReadAction","target":["https:\/\/shop.bantam.ch\/fr\/produit\/plat-de-cuisson-antiadhesif\/"]}]},{"@type":"ImageObject","inLanguage":"fr-FR","@id":"https:\/\/shop.bantam.ch\/fr\/produit\/plat-de-cuisson-antiadhesif\/#primaryimage","url":"https:\/\/shop.bantam.ch\/wp-content\/uploads\/2023\/03\/996117711.jpg","contentUrl":"https:\/\/shop.bantam.ch\/wp-content\/uploads\/2023\/03\/996117711.jpg","width":563,"height":480},{"@type":"BreadcrumbList","@id":"https:\/\/shop.bantam.ch\/fr\/produit\/plat-de-cuisson-antiadhesif\/#breadcrumb","itemListElement":[{"@type":"ListItem","position":1,"name":"Accueil","item":"https:\/\/shop.bantam.ch\/fr\/"},{"@type":"ListItem","position":2,"name":"Boutique","item":"https:\/\/shop.bantam.ch\/fr\/boutique\/"},{"@type":"ListItem","position":3,"name":"Moule \u00e0 g\u00e2teau OMNIA antiadh\u00e9sif"}]},{"@type":"WebSite","@id":"https:\/\/shop.bantam.ch\/fr\/#website","url":"https:\/\/shop.bantam.ch\/fr\/","name":"Bantam Wankm\u00fcller SA","description":"","publisher":{"@id":"https:\/\/shop.bantam.ch\/fr\/#organization"},"inLanguage":"fr-FR"},{"@type":"Organization","@id":"https:\/\/shop.bantam.ch\/fr\/#organization","name":"Bantam Wankm\u00fcller SA","url":"https:\/\/shop.bantam.ch\/fr\/","logo":{"@type":"ImageObject","inLanguage":"fr-FR","@id":"https:\/\/shop.bantam.ch\/fr\/#\/schema\/logo\/image\/","url":"https:\/\/shop.bantam.ch\/wp-content\/uploads\/2022\/12\/bantam-logo.png","contentUrl":"https:\/\/shop.bantam.ch\/wp-content\/uploads\/2022\/12\/bantam-logo.png","width":320,"height":71,"caption":"Bantam Wankm\u00fcller SA"},"image":{"@id":"https:\/\/shop.bantam.ch\/fr\/#\/schema\/logo\/image\/"}}]}},"_links":{"self":[{"href":"https:\/\/shop.bantam.ch\/fr\/wp-json\/wp\/v2\/product\/122726","targetHints":{"allow":["GET"]}}],"collection":[{"href":"https:\/\/shop.bantam.ch\/fr\/wp-json\/wp\/v2\/product"}],"about":[{"href":"https:\/\/shop.bantam.ch\/fr\/wp-json\/wp\/v2\/types\/product"}],"wp:featuredmedia":[{"embeddable":true,"href":"https:\/\/shop.bantam.ch\/fr\/wp-json\/wp\/v2\/media\/122718"}],"wp:attachment":[{"href":"https:\/\/shop.bantam.ch\/fr\/wp-json\/wp\/v2\/media?parent=122726"}],"wp:term":[{"taxonomy":"product_featured_cat","embeddable":true,"href":"https:\/\/shop.bantam.ch\/fr\/wp-json\/wp\/v2\/product_featured_cat?post=122726"},{"taxonomy":"product_brand","embeddable":true,"href":"https:\/\/shop.bantam.ch\/fr\/wp-json\/wp\/v2\/product_brand?post=122726"},{"taxonomy":"product_cat","embeddable":true,"href":"https:\/\/shop.bantam.ch\/fr\/wp-json\/wp\/v2\/product_cat?post=122726"},{"taxonomy":"product_tag","embeddable":true,"href":"https:\/\/shop.bantam.ch\/fr\/wp-json\/wp\/v2\/product_tag?post=122726"}],"curies":[{"name":"wp","href":"https:\/\/api.w.org\/{rel}","templated":true}]}}