{"id":122680,"date":"2023-03-01T00:03:27","date_gmt":"2023-02-28T23:03:27","guid":{"rendered":"https:\/\/shop.bantam.ch\/produit\/reglage-de-la-tete\/"},"modified":"2026-04-20T21:51:13","modified_gmt":"2026-04-20T19:51:13","slug":"reglage-de-la-tete","status":"publish","type":"product","link":"https:\/\/shop.bantam.ch\/fr\/produit\/reglage-de-la-tete\/","title":{"rendered":"R\u00e9glage de la t\u00eate Froli 70 x 43 x 4 cm"},"content":{"rendered":"<p>Le r\u00e9glage de la t\u00eate ultra-l\u00e9g\u00e8re \u00e0 l&rsquo;aspect alv\u00e9ol\u00e9 peut \u00eatre ajust\u00e9 sur 6 positions \u00e0 l&rsquo;aide du m\u00e9canisme \u00e0 cliquet. Le montage plat s&rsquo;adapte \u00e0 toutes les dimensions de lit standard et permet un gain d&rsquo;espace et de poids. La structure innovante alv\u00e9olaire offre un confort de soutien, une ventilation saine en permanence et emp\u00eache la transpiration et la condensation. Le plastique de haute qualit\u00e9 est 100 % recyclable, non peint et exempt de substances nocives. Des garnitures solides garantissent un fonctionnement optimal et un montage facile. Le kit de montage est enti\u00e8rement pr\u00e9-mont\u00e9.<\/p>\n","protected":false},"excerpt":{"rendered":"<p>Le r\u00e9glage de la t\u00eate ultra-l\u00e9g\u00e8re \u00e0 l&rsquo;aspect alv\u00e9ol\u00e9 peut \u00eatre ajust\u00e9 sur 6 positions \u00e0 l&rsquo;aide du m\u00e9canisme \u00e0 cliquet. Le montage plat s&rsquo;adapte \u00e0 toutes les dimensions de lit standard et permet un gain d&rsquo;espace et de poids. La structure innovante alv\u00e9olaire offre un confort de soutien, une ventilation saine en permanence et [&hellip;]<\/p>\n","protected":false},"featured_media":122672,"template":"","meta":{"_acf_changed":false},"product_featured_cat":[],"product_brand":[3058],"product_cat":[5057],"product_tag":[],"class_list":{"0":"post-122680","1":"product","2":"type-product","3":"status-publish","4":"has-post-thumbnail","6":"product_brand-froli","7":"product_cat-sommiers-a-lattes","9":"first","10":"instock","11":"taxable","12":"shipping-taxable","13":"purchasable","14":"product-type-simple"},"acf":[],"yoast_head":"<!-- This site is optimized with the Yoast SEO plugin v27.4 - https:\/\/yoast.com\/product\/yoast-seo-wordpress\/ -->\n<title>R\u00e9glage de la t\u00eate Froli 70 x 43 x 4 cm - Bantam Wankm\u00fcller SA<\/title>\n<meta name=\"robots\" content=\"index, follow, max-snippet:-1, max-image-preview:large, max-video-preview:-1\" \/>\n<link rel=\"canonical\" href=\"https:\/\/shop.bantam.ch\/fr\/produit\/reglage-de-la-tete\/\" \/>\n<meta property=\"og:locale\" content=\"fr_FR\" \/>\n<meta property=\"og:type\" content=\"article\" \/>\n<meta property=\"og:title\" content=\"R\u00e9glage de la t\u00eate Froli 70 x 43 x 4 cm - Bantam Wankm\u00fcller SA\" \/>\n<meta property=\"og:description\" content=\"Le r\u00e9glage de la t\u00eate ultra-l\u00e9g\u00e8re \u00e0 l&rsquo;aspect alv\u00e9ol\u00e9 peut \u00eatre ajust\u00e9 sur 6 positions \u00e0 l&rsquo;aide du m\u00e9canisme \u00e0 cliquet. Le montage plat s&rsquo;adapte \u00e0 toutes les dimensions de lit standard et permet un gain d&rsquo;espace et de poids. La structure innovante alv\u00e9olaire offre un confort de soutien, une ventilation saine en permanence et [&hellip;]\" \/>\n<meta property=\"og:url\" content=\"https:\/\/shop.bantam.ch\/fr\/produit\/reglage-de-la-tete\/\" \/>\n<meta property=\"og:site_name\" content=\"Bantam Wankm\u00fcller SA\" \/>\n<meta property=\"article:modified_time\" content=\"2026-04-20T19:51:13+00:00\" \/>\n<meta property=\"og:image\" content=\"https:\/\/shop.bantam.ch\/wp-content\/uploads\/2023\/03\/994470913.jpg\" \/>\n\t<meta property=\"og:image:width\" content=\"1000\" \/>\n\t<meta property=\"og:image:height\" content=\"697\" \/>\n\t<meta property=\"og:image:type\" content=\"image\/jpeg\" \/>\n<meta name=\"twitter:card\" content=\"summary_large_image\" \/>\n<script type=\"application\/ld+json\" class=\"yoast-schema-graph\">{\"@context\":\"https:\\\/\\\/schema.org\",\"@graph\":[{\"@type\":\"WebPage\",\"@id\":\"https:\\\/\\\/shop.bantam.ch\\\/fr\\\/produit\\\/reglage-de-la-tete\\\/\",\"url\":\"https:\\\/\\\/shop.bantam.ch\\\/fr\\\/produit\\\/reglage-de-la-tete\\\/\",\"name\":\"R\u00e9glage de la t\u00eate Froli 70 x 43 x 4 cm - Bantam Wankm\u00fcller SA\",\"isPartOf\":{\"@id\":\"https:\\\/\\\/shop.bantam.ch\\\/fr\\\/#website\"},\"primaryImageOfPage\":{\"@id\":\"https:\\\/\\\/shop.bantam.ch\\\/fr\\\/produit\\\/reglage-de-la-tete\\\/#primaryimage\"},\"image\":{\"@id\":\"https:\\\/\\\/shop.bantam.ch\\\/fr\\\/produit\\\/reglage-de-la-tete\\\/#primaryimage\"},\"thumbnailUrl\":\"https:\\\/\\\/shop.bantam.ch\\\/wp-content\\\/uploads\\\/2023\\\/03\\\/994470913.jpg\",\"datePublished\":\"2023-02-28T23:03:27+00:00\",\"dateModified\":\"2026-04-20T19:51:13+00:00\",\"breadcrumb\":{\"@id\":\"https:\\\/\\\/shop.bantam.ch\\\/fr\\\/produit\\\/reglage-de-la-tete\\\/#breadcrumb\"},\"inLanguage\":\"fr-FR\",\"potentialAction\":[{\"@type\":\"ReadAction\",\"target\":[\"https:\\\/\\\/shop.bantam.ch\\\/fr\\\/produit\\\/reglage-de-la-tete\\\/\"]}]},{\"@type\":\"ImageObject\",\"inLanguage\":\"fr-FR\",\"@id\":\"https:\\\/\\\/shop.bantam.ch\\\/fr\\\/produit\\\/reglage-de-la-tete\\\/#primaryimage\",\"url\":\"https:\\\/\\\/shop.bantam.ch\\\/wp-content\\\/uploads\\\/2023\\\/03\\\/994470913.jpg\",\"contentUrl\":\"https:\\\/\\\/shop.bantam.ch\\\/wp-content\\\/uploads\\\/2023\\\/03\\\/994470913.jpg\",\"width\":1000,\"height\":697},{\"@type\":\"BreadcrumbList\",\"@id\":\"https:\\\/\\\/shop.bantam.ch\\\/fr\\\/produit\\\/reglage-de-la-tete\\\/#breadcrumb\",\"itemListElement\":[{\"@type\":\"ListItem\",\"position\":1,\"name\":\"Accueil\",\"item\":\"https:\\\/\\\/shop.bantam.ch\\\/fr\\\/\"},{\"@type\":\"ListItem\",\"position\":2,\"name\":\"Boutique\",\"item\":\"https:\\\/\\\/shop.bantam.ch\\\/fr\\\/boutique\\\/\"},{\"@type\":\"ListItem\",\"position\":3,\"name\":\"R\u00e9glage de la t\u00eate Froli 70 x 43 x 4 cm\"}]},{\"@type\":\"WebSite\",\"@id\":\"https:\\\/\\\/shop.bantam.ch\\\/fr\\\/#website\",\"url\":\"https:\\\/\\\/shop.bantam.ch\\\/fr\\\/\",\"name\":\"Bantam Wankm\u00fcller SA\",\"description\":\"\",\"publisher\":{\"@id\":\"https:\\\/\\\/shop.bantam.ch\\\/fr\\\/#organization\"},\"inLanguage\":\"fr-FR\"},{\"@type\":\"Organization\",\"@id\":\"https:\\\/\\\/shop.bantam.ch\\\/fr\\\/#organization\",\"name\":\"Bantam Wankm\u00fcller SA\",\"url\":\"https:\\\/\\\/shop.bantam.ch\\\/fr\\\/\",\"logo\":{\"@type\":\"ImageObject\",\"inLanguage\":\"fr-FR\",\"@id\":\"https:\\\/\\\/shop.bantam.ch\\\/fr\\\/#\\\/schema\\\/logo\\\/image\\\/\",\"url\":\"https:\\\/\\\/shop.bantam.ch\\\/wp-content\\\/uploads\\\/2022\\\/12\\\/bantam-logo.png\",\"contentUrl\":\"https:\\\/\\\/shop.bantam.ch\\\/wp-content\\\/uploads\\\/2022\\\/12\\\/bantam-logo.png\",\"width\":320,\"height\":71,\"caption\":\"Bantam Wankm\u00fcller SA\"},\"image\":{\"@id\":\"https:\\\/\\\/shop.bantam.ch\\\/fr\\\/#\\\/schema\\\/logo\\\/image\\\/\"}}]}<\/script>\n<!-- \/ Yoast SEO plugin. -->","yoast_head_json":{"title":"R\u00e9glage de la t\u00eate Froli 70 x 43 x 4 cm - Bantam Wankm\u00fcller SA","robots":{"index":"index","follow":"follow","max-snippet":"max-snippet:-1","max-image-preview":"max-image-preview:large","max-video-preview":"max-video-preview:-1"},"canonical":"https:\/\/shop.bantam.ch\/fr\/produit\/reglage-de-la-tete\/","og_locale":"fr_FR","og_type":"article","og_title":"R\u00e9glage de la t\u00eate Froli 70 x 43 x 4 cm - Bantam Wankm\u00fcller SA","og_description":"Le r\u00e9glage de la t\u00eate ultra-l\u00e9g\u00e8re \u00e0 l&rsquo;aspect alv\u00e9ol\u00e9 peut \u00eatre ajust\u00e9 sur 6 positions \u00e0 l&rsquo;aide du m\u00e9canisme \u00e0 cliquet. Le montage plat s&rsquo;adapte \u00e0 toutes les dimensions de lit standard et permet un gain d&rsquo;espace et de poids. La structure innovante alv\u00e9olaire offre un confort de soutien, une ventilation saine en permanence et [&hellip;]","og_url":"https:\/\/shop.bantam.ch\/fr\/produit\/reglage-de-la-tete\/","og_site_name":"Bantam Wankm\u00fcller SA","article_modified_time":"2026-04-20T19:51:13+00:00","og_image":[{"width":1000,"height":697,"url":"https:\/\/shop.bantam.ch\/wp-content\/uploads\/2023\/03\/994470913.jpg","type":"image\/jpeg"}],"twitter_card":"summary_large_image","schema":{"@context":"https:\/\/schema.org","@graph":[{"@type":"WebPage","@id":"https:\/\/shop.bantam.ch\/fr\/produit\/reglage-de-la-tete\/","url":"https:\/\/shop.bantam.ch\/fr\/produit\/reglage-de-la-tete\/","name":"R\u00e9glage de la t\u00eate Froli 70 x 43 x 4 cm - Bantam Wankm\u00fcller SA","isPartOf":{"@id":"https:\/\/shop.bantam.ch\/fr\/#website"},"primaryImageOfPage":{"@id":"https:\/\/shop.bantam.ch\/fr\/produit\/reglage-de-la-tete\/#primaryimage"},"image":{"@id":"https:\/\/shop.bantam.ch\/fr\/produit\/reglage-de-la-tete\/#primaryimage"},"thumbnailUrl":"https:\/\/shop.bantam.ch\/wp-content\/uploads\/2023\/03\/994470913.jpg","datePublished":"2023-02-28T23:03:27+00:00","dateModified":"2026-04-20T19:51:13+00:00","breadcrumb":{"@id":"https:\/\/shop.bantam.ch\/fr\/produit\/reglage-de-la-tete\/#breadcrumb"},"inLanguage":"fr-FR","potentialAction":[{"@type":"ReadAction","target":["https:\/\/shop.bantam.ch\/fr\/produit\/reglage-de-la-tete\/"]}]},{"@type":"ImageObject","inLanguage":"fr-FR","@id":"https:\/\/shop.bantam.ch\/fr\/produit\/reglage-de-la-tete\/#primaryimage","url":"https:\/\/shop.bantam.ch\/wp-content\/uploads\/2023\/03\/994470913.jpg","contentUrl":"https:\/\/shop.bantam.ch\/wp-content\/uploads\/2023\/03\/994470913.jpg","width":1000,"height":697},{"@type":"BreadcrumbList","@id":"https:\/\/shop.bantam.ch\/fr\/produit\/reglage-de-la-tete\/#breadcrumb","itemListElement":[{"@type":"ListItem","position":1,"name":"Accueil","item":"https:\/\/shop.bantam.ch\/fr\/"},{"@type":"ListItem","position":2,"name":"Boutique","item":"https:\/\/shop.bantam.ch\/fr\/boutique\/"},{"@type":"ListItem","position":3,"name":"R\u00e9glage de la t\u00eate Froli 70 x 43 x 4 cm"}]},{"@type":"WebSite","@id":"https:\/\/shop.bantam.ch\/fr\/#website","url":"https:\/\/shop.bantam.ch\/fr\/","name":"Bantam Wankm\u00fcller SA","description":"","publisher":{"@id":"https:\/\/shop.bantam.ch\/fr\/#organization"},"inLanguage":"fr-FR"},{"@type":"Organization","@id":"https:\/\/shop.bantam.ch\/fr\/#organization","name":"Bantam Wankm\u00fcller SA","url":"https:\/\/shop.bantam.ch\/fr\/","logo":{"@type":"ImageObject","inLanguage":"fr-FR","@id":"https:\/\/shop.bantam.ch\/fr\/#\/schema\/logo\/image\/","url":"https:\/\/shop.bantam.ch\/wp-content\/uploads\/2022\/12\/bantam-logo.png","contentUrl":"https:\/\/shop.bantam.ch\/wp-content\/uploads\/2022\/12\/bantam-logo.png","width":320,"height":71,"caption":"Bantam Wankm\u00fcller SA"},"image":{"@id":"https:\/\/shop.bantam.ch\/fr\/#\/schema\/logo\/image\/"}}]}},"_links":{"self":[{"href":"https:\/\/shop.bantam.ch\/fr\/wp-json\/wp\/v2\/product\/122680","targetHints":{"allow":["GET"]}}],"collection":[{"href":"https:\/\/shop.bantam.ch\/fr\/wp-json\/wp\/v2\/product"}],"about":[{"href":"https:\/\/shop.bantam.ch\/fr\/wp-json\/wp\/v2\/types\/product"}],"wp:featuredmedia":[{"embeddable":true,"href":"https:\/\/shop.bantam.ch\/fr\/wp-json\/wp\/v2\/media\/122672"}],"wp:attachment":[{"href":"https:\/\/shop.bantam.ch\/fr\/wp-json\/wp\/v2\/media?parent=122680"}],"wp:term":[{"taxonomy":"product_featured_cat","embeddable":true,"href":"https:\/\/shop.bantam.ch\/fr\/wp-json\/wp\/v2\/product_featured_cat?post=122680"},{"taxonomy":"product_brand","embeddable":true,"href":"https:\/\/shop.bantam.ch\/fr\/wp-json\/wp\/v2\/product_brand?post=122680"},{"taxonomy":"product_cat","embeddable":true,"href":"https:\/\/shop.bantam.ch\/fr\/wp-json\/wp\/v2\/product_cat?post=122680"},{"taxonomy":"product_tag","embeddable":true,"href":"https:\/\/shop.bantam.ch\/fr\/wp-json\/wp\/v2\/product_tag?post=122680"}],"curies":[{"name":"wp","href":"https:\/\/api.w.org\/{rel}","templated":true}]}}