{"id":122238,"date":"2023-02-28T23:56:14","date_gmt":"2023-02-28T22:56:14","guid":{"rendered":"https:\/\/shop.bantam.ch\/produit\/infotainer-x-f285\/"},"modified":"2026-04-20T21:50:52","modified_gmt":"2026-04-20T19:50:52","slug":"infotainer-x-f285","status":"publish","type":"product","link":"https:\/\/shop.bantam.ch\/fr\/produit\/infotainer-x-f285\/","title":{"rendered":"Infotainer XZENT X-F285 pour Ford Transit"},"content":{"rendered":"<p>Principales caract\u00e9ristiques<\/p>\n<ul>\n<li>Syst\u00e8me d\u2019info-divertissement sp\u00e9cifique au v\u00e9hicule FORD Transit, peut \u00eatre mis \u00e0 niveau avec la fonction de navigation* (X-MAP27-MH1\/3)<\/li>\n<li>\u00c9cran tactile capacitif 22,9\u2033\/9\u00a0cm (1024 \u00d7 600\u00a0pixels) avec surface en verre v\u00e9ritable<\/li>\n<li>Double tuner DAB+ avec suivi du service DAB&lt;&gt;DAB, diaporama MOT, liste dynamique des stations et texte DLS<\/li>\n<li>Compatible avec Apple CarPlay<\/li>\n<li>Con\u00e7u pour iPod \/ iPhone<\/li>\n<li>AndroidLink pour les smartphones Android OS avec prise en charge du double protocole<\/li>\n<li>Module Bluetooth 4.2 avec fonction \u00ab\u00a0mains libres\u00a0\u00bb et A2DP<\/li>\n<li>Commande de deux syst\u00e8mes de cam\u00e9ras de recul avec fonction de commutation automatique, lignes de guidage<\/li>\n<li>Interface utilisateur graphique avec prise en charge de 13 langues de l\u2019UE<\/li>\n<li>Panneaux de commande \u00e0 touches sensitives \u00e9clair\u00e9es, couleurs commutables entre bleu glacier ou blanc<\/li>\n<li>Connexion aux touches multifonction sur le volant<\/li>\n<li>T\u00e9l\u00e9commande IR Bluetooth<\/li>\n<li>Module Bluetooth 4.2 avec fonction \u00ab\u00a0mains libres\u00a0\u00bb<\/li>\n<li>Importation de jusqu&rsquo;\u00e0 1000 contacts de r\u00e9pertoire comportant 3 num\u00e9ros de t\u00e9l\u00e9phone chacun<\/li>\n<li>R\u00e9pertoire t\u00e9l\u00e9phonique r\u00e9sident avec acc\u00e8s direct aux contacts synchronis\u00e9s<\/li>\n<li>Contact du r\u00e9pertoire t\u00e9l\u00e9phonique Fonction de recherche par saisie au clavier<\/li>\n<li>Microphone Bluetooth interne, entr\u00e9e pour microphone externe<\/li>\n<\/ul>\n<p>Multim\u00e9dia + Audio<\/p>\n<ul>\n<li>R\u00e9cepteur DAB+ avec double tuner et 18 pr\u00e9s\u00e9lections de stations radio<\/li>\n<li>Radio FM RDS avec 18 m\u00e9moires de station et r\u00e9duction de bruit DSP<\/li>\n<li>Deux ports USB 2.0 \u00e0 l\u2019arri\u00e8re de l\u2019appareil pour la lecture de fichiers depuis un support de donn\u00e9es USB ou un smartphone (USB(1) pour Apple CarPlay \u2265 2000 mA, USB(2) \u2265 700 mA de courant de charge)<\/li>\n<li>Streaming audio BT via A2DP avec AVRCP 1.0<\/li>\n<li>\u00c9galiseur graphique 8 bandes avec 7 profils sonores pr\u00e9r\u00e9gl\u00e9s<\/li>\n<li>1 entr\u00e9e HDMI pour accessoires et appareils mobiles compatibles<\/li>\n<li>Amplificateur de 4 x 40 watts Connexions<\/li>\n<li>Sorties RCA pr\u00e9amplificateur 4.2 (3 V)<\/li>\n<li>2 entr\u00e9es RCA pour signaux vid\u00e9o de cam\u00e9ra (CVBS) avec alimentation de courant activ\u00e9e <\/li>\n<li>1 x entr\u00e9e d&rsquo;antenne FM Fakra avec alimentation fant\u00f4me 12 V<\/li>\n<li>1 entr\u00e9e d\u2019antenne SMB DAB avec alimentation fant\u00f4me 12\u00a0V<\/li>\n<li>1 x sortie vid\u00e9o RCA (CVBS, NTSC)<\/li>\n<li>1 entr\u00e9e A\/V avec NTSC\/PAL Commutation automatique (CVBS)<\/li>\n<li>1 entr\u00e9e HDMI<\/li>\n<li>1 x entr\u00e9e SMA pour l\u2019antenne GPS*<\/li>\n<li>1 x entr\u00e9e jack 3,5 mm pour microphone externe Bluetooth<\/li>\n<li>1 x entr\u00e9e IR-In pour la connexion d\u2019une interface CAN\/SWC externe*<\/li>\n<\/ul>\n<p>* les packs logiciels de navigation (M-MAP27-MH1\/3) ne font pas partie de la livraison de l\u2019appareil.<\/p>\n<p>* Microphone externe inclus dans la livraison<\/p>\n<p>* Antenne GPS incluse dans la livraison<\/p>\n<p>* Interface incluse dans la livraison<\/p>\n","protected":false},"excerpt":{"rendered":"<p>Principales caract\u00e9ristiques Syst\u00e8me d\u2019info-divertissement sp\u00e9cifique au v\u00e9hicule FORD Transit, peut \u00eatre mis \u00e0 niveau avec la fonction de navigation* (X-MAP27-MH1\/3) \u00c9cran tactile capacitif 22,9\u2033\/9\u00a0cm (1024 \u00d7 600\u00a0pixels) avec surface en verre v\u00e9ritable Double tuner DAB+ avec suivi du service DAB&lt;&gt;DAB, diaporama MOT, liste dynamique des stations et texte DLS Compatible avec Apple CarPlay Con\u00e7u pour [&hellip;]<\/p>\n","protected":false},"featured_media":122230,"template":"","meta":{"_acf_changed":false},"product_featured_cat":[],"product_brand":[3480],"product_cat":[4519],"product_tag":[],"class_list":{"0":"post-122238","1":"product","2":"type-product","3":"status-publish","4":"has-post-thumbnail","6":"product_brand-xzent","7":"product_cat-moniceiver","9":"first","10":"instock","11":"taxable","12":"shipping-taxable","13":"purchasable","14":"product-type-simple"},"acf":[],"yoast_head":"<!-- This site is optimized with the Yoast SEO plugin v27.4 - https:\/\/yoast.com\/product\/yoast-seo-wordpress\/ -->\n<title>Infotainer XZENT X-F285 pour Ford Transit - Bantam Wankm\u00fcller SA<\/title>\n<meta name=\"robots\" content=\"index, follow, max-snippet:-1, max-image-preview:large, max-video-preview:-1\" \/>\n<link rel=\"canonical\" href=\"https:\/\/shop.bantam.ch\/fr\/produit\/infotainer-x-f285\/\" \/>\n<meta property=\"og:locale\" content=\"fr_FR\" \/>\n<meta property=\"og:type\" content=\"article\" \/>\n<meta property=\"og:title\" content=\"Infotainer XZENT X-F285 pour Ford Transit - Bantam Wankm\u00fcller SA\" \/>\n<meta property=\"og:description\" content=\"Principales caract\u00e9ristiques Syst\u00e8me d\u2019info-divertissement sp\u00e9cifique au v\u00e9hicule FORD Transit, peut \u00eatre mis \u00e0 niveau avec la fonction de navigation* (X-MAP27-MH1\/3) \u00c9cran tactile capacitif 22,9\u2033\/9\u00a0cm (1024 \u00d7 600\u00a0pixels) avec surface en verre v\u00e9ritable Double tuner DAB+ avec suivi du service DAB&lt;&gt;DAB, diaporama MOT, liste dynamique des stations et texte DLS Compatible avec Apple CarPlay Con\u00e7u pour [&hellip;]\" \/>\n<meta property=\"og:url\" content=\"https:\/\/shop.bantam.ch\/fr\/produit\/infotainer-x-f285\/\" \/>\n<meta property=\"og:site_name\" content=\"Bantam Wankm\u00fcller SA\" \/>\n<meta property=\"article:modified_time\" content=\"2026-04-20T19:50:52+00:00\" \/>\n<meta property=\"og:image\" content=\"https:\/\/shop.bantam.ch\/wp-content\/uploads\/2023\/02\/998419111-scaled.jpg\" \/>\n\t<meta property=\"og:image:width\" content=\"2362\" \/>\n\t<meta property=\"og:image:height\" content=\"1699\" \/>\n\t<meta property=\"og:image:type\" content=\"image\/jpeg\" \/>\n<meta name=\"twitter:card\" content=\"summary_large_image\" \/>\n<meta name=\"twitter:label1\" content=\"Dur\u00e9e de lecture estim\u00e9e\" \/>\n\t<meta name=\"twitter:data1\" content=\"2 minutes\" \/>\n<script type=\"application\/ld+json\" class=\"yoast-schema-graph\">{\"@context\":\"https:\\\/\\\/schema.org\",\"@graph\":[{\"@type\":\"WebPage\",\"@id\":\"https:\\\/\\\/shop.bantam.ch\\\/fr\\\/produit\\\/infotainer-x-f285\\\/\",\"url\":\"https:\\\/\\\/shop.bantam.ch\\\/fr\\\/produit\\\/infotainer-x-f285\\\/\",\"name\":\"Infotainer XZENT X-F285 pour Ford Transit - Bantam Wankm\u00fcller SA\",\"isPartOf\":{\"@id\":\"https:\\\/\\\/shop.bantam.ch\\\/fr\\\/#website\"},\"primaryImageOfPage\":{\"@id\":\"https:\\\/\\\/shop.bantam.ch\\\/fr\\\/produit\\\/infotainer-x-f285\\\/#primaryimage\"},\"image\":{\"@id\":\"https:\\\/\\\/shop.bantam.ch\\\/fr\\\/produit\\\/infotainer-x-f285\\\/#primaryimage\"},\"thumbnailUrl\":\"https:\\\/\\\/shop.bantam.ch\\\/wp-content\\\/uploads\\\/2023\\\/02\\\/998419111-scaled.jpg\",\"datePublished\":\"2023-02-28T22:56:14+00:00\",\"dateModified\":\"2026-04-20T19:50:52+00:00\",\"breadcrumb\":{\"@id\":\"https:\\\/\\\/shop.bantam.ch\\\/fr\\\/produit\\\/infotainer-x-f285\\\/#breadcrumb\"},\"inLanguage\":\"fr-FR\",\"potentialAction\":[{\"@type\":\"ReadAction\",\"target\":[\"https:\\\/\\\/shop.bantam.ch\\\/fr\\\/produit\\\/infotainer-x-f285\\\/\"]}]},{\"@type\":\"ImageObject\",\"inLanguage\":\"fr-FR\",\"@id\":\"https:\\\/\\\/shop.bantam.ch\\\/fr\\\/produit\\\/infotainer-x-f285\\\/#primaryimage\",\"url\":\"https:\\\/\\\/shop.bantam.ch\\\/wp-content\\\/uploads\\\/2023\\\/02\\\/998419111-scaled.jpg\",\"contentUrl\":\"https:\\\/\\\/shop.bantam.ch\\\/wp-content\\\/uploads\\\/2023\\\/02\\\/998419111-scaled.jpg\",\"width\":2048,\"height\":1473},{\"@type\":\"BreadcrumbList\",\"@id\":\"https:\\\/\\\/shop.bantam.ch\\\/fr\\\/produit\\\/infotainer-x-f285\\\/#breadcrumb\",\"itemListElement\":[{\"@type\":\"ListItem\",\"position\":1,\"name\":\"Accueil\",\"item\":\"https:\\\/\\\/shop.bantam.ch\\\/fr\\\/\"},{\"@type\":\"ListItem\",\"position\":2,\"name\":\"Boutique\",\"item\":\"https:\\\/\\\/shop.bantam.ch\\\/fr\\\/boutique\\\/\"},{\"@type\":\"ListItem\",\"position\":3,\"name\":\"Infotainer XZENT X-F285 pour Ford Transit\"}]},{\"@type\":\"WebSite\",\"@id\":\"https:\\\/\\\/shop.bantam.ch\\\/fr\\\/#website\",\"url\":\"https:\\\/\\\/shop.bantam.ch\\\/fr\\\/\",\"name\":\"Bantam Wankm\u00fcller SA\",\"description\":\"\",\"publisher\":{\"@id\":\"https:\\\/\\\/shop.bantam.ch\\\/fr\\\/#organization\"},\"inLanguage\":\"fr-FR\"},{\"@type\":\"Organization\",\"@id\":\"https:\\\/\\\/shop.bantam.ch\\\/fr\\\/#organization\",\"name\":\"Bantam Wankm\u00fcller SA\",\"url\":\"https:\\\/\\\/shop.bantam.ch\\\/fr\\\/\",\"logo\":{\"@type\":\"ImageObject\",\"inLanguage\":\"fr-FR\",\"@id\":\"https:\\\/\\\/shop.bantam.ch\\\/fr\\\/#\\\/schema\\\/logo\\\/image\\\/\",\"url\":\"https:\\\/\\\/shop.bantam.ch\\\/wp-content\\\/uploads\\\/2022\\\/12\\\/bantam-logo.png\",\"contentUrl\":\"https:\\\/\\\/shop.bantam.ch\\\/wp-content\\\/uploads\\\/2022\\\/12\\\/bantam-logo.png\",\"width\":320,\"height\":71,\"caption\":\"Bantam Wankm\u00fcller SA\"},\"image\":{\"@id\":\"https:\\\/\\\/shop.bantam.ch\\\/fr\\\/#\\\/schema\\\/logo\\\/image\\\/\"}}]}<\/script>\n<!-- \/ Yoast SEO plugin. -->","yoast_head_json":{"title":"Infotainer XZENT X-F285 pour Ford Transit - Bantam Wankm\u00fcller SA","robots":{"index":"index","follow":"follow","max-snippet":"max-snippet:-1","max-image-preview":"max-image-preview:large","max-video-preview":"max-video-preview:-1"},"canonical":"https:\/\/shop.bantam.ch\/fr\/produit\/infotainer-x-f285\/","og_locale":"fr_FR","og_type":"article","og_title":"Infotainer XZENT X-F285 pour Ford Transit - Bantam Wankm\u00fcller SA","og_description":"Principales caract\u00e9ristiques Syst\u00e8me d\u2019info-divertissement sp\u00e9cifique au v\u00e9hicule FORD Transit, peut \u00eatre mis \u00e0 niveau avec la fonction de navigation* (X-MAP27-MH1\/3) \u00c9cran tactile capacitif 22,9\u2033\/9\u00a0cm (1024 \u00d7 600\u00a0pixels) avec surface en verre v\u00e9ritable Double tuner DAB+ avec suivi du service DAB&lt;&gt;DAB, diaporama MOT, liste dynamique des stations et texte DLS Compatible avec Apple CarPlay Con\u00e7u pour [&hellip;]","og_url":"https:\/\/shop.bantam.ch\/fr\/produit\/infotainer-x-f285\/","og_site_name":"Bantam Wankm\u00fcller SA","article_modified_time":"2026-04-20T19:50:52+00:00","og_image":[{"width":2362,"height":1699,"url":"https:\/\/shop.bantam.ch\/wp-content\/uploads\/2023\/02\/998419111-scaled.jpg","type":"image\/jpeg"}],"twitter_card":"summary_large_image","twitter_misc":{"Dur\u00e9e de lecture estim\u00e9e":"2 minutes"},"schema":{"@context":"https:\/\/schema.org","@graph":[{"@type":"WebPage","@id":"https:\/\/shop.bantam.ch\/fr\/produit\/infotainer-x-f285\/","url":"https:\/\/shop.bantam.ch\/fr\/produit\/infotainer-x-f285\/","name":"Infotainer XZENT X-F285 pour Ford Transit - Bantam Wankm\u00fcller SA","isPartOf":{"@id":"https:\/\/shop.bantam.ch\/fr\/#website"},"primaryImageOfPage":{"@id":"https:\/\/shop.bantam.ch\/fr\/produit\/infotainer-x-f285\/#primaryimage"},"image":{"@id":"https:\/\/shop.bantam.ch\/fr\/produit\/infotainer-x-f285\/#primaryimage"},"thumbnailUrl":"https:\/\/shop.bantam.ch\/wp-content\/uploads\/2023\/02\/998419111-scaled.jpg","datePublished":"2023-02-28T22:56:14+00:00","dateModified":"2026-04-20T19:50:52+00:00","breadcrumb":{"@id":"https:\/\/shop.bantam.ch\/fr\/produit\/infotainer-x-f285\/#breadcrumb"},"inLanguage":"fr-FR","potentialAction":[{"@type":"ReadAction","target":["https:\/\/shop.bantam.ch\/fr\/produit\/infotainer-x-f285\/"]}]},{"@type":"ImageObject","inLanguage":"fr-FR","@id":"https:\/\/shop.bantam.ch\/fr\/produit\/infotainer-x-f285\/#primaryimage","url":"https:\/\/shop.bantam.ch\/wp-content\/uploads\/2023\/02\/998419111-scaled.jpg","contentUrl":"https:\/\/shop.bantam.ch\/wp-content\/uploads\/2023\/02\/998419111-scaled.jpg","width":2048,"height":1473},{"@type":"BreadcrumbList","@id":"https:\/\/shop.bantam.ch\/fr\/produit\/infotainer-x-f285\/#breadcrumb","itemListElement":[{"@type":"ListItem","position":1,"name":"Accueil","item":"https:\/\/shop.bantam.ch\/fr\/"},{"@type":"ListItem","position":2,"name":"Boutique","item":"https:\/\/shop.bantam.ch\/fr\/boutique\/"},{"@type":"ListItem","position":3,"name":"Infotainer XZENT X-F285 pour Ford Transit"}]},{"@type":"WebSite","@id":"https:\/\/shop.bantam.ch\/fr\/#website","url":"https:\/\/shop.bantam.ch\/fr\/","name":"Bantam Wankm\u00fcller SA","description":"","publisher":{"@id":"https:\/\/shop.bantam.ch\/fr\/#organization"},"inLanguage":"fr-FR"},{"@type":"Organization","@id":"https:\/\/shop.bantam.ch\/fr\/#organization","name":"Bantam Wankm\u00fcller SA","url":"https:\/\/shop.bantam.ch\/fr\/","logo":{"@type":"ImageObject","inLanguage":"fr-FR","@id":"https:\/\/shop.bantam.ch\/fr\/#\/schema\/logo\/image\/","url":"https:\/\/shop.bantam.ch\/wp-content\/uploads\/2022\/12\/bantam-logo.png","contentUrl":"https:\/\/shop.bantam.ch\/wp-content\/uploads\/2022\/12\/bantam-logo.png","width":320,"height":71,"caption":"Bantam Wankm\u00fcller SA"},"image":{"@id":"https:\/\/shop.bantam.ch\/fr\/#\/schema\/logo\/image\/"}}]}},"_links":{"self":[{"href":"https:\/\/shop.bantam.ch\/fr\/wp-json\/wp\/v2\/product\/122238","targetHints":{"allow":["GET"]}}],"collection":[{"href":"https:\/\/shop.bantam.ch\/fr\/wp-json\/wp\/v2\/product"}],"about":[{"href":"https:\/\/shop.bantam.ch\/fr\/wp-json\/wp\/v2\/types\/product"}],"wp:featuredmedia":[{"embeddable":true,"href":"https:\/\/shop.bantam.ch\/fr\/wp-json\/wp\/v2\/media\/122230"}],"wp:attachment":[{"href":"https:\/\/shop.bantam.ch\/fr\/wp-json\/wp\/v2\/media?parent=122238"}],"wp:term":[{"taxonomy":"product_featured_cat","embeddable":true,"href":"https:\/\/shop.bantam.ch\/fr\/wp-json\/wp\/v2\/product_featured_cat?post=122238"},{"taxonomy":"product_brand","embeddable":true,"href":"https:\/\/shop.bantam.ch\/fr\/wp-json\/wp\/v2\/product_brand?post=122238"},{"taxonomy":"product_cat","embeddable":true,"href":"https:\/\/shop.bantam.ch\/fr\/wp-json\/wp\/v2\/product_cat?post=122238"},{"taxonomy":"product_tag","embeddable":true,"href":"https:\/\/shop.bantam.ch\/fr\/wp-json\/wp\/v2\/product_tag?post=122238"}],"curies":[{"name":"wp","href":"https:\/\/api.w.org\/{rel}","templated":true}]}}