{"id":122228,"date":"2023-02-28T23:56:07","date_gmt":"2023-02-28T22:56:07","guid":{"rendered":"https:\/\/shop.bantam.ch\/produit\/ensemble-haut-parleur-em-mbf3-plug-play\/"},"modified":"2026-04-21T21:50:28","modified_gmt":"2026-04-21T19:50:28","slug":"ensemble-haut-parleur-em-mbf3-plug-play","status":"publish","type":"product","link":"https:\/\/shop.bantam.ch\/fr\/produit\/ensemble-haut-parleur-em-mbf3-plug-play\/","title":{"rendered":"Kit de haut-parleurs ACR EM-MBF3 Plug u. Play pour Mercedes Benz\u00a0Sprinter _VS30 \/ W907_"},"content":{"rendered":"<ul>\n<li>Plug &amp; Play compo 2.1 voies pour Mercedes-Benz Sprinter W907<\/li>\n<li>Raccordements sp\u00e9cifiques au v\u00e9hicule<\/li>\n<li>Syst\u00e8me avec haut-parleur central pour un son optimal, avec une deuxi\u00e8me bobine mobile incluse pour la compatibilit\u00e9 avec les appels \u00e9lectroniques<\/li>\n<li>Woofer avec membrane en aluminium et surround Cambridge, avec aimant en n\u00e9odyme<\/li>\n<li>Capuchon en cuivre Faraday pour cr\u00e9er un champ magn\u00e9tique stable, bobine mobile de 25 mm<\/li>\n<li>Tweeter de 19 mm avec d\u00f4me en tissu et sans refroidissement par ferrofluide pour une plus grande dynamique<\/li>\n<li>Crossover 12dB\/6dB\/oct. @ 5000 Hz avec des composants de haute qualit\u00e9<\/li>\n<\/ul>\n<p>DONN\u00c9ES TECHNIQUES<\/p>\n<p>Puissance nominale : 50 W RMS<\/p>\n<p>R\u00e9ponse en fr\u00e9quence : 55 Hz &#8211; 22 Khz<\/p>\n<p>Imp\u00e9dance\u00a0: 4 ohms<\/p>\n<p>Sensibilit\u00e9 \u00e0 la lumi\u00e8re\u00a0: 88 dB<\/p>\n","protected":false},"excerpt":{"rendered":"<p>Plug &amp; Play compo 2.1 voies pour Mercedes-Benz Sprinter W907 Raccordements sp\u00e9cifiques au v\u00e9hicule Syst\u00e8me avec haut-parleur central pour un son optimal, avec une deuxi\u00e8me bobine mobile incluse pour la compatibilit\u00e9 avec les appels \u00e9lectroniques Woofer avec membrane en aluminium et surround Cambridge, avec aimant en n\u00e9odyme Capuchon en cuivre Faraday pour cr\u00e9er un champ [&hellip;]<\/p>\n","protected":false},"featured_media":122226,"template":"","meta":{"_acf_changed":false},"product_featured_cat":[],"product_brand":[3612],"product_cat":[4499],"product_tag":[],"class_list":{"0":"post-122228","1":"product","2":"type-product","3":"status-publish","4":"has-post-thumbnail","6":"product_brand-acr","7":"product_cat-haut-parleurs","9":"first","10":"instock","11":"taxable","12":"shipping-taxable","13":"purchasable","14":"product-type-simple"},"acf":[],"yoast_head":"<!-- This site is optimized with the Yoast SEO plugin v27.4 - https:\/\/yoast.com\/product\/yoast-seo-wordpress\/ -->\n<title>Kit de haut-parleurs ACR EM-MBF3 Plug u. Play pour Mercedes Benz\u00a0Sprinter _VS30 \/ W907_ - Bantam Wankm\u00fcller SA<\/title>\n<meta name=\"robots\" content=\"index, follow, max-snippet:-1, max-image-preview:large, max-video-preview:-1\" \/>\n<link rel=\"canonical\" href=\"https:\/\/shop.bantam.ch\/fr\/produit\/ensemble-haut-parleur-em-mbf3-plug-play\/\" \/>\n<meta property=\"og:locale\" content=\"fr_FR\" \/>\n<meta property=\"og:type\" content=\"article\" \/>\n<meta property=\"og:title\" content=\"Kit de haut-parleurs ACR EM-MBF3 Plug u. Play pour Mercedes Benz\u00a0Sprinter _VS30 \/ W907_ - Bantam Wankm\u00fcller SA\" \/>\n<meta property=\"og:description\" content=\"Plug &amp; Play compo 2.1 voies pour Mercedes-Benz Sprinter W907 Raccordements sp\u00e9cifiques au v\u00e9hicule Syst\u00e8me avec haut-parleur central pour un son optimal, avec une deuxi\u00e8me bobine mobile incluse pour la compatibilit\u00e9 avec les appels \u00e9lectroniques Woofer avec membrane en aluminium et surround Cambridge, avec aimant en n\u00e9odyme Capuchon en cuivre Faraday pour cr\u00e9er un champ [&hellip;]\" \/>\n<meta property=\"og:url\" content=\"https:\/\/shop.bantam.ch\/fr\/produit\/ensemble-haut-parleur-em-mbf3-plug-play\/\" \/>\n<meta property=\"og:site_name\" content=\"Bantam Wankm\u00fcller SA\" \/>\n<meta property=\"article:modified_time\" content=\"2026-04-21T19:50:28+00:00\" \/>\n<meta property=\"og:image\" content=\"https:\/\/shop.bantam.ch\/wp-content\/uploads\/2023\/02\/998430911jXgJDCeApKNKt-scaled.jpg\" \/>\n\t<meta property=\"og:image:width\" content=\"1024\" \/>\n\t<meta property=\"og:image:height\" content=\"697\" \/>\n\t<meta property=\"og:image:type\" content=\"image\/jpeg\" \/>\n<meta name=\"twitter:card\" content=\"summary_large_image\" \/>\n<meta name=\"twitter:label1\" content=\"Dur\u00e9e de lecture estim\u00e9e\" \/>\n\t<meta name=\"twitter:data1\" content=\"1 minute\" \/>\n<script type=\"application\/ld+json\" class=\"yoast-schema-graph\">{\"@context\":\"https:\\\/\\\/schema.org\",\"@graph\":[{\"@type\":\"WebPage\",\"@id\":\"https:\\\/\\\/shop.bantam.ch\\\/fr\\\/produit\\\/ensemble-haut-parleur-em-mbf3-plug-play\\\/\",\"url\":\"https:\\\/\\\/shop.bantam.ch\\\/fr\\\/produit\\\/ensemble-haut-parleur-em-mbf3-plug-play\\\/\",\"name\":\"Kit de haut-parleurs ACR EM-MBF3 Plug u. Play pour Mercedes Benz\u00a0Sprinter _VS30 \\\/ W907_ - Bantam Wankm\u00fcller SA\",\"isPartOf\":{\"@id\":\"https:\\\/\\\/shop.bantam.ch\\\/fr\\\/#website\"},\"primaryImageOfPage\":{\"@id\":\"https:\\\/\\\/shop.bantam.ch\\\/fr\\\/produit\\\/ensemble-haut-parleur-em-mbf3-plug-play\\\/#primaryimage\"},\"image\":{\"@id\":\"https:\\\/\\\/shop.bantam.ch\\\/fr\\\/produit\\\/ensemble-haut-parleur-em-mbf3-plug-play\\\/#primaryimage\"},\"thumbnailUrl\":\"https:\\\/\\\/shop.bantam.ch\\\/wp-content\\\/uploads\\\/2023\\\/02\\\/998430911jXgJDCeApKNKt-scaled.jpg\",\"datePublished\":\"2023-02-28T22:56:07+00:00\",\"dateModified\":\"2026-04-21T19:50:28+00:00\",\"breadcrumb\":{\"@id\":\"https:\\\/\\\/shop.bantam.ch\\\/fr\\\/produit\\\/ensemble-haut-parleur-em-mbf3-plug-play\\\/#breadcrumb\"},\"inLanguage\":\"fr-FR\",\"potentialAction\":[{\"@type\":\"ReadAction\",\"target\":[\"https:\\\/\\\/shop.bantam.ch\\\/fr\\\/produit\\\/ensemble-haut-parleur-em-mbf3-plug-play\\\/\"]}]},{\"@type\":\"ImageObject\",\"inLanguage\":\"fr-FR\",\"@id\":\"https:\\\/\\\/shop.bantam.ch\\\/fr\\\/produit\\\/ensemble-haut-parleur-em-mbf3-plug-play\\\/#primaryimage\",\"url\":\"https:\\\/\\\/shop.bantam.ch\\\/wp-content\\\/uploads\\\/2023\\\/02\\\/998430911jXgJDCeApKNKt-scaled.jpg\",\"contentUrl\":\"https:\\\/\\\/shop.bantam.ch\\\/wp-content\\\/uploads\\\/2023\\\/02\\\/998430911jXgJDCeApKNKt-scaled.jpg\",\"width\":2048,\"height\":1393},{\"@type\":\"BreadcrumbList\",\"@id\":\"https:\\\/\\\/shop.bantam.ch\\\/fr\\\/produit\\\/ensemble-haut-parleur-em-mbf3-plug-play\\\/#breadcrumb\",\"itemListElement\":[{\"@type\":\"ListItem\",\"position\":1,\"name\":\"Accueil\",\"item\":\"https:\\\/\\\/shop.bantam.ch\\\/fr\\\/\"},{\"@type\":\"ListItem\",\"position\":2,\"name\":\"Boutique\",\"item\":\"https:\\\/\\\/shop.bantam.ch\\\/fr\\\/boutique\\\/\"},{\"@type\":\"ListItem\",\"position\":3,\"name\":\"Kit de haut-parleurs ACR EM-MBF3 Plug u. Play pour Mercedes Benz\u00a0Sprinter _VS30 \\\/ W907_\"}]},{\"@type\":\"WebSite\",\"@id\":\"https:\\\/\\\/shop.bantam.ch\\\/fr\\\/#website\",\"url\":\"https:\\\/\\\/shop.bantam.ch\\\/fr\\\/\",\"name\":\"Bantam Wankm\u00fcller SA\",\"description\":\"\",\"publisher\":{\"@id\":\"https:\\\/\\\/shop.bantam.ch\\\/fr\\\/#organization\"},\"inLanguage\":\"fr-FR\"},{\"@type\":\"Organization\",\"@id\":\"https:\\\/\\\/shop.bantam.ch\\\/fr\\\/#organization\",\"name\":\"Bantam Wankm\u00fcller SA\",\"url\":\"https:\\\/\\\/shop.bantam.ch\\\/fr\\\/\",\"logo\":{\"@type\":\"ImageObject\",\"inLanguage\":\"fr-FR\",\"@id\":\"https:\\\/\\\/shop.bantam.ch\\\/fr\\\/#\\\/schema\\\/logo\\\/image\\\/\",\"url\":\"https:\\\/\\\/shop.bantam.ch\\\/wp-content\\\/uploads\\\/2022\\\/12\\\/bantam-logo.png\",\"contentUrl\":\"https:\\\/\\\/shop.bantam.ch\\\/wp-content\\\/uploads\\\/2022\\\/12\\\/bantam-logo.png\",\"width\":320,\"height\":71,\"caption\":\"Bantam Wankm\u00fcller SA\"},\"image\":{\"@id\":\"https:\\\/\\\/shop.bantam.ch\\\/fr\\\/#\\\/schema\\\/logo\\\/image\\\/\"}}]}<\/script>\n<!-- \/ Yoast SEO plugin. -->","yoast_head_json":{"title":"Kit de haut-parleurs ACR EM-MBF3 Plug u. Play pour Mercedes Benz\u00a0Sprinter _VS30 \/ W907_ - Bantam Wankm\u00fcller SA","robots":{"index":"index","follow":"follow","max-snippet":"max-snippet:-1","max-image-preview":"max-image-preview:large","max-video-preview":"max-video-preview:-1"},"canonical":"https:\/\/shop.bantam.ch\/fr\/produit\/ensemble-haut-parleur-em-mbf3-plug-play\/","og_locale":"fr_FR","og_type":"article","og_title":"Kit de haut-parleurs ACR EM-MBF3 Plug u. Play pour Mercedes Benz\u00a0Sprinter _VS30 \/ W907_ - Bantam Wankm\u00fcller SA","og_description":"Plug &amp; Play compo 2.1 voies pour Mercedes-Benz Sprinter W907 Raccordements sp\u00e9cifiques au v\u00e9hicule Syst\u00e8me avec haut-parleur central pour un son optimal, avec une deuxi\u00e8me bobine mobile incluse pour la compatibilit\u00e9 avec les appels \u00e9lectroniques Woofer avec membrane en aluminium et surround Cambridge, avec aimant en n\u00e9odyme Capuchon en cuivre Faraday pour cr\u00e9er un champ [&hellip;]","og_url":"https:\/\/shop.bantam.ch\/fr\/produit\/ensemble-haut-parleur-em-mbf3-plug-play\/","og_site_name":"Bantam Wankm\u00fcller SA","article_modified_time":"2026-04-21T19:50:28+00:00","og_image":[{"url":"https:\/\/shop.bantam.ch\/wp-content\/uploads\/2023\/02\/998430911jXgJDCeApKNKt-scaled.jpg","width":1024,"height":697,"type":"image\/jpeg"}],"twitter_card":"summary_large_image","twitter_misc":{"Dur\u00e9e de lecture estim\u00e9e":"1 minute"},"schema":{"@context":"https:\/\/schema.org","@graph":[{"@type":"WebPage","@id":"https:\/\/shop.bantam.ch\/fr\/produit\/ensemble-haut-parleur-em-mbf3-plug-play\/","url":"https:\/\/shop.bantam.ch\/fr\/produit\/ensemble-haut-parleur-em-mbf3-plug-play\/","name":"Kit de haut-parleurs ACR EM-MBF3 Plug u. Play pour Mercedes Benz\u00a0Sprinter _VS30 \/ W907_ - Bantam Wankm\u00fcller SA","isPartOf":{"@id":"https:\/\/shop.bantam.ch\/fr\/#website"},"primaryImageOfPage":{"@id":"https:\/\/shop.bantam.ch\/fr\/produit\/ensemble-haut-parleur-em-mbf3-plug-play\/#primaryimage"},"image":{"@id":"https:\/\/shop.bantam.ch\/fr\/produit\/ensemble-haut-parleur-em-mbf3-plug-play\/#primaryimage"},"thumbnailUrl":"https:\/\/shop.bantam.ch\/wp-content\/uploads\/2023\/02\/998430911jXgJDCeApKNKt-scaled.jpg","datePublished":"2023-02-28T22:56:07+00:00","dateModified":"2026-04-21T19:50:28+00:00","breadcrumb":{"@id":"https:\/\/shop.bantam.ch\/fr\/produit\/ensemble-haut-parleur-em-mbf3-plug-play\/#breadcrumb"},"inLanguage":"fr-FR","potentialAction":[{"@type":"ReadAction","target":["https:\/\/shop.bantam.ch\/fr\/produit\/ensemble-haut-parleur-em-mbf3-plug-play\/"]}]},{"@type":"ImageObject","inLanguage":"fr-FR","@id":"https:\/\/shop.bantam.ch\/fr\/produit\/ensemble-haut-parleur-em-mbf3-plug-play\/#primaryimage","url":"https:\/\/shop.bantam.ch\/wp-content\/uploads\/2023\/02\/998430911jXgJDCeApKNKt-scaled.jpg","contentUrl":"https:\/\/shop.bantam.ch\/wp-content\/uploads\/2023\/02\/998430911jXgJDCeApKNKt-scaled.jpg","width":2048,"height":1393},{"@type":"BreadcrumbList","@id":"https:\/\/shop.bantam.ch\/fr\/produit\/ensemble-haut-parleur-em-mbf3-plug-play\/#breadcrumb","itemListElement":[{"@type":"ListItem","position":1,"name":"Accueil","item":"https:\/\/shop.bantam.ch\/fr\/"},{"@type":"ListItem","position":2,"name":"Boutique","item":"https:\/\/shop.bantam.ch\/fr\/boutique\/"},{"@type":"ListItem","position":3,"name":"Kit de haut-parleurs ACR EM-MBF3 Plug u. Play pour Mercedes Benz\u00a0Sprinter _VS30 \/ W907_"}]},{"@type":"WebSite","@id":"https:\/\/shop.bantam.ch\/fr\/#website","url":"https:\/\/shop.bantam.ch\/fr\/","name":"Bantam Wankm\u00fcller SA","description":"","publisher":{"@id":"https:\/\/shop.bantam.ch\/fr\/#organization"},"inLanguage":"fr-FR"},{"@type":"Organization","@id":"https:\/\/shop.bantam.ch\/fr\/#organization","name":"Bantam Wankm\u00fcller SA","url":"https:\/\/shop.bantam.ch\/fr\/","logo":{"@type":"ImageObject","inLanguage":"fr-FR","@id":"https:\/\/shop.bantam.ch\/fr\/#\/schema\/logo\/image\/","url":"https:\/\/shop.bantam.ch\/wp-content\/uploads\/2022\/12\/bantam-logo.png","contentUrl":"https:\/\/shop.bantam.ch\/wp-content\/uploads\/2022\/12\/bantam-logo.png","width":320,"height":71,"caption":"Bantam Wankm\u00fcller SA"},"image":{"@id":"https:\/\/shop.bantam.ch\/fr\/#\/schema\/logo\/image\/"}}]}},"_links":{"self":[{"href":"https:\/\/shop.bantam.ch\/fr\/wp-json\/wp\/v2\/product\/122228","targetHints":{"allow":["GET"]}}],"collection":[{"href":"https:\/\/shop.bantam.ch\/fr\/wp-json\/wp\/v2\/product"}],"about":[{"href":"https:\/\/shop.bantam.ch\/fr\/wp-json\/wp\/v2\/types\/product"}],"wp:featuredmedia":[{"embeddable":true,"href":"https:\/\/shop.bantam.ch\/fr\/wp-json\/wp\/v2\/media\/122226"}],"wp:attachment":[{"href":"https:\/\/shop.bantam.ch\/fr\/wp-json\/wp\/v2\/media?parent=122228"}],"wp:term":[{"taxonomy":"product_featured_cat","embeddable":true,"href":"https:\/\/shop.bantam.ch\/fr\/wp-json\/wp\/v2\/product_featured_cat?post=122228"},{"taxonomy":"product_brand","embeddable":true,"href":"https:\/\/shop.bantam.ch\/fr\/wp-json\/wp\/v2\/product_brand?post=122228"},{"taxonomy":"product_cat","embeddable":true,"href":"https:\/\/shop.bantam.ch\/fr\/wp-json\/wp\/v2\/product_cat?post=122228"},{"taxonomy":"product_tag","embeddable":true,"href":"https:\/\/shop.bantam.ch\/fr\/wp-json\/wp\/v2\/product_tag?post=122228"}],"curies":[{"name":"wp","href":"https:\/\/api.w.org\/{rel}","templated":true}]}}