{"id":122224,"date":"2023-02-28T23:56:02","date_gmt":"2023-02-28T22:56:02","guid":{"rendered":"https:\/\/shop.bantam.ch\/produit\/systeme-denceintes-2-voies-em-fdf1-plug-play-pour-ford-transit\/"},"modified":"2026-04-21T21:50:28","modified_gmt":"2026-04-21T19:50:28","slug":"systeme-denceintes-2-voies-em-fdf1-plug-play-pour-ford-transit","status":"publish","type":"product","link":"https:\/\/shop.bantam.ch\/fr\/produit\/systeme-denceintes-2-voies-em-fdf1-plug-play-pour-ford-transit\/","title":{"rendered":"Syst\u00e8me haut-parleurs 2 voies ACR EM-FDF1 Plug u. Play pour Ford Transit"},"content":{"rendered":"<ul>\n<li> Syst\u00e8me Compo \u00e0 2 voies Plug &amp; Play pour Ford Transit et Transit Custom (7\u00e8me g\u00e9n\u00e9ration) ainsi que pour les mod\u00e8les Tourneo adapt\u00e9s \u00e0 la plate-forme<\/li>\n<li>R\u00e9ponse en fr\u00e9quence optimis\u00e9e pour un vrai son hi-fi<\/li>\n<li>Woofer avec membrane en aluminium pour des performances sonores de pr\u00e9cision.<\/li>\n<li>Surround Cambridge pour de fortes vibrations lin\u00e9aires de la membrane<\/li>\n<li>Aimant puissant, anneau de cuivre de Faraday pour un champ magn\u00e9tique stable<\/li>\n<li>Bobine acoustique de 25 mm sur support en aluminium r\u00e9sistant \u00e0 la chaleur<\/li>\n<li>Tweeter de 25 mm avec d\u00f4me en tissu et sans refroidissement par ferrofluide pour une brillance maximale et la plus grande gamme dynamique<\/li>\n<li>Crossover 12dB\/12dB\/oct. @ 3200 Hz avec des composants de haute qualit\u00e9<\/li>\n<li>Raccordements sp\u00e9cifiques au v\u00e9hicule<\/li>\n<li>Contenu de la livraison : 2 tweeters avec c\u00e2ble int\u00e9gr\u00e9, 2 woofers, 1 mode d&#8217;emploi<\/li>\n<\/ul>\n<p>Donn\u00e9es techniques<\/p>\n<p>Puissance nominale : 50 W RMS<\/p>\n<p>R\u00e9ponse en fr\u00e9quence : 50 Hz &#8211; 22 Khz<\/p>\n<p>Imp\u00e9dance\u00a0: 4 ohms<\/p>\n<p>Sensibilit\u00e9 \u00e0 la lumi\u00e8re\u00a0: 90 dB<\/p>\n","protected":false},"excerpt":{"rendered":"<p>Syst\u00e8me Compo \u00e0 2 voies Plug &amp; Play pour Ford Transit et Transit Custom (7\u00e8me g\u00e9n\u00e9ration) ainsi que pour les mod\u00e8les Tourneo adapt\u00e9s \u00e0 la plate-forme R\u00e9ponse en fr\u00e9quence optimis\u00e9e pour un vrai son hi-fi Woofer avec membrane en aluminium pour des performances sonores de pr\u00e9cision. Surround Cambridge pour de fortes vibrations lin\u00e9aires de la [&hellip;]<\/p>\n","protected":false},"featured_media":122218,"template":"","meta":{"_acf_changed":false},"product_featured_cat":[],"product_brand":[3612],"product_cat":[4499],"product_tag":[],"class_list":{"0":"post-122224","1":"product","2":"type-product","3":"status-publish","4":"has-post-thumbnail","6":"product_brand-acr","7":"product_cat-haut-parleurs","9":"first","10":"instock","11":"taxable","12":"shipping-taxable","13":"purchasable","14":"product-type-simple"},"acf":[],"yoast_head":"<!-- This site is optimized with the Yoast SEO plugin v27.4 - https:\/\/yoast.com\/product\/yoast-seo-wordpress\/ -->\n<title>Syst\u00e8me haut-parleurs 2 voies ACR EM-FDF1 Plug u. Play pour Ford Transit - Bantam Wankm\u00fcller SA<\/title>\n<meta name=\"robots\" content=\"index, follow, max-snippet:-1, max-image-preview:large, max-video-preview:-1\" \/>\n<link rel=\"canonical\" href=\"https:\/\/shop.bantam.ch\/fr\/produit\/systeme-denceintes-2-voies-em-fdf1-plug-play-pour-ford-transit\/\" \/>\n<meta property=\"og:locale\" content=\"fr_FR\" \/>\n<meta property=\"og:type\" content=\"article\" \/>\n<meta property=\"og:title\" content=\"Syst\u00e8me haut-parleurs 2 voies ACR EM-FDF1 Plug u. Play pour Ford Transit - Bantam Wankm\u00fcller SA\" \/>\n<meta property=\"og:description\" content=\"Syst\u00e8me Compo \u00e0 2 voies Plug &amp; Play pour Ford Transit et Transit Custom (7\u00e8me g\u00e9n\u00e9ration) ainsi que pour les mod\u00e8les Tourneo adapt\u00e9s \u00e0 la plate-forme R\u00e9ponse en fr\u00e9quence optimis\u00e9e pour un vrai son hi-fi Woofer avec membrane en aluminium pour des performances sonores de pr\u00e9cision. Surround Cambridge pour de fortes vibrations lin\u00e9aires de la [&hellip;]\" \/>\n<meta property=\"og:url\" content=\"https:\/\/shop.bantam.ch\/fr\/produit\/systeme-denceintes-2-voies-em-fdf1-plug-play-pour-ford-transit\/\" \/>\n<meta property=\"og:site_name\" content=\"Bantam Wankm\u00fcller SA\" \/>\n<meta property=\"article:modified_time\" content=\"2026-04-21T19:50:28+00:00\" \/>\n<meta property=\"og:image\" content=\"https:\/\/shop.bantam.ch\/wp-content\/uploads\/2023\/02\/998430811Lil5qmcD11oQD-scaled.jpg\" \/>\n\t<meta property=\"og:image:width\" content=\"1024\" \/>\n\t<meta property=\"og:image:height\" content=\"737\" \/>\n\t<meta property=\"og:image:type\" content=\"image\/jpeg\" \/>\n<meta name=\"twitter:card\" content=\"summary_large_image\" \/>\n<meta name=\"twitter:label1\" content=\"Dur\u00e9e de lecture estim\u00e9e\" \/>\n\t<meta name=\"twitter:data1\" content=\"1 minute\" \/>\n<script type=\"application\/ld+json\" class=\"yoast-schema-graph\">{\"@context\":\"https:\\\/\\\/schema.org\",\"@graph\":[{\"@type\":\"WebPage\",\"@id\":\"https:\\\/\\\/shop.bantam.ch\\\/fr\\\/produit\\\/systeme-denceintes-2-voies-em-fdf1-plug-play-pour-ford-transit\\\/\",\"url\":\"https:\\\/\\\/shop.bantam.ch\\\/fr\\\/produit\\\/systeme-denceintes-2-voies-em-fdf1-plug-play-pour-ford-transit\\\/\",\"name\":\"Syst\u00e8me haut-parleurs 2 voies ACR EM-FDF1 Plug u. Play pour Ford Transit - Bantam Wankm\u00fcller SA\",\"isPartOf\":{\"@id\":\"https:\\\/\\\/shop.bantam.ch\\\/fr\\\/#website\"},\"primaryImageOfPage\":{\"@id\":\"https:\\\/\\\/shop.bantam.ch\\\/fr\\\/produit\\\/systeme-denceintes-2-voies-em-fdf1-plug-play-pour-ford-transit\\\/#primaryimage\"},\"image\":{\"@id\":\"https:\\\/\\\/shop.bantam.ch\\\/fr\\\/produit\\\/systeme-denceintes-2-voies-em-fdf1-plug-play-pour-ford-transit\\\/#primaryimage\"},\"thumbnailUrl\":\"https:\\\/\\\/shop.bantam.ch\\\/wp-content\\\/uploads\\\/2023\\\/02\\\/998430811Lil5qmcD11oQD-scaled.jpg\",\"datePublished\":\"2023-02-28T22:56:02+00:00\",\"dateModified\":\"2026-04-21T19:50:28+00:00\",\"breadcrumb\":{\"@id\":\"https:\\\/\\\/shop.bantam.ch\\\/fr\\\/produit\\\/systeme-denceintes-2-voies-em-fdf1-plug-play-pour-ford-transit\\\/#breadcrumb\"},\"inLanguage\":\"fr-FR\",\"potentialAction\":[{\"@type\":\"ReadAction\",\"target\":[\"https:\\\/\\\/shop.bantam.ch\\\/fr\\\/produit\\\/systeme-denceintes-2-voies-em-fdf1-plug-play-pour-ford-transit\\\/\"]}]},{\"@type\":\"ImageObject\",\"inLanguage\":\"fr-FR\",\"@id\":\"https:\\\/\\\/shop.bantam.ch\\\/fr\\\/produit\\\/systeme-denceintes-2-voies-em-fdf1-plug-play-pour-ford-transit\\\/#primaryimage\",\"url\":\"https:\\\/\\\/shop.bantam.ch\\\/wp-content\\\/uploads\\\/2023\\\/02\\\/998430811Lil5qmcD11oQD-scaled.jpg\",\"contentUrl\":\"https:\\\/\\\/shop.bantam.ch\\\/wp-content\\\/uploads\\\/2023\\\/02\\\/998430811Lil5qmcD11oQD-scaled.jpg\",\"width\":2048,\"height\":1475},{\"@type\":\"BreadcrumbList\",\"@id\":\"https:\\\/\\\/shop.bantam.ch\\\/fr\\\/produit\\\/systeme-denceintes-2-voies-em-fdf1-plug-play-pour-ford-transit\\\/#breadcrumb\",\"itemListElement\":[{\"@type\":\"ListItem\",\"position\":1,\"name\":\"Accueil\",\"item\":\"https:\\\/\\\/shop.bantam.ch\\\/fr\\\/\"},{\"@type\":\"ListItem\",\"position\":2,\"name\":\"Boutique\",\"item\":\"https:\\\/\\\/shop.bantam.ch\\\/fr\\\/boutique\\\/\"},{\"@type\":\"ListItem\",\"position\":3,\"name\":\"Syst\u00e8me haut-parleurs 2 voies ACR EM-FDF1 Plug u. Play pour Ford Transit\"}]},{\"@type\":\"WebSite\",\"@id\":\"https:\\\/\\\/shop.bantam.ch\\\/fr\\\/#website\",\"url\":\"https:\\\/\\\/shop.bantam.ch\\\/fr\\\/\",\"name\":\"Bantam Wankm\u00fcller SA\",\"description\":\"\",\"publisher\":{\"@id\":\"https:\\\/\\\/shop.bantam.ch\\\/fr\\\/#organization\"},\"inLanguage\":\"fr-FR\"},{\"@type\":\"Organization\",\"@id\":\"https:\\\/\\\/shop.bantam.ch\\\/fr\\\/#organization\",\"name\":\"Bantam Wankm\u00fcller SA\",\"url\":\"https:\\\/\\\/shop.bantam.ch\\\/fr\\\/\",\"logo\":{\"@type\":\"ImageObject\",\"inLanguage\":\"fr-FR\",\"@id\":\"https:\\\/\\\/shop.bantam.ch\\\/fr\\\/#\\\/schema\\\/logo\\\/image\\\/\",\"url\":\"https:\\\/\\\/shop.bantam.ch\\\/wp-content\\\/uploads\\\/2022\\\/12\\\/bantam-logo.png\",\"contentUrl\":\"https:\\\/\\\/shop.bantam.ch\\\/wp-content\\\/uploads\\\/2022\\\/12\\\/bantam-logo.png\",\"width\":320,\"height\":71,\"caption\":\"Bantam Wankm\u00fcller SA\"},\"image\":{\"@id\":\"https:\\\/\\\/shop.bantam.ch\\\/fr\\\/#\\\/schema\\\/logo\\\/image\\\/\"}}]}<\/script>\n<!-- \/ Yoast SEO plugin. -->","yoast_head_json":{"title":"Syst\u00e8me haut-parleurs 2 voies ACR EM-FDF1 Plug u. Play pour Ford Transit - Bantam Wankm\u00fcller SA","robots":{"index":"index","follow":"follow","max-snippet":"max-snippet:-1","max-image-preview":"max-image-preview:large","max-video-preview":"max-video-preview:-1"},"canonical":"https:\/\/shop.bantam.ch\/fr\/produit\/systeme-denceintes-2-voies-em-fdf1-plug-play-pour-ford-transit\/","og_locale":"fr_FR","og_type":"article","og_title":"Syst\u00e8me haut-parleurs 2 voies ACR EM-FDF1 Plug u. Play pour Ford Transit - Bantam Wankm\u00fcller SA","og_description":"Syst\u00e8me Compo \u00e0 2 voies Plug &amp; Play pour Ford Transit et Transit Custom (7\u00e8me g\u00e9n\u00e9ration) ainsi que pour les mod\u00e8les Tourneo adapt\u00e9s \u00e0 la plate-forme R\u00e9ponse en fr\u00e9quence optimis\u00e9e pour un vrai son hi-fi Woofer avec membrane en aluminium pour des performances sonores de pr\u00e9cision. Surround Cambridge pour de fortes vibrations lin\u00e9aires de la [&hellip;]","og_url":"https:\/\/shop.bantam.ch\/fr\/produit\/systeme-denceintes-2-voies-em-fdf1-plug-play-pour-ford-transit\/","og_site_name":"Bantam Wankm\u00fcller SA","article_modified_time":"2026-04-21T19:50:28+00:00","og_image":[{"url":"https:\/\/shop.bantam.ch\/wp-content\/uploads\/2023\/02\/998430811Lil5qmcD11oQD-scaled.jpg","width":1024,"height":737,"type":"image\/jpeg"}],"twitter_card":"summary_large_image","twitter_misc":{"Dur\u00e9e de lecture estim\u00e9e":"1 minute"},"schema":{"@context":"https:\/\/schema.org","@graph":[{"@type":"WebPage","@id":"https:\/\/shop.bantam.ch\/fr\/produit\/systeme-denceintes-2-voies-em-fdf1-plug-play-pour-ford-transit\/","url":"https:\/\/shop.bantam.ch\/fr\/produit\/systeme-denceintes-2-voies-em-fdf1-plug-play-pour-ford-transit\/","name":"Syst\u00e8me haut-parleurs 2 voies ACR EM-FDF1 Plug u. Play pour Ford Transit - Bantam Wankm\u00fcller SA","isPartOf":{"@id":"https:\/\/shop.bantam.ch\/fr\/#website"},"primaryImageOfPage":{"@id":"https:\/\/shop.bantam.ch\/fr\/produit\/systeme-denceintes-2-voies-em-fdf1-plug-play-pour-ford-transit\/#primaryimage"},"image":{"@id":"https:\/\/shop.bantam.ch\/fr\/produit\/systeme-denceintes-2-voies-em-fdf1-plug-play-pour-ford-transit\/#primaryimage"},"thumbnailUrl":"https:\/\/shop.bantam.ch\/wp-content\/uploads\/2023\/02\/998430811Lil5qmcD11oQD-scaled.jpg","datePublished":"2023-02-28T22:56:02+00:00","dateModified":"2026-04-21T19:50:28+00:00","breadcrumb":{"@id":"https:\/\/shop.bantam.ch\/fr\/produit\/systeme-denceintes-2-voies-em-fdf1-plug-play-pour-ford-transit\/#breadcrumb"},"inLanguage":"fr-FR","potentialAction":[{"@type":"ReadAction","target":["https:\/\/shop.bantam.ch\/fr\/produit\/systeme-denceintes-2-voies-em-fdf1-plug-play-pour-ford-transit\/"]}]},{"@type":"ImageObject","inLanguage":"fr-FR","@id":"https:\/\/shop.bantam.ch\/fr\/produit\/systeme-denceintes-2-voies-em-fdf1-plug-play-pour-ford-transit\/#primaryimage","url":"https:\/\/shop.bantam.ch\/wp-content\/uploads\/2023\/02\/998430811Lil5qmcD11oQD-scaled.jpg","contentUrl":"https:\/\/shop.bantam.ch\/wp-content\/uploads\/2023\/02\/998430811Lil5qmcD11oQD-scaled.jpg","width":2048,"height":1475},{"@type":"BreadcrumbList","@id":"https:\/\/shop.bantam.ch\/fr\/produit\/systeme-denceintes-2-voies-em-fdf1-plug-play-pour-ford-transit\/#breadcrumb","itemListElement":[{"@type":"ListItem","position":1,"name":"Accueil","item":"https:\/\/shop.bantam.ch\/fr\/"},{"@type":"ListItem","position":2,"name":"Boutique","item":"https:\/\/shop.bantam.ch\/fr\/boutique\/"},{"@type":"ListItem","position":3,"name":"Syst\u00e8me haut-parleurs 2 voies ACR EM-FDF1 Plug u. Play pour Ford Transit"}]},{"@type":"WebSite","@id":"https:\/\/shop.bantam.ch\/fr\/#website","url":"https:\/\/shop.bantam.ch\/fr\/","name":"Bantam Wankm\u00fcller SA","description":"","publisher":{"@id":"https:\/\/shop.bantam.ch\/fr\/#organization"},"inLanguage":"fr-FR"},{"@type":"Organization","@id":"https:\/\/shop.bantam.ch\/fr\/#organization","name":"Bantam Wankm\u00fcller SA","url":"https:\/\/shop.bantam.ch\/fr\/","logo":{"@type":"ImageObject","inLanguage":"fr-FR","@id":"https:\/\/shop.bantam.ch\/fr\/#\/schema\/logo\/image\/","url":"https:\/\/shop.bantam.ch\/wp-content\/uploads\/2022\/12\/bantam-logo.png","contentUrl":"https:\/\/shop.bantam.ch\/wp-content\/uploads\/2022\/12\/bantam-logo.png","width":320,"height":71,"caption":"Bantam Wankm\u00fcller SA"},"image":{"@id":"https:\/\/shop.bantam.ch\/fr\/#\/schema\/logo\/image\/"}}]}},"_links":{"self":[{"href":"https:\/\/shop.bantam.ch\/fr\/wp-json\/wp\/v2\/product\/122224","targetHints":{"allow":["GET"]}}],"collection":[{"href":"https:\/\/shop.bantam.ch\/fr\/wp-json\/wp\/v2\/product"}],"about":[{"href":"https:\/\/shop.bantam.ch\/fr\/wp-json\/wp\/v2\/types\/product"}],"wp:featuredmedia":[{"embeddable":true,"href":"https:\/\/shop.bantam.ch\/fr\/wp-json\/wp\/v2\/media\/122218"}],"wp:attachment":[{"href":"https:\/\/shop.bantam.ch\/fr\/wp-json\/wp\/v2\/media?parent=122224"}],"wp:term":[{"taxonomy":"product_featured_cat","embeddable":true,"href":"https:\/\/shop.bantam.ch\/fr\/wp-json\/wp\/v2\/product_featured_cat?post=122224"},{"taxonomy":"product_brand","embeddable":true,"href":"https:\/\/shop.bantam.ch\/fr\/wp-json\/wp\/v2\/product_brand?post=122224"},{"taxonomy":"product_cat","embeddable":true,"href":"https:\/\/shop.bantam.ch\/fr\/wp-json\/wp\/v2\/product_cat?post=122224"},{"taxonomy":"product_tag","embeddable":true,"href":"https:\/\/shop.bantam.ch\/fr\/wp-json\/wp\/v2\/product_tag?post=122224"}],"curies":[{"name":"wp","href":"https:\/\/api.w.org\/{rel}","templated":true}]}}