{"id":121586,"date":"2023-02-28T23:45:11","date_gmt":"2023-02-28T22:45:11","guid":{"rendered":"https:\/\/shop.bantam.ch\/produit\/ensemble-empilable-de-cuisine-pastel\/"},"modified":"2026-04-18T21:50:22","modified_gmt":"2026-04-18T19:50:22","slug":"ensemble-empilable-de-cuisine-pastel","status":"publish","type":"product","link":"https:\/\/shop.bantam.ch\/fr\/produit\/ensemble-empilable-de-cuisine-pastel\/","title":{"rendered":"Ustensiles cuisine gimex empilable 5-pcs. pastel"},"content":{"rendered":"<p>Lot de 5 pi\u00e8ces d\u2019ustensiles de cuisine.<\/p>\n<ul>\n<li>Empilable et donc peu encombrant.<\/li>\n<li>Support s\u00e9curis\u00e9<\/li>\n<li>Convient \u00e0 toutes les casseroles et po\u00eales car le mat\u00e9riau ne provoque pas de rayures<\/li>\n<li>R\u00e9sistant \u00e0 la chaleur jusqu&rsquo;\u00e0 220\u00a0\u00b0C<\/li>\n<li>Mat\u00e9riau de haute qualit\u00e9, nylon LFGB certifi\u00e9 de qualit\u00e9 alimentaire<\/li>\n<\/ul>\n","protected":false},"excerpt":{"rendered":"<p>Lot de 5 pi\u00e8ces d\u2019ustensiles de cuisine. Empilable et donc peu encombrant. Support s\u00e9curis\u00e9 Convient \u00e0 toutes les casseroles et po\u00eales car le mat\u00e9riau ne provoque pas de rayures R\u00e9sistant \u00e0 la chaleur jusqu&rsquo;\u00e0 220\u00a0\u00b0C Mat\u00e9riau de haute qualit\u00e9, nylon LFGB certifi\u00e9 de qualit\u00e9 alimentaire<\/p>\n","protected":false},"featured_media":121580,"template":"","meta":{"_acf_changed":false},"product_featured_cat":[],"product_brand":[3276],"product_cat":[4285],"product_tag":[],"class_list":{"0":"post-121586","1":"product","2":"type-product","3":"status-publish","4":"has-post-thumbnail","6":"product_brand-gimex","7":"product_cat-ustensiles-de-cuisine","9":"first","10":"instock","11":"taxable","12":"shipping-taxable","13":"purchasable","14":"product-type-simple"},"acf":[],"yoast_head":"<!-- This site is optimized with the Yoast SEO plugin v27.4 - https:\/\/yoast.com\/product\/yoast-seo-wordpress\/ -->\n<title>Ustensiles cuisine gimex empilable 5-pcs. pastel - Bantam Wankm\u00fcller SA<\/title>\n<meta name=\"robots\" content=\"index, follow, max-snippet:-1, max-image-preview:large, max-video-preview:-1\" \/>\n<link rel=\"canonical\" href=\"https:\/\/shop.bantam.ch\/fr\/produit\/ensemble-empilable-de-cuisine-pastel\/\" \/>\n<meta property=\"og:locale\" content=\"fr_FR\" \/>\n<meta property=\"og:type\" content=\"article\" \/>\n<meta property=\"og:title\" content=\"Ustensiles cuisine gimex empilable 5-pcs. pastel - Bantam Wankm\u00fcller SA\" \/>\n<meta property=\"og:description\" content=\"Lot de 5 pi\u00e8ces d\u2019ustensiles de cuisine. Empilable et donc peu encombrant. Support s\u00e9curis\u00e9 Convient \u00e0 toutes les casseroles et po\u00eales car le mat\u00e9riau ne provoque pas de rayures R\u00e9sistant \u00e0 la chaleur jusqu&rsquo;\u00e0 220\u00a0\u00b0C Mat\u00e9riau de haute qualit\u00e9, nylon LFGB certifi\u00e9 de qualit\u00e9 alimentaire\" \/>\n<meta property=\"og:url\" content=\"https:\/\/shop.bantam.ch\/fr\/produit\/ensemble-empilable-de-cuisine-pastel\/\" \/>\n<meta property=\"og:site_name\" content=\"Bantam Wankm\u00fcller SA\" \/>\n<meta property=\"article:modified_time\" content=\"2026-04-18T19:50:22+00:00\" \/>\n<meta property=\"og:image\" content=\"https:\/\/shop.bantam.ch\/wp-content\/uploads\/2023\/02\/998464911.jpg\" \/>\n\t<meta property=\"og:image:width\" content=\"1000\" \/>\n\t<meta property=\"og:image:height\" content=\"360\" \/>\n\t<meta property=\"og:image:type\" content=\"image\/jpeg\" \/>\n<meta name=\"twitter:card\" content=\"summary_large_image\" \/>\n<script type=\"application\/ld+json\" class=\"yoast-schema-graph\">{\"@context\":\"https:\\\/\\\/schema.org\",\"@graph\":[{\"@type\":\"WebPage\",\"@id\":\"https:\\\/\\\/shop.bantam.ch\\\/fr\\\/produit\\\/ensemble-empilable-de-cuisine-pastel\\\/\",\"url\":\"https:\\\/\\\/shop.bantam.ch\\\/fr\\\/produit\\\/ensemble-empilable-de-cuisine-pastel\\\/\",\"name\":\"Ustensiles cuisine gimex empilable 5-pcs. pastel - Bantam Wankm\u00fcller SA\",\"isPartOf\":{\"@id\":\"https:\\\/\\\/shop.bantam.ch\\\/fr\\\/#website\"},\"primaryImageOfPage\":{\"@id\":\"https:\\\/\\\/shop.bantam.ch\\\/fr\\\/produit\\\/ensemble-empilable-de-cuisine-pastel\\\/#primaryimage\"},\"image\":{\"@id\":\"https:\\\/\\\/shop.bantam.ch\\\/fr\\\/produit\\\/ensemble-empilable-de-cuisine-pastel\\\/#primaryimage\"},\"thumbnailUrl\":\"https:\\\/\\\/shop.bantam.ch\\\/wp-content\\\/uploads\\\/2023\\\/02\\\/998464911.jpg\",\"datePublished\":\"2023-02-28T22:45:11+00:00\",\"dateModified\":\"2026-04-18T19:50:22+00:00\",\"breadcrumb\":{\"@id\":\"https:\\\/\\\/shop.bantam.ch\\\/fr\\\/produit\\\/ensemble-empilable-de-cuisine-pastel\\\/#breadcrumb\"},\"inLanguage\":\"fr-FR\",\"potentialAction\":[{\"@type\":\"ReadAction\",\"target\":[\"https:\\\/\\\/shop.bantam.ch\\\/fr\\\/produit\\\/ensemble-empilable-de-cuisine-pastel\\\/\"]}]},{\"@type\":\"ImageObject\",\"inLanguage\":\"fr-FR\",\"@id\":\"https:\\\/\\\/shop.bantam.ch\\\/fr\\\/produit\\\/ensemble-empilable-de-cuisine-pastel\\\/#primaryimage\",\"url\":\"https:\\\/\\\/shop.bantam.ch\\\/wp-content\\\/uploads\\\/2023\\\/02\\\/998464911.jpg\",\"contentUrl\":\"https:\\\/\\\/shop.bantam.ch\\\/wp-content\\\/uploads\\\/2023\\\/02\\\/998464911.jpg\",\"width\":1000,\"height\":360},{\"@type\":\"BreadcrumbList\",\"@id\":\"https:\\\/\\\/shop.bantam.ch\\\/fr\\\/produit\\\/ensemble-empilable-de-cuisine-pastel\\\/#breadcrumb\",\"itemListElement\":[{\"@type\":\"ListItem\",\"position\":1,\"name\":\"Accueil\",\"item\":\"https:\\\/\\\/shop.bantam.ch\\\/fr\\\/\"},{\"@type\":\"ListItem\",\"position\":2,\"name\":\"Boutique\",\"item\":\"https:\\\/\\\/shop.bantam.ch\\\/fr\\\/boutique\\\/\"},{\"@type\":\"ListItem\",\"position\":3,\"name\":\"Ustensiles cuisine gimex empilable 5-pcs. pastel\"}]},{\"@type\":\"WebSite\",\"@id\":\"https:\\\/\\\/shop.bantam.ch\\\/fr\\\/#website\",\"url\":\"https:\\\/\\\/shop.bantam.ch\\\/fr\\\/\",\"name\":\"Bantam Wankm\u00fcller SA\",\"description\":\"\",\"publisher\":{\"@id\":\"https:\\\/\\\/shop.bantam.ch\\\/fr\\\/#organization\"},\"inLanguage\":\"fr-FR\"},{\"@type\":\"Organization\",\"@id\":\"https:\\\/\\\/shop.bantam.ch\\\/fr\\\/#organization\",\"name\":\"Bantam Wankm\u00fcller SA\",\"url\":\"https:\\\/\\\/shop.bantam.ch\\\/fr\\\/\",\"logo\":{\"@type\":\"ImageObject\",\"inLanguage\":\"fr-FR\",\"@id\":\"https:\\\/\\\/shop.bantam.ch\\\/fr\\\/#\\\/schema\\\/logo\\\/image\\\/\",\"url\":\"https:\\\/\\\/shop.bantam.ch\\\/wp-content\\\/uploads\\\/2022\\\/12\\\/bantam-logo.png\",\"contentUrl\":\"https:\\\/\\\/shop.bantam.ch\\\/wp-content\\\/uploads\\\/2022\\\/12\\\/bantam-logo.png\",\"width\":320,\"height\":71,\"caption\":\"Bantam Wankm\u00fcller SA\"},\"image\":{\"@id\":\"https:\\\/\\\/shop.bantam.ch\\\/fr\\\/#\\\/schema\\\/logo\\\/image\\\/\"}}]}<\/script>\n<!-- \/ Yoast SEO plugin. -->","yoast_head_json":{"title":"Ustensiles cuisine gimex empilable 5-pcs. pastel - Bantam Wankm\u00fcller SA","robots":{"index":"index","follow":"follow","max-snippet":"max-snippet:-1","max-image-preview":"max-image-preview:large","max-video-preview":"max-video-preview:-1"},"canonical":"https:\/\/shop.bantam.ch\/fr\/produit\/ensemble-empilable-de-cuisine-pastel\/","og_locale":"fr_FR","og_type":"article","og_title":"Ustensiles cuisine gimex empilable 5-pcs. pastel - Bantam Wankm\u00fcller SA","og_description":"Lot de 5 pi\u00e8ces d\u2019ustensiles de cuisine. Empilable et donc peu encombrant. Support s\u00e9curis\u00e9 Convient \u00e0 toutes les casseroles et po\u00eales car le mat\u00e9riau ne provoque pas de rayures R\u00e9sistant \u00e0 la chaleur jusqu&rsquo;\u00e0 220\u00a0\u00b0C Mat\u00e9riau de haute qualit\u00e9, nylon LFGB certifi\u00e9 de qualit\u00e9 alimentaire","og_url":"https:\/\/shop.bantam.ch\/fr\/produit\/ensemble-empilable-de-cuisine-pastel\/","og_site_name":"Bantam Wankm\u00fcller SA","article_modified_time":"2026-04-18T19:50:22+00:00","og_image":[{"width":1000,"height":360,"url":"https:\/\/shop.bantam.ch\/wp-content\/uploads\/2023\/02\/998464911.jpg","type":"image\/jpeg"}],"twitter_card":"summary_large_image","schema":{"@context":"https:\/\/schema.org","@graph":[{"@type":"WebPage","@id":"https:\/\/shop.bantam.ch\/fr\/produit\/ensemble-empilable-de-cuisine-pastel\/","url":"https:\/\/shop.bantam.ch\/fr\/produit\/ensemble-empilable-de-cuisine-pastel\/","name":"Ustensiles cuisine gimex empilable 5-pcs. pastel - Bantam Wankm\u00fcller SA","isPartOf":{"@id":"https:\/\/shop.bantam.ch\/fr\/#website"},"primaryImageOfPage":{"@id":"https:\/\/shop.bantam.ch\/fr\/produit\/ensemble-empilable-de-cuisine-pastel\/#primaryimage"},"image":{"@id":"https:\/\/shop.bantam.ch\/fr\/produit\/ensemble-empilable-de-cuisine-pastel\/#primaryimage"},"thumbnailUrl":"https:\/\/shop.bantam.ch\/wp-content\/uploads\/2023\/02\/998464911.jpg","datePublished":"2023-02-28T22:45:11+00:00","dateModified":"2026-04-18T19:50:22+00:00","breadcrumb":{"@id":"https:\/\/shop.bantam.ch\/fr\/produit\/ensemble-empilable-de-cuisine-pastel\/#breadcrumb"},"inLanguage":"fr-FR","potentialAction":[{"@type":"ReadAction","target":["https:\/\/shop.bantam.ch\/fr\/produit\/ensemble-empilable-de-cuisine-pastel\/"]}]},{"@type":"ImageObject","inLanguage":"fr-FR","@id":"https:\/\/shop.bantam.ch\/fr\/produit\/ensemble-empilable-de-cuisine-pastel\/#primaryimage","url":"https:\/\/shop.bantam.ch\/wp-content\/uploads\/2023\/02\/998464911.jpg","contentUrl":"https:\/\/shop.bantam.ch\/wp-content\/uploads\/2023\/02\/998464911.jpg","width":1000,"height":360},{"@type":"BreadcrumbList","@id":"https:\/\/shop.bantam.ch\/fr\/produit\/ensemble-empilable-de-cuisine-pastel\/#breadcrumb","itemListElement":[{"@type":"ListItem","position":1,"name":"Accueil","item":"https:\/\/shop.bantam.ch\/fr\/"},{"@type":"ListItem","position":2,"name":"Boutique","item":"https:\/\/shop.bantam.ch\/fr\/boutique\/"},{"@type":"ListItem","position":3,"name":"Ustensiles cuisine gimex empilable 5-pcs. pastel"}]},{"@type":"WebSite","@id":"https:\/\/shop.bantam.ch\/fr\/#website","url":"https:\/\/shop.bantam.ch\/fr\/","name":"Bantam Wankm\u00fcller SA","description":"","publisher":{"@id":"https:\/\/shop.bantam.ch\/fr\/#organization"},"inLanguage":"fr-FR"},{"@type":"Organization","@id":"https:\/\/shop.bantam.ch\/fr\/#organization","name":"Bantam Wankm\u00fcller SA","url":"https:\/\/shop.bantam.ch\/fr\/","logo":{"@type":"ImageObject","inLanguage":"fr-FR","@id":"https:\/\/shop.bantam.ch\/fr\/#\/schema\/logo\/image\/","url":"https:\/\/shop.bantam.ch\/wp-content\/uploads\/2022\/12\/bantam-logo.png","contentUrl":"https:\/\/shop.bantam.ch\/wp-content\/uploads\/2022\/12\/bantam-logo.png","width":320,"height":71,"caption":"Bantam Wankm\u00fcller SA"},"image":{"@id":"https:\/\/shop.bantam.ch\/fr\/#\/schema\/logo\/image\/"}}]}},"_links":{"self":[{"href":"https:\/\/shop.bantam.ch\/fr\/wp-json\/wp\/v2\/product\/121586","targetHints":{"allow":["GET"]}}],"collection":[{"href":"https:\/\/shop.bantam.ch\/fr\/wp-json\/wp\/v2\/product"}],"about":[{"href":"https:\/\/shop.bantam.ch\/fr\/wp-json\/wp\/v2\/types\/product"}],"wp:featuredmedia":[{"embeddable":true,"href":"https:\/\/shop.bantam.ch\/fr\/wp-json\/wp\/v2\/media\/121580"}],"wp:attachment":[{"href":"https:\/\/shop.bantam.ch\/fr\/wp-json\/wp\/v2\/media?parent=121586"}],"wp:term":[{"taxonomy":"product_featured_cat","embeddable":true,"href":"https:\/\/shop.bantam.ch\/fr\/wp-json\/wp\/v2\/product_featured_cat?post=121586"},{"taxonomy":"product_brand","embeddable":true,"href":"https:\/\/shop.bantam.ch\/fr\/wp-json\/wp\/v2\/product_brand?post=121586"},{"taxonomy":"product_cat","embeddable":true,"href":"https:\/\/shop.bantam.ch\/fr\/wp-json\/wp\/v2\/product_cat?post=121586"},{"taxonomy":"product_tag","embeddable":true,"href":"https:\/\/shop.bantam.ch\/fr\/wp-json\/wp\/v2\/product_tag?post=121586"}],"curies":[{"name":"wp","href":"https:\/\/api.w.org\/{rel}","templated":true}]}}