{"id":120700,"date":"2023-02-28T23:30:46","date_gmt":"2023-02-28T22:30:46","guid":{"rendered":"https:\/\/shop.bantam.ch\/produit\/interface-de-volant-ducato-s8-pour-xzent-et-zenec\/"},"modified":"2026-04-18T21:50:04","modified_gmt":"2026-04-18T19:50:04","slug":"interface-de-volant-ducato-s8-pour-xzent-et-zenec","status":"publish","type":"product","link":"https:\/\/shop.bantam.ch\/fr\/produit\/interface-de-volant-ducato-s8-pour-xzent-et-zenec\/","title":{"rendered":"Interface de volant Ducato S8 pour Xzent et Zenec"},"content":{"rendered":"<p>Interface de volant &#8211; pour FIAT Ducato III, s\u00e9rie 8\u00a0 avec pr\u00e9paration pour radio \u00e0 partir de l\u2019ann\u00e9e de construction 2021, 3<sup>e<\/sup> trimestre, pour la t\u00e9l\u00e9commande du volant et avec prise en charge des touches du t\u00e9l\u00e9phone. Avec c\u00e2ble de raccordement de radio pour les appareils XZENT et ZENEC.<\/p>\n<p>\u00a0<\/p>\n","protected":false},"excerpt":{"rendered":"<p>Interface de volant &#8211; pour FIAT Ducato III, s\u00e9rie 8\u00a0 avec pr\u00e9paration pour radio \u00e0 partir de l\u2019ann\u00e9e de construction 2021, 3e trimestre, pour la t\u00e9l\u00e9commande du volant et avec prise en charge des touches du t\u00e9l\u00e9phone. Avec c\u00e2ble de raccordement de radio pour les appareils XZENT et ZENEC. \u00a0<\/p>\n","protected":false},"featured_media":120698,"template":"","meta":{"_acf_changed":false},"product_featured_cat":[],"product_brand":[3212],"product_cat":[4521],"product_tag":[],"class_list":{"0":"post-120700","1":"product","2":"type-product","3":"status-publish","4":"has-post-thumbnail","6":"product_brand-zenec","7":"product_cat-accessoires-pour-radios-et-moniceiver","9":"first","10":"instock","11":"taxable","12":"shipping-taxable","13":"purchasable","14":"product-type-simple"},"acf":[],"yoast_head":"<!-- This site is optimized with the Yoast SEO plugin v27.4 - https:\/\/yoast.com\/product\/yoast-seo-wordpress\/ -->\n<title>Interface de volant Ducato S8 pour Xzent et Zenec - Bantam Wankm\u00fcller SA<\/title>\n<meta name=\"robots\" content=\"index, follow, max-snippet:-1, max-image-preview:large, max-video-preview:-1\" \/>\n<link rel=\"canonical\" href=\"https:\/\/shop.bantam.ch\/fr\/produit\/interface-de-volant-ducato-s8-pour-xzent-et-zenec\/\" \/>\n<meta property=\"og:locale\" content=\"fr_FR\" \/>\n<meta property=\"og:type\" content=\"article\" \/>\n<meta property=\"og:title\" content=\"Interface de volant Ducato S8 pour Xzent et Zenec - Bantam Wankm\u00fcller SA\" \/>\n<meta property=\"og:description\" content=\"Interface de volant &#8211; pour FIAT Ducato III, s\u00e9rie 8\u00a0 avec pr\u00e9paration pour radio \u00e0 partir de l\u2019ann\u00e9e de construction 2021, 3e trimestre, pour la t\u00e9l\u00e9commande du volant et avec prise en charge des touches du t\u00e9l\u00e9phone. Avec c\u00e2ble de raccordement de radio pour les appareils XZENT et ZENEC. \u00a0\" \/>\n<meta property=\"og:url\" content=\"https:\/\/shop.bantam.ch\/fr\/produit\/interface-de-volant-ducato-s8-pour-xzent-et-zenec\/\" \/>\n<meta property=\"og:site_name\" content=\"Bantam Wankm\u00fcller SA\" \/>\n<meta property=\"article:modified_time\" content=\"2026-04-18T19:50:04+00:00\" \/>\n<meta property=\"og:image\" content=\"https:\/\/shop.bantam.ch\/wp-content\/uploads\/2023\/02\/997044611.jpg\" \/>\n\t<meta property=\"og:image:width\" content=\"1100\" \/>\n\t<meta property=\"og:image:height\" content=\"682\" \/>\n\t<meta property=\"og:image:type\" content=\"image\/jpeg\" \/>\n<meta name=\"twitter:card\" content=\"summary_large_image\" \/>\n<script type=\"application\/ld+json\" class=\"yoast-schema-graph\">{\"@context\":\"https:\\\/\\\/schema.org\",\"@graph\":[{\"@type\":\"WebPage\",\"@id\":\"https:\\\/\\\/shop.bantam.ch\\\/fr\\\/produit\\\/interface-de-volant-ducato-s8-pour-xzent-et-zenec\\\/\",\"url\":\"https:\\\/\\\/shop.bantam.ch\\\/fr\\\/produit\\\/interface-de-volant-ducato-s8-pour-xzent-et-zenec\\\/\",\"name\":\"Interface de volant Ducato S8 pour Xzent et Zenec - Bantam Wankm\u00fcller SA\",\"isPartOf\":{\"@id\":\"https:\\\/\\\/shop.bantam.ch\\\/fr\\\/#website\"},\"primaryImageOfPage\":{\"@id\":\"https:\\\/\\\/shop.bantam.ch\\\/fr\\\/produit\\\/interface-de-volant-ducato-s8-pour-xzent-et-zenec\\\/#primaryimage\"},\"image\":{\"@id\":\"https:\\\/\\\/shop.bantam.ch\\\/fr\\\/produit\\\/interface-de-volant-ducato-s8-pour-xzent-et-zenec\\\/#primaryimage\"},\"thumbnailUrl\":\"https:\\\/\\\/shop.bantam.ch\\\/wp-content\\\/uploads\\\/2023\\\/02\\\/997044611.jpg\",\"datePublished\":\"2023-02-28T22:30:46+00:00\",\"dateModified\":\"2026-04-18T19:50:04+00:00\",\"breadcrumb\":{\"@id\":\"https:\\\/\\\/shop.bantam.ch\\\/fr\\\/produit\\\/interface-de-volant-ducato-s8-pour-xzent-et-zenec\\\/#breadcrumb\"},\"inLanguage\":\"fr-FR\",\"potentialAction\":[{\"@type\":\"ReadAction\",\"target\":[\"https:\\\/\\\/shop.bantam.ch\\\/fr\\\/produit\\\/interface-de-volant-ducato-s8-pour-xzent-et-zenec\\\/\"]}]},{\"@type\":\"ImageObject\",\"inLanguage\":\"fr-FR\",\"@id\":\"https:\\\/\\\/shop.bantam.ch\\\/fr\\\/produit\\\/interface-de-volant-ducato-s8-pour-xzent-et-zenec\\\/#primaryimage\",\"url\":\"https:\\\/\\\/shop.bantam.ch\\\/wp-content\\\/uploads\\\/2023\\\/02\\\/997044611.jpg\",\"contentUrl\":\"https:\\\/\\\/shop.bantam.ch\\\/wp-content\\\/uploads\\\/2023\\\/02\\\/997044611.jpg\",\"width\":1100,\"height\":682},{\"@type\":\"BreadcrumbList\",\"@id\":\"https:\\\/\\\/shop.bantam.ch\\\/fr\\\/produit\\\/interface-de-volant-ducato-s8-pour-xzent-et-zenec\\\/#breadcrumb\",\"itemListElement\":[{\"@type\":\"ListItem\",\"position\":1,\"name\":\"Accueil\",\"item\":\"https:\\\/\\\/shop.bantam.ch\\\/fr\\\/\"},{\"@type\":\"ListItem\",\"position\":2,\"name\":\"Boutique\",\"item\":\"https:\\\/\\\/shop.bantam.ch\\\/fr\\\/boutique\\\/\"},{\"@type\":\"ListItem\",\"position\":3,\"name\":\"Interface de volant Ducato S8 pour Xzent et Zenec\"}]},{\"@type\":\"WebSite\",\"@id\":\"https:\\\/\\\/shop.bantam.ch\\\/fr\\\/#website\",\"url\":\"https:\\\/\\\/shop.bantam.ch\\\/fr\\\/\",\"name\":\"Bantam Wankm\u00fcller SA\",\"description\":\"\",\"publisher\":{\"@id\":\"https:\\\/\\\/shop.bantam.ch\\\/fr\\\/#organization\"},\"inLanguage\":\"fr-FR\"},{\"@type\":\"Organization\",\"@id\":\"https:\\\/\\\/shop.bantam.ch\\\/fr\\\/#organization\",\"name\":\"Bantam Wankm\u00fcller SA\",\"url\":\"https:\\\/\\\/shop.bantam.ch\\\/fr\\\/\",\"logo\":{\"@type\":\"ImageObject\",\"inLanguage\":\"fr-FR\",\"@id\":\"https:\\\/\\\/shop.bantam.ch\\\/fr\\\/#\\\/schema\\\/logo\\\/image\\\/\",\"url\":\"https:\\\/\\\/shop.bantam.ch\\\/wp-content\\\/uploads\\\/2022\\\/12\\\/bantam-logo.png\",\"contentUrl\":\"https:\\\/\\\/shop.bantam.ch\\\/wp-content\\\/uploads\\\/2022\\\/12\\\/bantam-logo.png\",\"width\":320,\"height\":71,\"caption\":\"Bantam Wankm\u00fcller SA\"},\"image\":{\"@id\":\"https:\\\/\\\/shop.bantam.ch\\\/fr\\\/#\\\/schema\\\/logo\\\/image\\\/\"}}]}<\/script>\n<!-- \/ Yoast SEO plugin. -->","yoast_head_json":{"title":"Interface de volant Ducato S8 pour Xzent et Zenec - Bantam Wankm\u00fcller SA","robots":{"index":"index","follow":"follow","max-snippet":"max-snippet:-1","max-image-preview":"max-image-preview:large","max-video-preview":"max-video-preview:-1"},"canonical":"https:\/\/shop.bantam.ch\/fr\/produit\/interface-de-volant-ducato-s8-pour-xzent-et-zenec\/","og_locale":"fr_FR","og_type":"article","og_title":"Interface de volant Ducato S8 pour Xzent et Zenec - Bantam Wankm\u00fcller SA","og_description":"Interface de volant &#8211; pour FIAT Ducato III, s\u00e9rie 8\u00a0 avec pr\u00e9paration pour radio \u00e0 partir de l\u2019ann\u00e9e de construction 2021, 3e trimestre, pour la t\u00e9l\u00e9commande du volant et avec prise en charge des touches du t\u00e9l\u00e9phone. Avec c\u00e2ble de raccordement de radio pour les appareils XZENT et ZENEC. \u00a0","og_url":"https:\/\/shop.bantam.ch\/fr\/produit\/interface-de-volant-ducato-s8-pour-xzent-et-zenec\/","og_site_name":"Bantam Wankm\u00fcller SA","article_modified_time":"2026-04-18T19:50:04+00:00","og_image":[{"width":1100,"height":682,"url":"https:\/\/shop.bantam.ch\/wp-content\/uploads\/2023\/02\/997044611.jpg","type":"image\/jpeg"}],"twitter_card":"summary_large_image","schema":{"@context":"https:\/\/schema.org","@graph":[{"@type":"WebPage","@id":"https:\/\/shop.bantam.ch\/fr\/produit\/interface-de-volant-ducato-s8-pour-xzent-et-zenec\/","url":"https:\/\/shop.bantam.ch\/fr\/produit\/interface-de-volant-ducato-s8-pour-xzent-et-zenec\/","name":"Interface de volant Ducato S8 pour Xzent et Zenec - Bantam Wankm\u00fcller SA","isPartOf":{"@id":"https:\/\/shop.bantam.ch\/fr\/#website"},"primaryImageOfPage":{"@id":"https:\/\/shop.bantam.ch\/fr\/produit\/interface-de-volant-ducato-s8-pour-xzent-et-zenec\/#primaryimage"},"image":{"@id":"https:\/\/shop.bantam.ch\/fr\/produit\/interface-de-volant-ducato-s8-pour-xzent-et-zenec\/#primaryimage"},"thumbnailUrl":"https:\/\/shop.bantam.ch\/wp-content\/uploads\/2023\/02\/997044611.jpg","datePublished":"2023-02-28T22:30:46+00:00","dateModified":"2026-04-18T19:50:04+00:00","breadcrumb":{"@id":"https:\/\/shop.bantam.ch\/fr\/produit\/interface-de-volant-ducato-s8-pour-xzent-et-zenec\/#breadcrumb"},"inLanguage":"fr-FR","potentialAction":[{"@type":"ReadAction","target":["https:\/\/shop.bantam.ch\/fr\/produit\/interface-de-volant-ducato-s8-pour-xzent-et-zenec\/"]}]},{"@type":"ImageObject","inLanguage":"fr-FR","@id":"https:\/\/shop.bantam.ch\/fr\/produit\/interface-de-volant-ducato-s8-pour-xzent-et-zenec\/#primaryimage","url":"https:\/\/shop.bantam.ch\/wp-content\/uploads\/2023\/02\/997044611.jpg","contentUrl":"https:\/\/shop.bantam.ch\/wp-content\/uploads\/2023\/02\/997044611.jpg","width":1100,"height":682},{"@type":"BreadcrumbList","@id":"https:\/\/shop.bantam.ch\/fr\/produit\/interface-de-volant-ducato-s8-pour-xzent-et-zenec\/#breadcrumb","itemListElement":[{"@type":"ListItem","position":1,"name":"Accueil","item":"https:\/\/shop.bantam.ch\/fr\/"},{"@type":"ListItem","position":2,"name":"Boutique","item":"https:\/\/shop.bantam.ch\/fr\/boutique\/"},{"@type":"ListItem","position":3,"name":"Interface de volant Ducato S8 pour Xzent et Zenec"}]},{"@type":"WebSite","@id":"https:\/\/shop.bantam.ch\/fr\/#website","url":"https:\/\/shop.bantam.ch\/fr\/","name":"Bantam Wankm\u00fcller SA","description":"","publisher":{"@id":"https:\/\/shop.bantam.ch\/fr\/#organization"},"inLanguage":"fr-FR"},{"@type":"Organization","@id":"https:\/\/shop.bantam.ch\/fr\/#organization","name":"Bantam Wankm\u00fcller SA","url":"https:\/\/shop.bantam.ch\/fr\/","logo":{"@type":"ImageObject","inLanguage":"fr-FR","@id":"https:\/\/shop.bantam.ch\/fr\/#\/schema\/logo\/image\/","url":"https:\/\/shop.bantam.ch\/wp-content\/uploads\/2022\/12\/bantam-logo.png","contentUrl":"https:\/\/shop.bantam.ch\/wp-content\/uploads\/2022\/12\/bantam-logo.png","width":320,"height":71,"caption":"Bantam Wankm\u00fcller SA"},"image":{"@id":"https:\/\/shop.bantam.ch\/fr\/#\/schema\/logo\/image\/"}}]}},"_links":{"self":[{"href":"https:\/\/shop.bantam.ch\/fr\/wp-json\/wp\/v2\/product\/120700","targetHints":{"allow":["GET"]}}],"collection":[{"href":"https:\/\/shop.bantam.ch\/fr\/wp-json\/wp\/v2\/product"}],"about":[{"href":"https:\/\/shop.bantam.ch\/fr\/wp-json\/wp\/v2\/types\/product"}],"wp:featuredmedia":[{"embeddable":true,"href":"https:\/\/shop.bantam.ch\/fr\/wp-json\/wp\/v2\/media\/120698"}],"wp:attachment":[{"href":"https:\/\/shop.bantam.ch\/fr\/wp-json\/wp\/v2\/media?parent=120700"}],"wp:term":[{"taxonomy":"product_featured_cat","embeddable":true,"href":"https:\/\/shop.bantam.ch\/fr\/wp-json\/wp\/v2\/product_featured_cat?post=120700"},{"taxonomy":"product_brand","embeddable":true,"href":"https:\/\/shop.bantam.ch\/fr\/wp-json\/wp\/v2\/product_brand?post=120700"},{"taxonomy":"product_cat","embeddable":true,"href":"https:\/\/shop.bantam.ch\/fr\/wp-json\/wp\/v2\/product_cat?post=120700"},{"taxonomy":"product_tag","embeddable":true,"href":"https:\/\/shop.bantam.ch\/fr\/wp-json\/wp\/v2\/product_tag?post=120700"}],"curies":[{"name":"wp","href":"https:\/\/api.w.org\/{rel}","templated":true}]}}