{"id":120656,"date":"2023-02-28T23:29:25","date_gmt":"2023-02-28T22:29:25","guid":{"rendered":"https:\/\/shop.bantam.ch\/produit\/ressort-supplementaire-pour-essieu-arriere-fiat-ducato-x250-a-partir-de-2006-2014\/"},"modified":"2026-05-09T23:33:40","modified_gmt":"2026-05-09T21:33:40","slug":"ressort-supplementaire-pour-essieu-arriere-fiat-ducato-x250-a-partir-de-2006-2014","status":"publish","type":"product","link":"https:\/\/shop.bantam.ch\/fr\/produit\/ressort-supplementaire-pour-essieu-arriere-fiat-ducato-x250-a-partir-de-2006-2014\/","title":{"rendered":"Ressort suppl\u00e9mentaire pour essieu arri\u00e8re, Fiat Ducato X250 \u00e0 partir de 2006 &#8211; 2014"},"content":{"rendered":"<p>Syst\u00e8me de suspension 2 circuits pour l\u2019essieu arri\u00e8re du Fiat Ducato X250 (\u00e0 partir de 2006) avec ch\u00e2ssis s\u00e9rie avec suspension \u00e0 lames de ressorts et frein stationnement \u00e9lectrique. Convient aussi aux mod\u00e8les similaires Citro\u00ebn Jumper et Peugeot Boxer.<\/p>\n<p>Manom\u00e8tre avec \u00e9clairage LED et pressostat int\u00e9gr\u00e9 en option disponibles<\/p>\n<p>Contenu de la livraison :<br \/>Double soufflet, consoles de support, compresseur 12 Volt (medium), module de commande 2 circuits (selon le mod\u00e8le, \u00e9lectrique) avec 2 manom\u00e8tres (sans \u00e9clairage LED), support de compresseur, mat\u00e9riel de montage, documentation technique.<\/p>\n","protected":false},"excerpt":{"rendered":"<p>Syst\u00e8me de suspension 2 circuits pour l\u2019essieu arri\u00e8re du Fiat Ducato X250 (\u00e0 partir de 2006) avec ch\u00e2ssis s\u00e9rie avec suspension \u00e0 lames de ressorts et frein stationnement \u00e9lectrique. Convient aussi aux mod\u00e8les similaires Citro\u00ebn Jumper et Peugeot Boxer. Manom\u00e8tre avec \u00e9clairage LED et pressostat int\u00e9gr\u00e9 en option disponibles Contenu de la livraison :Double soufflet, [&hellip;]<\/p>\n","protected":false},"featured_media":120648,"template":"","meta":{"_acf_changed":false},"product_featured_cat":[],"product_brand":[3270],"product_cat":[4807],"product_tag":[],"class_list":{"0":"post-120656","1":"product","2":"type-product","3":"status-publish","4":"has-post-thumbnail","6":"product_brand-goldschmitt","7":"product_cat-suspensions-pneumatiques","9":"first","10":"instock","11":"taxable","12":"shipping-taxable","13":"purchasable","14":"product-type-variable"},"acf":[],"yoast_head":"<!-- This site is optimized with the Yoast SEO plugin v27.5 - https:\/\/yoast.com\/product\/yoast-seo-wordpress\/ -->\n<title>Ressort suppl\u00e9mentaire pour essieu arri\u00e8re, Fiat Ducato X250 \u00e0 partir de 2006 - 2014 - Bantam<\/title>\n<meta name=\"robots\" content=\"index, follow, max-snippet:-1, max-image-preview:large, max-video-preview:-1\" \/>\n<link rel=\"canonical\" href=\"https:\/\/shop.bantam.ch\/fr\/produit\/ressort-supplementaire-pour-essieu-arriere-fiat-ducato-x250-a-partir-de-2006-2014\/\" \/>\n<meta property=\"og:locale\" content=\"fr_FR\" \/>\n<meta property=\"og:type\" content=\"article\" \/>\n<meta property=\"og:title\" content=\"Ressort suppl\u00e9mentaire pour essieu arri\u00e8re, Fiat Ducato X250 \u00e0 partir de 2006 - 2014 - Bantam\" \/>\n<meta property=\"og:description\" content=\"Syst\u00e8me de suspension 2 circuits pour l\u2019essieu arri\u00e8re du Fiat Ducato X250 (\u00e0 partir de 2006) avec ch\u00e2ssis s\u00e9rie avec suspension \u00e0 lames de ressorts et frein stationnement \u00e9lectrique. Convient aussi aux mod\u00e8les similaires Citro\u00ebn Jumper et Peugeot Boxer. Manom\u00e8tre avec \u00e9clairage LED et pressostat int\u00e9gr\u00e9 en option disponibles Contenu de la livraison :Double soufflet, [&hellip;]\" \/>\n<meta property=\"og:url\" content=\"https:\/\/shop.bantam.ch\/fr\/produit\/ressort-supplementaire-pour-essieu-arriere-fiat-ducato-x250-a-partir-de-2006-2014\/\" \/>\n<meta property=\"og:site_name\" content=\"Bantam\" \/>\n<meta property=\"article:modified_time\" content=\"2026-05-09T21:33:40+00:00\" \/>\n<meta property=\"og:image\" content=\"https:\/\/shop.bantam.ch\/wp-content\/uploads\/2023\/02\/994461611.jpg\" \/>\n\t<meta property=\"og:image:width\" content=\"1000\" \/>\n\t<meta property=\"og:image:height\" content=\"705\" \/>\n\t<meta property=\"og:image:type\" content=\"image\/jpeg\" \/>\n<meta name=\"twitter:card\" content=\"summary_large_image\" \/>\n<script type=\"application\/ld+json\" class=\"yoast-schema-graph\">{\"@context\":\"https:\\\/\\\/schema.org\",\"@graph\":[{\"@type\":\"WebPage\",\"@id\":\"https:\\\/\\\/shop.bantam.ch\\\/fr\\\/produit\\\/ressort-supplementaire-pour-essieu-arriere-fiat-ducato-x250-a-partir-de-2006-2014\\\/\",\"url\":\"https:\\\/\\\/shop.bantam.ch\\\/fr\\\/produit\\\/ressort-supplementaire-pour-essieu-arriere-fiat-ducato-x250-a-partir-de-2006-2014\\\/\",\"name\":\"Ressort suppl\u00e9mentaire pour essieu arri\u00e8re, Fiat Ducato X250 \u00e0 partir de 2006 - 2014 - Bantam\",\"isPartOf\":{\"@id\":\"https:\\\/\\\/shop.bantam.ch\\\/fr\\\/#website\"},\"primaryImageOfPage\":{\"@id\":\"https:\\\/\\\/shop.bantam.ch\\\/fr\\\/produit\\\/ressort-supplementaire-pour-essieu-arriere-fiat-ducato-x250-a-partir-de-2006-2014\\\/#primaryimage\"},\"image\":{\"@id\":\"https:\\\/\\\/shop.bantam.ch\\\/fr\\\/produit\\\/ressort-supplementaire-pour-essieu-arriere-fiat-ducato-x250-a-partir-de-2006-2014\\\/#primaryimage\"},\"thumbnailUrl\":\"https:\\\/\\\/shop.bantam.ch\\\/wp-content\\\/uploads\\\/2023\\\/02\\\/994461611.jpg\",\"datePublished\":\"2023-02-28T22:29:25+00:00\",\"dateModified\":\"2026-05-09T21:33:40+00:00\",\"breadcrumb\":{\"@id\":\"https:\\\/\\\/shop.bantam.ch\\\/fr\\\/produit\\\/ressort-supplementaire-pour-essieu-arriere-fiat-ducato-x250-a-partir-de-2006-2014\\\/#breadcrumb\"},\"inLanguage\":\"fr-FR\",\"potentialAction\":[{\"@type\":\"ReadAction\",\"target\":[\"https:\\\/\\\/shop.bantam.ch\\\/fr\\\/produit\\\/ressort-supplementaire-pour-essieu-arriere-fiat-ducato-x250-a-partir-de-2006-2014\\\/\"]}]},{\"@type\":\"ImageObject\",\"inLanguage\":\"fr-FR\",\"@id\":\"https:\\\/\\\/shop.bantam.ch\\\/fr\\\/produit\\\/ressort-supplementaire-pour-essieu-arriere-fiat-ducato-x250-a-partir-de-2006-2014\\\/#primaryimage\",\"url\":\"https:\\\/\\\/shop.bantam.ch\\\/wp-content\\\/uploads\\\/2023\\\/02\\\/994461611.jpg\",\"contentUrl\":\"https:\\\/\\\/shop.bantam.ch\\\/wp-content\\\/uploads\\\/2023\\\/02\\\/994461611.jpg\",\"width\":1000,\"height\":705},{\"@type\":\"BreadcrumbList\",\"@id\":\"https:\\\/\\\/shop.bantam.ch\\\/fr\\\/produit\\\/ressort-supplementaire-pour-essieu-arriere-fiat-ducato-x250-a-partir-de-2006-2014\\\/#breadcrumb\",\"itemListElement\":[{\"@type\":\"ListItem\",\"position\":1,\"name\":\"Accueil\",\"item\":\"https:\\\/\\\/shop.bantam.ch\\\/fr\\\/\"},{\"@type\":\"ListItem\",\"position\":2,\"name\":\"Boutique\",\"item\":\"https:\\\/\\\/shop.bantam.ch\\\/fr\\\/boutique\\\/\"},{\"@type\":\"ListItem\",\"position\":3,\"name\":\"Ressort suppl\u00e9mentaire pour essieu arri\u00e8re, Fiat Ducato X250 \u00e0 partir de 2006 &#8211; 2014\"}]},{\"@type\":\"WebSite\",\"@id\":\"https:\\\/\\\/shop.bantam.ch\\\/fr\\\/#website\",\"url\":\"https:\\\/\\\/shop.bantam.ch\\\/fr\\\/\",\"name\":\"Bantam\",\"description\":\"\",\"publisher\":{\"@id\":\"https:\\\/\\\/shop.bantam.ch\\\/fr\\\/#organization\"},\"inLanguage\":\"fr-FR\"},{\"@type\":\"Organization\",\"@id\":\"https:\\\/\\\/shop.bantam.ch\\\/fr\\\/#organization\",\"name\":\"Bantam\",\"url\":\"https:\\\/\\\/shop.bantam.ch\\\/fr\\\/\",\"logo\":{\"@type\":\"ImageObject\",\"inLanguage\":\"fr-FR\",\"@id\":\"https:\\\/\\\/shop.bantam.ch\\\/fr\\\/#\\\/schema\\\/logo\\\/image\\\/\",\"url\":\"https:\\\/\\\/shop.bantam.ch\\\/wp-content\\\/uploads\\\/2022\\\/12\\\/bantam-logo.png\",\"contentUrl\":\"https:\\\/\\\/shop.bantam.ch\\\/wp-content\\\/uploads\\\/2022\\\/12\\\/bantam-logo.png\",\"width\":320,\"height\":71,\"caption\":\"Bantam\"},\"image\":{\"@id\":\"https:\\\/\\\/shop.bantam.ch\\\/fr\\\/#\\\/schema\\\/logo\\\/image\\\/\"}}]}<\/script>\n<!-- \/ Yoast SEO plugin. -->","yoast_head_json":{"title":"Ressort suppl\u00e9mentaire pour essieu arri\u00e8re, Fiat Ducato X250 \u00e0 partir de 2006 - 2014 - Bantam","robots":{"index":"index","follow":"follow","max-snippet":"max-snippet:-1","max-image-preview":"max-image-preview:large","max-video-preview":"max-video-preview:-1"},"canonical":"https:\/\/shop.bantam.ch\/fr\/produit\/ressort-supplementaire-pour-essieu-arriere-fiat-ducato-x250-a-partir-de-2006-2014\/","og_locale":"fr_FR","og_type":"article","og_title":"Ressort suppl\u00e9mentaire pour essieu arri\u00e8re, Fiat Ducato X250 \u00e0 partir de 2006 - 2014 - Bantam","og_description":"Syst\u00e8me de suspension 2 circuits pour l\u2019essieu arri\u00e8re du Fiat Ducato X250 (\u00e0 partir de 2006) avec ch\u00e2ssis s\u00e9rie avec suspension \u00e0 lames de ressorts et frein stationnement \u00e9lectrique. Convient aussi aux mod\u00e8les similaires Citro\u00ebn Jumper et Peugeot Boxer. Manom\u00e8tre avec \u00e9clairage LED et pressostat int\u00e9gr\u00e9 en option disponibles Contenu de la livraison :Double soufflet, [&hellip;]","og_url":"https:\/\/shop.bantam.ch\/fr\/produit\/ressort-supplementaire-pour-essieu-arriere-fiat-ducato-x250-a-partir-de-2006-2014\/","og_site_name":"Bantam","article_modified_time":"2026-05-09T21:33:40+00:00","og_image":[{"width":1000,"height":705,"url":"https:\/\/shop.bantam.ch\/wp-content\/uploads\/2023\/02\/994461611.jpg","type":"image\/jpeg"}],"twitter_card":"summary_large_image","schema":{"@context":"https:\/\/schema.org","@graph":[{"@type":"WebPage","@id":"https:\/\/shop.bantam.ch\/fr\/produit\/ressort-supplementaire-pour-essieu-arriere-fiat-ducato-x250-a-partir-de-2006-2014\/","url":"https:\/\/shop.bantam.ch\/fr\/produit\/ressort-supplementaire-pour-essieu-arriere-fiat-ducato-x250-a-partir-de-2006-2014\/","name":"Ressort suppl\u00e9mentaire pour essieu arri\u00e8re, Fiat Ducato X250 \u00e0 partir de 2006 - 2014 - Bantam","isPartOf":{"@id":"https:\/\/shop.bantam.ch\/fr\/#website"},"primaryImageOfPage":{"@id":"https:\/\/shop.bantam.ch\/fr\/produit\/ressort-supplementaire-pour-essieu-arriere-fiat-ducato-x250-a-partir-de-2006-2014\/#primaryimage"},"image":{"@id":"https:\/\/shop.bantam.ch\/fr\/produit\/ressort-supplementaire-pour-essieu-arriere-fiat-ducato-x250-a-partir-de-2006-2014\/#primaryimage"},"thumbnailUrl":"https:\/\/shop.bantam.ch\/wp-content\/uploads\/2023\/02\/994461611.jpg","datePublished":"2023-02-28T22:29:25+00:00","dateModified":"2026-05-09T21:33:40+00:00","breadcrumb":{"@id":"https:\/\/shop.bantam.ch\/fr\/produit\/ressort-supplementaire-pour-essieu-arriere-fiat-ducato-x250-a-partir-de-2006-2014\/#breadcrumb"},"inLanguage":"fr-FR","potentialAction":[{"@type":"ReadAction","target":["https:\/\/shop.bantam.ch\/fr\/produit\/ressort-supplementaire-pour-essieu-arriere-fiat-ducato-x250-a-partir-de-2006-2014\/"]}]},{"@type":"ImageObject","inLanguage":"fr-FR","@id":"https:\/\/shop.bantam.ch\/fr\/produit\/ressort-supplementaire-pour-essieu-arriere-fiat-ducato-x250-a-partir-de-2006-2014\/#primaryimage","url":"https:\/\/shop.bantam.ch\/wp-content\/uploads\/2023\/02\/994461611.jpg","contentUrl":"https:\/\/shop.bantam.ch\/wp-content\/uploads\/2023\/02\/994461611.jpg","width":1000,"height":705},{"@type":"BreadcrumbList","@id":"https:\/\/shop.bantam.ch\/fr\/produit\/ressort-supplementaire-pour-essieu-arriere-fiat-ducato-x250-a-partir-de-2006-2014\/#breadcrumb","itemListElement":[{"@type":"ListItem","position":1,"name":"Accueil","item":"https:\/\/shop.bantam.ch\/fr\/"},{"@type":"ListItem","position":2,"name":"Boutique","item":"https:\/\/shop.bantam.ch\/fr\/boutique\/"},{"@type":"ListItem","position":3,"name":"Ressort suppl\u00e9mentaire pour essieu arri\u00e8re, Fiat Ducato X250 \u00e0 partir de 2006 &#8211; 2014"}]},{"@type":"WebSite","@id":"https:\/\/shop.bantam.ch\/fr\/#website","url":"https:\/\/shop.bantam.ch\/fr\/","name":"Bantam","description":"","publisher":{"@id":"https:\/\/shop.bantam.ch\/fr\/#organization"},"inLanguage":"fr-FR"},{"@type":"Organization","@id":"https:\/\/shop.bantam.ch\/fr\/#organization","name":"Bantam","url":"https:\/\/shop.bantam.ch\/fr\/","logo":{"@type":"ImageObject","inLanguage":"fr-FR","@id":"https:\/\/shop.bantam.ch\/fr\/#\/schema\/logo\/image\/","url":"https:\/\/shop.bantam.ch\/wp-content\/uploads\/2022\/12\/bantam-logo.png","contentUrl":"https:\/\/shop.bantam.ch\/wp-content\/uploads\/2022\/12\/bantam-logo.png","width":320,"height":71,"caption":"Bantam"},"image":{"@id":"https:\/\/shop.bantam.ch\/fr\/#\/schema\/logo\/image\/"}}]}},"_links":{"self":[{"href":"https:\/\/shop.bantam.ch\/fr\/wp-json\/wp\/v2\/product\/120656","targetHints":{"allow":["GET"]}}],"collection":[{"href":"https:\/\/shop.bantam.ch\/fr\/wp-json\/wp\/v2\/product"}],"about":[{"href":"https:\/\/shop.bantam.ch\/fr\/wp-json\/wp\/v2\/types\/product"}],"wp:featuredmedia":[{"embeddable":true,"href":"https:\/\/shop.bantam.ch\/fr\/wp-json\/wp\/v2\/media\/120648"}],"wp:attachment":[{"href":"https:\/\/shop.bantam.ch\/fr\/wp-json\/wp\/v2\/media?parent=120656"}],"wp:term":[{"taxonomy":"product_featured_cat","embeddable":true,"href":"https:\/\/shop.bantam.ch\/fr\/wp-json\/wp\/v2\/product_featured_cat?post=120656"},{"taxonomy":"product_brand","embeddable":true,"href":"https:\/\/shop.bantam.ch\/fr\/wp-json\/wp\/v2\/product_brand?post=120656"},{"taxonomy":"product_cat","embeddable":true,"href":"https:\/\/shop.bantam.ch\/fr\/wp-json\/wp\/v2\/product_cat?post=120656"},{"taxonomy":"product_tag","embeddable":true,"href":"https:\/\/shop.bantam.ch\/fr\/wp-json\/wp\/v2\/product_tag?post=120656"}],"curies":[{"name":"wp","href":"https:\/\/api.w.org\/{rel}","templated":true}]}}