{"id":120484,"date":"2023-02-28T23:26:36","date_gmt":"2023-02-28T22:26:36","guid":{"rendered":"https:\/\/shop.bantam.ch\/produit\/compteur-deau-aquacount\/"},"modified":"2026-05-11T21:47:32","modified_gmt":"2026-05-11T19:47:32","slug":"compteur-deau-aquacount","status":"publish","type":"product","link":"https:\/\/shop.bantam.ch\/fr\/produit\/compteur-deau-aquacount\/","title":{"rendered":"Compteur d\u2019eau Gardena AquaCount"},"content":{"rendered":"<p>Le compteur d&rsquo;eau Gardena AquaCount permet non seulement de mesurer votre consommation d&rsquo;eau \u00e0 tout moment pendant l&rsquo;arrosage, mais aussi d&rsquo;\u00e9conomiser de l&rsquo;eau \u00e0 long terme. Le compteur d&rsquo;eau de jardin est facile \u00e0 installer et \u00e0 utiliser :  le compteur d&rsquo;eau \u00e0 piles est pr\u00eat \u00e0 l&#8217;emploi et facile \u00e0 nettoyer. Le raccordement se fait directement au robinet d&rsquo;eau ou \u00e0 l&rsquo;extr\u00e9mit\u00e9 du tuyau et est possible en orientation horizontale et verticale. L&rsquo;affichage pivote et est facile \u00e0 lire dans n&rsquo;importe quelle position. L&rsquo;utilisation intelligente \u00e0 un bouton donne \u00e9galement un aper\u00e7u d\u00e9taill\u00e9 de la consommation d&rsquo;eau par jour, par saison, la consommation exacte par processus d&rsquo;irrigation et le d\u00e9bit par minute en litres. De plus, le compteur d&rsquo;eau AquaCount est con\u00e7u en mat\u00e9riaux de haute qualit\u00e9 qui garantissent robustesse, r\u00e9sistance au gel et stabilit\u00e9 aux UV. Gardena offre une garantie de cinq ans sur la qualit\u00e9 de ce produit.<\/p>\n","protected":false},"excerpt":{"rendered":"<p>Le compteur d&rsquo;eau Gardena AquaCount permet non seulement de mesurer votre consommation d&rsquo;eau \u00e0 tout moment pendant l&rsquo;arrosage, mais aussi d&rsquo;\u00e9conomiser de l&rsquo;eau \u00e0 long terme. Le compteur d&rsquo;eau de jardin est facile \u00e0 installer et \u00e0 utiliser : le compteur d&rsquo;eau \u00e0 piles est pr\u00eat \u00e0 l&#8217;emploi et facile \u00e0 nettoyer. Le raccordement se [&hellip;]<\/p>\n","protected":false},"featured_media":120476,"template":"","meta":{"_acf_changed":false},"product_featured_cat":[],"product_brand":[3246],"product_cat":[4123],"product_tag":[],"class_list":{"0":"post-120484","1":"product","2":"type-product","3":"status-publish","4":"has-post-thumbnail","6":"product_brand-gardena","7":"product_cat-accessoires-pour-leau-et-les-sanitaires","9":"first","10":"instock","11":"taxable","12":"shipping-taxable","13":"purchasable","14":"product-type-simple"},"acf":[],"yoast_head":"<!-- This site is optimized with the Yoast SEO plugin v27.5 - https:\/\/yoast.com\/product\/yoast-seo-wordpress\/ -->\n<title>Compteur d\u2019eau Gardena AquaCount - Bantam<\/title>\n<meta name=\"robots\" content=\"index, follow, max-snippet:-1, max-image-preview:large, max-video-preview:-1\" \/>\n<link rel=\"canonical\" href=\"https:\/\/shop.bantam.ch\/fr\/produit\/compteur-deau-aquacount\/\" \/>\n<meta property=\"og:locale\" content=\"fr_FR\" \/>\n<meta property=\"og:type\" content=\"article\" \/>\n<meta property=\"og:title\" content=\"Compteur d\u2019eau Gardena AquaCount - Bantam\" \/>\n<meta property=\"og:description\" content=\"Le compteur d&rsquo;eau Gardena AquaCount permet non seulement de mesurer votre consommation d&rsquo;eau \u00e0 tout moment pendant l&rsquo;arrosage, mais aussi d&rsquo;\u00e9conomiser de l&rsquo;eau \u00e0 long terme. Le compteur d&rsquo;eau de jardin est facile \u00e0 installer et \u00e0 utiliser : le compteur d&rsquo;eau \u00e0 piles est pr\u00eat \u00e0 l&#8217;emploi et facile \u00e0 nettoyer. Le raccordement se [&hellip;]\" \/>\n<meta property=\"og:url\" content=\"https:\/\/shop.bantam.ch\/fr\/produit\/compteur-deau-aquacount\/\" \/>\n<meta property=\"og:site_name\" content=\"Bantam\" \/>\n<meta property=\"article:modified_time\" content=\"2026-05-11T19:47:32+00:00\" \/>\n<meta property=\"og:image\" content=\"https:\/\/shop.bantam.ch\/wp-content\/uploads\/2023\/02\/998463911.jpg\" \/>\n\t<meta property=\"og:image:width\" content=\"487\" \/>\n\t<meta property=\"og:image:height\" content=\"1000\" \/>\n\t<meta property=\"og:image:type\" content=\"image\/jpeg\" \/>\n<meta name=\"twitter:card\" content=\"summary_large_image\" \/>\n<meta name=\"twitter:label1\" content=\"Dur\u00e9e de lecture estim\u00e9e\" \/>\n\t<meta name=\"twitter:data1\" content=\"1 minute\" \/>\n<script type=\"application\/ld+json\" class=\"yoast-schema-graph\">{\"@context\":\"https:\\\/\\\/schema.org\",\"@graph\":[{\"@type\":\"WebPage\",\"@id\":\"https:\\\/\\\/shop.bantam.ch\\\/fr\\\/produit\\\/compteur-deau-aquacount\\\/\",\"url\":\"https:\\\/\\\/shop.bantam.ch\\\/fr\\\/produit\\\/compteur-deau-aquacount\\\/\",\"name\":\"Compteur d\u2019eau Gardena AquaCount - Bantam\",\"isPartOf\":{\"@id\":\"https:\\\/\\\/shop.bantam.ch\\\/fr\\\/#website\"},\"primaryImageOfPage\":{\"@id\":\"https:\\\/\\\/shop.bantam.ch\\\/fr\\\/produit\\\/compteur-deau-aquacount\\\/#primaryimage\"},\"image\":{\"@id\":\"https:\\\/\\\/shop.bantam.ch\\\/fr\\\/produit\\\/compteur-deau-aquacount\\\/#primaryimage\"},\"thumbnailUrl\":\"https:\\\/\\\/shop.bantam.ch\\\/wp-content\\\/uploads\\\/2023\\\/02\\\/998463911.jpg\",\"datePublished\":\"2023-02-28T22:26:36+00:00\",\"dateModified\":\"2026-05-11T19:47:32+00:00\",\"breadcrumb\":{\"@id\":\"https:\\\/\\\/shop.bantam.ch\\\/fr\\\/produit\\\/compteur-deau-aquacount\\\/#breadcrumb\"},\"inLanguage\":\"fr-FR\",\"potentialAction\":[{\"@type\":\"ReadAction\",\"target\":[\"https:\\\/\\\/shop.bantam.ch\\\/fr\\\/produit\\\/compteur-deau-aquacount\\\/\"]}]},{\"@type\":\"ImageObject\",\"inLanguage\":\"fr-FR\",\"@id\":\"https:\\\/\\\/shop.bantam.ch\\\/fr\\\/produit\\\/compteur-deau-aquacount\\\/#primaryimage\",\"url\":\"https:\\\/\\\/shop.bantam.ch\\\/wp-content\\\/uploads\\\/2023\\\/02\\\/998463911.jpg\",\"contentUrl\":\"https:\\\/\\\/shop.bantam.ch\\\/wp-content\\\/uploads\\\/2023\\\/02\\\/998463911.jpg\",\"width\":487,\"height\":1000},{\"@type\":\"BreadcrumbList\",\"@id\":\"https:\\\/\\\/shop.bantam.ch\\\/fr\\\/produit\\\/compteur-deau-aquacount\\\/#breadcrumb\",\"itemListElement\":[{\"@type\":\"ListItem\",\"position\":1,\"name\":\"Accueil\",\"item\":\"https:\\\/\\\/shop.bantam.ch\\\/fr\\\/\"},{\"@type\":\"ListItem\",\"position\":2,\"name\":\"Boutique\",\"item\":\"https:\\\/\\\/shop.bantam.ch\\\/fr\\\/boutique\\\/\"},{\"@type\":\"ListItem\",\"position\":3,\"name\":\"Compteur d\u2019eau Gardena AquaCount\"}]},{\"@type\":\"WebSite\",\"@id\":\"https:\\\/\\\/shop.bantam.ch\\\/fr\\\/#website\",\"url\":\"https:\\\/\\\/shop.bantam.ch\\\/fr\\\/\",\"name\":\"Bantam\",\"description\":\"\",\"publisher\":{\"@id\":\"https:\\\/\\\/shop.bantam.ch\\\/fr\\\/#organization\"},\"inLanguage\":\"fr-FR\"},{\"@type\":\"Organization\",\"@id\":\"https:\\\/\\\/shop.bantam.ch\\\/fr\\\/#organization\",\"name\":\"Bantam\",\"url\":\"https:\\\/\\\/shop.bantam.ch\\\/fr\\\/\",\"logo\":{\"@type\":\"ImageObject\",\"inLanguage\":\"fr-FR\",\"@id\":\"https:\\\/\\\/shop.bantam.ch\\\/fr\\\/#\\\/schema\\\/logo\\\/image\\\/\",\"url\":\"https:\\\/\\\/shop.bantam.ch\\\/wp-content\\\/uploads\\\/2022\\\/12\\\/bantam-logo.png\",\"contentUrl\":\"https:\\\/\\\/shop.bantam.ch\\\/wp-content\\\/uploads\\\/2022\\\/12\\\/bantam-logo.png\",\"width\":320,\"height\":71,\"caption\":\"Bantam\"},\"image\":{\"@id\":\"https:\\\/\\\/shop.bantam.ch\\\/fr\\\/#\\\/schema\\\/logo\\\/image\\\/\"}}]}<\/script>\n<!-- \/ Yoast SEO plugin. -->","yoast_head_json":{"title":"Compteur d\u2019eau Gardena AquaCount - Bantam","robots":{"index":"index","follow":"follow","max-snippet":"max-snippet:-1","max-image-preview":"max-image-preview:large","max-video-preview":"max-video-preview:-1"},"canonical":"https:\/\/shop.bantam.ch\/fr\/produit\/compteur-deau-aquacount\/","og_locale":"fr_FR","og_type":"article","og_title":"Compteur d\u2019eau Gardena AquaCount - Bantam","og_description":"Le compteur d&rsquo;eau Gardena AquaCount permet non seulement de mesurer votre consommation d&rsquo;eau \u00e0 tout moment pendant l&rsquo;arrosage, mais aussi d&rsquo;\u00e9conomiser de l&rsquo;eau \u00e0 long terme. Le compteur d&rsquo;eau de jardin est facile \u00e0 installer et \u00e0 utiliser : le compteur d&rsquo;eau \u00e0 piles est pr\u00eat \u00e0 l&#8217;emploi et facile \u00e0 nettoyer. Le raccordement se [&hellip;]","og_url":"https:\/\/shop.bantam.ch\/fr\/produit\/compteur-deau-aquacount\/","og_site_name":"Bantam","article_modified_time":"2026-05-11T19:47:32+00:00","og_image":[{"width":487,"height":1000,"url":"https:\/\/shop.bantam.ch\/wp-content\/uploads\/2023\/02\/998463911.jpg","type":"image\/jpeg"}],"twitter_card":"summary_large_image","twitter_misc":{"Dur\u00e9e de lecture estim\u00e9e":"1 minute"},"schema":{"@context":"https:\/\/schema.org","@graph":[{"@type":"WebPage","@id":"https:\/\/shop.bantam.ch\/fr\/produit\/compteur-deau-aquacount\/","url":"https:\/\/shop.bantam.ch\/fr\/produit\/compteur-deau-aquacount\/","name":"Compteur d\u2019eau Gardena AquaCount - Bantam","isPartOf":{"@id":"https:\/\/shop.bantam.ch\/fr\/#website"},"primaryImageOfPage":{"@id":"https:\/\/shop.bantam.ch\/fr\/produit\/compteur-deau-aquacount\/#primaryimage"},"image":{"@id":"https:\/\/shop.bantam.ch\/fr\/produit\/compteur-deau-aquacount\/#primaryimage"},"thumbnailUrl":"https:\/\/shop.bantam.ch\/wp-content\/uploads\/2023\/02\/998463911.jpg","datePublished":"2023-02-28T22:26:36+00:00","dateModified":"2026-05-11T19:47:32+00:00","breadcrumb":{"@id":"https:\/\/shop.bantam.ch\/fr\/produit\/compteur-deau-aquacount\/#breadcrumb"},"inLanguage":"fr-FR","potentialAction":[{"@type":"ReadAction","target":["https:\/\/shop.bantam.ch\/fr\/produit\/compteur-deau-aquacount\/"]}]},{"@type":"ImageObject","inLanguage":"fr-FR","@id":"https:\/\/shop.bantam.ch\/fr\/produit\/compteur-deau-aquacount\/#primaryimage","url":"https:\/\/shop.bantam.ch\/wp-content\/uploads\/2023\/02\/998463911.jpg","contentUrl":"https:\/\/shop.bantam.ch\/wp-content\/uploads\/2023\/02\/998463911.jpg","width":487,"height":1000},{"@type":"BreadcrumbList","@id":"https:\/\/shop.bantam.ch\/fr\/produit\/compteur-deau-aquacount\/#breadcrumb","itemListElement":[{"@type":"ListItem","position":1,"name":"Accueil","item":"https:\/\/shop.bantam.ch\/fr\/"},{"@type":"ListItem","position":2,"name":"Boutique","item":"https:\/\/shop.bantam.ch\/fr\/boutique\/"},{"@type":"ListItem","position":3,"name":"Compteur d\u2019eau Gardena AquaCount"}]},{"@type":"WebSite","@id":"https:\/\/shop.bantam.ch\/fr\/#website","url":"https:\/\/shop.bantam.ch\/fr\/","name":"Bantam","description":"","publisher":{"@id":"https:\/\/shop.bantam.ch\/fr\/#organization"},"inLanguage":"fr-FR"},{"@type":"Organization","@id":"https:\/\/shop.bantam.ch\/fr\/#organization","name":"Bantam","url":"https:\/\/shop.bantam.ch\/fr\/","logo":{"@type":"ImageObject","inLanguage":"fr-FR","@id":"https:\/\/shop.bantam.ch\/fr\/#\/schema\/logo\/image\/","url":"https:\/\/shop.bantam.ch\/wp-content\/uploads\/2022\/12\/bantam-logo.png","contentUrl":"https:\/\/shop.bantam.ch\/wp-content\/uploads\/2022\/12\/bantam-logo.png","width":320,"height":71,"caption":"Bantam"},"image":{"@id":"https:\/\/shop.bantam.ch\/fr\/#\/schema\/logo\/image\/"}}]}},"_links":{"self":[{"href":"https:\/\/shop.bantam.ch\/fr\/wp-json\/wp\/v2\/product\/120484","targetHints":{"allow":["GET"]}}],"collection":[{"href":"https:\/\/shop.bantam.ch\/fr\/wp-json\/wp\/v2\/product"}],"about":[{"href":"https:\/\/shop.bantam.ch\/fr\/wp-json\/wp\/v2\/types\/product"}],"wp:featuredmedia":[{"embeddable":true,"href":"https:\/\/shop.bantam.ch\/fr\/wp-json\/wp\/v2\/media\/120476"}],"wp:attachment":[{"href":"https:\/\/shop.bantam.ch\/fr\/wp-json\/wp\/v2\/media?parent=120484"}],"wp:term":[{"taxonomy":"product_featured_cat","embeddable":true,"href":"https:\/\/shop.bantam.ch\/fr\/wp-json\/wp\/v2\/product_featured_cat?post=120484"},{"taxonomy":"product_brand","embeddable":true,"href":"https:\/\/shop.bantam.ch\/fr\/wp-json\/wp\/v2\/product_brand?post=120484"},{"taxonomy":"product_cat","embeddable":true,"href":"https:\/\/shop.bantam.ch\/fr\/wp-json\/wp\/v2\/product_cat?post=120484"},{"taxonomy":"product_tag","embeddable":true,"href":"https:\/\/shop.bantam.ch\/fr\/wp-json\/wp\/v2\/product_tag?post=120484"}],"curies":[{"name":"wp","href":"https:\/\/api.w.org\/{rel}","templated":true}]}}