{"id":120456,"date":"2023-02-28T23:26:07","date_gmt":"2023-02-28T22:26:07","guid":{"rendered":"https:\/\/shop.bantam.ch\/produit\/nez-de-robinet\/"},"modified":"2026-05-11T23:30:33","modified_gmt":"2026-05-11T21:30:33","slug":"nez-de-robinet","status":"publish","type":"product","link":"https:\/\/shop.bantam.ch\/fr\/produit\/nez-de-robinet\/","title":{"rendered":"Nez de robinet"},"content":{"rendered":"<p>Le nez de robinet Gardena de haute qualit\u00e9 permet de raccorder en toute s\u00e9curit\u00e9 un tuyau d\u2019arrosage au robinet. Le jet d\u2019eau cibl\u00e9 est particuli\u00e8rement pratique : La fonction anti-\u00e9claboussures garantit que l\u2019eau soit \u00e9limin\u00e9e sans \u00e9claboussures. Gr\u00e2ce aux produits du syst\u00e8me Original GARDENA System, n\u2019importe quel dispositif de raccordement peut \u00eatre connect\u00e9 rapidement et facilement au robinet ou au tuyau.  La forme sp\u00e9ciale du raccord de robinet garantit une connexion simple et s\u00e9curis\u00e9e. Il r\u00e9siste au gel et a une tr\u00e8s longue dur\u00e9e de vie. Gardena accorde une garantie du fabricant de cinq ans sur le nez de robinet fabriqu\u00e9 en Allemagne. <\/p>\n","protected":false},"excerpt":{"rendered":"<p>Le nez de robinet Gardena de haute qualit\u00e9 permet de raccorder en toute s\u00e9curit\u00e9 un tuyau d\u2019arrosage au robinet. Le jet d\u2019eau cibl\u00e9 est particuli\u00e8rement pratique : La fonction anti-\u00e9claboussures garantit que l\u2019eau soit \u00e9limin\u00e9e sans \u00e9claboussures. Gr\u00e2ce aux produits du syst\u00e8me Original GARDENA System, n\u2019importe quel dispositif de raccordement peut \u00eatre connect\u00e9 rapidement et [&hellip;]<\/p>\n","protected":false},"featured_media":120432,"template":"","meta":{"_acf_changed":false},"product_featured_cat":[],"product_brand":[3246],"product_cat":[4123],"product_tag":[],"class_list":{"0":"post-120456","1":"product","2":"type-product","3":"status-publish","4":"has-post-thumbnail","6":"product_brand-gardena","7":"product_cat-accessoires-pour-leau-et-les-sanitaires","9":"first","10":"instock","11":"taxable","12":"shipping-taxable","13":"purchasable","14":"product-type-variable"},"acf":[],"yoast_head":"<!-- This site is optimized with the Yoast SEO plugin v27.5 - https:\/\/yoast.com\/product\/yoast-seo-wordpress\/ -->\n<title>Nez de robinet - Bantam<\/title>\n<meta name=\"robots\" content=\"index, follow, max-snippet:-1, max-image-preview:large, max-video-preview:-1\" \/>\n<link rel=\"canonical\" href=\"https:\/\/shop.bantam.ch\/fr\/produit\/nez-de-robinet\/\" \/>\n<meta property=\"og:locale\" content=\"fr_FR\" \/>\n<meta property=\"og:type\" content=\"article\" \/>\n<meta property=\"og:title\" content=\"Nez de robinet - Bantam\" \/>\n<meta property=\"og:description\" content=\"Le nez de robinet Gardena de haute qualit\u00e9 permet de raccorder en toute s\u00e9curit\u00e9 un tuyau d\u2019arrosage au robinet. Le jet d\u2019eau cibl\u00e9 est particuli\u00e8rement pratique : La fonction anti-\u00e9claboussures garantit que l\u2019eau soit \u00e9limin\u00e9e sans \u00e9claboussures. Gr\u00e2ce aux produits du syst\u00e8me Original GARDENA System, n\u2019importe quel dispositif de raccordement peut \u00eatre connect\u00e9 rapidement et [&hellip;]\" \/>\n<meta property=\"og:url\" content=\"https:\/\/shop.bantam.ch\/fr\/produit\/nez-de-robinet\/\" \/>\n<meta property=\"og:site_name\" content=\"Bantam\" \/>\n<meta property=\"article:modified_time\" content=\"2026-05-11T21:30:33+00:00\" \/>\n<meta property=\"og:image\" content=\"https:\/\/shop.bantam.ch\/wp-content\/uploads\/2023\/02\/998463711.jpg\" \/>\n\t<meta property=\"og:image:width\" content=\"1000\" \/>\n\t<meta property=\"og:image:height\" content=\"778\" \/>\n\t<meta property=\"og:image:type\" content=\"image\/jpeg\" \/>\n<meta name=\"twitter:card\" content=\"summary_large_image\" \/>\n<meta name=\"twitter:label1\" content=\"Dur\u00e9e de lecture estim\u00e9e\" \/>\n\t<meta name=\"twitter:data1\" content=\"1 minute\" \/>\n<script type=\"application\/ld+json\" class=\"yoast-schema-graph\">{\"@context\":\"https:\\\/\\\/schema.org\",\"@graph\":[{\"@type\":\"WebPage\",\"@id\":\"https:\\\/\\\/shop.bantam.ch\\\/fr\\\/produit\\\/nez-de-robinet\\\/\",\"url\":\"https:\\\/\\\/shop.bantam.ch\\\/fr\\\/produit\\\/nez-de-robinet\\\/\",\"name\":\"Nez de robinet - Bantam\",\"isPartOf\":{\"@id\":\"https:\\\/\\\/shop.bantam.ch\\\/fr\\\/#website\"},\"primaryImageOfPage\":{\"@id\":\"https:\\\/\\\/shop.bantam.ch\\\/fr\\\/produit\\\/nez-de-robinet\\\/#primaryimage\"},\"image\":{\"@id\":\"https:\\\/\\\/shop.bantam.ch\\\/fr\\\/produit\\\/nez-de-robinet\\\/#primaryimage\"},\"thumbnailUrl\":\"https:\\\/\\\/shop.bantam.ch\\\/wp-content\\\/uploads\\\/2023\\\/02\\\/998463711.jpg\",\"datePublished\":\"2023-02-28T22:26:07+00:00\",\"dateModified\":\"2026-05-11T21:30:33+00:00\",\"breadcrumb\":{\"@id\":\"https:\\\/\\\/shop.bantam.ch\\\/fr\\\/produit\\\/nez-de-robinet\\\/#breadcrumb\"},\"inLanguage\":\"fr-FR\",\"potentialAction\":[{\"@type\":\"ReadAction\",\"target\":[\"https:\\\/\\\/shop.bantam.ch\\\/fr\\\/produit\\\/nez-de-robinet\\\/\"]}]},{\"@type\":\"ImageObject\",\"inLanguage\":\"fr-FR\",\"@id\":\"https:\\\/\\\/shop.bantam.ch\\\/fr\\\/produit\\\/nez-de-robinet\\\/#primaryimage\",\"url\":\"https:\\\/\\\/shop.bantam.ch\\\/wp-content\\\/uploads\\\/2023\\\/02\\\/998463711.jpg\",\"contentUrl\":\"https:\\\/\\\/shop.bantam.ch\\\/wp-content\\\/uploads\\\/2023\\\/02\\\/998463711.jpg\",\"width\":1000,\"height\":778},{\"@type\":\"BreadcrumbList\",\"@id\":\"https:\\\/\\\/shop.bantam.ch\\\/fr\\\/produit\\\/nez-de-robinet\\\/#breadcrumb\",\"itemListElement\":[{\"@type\":\"ListItem\",\"position\":1,\"name\":\"Accueil\",\"item\":\"https:\\\/\\\/shop.bantam.ch\\\/fr\\\/\"},{\"@type\":\"ListItem\",\"position\":2,\"name\":\"Boutique\",\"item\":\"https:\\\/\\\/shop.bantam.ch\\\/fr\\\/boutique\\\/\"},{\"@type\":\"ListItem\",\"position\":3,\"name\":\"Nez de robinet\"}]},{\"@type\":\"WebSite\",\"@id\":\"https:\\\/\\\/shop.bantam.ch\\\/fr\\\/#website\",\"url\":\"https:\\\/\\\/shop.bantam.ch\\\/fr\\\/\",\"name\":\"Bantam\",\"description\":\"\",\"publisher\":{\"@id\":\"https:\\\/\\\/shop.bantam.ch\\\/fr\\\/#organization\"},\"inLanguage\":\"fr-FR\"},{\"@type\":\"Organization\",\"@id\":\"https:\\\/\\\/shop.bantam.ch\\\/fr\\\/#organization\",\"name\":\"Bantam\",\"url\":\"https:\\\/\\\/shop.bantam.ch\\\/fr\\\/\",\"logo\":{\"@type\":\"ImageObject\",\"inLanguage\":\"fr-FR\",\"@id\":\"https:\\\/\\\/shop.bantam.ch\\\/fr\\\/#\\\/schema\\\/logo\\\/image\\\/\",\"url\":\"https:\\\/\\\/shop.bantam.ch\\\/wp-content\\\/uploads\\\/2022\\\/12\\\/bantam-logo.png\",\"contentUrl\":\"https:\\\/\\\/shop.bantam.ch\\\/wp-content\\\/uploads\\\/2022\\\/12\\\/bantam-logo.png\",\"width\":320,\"height\":71,\"caption\":\"Bantam\"},\"image\":{\"@id\":\"https:\\\/\\\/shop.bantam.ch\\\/fr\\\/#\\\/schema\\\/logo\\\/image\\\/\"}}]}<\/script>\n<!-- \/ Yoast SEO plugin. -->","yoast_head_json":{"title":"Nez de robinet - Bantam","robots":{"index":"index","follow":"follow","max-snippet":"max-snippet:-1","max-image-preview":"max-image-preview:large","max-video-preview":"max-video-preview:-1"},"canonical":"https:\/\/shop.bantam.ch\/fr\/produit\/nez-de-robinet\/","og_locale":"fr_FR","og_type":"article","og_title":"Nez de robinet - Bantam","og_description":"Le nez de robinet Gardena de haute qualit\u00e9 permet de raccorder en toute s\u00e9curit\u00e9 un tuyau d\u2019arrosage au robinet. Le jet d\u2019eau cibl\u00e9 est particuli\u00e8rement pratique : La fonction anti-\u00e9claboussures garantit que l\u2019eau soit \u00e9limin\u00e9e sans \u00e9claboussures. Gr\u00e2ce aux produits du syst\u00e8me Original GARDENA System, n\u2019importe quel dispositif de raccordement peut \u00eatre connect\u00e9 rapidement et [&hellip;]","og_url":"https:\/\/shop.bantam.ch\/fr\/produit\/nez-de-robinet\/","og_site_name":"Bantam","article_modified_time":"2026-05-11T21:30:33+00:00","og_image":[{"width":1000,"height":778,"url":"https:\/\/shop.bantam.ch\/wp-content\/uploads\/2023\/02\/998463711.jpg","type":"image\/jpeg"}],"twitter_card":"summary_large_image","twitter_misc":{"Dur\u00e9e de lecture estim\u00e9e":"1 minute"},"schema":{"@context":"https:\/\/schema.org","@graph":[{"@type":"WebPage","@id":"https:\/\/shop.bantam.ch\/fr\/produit\/nez-de-robinet\/","url":"https:\/\/shop.bantam.ch\/fr\/produit\/nez-de-robinet\/","name":"Nez de robinet - Bantam","isPartOf":{"@id":"https:\/\/shop.bantam.ch\/fr\/#website"},"primaryImageOfPage":{"@id":"https:\/\/shop.bantam.ch\/fr\/produit\/nez-de-robinet\/#primaryimage"},"image":{"@id":"https:\/\/shop.bantam.ch\/fr\/produit\/nez-de-robinet\/#primaryimage"},"thumbnailUrl":"https:\/\/shop.bantam.ch\/wp-content\/uploads\/2023\/02\/998463711.jpg","datePublished":"2023-02-28T22:26:07+00:00","dateModified":"2026-05-11T21:30:33+00:00","breadcrumb":{"@id":"https:\/\/shop.bantam.ch\/fr\/produit\/nez-de-robinet\/#breadcrumb"},"inLanguage":"fr-FR","potentialAction":[{"@type":"ReadAction","target":["https:\/\/shop.bantam.ch\/fr\/produit\/nez-de-robinet\/"]}]},{"@type":"ImageObject","inLanguage":"fr-FR","@id":"https:\/\/shop.bantam.ch\/fr\/produit\/nez-de-robinet\/#primaryimage","url":"https:\/\/shop.bantam.ch\/wp-content\/uploads\/2023\/02\/998463711.jpg","contentUrl":"https:\/\/shop.bantam.ch\/wp-content\/uploads\/2023\/02\/998463711.jpg","width":1000,"height":778},{"@type":"BreadcrumbList","@id":"https:\/\/shop.bantam.ch\/fr\/produit\/nez-de-robinet\/#breadcrumb","itemListElement":[{"@type":"ListItem","position":1,"name":"Accueil","item":"https:\/\/shop.bantam.ch\/fr\/"},{"@type":"ListItem","position":2,"name":"Boutique","item":"https:\/\/shop.bantam.ch\/fr\/boutique\/"},{"@type":"ListItem","position":3,"name":"Nez de robinet"}]},{"@type":"WebSite","@id":"https:\/\/shop.bantam.ch\/fr\/#website","url":"https:\/\/shop.bantam.ch\/fr\/","name":"Bantam","description":"","publisher":{"@id":"https:\/\/shop.bantam.ch\/fr\/#organization"},"inLanguage":"fr-FR"},{"@type":"Organization","@id":"https:\/\/shop.bantam.ch\/fr\/#organization","name":"Bantam","url":"https:\/\/shop.bantam.ch\/fr\/","logo":{"@type":"ImageObject","inLanguage":"fr-FR","@id":"https:\/\/shop.bantam.ch\/fr\/#\/schema\/logo\/image\/","url":"https:\/\/shop.bantam.ch\/wp-content\/uploads\/2022\/12\/bantam-logo.png","contentUrl":"https:\/\/shop.bantam.ch\/wp-content\/uploads\/2022\/12\/bantam-logo.png","width":320,"height":71,"caption":"Bantam"},"image":{"@id":"https:\/\/shop.bantam.ch\/fr\/#\/schema\/logo\/image\/"}}]}},"_links":{"self":[{"href":"https:\/\/shop.bantam.ch\/fr\/wp-json\/wp\/v2\/product\/120456","targetHints":{"allow":["GET"]}}],"collection":[{"href":"https:\/\/shop.bantam.ch\/fr\/wp-json\/wp\/v2\/product"}],"about":[{"href":"https:\/\/shop.bantam.ch\/fr\/wp-json\/wp\/v2\/types\/product"}],"wp:featuredmedia":[{"embeddable":true,"href":"https:\/\/shop.bantam.ch\/fr\/wp-json\/wp\/v2\/media\/120432"}],"wp:attachment":[{"href":"https:\/\/shop.bantam.ch\/fr\/wp-json\/wp\/v2\/media?parent=120456"}],"wp:term":[{"taxonomy":"product_featured_cat","embeddable":true,"href":"https:\/\/shop.bantam.ch\/fr\/wp-json\/wp\/v2\/product_featured_cat?post=120456"},{"taxonomy":"product_brand","embeddable":true,"href":"https:\/\/shop.bantam.ch\/fr\/wp-json\/wp\/v2\/product_brand?post=120456"},{"taxonomy":"product_cat","embeddable":true,"href":"https:\/\/shop.bantam.ch\/fr\/wp-json\/wp\/v2\/product_cat?post=120456"},{"taxonomy":"product_tag","embeddable":true,"href":"https:\/\/shop.bantam.ch\/fr\/wp-json\/wp\/v2\/product_tag?post=120456"}],"curies":[{"name":"wp","href":"https:\/\/api.w.org\/{rel}","templated":true}]}}