{"id":119972,"date":"2023-02-28T23:16:20","date_gmt":"2023-02-28T22:16:20","guid":{"rendered":"https:\/\/shop.bantam.ch\/produit\/antenne-satellite-automatique-g6-connect-single-60-cm\/"},"modified":"2026-04-18T21:49:36","modified_gmt":"2026-04-18T19:49:36","slug":"antenne-satellite-automatique-g6-connect-single-60-cm","status":"publish","type":"product","link":"https:\/\/shop.bantam.ch\/fr\/produit\/antenne-satellite-automatique-g6-connect-single-60-cm\/","title":{"rendered":"Antenne satellite automatique ANTARION\u00a0G6+ Connect Single 60 cm"},"content":{"rendered":"<p>Antenne compacte G6+ connect\u00e9e<\/p>\n<ul>\n<li>Livraison avec d\u00e9modulateur TNTSAT**<\/li>\n<li>Dimensions minimales pour petits camping-cars et fourgons<\/li>\n<li>Qualit\u00e9 de signal identique \u00e0 celle de l\u2019antenne Antarion 65\u00a0cm<\/li>\n<li>Base de moteur identique avec celle des antennes G6+<\/li>\n<li>Vitesse de lanterneau\u00a0: 12 s<\/li>\n<li>Vitesse de rotation\u00a0: 19 s\/rotation<\/li>\n<li>Un satellite pr\u00e9programm\u00e9 bas\u00e9 sur Astra 19 (possibilit\u00e9 de transfert sur Atlantic Bird \/ Eutelsat)<\/li>\n<li>Seulement 1 bo\u00eetier = seulement 1 bouton On\/Off<\/li>\n<li>Commande Bluetooth<\/li>\n<li>Recherche 100\u00a0% automatique avec le r\u00e9gulateur de position CP+CONNECT<\/li>\n<li>Mat\u00e9riaux robustes\u00a0: Vis inox, bo\u00eete en aluminium, sangles en Kevlar, moteur puissant (avec rotation \u00e9lectromagn\u00e9tique)<\/li>\n<li>C\u00e2ble coaxial blind\u00e9 anti-torsion<\/li>\n<li>Sp\u00e9cial pour fourgons<\/li>\n<\/ul>\n<p>* Garantie de 4 ans pour l\u2019antenne &#8211; Garantie de 2 ans pour le pointeur<br \/>**Veuillez pr\u00e9ciser lors de votre commande si vous d\u00e9sirez un d\u00e9modulateur FRANSAT ou non.<\/p>\n","protected":false},"excerpt":{"rendered":"<p>Antenne compacte G6+ connect\u00e9e Livraison avec d\u00e9modulateur TNTSAT** Dimensions minimales pour petits camping-cars et fourgons Qualit\u00e9 de signal identique \u00e0 celle de l\u2019antenne Antarion 65\u00a0cm Base de moteur identique avec celle des antennes G6+ Vitesse de lanterneau\u00a0: 12 s Vitesse de rotation\u00a0: 19 s\/rotation Un satellite pr\u00e9programm\u00e9 bas\u00e9 sur Astra 19 (possibilit\u00e9 de transfert sur [&hellip;]<\/p>\n","protected":false},"featured_media":119968,"template":"","meta":{"_acf_changed":false},"product_featured_cat":[],"product_brand":[3504],"product_cat":[4523],"product_tag":[],"class_list":{"0":"post-119972","1":"product","2":"type-product","3":"status-publish","4":"has-post-thumbnail","6":"product_brand-antarion","7":"product_cat-systemes-satellitaires","9":"first","10":"instock","11":"taxable","12":"shipping-taxable","13":"purchasable","14":"product-type-simple"},"acf":[],"yoast_head":"<!-- This site is optimized with the Yoast SEO plugin v27.4 - https:\/\/yoast.com\/product\/yoast-seo-wordpress\/ -->\n<title>Antenne satellite automatique ANTARION\u00a0G6+ Connect Single 60 cm - Bantam Wankm\u00fcller SA<\/title>\n<meta name=\"robots\" content=\"index, follow, max-snippet:-1, max-image-preview:large, max-video-preview:-1\" \/>\n<link rel=\"canonical\" href=\"https:\/\/shop.bantam.ch\/fr\/produit\/antenne-satellite-automatique-g6-connect-single-60-cm\/\" \/>\n<meta property=\"og:locale\" content=\"fr_FR\" \/>\n<meta property=\"og:type\" content=\"article\" \/>\n<meta property=\"og:title\" content=\"Antenne satellite automatique ANTARION\u00a0G6+ Connect Single 60 cm - Bantam Wankm\u00fcller SA\" \/>\n<meta property=\"og:description\" content=\"Antenne compacte G6+ connect\u00e9e Livraison avec d\u00e9modulateur TNTSAT** Dimensions minimales pour petits camping-cars et fourgons Qualit\u00e9 de signal identique \u00e0 celle de l\u2019antenne Antarion 65\u00a0cm Base de moteur identique avec celle des antennes G6+ Vitesse de lanterneau\u00a0: 12 s Vitesse de rotation\u00a0: 19 s\/rotation Un satellite pr\u00e9programm\u00e9 bas\u00e9 sur Astra 19 (possibilit\u00e9 de transfert sur [&hellip;]\" \/>\n<meta property=\"og:url\" content=\"https:\/\/shop.bantam.ch\/fr\/produit\/antenne-satellite-automatique-g6-connect-single-60-cm\/\" \/>\n<meta property=\"og:site_name\" content=\"Bantam Wankm\u00fcller SA\" \/>\n<meta property=\"article:modified_time\" content=\"2026-04-18T19:49:36+00:00\" \/>\n<meta property=\"og:image\" content=\"https:\/\/shop.bantam.ch\/wp-content\/uploads\/2023\/02\/996129911.jpg\" \/>\n\t<meta property=\"og:image:width\" content=\"667\" \/>\n\t<meta property=\"og:image:height\" content=\"1000\" \/>\n\t<meta property=\"og:image:type\" content=\"image\/jpeg\" \/>\n<meta name=\"twitter:card\" content=\"summary_large_image\" \/>\n<meta name=\"twitter:label1\" content=\"Dur\u00e9e de lecture estim\u00e9e\" \/>\n\t<meta name=\"twitter:data1\" content=\"1 minute\" \/>\n<script type=\"application\/ld+json\" class=\"yoast-schema-graph\">{\"@context\":\"https:\\\/\\\/schema.org\",\"@graph\":[{\"@type\":\"WebPage\",\"@id\":\"https:\\\/\\\/shop.bantam.ch\\\/fr\\\/produit\\\/antenne-satellite-automatique-g6-connect-single-60-cm\\\/\",\"url\":\"https:\\\/\\\/shop.bantam.ch\\\/fr\\\/produit\\\/antenne-satellite-automatique-g6-connect-single-60-cm\\\/\",\"name\":\"Antenne satellite automatique ANTARION\u00a0G6+ Connect Single 60 cm - Bantam Wankm\u00fcller SA\",\"isPartOf\":{\"@id\":\"https:\\\/\\\/shop.bantam.ch\\\/fr\\\/#website\"},\"primaryImageOfPage\":{\"@id\":\"https:\\\/\\\/shop.bantam.ch\\\/fr\\\/produit\\\/antenne-satellite-automatique-g6-connect-single-60-cm\\\/#primaryimage\"},\"image\":{\"@id\":\"https:\\\/\\\/shop.bantam.ch\\\/fr\\\/produit\\\/antenne-satellite-automatique-g6-connect-single-60-cm\\\/#primaryimage\"},\"thumbnailUrl\":\"https:\\\/\\\/shop.bantam.ch\\\/wp-content\\\/uploads\\\/2023\\\/02\\\/996129911.jpg\",\"datePublished\":\"2023-02-28T22:16:20+00:00\",\"dateModified\":\"2026-04-18T19:49:36+00:00\",\"breadcrumb\":{\"@id\":\"https:\\\/\\\/shop.bantam.ch\\\/fr\\\/produit\\\/antenne-satellite-automatique-g6-connect-single-60-cm\\\/#breadcrumb\"},\"inLanguage\":\"fr-FR\",\"potentialAction\":[{\"@type\":\"ReadAction\",\"target\":[\"https:\\\/\\\/shop.bantam.ch\\\/fr\\\/produit\\\/antenne-satellite-automatique-g6-connect-single-60-cm\\\/\"]}]},{\"@type\":\"ImageObject\",\"inLanguage\":\"fr-FR\",\"@id\":\"https:\\\/\\\/shop.bantam.ch\\\/fr\\\/produit\\\/antenne-satellite-automatique-g6-connect-single-60-cm\\\/#primaryimage\",\"url\":\"https:\\\/\\\/shop.bantam.ch\\\/wp-content\\\/uploads\\\/2023\\\/02\\\/996129911.jpg\",\"contentUrl\":\"https:\\\/\\\/shop.bantam.ch\\\/wp-content\\\/uploads\\\/2023\\\/02\\\/996129911.jpg\",\"width\":667,\"height\":1000},{\"@type\":\"BreadcrumbList\",\"@id\":\"https:\\\/\\\/shop.bantam.ch\\\/fr\\\/produit\\\/antenne-satellite-automatique-g6-connect-single-60-cm\\\/#breadcrumb\",\"itemListElement\":[{\"@type\":\"ListItem\",\"position\":1,\"name\":\"Accueil\",\"item\":\"https:\\\/\\\/shop.bantam.ch\\\/fr\\\/\"},{\"@type\":\"ListItem\",\"position\":2,\"name\":\"Boutique\",\"item\":\"https:\\\/\\\/shop.bantam.ch\\\/fr\\\/boutique\\\/\"},{\"@type\":\"ListItem\",\"position\":3,\"name\":\"Antenne satellite automatique ANTARION\u00a0G6+ Connect Single 60 cm\"}]},{\"@type\":\"WebSite\",\"@id\":\"https:\\\/\\\/shop.bantam.ch\\\/fr\\\/#website\",\"url\":\"https:\\\/\\\/shop.bantam.ch\\\/fr\\\/\",\"name\":\"Bantam Wankm\u00fcller SA\",\"description\":\"\",\"publisher\":{\"@id\":\"https:\\\/\\\/shop.bantam.ch\\\/fr\\\/#organization\"},\"inLanguage\":\"fr-FR\"},{\"@type\":\"Organization\",\"@id\":\"https:\\\/\\\/shop.bantam.ch\\\/fr\\\/#organization\",\"name\":\"Bantam Wankm\u00fcller SA\",\"url\":\"https:\\\/\\\/shop.bantam.ch\\\/fr\\\/\",\"logo\":{\"@type\":\"ImageObject\",\"inLanguage\":\"fr-FR\",\"@id\":\"https:\\\/\\\/shop.bantam.ch\\\/fr\\\/#\\\/schema\\\/logo\\\/image\\\/\",\"url\":\"https:\\\/\\\/shop.bantam.ch\\\/wp-content\\\/uploads\\\/2022\\\/12\\\/bantam-logo.png\",\"contentUrl\":\"https:\\\/\\\/shop.bantam.ch\\\/wp-content\\\/uploads\\\/2022\\\/12\\\/bantam-logo.png\",\"width\":320,\"height\":71,\"caption\":\"Bantam Wankm\u00fcller SA\"},\"image\":{\"@id\":\"https:\\\/\\\/shop.bantam.ch\\\/fr\\\/#\\\/schema\\\/logo\\\/image\\\/\"}}]}<\/script>\n<!-- \/ Yoast SEO plugin. -->","yoast_head_json":{"title":"Antenne satellite automatique ANTARION\u00a0G6+ Connect Single 60 cm - Bantam Wankm\u00fcller SA","robots":{"index":"index","follow":"follow","max-snippet":"max-snippet:-1","max-image-preview":"max-image-preview:large","max-video-preview":"max-video-preview:-1"},"canonical":"https:\/\/shop.bantam.ch\/fr\/produit\/antenne-satellite-automatique-g6-connect-single-60-cm\/","og_locale":"fr_FR","og_type":"article","og_title":"Antenne satellite automatique ANTARION\u00a0G6+ Connect Single 60 cm - Bantam Wankm\u00fcller SA","og_description":"Antenne compacte G6+ connect\u00e9e Livraison avec d\u00e9modulateur TNTSAT** Dimensions minimales pour petits camping-cars et fourgons Qualit\u00e9 de signal identique \u00e0 celle de l\u2019antenne Antarion 65\u00a0cm Base de moteur identique avec celle des antennes G6+ Vitesse de lanterneau\u00a0: 12 s Vitesse de rotation\u00a0: 19 s\/rotation Un satellite pr\u00e9programm\u00e9 bas\u00e9 sur Astra 19 (possibilit\u00e9 de transfert sur [&hellip;]","og_url":"https:\/\/shop.bantam.ch\/fr\/produit\/antenne-satellite-automatique-g6-connect-single-60-cm\/","og_site_name":"Bantam Wankm\u00fcller SA","article_modified_time":"2026-04-18T19:49:36+00:00","og_image":[{"width":667,"height":1000,"url":"https:\/\/shop.bantam.ch\/wp-content\/uploads\/2023\/02\/996129911.jpg","type":"image\/jpeg"}],"twitter_card":"summary_large_image","twitter_misc":{"Dur\u00e9e de lecture estim\u00e9e":"1 minute"},"schema":{"@context":"https:\/\/schema.org","@graph":[{"@type":"WebPage","@id":"https:\/\/shop.bantam.ch\/fr\/produit\/antenne-satellite-automatique-g6-connect-single-60-cm\/","url":"https:\/\/shop.bantam.ch\/fr\/produit\/antenne-satellite-automatique-g6-connect-single-60-cm\/","name":"Antenne satellite automatique ANTARION\u00a0G6+ Connect Single 60 cm - Bantam Wankm\u00fcller SA","isPartOf":{"@id":"https:\/\/shop.bantam.ch\/fr\/#website"},"primaryImageOfPage":{"@id":"https:\/\/shop.bantam.ch\/fr\/produit\/antenne-satellite-automatique-g6-connect-single-60-cm\/#primaryimage"},"image":{"@id":"https:\/\/shop.bantam.ch\/fr\/produit\/antenne-satellite-automatique-g6-connect-single-60-cm\/#primaryimage"},"thumbnailUrl":"https:\/\/shop.bantam.ch\/wp-content\/uploads\/2023\/02\/996129911.jpg","datePublished":"2023-02-28T22:16:20+00:00","dateModified":"2026-04-18T19:49:36+00:00","breadcrumb":{"@id":"https:\/\/shop.bantam.ch\/fr\/produit\/antenne-satellite-automatique-g6-connect-single-60-cm\/#breadcrumb"},"inLanguage":"fr-FR","potentialAction":[{"@type":"ReadAction","target":["https:\/\/shop.bantam.ch\/fr\/produit\/antenne-satellite-automatique-g6-connect-single-60-cm\/"]}]},{"@type":"ImageObject","inLanguage":"fr-FR","@id":"https:\/\/shop.bantam.ch\/fr\/produit\/antenne-satellite-automatique-g6-connect-single-60-cm\/#primaryimage","url":"https:\/\/shop.bantam.ch\/wp-content\/uploads\/2023\/02\/996129911.jpg","contentUrl":"https:\/\/shop.bantam.ch\/wp-content\/uploads\/2023\/02\/996129911.jpg","width":667,"height":1000},{"@type":"BreadcrumbList","@id":"https:\/\/shop.bantam.ch\/fr\/produit\/antenne-satellite-automatique-g6-connect-single-60-cm\/#breadcrumb","itemListElement":[{"@type":"ListItem","position":1,"name":"Accueil","item":"https:\/\/shop.bantam.ch\/fr\/"},{"@type":"ListItem","position":2,"name":"Boutique","item":"https:\/\/shop.bantam.ch\/fr\/boutique\/"},{"@type":"ListItem","position":3,"name":"Antenne satellite automatique ANTARION\u00a0G6+ Connect Single 60 cm"}]},{"@type":"WebSite","@id":"https:\/\/shop.bantam.ch\/fr\/#website","url":"https:\/\/shop.bantam.ch\/fr\/","name":"Bantam Wankm\u00fcller SA","description":"","publisher":{"@id":"https:\/\/shop.bantam.ch\/fr\/#organization"},"inLanguage":"fr-FR"},{"@type":"Organization","@id":"https:\/\/shop.bantam.ch\/fr\/#organization","name":"Bantam Wankm\u00fcller SA","url":"https:\/\/shop.bantam.ch\/fr\/","logo":{"@type":"ImageObject","inLanguage":"fr-FR","@id":"https:\/\/shop.bantam.ch\/fr\/#\/schema\/logo\/image\/","url":"https:\/\/shop.bantam.ch\/wp-content\/uploads\/2022\/12\/bantam-logo.png","contentUrl":"https:\/\/shop.bantam.ch\/wp-content\/uploads\/2022\/12\/bantam-logo.png","width":320,"height":71,"caption":"Bantam Wankm\u00fcller SA"},"image":{"@id":"https:\/\/shop.bantam.ch\/fr\/#\/schema\/logo\/image\/"}}]}},"_links":{"self":[{"href":"https:\/\/shop.bantam.ch\/fr\/wp-json\/wp\/v2\/product\/119972","targetHints":{"allow":["GET"]}}],"collection":[{"href":"https:\/\/shop.bantam.ch\/fr\/wp-json\/wp\/v2\/product"}],"about":[{"href":"https:\/\/shop.bantam.ch\/fr\/wp-json\/wp\/v2\/types\/product"}],"wp:featuredmedia":[{"embeddable":true,"href":"https:\/\/shop.bantam.ch\/fr\/wp-json\/wp\/v2\/media\/119968"}],"wp:attachment":[{"href":"https:\/\/shop.bantam.ch\/fr\/wp-json\/wp\/v2\/media?parent=119972"}],"wp:term":[{"taxonomy":"product_featured_cat","embeddable":true,"href":"https:\/\/shop.bantam.ch\/fr\/wp-json\/wp\/v2\/product_featured_cat?post=119972"},{"taxonomy":"product_brand","embeddable":true,"href":"https:\/\/shop.bantam.ch\/fr\/wp-json\/wp\/v2\/product_brand?post=119972"},{"taxonomy":"product_cat","embeddable":true,"href":"https:\/\/shop.bantam.ch\/fr\/wp-json\/wp\/v2\/product_cat?post=119972"},{"taxonomy":"product_tag","embeddable":true,"href":"https:\/\/shop.bantam.ch\/fr\/wp-json\/wp\/v2\/product_tag?post=119972"}],"curies":[{"name":"wp","href":"https:\/\/api.w.org\/{rel}","templated":true}]}}