{"id":119858,"date":"2023-02-28T23:14:04","date_gmt":"2023-02-28T22:14:04","guid":{"rendered":"https:\/\/shop.bantam.ch\/produit\/kit-de-nettoyage-pour-caravane\/"},"modified":"2026-04-18T21:49:27","modified_gmt":"2026-04-18T19:49:27","slug":"kit-de-nettoyage-pour-caravane","status":"publish","type":"product","link":"https:\/\/shop.bantam.ch\/fr\/produit\/kit-de-nettoyage-pour-caravane\/","title":{"rendered":"Kit de nettoyage PUDOL Caravane"},"content":{"rendered":"<p>Le kit de nettoyage pour CARAVANE comprend tout ce dont vous avez besoin pour que votre camping-car brille et miroite\u00a0:<\/p>\n<p>Syst\u00e8me d\u2019entretien Mikrosoft\u00a0:<br \/> L\u2019arme miracle pour l\u2019entretien et la conservation d\u2019au moins 1\u00a0000 types de surface et mat\u00e9riaux (inox, verre, chrome, argent, or, plastiques, \u00e9mail, etc.).<\/p>\n<p>Nettoyant pour verre\u00a0:<br \/>La \u00ab\u00a0formule magique\u00a0\u00bb haute concentration et sans alcool pour des vitres claires comme du cristal avec la garantie de ne laisser ni traces, ni tra\u00een\u00e9es.<\/p>\n<p>D\u00e9tergent pour jantes pro\u00a0:<br \/>Nettoyage de jantes turbo pour tout type de jante. Avec formule pour jante anti-poussi\u00e8re et anti-graisse intensive.<\/p>\n<p>Chiffons polyvalents\u00a0:<br \/>Chiffons d\u2019utilisation universelle en non-tiss\u00e9 pour le nettoyage sans eau. De PH neutre. En seau distributeur refermable pour un nettoyage facile en itin\u00e9rance.<\/p>\n<p>Shampooing pour v\u00e9hicule\u00a0:<br \/>Nettoyant neutre (pH\u00a07) avec puissante mousse active. Nettoyage intensif, nettoyant et d\u00e9graissant, avec action r\u00e9g\u00e9n\u00e9rante pour la peinture.<\/p>\n<p>Nettoyant \u00e0 l\u2019huile d\u2019orange\u00a0:<br \/>Un puissant agent actif naturel super-concentr\u00e9. \u00c9limine les odeurs, avec un excellent pouvoir nettoyant.<\/p>\n<p>Additif contre les mati\u00e8res f\u00e9cales\u00a0:<br \/>Additif pour toilettes de parfum frais, de fort pouvoir de d\u00e9composition de mati\u00e8res solides et du papier de toilettes. \u00c9cologique et de abondant.<\/p>\n<p>Pour le nettoyage ext\u00e9rieur<br \/>&#8211; Surfaces ext\u00e9rieures<br \/>&#8211; Toit<br \/>&#8211; Fen\u00eatres<br \/>&#8211; Jantes<\/p>\n<p>Pour le nettoyage int\u00e9rieur<br \/>&#8211; Surfaces de rangement<br \/>&#8211; Plans de cuisson<br \/>&#8211; Fen\u00eatres<br \/>&#8211; Salle de bain<\/p>\n<p>Contenu de la livraison :<br \/>1 syst\u00e8me d\u2019entretien Mikrosoft (150\u00a0ml)<br \/>1 Nettoyant pour verre (250\u00a0ml)<br \/>1 d\u00e9tergent pour jantes pro (250\u00a0ml)<br \/>1 seau de 70 chiffons polyvalents<br \/>1 shampooing pour v\u00e9hicule (250\u00a0ml)<br \/>1 nettoyant \u00e0 l\u2019huile d\u2019orange (250\u00a0ml)<br \/>1 additif contre les mati\u00e8res f\u00e9cales (250\u00a0ml)<br \/>1 seau (12,8\u00a0l)<br \/>1 chiffon microfibre<br \/>1 \u00e9ponge<\/p>\n<p>Mati\u00e8re chiffon \u00e0 microfibres\u00a0:<br \/>70\u00a0% polyester<br \/>30 % polyamide<\/p>\n","protected":false},"excerpt":{"rendered":"<p>Le kit de nettoyage pour CARAVANE comprend tout ce dont vous avez besoin pour que votre camping-car brille et miroite\u00a0: Syst\u00e8me d\u2019entretien Mikrosoft\u00a0: L\u2019arme miracle pour l\u2019entretien et la conservation d\u2019au moins 1\u00a0000 types de surface et mat\u00e9riaux (inox, verre, chrome, argent, or, plastiques, \u00e9mail, etc.). Nettoyant pour verre\u00a0:La \u00ab\u00a0formule magique\u00a0\u00bb haute concentration et sans [&hellip;]<\/p>\n","protected":false},"featured_media":119836,"template":"","meta":{"_acf_changed":false},"product_featured_cat":[],"product_brand":[3602],"product_cat":[5091],"product_tag":[],"class_list":{"0":"post-119858","1":"product","2":"type-product","3":"status-publish","4":"has-post-thumbnail","6":"product_brand-pudol","7":"product_cat-detergent-special","9":"first","10":"instock","11":"taxable","12":"shipping-taxable","13":"purchasable","14":"product-type-simple"},"acf":[],"yoast_head":"<!-- This site is optimized with the Yoast SEO plugin v27.4 - https:\/\/yoast.com\/product\/yoast-seo-wordpress\/ -->\n<title>Kit de nettoyage PUDOL Caravane - Bantam Wankm\u00fcller SA<\/title>\n<meta name=\"robots\" content=\"index, follow, max-snippet:-1, max-image-preview:large, max-video-preview:-1\" \/>\n<link rel=\"canonical\" href=\"https:\/\/shop.bantam.ch\/fr\/produit\/kit-de-nettoyage-pour-caravane\/\" \/>\n<meta property=\"og:locale\" content=\"fr_FR\" \/>\n<meta property=\"og:type\" content=\"article\" \/>\n<meta property=\"og:title\" content=\"Kit de nettoyage PUDOL Caravane - Bantam Wankm\u00fcller SA\" \/>\n<meta property=\"og:description\" content=\"Le kit de nettoyage pour CARAVANE comprend tout ce dont vous avez besoin pour que votre camping-car brille et miroite\u00a0: Syst\u00e8me d\u2019entretien Mikrosoft\u00a0: L\u2019arme miracle pour l\u2019entretien et la conservation d\u2019au moins 1\u00a0000 types de surface et mat\u00e9riaux (inox, verre, chrome, argent, or, plastiques, \u00e9mail, etc.). Nettoyant pour verre\u00a0:La \u00ab\u00a0formule magique\u00a0\u00bb haute concentration et sans [&hellip;]\" \/>\n<meta property=\"og:url\" content=\"https:\/\/shop.bantam.ch\/fr\/produit\/kit-de-nettoyage-pour-caravane\/\" \/>\n<meta property=\"og:site_name\" content=\"Bantam Wankm\u00fcller SA\" \/>\n<meta property=\"article:modified_time\" content=\"2026-04-18T19:49:27+00:00\" \/>\n<meta property=\"og:image\" content=\"https:\/\/shop.bantam.ch\/wp-content\/uploads\/2023\/02\/994458511.jpg\" \/>\n\t<meta property=\"og:image:width\" content=\"1000\" \/>\n\t<meta property=\"og:image:height\" content=\"480\" \/>\n\t<meta property=\"og:image:type\" content=\"image\/jpeg\" \/>\n<meta name=\"twitter:card\" content=\"summary_large_image\" \/>\n<meta name=\"twitter:label1\" content=\"Dur\u00e9e de lecture estim\u00e9e\" \/>\n\t<meta name=\"twitter:data1\" content=\"1 minute\" \/>\n<script type=\"application\/ld+json\" class=\"yoast-schema-graph\">{\"@context\":\"https:\\\/\\\/schema.org\",\"@graph\":[{\"@type\":\"WebPage\",\"@id\":\"https:\\\/\\\/shop.bantam.ch\\\/fr\\\/produit\\\/kit-de-nettoyage-pour-caravane\\\/\",\"url\":\"https:\\\/\\\/shop.bantam.ch\\\/fr\\\/produit\\\/kit-de-nettoyage-pour-caravane\\\/\",\"name\":\"Kit de nettoyage PUDOL Caravane - Bantam Wankm\u00fcller SA\",\"isPartOf\":{\"@id\":\"https:\\\/\\\/shop.bantam.ch\\\/fr\\\/#website\"},\"primaryImageOfPage\":{\"@id\":\"https:\\\/\\\/shop.bantam.ch\\\/fr\\\/produit\\\/kit-de-nettoyage-pour-caravane\\\/#primaryimage\"},\"image\":{\"@id\":\"https:\\\/\\\/shop.bantam.ch\\\/fr\\\/produit\\\/kit-de-nettoyage-pour-caravane\\\/#primaryimage\"},\"thumbnailUrl\":\"https:\\\/\\\/shop.bantam.ch\\\/wp-content\\\/uploads\\\/2023\\\/02\\\/994458511.jpg\",\"datePublished\":\"2023-02-28T22:14:04+00:00\",\"dateModified\":\"2026-04-18T19:49:27+00:00\",\"breadcrumb\":{\"@id\":\"https:\\\/\\\/shop.bantam.ch\\\/fr\\\/produit\\\/kit-de-nettoyage-pour-caravane\\\/#breadcrumb\"},\"inLanguage\":\"fr-FR\",\"potentialAction\":[{\"@type\":\"ReadAction\",\"target\":[\"https:\\\/\\\/shop.bantam.ch\\\/fr\\\/produit\\\/kit-de-nettoyage-pour-caravane\\\/\"]}]},{\"@type\":\"ImageObject\",\"inLanguage\":\"fr-FR\",\"@id\":\"https:\\\/\\\/shop.bantam.ch\\\/fr\\\/produit\\\/kit-de-nettoyage-pour-caravane\\\/#primaryimage\",\"url\":\"https:\\\/\\\/shop.bantam.ch\\\/wp-content\\\/uploads\\\/2023\\\/02\\\/994458511.jpg\",\"contentUrl\":\"https:\\\/\\\/shop.bantam.ch\\\/wp-content\\\/uploads\\\/2023\\\/02\\\/994458511.jpg\",\"width\":1000,\"height\":480},{\"@type\":\"BreadcrumbList\",\"@id\":\"https:\\\/\\\/shop.bantam.ch\\\/fr\\\/produit\\\/kit-de-nettoyage-pour-caravane\\\/#breadcrumb\",\"itemListElement\":[{\"@type\":\"ListItem\",\"position\":1,\"name\":\"Accueil\",\"item\":\"https:\\\/\\\/shop.bantam.ch\\\/fr\\\/\"},{\"@type\":\"ListItem\",\"position\":2,\"name\":\"Boutique\",\"item\":\"https:\\\/\\\/shop.bantam.ch\\\/fr\\\/boutique\\\/\"},{\"@type\":\"ListItem\",\"position\":3,\"name\":\"Kit de nettoyage PUDOL Caravane\"}]},{\"@type\":\"WebSite\",\"@id\":\"https:\\\/\\\/shop.bantam.ch\\\/fr\\\/#website\",\"url\":\"https:\\\/\\\/shop.bantam.ch\\\/fr\\\/\",\"name\":\"Bantam Wankm\u00fcller SA\",\"description\":\"\",\"publisher\":{\"@id\":\"https:\\\/\\\/shop.bantam.ch\\\/fr\\\/#organization\"},\"inLanguage\":\"fr-FR\"},{\"@type\":\"Organization\",\"@id\":\"https:\\\/\\\/shop.bantam.ch\\\/fr\\\/#organization\",\"name\":\"Bantam Wankm\u00fcller SA\",\"url\":\"https:\\\/\\\/shop.bantam.ch\\\/fr\\\/\",\"logo\":{\"@type\":\"ImageObject\",\"inLanguage\":\"fr-FR\",\"@id\":\"https:\\\/\\\/shop.bantam.ch\\\/fr\\\/#\\\/schema\\\/logo\\\/image\\\/\",\"url\":\"https:\\\/\\\/shop.bantam.ch\\\/wp-content\\\/uploads\\\/2022\\\/12\\\/bantam-logo.png\",\"contentUrl\":\"https:\\\/\\\/shop.bantam.ch\\\/wp-content\\\/uploads\\\/2022\\\/12\\\/bantam-logo.png\",\"width\":320,\"height\":71,\"caption\":\"Bantam Wankm\u00fcller SA\"},\"image\":{\"@id\":\"https:\\\/\\\/shop.bantam.ch\\\/fr\\\/#\\\/schema\\\/logo\\\/image\\\/\"}}]}<\/script>\n<!-- \/ Yoast SEO plugin. -->","yoast_head_json":{"title":"Kit de nettoyage PUDOL Caravane - Bantam Wankm\u00fcller SA","robots":{"index":"index","follow":"follow","max-snippet":"max-snippet:-1","max-image-preview":"max-image-preview:large","max-video-preview":"max-video-preview:-1"},"canonical":"https:\/\/shop.bantam.ch\/fr\/produit\/kit-de-nettoyage-pour-caravane\/","og_locale":"fr_FR","og_type":"article","og_title":"Kit de nettoyage PUDOL Caravane - Bantam Wankm\u00fcller SA","og_description":"Le kit de nettoyage pour CARAVANE comprend tout ce dont vous avez besoin pour que votre camping-car brille et miroite\u00a0: Syst\u00e8me d\u2019entretien Mikrosoft\u00a0: L\u2019arme miracle pour l\u2019entretien et la conservation d\u2019au moins 1\u00a0000 types de surface et mat\u00e9riaux (inox, verre, chrome, argent, or, plastiques, \u00e9mail, etc.). Nettoyant pour verre\u00a0:La \u00ab\u00a0formule magique\u00a0\u00bb haute concentration et sans [&hellip;]","og_url":"https:\/\/shop.bantam.ch\/fr\/produit\/kit-de-nettoyage-pour-caravane\/","og_site_name":"Bantam Wankm\u00fcller SA","article_modified_time":"2026-04-18T19:49:27+00:00","og_image":[{"width":1000,"height":480,"url":"https:\/\/shop.bantam.ch\/wp-content\/uploads\/2023\/02\/994458511.jpg","type":"image\/jpeg"}],"twitter_card":"summary_large_image","twitter_misc":{"Dur\u00e9e de lecture estim\u00e9e":"1 minute"},"schema":{"@context":"https:\/\/schema.org","@graph":[{"@type":"WebPage","@id":"https:\/\/shop.bantam.ch\/fr\/produit\/kit-de-nettoyage-pour-caravane\/","url":"https:\/\/shop.bantam.ch\/fr\/produit\/kit-de-nettoyage-pour-caravane\/","name":"Kit de nettoyage PUDOL Caravane - Bantam Wankm\u00fcller SA","isPartOf":{"@id":"https:\/\/shop.bantam.ch\/fr\/#website"},"primaryImageOfPage":{"@id":"https:\/\/shop.bantam.ch\/fr\/produit\/kit-de-nettoyage-pour-caravane\/#primaryimage"},"image":{"@id":"https:\/\/shop.bantam.ch\/fr\/produit\/kit-de-nettoyage-pour-caravane\/#primaryimage"},"thumbnailUrl":"https:\/\/shop.bantam.ch\/wp-content\/uploads\/2023\/02\/994458511.jpg","datePublished":"2023-02-28T22:14:04+00:00","dateModified":"2026-04-18T19:49:27+00:00","breadcrumb":{"@id":"https:\/\/shop.bantam.ch\/fr\/produit\/kit-de-nettoyage-pour-caravane\/#breadcrumb"},"inLanguage":"fr-FR","potentialAction":[{"@type":"ReadAction","target":["https:\/\/shop.bantam.ch\/fr\/produit\/kit-de-nettoyage-pour-caravane\/"]}]},{"@type":"ImageObject","inLanguage":"fr-FR","@id":"https:\/\/shop.bantam.ch\/fr\/produit\/kit-de-nettoyage-pour-caravane\/#primaryimage","url":"https:\/\/shop.bantam.ch\/wp-content\/uploads\/2023\/02\/994458511.jpg","contentUrl":"https:\/\/shop.bantam.ch\/wp-content\/uploads\/2023\/02\/994458511.jpg","width":1000,"height":480},{"@type":"BreadcrumbList","@id":"https:\/\/shop.bantam.ch\/fr\/produit\/kit-de-nettoyage-pour-caravane\/#breadcrumb","itemListElement":[{"@type":"ListItem","position":1,"name":"Accueil","item":"https:\/\/shop.bantam.ch\/fr\/"},{"@type":"ListItem","position":2,"name":"Boutique","item":"https:\/\/shop.bantam.ch\/fr\/boutique\/"},{"@type":"ListItem","position":3,"name":"Kit de nettoyage PUDOL Caravane"}]},{"@type":"WebSite","@id":"https:\/\/shop.bantam.ch\/fr\/#website","url":"https:\/\/shop.bantam.ch\/fr\/","name":"Bantam Wankm\u00fcller SA","description":"","publisher":{"@id":"https:\/\/shop.bantam.ch\/fr\/#organization"},"inLanguage":"fr-FR"},{"@type":"Organization","@id":"https:\/\/shop.bantam.ch\/fr\/#organization","name":"Bantam Wankm\u00fcller SA","url":"https:\/\/shop.bantam.ch\/fr\/","logo":{"@type":"ImageObject","inLanguage":"fr-FR","@id":"https:\/\/shop.bantam.ch\/fr\/#\/schema\/logo\/image\/","url":"https:\/\/shop.bantam.ch\/wp-content\/uploads\/2022\/12\/bantam-logo.png","contentUrl":"https:\/\/shop.bantam.ch\/wp-content\/uploads\/2022\/12\/bantam-logo.png","width":320,"height":71,"caption":"Bantam Wankm\u00fcller SA"},"image":{"@id":"https:\/\/shop.bantam.ch\/fr\/#\/schema\/logo\/image\/"}}]}},"_links":{"self":[{"href":"https:\/\/shop.bantam.ch\/fr\/wp-json\/wp\/v2\/product\/119858","targetHints":{"allow":["GET"]}}],"collection":[{"href":"https:\/\/shop.bantam.ch\/fr\/wp-json\/wp\/v2\/product"}],"about":[{"href":"https:\/\/shop.bantam.ch\/fr\/wp-json\/wp\/v2\/types\/product"}],"wp:featuredmedia":[{"embeddable":true,"href":"https:\/\/shop.bantam.ch\/fr\/wp-json\/wp\/v2\/media\/119836"}],"wp:attachment":[{"href":"https:\/\/shop.bantam.ch\/fr\/wp-json\/wp\/v2\/media?parent=119858"}],"wp:term":[{"taxonomy":"product_featured_cat","embeddable":true,"href":"https:\/\/shop.bantam.ch\/fr\/wp-json\/wp\/v2\/product_featured_cat?post=119858"},{"taxonomy":"product_brand","embeddable":true,"href":"https:\/\/shop.bantam.ch\/fr\/wp-json\/wp\/v2\/product_brand?post=119858"},{"taxonomy":"product_cat","embeddable":true,"href":"https:\/\/shop.bantam.ch\/fr\/wp-json\/wp\/v2\/product_cat?post=119858"},{"taxonomy":"product_tag","embeddable":true,"href":"https:\/\/shop.bantam.ch\/fr\/wp-json\/wp\/v2\/product_tag?post=119858"}],"curies":[{"name":"wp","href":"https:\/\/api.w.org\/{rel}","templated":true}]}}