{"id":119812,"date":"2023-02-28T23:13:37","date_gmt":"2023-02-28T22:13:37","guid":{"rendered":"https:\/\/shop.bantam.ch\/produit\/kit-brosses-et-entretien-pour-caravane-et-voiture-7-pieces\/"},"modified":"2026-04-18T21:49:27","modified_gmt":"2026-04-18T19:49:27","slug":"kit-brosses-et-entretien-pour-caravane-et-voiture-7-pieces","status":"publish","type":"product","link":"https:\/\/shop.bantam.ch\/fr\/produit\/kit-brosses-et-entretien-pour-caravane-et-voiture-7-pieces\/","title":{"rendered":"Kit brosse et nettoyage Yachticon pour caravane\/auto 7 pcs."},"content":{"rendered":"<p>Lot de brosses 7 pi\u00e8ces<\/p>\n<p>Contenu de la livraison :<br \/>Brosse de nettoyage<br \/>Rev\u00eatement des poils en microfibre<br \/>manche en aluminium t\u00e9lescopique jusqu\u2019\u00e0 1,5 m avec syst\u00e8me d\u2019\u00e9coulement d\u2019eau<br \/>Raccord de tuyau avec r\u00e9gulation de l\u2019eau On \/ Off<br \/>Brosse \u00e0 jantes Premium<br \/>Brosse 2 en 1 pour \u00e9liminer les r\u00e9sidus comme la cire<br \/>Raclette microfibre pour vitres 23 cm <br \/>Support mural Organizer inclus<\/p>\n","protected":false},"excerpt":{"rendered":"<p>Lot de brosses 7 pi\u00e8ces Contenu de la livraison :Brosse de nettoyageRev\u00eatement des poils en microfibremanche en aluminium t\u00e9lescopique jusqu\u2019\u00e0 1,5 m avec syst\u00e8me d\u2019\u00e9coulement d\u2019eauRaccord de tuyau avec r\u00e9gulation de l\u2019eau On \/ OffBrosse \u00e0 jantes PremiumBrosse 2 en 1 pour \u00e9liminer les r\u00e9sidus comme la cireRaclette microfibre pour vitres 23 cm Support mural [&hellip;]<\/p>\n","protected":false},"featured_media":119808,"template":"","meta":{"_acf_changed":false},"product_featured_cat":[],"product_brand":[3164],"product_cat":[4753],"product_tag":[],"class_list":{"0":"post-119812","1":"product","2":"type-product","3":"status-publish","4":"has-post-thumbnail","6":"product_brand-yachticon","7":"product_cat-brosses-de-lavage","9":"first","10":"instock","11":"taxable","12":"shipping-taxable","13":"purchasable","14":"product-type-simple"},"acf":[],"yoast_head":"<!-- This site is optimized with the Yoast SEO plugin v27.4 - https:\/\/yoast.com\/product\/yoast-seo-wordpress\/ -->\n<title>Kit brosse et nettoyage Yachticon pour caravane\/auto 7 pcs. - Bantam Wankm\u00fcller SA<\/title>\n<meta name=\"robots\" content=\"index, follow, max-snippet:-1, max-image-preview:large, max-video-preview:-1\" \/>\n<link rel=\"canonical\" href=\"https:\/\/shop.bantam.ch\/fr\/produit\/kit-brosses-et-entretien-pour-caravane-et-voiture-7-pieces\/\" \/>\n<meta property=\"og:locale\" content=\"fr_FR\" \/>\n<meta property=\"og:type\" content=\"article\" \/>\n<meta property=\"og:title\" content=\"Kit brosse et nettoyage Yachticon pour caravane\/auto 7 pcs. - Bantam Wankm\u00fcller SA\" \/>\n<meta property=\"og:description\" content=\"Lot de brosses 7 pi\u00e8ces Contenu de la livraison :Brosse de nettoyageRev\u00eatement des poils en microfibremanche en aluminium t\u00e9lescopique jusqu\u2019\u00e0 1,5 m avec syst\u00e8me d\u2019\u00e9coulement d\u2019eauRaccord de tuyau avec r\u00e9gulation de l\u2019eau On \/ OffBrosse \u00e0 jantes PremiumBrosse 2 en 1 pour \u00e9liminer les r\u00e9sidus comme la cireRaclette microfibre pour vitres 23 cm Support mural [&hellip;]\" \/>\n<meta property=\"og:url\" content=\"https:\/\/shop.bantam.ch\/fr\/produit\/kit-brosses-et-entretien-pour-caravane-et-voiture-7-pieces\/\" \/>\n<meta property=\"og:site_name\" content=\"Bantam Wankm\u00fcller SA\" \/>\n<meta property=\"article:modified_time\" content=\"2026-04-18T19:49:27+00:00\" \/>\n<meta property=\"og:image\" content=\"https:\/\/shop.bantam.ch\/wp-content\/uploads\/2023\/02\/994458411.jpg\" \/>\n\t<meta property=\"og:image:width\" content=\"621\" \/>\n\t<meta property=\"og:image:height\" content=\"1000\" \/>\n\t<meta property=\"og:image:type\" content=\"image\/jpeg\" \/>\n<meta name=\"twitter:card\" content=\"summary_large_image\" \/>\n<script type=\"application\/ld+json\" class=\"yoast-schema-graph\">{\"@context\":\"https:\\\/\\\/schema.org\",\"@graph\":[{\"@type\":\"WebPage\",\"@id\":\"https:\\\/\\\/shop.bantam.ch\\\/fr\\\/produit\\\/kit-brosses-et-entretien-pour-caravane-et-voiture-7-pieces\\\/\",\"url\":\"https:\\\/\\\/shop.bantam.ch\\\/fr\\\/produit\\\/kit-brosses-et-entretien-pour-caravane-et-voiture-7-pieces\\\/\",\"name\":\"Kit brosse et nettoyage Yachticon pour caravane\\\/auto 7 pcs. - Bantam Wankm\u00fcller SA\",\"isPartOf\":{\"@id\":\"https:\\\/\\\/shop.bantam.ch\\\/fr\\\/#website\"},\"primaryImageOfPage\":{\"@id\":\"https:\\\/\\\/shop.bantam.ch\\\/fr\\\/produit\\\/kit-brosses-et-entretien-pour-caravane-et-voiture-7-pieces\\\/#primaryimage\"},\"image\":{\"@id\":\"https:\\\/\\\/shop.bantam.ch\\\/fr\\\/produit\\\/kit-brosses-et-entretien-pour-caravane-et-voiture-7-pieces\\\/#primaryimage\"},\"thumbnailUrl\":\"https:\\\/\\\/shop.bantam.ch\\\/wp-content\\\/uploads\\\/2023\\\/02\\\/994458411.jpg\",\"datePublished\":\"2023-02-28T22:13:37+00:00\",\"dateModified\":\"2026-04-18T19:49:27+00:00\",\"breadcrumb\":{\"@id\":\"https:\\\/\\\/shop.bantam.ch\\\/fr\\\/produit\\\/kit-brosses-et-entretien-pour-caravane-et-voiture-7-pieces\\\/#breadcrumb\"},\"inLanguage\":\"fr-FR\",\"potentialAction\":[{\"@type\":\"ReadAction\",\"target\":[\"https:\\\/\\\/shop.bantam.ch\\\/fr\\\/produit\\\/kit-brosses-et-entretien-pour-caravane-et-voiture-7-pieces\\\/\"]}]},{\"@type\":\"ImageObject\",\"inLanguage\":\"fr-FR\",\"@id\":\"https:\\\/\\\/shop.bantam.ch\\\/fr\\\/produit\\\/kit-brosses-et-entretien-pour-caravane-et-voiture-7-pieces\\\/#primaryimage\",\"url\":\"https:\\\/\\\/shop.bantam.ch\\\/wp-content\\\/uploads\\\/2023\\\/02\\\/994458411.jpg\",\"contentUrl\":\"https:\\\/\\\/shop.bantam.ch\\\/wp-content\\\/uploads\\\/2023\\\/02\\\/994458411.jpg\",\"width\":621,\"height\":1000},{\"@type\":\"BreadcrumbList\",\"@id\":\"https:\\\/\\\/shop.bantam.ch\\\/fr\\\/produit\\\/kit-brosses-et-entretien-pour-caravane-et-voiture-7-pieces\\\/#breadcrumb\",\"itemListElement\":[{\"@type\":\"ListItem\",\"position\":1,\"name\":\"Accueil\",\"item\":\"https:\\\/\\\/shop.bantam.ch\\\/fr\\\/\"},{\"@type\":\"ListItem\",\"position\":2,\"name\":\"Boutique\",\"item\":\"https:\\\/\\\/shop.bantam.ch\\\/fr\\\/boutique\\\/\"},{\"@type\":\"ListItem\",\"position\":3,\"name\":\"Kit brosse et nettoyage Yachticon pour caravane\\\/auto 7 pcs.\"}]},{\"@type\":\"WebSite\",\"@id\":\"https:\\\/\\\/shop.bantam.ch\\\/fr\\\/#website\",\"url\":\"https:\\\/\\\/shop.bantam.ch\\\/fr\\\/\",\"name\":\"Bantam Wankm\u00fcller SA\",\"description\":\"\",\"publisher\":{\"@id\":\"https:\\\/\\\/shop.bantam.ch\\\/fr\\\/#organization\"},\"inLanguage\":\"fr-FR\"},{\"@type\":\"Organization\",\"@id\":\"https:\\\/\\\/shop.bantam.ch\\\/fr\\\/#organization\",\"name\":\"Bantam Wankm\u00fcller SA\",\"url\":\"https:\\\/\\\/shop.bantam.ch\\\/fr\\\/\",\"logo\":{\"@type\":\"ImageObject\",\"inLanguage\":\"fr-FR\",\"@id\":\"https:\\\/\\\/shop.bantam.ch\\\/fr\\\/#\\\/schema\\\/logo\\\/image\\\/\",\"url\":\"https:\\\/\\\/shop.bantam.ch\\\/wp-content\\\/uploads\\\/2022\\\/12\\\/bantam-logo.png\",\"contentUrl\":\"https:\\\/\\\/shop.bantam.ch\\\/wp-content\\\/uploads\\\/2022\\\/12\\\/bantam-logo.png\",\"width\":320,\"height\":71,\"caption\":\"Bantam Wankm\u00fcller SA\"},\"image\":{\"@id\":\"https:\\\/\\\/shop.bantam.ch\\\/fr\\\/#\\\/schema\\\/logo\\\/image\\\/\"}}]}<\/script>\n<!-- \/ Yoast SEO plugin. -->","yoast_head_json":{"title":"Kit brosse et nettoyage Yachticon pour caravane\/auto 7 pcs. - Bantam Wankm\u00fcller SA","robots":{"index":"index","follow":"follow","max-snippet":"max-snippet:-1","max-image-preview":"max-image-preview:large","max-video-preview":"max-video-preview:-1"},"canonical":"https:\/\/shop.bantam.ch\/fr\/produit\/kit-brosses-et-entretien-pour-caravane-et-voiture-7-pieces\/","og_locale":"fr_FR","og_type":"article","og_title":"Kit brosse et nettoyage Yachticon pour caravane\/auto 7 pcs. - Bantam Wankm\u00fcller SA","og_description":"Lot de brosses 7 pi\u00e8ces Contenu de la livraison :Brosse de nettoyageRev\u00eatement des poils en microfibremanche en aluminium t\u00e9lescopique jusqu\u2019\u00e0 1,5 m avec syst\u00e8me d\u2019\u00e9coulement d\u2019eauRaccord de tuyau avec r\u00e9gulation de l\u2019eau On \/ OffBrosse \u00e0 jantes PremiumBrosse 2 en 1 pour \u00e9liminer les r\u00e9sidus comme la cireRaclette microfibre pour vitres 23 cm Support mural [&hellip;]","og_url":"https:\/\/shop.bantam.ch\/fr\/produit\/kit-brosses-et-entretien-pour-caravane-et-voiture-7-pieces\/","og_site_name":"Bantam Wankm\u00fcller SA","article_modified_time":"2026-04-18T19:49:27+00:00","og_image":[{"width":621,"height":1000,"url":"https:\/\/shop.bantam.ch\/wp-content\/uploads\/2023\/02\/994458411.jpg","type":"image\/jpeg"}],"twitter_card":"summary_large_image","schema":{"@context":"https:\/\/schema.org","@graph":[{"@type":"WebPage","@id":"https:\/\/shop.bantam.ch\/fr\/produit\/kit-brosses-et-entretien-pour-caravane-et-voiture-7-pieces\/","url":"https:\/\/shop.bantam.ch\/fr\/produit\/kit-brosses-et-entretien-pour-caravane-et-voiture-7-pieces\/","name":"Kit brosse et nettoyage Yachticon pour caravane\/auto 7 pcs. - Bantam Wankm\u00fcller SA","isPartOf":{"@id":"https:\/\/shop.bantam.ch\/fr\/#website"},"primaryImageOfPage":{"@id":"https:\/\/shop.bantam.ch\/fr\/produit\/kit-brosses-et-entretien-pour-caravane-et-voiture-7-pieces\/#primaryimage"},"image":{"@id":"https:\/\/shop.bantam.ch\/fr\/produit\/kit-brosses-et-entretien-pour-caravane-et-voiture-7-pieces\/#primaryimage"},"thumbnailUrl":"https:\/\/shop.bantam.ch\/wp-content\/uploads\/2023\/02\/994458411.jpg","datePublished":"2023-02-28T22:13:37+00:00","dateModified":"2026-04-18T19:49:27+00:00","breadcrumb":{"@id":"https:\/\/shop.bantam.ch\/fr\/produit\/kit-brosses-et-entretien-pour-caravane-et-voiture-7-pieces\/#breadcrumb"},"inLanguage":"fr-FR","potentialAction":[{"@type":"ReadAction","target":["https:\/\/shop.bantam.ch\/fr\/produit\/kit-brosses-et-entretien-pour-caravane-et-voiture-7-pieces\/"]}]},{"@type":"ImageObject","inLanguage":"fr-FR","@id":"https:\/\/shop.bantam.ch\/fr\/produit\/kit-brosses-et-entretien-pour-caravane-et-voiture-7-pieces\/#primaryimage","url":"https:\/\/shop.bantam.ch\/wp-content\/uploads\/2023\/02\/994458411.jpg","contentUrl":"https:\/\/shop.bantam.ch\/wp-content\/uploads\/2023\/02\/994458411.jpg","width":621,"height":1000},{"@type":"BreadcrumbList","@id":"https:\/\/shop.bantam.ch\/fr\/produit\/kit-brosses-et-entretien-pour-caravane-et-voiture-7-pieces\/#breadcrumb","itemListElement":[{"@type":"ListItem","position":1,"name":"Accueil","item":"https:\/\/shop.bantam.ch\/fr\/"},{"@type":"ListItem","position":2,"name":"Boutique","item":"https:\/\/shop.bantam.ch\/fr\/boutique\/"},{"@type":"ListItem","position":3,"name":"Kit brosse et nettoyage Yachticon pour caravane\/auto 7 pcs."}]},{"@type":"WebSite","@id":"https:\/\/shop.bantam.ch\/fr\/#website","url":"https:\/\/shop.bantam.ch\/fr\/","name":"Bantam Wankm\u00fcller SA","description":"","publisher":{"@id":"https:\/\/shop.bantam.ch\/fr\/#organization"},"inLanguage":"fr-FR"},{"@type":"Organization","@id":"https:\/\/shop.bantam.ch\/fr\/#organization","name":"Bantam Wankm\u00fcller SA","url":"https:\/\/shop.bantam.ch\/fr\/","logo":{"@type":"ImageObject","inLanguage":"fr-FR","@id":"https:\/\/shop.bantam.ch\/fr\/#\/schema\/logo\/image\/","url":"https:\/\/shop.bantam.ch\/wp-content\/uploads\/2022\/12\/bantam-logo.png","contentUrl":"https:\/\/shop.bantam.ch\/wp-content\/uploads\/2022\/12\/bantam-logo.png","width":320,"height":71,"caption":"Bantam Wankm\u00fcller SA"},"image":{"@id":"https:\/\/shop.bantam.ch\/fr\/#\/schema\/logo\/image\/"}}]}},"_links":{"self":[{"href":"https:\/\/shop.bantam.ch\/fr\/wp-json\/wp\/v2\/product\/119812","targetHints":{"allow":["GET"]}}],"collection":[{"href":"https:\/\/shop.bantam.ch\/fr\/wp-json\/wp\/v2\/product"}],"about":[{"href":"https:\/\/shop.bantam.ch\/fr\/wp-json\/wp\/v2\/types\/product"}],"wp:featuredmedia":[{"embeddable":true,"href":"https:\/\/shop.bantam.ch\/fr\/wp-json\/wp\/v2\/media\/119808"}],"wp:attachment":[{"href":"https:\/\/shop.bantam.ch\/fr\/wp-json\/wp\/v2\/media?parent=119812"}],"wp:term":[{"taxonomy":"product_featured_cat","embeddable":true,"href":"https:\/\/shop.bantam.ch\/fr\/wp-json\/wp\/v2\/product_featured_cat?post=119812"},{"taxonomy":"product_brand","embeddable":true,"href":"https:\/\/shop.bantam.ch\/fr\/wp-json\/wp\/v2\/product_brand?post=119812"},{"taxonomy":"product_cat","embeddable":true,"href":"https:\/\/shop.bantam.ch\/fr\/wp-json\/wp\/v2\/product_cat?post=119812"},{"taxonomy":"product_tag","embeddable":true,"href":"https:\/\/shop.bantam.ch\/fr\/wp-json\/wp\/v2\/product_tag?post=119812"}],"curies":[{"name":"wp","href":"https:\/\/api.w.org\/{rel}","templated":true}]}}