{"id":119778,"date":"2023-02-28T23:13:03","date_gmt":"2023-02-28T22:13:03","guid":{"rendered":"https:\/\/shop.bantam.ch\/produit\/set-de-3-etiquettes-aimantees-angle-mort-pour-vehicule-a-partir-de-35-t-pour-la-france\/"},"modified":"2026-04-18T21:49:21","modified_gmt":"2026-04-18T19:49:21","slug":"set-de-3-etiquettes-aimantees-angle-mort-pour-vehicule-a-partir-de-35-t-pour-la-france","status":"publish","type":"product","link":"https:\/\/shop.bantam.ch\/fr\/produit\/set-de-3-etiquettes-aimantees-angle-mort-pour-vehicule-a-partir-de-35-t-pour-la-france\/","title":{"rendered":"Autocollant angle mort IWH pour v\u00e9hicules sup. \u00e0 3,5 t en France avec aimant Contenu 3 pces"},"content":{"rendered":"<p>La mention \u00ab\u00a0Angle mort\u00a0\u00bb est depuis le 01\/01\/2021 obligatoire en France pour les v\u00e9hicules au-dessus de 3,5\u00a0t. Qu\u2019il s\u2019agisse d\u2019un camion, d\u2019un fourgon ou d\u2019un camping-car. Tout v\u00e9hicule d\u00e9passant cette limite de poids doit d\u00e9sormais afficher l\u2019autocollant relatif \u00e0 l\u2019angle mort \u00e0 trois endroits pr\u00e9cis du v\u00e9hicule. La loi ne fait pas ici de distinction entre les v\u00e9hicules nationaux et \u00e9trangers. Il s\u2019agit de prot\u00e9ger les cyclistes et les pi\u00e9tons au niveau de l\u2019angle mort ! Les conducteurs de camping-cars doivent utiliser les autocollants avec le van.<\/p>\n<p>Vous trouverez ci-apr\u00e8s les instructions pour le fixer au v\u00e9hicule :<\/p>\n<ul>\n<li>avant du v\u00e9hicule\u00a0: \u00e0 la verticale, \u00e0 une hauteur comprise entre 0,9 et 1,5\u00a0m, \u00e0 l\u2019horizontale dans le premier m\u00e8tre en partant de l\u2019avant du v\u00e9hicule<\/li>\n<li>arri\u00e8re du v\u00e9hicule : verticalement \u00e0 une hauteur comprise entre 0,9 et 1,5 m, horizontalement sur le c\u00f4t\u00e9 droit du v\u00e9hicule<\/li>\n<\/ul>\n<p>Contenu\u00a0:<br \/>2 films magn\u00e9tiques pour les portes<br \/>1 \u00e9tiquette pour la zone arri\u00e8re<\/p>\n","protected":false},"excerpt":{"rendered":"<p>La mention \u00ab\u00a0Angle mort\u00a0\u00bb est depuis le 01\/01\/2021 obligatoire en France pour les v\u00e9hicules au-dessus de 3,5\u00a0t. Qu\u2019il s\u2019agisse d\u2019un camion, d\u2019un fourgon ou d\u2019un camping-car. Tout v\u00e9hicule d\u00e9passant cette limite de poids doit d\u00e9sormais afficher l\u2019autocollant relatif \u00e0 l\u2019angle mort \u00e0 trois endroits pr\u00e9cis du v\u00e9hicule. La loi ne fait pas ici de distinction [&hellip;]<\/p>\n","protected":false},"featured_media":119774,"template":"","meta":{"_acf_changed":false},"product_featured_cat":[],"product_brand":[3418],"product_cat":[4657],"product_tag":[],"class_list":{"0":"post-119778","1":"product","2":"type-product","3":"status-publish","4":"has-post-thumbnail","6":"product_brand-iwh","7":"product_cat-depanneurs","9":"first","10":"instock","11":"taxable","12":"shipping-taxable","13":"purchasable","14":"product-type-simple"},"acf":[],"yoast_head":"<!-- This site is optimized with the Yoast SEO plugin v27.4 - https:\/\/yoast.com\/product\/yoast-seo-wordpress\/ -->\n<title>Autocollant angle mort IWH pour v\u00e9hicules sup. \u00e0 3,5 t en France avec aimant Contenu 3 pces - Bantam Wankm\u00fcller SA<\/title>\n<meta name=\"robots\" content=\"index, follow, max-snippet:-1, max-image-preview:large, max-video-preview:-1\" \/>\n<link rel=\"canonical\" href=\"https:\/\/shop.bantam.ch\/fr\/produit\/set-de-3-etiquettes-aimantees-angle-mort-pour-vehicule-a-partir-de-35-t-pour-la-france\/\" \/>\n<meta property=\"og:locale\" content=\"fr_FR\" \/>\n<meta property=\"og:type\" content=\"article\" \/>\n<meta property=\"og:title\" content=\"Autocollant angle mort IWH pour v\u00e9hicules sup. \u00e0 3,5 t en France avec aimant Contenu 3 pces - Bantam Wankm\u00fcller SA\" \/>\n<meta property=\"og:description\" content=\"La mention \u00ab\u00a0Angle mort\u00a0\u00bb est depuis le 01\/01\/2021 obligatoire en France pour les v\u00e9hicules au-dessus de 3,5\u00a0t. Qu\u2019il s\u2019agisse d\u2019un camion, d\u2019un fourgon ou d\u2019un camping-car. Tout v\u00e9hicule d\u00e9passant cette limite de poids doit d\u00e9sormais afficher l\u2019autocollant relatif \u00e0 l\u2019angle mort \u00e0 trois endroits pr\u00e9cis du v\u00e9hicule. La loi ne fait pas ici de distinction [&hellip;]\" \/>\n<meta property=\"og:url\" content=\"https:\/\/shop.bantam.ch\/fr\/produit\/set-de-3-etiquettes-aimantees-angle-mort-pour-vehicule-a-partir-de-35-t-pour-la-france\/\" \/>\n<meta property=\"og:site_name\" content=\"Bantam Wankm\u00fcller SA\" \/>\n<meta property=\"article:modified_time\" content=\"2026-04-18T19:49:21+00:00\" \/>\n<meta property=\"og:image\" content=\"https:\/\/shop.bantam.ch\/wp-content\/uploads\/2023\/02\/994458311.jpg\" \/>\n\t<meta property=\"og:image:width\" content=\"1000\" \/>\n\t<meta property=\"og:image:height\" content=\"971\" \/>\n\t<meta property=\"og:image:type\" content=\"image\/jpeg\" \/>\n<meta name=\"twitter:card\" content=\"summary_large_image\" \/>\n<meta name=\"twitter:label1\" content=\"Dur\u00e9e de lecture estim\u00e9e\" \/>\n\t<meta name=\"twitter:data1\" content=\"1 minute\" \/>\n<script type=\"application\/ld+json\" class=\"yoast-schema-graph\">{\"@context\":\"https:\\\/\\\/schema.org\",\"@graph\":[{\"@type\":\"WebPage\",\"@id\":\"https:\\\/\\\/shop.bantam.ch\\\/fr\\\/produit\\\/set-de-3-etiquettes-aimantees-angle-mort-pour-vehicule-a-partir-de-35-t-pour-la-france\\\/\",\"url\":\"https:\\\/\\\/shop.bantam.ch\\\/fr\\\/produit\\\/set-de-3-etiquettes-aimantees-angle-mort-pour-vehicule-a-partir-de-35-t-pour-la-france\\\/\",\"name\":\"Autocollant angle mort IWH pour v\u00e9hicules sup. \u00e0 3,5 t en France avec aimant Contenu 3 pces - Bantam Wankm\u00fcller SA\",\"isPartOf\":{\"@id\":\"https:\\\/\\\/shop.bantam.ch\\\/fr\\\/#website\"},\"primaryImageOfPage\":{\"@id\":\"https:\\\/\\\/shop.bantam.ch\\\/fr\\\/produit\\\/set-de-3-etiquettes-aimantees-angle-mort-pour-vehicule-a-partir-de-35-t-pour-la-france\\\/#primaryimage\"},\"image\":{\"@id\":\"https:\\\/\\\/shop.bantam.ch\\\/fr\\\/produit\\\/set-de-3-etiquettes-aimantees-angle-mort-pour-vehicule-a-partir-de-35-t-pour-la-france\\\/#primaryimage\"},\"thumbnailUrl\":\"https:\\\/\\\/shop.bantam.ch\\\/wp-content\\\/uploads\\\/2023\\\/02\\\/994458311.jpg\",\"datePublished\":\"2023-02-28T22:13:03+00:00\",\"dateModified\":\"2026-04-18T19:49:21+00:00\",\"breadcrumb\":{\"@id\":\"https:\\\/\\\/shop.bantam.ch\\\/fr\\\/produit\\\/set-de-3-etiquettes-aimantees-angle-mort-pour-vehicule-a-partir-de-35-t-pour-la-france\\\/#breadcrumb\"},\"inLanguage\":\"fr-FR\",\"potentialAction\":[{\"@type\":\"ReadAction\",\"target\":[\"https:\\\/\\\/shop.bantam.ch\\\/fr\\\/produit\\\/set-de-3-etiquettes-aimantees-angle-mort-pour-vehicule-a-partir-de-35-t-pour-la-france\\\/\"]}]},{\"@type\":\"ImageObject\",\"inLanguage\":\"fr-FR\",\"@id\":\"https:\\\/\\\/shop.bantam.ch\\\/fr\\\/produit\\\/set-de-3-etiquettes-aimantees-angle-mort-pour-vehicule-a-partir-de-35-t-pour-la-france\\\/#primaryimage\",\"url\":\"https:\\\/\\\/shop.bantam.ch\\\/wp-content\\\/uploads\\\/2023\\\/02\\\/994458311.jpg\",\"contentUrl\":\"https:\\\/\\\/shop.bantam.ch\\\/wp-content\\\/uploads\\\/2023\\\/02\\\/994458311.jpg\",\"width\":1000,\"height\":971},{\"@type\":\"BreadcrumbList\",\"@id\":\"https:\\\/\\\/shop.bantam.ch\\\/fr\\\/produit\\\/set-de-3-etiquettes-aimantees-angle-mort-pour-vehicule-a-partir-de-35-t-pour-la-france\\\/#breadcrumb\",\"itemListElement\":[{\"@type\":\"ListItem\",\"position\":1,\"name\":\"Accueil\",\"item\":\"https:\\\/\\\/shop.bantam.ch\\\/fr\\\/\"},{\"@type\":\"ListItem\",\"position\":2,\"name\":\"Boutique\",\"item\":\"https:\\\/\\\/shop.bantam.ch\\\/fr\\\/boutique\\\/\"},{\"@type\":\"ListItem\",\"position\":3,\"name\":\"Autocollant angle mort IWH pour v\u00e9hicules sup. \u00e0 3,5 t en France avec aimant Contenu 3 pces\"}]},{\"@type\":\"WebSite\",\"@id\":\"https:\\\/\\\/shop.bantam.ch\\\/fr\\\/#website\",\"url\":\"https:\\\/\\\/shop.bantam.ch\\\/fr\\\/\",\"name\":\"Bantam Wankm\u00fcller SA\",\"description\":\"\",\"publisher\":{\"@id\":\"https:\\\/\\\/shop.bantam.ch\\\/fr\\\/#organization\"},\"inLanguage\":\"fr-FR\"},{\"@type\":\"Organization\",\"@id\":\"https:\\\/\\\/shop.bantam.ch\\\/fr\\\/#organization\",\"name\":\"Bantam Wankm\u00fcller SA\",\"url\":\"https:\\\/\\\/shop.bantam.ch\\\/fr\\\/\",\"logo\":{\"@type\":\"ImageObject\",\"inLanguage\":\"fr-FR\",\"@id\":\"https:\\\/\\\/shop.bantam.ch\\\/fr\\\/#\\\/schema\\\/logo\\\/image\\\/\",\"url\":\"https:\\\/\\\/shop.bantam.ch\\\/wp-content\\\/uploads\\\/2022\\\/12\\\/bantam-logo.png\",\"contentUrl\":\"https:\\\/\\\/shop.bantam.ch\\\/wp-content\\\/uploads\\\/2022\\\/12\\\/bantam-logo.png\",\"width\":320,\"height\":71,\"caption\":\"Bantam Wankm\u00fcller SA\"},\"image\":{\"@id\":\"https:\\\/\\\/shop.bantam.ch\\\/fr\\\/#\\\/schema\\\/logo\\\/image\\\/\"}}]}<\/script>\n<!-- \/ Yoast SEO plugin. -->","yoast_head_json":{"title":"Autocollant angle mort IWH pour v\u00e9hicules sup. \u00e0 3,5 t en France avec aimant Contenu 3 pces - Bantam Wankm\u00fcller SA","robots":{"index":"index","follow":"follow","max-snippet":"max-snippet:-1","max-image-preview":"max-image-preview:large","max-video-preview":"max-video-preview:-1"},"canonical":"https:\/\/shop.bantam.ch\/fr\/produit\/set-de-3-etiquettes-aimantees-angle-mort-pour-vehicule-a-partir-de-35-t-pour-la-france\/","og_locale":"fr_FR","og_type":"article","og_title":"Autocollant angle mort IWH pour v\u00e9hicules sup. \u00e0 3,5 t en France avec aimant Contenu 3 pces - Bantam Wankm\u00fcller SA","og_description":"La mention \u00ab\u00a0Angle mort\u00a0\u00bb est depuis le 01\/01\/2021 obligatoire en France pour les v\u00e9hicules au-dessus de 3,5\u00a0t. Qu\u2019il s\u2019agisse d\u2019un camion, d\u2019un fourgon ou d\u2019un camping-car. Tout v\u00e9hicule d\u00e9passant cette limite de poids doit d\u00e9sormais afficher l\u2019autocollant relatif \u00e0 l\u2019angle mort \u00e0 trois endroits pr\u00e9cis du v\u00e9hicule. La loi ne fait pas ici de distinction [&hellip;]","og_url":"https:\/\/shop.bantam.ch\/fr\/produit\/set-de-3-etiquettes-aimantees-angle-mort-pour-vehicule-a-partir-de-35-t-pour-la-france\/","og_site_name":"Bantam Wankm\u00fcller SA","article_modified_time":"2026-04-18T19:49:21+00:00","og_image":[{"width":1000,"height":971,"url":"https:\/\/shop.bantam.ch\/wp-content\/uploads\/2023\/02\/994458311.jpg","type":"image\/jpeg"}],"twitter_card":"summary_large_image","twitter_misc":{"Dur\u00e9e de lecture estim\u00e9e":"1 minute"},"schema":{"@context":"https:\/\/schema.org","@graph":[{"@type":"WebPage","@id":"https:\/\/shop.bantam.ch\/fr\/produit\/set-de-3-etiquettes-aimantees-angle-mort-pour-vehicule-a-partir-de-35-t-pour-la-france\/","url":"https:\/\/shop.bantam.ch\/fr\/produit\/set-de-3-etiquettes-aimantees-angle-mort-pour-vehicule-a-partir-de-35-t-pour-la-france\/","name":"Autocollant angle mort IWH pour v\u00e9hicules sup. \u00e0 3,5 t en France avec aimant Contenu 3 pces - Bantam Wankm\u00fcller SA","isPartOf":{"@id":"https:\/\/shop.bantam.ch\/fr\/#website"},"primaryImageOfPage":{"@id":"https:\/\/shop.bantam.ch\/fr\/produit\/set-de-3-etiquettes-aimantees-angle-mort-pour-vehicule-a-partir-de-35-t-pour-la-france\/#primaryimage"},"image":{"@id":"https:\/\/shop.bantam.ch\/fr\/produit\/set-de-3-etiquettes-aimantees-angle-mort-pour-vehicule-a-partir-de-35-t-pour-la-france\/#primaryimage"},"thumbnailUrl":"https:\/\/shop.bantam.ch\/wp-content\/uploads\/2023\/02\/994458311.jpg","datePublished":"2023-02-28T22:13:03+00:00","dateModified":"2026-04-18T19:49:21+00:00","breadcrumb":{"@id":"https:\/\/shop.bantam.ch\/fr\/produit\/set-de-3-etiquettes-aimantees-angle-mort-pour-vehicule-a-partir-de-35-t-pour-la-france\/#breadcrumb"},"inLanguage":"fr-FR","potentialAction":[{"@type":"ReadAction","target":["https:\/\/shop.bantam.ch\/fr\/produit\/set-de-3-etiquettes-aimantees-angle-mort-pour-vehicule-a-partir-de-35-t-pour-la-france\/"]}]},{"@type":"ImageObject","inLanguage":"fr-FR","@id":"https:\/\/shop.bantam.ch\/fr\/produit\/set-de-3-etiquettes-aimantees-angle-mort-pour-vehicule-a-partir-de-35-t-pour-la-france\/#primaryimage","url":"https:\/\/shop.bantam.ch\/wp-content\/uploads\/2023\/02\/994458311.jpg","contentUrl":"https:\/\/shop.bantam.ch\/wp-content\/uploads\/2023\/02\/994458311.jpg","width":1000,"height":971},{"@type":"BreadcrumbList","@id":"https:\/\/shop.bantam.ch\/fr\/produit\/set-de-3-etiquettes-aimantees-angle-mort-pour-vehicule-a-partir-de-35-t-pour-la-france\/#breadcrumb","itemListElement":[{"@type":"ListItem","position":1,"name":"Accueil","item":"https:\/\/shop.bantam.ch\/fr\/"},{"@type":"ListItem","position":2,"name":"Boutique","item":"https:\/\/shop.bantam.ch\/fr\/boutique\/"},{"@type":"ListItem","position":3,"name":"Autocollant angle mort IWH pour v\u00e9hicules sup. \u00e0 3,5 t en France avec aimant Contenu 3 pces"}]},{"@type":"WebSite","@id":"https:\/\/shop.bantam.ch\/fr\/#website","url":"https:\/\/shop.bantam.ch\/fr\/","name":"Bantam Wankm\u00fcller SA","description":"","publisher":{"@id":"https:\/\/shop.bantam.ch\/fr\/#organization"},"inLanguage":"fr-FR"},{"@type":"Organization","@id":"https:\/\/shop.bantam.ch\/fr\/#organization","name":"Bantam Wankm\u00fcller SA","url":"https:\/\/shop.bantam.ch\/fr\/","logo":{"@type":"ImageObject","inLanguage":"fr-FR","@id":"https:\/\/shop.bantam.ch\/fr\/#\/schema\/logo\/image\/","url":"https:\/\/shop.bantam.ch\/wp-content\/uploads\/2022\/12\/bantam-logo.png","contentUrl":"https:\/\/shop.bantam.ch\/wp-content\/uploads\/2022\/12\/bantam-logo.png","width":320,"height":71,"caption":"Bantam Wankm\u00fcller SA"},"image":{"@id":"https:\/\/shop.bantam.ch\/fr\/#\/schema\/logo\/image\/"}}]}},"_links":{"self":[{"href":"https:\/\/shop.bantam.ch\/fr\/wp-json\/wp\/v2\/product\/119778","targetHints":{"allow":["GET"]}}],"collection":[{"href":"https:\/\/shop.bantam.ch\/fr\/wp-json\/wp\/v2\/product"}],"about":[{"href":"https:\/\/shop.bantam.ch\/fr\/wp-json\/wp\/v2\/types\/product"}],"wp:featuredmedia":[{"embeddable":true,"href":"https:\/\/shop.bantam.ch\/fr\/wp-json\/wp\/v2\/media\/119774"}],"wp:attachment":[{"href":"https:\/\/shop.bantam.ch\/fr\/wp-json\/wp\/v2\/media?parent=119778"}],"wp:term":[{"taxonomy":"product_featured_cat","embeddable":true,"href":"https:\/\/shop.bantam.ch\/fr\/wp-json\/wp\/v2\/product_featured_cat?post=119778"},{"taxonomy":"product_brand","embeddable":true,"href":"https:\/\/shop.bantam.ch\/fr\/wp-json\/wp\/v2\/product_brand?post=119778"},{"taxonomy":"product_cat","embeddable":true,"href":"https:\/\/shop.bantam.ch\/fr\/wp-json\/wp\/v2\/product_cat?post=119778"},{"taxonomy":"product_tag","embeddable":true,"href":"https:\/\/shop.bantam.ch\/fr\/wp-json\/wp\/v2\/product_tag?post=119778"}],"curies":[{"name":"wp","href":"https:\/\/api.w.org\/{rel}","templated":true}]}}