{"id":119430,"date":"2023-02-28T23:06:49","date_gmt":"2023-02-28T22:06:49","guid":{"rendered":"https:\/\/shop.bantam.ch\/produit\/trousse-de-premiers-secours-1-piece-noir\/"},"modified":"2026-05-01T21:46:52","modified_gmt":"2026-05-01T19:46:52","slug":"trousse-de-premiers-secours-1-piece-noir","status":"publish","type":"product","link":"https:\/\/shop.bantam.ch\/fr\/produit\/trousse-de-premiers-secours-1-piece-noir\/","title":{"rendered":"Trousse de secours CarComfort 1 pi\u00e8ce, noir"},"content":{"rendered":"<p>Trousse de premiers secours, avec fermeture \u00e9clair, prot\u00e9g\u00e9e contre la poussi\u00e8re et sous emballage st\u00e9rile<\/p>\n<p>Contenu\u00a0:<\/p>\n<ul>\n<li>Pansements selon la norme DIN 13164<\/li>\n<li>Masques pour bouche et nez DIN 13164-2022<\/li>\n<\/ul>\n<p>Mat\u00e9riau\u00a0:<br \/>Enveloppe : 100 % nylon (avec rev\u00eatement en PVC)<\/p>\n","protected":false},"excerpt":{"rendered":"<p>Trousse de premiers secours, avec fermeture \u00e9clair, prot\u00e9g\u00e9e contre la poussi\u00e8re et sous emballage st\u00e9rile Contenu\u00a0: Pansements selon la norme DIN 13164 Masques pour bouche et nez DIN 13164-2022 Mat\u00e9riau\u00a0:Enveloppe : 100 % nylon (avec rev\u00eatement en PVC)<\/p>\n","protected":false},"featured_media":119428,"template":"","meta":{"_acf_changed":false},"product_featured_cat":[],"product_brand":[3488],"product_cat":[4427],"product_tag":[],"class_list":{"0":"post-119430","1":"product","2":"type-product","3":"status-publish","4":"has-post-thumbnail","6":"product_brand-carcomfort","7":"product_cat-premiers-secours","9":"first","10":"instock","11":"taxable","12":"shipping-taxable","13":"purchasable","14":"product-type-simple"},"acf":[],"yoast_head":"<!-- This site is optimized with the Yoast SEO plugin v27.5 - https:\/\/yoast.com\/product\/yoast-seo-wordpress\/ -->\n<title>Trousse de secours CarComfort 1 pi\u00e8ce, noir - Bantam<\/title>\n<meta name=\"robots\" content=\"index, follow, max-snippet:-1, max-image-preview:large, max-video-preview:-1\" \/>\n<link rel=\"canonical\" href=\"https:\/\/shop.bantam.ch\/fr\/produit\/trousse-de-premiers-secours-1-piece-noir\/\" \/>\n<meta property=\"og:locale\" content=\"fr_FR\" \/>\n<meta property=\"og:type\" content=\"article\" \/>\n<meta property=\"og:title\" content=\"Trousse de secours CarComfort 1 pi\u00e8ce, noir - Bantam\" \/>\n<meta property=\"og:description\" content=\"Trousse de premiers secours, avec fermeture \u00e9clair, prot\u00e9g\u00e9e contre la poussi\u00e8re et sous emballage st\u00e9rile Contenu\u00a0: Pansements selon la norme DIN 13164 Masques pour bouche et nez DIN 13164-2022 Mat\u00e9riau\u00a0:Enveloppe : 100 % nylon (avec rev\u00eatement en PVC)\" \/>\n<meta property=\"og:url\" content=\"https:\/\/shop.bantam.ch\/fr\/produit\/trousse-de-premiers-secours-1-piece-noir\/\" \/>\n<meta property=\"og:site_name\" content=\"Bantam\" \/>\n<meta property=\"article:modified_time\" content=\"2026-05-01T19:46:52+00:00\" \/>\n<meta property=\"og:image\" content=\"https:\/\/shop.bantam.ch\/wp-content\/uploads\/2023\/02\/994457211.jpg\" \/>\n\t<meta property=\"og:image:width\" content=\"1000\" \/>\n\t<meta property=\"og:image:height\" content=\"773\" \/>\n\t<meta property=\"og:image:type\" content=\"image\/jpeg\" \/>\n<meta name=\"twitter:card\" content=\"summary_large_image\" \/>\n<script type=\"application\/ld+json\" class=\"yoast-schema-graph\">{\"@context\":\"https:\\\/\\\/schema.org\",\"@graph\":[{\"@type\":\"WebPage\",\"@id\":\"https:\\\/\\\/shop.bantam.ch\\\/fr\\\/produit\\\/trousse-de-premiers-secours-1-piece-noir\\\/\",\"url\":\"https:\\\/\\\/shop.bantam.ch\\\/fr\\\/produit\\\/trousse-de-premiers-secours-1-piece-noir\\\/\",\"name\":\"Trousse de secours CarComfort 1 pi\u00e8ce, noir - Bantam\",\"isPartOf\":{\"@id\":\"https:\\\/\\\/shop.bantam.ch\\\/fr\\\/#website\"},\"primaryImageOfPage\":{\"@id\":\"https:\\\/\\\/shop.bantam.ch\\\/fr\\\/produit\\\/trousse-de-premiers-secours-1-piece-noir\\\/#primaryimage\"},\"image\":{\"@id\":\"https:\\\/\\\/shop.bantam.ch\\\/fr\\\/produit\\\/trousse-de-premiers-secours-1-piece-noir\\\/#primaryimage\"},\"thumbnailUrl\":\"https:\\\/\\\/shop.bantam.ch\\\/wp-content\\\/uploads\\\/2023\\\/02\\\/994457211.jpg\",\"datePublished\":\"2023-02-28T22:06:49+00:00\",\"dateModified\":\"2026-05-01T19:46:52+00:00\",\"breadcrumb\":{\"@id\":\"https:\\\/\\\/shop.bantam.ch\\\/fr\\\/produit\\\/trousse-de-premiers-secours-1-piece-noir\\\/#breadcrumb\"},\"inLanguage\":\"fr-FR\",\"potentialAction\":[{\"@type\":\"ReadAction\",\"target\":[\"https:\\\/\\\/shop.bantam.ch\\\/fr\\\/produit\\\/trousse-de-premiers-secours-1-piece-noir\\\/\"]}]},{\"@type\":\"ImageObject\",\"inLanguage\":\"fr-FR\",\"@id\":\"https:\\\/\\\/shop.bantam.ch\\\/fr\\\/produit\\\/trousse-de-premiers-secours-1-piece-noir\\\/#primaryimage\",\"url\":\"https:\\\/\\\/shop.bantam.ch\\\/wp-content\\\/uploads\\\/2023\\\/02\\\/994457211.jpg\",\"contentUrl\":\"https:\\\/\\\/shop.bantam.ch\\\/wp-content\\\/uploads\\\/2023\\\/02\\\/994457211.jpg\",\"width\":1000,\"height\":773},{\"@type\":\"BreadcrumbList\",\"@id\":\"https:\\\/\\\/shop.bantam.ch\\\/fr\\\/produit\\\/trousse-de-premiers-secours-1-piece-noir\\\/#breadcrumb\",\"itemListElement\":[{\"@type\":\"ListItem\",\"position\":1,\"name\":\"Accueil\",\"item\":\"https:\\\/\\\/shop.bantam.ch\\\/fr\\\/\"},{\"@type\":\"ListItem\",\"position\":2,\"name\":\"Boutique\",\"item\":\"https:\\\/\\\/shop.bantam.ch\\\/fr\\\/boutique\\\/\"},{\"@type\":\"ListItem\",\"position\":3,\"name\":\"Trousse de secours CarComfort 1 pi\u00e8ce, noir\"}]},{\"@type\":\"WebSite\",\"@id\":\"https:\\\/\\\/shop.bantam.ch\\\/fr\\\/#website\",\"url\":\"https:\\\/\\\/shop.bantam.ch\\\/fr\\\/\",\"name\":\"Bantam\",\"description\":\"\",\"publisher\":{\"@id\":\"https:\\\/\\\/shop.bantam.ch\\\/fr\\\/#organization\"},\"inLanguage\":\"fr-FR\"},{\"@type\":\"Organization\",\"@id\":\"https:\\\/\\\/shop.bantam.ch\\\/fr\\\/#organization\",\"name\":\"Bantam\",\"url\":\"https:\\\/\\\/shop.bantam.ch\\\/fr\\\/\",\"logo\":{\"@type\":\"ImageObject\",\"inLanguage\":\"fr-FR\",\"@id\":\"https:\\\/\\\/shop.bantam.ch\\\/fr\\\/#\\\/schema\\\/logo\\\/image\\\/\",\"url\":\"https:\\\/\\\/shop.bantam.ch\\\/wp-content\\\/uploads\\\/2022\\\/12\\\/bantam-logo.png\",\"contentUrl\":\"https:\\\/\\\/shop.bantam.ch\\\/wp-content\\\/uploads\\\/2022\\\/12\\\/bantam-logo.png\",\"width\":320,\"height\":71,\"caption\":\"Bantam\"},\"image\":{\"@id\":\"https:\\\/\\\/shop.bantam.ch\\\/fr\\\/#\\\/schema\\\/logo\\\/image\\\/\"}}]}<\/script>\n<!-- \/ Yoast SEO plugin. -->","yoast_head_json":{"title":"Trousse de secours CarComfort 1 pi\u00e8ce, noir - Bantam","robots":{"index":"index","follow":"follow","max-snippet":"max-snippet:-1","max-image-preview":"max-image-preview:large","max-video-preview":"max-video-preview:-1"},"canonical":"https:\/\/shop.bantam.ch\/fr\/produit\/trousse-de-premiers-secours-1-piece-noir\/","og_locale":"fr_FR","og_type":"article","og_title":"Trousse de secours CarComfort 1 pi\u00e8ce, noir - Bantam","og_description":"Trousse de premiers secours, avec fermeture \u00e9clair, prot\u00e9g\u00e9e contre la poussi\u00e8re et sous emballage st\u00e9rile Contenu\u00a0: Pansements selon la norme DIN 13164 Masques pour bouche et nez DIN 13164-2022 Mat\u00e9riau\u00a0:Enveloppe : 100 % nylon (avec rev\u00eatement en PVC)","og_url":"https:\/\/shop.bantam.ch\/fr\/produit\/trousse-de-premiers-secours-1-piece-noir\/","og_site_name":"Bantam","article_modified_time":"2026-05-01T19:46:52+00:00","og_image":[{"width":1000,"height":773,"url":"https:\/\/shop.bantam.ch\/wp-content\/uploads\/2023\/02\/994457211.jpg","type":"image\/jpeg"}],"twitter_card":"summary_large_image","schema":{"@context":"https:\/\/schema.org","@graph":[{"@type":"WebPage","@id":"https:\/\/shop.bantam.ch\/fr\/produit\/trousse-de-premiers-secours-1-piece-noir\/","url":"https:\/\/shop.bantam.ch\/fr\/produit\/trousse-de-premiers-secours-1-piece-noir\/","name":"Trousse de secours CarComfort 1 pi\u00e8ce, noir - Bantam","isPartOf":{"@id":"https:\/\/shop.bantam.ch\/fr\/#website"},"primaryImageOfPage":{"@id":"https:\/\/shop.bantam.ch\/fr\/produit\/trousse-de-premiers-secours-1-piece-noir\/#primaryimage"},"image":{"@id":"https:\/\/shop.bantam.ch\/fr\/produit\/trousse-de-premiers-secours-1-piece-noir\/#primaryimage"},"thumbnailUrl":"https:\/\/shop.bantam.ch\/wp-content\/uploads\/2023\/02\/994457211.jpg","datePublished":"2023-02-28T22:06:49+00:00","dateModified":"2026-05-01T19:46:52+00:00","breadcrumb":{"@id":"https:\/\/shop.bantam.ch\/fr\/produit\/trousse-de-premiers-secours-1-piece-noir\/#breadcrumb"},"inLanguage":"fr-FR","potentialAction":[{"@type":"ReadAction","target":["https:\/\/shop.bantam.ch\/fr\/produit\/trousse-de-premiers-secours-1-piece-noir\/"]}]},{"@type":"ImageObject","inLanguage":"fr-FR","@id":"https:\/\/shop.bantam.ch\/fr\/produit\/trousse-de-premiers-secours-1-piece-noir\/#primaryimage","url":"https:\/\/shop.bantam.ch\/wp-content\/uploads\/2023\/02\/994457211.jpg","contentUrl":"https:\/\/shop.bantam.ch\/wp-content\/uploads\/2023\/02\/994457211.jpg","width":1000,"height":773},{"@type":"BreadcrumbList","@id":"https:\/\/shop.bantam.ch\/fr\/produit\/trousse-de-premiers-secours-1-piece-noir\/#breadcrumb","itemListElement":[{"@type":"ListItem","position":1,"name":"Accueil","item":"https:\/\/shop.bantam.ch\/fr\/"},{"@type":"ListItem","position":2,"name":"Boutique","item":"https:\/\/shop.bantam.ch\/fr\/boutique\/"},{"@type":"ListItem","position":3,"name":"Trousse de secours CarComfort 1 pi\u00e8ce, noir"}]},{"@type":"WebSite","@id":"https:\/\/shop.bantam.ch\/fr\/#website","url":"https:\/\/shop.bantam.ch\/fr\/","name":"Bantam","description":"","publisher":{"@id":"https:\/\/shop.bantam.ch\/fr\/#organization"},"inLanguage":"fr-FR"},{"@type":"Organization","@id":"https:\/\/shop.bantam.ch\/fr\/#organization","name":"Bantam","url":"https:\/\/shop.bantam.ch\/fr\/","logo":{"@type":"ImageObject","inLanguage":"fr-FR","@id":"https:\/\/shop.bantam.ch\/fr\/#\/schema\/logo\/image\/","url":"https:\/\/shop.bantam.ch\/wp-content\/uploads\/2022\/12\/bantam-logo.png","contentUrl":"https:\/\/shop.bantam.ch\/wp-content\/uploads\/2022\/12\/bantam-logo.png","width":320,"height":71,"caption":"Bantam"},"image":{"@id":"https:\/\/shop.bantam.ch\/fr\/#\/schema\/logo\/image\/"}}]}},"_links":{"self":[{"href":"https:\/\/shop.bantam.ch\/fr\/wp-json\/wp\/v2\/product\/119430","targetHints":{"allow":["GET"]}}],"collection":[{"href":"https:\/\/shop.bantam.ch\/fr\/wp-json\/wp\/v2\/product"}],"about":[{"href":"https:\/\/shop.bantam.ch\/fr\/wp-json\/wp\/v2\/types\/product"}],"wp:featuredmedia":[{"embeddable":true,"href":"https:\/\/shop.bantam.ch\/fr\/wp-json\/wp\/v2\/media\/119428"}],"wp:attachment":[{"href":"https:\/\/shop.bantam.ch\/fr\/wp-json\/wp\/v2\/media?parent=119430"}],"wp:term":[{"taxonomy":"product_featured_cat","embeddable":true,"href":"https:\/\/shop.bantam.ch\/fr\/wp-json\/wp\/v2\/product_featured_cat?post=119430"},{"taxonomy":"product_brand","embeddable":true,"href":"https:\/\/shop.bantam.ch\/fr\/wp-json\/wp\/v2\/product_brand?post=119430"},{"taxonomy":"product_cat","embeddable":true,"href":"https:\/\/shop.bantam.ch\/fr\/wp-json\/wp\/v2\/product_cat?post=119430"},{"taxonomy":"product_tag","embeddable":true,"href":"https:\/\/shop.bantam.ch\/fr\/wp-json\/wp\/v2\/product_tag?post=119430"}],"curies":[{"name":"wp","href":"https:\/\/api.w.org\/{rel}","templated":true}]}}