{"id":119342,"date":"2023-02-28T23:05:00","date_gmt":"2023-02-28T22:05:00","guid":{"rendered":"https:\/\/shop.bantam.ch\/produit\/generateur-eco-energy-tg-480-mef-cat\/"},"modified":"2026-04-18T21:48:52","modified_gmt":"2026-04-18T19:48:52","slug":"generateur-eco-energy-tg-480-mef-cat","status":"publish","type":"product","link":"https:\/\/shop.bantam.ch\/fr\/produit\/generateur-eco-energy-tg-480-mef-cat\/","title":{"rendered":"G\u00e9n\u00e9rateur Telair Eco Energy TG 480 MEF CAT c\u00e2ble de 5 m"},"content":{"rendered":"<p>Tr\u00e8s performant : Un chargeur avec une capacit\u00e9 de charge plus de deux fois celle d&rsquo;une pile \u00e0 combustible ou d&rsquo;un panneau solaire de 100 W. <br \/>Enti\u00e8rement automatique : s&rsquo;allume lorsque la batterie est faible (11,9 V), s&rsquo;\u00e9teint lorsque la batterie est pleine (14,5 V).<br \/>Silencieux : gr\u00e2ce \u00e0 l&rsquo;isolation acoustique \u00e9paisse, la propagation du bruit est extr\u00eamement faible [seulement 51 dBA (7 m\u00e8tres)] et \u00e0 peine audible.<br \/>Pratique et \u00e9cologique : l&rsquo;appareil se connecte simplement \u00e0 la bouteille de gaz d\u00e9j\u00e0 pr\u00e9sente dans le mobil-home.<\/p>\n<ul>\n<li>Longueur de c\u00e2ble : 5\u00a0m<\/li>\n<li>Puissance max. : 20 A, 12 V DC<\/li>\n<li>Niveau sonore : 51 dBA (7 m)\u00a0<\/li>\n<\/ul>\n","protected":false},"excerpt":{"rendered":"<p>Tr\u00e8s performant : Un chargeur avec une capacit\u00e9 de charge plus de deux fois celle d&rsquo;une pile \u00e0 combustible ou d&rsquo;un panneau solaire de 100 W. Enti\u00e8rement automatique : s&rsquo;allume lorsque la batterie est faible (11,9 V), s&rsquo;\u00e9teint lorsque la batterie est pleine (14,5 V).Silencieux : gr\u00e2ce \u00e0 l&rsquo;isolation acoustique \u00e9paisse, la propagation du bruit [&hellip;]<\/p>\n","protected":false},"featured_media":119340,"template":"","meta":{"_acf_changed":false},"product_featured_cat":[],"product_brand":[3598],"product_cat":[4859],"product_tag":[],"class_list":{"0":"post-119342","1":"product","2":"type-product","3":"status-publish","4":"has-post-thumbnail","6":"product_brand-teleair","7":"product_cat-generateurs-gaz","9":"first","10":"instock","11":"taxable","12":"shipping-taxable","13":"purchasable","14":"product-type-simple"},"acf":[],"yoast_head":"<!-- This site is optimized with the Yoast SEO plugin v27.4 - https:\/\/yoast.com\/product\/yoast-seo-wordpress\/ -->\n<title>G\u00e9n\u00e9rateur Telair Eco Energy TG 480 MEF CAT c\u00e2ble de 5 m - Bantam Wankm\u00fcller SA<\/title>\n<meta name=\"robots\" content=\"index, follow, max-snippet:-1, max-image-preview:large, max-video-preview:-1\" \/>\n<link rel=\"canonical\" href=\"https:\/\/shop.bantam.ch\/fr\/produit\/generateur-eco-energy-tg-480-mef-cat\/\" \/>\n<meta property=\"og:locale\" content=\"fr_FR\" \/>\n<meta property=\"og:type\" content=\"article\" \/>\n<meta property=\"og:title\" content=\"G\u00e9n\u00e9rateur Telair Eco Energy TG 480 MEF CAT c\u00e2ble de 5 m - Bantam Wankm\u00fcller SA\" \/>\n<meta property=\"og:description\" content=\"Tr\u00e8s performant : Un chargeur avec une capacit\u00e9 de charge plus de deux fois celle d&rsquo;une pile \u00e0 combustible ou d&rsquo;un panneau solaire de 100 W. Enti\u00e8rement automatique : s&rsquo;allume lorsque la batterie est faible (11,9 V), s&rsquo;\u00e9teint lorsque la batterie est pleine (14,5 V).Silencieux : gr\u00e2ce \u00e0 l&rsquo;isolation acoustique \u00e9paisse, la propagation du bruit [&hellip;]\" \/>\n<meta property=\"og:url\" content=\"https:\/\/shop.bantam.ch\/fr\/produit\/generateur-eco-energy-tg-480-mef-cat\/\" \/>\n<meta property=\"og:site_name\" content=\"Bantam Wankm\u00fcller SA\" \/>\n<meta property=\"article:modified_time\" content=\"2026-04-18T19:48:52+00:00\" \/>\n<meta property=\"og:image\" content=\"https:\/\/shop.bantam.ch\/wp-content\/uploads\/2023\/02\/996127011.jpg\" \/>\n\t<meta property=\"og:image:width\" content=\"1000\" \/>\n\t<meta property=\"og:image:height\" content=\"558\" \/>\n\t<meta property=\"og:image:type\" content=\"image\/jpeg\" \/>\n<meta name=\"twitter:card\" content=\"summary_large_image\" \/>\n<script type=\"application\/ld+json\" class=\"yoast-schema-graph\">{\"@context\":\"https:\\\/\\\/schema.org\",\"@graph\":[{\"@type\":\"WebPage\",\"@id\":\"https:\\\/\\\/shop.bantam.ch\\\/fr\\\/produit\\\/generateur-eco-energy-tg-480-mef-cat\\\/\",\"url\":\"https:\\\/\\\/shop.bantam.ch\\\/fr\\\/produit\\\/generateur-eco-energy-tg-480-mef-cat\\\/\",\"name\":\"G\u00e9n\u00e9rateur Telair Eco Energy TG 480 MEF CAT c\u00e2ble de 5 m - Bantam Wankm\u00fcller SA\",\"isPartOf\":{\"@id\":\"https:\\\/\\\/shop.bantam.ch\\\/fr\\\/#website\"},\"primaryImageOfPage\":{\"@id\":\"https:\\\/\\\/shop.bantam.ch\\\/fr\\\/produit\\\/generateur-eco-energy-tg-480-mef-cat\\\/#primaryimage\"},\"image\":{\"@id\":\"https:\\\/\\\/shop.bantam.ch\\\/fr\\\/produit\\\/generateur-eco-energy-tg-480-mef-cat\\\/#primaryimage\"},\"thumbnailUrl\":\"https:\\\/\\\/shop.bantam.ch\\\/wp-content\\\/uploads\\\/2023\\\/02\\\/996127011.jpg\",\"datePublished\":\"2023-02-28T22:05:00+00:00\",\"dateModified\":\"2026-04-18T19:48:52+00:00\",\"breadcrumb\":{\"@id\":\"https:\\\/\\\/shop.bantam.ch\\\/fr\\\/produit\\\/generateur-eco-energy-tg-480-mef-cat\\\/#breadcrumb\"},\"inLanguage\":\"fr-FR\",\"potentialAction\":[{\"@type\":\"ReadAction\",\"target\":[\"https:\\\/\\\/shop.bantam.ch\\\/fr\\\/produit\\\/generateur-eco-energy-tg-480-mef-cat\\\/\"]}]},{\"@type\":\"ImageObject\",\"inLanguage\":\"fr-FR\",\"@id\":\"https:\\\/\\\/shop.bantam.ch\\\/fr\\\/produit\\\/generateur-eco-energy-tg-480-mef-cat\\\/#primaryimage\",\"url\":\"https:\\\/\\\/shop.bantam.ch\\\/wp-content\\\/uploads\\\/2023\\\/02\\\/996127011.jpg\",\"contentUrl\":\"https:\\\/\\\/shop.bantam.ch\\\/wp-content\\\/uploads\\\/2023\\\/02\\\/996127011.jpg\",\"width\":1000,\"height\":558},{\"@type\":\"BreadcrumbList\",\"@id\":\"https:\\\/\\\/shop.bantam.ch\\\/fr\\\/produit\\\/generateur-eco-energy-tg-480-mef-cat\\\/#breadcrumb\",\"itemListElement\":[{\"@type\":\"ListItem\",\"position\":1,\"name\":\"Accueil\",\"item\":\"https:\\\/\\\/shop.bantam.ch\\\/fr\\\/\"},{\"@type\":\"ListItem\",\"position\":2,\"name\":\"Boutique\",\"item\":\"https:\\\/\\\/shop.bantam.ch\\\/fr\\\/boutique\\\/\"},{\"@type\":\"ListItem\",\"position\":3,\"name\":\"G\u00e9n\u00e9rateur Telair Eco Energy TG 480 MEF CAT c\u00e2ble de 5 m\"}]},{\"@type\":\"WebSite\",\"@id\":\"https:\\\/\\\/shop.bantam.ch\\\/fr\\\/#website\",\"url\":\"https:\\\/\\\/shop.bantam.ch\\\/fr\\\/\",\"name\":\"Bantam Wankm\u00fcller SA\",\"description\":\"\",\"publisher\":{\"@id\":\"https:\\\/\\\/shop.bantam.ch\\\/fr\\\/#organization\"},\"inLanguage\":\"fr-FR\"},{\"@type\":\"Organization\",\"@id\":\"https:\\\/\\\/shop.bantam.ch\\\/fr\\\/#organization\",\"name\":\"Bantam Wankm\u00fcller SA\",\"url\":\"https:\\\/\\\/shop.bantam.ch\\\/fr\\\/\",\"logo\":{\"@type\":\"ImageObject\",\"inLanguage\":\"fr-FR\",\"@id\":\"https:\\\/\\\/shop.bantam.ch\\\/fr\\\/#\\\/schema\\\/logo\\\/image\\\/\",\"url\":\"https:\\\/\\\/shop.bantam.ch\\\/wp-content\\\/uploads\\\/2022\\\/12\\\/bantam-logo.png\",\"contentUrl\":\"https:\\\/\\\/shop.bantam.ch\\\/wp-content\\\/uploads\\\/2022\\\/12\\\/bantam-logo.png\",\"width\":320,\"height\":71,\"caption\":\"Bantam Wankm\u00fcller SA\"},\"image\":{\"@id\":\"https:\\\/\\\/shop.bantam.ch\\\/fr\\\/#\\\/schema\\\/logo\\\/image\\\/\"}}]}<\/script>\n<!-- \/ Yoast SEO plugin. -->","yoast_head_json":{"title":"G\u00e9n\u00e9rateur Telair Eco Energy TG 480 MEF CAT c\u00e2ble de 5 m - Bantam Wankm\u00fcller SA","robots":{"index":"index","follow":"follow","max-snippet":"max-snippet:-1","max-image-preview":"max-image-preview:large","max-video-preview":"max-video-preview:-1"},"canonical":"https:\/\/shop.bantam.ch\/fr\/produit\/generateur-eco-energy-tg-480-mef-cat\/","og_locale":"fr_FR","og_type":"article","og_title":"G\u00e9n\u00e9rateur Telair Eco Energy TG 480 MEF CAT c\u00e2ble de 5 m - Bantam Wankm\u00fcller SA","og_description":"Tr\u00e8s performant : Un chargeur avec une capacit\u00e9 de charge plus de deux fois celle d&rsquo;une pile \u00e0 combustible ou d&rsquo;un panneau solaire de 100 W. Enti\u00e8rement automatique : s&rsquo;allume lorsque la batterie est faible (11,9 V), s&rsquo;\u00e9teint lorsque la batterie est pleine (14,5 V).Silencieux : gr\u00e2ce \u00e0 l&rsquo;isolation acoustique \u00e9paisse, la propagation du bruit [&hellip;]","og_url":"https:\/\/shop.bantam.ch\/fr\/produit\/generateur-eco-energy-tg-480-mef-cat\/","og_site_name":"Bantam Wankm\u00fcller SA","article_modified_time":"2026-04-18T19:48:52+00:00","og_image":[{"width":1000,"height":558,"url":"https:\/\/shop.bantam.ch\/wp-content\/uploads\/2023\/02\/996127011.jpg","type":"image\/jpeg"}],"twitter_card":"summary_large_image","schema":{"@context":"https:\/\/schema.org","@graph":[{"@type":"WebPage","@id":"https:\/\/shop.bantam.ch\/fr\/produit\/generateur-eco-energy-tg-480-mef-cat\/","url":"https:\/\/shop.bantam.ch\/fr\/produit\/generateur-eco-energy-tg-480-mef-cat\/","name":"G\u00e9n\u00e9rateur Telair Eco Energy TG 480 MEF CAT c\u00e2ble de 5 m - Bantam Wankm\u00fcller SA","isPartOf":{"@id":"https:\/\/shop.bantam.ch\/fr\/#website"},"primaryImageOfPage":{"@id":"https:\/\/shop.bantam.ch\/fr\/produit\/generateur-eco-energy-tg-480-mef-cat\/#primaryimage"},"image":{"@id":"https:\/\/shop.bantam.ch\/fr\/produit\/generateur-eco-energy-tg-480-mef-cat\/#primaryimage"},"thumbnailUrl":"https:\/\/shop.bantam.ch\/wp-content\/uploads\/2023\/02\/996127011.jpg","datePublished":"2023-02-28T22:05:00+00:00","dateModified":"2026-04-18T19:48:52+00:00","breadcrumb":{"@id":"https:\/\/shop.bantam.ch\/fr\/produit\/generateur-eco-energy-tg-480-mef-cat\/#breadcrumb"},"inLanguage":"fr-FR","potentialAction":[{"@type":"ReadAction","target":["https:\/\/shop.bantam.ch\/fr\/produit\/generateur-eco-energy-tg-480-mef-cat\/"]}]},{"@type":"ImageObject","inLanguage":"fr-FR","@id":"https:\/\/shop.bantam.ch\/fr\/produit\/generateur-eco-energy-tg-480-mef-cat\/#primaryimage","url":"https:\/\/shop.bantam.ch\/wp-content\/uploads\/2023\/02\/996127011.jpg","contentUrl":"https:\/\/shop.bantam.ch\/wp-content\/uploads\/2023\/02\/996127011.jpg","width":1000,"height":558},{"@type":"BreadcrumbList","@id":"https:\/\/shop.bantam.ch\/fr\/produit\/generateur-eco-energy-tg-480-mef-cat\/#breadcrumb","itemListElement":[{"@type":"ListItem","position":1,"name":"Accueil","item":"https:\/\/shop.bantam.ch\/fr\/"},{"@type":"ListItem","position":2,"name":"Boutique","item":"https:\/\/shop.bantam.ch\/fr\/boutique\/"},{"@type":"ListItem","position":3,"name":"G\u00e9n\u00e9rateur Telair Eco Energy TG 480 MEF CAT c\u00e2ble de 5 m"}]},{"@type":"WebSite","@id":"https:\/\/shop.bantam.ch\/fr\/#website","url":"https:\/\/shop.bantam.ch\/fr\/","name":"Bantam Wankm\u00fcller SA","description":"","publisher":{"@id":"https:\/\/shop.bantam.ch\/fr\/#organization"},"inLanguage":"fr-FR"},{"@type":"Organization","@id":"https:\/\/shop.bantam.ch\/fr\/#organization","name":"Bantam Wankm\u00fcller SA","url":"https:\/\/shop.bantam.ch\/fr\/","logo":{"@type":"ImageObject","inLanguage":"fr-FR","@id":"https:\/\/shop.bantam.ch\/fr\/#\/schema\/logo\/image\/","url":"https:\/\/shop.bantam.ch\/wp-content\/uploads\/2022\/12\/bantam-logo.png","contentUrl":"https:\/\/shop.bantam.ch\/wp-content\/uploads\/2022\/12\/bantam-logo.png","width":320,"height":71,"caption":"Bantam Wankm\u00fcller SA"},"image":{"@id":"https:\/\/shop.bantam.ch\/fr\/#\/schema\/logo\/image\/"}}]}},"_links":{"self":[{"href":"https:\/\/shop.bantam.ch\/fr\/wp-json\/wp\/v2\/product\/119342","targetHints":{"allow":["GET"]}}],"collection":[{"href":"https:\/\/shop.bantam.ch\/fr\/wp-json\/wp\/v2\/product"}],"about":[{"href":"https:\/\/shop.bantam.ch\/fr\/wp-json\/wp\/v2\/types\/product"}],"wp:featuredmedia":[{"embeddable":true,"href":"https:\/\/shop.bantam.ch\/fr\/wp-json\/wp\/v2\/media\/119340"}],"wp:attachment":[{"href":"https:\/\/shop.bantam.ch\/fr\/wp-json\/wp\/v2\/media?parent=119342"}],"wp:term":[{"taxonomy":"product_featured_cat","embeddable":true,"href":"https:\/\/shop.bantam.ch\/fr\/wp-json\/wp\/v2\/product_featured_cat?post=119342"},{"taxonomy":"product_brand","embeddable":true,"href":"https:\/\/shop.bantam.ch\/fr\/wp-json\/wp\/v2\/product_brand?post=119342"},{"taxonomy":"product_cat","embeddable":true,"href":"https:\/\/shop.bantam.ch\/fr\/wp-json\/wp\/v2\/product_cat?post=119342"},{"taxonomy":"product_tag","embeddable":true,"href":"https:\/\/shop.bantam.ch\/fr\/wp-json\/wp\/v2\/product_tag?post=119342"}],"curies":[{"name":"wp","href":"https:\/\/api.w.org\/{rel}","templated":true}]}}