{"id":119298,"date":"2023-02-28T23:03:57","date_gmt":"2023-02-28T22:03:57","guid":{"rendered":"https:\/\/shop.bantam.ch\/produit\/systeme-de-batterie-epsilon-lithium-batterie-2\/"},"modified":"2026-05-01T23:27:13","modified_gmt":"2026-05-01T21:27:13","slug":"systeme-de-batterie-epsilon-lithium-batterie-2","status":"publish","type":"product","link":"https:\/\/shop.bantam.ch\/fr\/produit\/systeme-de-batterie-epsilon-lithium-batterie-2\/","title":{"rendered":"Syst\u00e8me de batterie Epsilon Lithium Batterie"},"content":{"rendered":"<p>La batterie au lithium fer phosphate Epsilon a la capacit\u00e9 la plus \u00e9lev\u00e9e dans un bo\u00eetier standard disponible sur le march\u00e9. Le BMS hautement sophistiqu\u00e9 et int\u00e9gr\u00e9 assure la s\u00e9curit\u00e9, la fonctionnalit\u00e9 et la convivialit\u00e9 dans un bo\u00eetier l\u00e9ger et robuste. La fonction de chauffage enti\u00e8rement automatique, la connexion Bluetooth am\u00e9lior\u00e9e et les connecteurs en aluminium rev\u00eatus multi-connexions rendent cette batterie indispensable.<\/p>\n<p>L&rsquo;Epsilon dispose d&rsquo;un moniteur de batterie int\u00e9gr\u00e9 qui fournit des d\u00e9tails sur l&rsquo;\u00e9tat de la batterie ainsi que la tension, le courant, la temp\u00e9rature, l&rsquo;\u00e9tat de charge et l&rsquo;autonomie restante. Une surveillance manuelle est \u00e9galement possible via Bluetooth et des indicateurs LED, de sorte que vous \u00eates toujours inform\u00e9 de l&rsquo;\u00e9tat r\u00e9el de votre batterie. La fonction de chauffage enti\u00e8rement automatique permet de charger et d&rsquo;utiliser la batterie m\u00eame en cas de gel.<\/p>\n<ul>\n<li>Cellules prismatiques de qualit\u00e9 A pour la densit\u00e9 d&rsquo;\u00e9nergie la plus \u00e9lev\u00e9e possible<\/li>\n<li>Batterie lithium fer phosphate (LiFePO4) : la technologie lithium la plus s\u00fbre<\/li>\n<li>Connecteurs en aluminium rev\u00eatu multi-connectables, avec les capteurs de temp\u00e9rature<\/li>\n<li>Protection int\u00e9gr\u00e9e contre les courts-circuits<\/li>\n<li>Syst\u00e8me de gestion de batterie int\u00e9gr\u00e9 (BMS)<\/li>\n<li>Fonction de chauffage enti\u00e8rement automatique pour une charge en dessous de 0\u00b0C<\/li>\n<li>Communication via CANopen, LIN et CI-bus<\/li>\n<li>\u00c9quilibrage cellulaire adaptatif<\/li>\n<li>Bo\u00eetier robuste fabriqu\u00e9 \u00e0 partir de mat\u00e9riaux respectueux de l&rsquo;environnement (enti\u00e8rement recyclables)<\/li>\n<li>Connexion Bluetooth : surveillance de l&rsquo;\u00e9tat de la batterie 24h\/24 et 7j\/7 avec l&rsquo;application Be in Charge (compatible avec iOS et Android)<\/li>\n<\/ul>\n","protected":false},"excerpt":{"rendered":"<p>La batterie au lithium fer phosphate Epsilon a la capacit\u00e9 la plus \u00e9lev\u00e9e dans un bo\u00eetier standard disponible sur le march\u00e9. Le BMS hautement sophistiqu\u00e9 et int\u00e9gr\u00e9 assure la s\u00e9curit\u00e9, la fonctionnalit\u00e9 et la convivialit\u00e9 dans un bo\u00eetier l\u00e9ger et robuste. La fonction de chauffage enti\u00e8rement automatique, la connexion Bluetooth am\u00e9lior\u00e9e et les connecteurs en [&hellip;]<\/p>\n","protected":false},"featured_media":119294,"template":"","meta":{"_acf_changed":false},"product_featured_cat":[5323,5317],"product_brand":[3236],"product_cat":[5113],"product_tag":[],"class_list":{"0":"post-119298","1":"product","2":"type-product","3":"status-publish","4":"has-post-thumbnail","6":"product_featured_cat-batteries-hindelbank-ch","7":"product_featured_cat-offres-speciales-batteries-lithium","8":"product_brand-super-b","9":"product_cat-batteries-lithium","11":"first","12":"instock","13":"sale","14":"featured","15":"taxable","16":"shipping-taxable","17":"purchasable","18":"product-type-variable"},"acf":[],"yoast_head":"<!-- This site is optimized with the Yoast SEO plugin v27.5 - https:\/\/yoast.com\/product\/yoast-seo-wordpress\/ -->\n<title>Syst\u00e8me de batterie Epsilon Lithium Batterie - Bantam<\/title>\n<meta name=\"robots\" content=\"index, follow, max-snippet:-1, max-image-preview:large, max-video-preview:-1\" \/>\n<link rel=\"canonical\" href=\"https:\/\/shop.bantam.ch\/fr\/produit\/systeme-de-batterie-epsilon-lithium-batterie-2\/\" \/>\n<meta property=\"og:locale\" content=\"fr_FR\" \/>\n<meta property=\"og:type\" content=\"article\" \/>\n<meta property=\"og:title\" content=\"Syst\u00e8me de batterie Epsilon Lithium Batterie - Bantam\" \/>\n<meta property=\"og:description\" content=\"La batterie au lithium fer phosphate Epsilon a la capacit\u00e9 la plus \u00e9lev\u00e9e dans un bo\u00eetier standard disponible sur le march\u00e9. Le BMS hautement sophistiqu\u00e9 et int\u00e9gr\u00e9 assure la s\u00e9curit\u00e9, la fonctionnalit\u00e9 et la convivialit\u00e9 dans un bo\u00eetier l\u00e9ger et robuste. La fonction de chauffage enti\u00e8rement automatique, la connexion Bluetooth am\u00e9lior\u00e9e et les connecteurs en [&hellip;]\" \/>\n<meta property=\"og:url\" content=\"https:\/\/shop.bantam.ch\/fr\/produit\/systeme-de-batterie-epsilon-lithium-batterie-2\/\" \/>\n<meta property=\"og:site_name\" content=\"Bantam\" \/>\n<meta property=\"article:modified_time\" content=\"2026-05-01T21:27:13+00:00\" \/>\n<meta property=\"og:image\" content=\"https:\/\/shop.bantam.ch\/wp-content\/uploads\/2023\/02\/995806911.jpg\" \/>\n\t<meta property=\"og:image:width\" content=\"1000\" \/>\n\t<meta property=\"og:image:height\" content=\"830\" \/>\n\t<meta property=\"og:image:type\" content=\"image\/jpeg\" \/>\n<meta name=\"twitter:card\" content=\"summary_large_image\" \/>\n<meta name=\"twitter:label1\" content=\"Dur\u00e9e de lecture estim\u00e9e\" \/>\n\t<meta name=\"twitter:data1\" content=\"2 minutes\" \/>\n<script type=\"application\/ld+json\" class=\"yoast-schema-graph\">{\"@context\":\"https:\\\/\\\/schema.org\",\"@graph\":[{\"@type\":\"WebPage\",\"@id\":\"https:\\\/\\\/shop.bantam.ch\\\/fr\\\/produit\\\/systeme-de-batterie-epsilon-lithium-batterie-2\\\/\",\"url\":\"https:\\\/\\\/shop.bantam.ch\\\/fr\\\/produit\\\/systeme-de-batterie-epsilon-lithium-batterie-2\\\/\",\"name\":\"Syst\u00e8me de batterie Epsilon Lithium Batterie - Bantam\",\"isPartOf\":{\"@id\":\"https:\\\/\\\/shop.bantam.ch\\\/fr\\\/#website\"},\"primaryImageOfPage\":{\"@id\":\"https:\\\/\\\/shop.bantam.ch\\\/fr\\\/produit\\\/systeme-de-batterie-epsilon-lithium-batterie-2\\\/#primaryimage\"},\"image\":{\"@id\":\"https:\\\/\\\/shop.bantam.ch\\\/fr\\\/produit\\\/systeme-de-batterie-epsilon-lithium-batterie-2\\\/#primaryimage\"},\"thumbnailUrl\":\"https:\\\/\\\/shop.bantam.ch\\\/wp-content\\\/uploads\\\/2023\\\/02\\\/995806911.jpg\",\"datePublished\":\"2023-02-28T22:03:57+00:00\",\"dateModified\":\"2026-05-01T21:27:13+00:00\",\"breadcrumb\":{\"@id\":\"https:\\\/\\\/shop.bantam.ch\\\/fr\\\/produit\\\/systeme-de-batterie-epsilon-lithium-batterie-2\\\/#breadcrumb\"},\"inLanguage\":\"fr-FR\",\"potentialAction\":[{\"@type\":\"ReadAction\",\"target\":[\"https:\\\/\\\/shop.bantam.ch\\\/fr\\\/produit\\\/systeme-de-batterie-epsilon-lithium-batterie-2\\\/\"]}]},{\"@type\":\"ImageObject\",\"inLanguage\":\"fr-FR\",\"@id\":\"https:\\\/\\\/shop.bantam.ch\\\/fr\\\/produit\\\/systeme-de-batterie-epsilon-lithium-batterie-2\\\/#primaryimage\",\"url\":\"https:\\\/\\\/shop.bantam.ch\\\/wp-content\\\/uploads\\\/2023\\\/02\\\/995806911.jpg\",\"contentUrl\":\"https:\\\/\\\/shop.bantam.ch\\\/wp-content\\\/uploads\\\/2023\\\/02\\\/995806911.jpg\",\"width\":1000,\"height\":830},{\"@type\":\"BreadcrumbList\",\"@id\":\"https:\\\/\\\/shop.bantam.ch\\\/fr\\\/produit\\\/systeme-de-batterie-epsilon-lithium-batterie-2\\\/#breadcrumb\",\"itemListElement\":[{\"@type\":\"ListItem\",\"position\":1,\"name\":\"Accueil\",\"item\":\"https:\\\/\\\/shop.bantam.ch\\\/fr\\\/\"},{\"@type\":\"ListItem\",\"position\":2,\"name\":\"Boutique\",\"item\":\"https:\\\/\\\/shop.bantam.ch\\\/fr\\\/boutique\\\/\"},{\"@type\":\"ListItem\",\"position\":3,\"name\":\"Syst\u00e8me de batterie Epsilon Lithium Batterie\"}]},{\"@type\":\"WebSite\",\"@id\":\"https:\\\/\\\/shop.bantam.ch\\\/fr\\\/#website\",\"url\":\"https:\\\/\\\/shop.bantam.ch\\\/fr\\\/\",\"name\":\"Bantam\",\"description\":\"\",\"publisher\":{\"@id\":\"https:\\\/\\\/shop.bantam.ch\\\/fr\\\/#organization\"},\"inLanguage\":\"fr-FR\"},{\"@type\":\"Organization\",\"@id\":\"https:\\\/\\\/shop.bantam.ch\\\/fr\\\/#organization\",\"name\":\"Bantam\",\"url\":\"https:\\\/\\\/shop.bantam.ch\\\/fr\\\/\",\"logo\":{\"@type\":\"ImageObject\",\"inLanguage\":\"fr-FR\",\"@id\":\"https:\\\/\\\/shop.bantam.ch\\\/fr\\\/#\\\/schema\\\/logo\\\/image\\\/\",\"url\":\"https:\\\/\\\/shop.bantam.ch\\\/wp-content\\\/uploads\\\/2022\\\/12\\\/bantam-logo.png\",\"contentUrl\":\"https:\\\/\\\/shop.bantam.ch\\\/wp-content\\\/uploads\\\/2022\\\/12\\\/bantam-logo.png\",\"width\":320,\"height\":71,\"caption\":\"Bantam\"},\"image\":{\"@id\":\"https:\\\/\\\/shop.bantam.ch\\\/fr\\\/#\\\/schema\\\/logo\\\/image\\\/\"}}]}<\/script>\n<!-- \/ Yoast SEO plugin. -->","yoast_head_json":{"title":"Syst\u00e8me de batterie Epsilon Lithium Batterie - Bantam","robots":{"index":"index","follow":"follow","max-snippet":"max-snippet:-1","max-image-preview":"max-image-preview:large","max-video-preview":"max-video-preview:-1"},"canonical":"https:\/\/shop.bantam.ch\/fr\/produit\/systeme-de-batterie-epsilon-lithium-batterie-2\/","og_locale":"fr_FR","og_type":"article","og_title":"Syst\u00e8me de batterie Epsilon Lithium Batterie - Bantam","og_description":"La batterie au lithium fer phosphate Epsilon a la capacit\u00e9 la plus \u00e9lev\u00e9e dans un bo\u00eetier standard disponible sur le march\u00e9. Le BMS hautement sophistiqu\u00e9 et int\u00e9gr\u00e9 assure la s\u00e9curit\u00e9, la fonctionnalit\u00e9 et la convivialit\u00e9 dans un bo\u00eetier l\u00e9ger et robuste. La fonction de chauffage enti\u00e8rement automatique, la connexion Bluetooth am\u00e9lior\u00e9e et les connecteurs en [&hellip;]","og_url":"https:\/\/shop.bantam.ch\/fr\/produit\/systeme-de-batterie-epsilon-lithium-batterie-2\/","og_site_name":"Bantam","article_modified_time":"2026-05-01T21:27:13+00:00","og_image":[{"width":1000,"height":830,"url":"https:\/\/shop.bantam.ch\/wp-content\/uploads\/2023\/02\/995806911.jpg","type":"image\/jpeg"}],"twitter_card":"summary_large_image","twitter_misc":{"Dur\u00e9e de lecture estim\u00e9e":"2 minutes"},"schema":{"@context":"https:\/\/schema.org","@graph":[{"@type":"WebPage","@id":"https:\/\/shop.bantam.ch\/fr\/produit\/systeme-de-batterie-epsilon-lithium-batterie-2\/","url":"https:\/\/shop.bantam.ch\/fr\/produit\/systeme-de-batterie-epsilon-lithium-batterie-2\/","name":"Syst\u00e8me de batterie Epsilon Lithium Batterie - Bantam","isPartOf":{"@id":"https:\/\/shop.bantam.ch\/fr\/#website"},"primaryImageOfPage":{"@id":"https:\/\/shop.bantam.ch\/fr\/produit\/systeme-de-batterie-epsilon-lithium-batterie-2\/#primaryimage"},"image":{"@id":"https:\/\/shop.bantam.ch\/fr\/produit\/systeme-de-batterie-epsilon-lithium-batterie-2\/#primaryimage"},"thumbnailUrl":"https:\/\/shop.bantam.ch\/wp-content\/uploads\/2023\/02\/995806911.jpg","datePublished":"2023-02-28T22:03:57+00:00","dateModified":"2026-05-01T21:27:13+00:00","breadcrumb":{"@id":"https:\/\/shop.bantam.ch\/fr\/produit\/systeme-de-batterie-epsilon-lithium-batterie-2\/#breadcrumb"},"inLanguage":"fr-FR","potentialAction":[{"@type":"ReadAction","target":["https:\/\/shop.bantam.ch\/fr\/produit\/systeme-de-batterie-epsilon-lithium-batterie-2\/"]}]},{"@type":"ImageObject","inLanguage":"fr-FR","@id":"https:\/\/shop.bantam.ch\/fr\/produit\/systeme-de-batterie-epsilon-lithium-batterie-2\/#primaryimage","url":"https:\/\/shop.bantam.ch\/wp-content\/uploads\/2023\/02\/995806911.jpg","contentUrl":"https:\/\/shop.bantam.ch\/wp-content\/uploads\/2023\/02\/995806911.jpg","width":1000,"height":830},{"@type":"BreadcrumbList","@id":"https:\/\/shop.bantam.ch\/fr\/produit\/systeme-de-batterie-epsilon-lithium-batterie-2\/#breadcrumb","itemListElement":[{"@type":"ListItem","position":1,"name":"Accueil","item":"https:\/\/shop.bantam.ch\/fr\/"},{"@type":"ListItem","position":2,"name":"Boutique","item":"https:\/\/shop.bantam.ch\/fr\/boutique\/"},{"@type":"ListItem","position":3,"name":"Syst\u00e8me de batterie Epsilon Lithium Batterie"}]},{"@type":"WebSite","@id":"https:\/\/shop.bantam.ch\/fr\/#website","url":"https:\/\/shop.bantam.ch\/fr\/","name":"Bantam","description":"","publisher":{"@id":"https:\/\/shop.bantam.ch\/fr\/#organization"},"inLanguage":"fr-FR"},{"@type":"Organization","@id":"https:\/\/shop.bantam.ch\/fr\/#organization","name":"Bantam","url":"https:\/\/shop.bantam.ch\/fr\/","logo":{"@type":"ImageObject","inLanguage":"fr-FR","@id":"https:\/\/shop.bantam.ch\/fr\/#\/schema\/logo\/image\/","url":"https:\/\/shop.bantam.ch\/wp-content\/uploads\/2022\/12\/bantam-logo.png","contentUrl":"https:\/\/shop.bantam.ch\/wp-content\/uploads\/2022\/12\/bantam-logo.png","width":320,"height":71,"caption":"Bantam"},"image":{"@id":"https:\/\/shop.bantam.ch\/fr\/#\/schema\/logo\/image\/"}}]}},"_links":{"self":[{"href":"https:\/\/shop.bantam.ch\/fr\/wp-json\/wp\/v2\/product\/119298","targetHints":{"allow":["GET"]}}],"collection":[{"href":"https:\/\/shop.bantam.ch\/fr\/wp-json\/wp\/v2\/product"}],"about":[{"href":"https:\/\/shop.bantam.ch\/fr\/wp-json\/wp\/v2\/types\/product"}],"wp:featuredmedia":[{"embeddable":true,"href":"https:\/\/shop.bantam.ch\/fr\/wp-json\/wp\/v2\/media\/119294"}],"wp:attachment":[{"href":"https:\/\/shop.bantam.ch\/fr\/wp-json\/wp\/v2\/media?parent=119298"}],"wp:term":[{"taxonomy":"product_featured_cat","embeddable":true,"href":"https:\/\/shop.bantam.ch\/fr\/wp-json\/wp\/v2\/product_featured_cat?post=119298"},{"taxonomy":"product_brand","embeddable":true,"href":"https:\/\/shop.bantam.ch\/fr\/wp-json\/wp\/v2\/product_brand?post=119298"},{"taxonomy":"product_cat","embeddable":true,"href":"https:\/\/shop.bantam.ch\/fr\/wp-json\/wp\/v2\/product_cat?post=119298"},{"taxonomy":"product_tag","embeddable":true,"href":"https:\/\/shop.bantam.ch\/fr\/wp-json\/wp\/v2\/product_tag?post=119298"}],"curies":[{"name":"wp","href":"https:\/\/api.w.org\/{rel}","templated":true}]}}