{"id":119130,"date":"2023-02-28T23:02:10","date_gmt":"2023-02-28T22:02:10","guid":{"rendered":"https:\/\/shop.bantam.ch\/produit\/module-connectivite-inet-x-panel\/"},"modified":"2026-05-02T21:46:21","modified_gmt":"2026-05-02T19:46:21","slug":"module-connectivite-inet-x-panel","status":"publish","type":"product","link":"https:\/\/shop.bantam.ch\/fr\/produit\/module-connectivite-inet-x-panel\/","title":{"rendered":"Truma iNet X Panel"},"content":{"rendered":"<p>Notre syst\u00e8me de commande centralis\u00e9 \u00e0 post-\u00e9quiper.<\/p>\n<p>Le Truma iNet X Panel est, avec l\u2019application correspondante, notre syst\u00e8me de commande centralis\u00e9 \u00e0 post-\u00e9quiper. En tant que composante du syst\u00e8me Truma iNet X, il offre les atouts de la nouvelle solution syst\u00e8me, il est \u00e9volutif et extensible a posteriori. Une fonctionnalit\u00e9 de base, faisant en permanence l\u2019objet d\u2019extensions, est actuellement disponible. Apr\u00e8s l\u2019achat, vous serez toujours \u00e0 la pointe du d\u00e9veloppement.<\/p>\n<p>Un post-\u00e9quipement de CP\u00a0Plus avec le Truma iNet X Panel est possible et en vaut la peine\u00a0: La possibilit\u00e9 de mise \u00e0 jour et les d\u00e9veloppements constants constituent un grand pas en avant et garantissent l\u2019\u00e9volution de votre Panel. \u00c9galement, la commande est simple et intuitive, gr\u00e2ce \u00e0 l\u2019\u00e9cran tactile couleur.<\/p>\n<p>Fonctionnalit\u00e9 de base actuelle*\u00a0:<\/p>\n<ul>\n<li>Commande d\u2019appareils Truma\u00a0: Climatiseurs Combi (D et E), Saphir et Aventa<\/li>\n<li>Commande de climatiseurs d\u2019autres constructeurs\u00a0: DOMETIC FreshJet<\/li>\n<li>Klimaautomatik<\/li>\n<li>Liaison \u00e0 Truma LevelControl possible (affichage du niveau de remplissage du gaz)**<\/li>\n<li>Affichage des mesures de capteurs int\u00e9rieur &amp; int\u00e9rieur<\/li>\n<li>Mention exacte des d\u00e9fauts avec conseils pour leur \u00e9limination<\/li>\n<li>Commande par application possible<\/li>\n<\/ul>\n<p>Extensions futures par de nouveaux produits, services et prestations ajoutables sans probl\u00e8me.<\/p>\n<p>L\u2019iNet X Panel est post-\u00e9quipable \u00e0 partir des num\u00e9ros de r\u00e9f\u00e9rence et ann\u00e9es de construction suivantes\u00a0:<\/p>\n<ul>\n<li>Combi 6 E CBX06EU-D-29065067 \u00e0 partir de 03\/2018<\/li>\n<li>Combi 6 CBG06EU-D-29117134 \u00e0 partir de 03\/2018<\/li>\n<li>Combi 4 E CBX04EU-D-29145392 \u00e0 partir de 03\/2018<\/li>\n<li>Combi 4 CBG04EU-D-29066148 \u00e0 partir de 03\/2018<\/li>\n<\/ul>\n<p>*Peut varier en fonction de l\u2019\u00e9quipement du v\u00e9hicule.<\/p>\n<p>**Disponible prochainement<\/p>\n","protected":false},"excerpt":{"rendered":"<p>Notre syst\u00e8me de commande centralis\u00e9 \u00e0 post-\u00e9quiper. Le Truma iNet X Panel est, avec l\u2019application correspondante, notre syst\u00e8me de commande centralis\u00e9 \u00e0 post-\u00e9quiper. En tant que composante du syst\u00e8me Truma iNet X, il offre les atouts de la nouvelle solution syst\u00e8me, il est \u00e9volutif et extensible a posteriori. Une fonctionnalit\u00e9 de base, faisant en permanence [&hellip;]<\/p>\n","protected":false},"featured_media":119124,"template":"","meta":{"_acf_changed":false},"product_featured_cat":[],"product_brand":[3026],"product_cat":[4661],"product_tag":[],"class_list":{"0":"post-119130","1":"product","2":"type-product","3":"status-publish","4":"has-post-thumbnail","6":"product_brand-truma","7":"product_cat-smart-home","9":"first","10":"instock","11":"taxable","12":"shipping-taxable","13":"purchasable","14":"product-type-simple"},"acf":[],"yoast_head":"<!-- This site is optimized with the Yoast SEO plugin v27.5 - https:\/\/yoast.com\/product\/yoast-seo-wordpress\/ -->\n<title>Truma iNet X Panel - Bantam<\/title>\n<meta name=\"robots\" content=\"index, follow, max-snippet:-1, max-image-preview:large, max-video-preview:-1\" \/>\n<link rel=\"canonical\" href=\"https:\/\/shop.bantam.ch\/fr\/produit\/module-connectivite-inet-x-panel\/\" \/>\n<meta property=\"og:locale\" content=\"fr_FR\" \/>\n<meta property=\"og:type\" content=\"article\" \/>\n<meta property=\"og:title\" content=\"Truma iNet X Panel - Bantam\" \/>\n<meta property=\"og:description\" content=\"Notre syst\u00e8me de commande centralis\u00e9 \u00e0 post-\u00e9quiper. Le Truma iNet X Panel est, avec l\u2019application correspondante, notre syst\u00e8me de commande centralis\u00e9 \u00e0 post-\u00e9quiper. En tant que composante du syst\u00e8me Truma iNet X, il offre les atouts de la nouvelle solution syst\u00e8me, il est \u00e9volutif et extensible a posteriori. Une fonctionnalit\u00e9 de base, faisant en permanence [&hellip;]\" \/>\n<meta property=\"og:url\" content=\"https:\/\/shop.bantam.ch\/fr\/produit\/module-connectivite-inet-x-panel\/\" \/>\n<meta property=\"og:site_name\" content=\"Bantam\" \/>\n<meta property=\"article:modified_time\" content=\"2026-05-02T19:46:21+00:00\" \/>\n<meta property=\"og:image\" content=\"https:\/\/shop.bantam.ch\/wp-content\/uploads\/2023\/02\/994455111.jpg\" \/>\n\t<meta property=\"og:image:width\" content=\"1000\" \/>\n\t<meta property=\"og:image:height\" content=\"846\" \/>\n\t<meta property=\"og:image:type\" content=\"image\/jpeg\" \/>\n<meta name=\"twitter:card\" content=\"summary_large_image\" \/>\n<meta name=\"twitter:label1\" content=\"Dur\u00e9e de lecture estim\u00e9e\" \/>\n\t<meta name=\"twitter:data1\" content=\"1 minute\" \/>\n<script type=\"application\/ld+json\" class=\"yoast-schema-graph\">{\"@context\":\"https:\\\/\\\/schema.org\",\"@graph\":[{\"@type\":\"WebPage\",\"@id\":\"https:\\\/\\\/shop.bantam.ch\\\/fr\\\/produit\\\/module-connectivite-inet-x-panel\\\/\",\"url\":\"https:\\\/\\\/shop.bantam.ch\\\/fr\\\/produit\\\/module-connectivite-inet-x-panel\\\/\",\"name\":\"Truma iNet X Panel - Bantam\",\"isPartOf\":{\"@id\":\"https:\\\/\\\/shop.bantam.ch\\\/fr\\\/#website\"},\"primaryImageOfPage\":{\"@id\":\"https:\\\/\\\/shop.bantam.ch\\\/fr\\\/produit\\\/module-connectivite-inet-x-panel\\\/#primaryimage\"},\"image\":{\"@id\":\"https:\\\/\\\/shop.bantam.ch\\\/fr\\\/produit\\\/module-connectivite-inet-x-panel\\\/#primaryimage\"},\"thumbnailUrl\":\"https:\\\/\\\/shop.bantam.ch\\\/wp-content\\\/uploads\\\/2023\\\/02\\\/994455111.jpg\",\"datePublished\":\"2023-02-28T22:02:10+00:00\",\"dateModified\":\"2026-05-02T19:46:21+00:00\",\"breadcrumb\":{\"@id\":\"https:\\\/\\\/shop.bantam.ch\\\/fr\\\/produit\\\/module-connectivite-inet-x-panel\\\/#breadcrumb\"},\"inLanguage\":\"fr-FR\",\"potentialAction\":[{\"@type\":\"ReadAction\",\"target\":[\"https:\\\/\\\/shop.bantam.ch\\\/fr\\\/produit\\\/module-connectivite-inet-x-panel\\\/\"]}]},{\"@type\":\"ImageObject\",\"inLanguage\":\"fr-FR\",\"@id\":\"https:\\\/\\\/shop.bantam.ch\\\/fr\\\/produit\\\/module-connectivite-inet-x-panel\\\/#primaryimage\",\"url\":\"https:\\\/\\\/shop.bantam.ch\\\/wp-content\\\/uploads\\\/2023\\\/02\\\/994455111.jpg\",\"contentUrl\":\"https:\\\/\\\/shop.bantam.ch\\\/wp-content\\\/uploads\\\/2023\\\/02\\\/994455111.jpg\",\"width\":1000,\"height\":846},{\"@type\":\"BreadcrumbList\",\"@id\":\"https:\\\/\\\/shop.bantam.ch\\\/fr\\\/produit\\\/module-connectivite-inet-x-panel\\\/#breadcrumb\",\"itemListElement\":[{\"@type\":\"ListItem\",\"position\":1,\"name\":\"Accueil\",\"item\":\"https:\\\/\\\/shop.bantam.ch\\\/fr\\\/\"},{\"@type\":\"ListItem\",\"position\":2,\"name\":\"Boutique\",\"item\":\"https:\\\/\\\/shop.bantam.ch\\\/fr\\\/boutique\\\/\"},{\"@type\":\"ListItem\",\"position\":3,\"name\":\"Truma iNet X Panel\"}]},{\"@type\":\"WebSite\",\"@id\":\"https:\\\/\\\/shop.bantam.ch\\\/fr\\\/#website\",\"url\":\"https:\\\/\\\/shop.bantam.ch\\\/fr\\\/\",\"name\":\"Bantam\",\"description\":\"\",\"publisher\":{\"@id\":\"https:\\\/\\\/shop.bantam.ch\\\/fr\\\/#organization\"},\"inLanguage\":\"fr-FR\"},{\"@type\":\"Organization\",\"@id\":\"https:\\\/\\\/shop.bantam.ch\\\/fr\\\/#organization\",\"name\":\"Bantam\",\"url\":\"https:\\\/\\\/shop.bantam.ch\\\/fr\\\/\",\"logo\":{\"@type\":\"ImageObject\",\"inLanguage\":\"fr-FR\",\"@id\":\"https:\\\/\\\/shop.bantam.ch\\\/fr\\\/#\\\/schema\\\/logo\\\/image\\\/\",\"url\":\"https:\\\/\\\/shop.bantam.ch\\\/wp-content\\\/uploads\\\/2022\\\/12\\\/bantam-logo.png\",\"contentUrl\":\"https:\\\/\\\/shop.bantam.ch\\\/wp-content\\\/uploads\\\/2022\\\/12\\\/bantam-logo.png\",\"width\":320,\"height\":71,\"caption\":\"Bantam\"},\"image\":{\"@id\":\"https:\\\/\\\/shop.bantam.ch\\\/fr\\\/#\\\/schema\\\/logo\\\/image\\\/\"}}]}<\/script>\n<!-- \/ Yoast SEO plugin. -->","yoast_head_json":{"title":"Truma iNet X Panel - Bantam","robots":{"index":"index","follow":"follow","max-snippet":"max-snippet:-1","max-image-preview":"max-image-preview:large","max-video-preview":"max-video-preview:-1"},"canonical":"https:\/\/shop.bantam.ch\/fr\/produit\/module-connectivite-inet-x-panel\/","og_locale":"fr_FR","og_type":"article","og_title":"Truma iNet X Panel - Bantam","og_description":"Notre syst\u00e8me de commande centralis\u00e9 \u00e0 post-\u00e9quiper. Le Truma iNet X Panel est, avec l\u2019application correspondante, notre syst\u00e8me de commande centralis\u00e9 \u00e0 post-\u00e9quiper. En tant que composante du syst\u00e8me Truma iNet X, il offre les atouts de la nouvelle solution syst\u00e8me, il est \u00e9volutif et extensible a posteriori. Une fonctionnalit\u00e9 de base, faisant en permanence [&hellip;]","og_url":"https:\/\/shop.bantam.ch\/fr\/produit\/module-connectivite-inet-x-panel\/","og_site_name":"Bantam","article_modified_time":"2026-05-02T19:46:21+00:00","og_image":[{"width":1000,"height":846,"url":"https:\/\/shop.bantam.ch\/wp-content\/uploads\/2023\/02\/994455111.jpg","type":"image\/jpeg"}],"twitter_card":"summary_large_image","twitter_misc":{"Dur\u00e9e de lecture estim\u00e9e":"1 minute"},"schema":{"@context":"https:\/\/schema.org","@graph":[{"@type":"WebPage","@id":"https:\/\/shop.bantam.ch\/fr\/produit\/module-connectivite-inet-x-panel\/","url":"https:\/\/shop.bantam.ch\/fr\/produit\/module-connectivite-inet-x-panel\/","name":"Truma iNet X Panel - Bantam","isPartOf":{"@id":"https:\/\/shop.bantam.ch\/fr\/#website"},"primaryImageOfPage":{"@id":"https:\/\/shop.bantam.ch\/fr\/produit\/module-connectivite-inet-x-panel\/#primaryimage"},"image":{"@id":"https:\/\/shop.bantam.ch\/fr\/produit\/module-connectivite-inet-x-panel\/#primaryimage"},"thumbnailUrl":"https:\/\/shop.bantam.ch\/wp-content\/uploads\/2023\/02\/994455111.jpg","datePublished":"2023-02-28T22:02:10+00:00","dateModified":"2026-05-02T19:46:21+00:00","breadcrumb":{"@id":"https:\/\/shop.bantam.ch\/fr\/produit\/module-connectivite-inet-x-panel\/#breadcrumb"},"inLanguage":"fr-FR","potentialAction":[{"@type":"ReadAction","target":["https:\/\/shop.bantam.ch\/fr\/produit\/module-connectivite-inet-x-panel\/"]}]},{"@type":"ImageObject","inLanguage":"fr-FR","@id":"https:\/\/shop.bantam.ch\/fr\/produit\/module-connectivite-inet-x-panel\/#primaryimage","url":"https:\/\/shop.bantam.ch\/wp-content\/uploads\/2023\/02\/994455111.jpg","contentUrl":"https:\/\/shop.bantam.ch\/wp-content\/uploads\/2023\/02\/994455111.jpg","width":1000,"height":846},{"@type":"BreadcrumbList","@id":"https:\/\/shop.bantam.ch\/fr\/produit\/module-connectivite-inet-x-panel\/#breadcrumb","itemListElement":[{"@type":"ListItem","position":1,"name":"Accueil","item":"https:\/\/shop.bantam.ch\/fr\/"},{"@type":"ListItem","position":2,"name":"Boutique","item":"https:\/\/shop.bantam.ch\/fr\/boutique\/"},{"@type":"ListItem","position":3,"name":"Truma iNet X Panel"}]},{"@type":"WebSite","@id":"https:\/\/shop.bantam.ch\/fr\/#website","url":"https:\/\/shop.bantam.ch\/fr\/","name":"Bantam","description":"","publisher":{"@id":"https:\/\/shop.bantam.ch\/fr\/#organization"},"inLanguage":"fr-FR"},{"@type":"Organization","@id":"https:\/\/shop.bantam.ch\/fr\/#organization","name":"Bantam","url":"https:\/\/shop.bantam.ch\/fr\/","logo":{"@type":"ImageObject","inLanguage":"fr-FR","@id":"https:\/\/shop.bantam.ch\/fr\/#\/schema\/logo\/image\/","url":"https:\/\/shop.bantam.ch\/wp-content\/uploads\/2022\/12\/bantam-logo.png","contentUrl":"https:\/\/shop.bantam.ch\/wp-content\/uploads\/2022\/12\/bantam-logo.png","width":320,"height":71,"caption":"Bantam"},"image":{"@id":"https:\/\/shop.bantam.ch\/fr\/#\/schema\/logo\/image\/"}}]}},"_links":{"self":[{"href":"https:\/\/shop.bantam.ch\/fr\/wp-json\/wp\/v2\/product\/119130","targetHints":{"allow":["GET"]}}],"collection":[{"href":"https:\/\/shop.bantam.ch\/fr\/wp-json\/wp\/v2\/product"}],"about":[{"href":"https:\/\/shop.bantam.ch\/fr\/wp-json\/wp\/v2\/types\/product"}],"wp:featuredmedia":[{"embeddable":true,"href":"https:\/\/shop.bantam.ch\/fr\/wp-json\/wp\/v2\/media\/119124"}],"wp:attachment":[{"href":"https:\/\/shop.bantam.ch\/fr\/wp-json\/wp\/v2\/media?parent=119130"}],"wp:term":[{"taxonomy":"product_featured_cat","embeddable":true,"href":"https:\/\/shop.bantam.ch\/fr\/wp-json\/wp\/v2\/product_featured_cat?post=119130"},{"taxonomy":"product_brand","embeddable":true,"href":"https:\/\/shop.bantam.ch\/fr\/wp-json\/wp\/v2\/product_brand?post=119130"},{"taxonomy":"product_cat","embeddable":true,"href":"https:\/\/shop.bantam.ch\/fr\/wp-json\/wp\/v2\/product_cat?post=119130"},{"taxonomy":"product_tag","embeddable":true,"href":"https:\/\/shop.bantam.ch\/fr\/wp-json\/wp\/v2\/product_tag?post=119130"}],"curies":[{"name":"wp","href":"https:\/\/api.w.org\/{rel}","templated":true}]}}