{"id":118970,"date":"2023-02-28T22:58:04","date_gmt":"2023-02-28T21:58:04","guid":{"rendered":"https:\/\/shop.bantam.ch\/produit\/ruban-montage-mousse\/"},"modified":"2026-04-20T21:48:56","modified_gmt":"2026-04-20T19:48:56","slug":"ruban-montage-mousse","status":"publish","type":"product","link":"https:\/\/shop.bantam.ch\/fr\/produit\/ruban-montage-mousse\/","title":{"rendered":"Ruban montage mousse Petec adh\u00e9sif double face 10 m x 19 mm"},"content":{"rendered":"<p>Ruban adh\u00e9sif double face noir avec bon pouvoir d\u2019adh\u00e9rence Pour la fixation et le montage de supports.<\/p>\n<ul>\n<li>Utilisation universelle usage int\u00e9rieur et ext\u00e9rieur<\/li>\n<li>Bonne adh\u00e9rence sur de nombreux mat\u00e9riaux<\/li>\n<li>Pouvoir adh\u00e9sif \u00e9lev\u00e9<\/li>\n<li>Anti-vibration<\/li>\n<li>Anti-fissure<\/li>\n<li>Excellente r\u00e9sistance au cisaillement<\/li>\n<li>Peut remplacer les vis et les rivets<\/li>\n<li>Excellente r\u00e9sistance au froid et \u00e0 la chaleur<\/li>\n<li>R\u00e9sistant aux intemp\u00e9ries, aux UV et \u00e0 l\u2019usure<\/li>\n<li>R\u00e9sistant \u00e0 l\u2019eau et \u00e0 l\u2019eau sal\u00e9e<\/li>\n<\/ul>\n","protected":false},"excerpt":{"rendered":"<p>Ruban adh\u00e9sif double face noir avec bon pouvoir d\u2019adh\u00e9rence Pour la fixation et le montage de supports. Utilisation universelle usage int\u00e9rieur et ext\u00e9rieur Bonne adh\u00e9rence sur de nombreux mat\u00e9riaux Pouvoir adh\u00e9sif \u00e9lev\u00e9 Anti-vibration Anti-fissure Excellente r\u00e9sistance au cisaillement Peut remplacer les vis et les rivets Excellente r\u00e9sistance au froid et \u00e0 la chaleur R\u00e9sistant aux [&hellip;]<\/p>\n","protected":false},"featured_media":118968,"template":"","meta":{"_acf_changed":false},"product_featured_cat":[],"product_brand":[3594],"product_cat":[4743],"product_tag":[],"class_list":{"0":"post-118970","1":"product","2":"type-product","3":"status-publish","4":"has-post-thumbnail","6":"product_brand-petec","7":"product_cat-bandes-adhesives-et-de-reparation","9":"first","10":"instock","11":"taxable","12":"shipping-taxable","13":"purchasable","14":"product-type-simple"},"acf":[],"yoast_head":"<!-- This site is optimized with the Yoast SEO plugin v27.4 - https:\/\/yoast.com\/product\/yoast-seo-wordpress\/ -->\n<title>Ruban montage mousse Petec adh\u00e9sif double face 10 m x 19 mm - Bantam Wankm\u00fcller SA<\/title>\n<meta name=\"robots\" content=\"index, follow, max-snippet:-1, max-image-preview:large, max-video-preview:-1\" \/>\n<link rel=\"canonical\" href=\"https:\/\/shop.bantam.ch\/fr\/produit\/ruban-montage-mousse\/\" \/>\n<meta property=\"og:locale\" content=\"fr_FR\" \/>\n<meta property=\"og:type\" content=\"article\" \/>\n<meta property=\"og:title\" content=\"Ruban montage mousse Petec adh\u00e9sif double face 10 m x 19 mm - Bantam Wankm\u00fcller SA\" \/>\n<meta property=\"og:description\" content=\"Ruban adh\u00e9sif double face noir avec bon pouvoir d\u2019adh\u00e9rence Pour la fixation et le montage de supports. Utilisation universelle usage int\u00e9rieur et ext\u00e9rieur Bonne adh\u00e9rence sur de nombreux mat\u00e9riaux Pouvoir adh\u00e9sif \u00e9lev\u00e9 Anti-vibration Anti-fissure Excellente r\u00e9sistance au cisaillement Peut remplacer les vis et les rivets Excellente r\u00e9sistance au froid et \u00e0 la chaleur R\u00e9sistant aux [&hellip;]\" \/>\n<meta property=\"og:url\" content=\"https:\/\/shop.bantam.ch\/fr\/produit\/ruban-montage-mousse\/\" \/>\n<meta property=\"og:site_name\" content=\"Bantam Wankm\u00fcller SA\" \/>\n<meta property=\"article:modified_time\" content=\"2026-04-20T19:48:56+00:00\" \/>\n<meta property=\"og:image\" content=\"https:\/\/shop.bantam.ch\/wp-content\/uploads\/2023\/02\/994452911.jpg\" \/>\n\t<meta property=\"og:image:width\" content=\"1000\" \/>\n\t<meta property=\"og:image:height\" content=\"969\" \/>\n\t<meta property=\"og:image:type\" content=\"image\/jpeg\" \/>\n<meta name=\"twitter:card\" content=\"summary_large_image\" \/>\n<script type=\"application\/ld+json\" class=\"yoast-schema-graph\">{\"@context\":\"https:\\\/\\\/schema.org\",\"@graph\":[{\"@type\":\"WebPage\",\"@id\":\"https:\\\/\\\/shop.bantam.ch\\\/fr\\\/produit\\\/ruban-montage-mousse\\\/\",\"url\":\"https:\\\/\\\/shop.bantam.ch\\\/fr\\\/produit\\\/ruban-montage-mousse\\\/\",\"name\":\"Ruban montage mousse Petec adh\u00e9sif double face 10 m x 19 mm - Bantam Wankm\u00fcller SA\",\"isPartOf\":{\"@id\":\"https:\\\/\\\/shop.bantam.ch\\\/fr\\\/#website\"},\"primaryImageOfPage\":{\"@id\":\"https:\\\/\\\/shop.bantam.ch\\\/fr\\\/produit\\\/ruban-montage-mousse\\\/#primaryimage\"},\"image\":{\"@id\":\"https:\\\/\\\/shop.bantam.ch\\\/fr\\\/produit\\\/ruban-montage-mousse\\\/#primaryimage\"},\"thumbnailUrl\":\"https:\\\/\\\/shop.bantam.ch\\\/wp-content\\\/uploads\\\/2023\\\/02\\\/994452911.jpg\",\"datePublished\":\"2023-02-28T21:58:04+00:00\",\"dateModified\":\"2026-04-20T19:48:56+00:00\",\"breadcrumb\":{\"@id\":\"https:\\\/\\\/shop.bantam.ch\\\/fr\\\/produit\\\/ruban-montage-mousse\\\/#breadcrumb\"},\"inLanguage\":\"fr-FR\",\"potentialAction\":[{\"@type\":\"ReadAction\",\"target\":[\"https:\\\/\\\/shop.bantam.ch\\\/fr\\\/produit\\\/ruban-montage-mousse\\\/\"]}]},{\"@type\":\"ImageObject\",\"inLanguage\":\"fr-FR\",\"@id\":\"https:\\\/\\\/shop.bantam.ch\\\/fr\\\/produit\\\/ruban-montage-mousse\\\/#primaryimage\",\"url\":\"https:\\\/\\\/shop.bantam.ch\\\/wp-content\\\/uploads\\\/2023\\\/02\\\/994452911.jpg\",\"contentUrl\":\"https:\\\/\\\/shop.bantam.ch\\\/wp-content\\\/uploads\\\/2023\\\/02\\\/994452911.jpg\",\"width\":1000,\"height\":969},{\"@type\":\"BreadcrumbList\",\"@id\":\"https:\\\/\\\/shop.bantam.ch\\\/fr\\\/produit\\\/ruban-montage-mousse\\\/#breadcrumb\",\"itemListElement\":[{\"@type\":\"ListItem\",\"position\":1,\"name\":\"Accueil\",\"item\":\"https:\\\/\\\/shop.bantam.ch\\\/fr\\\/\"},{\"@type\":\"ListItem\",\"position\":2,\"name\":\"Boutique\",\"item\":\"https:\\\/\\\/shop.bantam.ch\\\/fr\\\/boutique\\\/\"},{\"@type\":\"ListItem\",\"position\":3,\"name\":\"Ruban montage mousse Petec adh\u00e9sif double face 10 m x 19 mm\"}]},{\"@type\":\"WebSite\",\"@id\":\"https:\\\/\\\/shop.bantam.ch\\\/fr\\\/#website\",\"url\":\"https:\\\/\\\/shop.bantam.ch\\\/fr\\\/\",\"name\":\"Bantam Wankm\u00fcller SA\",\"description\":\"\",\"publisher\":{\"@id\":\"https:\\\/\\\/shop.bantam.ch\\\/fr\\\/#organization\"},\"inLanguage\":\"fr-FR\"},{\"@type\":\"Organization\",\"@id\":\"https:\\\/\\\/shop.bantam.ch\\\/fr\\\/#organization\",\"name\":\"Bantam Wankm\u00fcller SA\",\"url\":\"https:\\\/\\\/shop.bantam.ch\\\/fr\\\/\",\"logo\":{\"@type\":\"ImageObject\",\"inLanguage\":\"fr-FR\",\"@id\":\"https:\\\/\\\/shop.bantam.ch\\\/fr\\\/#\\\/schema\\\/logo\\\/image\\\/\",\"url\":\"https:\\\/\\\/shop.bantam.ch\\\/wp-content\\\/uploads\\\/2022\\\/12\\\/bantam-logo.png\",\"contentUrl\":\"https:\\\/\\\/shop.bantam.ch\\\/wp-content\\\/uploads\\\/2022\\\/12\\\/bantam-logo.png\",\"width\":320,\"height\":71,\"caption\":\"Bantam Wankm\u00fcller SA\"},\"image\":{\"@id\":\"https:\\\/\\\/shop.bantam.ch\\\/fr\\\/#\\\/schema\\\/logo\\\/image\\\/\"}}]}<\/script>\n<!-- \/ Yoast SEO plugin. -->","yoast_head_json":{"title":"Ruban montage mousse Petec adh\u00e9sif double face 10 m x 19 mm - Bantam Wankm\u00fcller SA","robots":{"index":"index","follow":"follow","max-snippet":"max-snippet:-1","max-image-preview":"max-image-preview:large","max-video-preview":"max-video-preview:-1"},"canonical":"https:\/\/shop.bantam.ch\/fr\/produit\/ruban-montage-mousse\/","og_locale":"fr_FR","og_type":"article","og_title":"Ruban montage mousse Petec adh\u00e9sif double face 10 m x 19 mm - Bantam Wankm\u00fcller SA","og_description":"Ruban adh\u00e9sif double face noir avec bon pouvoir d\u2019adh\u00e9rence Pour la fixation et le montage de supports. Utilisation universelle usage int\u00e9rieur et ext\u00e9rieur Bonne adh\u00e9rence sur de nombreux mat\u00e9riaux Pouvoir adh\u00e9sif \u00e9lev\u00e9 Anti-vibration Anti-fissure Excellente r\u00e9sistance au cisaillement Peut remplacer les vis et les rivets Excellente r\u00e9sistance au froid et \u00e0 la chaleur R\u00e9sistant aux [&hellip;]","og_url":"https:\/\/shop.bantam.ch\/fr\/produit\/ruban-montage-mousse\/","og_site_name":"Bantam Wankm\u00fcller SA","article_modified_time":"2026-04-20T19:48:56+00:00","og_image":[{"width":1000,"height":969,"url":"https:\/\/shop.bantam.ch\/wp-content\/uploads\/2023\/02\/994452911.jpg","type":"image\/jpeg"}],"twitter_card":"summary_large_image","schema":{"@context":"https:\/\/schema.org","@graph":[{"@type":"WebPage","@id":"https:\/\/shop.bantam.ch\/fr\/produit\/ruban-montage-mousse\/","url":"https:\/\/shop.bantam.ch\/fr\/produit\/ruban-montage-mousse\/","name":"Ruban montage mousse Petec adh\u00e9sif double face 10 m x 19 mm - Bantam Wankm\u00fcller SA","isPartOf":{"@id":"https:\/\/shop.bantam.ch\/fr\/#website"},"primaryImageOfPage":{"@id":"https:\/\/shop.bantam.ch\/fr\/produit\/ruban-montage-mousse\/#primaryimage"},"image":{"@id":"https:\/\/shop.bantam.ch\/fr\/produit\/ruban-montage-mousse\/#primaryimage"},"thumbnailUrl":"https:\/\/shop.bantam.ch\/wp-content\/uploads\/2023\/02\/994452911.jpg","datePublished":"2023-02-28T21:58:04+00:00","dateModified":"2026-04-20T19:48:56+00:00","breadcrumb":{"@id":"https:\/\/shop.bantam.ch\/fr\/produit\/ruban-montage-mousse\/#breadcrumb"},"inLanguage":"fr-FR","potentialAction":[{"@type":"ReadAction","target":["https:\/\/shop.bantam.ch\/fr\/produit\/ruban-montage-mousse\/"]}]},{"@type":"ImageObject","inLanguage":"fr-FR","@id":"https:\/\/shop.bantam.ch\/fr\/produit\/ruban-montage-mousse\/#primaryimage","url":"https:\/\/shop.bantam.ch\/wp-content\/uploads\/2023\/02\/994452911.jpg","contentUrl":"https:\/\/shop.bantam.ch\/wp-content\/uploads\/2023\/02\/994452911.jpg","width":1000,"height":969},{"@type":"BreadcrumbList","@id":"https:\/\/shop.bantam.ch\/fr\/produit\/ruban-montage-mousse\/#breadcrumb","itemListElement":[{"@type":"ListItem","position":1,"name":"Accueil","item":"https:\/\/shop.bantam.ch\/fr\/"},{"@type":"ListItem","position":2,"name":"Boutique","item":"https:\/\/shop.bantam.ch\/fr\/boutique\/"},{"@type":"ListItem","position":3,"name":"Ruban montage mousse Petec adh\u00e9sif double face 10 m x 19 mm"}]},{"@type":"WebSite","@id":"https:\/\/shop.bantam.ch\/fr\/#website","url":"https:\/\/shop.bantam.ch\/fr\/","name":"Bantam Wankm\u00fcller SA","description":"","publisher":{"@id":"https:\/\/shop.bantam.ch\/fr\/#organization"},"inLanguage":"fr-FR"},{"@type":"Organization","@id":"https:\/\/shop.bantam.ch\/fr\/#organization","name":"Bantam Wankm\u00fcller SA","url":"https:\/\/shop.bantam.ch\/fr\/","logo":{"@type":"ImageObject","inLanguage":"fr-FR","@id":"https:\/\/shop.bantam.ch\/fr\/#\/schema\/logo\/image\/","url":"https:\/\/shop.bantam.ch\/wp-content\/uploads\/2022\/12\/bantam-logo.png","contentUrl":"https:\/\/shop.bantam.ch\/wp-content\/uploads\/2022\/12\/bantam-logo.png","width":320,"height":71,"caption":"Bantam Wankm\u00fcller SA"},"image":{"@id":"https:\/\/shop.bantam.ch\/fr\/#\/schema\/logo\/image\/"}}]}},"_links":{"self":[{"href":"https:\/\/shop.bantam.ch\/fr\/wp-json\/wp\/v2\/product\/118970","targetHints":{"allow":["GET"]}}],"collection":[{"href":"https:\/\/shop.bantam.ch\/fr\/wp-json\/wp\/v2\/product"}],"about":[{"href":"https:\/\/shop.bantam.ch\/fr\/wp-json\/wp\/v2\/types\/product"}],"wp:featuredmedia":[{"embeddable":true,"href":"https:\/\/shop.bantam.ch\/fr\/wp-json\/wp\/v2\/media\/118968"}],"wp:attachment":[{"href":"https:\/\/shop.bantam.ch\/fr\/wp-json\/wp\/v2\/media?parent=118970"}],"wp:term":[{"taxonomy":"product_featured_cat","embeddable":true,"href":"https:\/\/shop.bantam.ch\/fr\/wp-json\/wp\/v2\/product_featured_cat?post=118970"},{"taxonomy":"product_brand","embeddable":true,"href":"https:\/\/shop.bantam.ch\/fr\/wp-json\/wp\/v2\/product_brand?post=118970"},{"taxonomy":"product_cat","embeddable":true,"href":"https:\/\/shop.bantam.ch\/fr\/wp-json\/wp\/v2\/product_cat?post=118970"},{"taxonomy":"product_tag","embeddable":true,"href":"https:\/\/shop.bantam.ch\/fr\/wp-json\/wp\/v2\/product_tag?post=118970"}],"curies":[{"name":"wp","href":"https:\/\/api.w.org\/{rel}","templated":true}]}}