{"id":118922,"date":"2023-02-28T22:57:07","date_gmt":"2023-02-28T21:57:07","guid":{"rendered":"https:\/\/shop.bantam.ch\/produit\/adhesif-en-aerosol-04-l\/"},"modified":"2026-04-19T21:50:09","modified_gmt":"2026-04-19T19:50:09","slug":"adhesif-en-aerosol-04-l","status":"publish","type":"product","link":"https:\/\/shop.bantam.ch\/fr\/produit\/adhesif-en-aerosol-04-l\/","title":{"rendered":"Adh\u00e9sif en a\u00e9rosol Petec Contenance 0,4 l"},"content":{"rendered":"<p>Pour le collage de grandes surfaces de styr\u00e8ne, cuir, mousse, caoutchouc, textiles, feutre, bois, li\u00e8ge, carton, papier, tapis isolants, plastique, m\u00e9tal et bien plus encore.  R\u00e9sistant \u00e0 l\u2019eau douce et \u00e0 l\u2019eau sal\u00e9e.<\/p>\n<p>Adh\u00e9sif en a\u00e9rosol<br \/>&#8211; polyvalent, convient \u00e9galement pour les mat\u00e9riaux absorbants<br \/>&#8211; Utilisation simple.<br \/>&#8211; utilisation rapide avec un pouvoir adh\u00e9sif instantan\u00e9 \u00e9lev\u00e9<br \/>&#8211; R\u00e9sistant \u00e0 l\u2019eau douce et \u00e0 l\u2019eau sal\u00e9e.<\/p>\n<p>Conseil pratique<br \/>&#8211; appliquer la colle uniform\u00e9ment sur les deux surfaces \u00e0 coller<br \/>&#8211; respecter le temps de s\u00e9chage<\/p>\n","protected":false},"excerpt":{"rendered":"<p>Pour le collage de grandes surfaces de styr\u00e8ne, cuir, mousse, caoutchouc, textiles, feutre, bois, li\u00e8ge, carton, papier, tapis isolants, plastique, m\u00e9tal et bien plus encore. R\u00e9sistant \u00e0 l\u2019eau douce et \u00e0 l\u2019eau sal\u00e9e. Adh\u00e9sif en a\u00e9rosol&#8211; polyvalent, convient \u00e9galement pour les mat\u00e9riaux absorbants&#8211; Utilisation simple.&#8211; utilisation rapide avec un pouvoir adh\u00e9sif instantan\u00e9 \u00e9lev\u00e9&#8211; R\u00e9sistant \u00e0 [&hellip;]<\/p>\n","protected":false},"featured_media":118920,"template":"","meta":{"_acf_changed":false},"product_featured_cat":[],"product_brand":[3594],"product_cat":[5085],"product_tag":[],"class_list":{"0":"post-118922","1":"product","2":"type-product","3":"status-publish","4":"has-post-thumbnail","6":"product_brand-petec","7":"product_cat-adhesifs-et-mastics","9":"first","10":"instock","11":"taxable","12":"shipping-taxable","13":"purchasable","14":"product-type-simple"},"acf":[],"yoast_head":"<!-- This site is optimized with the Yoast SEO plugin v27.4 - https:\/\/yoast.com\/product\/yoast-seo-wordpress\/ -->\n<title>Adh\u00e9sif en a\u00e9rosol Petec Contenance 0,4 l - Bantam Wankm\u00fcller SA<\/title>\n<meta name=\"robots\" content=\"index, follow, max-snippet:-1, max-image-preview:large, max-video-preview:-1\" \/>\n<link rel=\"canonical\" href=\"https:\/\/shop.bantam.ch\/fr\/produit\/adhesif-en-aerosol-04-l\/\" \/>\n<meta property=\"og:locale\" content=\"fr_FR\" \/>\n<meta property=\"og:type\" content=\"article\" \/>\n<meta property=\"og:title\" content=\"Adh\u00e9sif en a\u00e9rosol Petec Contenance 0,4 l - Bantam Wankm\u00fcller SA\" \/>\n<meta property=\"og:description\" content=\"Pour le collage de grandes surfaces de styr\u00e8ne, cuir, mousse, caoutchouc, textiles, feutre, bois, li\u00e8ge, carton, papier, tapis isolants, plastique, m\u00e9tal et bien plus encore. R\u00e9sistant \u00e0 l\u2019eau douce et \u00e0 l\u2019eau sal\u00e9e. Adh\u00e9sif en a\u00e9rosol&#8211; polyvalent, convient \u00e9galement pour les mat\u00e9riaux absorbants&#8211; Utilisation simple.&#8211; utilisation rapide avec un pouvoir adh\u00e9sif instantan\u00e9 \u00e9lev\u00e9&#8211; R\u00e9sistant \u00e0 [&hellip;]\" \/>\n<meta property=\"og:url\" content=\"https:\/\/shop.bantam.ch\/fr\/produit\/adhesif-en-aerosol-04-l\/\" \/>\n<meta property=\"og:site_name\" content=\"Bantam Wankm\u00fcller SA\" \/>\n<meta property=\"article:modified_time\" content=\"2026-04-19T19:50:09+00:00\" \/>\n<meta property=\"og:image\" content=\"https:\/\/shop.bantam.ch\/wp-content\/uploads\/2023\/02\/994452211.jpg\" \/>\n\t<meta property=\"og:image:width\" content=\"307\" \/>\n\t<meta property=\"og:image:height\" content=\"1000\" \/>\n\t<meta property=\"og:image:type\" content=\"image\/jpeg\" \/>\n<meta name=\"twitter:card\" content=\"summary_large_image\" \/>\n<script type=\"application\/ld+json\" class=\"yoast-schema-graph\">{\"@context\":\"https:\\\/\\\/schema.org\",\"@graph\":[{\"@type\":\"WebPage\",\"@id\":\"https:\\\/\\\/shop.bantam.ch\\\/fr\\\/produit\\\/adhesif-en-aerosol-04-l\\\/\",\"url\":\"https:\\\/\\\/shop.bantam.ch\\\/fr\\\/produit\\\/adhesif-en-aerosol-04-l\\\/\",\"name\":\"Adh\u00e9sif en a\u00e9rosol Petec Contenance 0,4 l - Bantam Wankm\u00fcller SA\",\"isPartOf\":{\"@id\":\"https:\\\/\\\/shop.bantam.ch\\\/fr\\\/#website\"},\"primaryImageOfPage\":{\"@id\":\"https:\\\/\\\/shop.bantam.ch\\\/fr\\\/produit\\\/adhesif-en-aerosol-04-l\\\/#primaryimage\"},\"image\":{\"@id\":\"https:\\\/\\\/shop.bantam.ch\\\/fr\\\/produit\\\/adhesif-en-aerosol-04-l\\\/#primaryimage\"},\"thumbnailUrl\":\"https:\\\/\\\/shop.bantam.ch\\\/wp-content\\\/uploads\\\/2023\\\/02\\\/994452211.jpg\",\"datePublished\":\"2023-02-28T21:57:07+00:00\",\"dateModified\":\"2026-04-19T19:50:09+00:00\",\"breadcrumb\":{\"@id\":\"https:\\\/\\\/shop.bantam.ch\\\/fr\\\/produit\\\/adhesif-en-aerosol-04-l\\\/#breadcrumb\"},\"inLanguage\":\"fr-FR\",\"potentialAction\":[{\"@type\":\"ReadAction\",\"target\":[\"https:\\\/\\\/shop.bantam.ch\\\/fr\\\/produit\\\/adhesif-en-aerosol-04-l\\\/\"]}]},{\"@type\":\"ImageObject\",\"inLanguage\":\"fr-FR\",\"@id\":\"https:\\\/\\\/shop.bantam.ch\\\/fr\\\/produit\\\/adhesif-en-aerosol-04-l\\\/#primaryimage\",\"url\":\"https:\\\/\\\/shop.bantam.ch\\\/wp-content\\\/uploads\\\/2023\\\/02\\\/994452211.jpg\",\"contentUrl\":\"https:\\\/\\\/shop.bantam.ch\\\/wp-content\\\/uploads\\\/2023\\\/02\\\/994452211.jpg\",\"width\":307,\"height\":1000},{\"@type\":\"BreadcrumbList\",\"@id\":\"https:\\\/\\\/shop.bantam.ch\\\/fr\\\/produit\\\/adhesif-en-aerosol-04-l\\\/#breadcrumb\",\"itemListElement\":[{\"@type\":\"ListItem\",\"position\":1,\"name\":\"Accueil\",\"item\":\"https:\\\/\\\/shop.bantam.ch\\\/fr\\\/\"},{\"@type\":\"ListItem\",\"position\":2,\"name\":\"Boutique\",\"item\":\"https:\\\/\\\/shop.bantam.ch\\\/fr\\\/boutique\\\/\"},{\"@type\":\"ListItem\",\"position\":3,\"name\":\"Adh\u00e9sif en a\u00e9rosol Petec Contenance 0,4 l\"}]},{\"@type\":\"WebSite\",\"@id\":\"https:\\\/\\\/shop.bantam.ch\\\/fr\\\/#website\",\"url\":\"https:\\\/\\\/shop.bantam.ch\\\/fr\\\/\",\"name\":\"Bantam Wankm\u00fcller SA\",\"description\":\"\",\"publisher\":{\"@id\":\"https:\\\/\\\/shop.bantam.ch\\\/fr\\\/#organization\"},\"inLanguage\":\"fr-FR\"},{\"@type\":\"Organization\",\"@id\":\"https:\\\/\\\/shop.bantam.ch\\\/fr\\\/#organization\",\"name\":\"Bantam Wankm\u00fcller SA\",\"url\":\"https:\\\/\\\/shop.bantam.ch\\\/fr\\\/\",\"logo\":{\"@type\":\"ImageObject\",\"inLanguage\":\"fr-FR\",\"@id\":\"https:\\\/\\\/shop.bantam.ch\\\/fr\\\/#\\\/schema\\\/logo\\\/image\\\/\",\"url\":\"https:\\\/\\\/shop.bantam.ch\\\/wp-content\\\/uploads\\\/2022\\\/12\\\/bantam-logo.png\",\"contentUrl\":\"https:\\\/\\\/shop.bantam.ch\\\/wp-content\\\/uploads\\\/2022\\\/12\\\/bantam-logo.png\",\"width\":320,\"height\":71,\"caption\":\"Bantam Wankm\u00fcller SA\"},\"image\":{\"@id\":\"https:\\\/\\\/shop.bantam.ch\\\/fr\\\/#\\\/schema\\\/logo\\\/image\\\/\"}}]}<\/script>\n<!-- \/ Yoast SEO plugin. -->","yoast_head_json":{"title":"Adh\u00e9sif en a\u00e9rosol Petec Contenance 0,4 l - Bantam Wankm\u00fcller SA","robots":{"index":"index","follow":"follow","max-snippet":"max-snippet:-1","max-image-preview":"max-image-preview:large","max-video-preview":"max-video-preview:-1"},"canonical":"https:\/\/shop.bantam.ch\/fr\/produit\/adhesif-en-aerosol-04-l\/","og_locale":"fr_FR","og_type":"article","og_title":"Adh\u00e9sif en a\u00e9rosol Petec Contenance 0,4 l - Bantam Wankm\u00fcller SA","og_description":"Pour le collage de grandes surfaces de styr\u00e8ne, cuir, mousse, caoutchouc, textiles, feutre, bois, li\u00e8ge, carton, papier, tapis isolants, plastique, m\u00e9tal et bien plus encore. R\u00e9sistant \u00e0 l\u2019eau douce et \u00e0 l\u2019eau sal\u00e9e. Adh\u00e9sif en a\u00e9rosol&#8211; polyvalent, convient \u00e9galement pour les mat\u00e9riaux absorbants&#8211; Utilisation simple.&#8211; utilisation rapide avec un pouvoir adh\u00e9sif instantan\u00e9 \u00e9lev\u00e9&#8211; R\u00e9sistant \u00e0 [&hellip;]","og_url":"https:\/\/shop.bantam.ch\/fr\/produit\/adhesif-en-aerosol-04-l\/","og_site_name":"Bantam Wankm\u00fcller SA","article_modified_time":"2026-04-19T19:50:09+00:00","og_image":[{"width":307,"height":1000,"url":"https:\/\/shop.bantam.ch\/wp-content\/uploads\/2023\/02\/994452211.jpg","type":"image\/jpeg"}],"twitter_card":"summary_large_image","schema":{"@context":"https:\/\/schema.org","@graph":[{"@type":"WebPage","@id":"https:\/\/shop.bantam.ch\/fr\/produit\/adhesif-en-aerosol-04-l\/","url":"https:\/\/shop.bantam.ch\/fr\/produit\/adhesif-en-aerosol-04-l\/","name":"Adh\u00e9sif en a\u00e9rosol Petec Contenance 0,4 l - Bantam Wankm\u00fcller SA","isPartOf":{"@id":"https:\/\/shop.bantam.ch\/fr\/#website"},"primaryImageOfPage":{"@id":"https:\/\/shop.bantam.ch\/fr\/produit\/adhesif-en-aerosol-04-l\/#primaryimage"},"image":{"@id":"https:\/\/shop.bantam.ch\/fr\/produit\/adhesif-en-aerosol-04-l\/#primaryimage"},"thumbnailUrl":"https:\/\/shop.bantam.ch\/wp-content\/uploads\/2023\/02\/994452211.jpg","datePublished":"2023-02-28T21:57:07+00:00","dateModified":"2026-04-19T19:50:09+00:00","breadcrumb":{"@id":"https:\/\/shop.bantam.ch\/fr\/produit\/adhesif-en-aerosol-04-l\/#breadcrumb"},"inLanguage":"fr-FR","potentialAction":[{"@type":"ReadAction","target":["https:\/\/shop.bantam.ch\/fr\/produit\/adhesif-en-aerosol-04-l\/"]}]},{"@type":"ImageObject","inLanguage":"fr-FR","@id":"https:\/\/shop.bantam.ch\/fr\/produit\/adhesif-en-aerosol-04-l\/#primaryimage","url":"https:\/\/shop.bantam.ch\/wp-content\/uploads\/2023\/02\/994452211.jpg","contentUrl":"https:\/\/shop.bantam.ch\/wp-content\/uploads\/2023\/02\/994452211.jpg","width":307,"height":1000},{"@type":"BreadcrumbList","@id":"https:\/\/shop.bantam.ch\/fr\/produit\/adhesif-en-aerosol-04-l\/#breadcrumb","itemListElement":[{"@type":"ListItem","position":1,"name":"Accueil","item":"https:\/\/shop.bantam.ch\/fr\/"},{"@type":"ListItem","position":2,"name":"Boutique","item":"https:\/\/shop.bantam.ch\/fr\/boutique\/"},{"@type":"ListItem","position":3,"name":"Adh\u00e9sif en a\u00e9rosol Petec Contenance 0,4 l"}]},{"@type":"WebSite","@id":"https:\/\/shop.bantam.ch\/fr\/#website","url":"https:\/\/shop.bantam.ch\/fr\/","name":"Bantam Wankm\u00fcller SA","description":"","publisher":{"@id":"https:\/\/shop.bantam.ch\/fr\/#organization"},"inLanguage":"fr-FR"},{"@type":"Organization","@id":"https:\/\/shop.bantam.ch\/fr\/#organization","name":"Bantam Wankm\u00fcller SA","url":"https:\/\/shop.bantam.ch\/fr\/","logo":{"@type":"ImageObject","inLanguage":"fr-FR","@id":"https:\/\/shop.bantam.ch\/fr\/#\/schema\/logo\/image\/","url":"https:\/\/shop.bantam.ch\/wp-content\/uploads\/2022\/12\/bantam-logo.png","contentUrl":"https:\/\/shop.bantam.ch\/wp-content\/uploads\/2022\/12\/bantam-logo.png","width":320,"height":71,"caption":"Bantam Wankm\u00fcller SA"},"image":{"@id":"https:\/\/shop.bantam.ch\/fr\/#\/schema\/logo\/image\/"}}]}},"_links":{"self":[{"href":"https:\/\/shop.bantam.ch\/fr\/wp-json\/wp\/v2\/product\/118922","targetHints":{"allow":["GET"]}}],"collection":[{"href":"https:\/\/shop.bantam.ch\/fr\/wp-json\/wp\/v2\/product"}],"about":[{"href":"https:\/\/shop.bantam.ch\/fr\/wp-json\/wp\/v2\/types\/product"}],"wp:featuredmedia":[{"embeddable":true,"href":"https:\/\/shop.bantam.ch\/fr\/wp-json\/wp\/v2\/media\/118920"}],"wp:attachment":[{"href":"https:\/\/shop.bantam.ch\/fr\/wp-json\/wp\/v2\/media?parent=118922"}],"wp:term":[{"taxonomy":"product_featured_cat","embeddable":true,"href":"https:\/\/shop.bantam.ch\/fr\/wp-json\/wp\/v2\/product_featured_cat?post=118922"},{"taxonomy":"product_brand","embeddable":true,"href":"https:\/\/shop.bantam.ch\/fr\/wp-json\/wp\/v2\/product_brand?post=118922"},{"taxonomy":"product_cat","embeddable":true,"href":"https:\/\/shop.bantam.ch\/fr\/wp-json\/wp\/v2\/product_cat?post=118922"},{"taxonomy":"product_tag","embeddable":true,"href":"https:\/\/shop.bantam.ch\/fr\/wp-json\/wp\/v2\/product_tag?post=118922"}],"curies":[{"name":"wp","href":"https:\/\/api.w.org\/{rel}","templated":true}]}}