{"id":118828,"date":"2023-02-28T22:55:31","date_gmt":"2023-02-28T21:55:31","guid":{"rendered":"https:\/\/shop.bantam.ch\/produit\/cartouche-de-filtre-a-eau-mycleanwater\/"},"modified":"2026-05-01T21:45:59","modified_gmt":"2026-05-01T19:45:59","slug":"cartouche-de-filtre-a-eau-mycleanwater","status":"publish","type":"product","link":"https:\/\/shop.bantam.ch\/fr\/produit\/cartouche-de-filtre-a-eau-mycleanwater\/","title":{"rendered":"Cartouche easydriver pour filtre d\u2019eau mycleanwater"},"content":{"rendered":"<p>\u00c9change de la cartouche de filtre n\u00e9cessaire seulement apr\u00e8s une saison de camping (ou au bout de 12\u00a0mois) &#8211; le bo\u00eetier reste utilisable. Vraiment durable\u00a0: notre syst\u00e8me de cartouches intelligent permet de r\u00e9duire les d\u00e9chets plastiques de 80\u00a0%.<\/p>\n","protected":false},"excerpt":{"rendered":"<p>\u00c9change de la cartouche de filtre n\u00e9cessaire seulement apr\u00e8s une saison de camping (ou au bout de 12\u00a0mois) &#8211; le bo\u00eetier reste utilisable. Vraiment durable\u00a0: notre syst\u00e8me de cartouches intelligent permet de r\u00e9duire les d\u00e9chets plastiques de 80\u00a0%.<\/p>\n","protected":false},"featured_media":118826,"template":"","meta":{"_acf_changed":false},"product_featured_cat":[],"product_brand":[3112],"product_cat":[4615],"product_tag":[],"class_list":{"0":"post-118828","1":"product","2":"type-product","3":"status-publish","4":"has-post-thumbnail","6":"product_brand-reich","7":"product_cat-filtres-a-eau","9":"first","10":"instock","11":"taxable","12":"shipping-taxable","13":"purchasable","14":"product-type-simple"},"acf":[],"yoast_head":"<!-- This site is optimized with the Yoast SEO plugin v27.5 - https:\/\/yoast.com\/product\/yoast-seo-wordpress\/ -->\n<title>Cartouche easydriver pour filtre d\u2019eau mycleanwater - Bantam<\/title>\n<meta name=\"robots\" content=\"index, follow, max-snippet:-1, max-image-preview:large, max-video-preview:-1\" \/>\n<link rel=\"canonical\" href=\"https:\/\/shop.bantam.ch\/fr\/produit\/cartouche-de-filtre-a-eau-mycleanwater\/\" \/>\n<meta property=\"og:locale\" content=\"fr_FR\" \/>\n<meta property=\"og:type\" content=\"article\" \/>\n<meta property=\"og:title\" content=\"Cartouche easydriver pour filtre d\u2019eau mycleanwater - Bantam\" \/>\n<meta property=\"og:description\" content=\"\u00c9change de la cartouche de filtre n\u00e9cessaire seulement apr\u00e8s une saison de camping (ou au bout de 12\u00a0mois) &#8211; le bo\u00eetier reste utilisable. Vraiment durable\u00a0: notre syst\u00e8me de cartouches intelligent permet de r\u00e9duire les d\u00e9chets plastiques de 80\u00a0%.\" \/>\n<meta property=\"og:url\" content=\"https:\/\/shop.bantam.ch\/fr\/produit\/cartouche-de-filtre-a-eau-mycleanwater\/\" \/>\n<meta property=\"og:site_name\" content=\"Bantam\" \/>\n<meta property=\"article:modified_time\" content=\"2026-05-01T19:45:59+00:00\" \/>\n<meta property=\"og:image\" content=\"https:\/\/shop.bantam.ch\/wp-content\/uploads\/2023\/02\/998460011.jpg\" \/>\n\t<meta property=\"og:image:width\" content=\"1000\" \/>\n\t<meta property=\"og:image:height\" content=\"805\" \/>\n\t<meta property=\"og:image:type\" content=\"image\/jpeg\" \/>\n<meta name=\"twitter:card\" content=\"summary_large_image\" \/>\n<script type=\"application\/ld+json\" class=\"yoast-schema-graph\">{\"@context\":\"https:\\\/\\\/schema.org\",\"@graph\":[{\"@type\":\"WebPage\",\"@id\":\"https:\\\/\\\/shop.bantam.ch\\\/fr\\\/produit\\\/cartouche-de-filtre-a-eau-mycleanwater\\\/\",\"url\":\"https:\\\/\\\/shop.bantam.ch\\\/fr\\\/produit\\\/cartouche-de-filtre-a-eau-mycleanwater\\\/\",\"name\":\"Cartouche easydriver pour filtre d\u2019eau mycleanwater - Bantam\",\"isPartOf\":{\"@id\":\"https:\\\/\\\/shop.bantam.ch\\\/fr\\\/#website\"},\"primaryImageOfPage\":{\"@id\":\"https:\\\/\\\/shop.bantam.ch\\\/fr\\\/produit\\\/cartouche-de-filtre-a-eau-mycleanwater\\\/#primaryimage\"},\"image\":{\"@id\":\"https:\\\/\\\/shop.bantam.ch\\\/fr\\\/produit\\\/cartouche-de-filtre-a-eau-mycleanwater\\\/#primaryimage\"},\"thumbnailUrl\":\"https:\\\/\\\/shop.bantam.ch\\\/wp-content\\\/uploads\\\/2023\\\/02\\\/998460011.jpg\",\"datePublished\":\"2023-02-28T21:55:31+00:00\",\"dateModified\":\"2026-05-01T19:45:59+00:00\",\"breadcrumb\":{\"@id\":\"https:\\\/\\\/shop.bantam.ch\\\/fr\\\/produit\\\/cartouche-de-filtre-a-eau-mycleanwater\\\/#breadcrumb\"},\"inLanguage\":\"fr-FR\",\"potentialAction\":[{\"@type\":\"ReadAction\",\"target\":[\"https:\\\/\\\/shop.bantam.ch\\\/fr\\\/produit\\\/cartouche-de-filtre-a-eau-mycleanwater\\\/\"]}]},{\"@type\":\"ImageObject\",\"inLanguage\":\"fr-FR\",\"@id\":\"https:\\\/\\\/shop.bantam.ch\\\/fr\\\/produit\\\/cartouche-de-filtre-a-eau-mycleanwater\\\/#primaryimage\",\"url\":\"https:\\\/\\\/shop.bantam.ch\\\/wp-content\\\/uploads\\\/2023\\\/02\\\/998460011.jpg\",\"contentUrl\":\"https:\\\/\\\/shop.bantam.ch\\\/wp-content\\\/uploads\\\/2023\\\/02\\\/998460011.jpg\",\"width\":1000,\"height\":805},{\"@type\":\"BreadcrumbList\",\"@id\":\"https:\\\/\\\/shop.bantam.ch\\\/fr\\\/produit\\\/cartouche-de-filtre-a-eau-mycleanwater\\\/#breadcrumb\",\"itemListElement\":[{\"@type\":\"ListItem\",\"position\":1,\"name\":\"Accueil\",\"item\":\"https:\\\/\\\/shop.bantam.ch\\\/fr\\\/\"},{\"@type\":\"ListItem\",\"position\":2,\"name\":\"Boutique\",\"item\":\"https:\\\/\\\/shop.bantam.ch\\\/fr\\\/boutique\\\/\"},{\"@type\":\"ListItem\",\"position\":3,\"name\":\"Cartouche easydriver pour filtre d\u2019eau mycleanwater\"}]},{\"@type\":\"WebSite\",\"@id\":\"https:\\\/\\\/shop.bantam.ch\\\/fr\\\/#website\",\"url\":\"https:\\\/\\\/shop.bantam.ch\\\/fr\\\/\",\"name\":\"Bantam\",\"description\":\"\",\"publisher\":{\"@id\":\"https:\\\/\\\/shop.bantam.ch\\\/fr\\\/#organization\"},\"inLanguage\":\"fr-FR\"},{\"@type\":\"Organization\",\"@id\":\"https:\\\/\\\/shop.bantam.ch\\\/fr\\\/#organization\",\"name\":\"Bantam\",\"url\":\"https:\\\/\\\/shop.bantam.ch\\\/fr\\\/\",\"logo\":{\"@type\":\"ImageObject\",\"inLanguage\":\"fr-FR\",\"@id\":\"https:\\\/\\\/shop.bantam.ch\\\/fr\\\/#\\\/schema\\\/logo\\\/image\\\/\",\"url\":\"https:\\\/\\\/shop.bantam.ch\\\/wp-content\\\/uploads\\\/2022\\\/12\\\/bantam-logo.png\",\"contentUrl\":\"https:\\\/\\\/shop.bantam.ch\\\/wp-content\\\/uploads\\\/2022\\\/12\\\/bantam-logo.png\",\"width\":320,\"height\":71,\"caption\":\"Bantam\"},\"image\":{\"@id\":\"https:\\\/\\\/shop.bantam.ch\\\/fr\\\/#\\\/schema\\\/logo\\\/image\\\/\"}}]}<\/script>\n<!-- \/ Yoast SEO plugin. -->","yoast_head_json":{"title":"Cartouche easydriver pour filtre d\u2019eau mycleanwater - Bantam","robots":{"index":"index","follow":"follow","max-snippet":"max-snippet:-1","max-image-preview":"max-image-preview:large","max-video-preview":"max-video-preview:-1"},"canonical":"https:\/\/shop.bantam.ch\/fr\/produit\/cartouche-de-filtre-a-eau-mycleanwater\/","og_locale":"fr_FR","og_type":"article","og_title":"Cartouche easydriver pour filtre d\u2019eau mycleanwater - Bantam","og_description":"\u00c9change de la cartouche de filtre n\u00e9cessaire seulement apr\u00e8s une saison de camping (ou au bout de 12\u00a0mois) &#8211; le bo\u00eetier reste utilisable. Vraiment durable\u00a0: notre syst\u00e8me de cartouches intelligent permet de r\u00e9duire les d\u00e9chets plastiques de 80\u00a0%.","og_url":"https:\/\/shop.bantam.ch\/fr\/produit\/cartouche-de-filtre-a-eau-mycleanwater\/","og_site_name":"Bantam","article_modified_time":"2026-05-01T19:45:59+00:00","og_image":[{"width":1000,"height":805,"url":"https:\/\/shop.bantam.ch\/wp-content\/uploads\/2023\/02\/998460011.jpg","type":"image\/jpeg"}],"twitter_card":"summary_large_image","schema":{"@context":"https:\/\/schema.org","@graph":[{"@type":"WebPage","@id":"https:\/\/shop.bantam.ch\/fr\/produit\/cartouche-de-filtre-a-eau-mycleanwater\/","url":"https:\/\/shop.bantam.ch\/fr\/produit\/cartouche-de-filtre-a-eau-mycleanwater\/","name":"Cartouche easydriver pour filtre d\u2019eau mycleanwater - Bantam","isPartOf":{"@id":"https:\/\/shop.bantam.ch\/fr\/#website"},"primaryImageOfPage":{"@id":"https:\/\/shop.bantam.ch\/fr\/produit\/cartouche-de-filtre-a-eau-mycleanwater\/#primaryimage"},"image":{"@id":"https:\/\/shop.bantam.ch\/fr\/produit\/cartouche-de-filtre-a-eau-mycleanwater\/#primaryimage"},"thumbnailUrl":"https:\/\/shop.bantam.ch\/wp-content\/uploads\/2023\/02\/998460011.jpg","datePublished":"2023-02-28T21:55:31+00:00","dateModified":"2026-05-01T19:45:59+00:00","breadcrumb":{"@id":"https:\/\/shop.bantam.ch\/fr\/produit\/cartouche-de-filtre-a-eau-mycleanwater\/#breadcrumb"},"inLanguage":"fr-FR","potentialAction":[{"@type":"ReadAction","target":["https:\/\/shop.bantam.ch\/fr\/produit\/cartouche-de-filtre-a-eau-mycleanwater\/"]}]},{"@type":"ImageObject","inLanguage":"fr-FR","@id":"https:\/\/shop.bantam.ch\/fr\/produit\/cartouche-de-filtre-a-eau-mycleanwater\/#primaryimage","url":"https:\/\/shop.bantam.ch\/wp-content\/uploads\/2023\/02\/998460011.jpg","contentUrl":"https:\/\/shop.bantam.ch\/wp-content\/uploads\/2023\/02\/998460011.jpg","width":1000,"height":805},{"@type":"BreadcrumbList","@id":"https:\/\/shop.bantam.ch\/fr\/produit\/cartouche-de-filtre-a-eau-mycleanwater\/#breadcrumb","itemListElement":[{"@type":"ListItem","position":1,"name":"Accueil","item":"https:\/\/shop.bantam.ch\/fr\/"},{"@type":"ListItem","position":2,"name":"Boutique","item":"https:\/\/shop.bantam.ch\/fr\/boutique\/"},{"@type":"ListItem","position":3,"name":"Cartouche easydriver pour filtre d\u2019eau mycleanwater"}]},{"@type":"WebSite","@id":"https:\/\/shop.bantam.ch\/fr\/#website","url":"https:\/\/shop.bantam.ch\/fr\/","name":"Bantam","description":"","publisher":{"@id":"https:\/\/shop.bantam.ch\/fr\/#organization"},"inLanguage":"fr-FR"},{"@type":"Organization","@id":"https:\/\/shop.bantam.ch\/fr\/#organization","name":"Bantam","url":"https:\/\/shop.bantam.ch\/fr\/","logo":{"@type":"ImageObject","inLanguage":"fr-FR","@id":"https:\/\/shop.bantam.ch\/fr\/#\/schema\/logo\/image\/","url":"https:\/\/shop.bantam.ch\/wp-content\/uploads\/2022\/12\/bantam-logo.png","contentUrl":"https:\/\/shop.bantam.ch\/wp-content\/uploads\/2022\/12\/bantam-logo.png","width":320,"height":71,"caption":"Bantam"},"image":{"@id":"https:\/\/shop.bantam.ch\/fr\/#\/schema\/logo\/image\/"}}]}},"_links":{"self":[{"href":"https:\/\/shop.bantam.ch\/fr\/wp-json\/wp\/v2\/product\/118828","targetHints":{"allow":["GET"]}}],"collection":[{"href":"https:\/\/shop.bantam.ch\/fr\/wp-json\/wp\/v2\/product"}],"about":[{"href":"https:\/\/shop.bantam.ch\/fr\/wp-json\/wp\/v2\/types\/product"}],"wp:featuredmedia":[{"embeddable":true,"href":"https:\/\/shop.bantam.ch\/fr\/wp-json\/wp\/v2\/media\/118826"}],"wp:attachment":[{"href":"https:\/\/shop.bantam.ch\/fr\/wp-json\/wp\/v2\/media?parent=118828"}],"wp:term":[{"taxonomy":"product_featured_cat","embeddable":true,"href":"https:\/\/shop.bantam.ch\/fr\/wp-json\/wp\/v2\/product_featured_cat?post=118828"},{"taxonomy":"product_brand","embeddable":true,"href":"https:\/\/shop.bantam.ch\/fr\/wp-json\/wp\/v2\/product_brand?post=118828"},{"taxonomy":"product_cat","embeddable":true,"href":"https:\/\/shop.bantam.ch\/fr\/wp-json\/wp\/v2\/product_cat?post=118828"},{"taxonomy":"product_tag","embeddable":true,"href":"https:\/\/shop.bantam.ch\/fr\/wp-json\/wp\/v2\/product_tag?post=118828"}],"curies":[{"name":"wp","href":"https:\/\/api.w.org\/{rel}","templated":true}]}}