{"id":118820,"date":"2023-02-28T22:55:21","date_gmt":"2023-02-28T21:55:21","guid":{"rendered":"https:\/\/shop.bantam.ch\/produit\/aerosol-dextinction-dincendie-universel\/"},"modified":"2026-04-21T21:48:12","modified_gmt":"2026-04-21T19:48:12","slug":"aerosol-dextinction-dincendie-universel","status":"publish","type":"product","link":"https:\/\/shop.bantam.ch\/fr\/produit\/aerosol-dextinction-dincendie-universel\/","title":{"rendered":"Spray anti-incendie Prymos Universel contenance 0,6 l"},"content":{"rendered":"<p>Id\u00e9al pour \u00e9teindre des flammes sur les meubles, le barbecue de jardin, les plastiques, des textiles ou des combustibles liquides.<\/p>\n<ul>\n<li>R\u00e9sistant au gel jusqu\u2019\u00e0 + 5\u00a0\u00b0C<\/li>\n<li>R\u00e9sistant \u00e0 la chaleur jusqu&rsquo;\u00e0 50\u00a0\u00b0C<\/li>\n<li>100 % sans maintenance<\/li>\n<li>Dur\u00e9e de conservation\u00a0: 5\u00a0ans<\/li>\n<\/ul>\n<p>Convient pour :<\/p>\n<ul>\n<li>Papier \/ carton<\/li>\n<li>Meubles \/ rideaux<\/li>\n<li>Po\u00eales \/ friteuses (jusqu\u2019\u00e0 15\u00a0litres)<\/li>\n<li>Grill<\/li>\n<li>Appareils \u00e9lectriques \/ c\u00e2bles<\/li>\n<li>Plastiques \/ textiles<\/li>\n<li>Combustibles liquides<\/li>\n<\/ul>\n<p>Contr\u00f4l\u00e9 par le MPA sur la base de la norme DIN SPEC 14411<\/p>\n<ul>\n<li>Utilisation simple et intuitive<\/li>\n<li>Niveau de certification le plus \u00e9lev\u00e9 au monde<\/li>\n<li>Op\u00e9rationnel pendant 5\u00a0ans sans maintenance<\/li>\n<li>Plage de temp\u00e9rature de fonctionnement\u00a0: +5 \u00e0 +60\u00a0\u00b0C<\/li>\n<li>Port\u00e9e\u00a0: env. 3\u00a0m<\/li>\n<li>Temps d\u2019aspersion\u00a0: env. 22 secondes<\/li>\n<\/ul>\n","protected":false},"excerpt":{"rendered":"<p>Id\u00e9al pour \u00e9teindre des flammes sur les meubles, le barbecue de jardin, les plastiques, des textiles ou des combustibles liquides. R\u00e9sistant au gel jusqu\u2019\u00e0 + 5\u00a0\u00b0C R\u00e9sistant \u00e0 la chaleur jusqu&rsquo;\u00e0 50\u00a0\u00b0C 100 % sans maintenance Dur\u00e9e de conservation\u00a0: 5\u00a0ans Convient pour : Papier \/ carton Meubles \/ rideaux Po\u00eales \/ friteuses (jusqu\u2019\u00e0 15\u00a0litres) Grill [&hellip;]<\/p>\n","protected":false},"featured_media":118816,"template":"","meta":{"_acf_changed":false},"product_featured_cat":[],"product_brand":[3592],"product_cat":[4659],"product_tag":[],"class_list":{"0":"post-118820","1":"product","2":"type-product","3":"status-publish","4":"has-post-thumbnail","6":"product_brand-prymos","7":"product_cat-extincteurs","9":"first","10":"instock","11":"taxable","12":"shipping-taxable","13":"purchasable","14":"product-type-simple"},"acf":[],"yoast_head":"<!-- This site is optimized with the Yoast SEO plugin v27.4 - https:\/\/yoast.com\/product\/yoast-seo-wordpress\/ -->\n<title>Spray anti-incendie Prymos Universel contenance 0,6 l - Bantam Wankm\u00fcller SA<\/title>\n<meta name=\"robots\" content=\"index, follow, max-snippet:-1, max-image-preview:large, max-video-preview:-1\" \/>\n<link rel=\"canonical\" href=\"https:\/\/shop.bantam.ch\/fr\/produit\/aerosol-dextinction-dincendie-universel\/\" \/>\n<meta property=\"og:locale\" content=\"fr_FR\" \/>\n<meta property=\"og:type\" content=\"article\" \/>\n<meta property=\"og:title\" content=\"Spray anti-incendie Prymos Universel contenance 0,6 l - Bantam Wankm\u00fcller SA\" \/>\n<meta property=\"og:description\" content=\"Id\u00e9al pour \u00e9teindre des flammes sur les meubles, le barbecue de jardin, les plastiques, des textiles ou des combustibles liquides. R\u00e9sistant au gel jusqu\u2019\u00e0 + 5\u00a0\u00b0C R\u00e9sistant \u00e0 la chaleur jusqu&rsquo;\u00e0 50\u00a0\u00b0C 100 % sans maintenance Dur\u00e9e de conservation\u00a0: 5\u00a0ans Convient pour : Papier \/ carton Meubles \/ rideaux Po\u00eales \/ friteuses (jusqu\u2019\u00e0 15\u00a0litres) Grill [&hellip;]\" \/>\n<meta property=\"og:url\" content=\"https:\/\/shop.bantam.ch\/fr\/produit\/aerosol-dextinction-dincendie-universel\/\" \/>\n<meta property=\"og:site_name\" content=\"Bantam Wankm\u00fcller SA\" \/>\n<meta property=\"article:modified_time\" content=\"2026-04-21T19:48:12+00:00\" \/>\n<meta property=\"og:image\" content=\"https:\/\/shop.bantam.ch\/wp-content\/uploads\/2023\/02\/9944517100.jpg\" \/>\n\t<meta property=\"og:image:width\" content=\"297\" \/>\n\t<meta property=\"og:image:height\" content=\"1000\" \/>\n\t<meta property=\"og:image:type\" content=\"image\/jpeg\" \/>\n<meta name=\"twitter:card\" content=\"summary_large_image\" \/>\n<meta name=\"twitter:label1\" content=\"Dur\u00e9e de lecture estim\u00e9e\" \/>\n\t<meta name=\"twitter:data1\" content=\"1 minute\" \/>\n<script type=\"application\/ld+json\" class=\"yoast-schema-graph\">{\"@context\":\"https:\\\/\\\/schema.org\",\"@graph\":[{\"@type\":\"WebPage\",\"@id\":\"https:\\\/\\\/shop.bantam.ch\\\/fr\\\/produit\\\/aerosol-dextinction-dincendie-universel\\\/\",\"url\":\"https:\\\/\\\/shop.bantam.ch\\\/fr\\\/produit\\\/aerosol-dextinction-dincendie-universel\\\/\",\"name\":\"Spray anti-incendie Prymos Universel contenance 0,6 l - Bantam Wankm\u00fcller SA\",\"isPartOf\":{\"@id\":\"https:\\\/\\\/shop.bantam.ch\\\/fr\\\/#website\"},\"primaryImageOfPage\":{\"@id\":\"https:\\\/\\\/shop.bantam.ch\\\/fr\\\/produit\\\/aerosol-dextinction-dincendie-universel\\\/#primaryimage\"},\"image\":{\"@id\":\"https:\\\/\\\/shop.bantam.ch\\\/fr\\\/produit\\\/aerosol-dextinction-dincendie-universel\\\/#primaryimage\"},\"thumbnailUrl\":\"https:\\\/\\\/shop.bantam.ch\\\/wp-content\\\/uploads\\\/2023\\\/02\\\/9944517100.jpg\",\"datePublished\":\"2023-02-28T21:55:21+00:00\",\"dateModified\":\"2026-04-21T19:48:12+00:00\",\"breadcrumb\":{\"@id\":\"https:\\\/\\\/shop.bantam.ch\\\/fr\\\/produit\\\/aerosol-dextinction-dincendie-universel\\\/#breadcrumb\"},\"inLanguage\":\"fr-FR\",\"potentialAction\":[{\"@type\":\"ReadAction\",\"target\":[\"https:\\\/\\\/shop.bantam.ch\\\/fr\\\/produit\\\/aerosol-dextinction-dincendie-universel\\\/\"]}]},{\"@type\":\"ImageObject\",\"inLanguage\":\"fr-FR\",\"@id\":\"https:\\\/\\\/shop.bantam.ch\\\/fr\\\/produit\\\/aerosol-dextinction-dincendie-universel\\\/#primaryimage\",\"url\":\"https:\\\/\\\/shop.bantam.ch\\\/wp-content\\\/uploads\\\/2023\\\/02\\\/9944517100.jpg\",\"contentUrl\":\"https:\\\/\\\/shop.bantam.ch\\\/wp-content\\\/uploads\\\/2023\\\/02\\\/9944517100.jpg\",\"width\":297,\"height\":1000},{\"@type\":\"BreadcrumbList\",\"@id\":\"https:\\\/\\\/shop.bantam.ch\\\/fr\\\/produit\\\/aerosol-dextinction-dincendie-universel\\\/#breadcrumb\",\"itemListElement\":[{\"@type\":\"ListItem\",\"position\":1,\"name\":\"Accueil\",\"item\":\"https:\\\/\\\/shop.bantam.ch\\\/fr\\\/\"},{\"@type\":\"ListItem\",\"position\":2,\"name\":\"Boutique\",\"item\":\"https:\\\/\\\/shop.bantam.ch\\\/fr\\\/boutique\\\/\"},{\"@type\":\"ListItem\",\"position\":3,\"name\":\"Spray anti-incendie Prymos Universel contenance 0,6 l\"}]},{\"@type\":\"WebSite\",\"@id\":\"https:\\\/\\\/shop.bantam.ch\\\/fr\\\/#website\",\"url\":\"https:\\\/\\\/shop.bantam.ch\\\/fr\\\/\",\"name\":\"Bantam Wankm\u00fcller SA\",\"description\":\"\",\"publisher\":{\"@id\":\"https:\\\/\\\/shop.bantam.ch\\\/fr\\\/#organization\"},\"inLanguage\":\"fr-FR\"},{\"@type\":\"Organization\",\"@id\":\"https:\\\/\\\/shop.bantam.ch\\\/fr\\\/#organization\",\"name\":\"Bantam Wankm\u00fcller SA\",\"url\":\"https:\\\/\\\/shop.bantam.ch\\\/fr\\\/\",\"logo\":{\"@type\":\"ImageObject\",\"inLanguage\":\"fr-FR\",\"@id\":\"https:\\\/\\\/shop.bantam.ch\\\/fr\\\/#\\\/schema\\\/logo\\\/image\\\/\",\"url\":\"https:\\\/\\\/shop.bantam.ch\\\/wp-content\\\/uploads\\\/2022\\\/12\\\/bantam-logo.png\",\"contentUrl\":\"https:\\\/\\\/shop.bantam.ch\\\/wp-content\\\/uploads\\\/2022\\\/12\\\/bantam-logo.png\",\"width\":320,\"height\":71,\"caption\":\"Bantam Wankm\u00fcller SA\"},\"image\":{\"@id\":\"https:\\\/\\\/shop.bantam.ch\\\/fr\\\/#\\\/schema\\\/logo\\\/image\\\/\"}}]}<\/script>\n<!-- \/ Yoast SEO plugin. -->","yoast_head_json":{"title":"Spray anti-incendie Prymos Universel contenance 0,6 l - Bantam Wankm\u00fcller SA","robots":{"index":"index","follow":"follow","max-snippet":"max-snippet:-1","max-image-preview":"max-image-preview:large","max-video-preview":"max-video-preview:-1"},"canonical":"https:\/\/shop.bantam.ch\/fr\/produit\/aerosol-dextinction-dincendie-universel\/","og_locale":"fr_FR","og_type":"article","og_title":"Spray anti-incendie Prymos Universel contenance 0,6 l - Bantam Wankm\u00fcller SA","og_description":"Id\u00e9al pour \u00e9teindre des flammes sur les meubles, le barbecue de jardin, les plastiques, des textiles ou des combustibles liquides. R\u00e9sistant au gel jusqu\u2019\u00e0 + 5\u00a0\u00b0C R\u00e9sistant \u00e0 la chaleur jusqu&rsquo;\u00e0 50\u00a0\u00b0C 100 % sans maintenance Dur\u00e9e de conservation\u00a0: 5\u00a0ans Convient pour : Papier \/ carton Meubles \/ rideaux Po\u00eales \/ friteuses (jusqu\u2019\u00e0 15\u00a0litres) Grill [&hellip;]","og_url":"https:\/\/shop.bantam.ch\/fr\/produit\/aerosol-dextinction-dincendie-universel\/","og_site_name":"Bantam Wankm\u00fcller SA","article_modified_time":"2026-04-21T19:48:12+00:00","og_image":[{"width":297,"height":1000,"url":"https:\/\/shop.bantam.ch\/wp-content\/uploads\/2023\/02\/9944517100.jpg","type":"image\/jpeg"}],"twitter_card":"summary_large_image","twitter_misc":{"Dur\u00e9e de lecture estim\u00e9e":"1 minute"},"schema":{"@context":"https:\/\/schema.org","@graph":[{"@type":"WebPage","@id":"https:\/\/shop.bantam.ch\/fr\/produit\/aerosol-dextinction-dincendie-universel\/","url":"https:\/\/shop.bantam.ch\/fr\/produit\/aerosol-dextinction-dincendie-universel\/","name":"Spray anti-incendie Prymos Universel contenance 0,6 l - Bantam Wankm\u00fcller SA","isPartOf":{"@id":"https:\/\/shop.bantam.ch\/fr\/#website"},"primaryImageOfPage":{"@id":"https:\/\/shop.bantam.ch\/fr\/produit\/aerosol-dextinction-dincendie-universel\/#primaryimage"},"image":{"@id":"https:\/\/shop.bantam.ch\/fr\/produit\/aerosol-dextinction-dincendie-universel\/#primaryimage"},"thumbnailUrl":"https:\/\/shop.bantam.ch\/wp-content\/uploads\/2023\/02\/9944517100.jpg","datePublished":"2023-02-28T21:55:21+00:00","dateModified":"2026-04-21T19:48:12+00:00","breadcrumb":{"@id":"https:\/\/shop.bantam.ch\/fr\/produit\/aerosol-dextinction-dincendie-universel\/#breadcrumb"},"inLanguage":"fr-FR","potentialAction":[{"@type":"ReadAction","target":["https:\/\/shop.bantam.ch\/fr\/produit\/aerosol-dextinction-dincendie-universel\/"]}]},{"@type":"ImageObject","inLanguage":"fr-FR","@id":"https:\/\/shop.bantam.ch\/fr\/produit\/aerosol-dextinction-dincendie-universel\/#primaryimage","url":"https:\/\/shop.bantam.ch\/wp-content\/uploads\/2023\/02\/9944517100.jpg","contentUrl":"https:\/\/shop.bantam.ch\/wp-content\/uploads\/2023\/02\/9944517100.jpg","width":297,"height":1000},{"@type":"BreadcrumbList","@id":"https:\/\/shop.bantam.ch\/fr\/produit\/aerosol-dextinction-dincendie-universel\/#breadcrumb","itemListElement":[{"@type":"ListItem","position":1,"name":"Accueil","item":"https:\/\/shop.bantam.ch\/fr\/"},{"@type":"ListItem","position":2,"name":"Boutique","item":"https:\/\/shop.bantam.ch\/fr\/boutique\/"},{"@type":"ListItem","position":3,"name":"Spray anti-incendie Prymos Universel contenance 0,6 l"}]},{"@type":"WebSite","@id":"https:\/\/shop.bantam.ch\/fr\/#website","url":"https:\/\/shop.bantam.ch\/fr\/","name":"Bantam Wankm\u00fcller SA","description":"","publisher":{"@id":"https:\/\/shop.bantam.ch\/fr\/#organization"},"inLanguage":"fr-FR"},{"@type":"Organization","@id":"https:\/\/shop.bantam.ch\/fr\/#organization","name":"Bantam Wankm\u00fcller SA","url":"https:\/\/shop.bantam.ch\/fr\/","logo":{"@type":"ImageObject","inLanguage":"fr-FR","@id":"https:\/\/shop.bantam.ch\/fr\/#\/schema\/logo\/image\/","url":"https:\/\/shop.bantam.ch\/wp-content\/uploads\/2022\/12\/bantam-logo.png","contentUrl":"https:\/\/shop.bantam.ch\/wp-content\/uploads\/2022\/12\/bantam-logo.png","width":320,"height":71,"caption":"Bantam Wankm\u00fcller SA"},"image":{"@id":"https:\/\/shop.bantam.ch\/fr\/#\/schema\/logo\/image\/"}}]}},"_links":{"self":[{"href":"https:\/\/shop.bantam.ch\/fr\/wp-json\/wp\/v2\/product\/118820","targetHints":{"allow":["GET"]}}],"collection":[{"href":"https:\/\/shop.bantam.ch\/fr\/wp-json\/wp\/v2\/product"}],"about":[{"href":"https:\/\/shop.bantam.ch\/fr\/wp-json\/wp\/v2\/types\/product"}],"wp:featuredmedia":[{"embeddable":true,"href":"https:\/\/shop.bantam.ch\/fr\/wp-json\/wp\/v2\/media\/118816"}],"wp:attachment":[{"href":"https:\/\/shop.bantam.ch\/fr\/wp-json\/wp\/v2\/media?parent=118820"}],"wp:term":[{"taxonomy":"product_featured_cat","embeddable":true,"href":"https:\/\/shop.bantam.ch\/fr\/wp-json\/wp\/v2\/product_featured_cat?post=118820"},{"taxonomy":"product_brand","embeddable":true,"href":"https:\/\/shop.bantam.ch\/fr\/wp-json\/wp\/v2\/product_brand?post=118820"},{"taxonomy":"product_cat","embeddable":true,"href":"https:\/\/shop.bantam.ch\/fr\/wp-json\/wp\/v2\/product_cat?post=118820"},{"taxonomy":"product_tag","embeddable":true,"href":"https:\/\/shop.bantam.ch\/fr\/wp-json\/wp\/v2\/product_tag?post=118820"}],"curies":[{"name":"wp","href":"https:\/\/api.w.org\/{rel}","templated":true}]}}