{"id":118788,"date":"2023-02-28T22:54:39","date_gmt":"2023-02-28T21:54:39","guid":{"rendered":"https:\/\/shop.bantam.ch\/produit\/lanterneau-vent-f-pro\/"},"modified":"2026-04-20T21:48:32","modified_gmt":"2026-04-20T19:48:32","slug":"lanterneau-vent-f-pro","status":"publish","type":"product","link":"https:\/\/shop.bantam.ch\/fr\/produit\/lanterneau-vent-f-pro\/","title":{"rendered":"Lanterneau FIAMMA Vent F Pro Dim. montage 40 x 40 mm"},"content":{"rendered":"<p>Comme une fen\u00eatre dans le toit, une ventilation rapide et naturelle est garantie. L&rsquo;ajout du kit facultatif Turbo Vent permet de convertir le lanterneau en ventilateur motoris\u00e9, vous offrant une alternative efficace \u00e0 un climatiseur.<\/p>\n<p>Caract\u00e9ristiques techniques :<\/p>\n<ul>\n<li>Fixation plus facile et plus rapide, avec cadre et contre-cadre int\u00e9rieur<\/li>\n<li>Double bras pour une ouverture uniforme de la couverture de toit<\/li>\n<li>L&rsquo;ouverture et la fermeture sont, gr\u00e2ce \u00e0 la manivelle ergonomique, des op\u00e9rations simples, simultan\u00e9es et silencieuses<\/li>\n<li>La moustiquaire peut \u00eatre enlev\u00e9e pour faciliter l&rsquo;entretien et le nettoyage<\/li>\n<li>\u00c9quip\u00e9 de crochets de s\u00e9curit\u00e9 qui emp\u00eachent l&rsquo;ouverture accidentelle du couvercle<\/li>\n<li>La forme a\u00e9rodynamique ne n\u00e9cessite pas de spoiler suppl\u00e9mentaire<\/li>\n<li>Dimensions ext\u00e9rieures : 56,6 \u00d7 53,1 \u00d7 9,2\u00a0cm (L \u00d7 l \u00d7 H)<\/li>\n<li>Dim. montage\u00a0: 40 \u00d7 40\u00a0mm (L \u00d7 l)<\/li>\n<li>Dimensions int\u00e9rieures\u00a0: 49 \u00d7 48,6 \u00d7 3,5\u00a0cm (L \u00d7 l \u00d7 h)<\/li>\n<li>\u00c9paisseur de toit\u00a0: 28 \u00e0 55\u00a0mm<\/li>\n<\/ul>\n<p>Les avantages\u00a0:<\/p>\n<ul>\n<li>Nouveau design, moderne et a\u00e9rodynamique<\/li>\n<li>Assemblage en sandwich, fiabilit\u00e9 maximale<\/li>\n<li>Moustiquaire amovible et assombrissant pliss\u00e9<\/li>\n<li>Poign\u00e9es \u00e0 double ouverture pour une stabilit\u00e9 maximale de la hotte<\/li>\n<li>Mat\u00e9riau de haute qualit\u00e9, certification ECE R43<\/li>\n<li>\u00c0 monter sur des toits d\u2019\u00e9paisseurs 28 \u00e0 55\u00a0mm<\/li>\n<li>Kit d\u2019a\u00e9ration avec moteur 12\u00a0V en option<\/li>\n<\/ul>\n","protected":false},"excerpt":{"rendered":"<p>Comme une fen\u00eatre dans le toit, une ventilation rapide et naturelle est garantie. L&rsquo;ajout du kit facultatif Turbo Vent permet de convertir le lanterneau en ventilateur motoris\u00e9, vous offrant une alternative efficace \u00e0 un climatiseur. Caract\u00e9ristiques techniques : Fixation plus facile et plus rapide, avec cadre et contre-cadre int\u00e9rieur Double bras pour une ouverture uniforme [&hellip;]<\/p>\n","protected":false},"featured_media":118782,"template":"","meta":{"_acf_changed":false},"product_featured_cat":[],"product_brand":[3034],"product_cat":[5041],"product_tag":[],"class_list":{"0":"post-118788","1":"product","2":"type-product","3":"status-publish","4":"has-post-thumbnail","6":"product_brand-fiamma","7":"product_cat-capots-de-rechange","9":"first","10":"instock","11":"taxable","12":"shipping-taxable","13":"purchasable","14":"product-type-simple"},"acf":[],"yoast_head":"<!-- This site is optimized with the Yoast SEO plugin v27.4 - https:\/\/yoast.com\/product\/yoast-seo-wordpress\/ -->\n<title>Lanterneau FIAMMA Vent F Pro Dim. montage 40 x 40 mm - Bantam Wankm\u00fcller SA<\/title>\n<meta name=\"robots\" content=\"index, follow, max-snippet:-1, max-image-preview:large, max-video-preview:-1\" \/>\n<link rel=\"canonical\" href=\"https:\/\/shop.bantam.ch\/fr\/produit\/lanterneau-vent-f-pro\/\" \/>\n<meta property=\"og:locale\" content=\"fr_FR\" \/>\n<meta property=\"og:type\" content=\"article\" \/>\n<meta property=\"og:title\" content=\"Lanterneau FIAMMA Vent F Pro Dim. montage 40 x 40 mm - Bantam Wankm\u00fcller SA\" \/>\n<meta property=\"og:description\" content=\"Comme une fen\u00eatre dans le toit, une ventilation rapide et naturelle est garantie. L&rsquo;ajout du kit facultatif Turbo Vent permet de convertir le lanterneau en ventilateur motoris\u00e9, vous offrant une alternative efficace \u00e0 un climatiseur. Caract\u00e9ristiques techniques : Fixation plus facile et plus rapide, avec cadre et contre-cadre int\u00e9rieur Double bras pour une ouverture uniforme [&hellip;]\" \/>\n<meta property=\"og:url\" content=\"https:\/\/shop.bantam.ch\/fr\/produit\/lanterneau-vent-f-pro\/\" \/>\n<meta property=\"og:site_name\" content=\"Bantam Wankm\u00fcller SA\" \/>\n<meta property=\"article:modified_time\" content=\"2026-04-20T19:48:32+00:00\" \/>\n<meta property=\"og:image\" content=\"https:\/\/shop.bantam.ch\/wp-content\/uploads\/2023\/02\/994451612.jpg\" \/>\n\t<meta property=\"og:image:width\" content=\"1000\" \/>\n\t<meta property=\"og:image:height\" content=\"874\" \/>\n\t<meta property=\"og:image:type\" content=\"image\/jpeg\" \/>\n<meta name=\"twitter:card\" content=\"summary_large_image\" \/>\n<meta name=\"twitter:label1\" content=\"Dur\u00e9e de lecture estim\u00e9e\" \/>\n\t<meta name=\"twitter:data1\" content=\"1 minute\" \/>\n<script type=\"application\/ld+json\" class=\"yoast-schema-graph\">{\"@context\":\"https:\\\/\\\/schema.org\",\"@graph\":[{\"@type\":\"WebPage\",\"@id\":\"https:\\\/\\\/shop.bantam.ch\\\/fr\\\/produit\\\/lanterneau-vent-f-pro\\\/\",\"url\":\"https:\\\/\\\/shop.bantam.ch\\\/fr\\\/produit\\\/lanterneau-vent-f-pro\\\/\",\"name\":\"Lanterneau FIAMMA Vent F Pro Dim. montage 40 x 40 mm - Bantam Wankm\u00fcller SA\",\"isPartOf\":{\"@id\":\"https:\\\/\\\/shop.bantam.ch\\\/fr\\\/#website\"},\"primaryImageOfPage\":{\"@id\":\"https:\\\/\\\/shop.bantam.ch\\\/fr\\\/produit\\\/lanterneau-vent-f-pro\\\/#primaryimage\"},\"image\":{\"@id\":\"https:\\\/\\\/shop.bantam.ch\\\/fr\\\/produit\\\/lanterneau-vent-f-pro\\\/#primaryimage\"},\"thumbnailUrl\":\"https:\\\/\\\/shop.bantam.ch\\\/wp-content\\\/uploads\\\/2023\\\/02\\\/994451612.jpg\",\"datePublished\":\"2023-02-28T21:54:39+00:00\",\"dateModified\":\"2026-04-20T19:48:32+00:00\",\"breadcrumb\":{\"@id\":\"https:\\\/\\\/shop.bantam.ch\\\/fr\\\/produit\\\/lanterneau-vent-f-pro\\\/#breadcrumb\"},\"inLanguage\":\"fr-FR\",\"potentialAction\":[{\"@type\":\"ReadAction\",\"target\":[\"https:\\\/\\\/shop.bantam.ch\\\/fr\\\/produit\\\/lanterneau-vent-f-pro\\\/\"]}]},{\"@type\":\"ImageObject\",\"inLanguage\":\"fr-FR\",\"@id\":\"https:\\\/\\\/shop.bantam.ch\\\/fr\\\/produit\\\/lanterneau-vent-f-pro\\\/#primaryimage\",\"url\":\"https:\\\/\\\/shop.bantam.ch\\\/wp-content\\\/uploads\\\/2023\\\/02\\\/994451612.jpg\",\"contentUrl\":\"https:\\\/\\\/shop.bantam.ch\\\/wp-content\\\/uploads\\\/2023\\\/02\\\/994451612.jpg\",\"width\":1000,\"height\":874},{\"@type\":\"BreadcrumbList\",\"@id\":\"https:\\\/\\\/shop.bantam.ch\\\/fr\\\/produit\\\/lanterneau-vent-f-pro\\\/#breadcrumb\",\"itemListElement\":[{\"@type\":\"ListItem\",\"position\":1,\"name\":\"Accueil\",\"item\":\"https:\\\/\\\/shop.bantam.ch\\\/fr\\\/\"},{\"@type\":\"ListItem\",\"position\":2,\"name\":\"Boutique\",\"item\":\"https:\\\/\\\/shop.bantam.ch\\\/fr\\\/boutique\\\/\"},{\"@type\":\"ListItem\",\"position\":3,\"name\":\"Lanterneau FIAMMA Vent F Pro Dim. montage 40 x 40 mm\"}]},{\"@type\":\"WebSite\",\"@id\":\"https:\\\/\\\/shop.bantam.ch\\\/fr\\\/#website\",\"url\":\"https:\\\/\\\/shop.bantam.ch\\\/fr\\\/\",\"name\":\"Bantam Wankm\u00fcller SA\",\"description\":\"\",\"publisher\":{\"@id\":\"https:\\\/\\\/shop.bantam.ch\\\/fr\\\/#organization\"},\"inLanguage\":\"fr-FR\"},{\"@type\":\"Organization\",\"@id\":\"https:\\\/\\\/shop.bantam.ch\\\/fr\\\/#organization\",\"name\":\"Bantam Wankm\u00fcller SA\",\"url\":\"https:\\\/\\\/shop.bantam.ch\\\/fr\\\/\",\"logo\":{\"@type\":\"ImageObject\",\"inLanguage\":\"fr-FR\",\"@id\":\"https:\\\/\\\/shop.bantam.ch\\\/fr\\\/#\\\/schema\\\/logo\\\/image\\\/\",\"url\":\"https:\\\/\\\/shop.bantam.ch\\\/wp-content\\\/uploads\\\/2022\\\/12\\\/bantam-logo.png\",\"contentUrl\":\"https:\\\/\\\/shop.bantam.ch\\\/wp-content\\\/uploads\\\/2022\\\/12\\\/bantam-logo.png\",\"width\":320,\"height\":71,\"caption\":\"Bantam Wankm\u00fcller SA\"},\"image\":{\"@id\":\"https:\\\/\\\/shop.bantam.ch\\\/fr\\\/#\\\/schema\\\/logo\\\/image\\\/\"}}]}<\/script>\n<!-- \/ Yoast SEO plugin. -->","yoast_head_json":{"title":"Lanterneau FIAMMA Vent F Pro Dim. montage 40 x 40 mm - Bantam Wankm\u00fcller SA","robots":{"index":"index","follow":"follow","max-snippet":"max-snippet:-1","max-image-preview":"max-image-preview:large","max-video-preview":"max-video-preview:-1"},"canonical":"https:\/\/shop.bantam.ch\/fr\/produit\/lanterneau-vent-f-pro\/","og_locale":"fr_FR","og_type":"article","og_title":"Lanterneau FIAMMA Vent F Pro Dim. montage 40 x 40 mm - Bantam Wankm\u00fcller SA","og_description":"Comme une fen\u00eatre dans le toit, une ventilation rapide et naturelle est garantie. L&rsquo;ajout du kit facultatif Turbo Vent permet de convertir le lanterneau en ventilateur motoris\u00e9, vous offrant une alternative efficace \u00e0 un climatiseur. Caract\u00e9ristiques techniques : Fixation plus facile et plus rapide, avec cadre et contre-cadre int\u00e9rieur Double bras pour une ouverture uniforme [&hellip;]","og_url":"https:\/\/shop.bantam.ch\/fr\/produit\/lanterneau-vent-f-pro\/","og_site_name":"Bantam Wankm\u00fcller SA","article_modified_time":"2026-04-20T19:48:32+00:00","og_image":[{"width":1000,"height":874,"url":"https:\/\/shop.bantam.ch\/wp-content\/uploads\/2023\/02\/994451612.jpg","type":"image\/jpeg"}],"twitter_card":"summary_large_image","twitter_misc":{"Dur\u00e9e de lecture estim\u00e9e":"1 minute"},"schema":{"@context":"https:\/\/schema.org","@graph":[{"@type":"WebPage","@id":"https:\/\/shop.bantam.ch\/fr\/produit\/lanterneau-vent-f-pro\/","url":"https:\/\/shop.bantam.ch\/fr\/produit\/lanterneau-vent-f-pro\/","name":"Lanterneau FIAMMA Vent F Pro Dim. montage 40 x 40 mm - Bantam Wankm\u00fcller SA","isPartOf":{"@id":"https:\/\/shop.bantam.ch\/fr\/#website"},"primaryImageOfPage":{"@id":"https:\/\/shop.bantam.ch\/fr\/produit\/lanterneau-vent-f-pro\/#primaryimage"},"image":{"@id":"https:\/\/shop.bantam.ch\/fr\/produit\/lanterneau-vent-f-pro\/#primaryimage"},"thumbnailUrl":"https:\/\/shop.bantam.ch\/wp-content\/uploads\/2023\/02\/994451612.jpg","datePublished":"2023-02-28T21:54:39+00:00","dateModified":"2026-04-20T19:48:32+00:00","breadcrumb":{"@id":"https:\/\/shop.bantam.ch\/fr\/produit\/lanterneau-vent-f-pro\/#breadcrumb"},"inLanguage":"fr-FR","potentialAction":[{"@type":"ReadAction","target":["https:\/\/shop.bantam.ch\/fr\/produit\/lanterneau-vent-f-pro\/"]}]},{"@type":"ImageObject","inLanguage":"fr-FR","@id":"https:\/\/shop.bantam.ch\/fr\/produit\/lanterneau-vent-f-pro\/#primaryimage","url":"https:\/\/shop.bantam.ch\/wp-content\/uploads\/2023\/02\/994451612.jpg","contentUrl":"https:\/\/shop.bantam.ch\/wp-content\/uploads\/2023\/02\/994451612.jpg","width":1000,"height":874},{"@type":"BreadcrumbList","@id":"https:\/\/shop.bantam.ch\/fr\/produit\/lanterneau-vent-f-pro\/#breadcrumb","itemListElement":[{"@type":"ListItem","position":1,"name":"Accueil","item":"https:\/\/shop.bantam.ch\/fr\/"},{"@type":"ListItem","position":2,"name":"Boutique","item":"https:\/\/shop.bantam.ch\/fr\/boutique\/"},{"@type":"ListItem","position":3,"name":"Lanterneau FIAMMA Vent F Pro Dim. montage 40 x 40 mm"}]},{"@type":"WebSite","@id":"https:\/\/shop.bantam.ch\/fr\/#website","url":"https:\/\/shop.bantam.ch\/fr\/","name":"Bantam Wankm\u00fcller SA","description":"","publisher":{"@id":"https:\/\/shop.bantam.ch\/fr\/#organization"},"inLanguage":"fr-FR"},{"@type":"Organization","@id":"https:\/\/shop.bantam.ch\/fr\/#organization","name":"Bantam Wankm\u00fcller SA","url":"https:\/\/shop.bantam.ch\/fr\/","logo":{"@type":"ImageObject","inLanguage":"fr-FR","@id":"https:\/\/shop.bantam.ch\/fr\/#\/schema\/logo\/image\/","url":"https:\/\/shop.bantam.ch\/wp-content\/uploads\/2022\/12\/bantam-logo.png","contentUrl":"https:\/\/shop.bantam.ch\/wp-content\/uploads\/2022\/12\/bantam-logo.png","width":320,"height":71,"caption":"Bantam Wankm\u00fcller SA"},"image":{"@id":"https:\/\/shop.bantam.ch\/fr\/#\/schema\/logo\/image\/"}}]}},"_links":{"self":[{"href":"https:\/\/shop.bantam.ch\/fr\/wp-json\/wp\/v2\/product\/118788","targetHints":{"allow":["GET"]}}],"collection":[{"href":"https:\/\/shop.bantam.ch\/fr\/wp-json\/wp\/v2\/product"}],"about":[{"href":"https:\/\/shop.bantam.ch\/fr\/wp-json\/wp\/v2\/types\/product"}],"wp:featuredmedia":[{"embeddable":true,"href":"https:\/\/shop.bantam.ch\/fr\/wp-json\/wp\/v2\/media\/118782"}],"wp:attachment":[{"href":"https:\/\/shop.bantam.ch\/fr\/wp-json\/wp\/v2\/media?parent=118788"}],"wp:term":[{"taxonomy":"product_featured_cat","embeddable":true,"href":"https:\/\/shop.bantam.ch\/fr\/wp-json\/wp\/v2\/product_featured_cat?post=118788"},{"taxonomy":"product_brand","embeddable":true,"href":"https:\/\/shop.bantam.ch\/fr\/wp-json\/wp\/v2\/product_brand?post=118788"},{"taxonomy":"product_cat","embeddable":true,"href":"https:\/\/shop.bantam.ch\/fr\/wp-json\/wp\/v2\/product_cat?post=118788"},{"taxonomy":"product_tag","embeddable":true,"href":"https:\/\/shop.bantam.ch\/fr\/wp-json\/wp\/v2\/product_tag?post=118788"}],"curies":[{"name":"wp","href":"https:\/\/api.w.org\/{rel}","templated":true}]}}