{"id":118470,"date":"2023-02-28T22:48:34","date_gmt":"2023-02-28T21:48:34","guid":{"rendered":"https:\/\/shop.bantam.ch\/produit\/super-absorbant-pour-toilettes-clesana\/"},"modified":"2026-04-20T21:48:18","modified_gmt":"2026-04-20T19:48:18","slug":"super-absorbant-pour-toilettes-clesana","status":"publish","type":"product","link":"https:\/\/shop.bantam.ch\/fr\/produit\/super-absorbant-pour-toilettes-clesana\/","title":{"rendered":"Super Absorber clesana Contenu 24 pcs"},"content":{"rendered":"<p>Les excr\u00e9ments et d\u00e9chets de toilette sont scell\u00e9s hygi\u00e9niquement sous film barri\u00e8re multicouche. Pour les \u00abpetites commissions\u00bb, il est possible d\u2019utiliser en option le super absorbant Clesana pour l\u2019absorption des liquides.<\/p>\n<p>Contenu de la livraison :<\/p>\n<p>20 pi\u00e8ces<\/p>\n","protected":false},"excerpt":{"rendered":"<p>Les excr\u00e9ments et d\u00e9chets de toilette sont scell\u00e9s hygi\u00e9niquement sous film barri\u00e8re multicouche. Pour les \u00abpetites commissions\u00bb, il est possible d\u2019utiliser en option le super absorbant Clesana pour l\u2019absorption des liquides. Contenu de la livraison : 20 pi\u00e8ces<\/p>\n","protected":false},"featured_media":118466,"template":"","meta":{"_acf_changed":false},"product_featured_cat":[],"product_brand":[3590],"product_cat":[5155],"product_tag":[],"class_list":{"0":"post-118470","1":"product","2":"type-product","3":"status-publish","4":"has-post-thumbnail","6":"product_brand-clesana","7":"product_cat-autres-accessoires-pour-les-toilettes-de-camping","9":"first","10":"instock","11":"taxable","12":"shipping-taxable","13":"purchasable","14":"product-type-simple"},"acf":[],"yoast_head":"<!-- This site is optimized with the Yoast SEO plugin v27.4 - https:\/\/yoast.com\/product\/yoast-seo-wordpress\/ -->\n<title>Super Absorber clesana Contenu 24 pcs - Bantam Wankm\u00fcller SA<\/title>\n<meta name=\"robots\" content=\"index, follow, max-snippet:-1, max-image-preview:large, max-video-preview:-1\" \/>\n<link rel=\"canonical\" href=\"https:\/\/shop.bantam.ch\/fr\/produit\/super-absorbant-pour-toilettes-clesana\/\" \/>\n<meta property=\"og:locale\" content=\"fr_FR\" \/>\n<meta property=\"og:type\" content=\"article\" \/>\n<meta property=\"og:title\" content=\"Super Absorber clesana Contenu 24 pcs - Bantam Wankm\u00fcller SA\" \/>\n<meta property=\"og:description\" content=\"Les excr\u00e9ments et d\u00e9chets de toilette sont scell\u00e9s hygi\u00e9niquement sous film barri\u00e8re multicouche. Pour les \u00abpetites commissions\u00bb, il est possible d\u2019utiliser en option le super absorbant Clesana pour l\u2019absorption des liquides. Contenu de la livraison : 20 pi\u00e8ces\" \/>\n<meta property=\"og:url\" content=\"https:\/\/shop.bantam.ch\/fr\/produit\/super-absorbant-pour-toilettes-clesana\/\" \/>\n<meta property=\"og:site_name\" content=\"Bantam Wankm\u00fcller SA\" \/>\n<meta property=\"article:modified_time\" content=\"2026-04-20T19:48:18+00:00\" \/>\n<meta property=\"og:image\" content=\"https:\/\/shop.bantam.ch\/wp-content\/uploads\/2023\/02\/998459412.jpg\" \/>\n\t<meta property=\"og:image:width\" content=\"648\" \/>\n\t<meta property=\"og:image:height\" content=\"1000\" \/>\n\t<meta property=\"og:image:type\" content=\"image\/jpeg\" \/>\n<meta name=\"twitter:card\" content=\"summary_large_image\" \/>\n<script type=\"application\/ld+json\" class=\"yoast-schema-graph\">{\"@context\":\"https:\\\/\\\/schema.org\",\"@graph\":[{\"@type\":\"WebPage\",\"@id\":\"https:\\\/\\\/shop.bantam.ch\\\/fr\\\/produit\\\/super-absorbant-pour-toilettes-clesana\\\/\",\"url\":\"https:\\\/\\\/shop.bantam.ch\\\/fr\\\/produit\\\/super-absorbant-pour-toilettes-clesana\\\/\",\"name\":\"Super Absorber clesana Contenu 24 pcs - Bantam Wankm\u00fcller SA\",\"isPartOf\":{\"@id\":\"https:\\\/\\\/shop.bantam.ch\\\/fr\\\/#website\"},\"primaryImageOfPage\":{\"@id\":\"https:\\\/\\\/shop.bantam.ch\\\/fr\\\/produit\\\/super-absorbant-pour-toilettes-clesana\\\/#primaryimage\"},\"image\":{\"@id\":\"https:\\\/\\\/shop.bantam.ch\\\/fr\\\/produit\\\/super-absorbant-pour-toilettes-clesana\\\/#primaryimage\"},\"thumbnailUrl\":\"https:\\\/\\\/shop.bantam.ch\\\/wp-content\\\/uploads\\\/2023\\\/02\\\/998459412.jpg\",\"datePublished\":\"2023-02-28T21:48:34+00:00\",\"dateModified\":\"2026-04-20T19:48:18+00:00\",\"breadcrumb\":{\"@id\":\"https:\\\/\\\/shop.bantam.ch\\\/fr\\\/produit\\\/super-absorbant-pour-toilettes-clesana\\\/#breadcrumb\"},\"inLanguage\":\"fr-FR\",\"potentialAction\":[{\"@type\":\"ReadAction\",\"target\":[\"https:\\\/\\\/shop.bantam.ch\\\/fr\\\/produit\\\/super-absorbant-pour-toilettes-clesana\\\/\"]}]},{\"@type\":\"ImageObject\",\"inLanguage\":\"fr-FR\",\"@id\":\"https:\\\/\\\/shop.bantam.ch\\\/fr\\\/produit\\\/super-absorbant-pour-toilettes-clesana\\\/#primaryimage\",\"url\":\"https:\\\/\\\/shop.bantam.ch\\\/wp-content\\\/uploads\\\/2023\\\/02\\\/998459412.jpg\",\"contentUrl\":\"https:\\\/\\\/shop.bantam.ch\\\/wp-content\\\/uploads\\\/2023\\\/02\\\/998459412.jpg\",\"width\":648,\"height\":1000},{\"@type\":\"BreadcrumbList\",\"@id\":\"https:\\\/\\\/shop.bantam.ch\\\/fr\\\/produit\\\/super-absorbant-pour-toilettes-clesana\\\/#breadcrumb\",\"itemListElement\":[{\"@type\":\"ListItem\",\"position\":1,\"name\":\"Accueil\",\"item\":\"https:\\\/\\\/shop.bantam.ch\\\/fr\\\/\"},{\"@type\":\"ListItem\",\"position\":2,\"name\":\"Boutique\",\"item\":\"https:\\\/\\\/shop.bantam.ch\\\/fr\\\/boutique\\\/\"},{\"@type\":\"ListItem\",\"position\":3,\"name\":\"Super Absorber clesana Contenu 24 pcs\"}]},{\"@type\":\"WebSite\",\"@id\":\"https:\\\/\\\/shop.bantam.ch\\\/fr\\\/#website\",\"url\":\"https:\\\/\\\/shop.bantam.ch\\\/fr\\\/\",\"name\":\"Bantam Wankm\u00fcller SA\",\"description\":\"\",\"publisher\":{\"@id\":\"https:\\\/\\\/shop.bantam.ch\\\/fr\\\/#organization\"},\"inLanguage\":\"fr-FR\"},{\"@type\":\"Organization\",\"@id\":\"https:\\\/\\\/shop.bantam.ch\\\/fr\\\/#organization\",\"name\":\"Bantam Wankm\u00fcller SA\",\"url\":\"https:\\\/\\\/shop.bantam.ch\\\/fr\\\/\",\"logo\":{\"@type\":\"ImageObject\",\"inLanguage\":\"fr-FR\",\"@id\":\"https:\\\/\\\/shop.bantam.ch\\\/fr\\\/#\\\/schema\\\/logo\\\/image\\\/\",\"url\":\"https:\\\/\\\/shop.bantam.ch\\\/wp-content\\\/uploads\\\/2022\\\/12\\\/bantam-logo.png\",\"contentUrl\":\"https:\\\/\\\/shop.bantam.ch\\\/wp-content\\\/uploads\\\/2022\\\/12\\\/bantam-logo.png\",\"width\":320,\"height\":71,\"caption\":\"Bantam Wankm\u00fcller SA\"},\"image\":{\"@id\":\"https:\\\/\\\/shop.bantam.ch\\\/fr\\\/#\\\/schema\\\/logo\\\/image\\\/\"}}]}<\/script>\n<!-- \/ Yoast SEO plugin. -->","yoast_head_json":{"title":"Super Absorber clesana Contenu 24 pcs - Bantam Wankm\u00fcller SA","robots":{"index":"index","follow":"follow","max-snippet":"max-snippet:-1","max-image-preview":"max-image-preview:large","max-video-preview":"max-video-preview:-1"},"canonical":"https:\/\/shop.bantam.ch\/fr\/produit\/super-absorbant-pour-toilettes-clesana\/","og_locale":"fr_FR","og_type":"article","og_title":"Super Absorber clesana Contenu 24 pcs - Bantam Wankm\u00fcller SA","og_description":"Les excr\u00e9ments et d\u00e9chets de toilette sont scell\u00e9s hygi\u00e9niquement sous film barri\u00e8re multicouche. Pour les \u00abpetites commissions\u00bb, il est possible d\u2019utiliser en option le super absorbant Clesana pour l\u2019absorption des liquides. Contenu de la livraison : 20 pi\u00e8ces","og_url":"https:\/\/shop.bantam.ch\/fr\/produit\/super-absorbant-pour-toilettes-clesana\/","og_site_name":"Bantam Wankm\u00fcller SA","article_modified_time":"2026-04-20T19:48:18+00:00","og_image":[{"width":648,"height":1000,"url":"https:\/\/shop.bantam.ch\/wp-content\/uploads\/2023\/02\/998459412.jpg","type":"image\/jpeg"}],"twitter_card":"summary_large_image","schema":{"@context":"https:\/\/schema.org","@graph":[{"@type":"WebPage","@id":"https:\/\/shop.bantam.ch\/fr\/produit\/super-absorbant-pour-toilettes-clesana\/","url":"https:\/\/shop.bantam.ch\/fr\/produit\/super-absorbant-pour-toilettes-clesana\/","name":"Super Absorber clesana Contenu 24 pcs - Bantam Wankm\u00fcller SA","isPartOf":{"@id":"https:\/\/shop.bantam.ch\/fr\/#website"},"primaryImageOfPage":{"@id":"https:\/\/shop.bantam.ch\/fr\/produit\/super-absorbant-pour-toilettes-clesana\/#primaryimage"},"image":{"@id":"https:\/\/shop.bantam.ch\/fr\/produit\/super-absorbant-pour-toilettes-clesana\/#primaryimage"},"thumbnailUrl":"https:\/\/shop.bantam.ch\/wp-content\/uploads\/2023\/02\/998459412.jpg","datePublished":"2023-02-28T21:48:34+00:00","dateModified":"2026-04-20T19:48:18+00:00","breadcrumb":{"@id":"https:\/\/shop.bantam.ch\/fr\/produit\/super-absorbant-pour-toilettes-clesana\/#breadcrumb"},"inLanguage":"fr-FR","potentialAction":[{"@type":"ReadAction","target":["https:\/\/shop.bantam.ch\/fr\/produit\/super-absorbant-pour-toilettes-clesana\/"]}]},{"@type":"ImageObject","inLanguage":"fr-FR","@id":"https:\/\/shop.bantam.ch\/fr\/produit\/super-absorbant-pour-toilettes-clesana\/#primaryimage","url":"https:\/\/shop.bantam.ch\/wp-content\/uploads\/2023\/02\/998459412.jpg","contentUrl":"https:\/\/shop.bantam.ch\/wp-content\/uploads\/2023\/02\/998459412.jpg","width":648,"height":1000},{"@type":"BreadcrumbList","@id":"https:\/\/shop.bantam.ch\/fr\/produit\/super-absorbant-pour-toilettes-clesana\/#breadcrumb","itemListElement":[{"@type":"ListItem","position":1,"name":"Accueil","item":"https:\/\/shop.bantam.ch\/fr\/"},{"@type":"ListItem","position":2,"name":"Boutique","item":"https:\/\/shop.bantam.ch\/fr\/boutique\/"},{"@type":"ListItem","position":3,"name":"Super Absorber clesana Contenu 24 pcs"}]},{"@type":"WebSite","@id":"https:\/\/shop.bantam.ch\/fr\/#website","url":"https:\/\/shop.bantam.ch\/fr\/","name":"Bantam Wankm\u00fcller SA","description":"","publisher":{"@id":"https:\/\/shop.bantam.ch\/fr\/#organization"},"inLanguage":"fr-FR"},{"@type":"Organization","@id":"https:\/\/shop.bantam.ch\/fr\/#organization","name":"Bantam Wankm\u00fcller SA","url":"https:\/\/shop.bantam.ch\/fr\/","logo":{"@type":"ImageObject","inLanguage":"fr-FR","@id":"https:\/\/shop.bantam.ch\/fr\/#\/schema\/logo\/image\/","url":"https:\/\/shop.bantam.ch\/wp-content\/uploads\/2022\/12\/bantam-logo.png","contentUrl":"https:\/\/shop.bantam.ch\/wp-content\/uploads\/2022\/12\/bantam-logo.png","width":320,"height":71,"caption":"Bantam Wankm\u00fcller SA"},"image":{"@id":"https:\/\/shop.bantam.ch\/fr\/#\/schema\/logo\/image\/"}}]}},"_links":{"self":[{"href":"https:\/\/shop.bantam.ch\/fr\/wp-json\/wp\/v2\/product\/118470","targetHints":{"allow":["GET"]}}],"collection":[{"href":"https:\/\/shop.bantam.ch\/fr\/wp-json\/wp\/v2\/product"}],"about":[{"href":"https:\/\/shop.bantam.ch\/fr\/wp-json\/wp\/v2\/types\/product"}],"wp:featuredmedia":[{"embeddable":true,"href":"https:\/\/shop.bantam.ch\/fr\/wp-json\/wp\/v2\/media\/118466"}],"wp:attachment":[{"href":"https:\/\/shop.bantam.ch\/fr\/wp-json\/wp\/v2\/media?parent=118470"}],"wp:term":[{"taxonomy":"product_featured_cat","embeddable":true,"href":"https:\/\/shop.bantam.ch\/fr\/wp-json\/wp\/v2\/product_featured_cat?post=118470"},{"taxonomy":"product_brand","embeddable":true,"href":"https:\/\/shop.bantam.ch\/fr\/wp-json\/wp\/v2\/product_brand?post=118470"},{"taxonomy":"product_cat","embeddable":true,"href":"https:\/\/shop.bantam.ch\/fr\/wp-json\/wp\/v2\/product_cat?post=118470"},{"taxonomy":"product_tag","embeddable":true,"href":"https:\/\/shop.bantam.ch\/fr\/wp-json\/wp\/v2\/product_tag?post=118470"}],"curies":[{"name":"wp","href":"https:\/\/api.w.org\/{rel}","templated":true}]}}