{"id":118388,"date":"2023-02-28T22:47:08","date_gmt":"2023-02-28T21:47:08","guid":{"rendered":"https:\/\/shop.bantam.ch\/produit\/plaque-nodulaire-on-top-gris-clair\/"},"modified":"2026-04-18T21:47:56","modified_gmt":"2026-04-18T19:47:56","slug":"plaque-nodulaire-on-top-gris-clair","status":"publish","type":"product","link":"https:\/\/shop.bantam.ch\/fr\/produit\/plaque-nodulaire-on-top-gris-clair\/","title":{"rendered":"Plaque picots purvario ON-TOP"},"content":{"rendered":"<p>La plaque nodulaire est perfor\u00e9e et peut donc \u00eatre raccourcie de mani\u00e8re variable. Si n\u00e9cessaire, il suffit de couper \u00e0 la taille requise au niveau de la perforation et de couper. Le mat\u00e9riau robuste et ind\u00e9formable de la plaque de base et des picots assure un maintien s\u00fbr et peut \u00eatre utilis\u00e9 comme plaque de base pour les rails de stockage 30\/60\/100, par exemple. Les entretoises ON-TOP viennent compl\u00e9ter les plaques \u00e0 picots pour utiliser optimalement des espaces de rangement  sur diff\u00e9rentes hauteurs. Utilisation\u00a0: simplement encastrer sur la plaque. La plaque nodulaire ON-TOP constitue \u00e9galement la base \/ la sous-structure du STAUTOWER ou de la STAUBOX. Les bo\u00eetes empilables en combinaison avec les entretoises ON-TOP permettent de construire une armoire merveilleusement stable qui peut \u00eatre combin\u00e9e de diff\u00e9rentes mani\u00e8res. Notre nouvelle dream team : la plaque nodulaire ON-TOP et les rails de rangement pour tiroirs 60. \u00c0 fixer simplement sur la plaque nodulaire pour ranger divers verres, bouteilles, articles m\u00e9nagers, accessoires de camping sans qu\u2019ils se cassent ou se d\u00e9placent. La plaque nodulaire est con\u00e7ue pour s&rsquo;adapter pr\u00e9cis\u00e9ment aux rails de stockage et offre une solution peu encombrante pour presque toutes les tailles de casier. Confortable et flexible d\u2019utilisation.<br \/>Le point fort de ces produits est leur flexibilit\u00e9 gr\u00e2ce \u00e0 leur adaptation \u00e0 la taille, ils sont empilables, peu encombrants et donc utilisables pour de nombreux types de tiroirs ou de compartiments de rangement, de bo\u00eetes de transport, de cuisines de camping, d\u2019armoires et bien plus encore.<\/p>\n<p>Fonctionnalit\u00e9s particuli\u00e8res\u00a0:<\/p>\n<ul>\n<li>Empilable en connexion avec l&rsquo;entretoise ON-TOP<\/li>\n<li>Ind\u00e9formable, peu encombrant et d\u2019utilisation flexible<\/li>\n<li>Peut \u00eatre combin\u00e9 avec d&rsquo;autres produits purvario by D\u00d6RR (inserts \u00e0 couverts, syst\u00e8me d&rsquo;enfichage, etc.)<\/li>\n<li>Taille variable &#8211; peut \u00eatre raccourci au niveau des lignes de perforation<\/li>\n<li>Rentre exactement dans de nombreux \u00e9l\u00e9ments coulissants, tiroirs, bo\u00eetes de transport, etc.<\/li>\n<li>Lavable<\/li>\n<\/ul>\n<p>Astuce\u00a0: Il est pr\u00e9f\u00e9rable de toujours utiliser un tapis antid\u00e9rapant sous la plaque nodulaire ON-TOP<\/p>\n","protected":false},"excerpt":{"rendered":"<p>La plaque nodulaire est perfor\u00e9e et peut donc \u00eatre raccourcie de mani\u00e8re variable. Si n\u00e9cessaire, il suffit de couper \u00e0 la taille requise au niveau de la perforation et de couper. Le mat\u00e9riau robuste et ind\u00e9formable de la plaque de base et des picots assure un maintien s\u00fbr et peut \u00eatre utilis\u00e9 comme plaque de [&hellip;]<\/p>\n","protected":false},"featured_media":118384,"template":"","meta":{"_acf_changed":false},"product_featured_cat":[],"product_brand":[3328],"product_cat":[5149],"product_tag":[],"class_list":{"0":"post-118388","1":"product","2":"type-product","3":"status-publish","4":"has-post-thumbnail","6":"product_brand-purvario","7":"product_cat-rangements-pour-la-vaisselle","9":"first","10":"instock","11":"taxable","12":"shipping-taxable","13":"purchasable","14":"product-type-simple"},"acf":[],"yoast_head":"<!-- This site is optimized with the Yoast SEO plugin v27.4 - https:\/\/yoast.com\/product\/yoast-seo-wordpress\/ -->\n<title>Plaque picots purvario ON-TOP - Bantam Wankm\u00fcller SA<\/title>\n<meta name=\"robots\" content=\"index, follow, max-snippet:-1, max-image-preview:large, max-video-preview:-1\" \/>\n<link rel=\"canonical\" href=\"https:\/\/shop.bantam.ch\/fr\/produit\/plaque-nodulaire-on-top-gris-clair\/\" \/>\n<meta property=\"og:locale\" content=\"fr_FR\" \/>\n<meta property=\"og:type\" content=\"article\" \/>\n<meta property=\"og:title\" content=\"Plaque picots purvario ON-TOP - Bantam Wankm\u00fcller SA\" \/>\n<meta property=\"og:description\" content=\"La plaque nodulaire est perfor\u00e9e et peut donc \u00eatre raccourcie de mani\u00e8re variable. Si n\u00e9cessaire, il suffit de couper \u00e0 la taille requise au niveau de la perforation et de couper. Le mat\u00e9riau robuste et ind\u00e9formable de la plaque de base et des picots assure un maintien s\u00fbr et peut \u00eatre utilis\u00e9 comme plaque de [&hellip;]\" \/>\n<meta property=\"og:url\" content=\"https:\/\/shop.bantam.ch\/fr\/produit\/plaque-nodulaire-on-top-gris-clair\/\" \/>\n<meta property=\"og:site_name\" content=\"Bantam Wankm\u00fcller SA\" \/>\n<meta property=\"article:modified_time\" content=\"2026-04-18T19:47:56+00:00\" \/>\n<meta property=\"og:image\" content=\"https:\/\/shop.bantam.ch\/wp-content\/uploads\/2023\/02\/9984202100.jpg\" \/>\n\t<meta property=\"og:image:width\" content=\"1000\" \/>\n\t<meta property=\"og:image:height\" content=\"625\" \/>\n\t<meta property=\"og:image:type\" content=\"image\/jpeg\" \/>\n<meta name=\"twitter:card\" content=\"summary_large_image\" \/>\n<meta name=\"twitter:label1\" content=\"Dur\u00e9e de lecture estim\u00e9e\" \/>\n\t<meta name=\"twitter:data1\" content=\"2 minutes\" \/>\n<script type=\"application\/ld+json\" class=\"yoast-schema-graph\">{\"@context\":\"https:\\\/\\\/schema.org\",\"@graph\":[{\"@type\":\"WebPage\",\"@id\":\"https:\\\/\\\/shop.bantam.ch\\\/fr\\\/produit\\\/plaque-nodulaire-on-top-gris-clair\\\/\",\"url\":\"https:\\\/\\\/shop.bantam.ch\\\/fr\\\/produit\\\/plaque-nodulaire-on-top-gris-clair\\\/\",\"name\":\"Plaque picots purvario ON-TOP - Bantam Wankm\u00fcller SA\",\"isPartOf\":{\"@id\":\"https:\\\/\\\/shop.bantam.ch\\\/fr\\\/#website\"},\"primaryImageOfPage\":{\"@id\":\"https:\\\/\\\/shop.bantam.ch\\\/fr\\\/produit\\\/plaque-nodulaire-on-top-gris-clair\\\/#primaryimage\"},\"image\":{\"@id\":\"https:\\\/\\\/shop.bantam.ch\\\/fr\\\/produit\\\/plaque-nodulaire-on-top-gris-clair\\\/#primaryimage\"},\"thumbnailUrl\":\"https:\\\/\\\/shop.bantam.ch\\\/wp-content\\\/uploads\\\/2023\\\/02\\\/9984202100.jpg\",\"datePublished\":\"2023-02-28T21:47:08+00:00\",\"dateModified\":\"2026-04-18T19:47:56+00:00\",\"breadcrumb\":{\"@id\":\"https:\\\/\\\/shop.bantam.ch\\\/fr\\\/produit\\\/plaque-nodulaire-on-top-gris-clair\\\/#breadcrumb\"},\"inLanguage\":\"fr-FR\",\"potentialAction\":[{\"@type\":\"ReadAction\",\"target\":[\"https:\\\/\\\/shop.bantam.ch\\\/fr\\\/produit\\\/plaque-nodulaire-on-top-gris-clair\\\/\"]}]},{\"@type\":\"ImageObject\",\"inLanguage\":\"fr-FR\",\"@id\":\"https:\\\/\\\/shop.bantam.ch\\\/fr\\\/produit\\\/plaque-nodulaire-on-top-gris-clair\\\/#primaryimage\",\"url\":\"https:\\\/\\\/shop.bantam.ch\\\/wp-content\\\/uploads\\\/2023\\\/02\\\/9984202100.jpg\",\"contentUrl\":\"https:\\\/\\\/shop.bantam.ch\\\/wp-content\\\/uploads\\\/2023\\\/02\\\/9984202100.jpg\",\"width\":1000,\"height\":625},{\"@type\":\"BreadcrumbList\",\"@id\":\"https:\\\/\\\/shop.bantam.ch\\\/fr\\\/produit\\\/plaque-nodulaire-on-top-gris-clair\\\/#breadcrumb\",\"itemListElement\":[{\"@type\":\"ListItem\",\"position\":1,\"name\":\"Accueil\",\"item\":\"https:\\\/\\\/shop.bantam.ch\\\/fr\\\/\"},{\"@type\":\"ListItem\",\"position\":2,\"name\":\"Boutique\",\"item\":\"https:\\\/\\\/shop.bantam.ch\\\/fr\\\/boutique\\\/\"},{\"@type\":\"ListItem\",\"position\":3,\"name\":\"Plaque picots purvario ON-TOP\"}]},{\"@type\":\"WebSite\",\"@id\":\"https:\\\/\\\/shop.bantam.ch\\\/fr\\\/#website\",\"url\":\"https:\\\/\\\/shop.bantam.ch\\\/fr\\\/\",\"name\":\"Bantam Wankm\u00fcller SA\",\"description\":\"\",\"publisher\":{\"@id\":\"https:\\\/\\\/shop.bantam.ch\\\/fr\\\/#organization\"},\"inLanguage\":\"fr-FR\"},{\"@type\":\"Organization\",\"@id\":\"https:\\\/\\\/shop.bantam.ch\\\/fr\\\/#organization\",\"name\":\"Bantam Wankm\u00fcller SA\",\"url\":\"https:\\\/\\\/shop.bantam.ch\\\/fr\\\/\",\"logo\":{\"@type\":\"ImageObject\",\"inLanguage\":\"fr-FR\",\"@id\":\"https:\\\/\\\/shop.bantam.ch\\\/fr\\\/#\\\/schema\\\/logo\\\/image\\\/\",\"url\":\"https:\\\/\\\/shop.bantam.ch\\\/wp-content\\\/uploads\\\/2022\\\/12\\\/bantam-logo.png\",\"contentUrl\":\"https:\\\/\\\/shop.bantam.ch\\\/wp-content\\\/uploads\\\/2022\\\/12\\\/bantam-logo.png\",\"width\":320,\"height\":71,\"caption\":\"Bantam Wankm\u00fcller SA\"},\"image\":{\"@id\":\"https:\\\/\\\/shop.bantam.ch\\\/fr\\\/#\\\/schema\\\/logo\\\/image\\\/\"}}]}<\/script>\n<!-- \/ Yoast SEO plugin. -->","yoast_head_json":{"title":"Plaque picots purvario ON-TOP - Bantam Wankm\u00fcller SA","robots":{"index":"index","follow":"follow","max-snippet":"max-snippet:-1","max-image-preview":"max-image-preview:large","max-video-preview":"max-video-preview:-1"},"canonical":"https:\/\/shop.bantam.ch\/fr\/produit\/plaque-nodulaire-on-top-gris-clair\/","og_locale":"fr_FR","og_type":"article","og_title":"Plaque picots purvario ON-TOP - Bantam Wankm\u00fcller SA","og_description":"La plaque nodulaire est perfor\u00e9e et peut donc \u00eatre raccourcie de mani\u00e8re variable. Si n\u00e9cessaire, il suffit de couper \u00e0 la taille requise au niveau de la perforation et de couper. Le mat\u00e9riau robuste et ind\u00e9formable de la plaque de base et des picots assure un maintien s\u00fbr et peut \u00eatre utilis\u00e9 comme plaque de [&hellip;]","og_url":"https:\/\/shop.bantam.ch\/fr\/produit\/plaque-nodulaire-on-top-gris-clair\/","og_site_name":"Bantam Wankm\u00fcller SA","article_modified_time":"2026-04-18T19:47:56+00:00","og_image":[{"width":1000,"height":625,"url":"https:\/\/shop.bantam.ch\/wp-content\/uploads\/2023\/02\/9984202100.jpg","type":"image\/jpeg"}],"twitter_card":"summary_large_image","twitter_misc":{"Dur\u00e9e de lecture estim\u00e9e":"2 minutes"},"schema":{"@context":"https:\/\/schema.org","@graph":[{"@type":"WebPage","@id":"https:\/\/shop.bantam.ch\/fr\/produit\/plaque-nodulaire-on-top-gris-clair\/","url":"https:\/\/shop.bantam.ch\/fr\/produit\/plaque-nodulaire-on-top-gris-clair\/","name":"Plaque picots purvario ON-TOP - Bantam Wankm\u00fcller SA","isPartOf":{"@id":"https:\/\/shop.bantam.ch\/fr\/#website"},"primaryImageOfPage":{"@id":"https:\/\/shop.bantam.ch\/fr\/produit\/plaque-nodulaire-on-top-gris-clair\/#primaryimage"},"image":{"@id":"https:\/\/shop.bantam.ch\/fr\/produit\/plaque-nodulaire-on-top-gris-clair\/#primaryimage"},"thumbnailUrl":"https:\/\/shop.bantam.ch\/wp-content\/uploads\/2023\/02\/9984202100.jpg","datePublished":"2023-02-28T21:47:08+00:00","dateModified":"2026-04-18T19:47:56+00:00","breadcrumb":{"@id":"https:\/\/shop.bantam.ch\/fr\/produit\/plaque-nodulaire-on-top-gris-clair\/#breadcrumb"},"inLanguage":"fr-FR","potentialAction":[{"@type":"ReadAction","target":["https:\/\/shop.bantam.ch\/fr\/produit\/plaque-nodulaire-on-top-gris-clair\/"]}]},{"@type":"ImageObject","inLanguage":"fr-FR","@id":"https:\/\/shop.bantam.ch\/fr\/produit\/plaque-nodulaire-on-top-gris-clair\/#primaryimage","url":"https:\/\/shop.bantam.ch\/wp-content\/uploads\/2023\/02\/9984202100.jpg","contentUrl":"https:\/\/shop.bantam.ch\/wp-content\/uploads\/2023\/02\/9984202100.jpg","width":1000,"height":625},{"@type":"BreadcrumbList","@id":"https:\/\/shop.bantam.ch\/fr\/produit\/plaque-nodulaire-on-top-gris-clair\/#breadcrumb","itemListElement":[{"@type":"ListItem","position":1,"name":"Accueil","item":"https:\/\/shop.bantam.ch\/fr\/"},{"@type":"ListItem","position":2,"name":"Boutique","item":"https:\/\/shop.bantam.ch\/fr\/boutique\/"},{"@type":"ListItem","position":3,"name":"Plaque picots purvario ON-TOP"}]},{"@type":"WebSite","@id":"https:\/\/shop.bantam.ch\/fr\/#website","url":"https:\/\/shop.bantam.ch\/fr\/","name":"Bantam Wankm\u00fcller SA","description":"","publisher":{"@id":"https:\/\/shop.bantam.ch\/fr\/#organization"},"inLanguage":"fr-FR"},{"@type":"Organization","@id":"https:\/\/shop.bantam.ch\/fr\/#organization","name":"Bantam Wankm\u00fcller SA","url":"https:\/\/shop.bantam.ch\/fr\/","logo":{"@type":"ImageObject","inLanguage":"fr-FR","@id":"https:\/\/shop.bantam.ch\/fr\/#\/schema\/logo\/image\/","url":"https:\/\/shop.bantam.ch\/wp-content\/uploads\/2022\/12\/bantam-logo.png","contentUrl":"https:\/\/shop.bantam.ch\/wp-content\/uploads\/2022\/12\/bantam-logo.png","width":320,"height":71,"caption":"Bantam Wankm\u00fcller SA"},"image":{"@id":"https:\/\/shop.bantam.ch\/fr\/#\/schema\/logo\/image\/"}}]}},"_links":{"self":[{"href":"https:\/\/shop.bantam.ch\/fr\/wp-json\/wp\/v2\/product\/118388","targetHints":{"allow":["GET"]}}],"collection":[{"href":"https:\/\/shop.bantam.ch\/fr\/wp-json\/wp\/v2\/product"}],"about":[{"href":"https:\/\/shop.bantam.ch\/fr\/wp-json\/wp\/v2\/types\/product"}],"wp:featuredmedia":[{"embeddable":true,"href":"https:\/\/shop.bantam.ch\/fr\/wp-json\/wp\/v2\/media\/118384"}],"wp:attachment":[{"href":"https:\/\/shop.bantam.ch\/fr\/wp-json\/wp\/v2\/media?parent=118388"}],"wp:term":[{"taxonomy":"product_featured_cat","embeddable":true,"href":"https:\/\/shop.bantam.ch\/fr\/wp-json\/wp\/v2\/product_featured_cat?post=118388"},{"taxonomy":"product_brand","embeddable":true,"href":"https:\/\/shop.bantam.ch\/fr\/wp-json\/wp\/v2\/product_brand?post=118388"},{"taxonomy":"product_cat","embeddable":true,"href":"https:\/\/shop.bantam.ch\/fr\/wp-json\/wp\/v2\/product_cat?post=118388"},{"taxonomy":"product_tag","embeddable":true,"href":"https:\/\/shop.bantam.ch\/fr\/wp-json\/wp\/v2\/product_tag?post=118388"}],"curies":[{"name":"wp","href":"https:\/\/api.w.org\/{rel}","templated":true}]}}