{"id":118382,"date":"2023-02-28T22:47:02","date_gmt":"2023-02-28T21:47:02","guid":{"rendered":"https:\/\/shop.bantam.ch\/produit\/boite-de-rangement-systeme-de-barre-de-rangement\/"},"modified":"2026-04-17T21:46:53","modified_gmt":"2026-04-17T19:46:53","slug":"boite-de-rangement-systeme-de-barre-de-rangement","status":"publish","type":"product","link":"https:\/\/shop.bantam.ch\/fr\/produit\/boite-de-rangement-systeme-de-barre-de-rangement\/","title":{"rendered":"Bo\u00eetes de rangement purvario Organisateur de tiroir"},"content":{"rendered":"<p>Les parois lat\u00e9rales, le plateau \u00e0 picots ainsi que les barres de rangement pour les tiroirs sont perfor\u00e9s et donc de taille variable. Si n\u00e9cessaire, vous pouvez r\u00e9duire les parois lat\u00e9rales \u00e0 partir de la taille d\u2019environ 340 mm jusqu\u2019\u00e0 environ 260 mm. La plaque \u00e0 picots et les barres de rangement pour tiroirs sont perfor\u00e9es tous les 5 mm environ et leur taille est \u00e9galement variable. Les barres de rangement 60 pour tiroirs &#8211; se fixent simplement sur la plaque \u00e0 picots pour ranger diff\u00e9rents verres, bouteilles, articles m\u00e9nagers, accessoires de camping, sans risque de casse ou de basculement. Les barres de rangement sont con\u00e7ues pour s\u2019adapter parfaitement \u00e0 la plaque \u00e0 picots et offrent, de par leurs caract\u00e9ristiques, une solution peu encombrante pour chaque taille de casier. Les parois lat\u00e9rales sont chacune \u00e9quip\u00e9es d\u2019une poign\u00e9e de transport. G\u00e9nialement simple, confortable et flexible d\u2019utilisation. Le point fort de ces produits est leur flexibilit\u00e9 gr\u00e2ce \u00e0 leur adaptation \u00e0 la taille, ils sont empilables, peu encombrants et donc utilisables pour de nombreux types de tiroirs ou de compartiments de rangement, de bo\u00eetes de transport, de cuisines de camping, d\u2019armoires ou pour le transport dans le coffre de la voiture, etc.<\/p>\n<p>Fonctionnalit\u00e9s particuli\u00e8res\u00a0:<\/p>\n<ul>\n<li>Empilable, ind\u00e9formable, peu encombrant et flexible d\u2019utilisation<\/li>\n<li>Combinable avec d\u2019autres produits purvario by D\u00d6RR (range-couverts, support \u00e0 fiches, barres de rangement)<\/li>\n<li>Variabilit\u00e9 de taille gr\u00e2ce aux parois lat\u00e9rales recoupables et \u00e0 la plaque nodulaire<\/li>\n<li>Combinaison de la plaque nodulaire avec les rails de rangement pour tiroirs<\/li>\n<li>Ajustement parfait pour de nombreux articles, confort de port \u00e9lev\u00e9<\/li>\n<li>Options extensibles avec le syst\u00e8me de plug-in purvario<\/li>\n<li>Lavable<\/li>\n<li>Facile \u00e0 utiliser en les assemblant simplement ensemble<\/li>\n<\/ul>\n<p>Contenu de la livraison :<br \/>1 plaque nodulaire incluse<br \/>4 parois lat\u00e9rales<br \/>4 compartimenteurs pour tiroirs<br \/>Clips de fixation pour stabiliser la plaque nodulaire<\/p>\n","protected":false},"excerpt":{"rendered":"<p>Les parois lat\u00e9rales, le plateau \u00e0 picots ainsi que les barres de rangement pour les tiroirs sont perfor\u00e9s et donc de taille variable. Si n\u00e9cessaire, vous pouvez r\u00e9duire les parois lat\u00e9rales \u00e0 partir de la taille d\u2019environ 340 mm jusqu\u2019\u00e0 environ 260 mm. La plaque \u00e0 picots et les barres de rangement pour tiroirs sont [&hellip;]<\/p>\n","protected":false},"featured_media":118374,"template":"","meta":{"_acf_changed":false},"product_featured_cat":[],"product_brand":[3328],"product_cat":[5149],"product_tag":[],"class_list":{"0":"post-118382","1":"product","2":"type-product","3":"status-publish","4":"has-post-thumbnail","6":"product_brand-purvario","7":"product_cat-rangements-pour-la-vaisselle","9":"first","10":"instock","11":"taxable","12":"shipping-taxable","13":"purchasable","14":"product-type-simple"},"acf":[],"yoast_head":"<!-- This site is optimized with the Yoast SEO plugin v27.4 - https:\/\/yoast.com\/product\/yoast-seo-wordpress\/ -->\n<title>Bo\u00eetes de rangement purvario Organisateur de tiroir - Bantam Wankm\u00fcller SA<\/title>\n<meta name=\"robots\" content=\"index, follow, max-snippet:-1, max-image-preview:large, max-video-preview:-1\" \/>\n<link rel=\"canonical\" href=\"https:\/\/shop.bantam.ch\/fr\/produit\/boite-de-rangement-systeme-de-barre-de-rangement\/\" \/>\n<meta property=\"og:locale\" content=\"fr_FR\" \/>\n<meta property=\"og:type\" content=\"article\" \/>\n<meta property=\"og:title\" content=\"Bo\u00eetes de rangement purvario Organisateur de tiroir - Bantam Wankm\u00fcller SA\" \/>\n<meta property=\"og:description\" content=\"Les parois lat\u00e9rales, le plateau \u00e0 picots ainsi que les barres de rangement pour les tiroirs sont perfor\u00e9s et donc de taille variable. Si n\u00e9cessaire, vous pouvez r\u00e9duire les parois lat\u00e9rales \u00e0 partir de la taille d\u2019environ 340 mm jusqu\u2019\u00e0 environ 260 mm. La plaque \u00e0 picots et les barres de rangement pour tiroirs sont [&hellip;]\" \/>\n<meta property=\"og:url\" content=\"https:\/\/shop.bantam.ch\/fr\/produit\/boite-de-rangement-systeme-de-barre-de-rangement\/\" \/>\n<meta property=\"og:site_name\" content=\"Bantam Wankm\u00fcller SA\" \/>\n<meta property=\"article:modified_time\" content=\"2026-04-17T19:46:53+00:00\" \/>\n<meta property=\"og:image\" content=\"https:\/\/shop.bantam.ch\/wp-content\/uploads\/2023\/02\/998429911.jpg\" \/>\n\t<meta property=\"og:image:width\" content=\"1000\" \/>\n\t<meta property=\"og:image:height\" content=\"766\" \/>\n\t<meta property=\"og:image:type\" content=\"image\/jpeg\" \/>\n<meta name=\"twitter:card\" content=\"summary_large_image\" \/>\n<meta name=\"twitter:label1\" content=\"Dur\u00e9e de lecture estim\u00e9e\" \/>\n\t<meta name=\"twitter:data1\" content=\"2 minutes\" \/>\n<script type=\"application\/ld+json\" class=\"yoast-schema-graph\">{\"@context\":\"https:\\\/\\\/schema.org\",\"@graph\":[{\"@type\":\"WebPage\",\"@id\":\"https:\\\/\\\/shop.bantam.ch\\\/fr\\\/produit\\\/boite-de-rangement-systeme-de-barre-de-rangement\\\/\",\"url\":\"https:\\\/\\\/shop.bantam.ch\\\/fr\\\/produit\\\/boite-de-rangement-systeme-de-barre-de-rangement\\\/\",\"name\":\"Bo\u00eetes de rangement purvario Organisateur de tiroir - Bantam Wankm\u00fcller SA\",\"isPartOf\":{\"@id\":\"https:\\\/\\\/shop.bantam.ch\\\/fr\\\/#website\"},\"primaryImageOfPage\":{\"@id\":\"https:\\\/\\\/shop.bantam.ch\\\/fr\\\/produit\\\/boite-de-rangement-systeme-de-barre-de-rangement\\\/#primaryimage\"},\"image\":{\"@id\":\"https:\\\/\\\/shop.bantam.ch\\\/fr\\\/produit\\\/boite-de-rangement-systeme-de-barre-de-rangement\\\/#primaryimage\"},\"thumbnailUrl\":\"https:\\\/\\\/shop.bantam.ch\\\/wp-content\\\/uploads\\\/2023\\\/02\\\/998429911.jpg\",\"datePublished\":\"2023-02-28T21:47:02+00:00\",\"dateModified\":\"2026-04-17T19:46:53+00:00\",\"breadcrumb\":{\"@id\":\"https:\\\/\\\/shop.bantam.ch\\\/fr\\\/produit\\\/boite-de-rangement-systeme-de-barre-de-rangement\\\/#breadcrumb\"},\"inLanguage\":\"fr-FR\",\"potentialAction\":[{\"@type\":\"ReadAction\",\"target\":[\"https:\\\/\\\/shop.bantam.ch\\\/fr\\\/produit\\\/boite-de-rangement-systeme-de-barre-de-rangement\\\/\"]}]},{\"@type\":\"ImageObject\",\"inLanguage\":\"fr-FR\",\"@id\":\"https:\\\/\\\/shop.bantam.ch\\\/fr\\\/produit\\\/boite-de-rangement-systeme-de-barre-de-rangement\\\/#primaryimage\",\"url\":\"https:\\\/\\\/shop.bantam.ch\\\/wp-content\\\/uploads\\\/2023\\\/02\\\/998429911.jpg\",\"contentUrl\":\"https:\\\/\\\/shop.bantam.ch\\\/wp-content\\\/uploads\\\/2023\\\/02\\\/998429911.jpg\",\"width\":1000,\"height\":766},{\"@type\":\"BreadcrumbList\",\"@id\":\"https:\\\/\\\/shop.bantam.ch\\\/fr\\\/produit\\\/boite-de-rangement-systeme-de-barre-de-rangement\\\/#breadcrumb\",\"itemListElement\":[{\"@type\":\"ListItem\",\"position\":1,\"name\":\"Accueil\",\"item\":\"https:\\\/\\\/shop.bantam.ch\\\/fr\\\/\"},{\"@type\":\"ListItem\",\"position\":2,\"name\":\"Boutique\",\"item\":\"https:\\\/\\\/shop.bantam.ch\\\/fr\\\/boutique\\\/\"},{\"@type\":\"ListItem\",\"position\":3,\"name\":\"Bo\u00eetes de rangement purvario Organisateur de tiroir\"}]},{\"@type\":\"WebSite\",\"@id\":\"https:\\\/\\\/shop.bantam.ch\\\/fr\\\/#website\",\"url\":\"https:\\\/\\\/shop.bantam.ch\\\/fr\\\/\",\"name\":\"Bantam Wankm\u00fcller SA\",\"description\":\"\",\"publisher\":{\"@id\":\"https:\\\/\\\/shop.bantam.ch\\\/fr\\\/#organization\"},\"inLanguage\":\"fr-FR\"},{\"@type\":\"Organization\",\"@id\":\"https:\\\/\\\/shop.bantam.ch\\\/fr\\\/#organization\",\"name\":\"Bantam Wankm\u00fcller SA\",\"url\":\"https:\\\/\\\/shop.bantam.ch\\\/fr\\\/\",\"logo\":{\"@type\":\"ImageObject\",\"inLanguage\":\"fr-FR\",\"@id\":\"https:\\\/\\\/shop.bantam.ch\\\/fr\\\/#\\\/schema\\\/logo\\\/image\\\/\",\"url\":\"https:\\\/\\\/shop.bantam.ch\\\/wp-content\\\/uploads\\\/2022\\\/12\\\/bantam-logo.png\",\"contentUrl\":\"https:\\\/\\\/shop.bantam.ch\\\/wp-content\\\/uploads\\\/2022\\\/12\\\/bantam-logo.png\",\"width\":320,\"height\":71,\"caption\":\"Bantam Wankm\u00fcller SA\"},\"image\":{\"@id\":\"https:\\\/\\\/shop.bantam.ch\\\/fr\\\/#\\\/schema\\\/logo\\\/image\\\/\"}}]}<\/script>\n<!-- \/ Yoast SEO plugin. -->","yoast_head_json":{"title":"Bo\u00eetes de rangement purvario Organisateur de tiroir - Bantam Wankm\u00fcller SA","robots":{"index":"index","follow":"follow","max-snippet":"max-snippet:-1","max-image-preview":"max-image-preview:large","max-video-preview":"max-video-preview:-1"},"canonical":"https:\/\/shop.bantam.ch\/fr\/produit\/boite-de-rangement-systeme-de-barre-de-rangement\/","og_locale":"fr_FR","og_type":"article","og_title":"Bo\u00eetes de rangement purvario Organisateur de tiroir - Bantam Wankm\u00fcller SA","og_description":"Les parois lat\u00e9rales, le plateau \u00e0 picots ainsi que les barres de rangement pour les tiroirs sont perfor\u00e9s et donc de taille variable. Si n\u00e9cessaire, vous pouvez r\u00e9duire les parois lat\u00e9rales \u00e0 partir de la taille d\u2019environ 340 mm jusqu\u2019\u00e0 environ 260 mm. La plaque \u00e0 picots et les barres de rangement pour tiroirs sont [&hellip;]","og_url":"https:\/\/shop.bantam.ch\/fr\/produit\/boite-de-rangement-systeme-de-barre-de-rangement\/","og_site_name":"Bantam Wankm\u00fcller SA","article_modified_time":"2026-04-17T19:46:53+00:00","og_image":[{"width":1000,"height":766,"url":"https:\/\/shop.bantam.ch\/wp-content\/uploads\/2023\/02\/998429911.jpg","type":"image\/jpeg"}],"twitter_card":"summary_large_image","twitter_misc":{"Dur\u00e9e de lecture estim\u00e9e":"2 minutes"},"schema":{"@context":"https:\/\/schema.org","@graph":[{"@type":"WebPage","@id":"https:\/\/shop.bantam.ch\/fr\/produit\/boite-de-rangement-systeme-de-barre-de-rangement\/","url":"https:\/\/shop.bantam.ch\/fr\/produit\/boite-de-rangement-systeme-de-barre-de-rangement\/","name":"Bo\u00eetes de rangement purvario Organisateur de tiroir - Bantam Wankm\u00fcller SA","isPartOf":{"@id":"https:\/\/shop.bantam.ch\/fr\/#website"},"primaryImageOfPage":{"@id":"https:\/\/shop.bantam.ch\/fr\/produit\/boite-de-rangement-systeme-de-barre-de-rangement\/#primaryimage"},"image":{"@id":"https:\/\/shop.bantam.ch\/fr\/produit\/boite-de-rangement-systeme-de-barre-de-rangement\/#primaryimage"},"thumbnailUrl":"https:\/\/shop.bantam.ch\/wp-content\/uploads\/2023\/02\/998429911.jpg","datePublished":"2023-02-28T21:47:02+00:00","dateModified":"2026-04-17T19:46:53+00:00","breadcrumb":{"@id":"https:\/\/shop.bantam.ch\/fr\/produit\/boite-de-rangement-systeme-de-barre-de-rangement\/#breadcrumb"},"inLanguage":"fr-FR","potentialAction":[{"@type":"ReadAction","target":["https:\/\/shop.bantam.ch\/fr\/produit\/boite-de-rangement-systeme-de-barre-de-rangement\/"]}]},{"@type":"ImageObject","inLanguage":"fr-FR","@id":"https:\/\/shop.bantam.ch\/fr\/produit\/boite-de-rangement-systeme-de-barre-de-rangement\/#primaryimage","url":"https:\/\/shop.bantam.ch\/wp-content\/uploads\/2023\/02\/998429911.jpg","contentUrl":"https:\/\/shop.bantam.ch\/wp-content\/uploads\/2023\/02\/998429911.jpg","width":1000,"height":766},{"@type":"BreadcrumbList","@id":"https:\/\/shop.bantam.ch\/fr\/produit\/boite-de-rangement-systeme-de-barre-de-rangement\/#breadcrumb","itemListElement":[{"@type":"ListItem","position":1,"name":"Accueil","item":"https:\/\/shop.bantam.ch\/fr\/"},{"@type":"ListItem","position":2,"name":"Boutique","item":"https:\/\/shop.bantam.ch\/fr\/boutique\/"},{"@type":"ListItem","position":3,"name":"Bo\u00eetes de rangement purvario Organisateur de tiroir"}]},{"@type":"WebSite","@id":"https:\/\/shop.bantam.ch\/fr\/#website","url":"https:\/\/shop.bantam.ch\/fr\/","name":"Bantam Wankm\u00fcller SA","description":"","publisher":{"@id":"https:\/\/shop.bantam.ch\/fr\/#organization"},"inLanguage":"fr-FR"},{"@type":"Organization","@id":"https:\/\/shop.bantam.ch\/fr\/#organization","name":"Bantam Wankm\u00fcller SA","url":"https:\/\/shop.bantam.ch\/fr\/","logo":{"@type":"ImageObject","inLanguage":"fr-FR","@id":"https:\/\/shop.bantam.ch\/fr\/#\/schema\/logo\/image\/","url":"https:\/\/shop.bantam.ch\/wp-content\/uploads\/2022\/12\/bantam-logo.png","contentUrl":"https:\/\/shop.bantam.ch\/wp-content\/uploads\/2022\/12\/bantam-logo.png","width":320,"height":71,"caption":"Bantam Wankm\u00fcller SA"},"image":{"@id":"https:\/\/shop.bantam.ch\/fr\/#\/schema\/logo\/image\/"}}]}},"_links":{"self":[{"href":"https:\/\/shop.bantam.ch\/fr\/wp-json\/wp\/v2\/product\/118382","targetHints":{"allow":["GET"]}}],"collection":[{"href":"https:\/\/shop.bantam.ch\/fr\/wp-json\/wp\/v2\/product"}],"about":[{"href":"https:\/\/shop.bantam.ch\/fr\/wp-json\/wp\/v2\/types\/product"}],"wp:featuredmedia":[{"embeddable":true,"href":"https:\/\/shop.bantam.ch\/fr\/wp-json\/wp\/v2\/media\/118374"}],"wp:attachment":[{"href":"https:\/\/shop.bantam.ch\/fr\/wp-json\/wp\/v2\/media?parent=118382"}],"wp:term":[{"taxonomy":"product_featured_cat","embeddable":true,"href":"https:\/\/shop.bantam.ch\/fr\/wp-json\/wp\/v2\/product_featured_cat?post=118382"},{"taxonomy":"product_brand","embeddable":true,"href":"https:\/\/shop.bantam.ch\/fr\/wp-json\/wp\/v2\/product_brand?post=118382"},{"taxonomy":"product_cat","embeddable":true,"href":"https:\/\/shop.bantam.ch\/fr\/wp-json\/wp\/v2\/product_cat?post=118382"},{"taxonomy":"product_tag","embeddable":true,"href":"https:\/\/shop.bantam.ch\/fr\/wp-json\/wp\/v2\/product_tag?post=118382"}],"curies":[{"name":"wp","href":"https:\/\/api.w.org\/{rel}","templated":true}]}}