{"id":118180,"date":"2023-02-28T22:43:30","date_gmt":"2023-02-28T21:43:30","guid":{"rendered":"https:\/\/shop.bantam.ch\/produit\/installation-solaire-complete-travel-line-mt-120-tl-120-w\/"},"modified":"2026-04-19T21:49:28","modified_gmt":"2026-04-19T19:49:28","slug":"installation-solaire-complete-travel-line-mt-120-tl-120-w","status":"publish","type":"product","link":"https:\/\/shop.bantam.ch\/fr\/produit\/installation-solaire-complete-travel-line-mt-120-tl-120-w\/","title":{"rendered":"Installation solaire compl\u00e8te B\u00dcTTNER ELEKTRONIK Travel-Line MT 120 TL, 120 W"},"content":{"rendered":"<p>Les modules sont facilement rabattables, r\u00e9sistent \u00e0 de fortes charges et des conditions difficiles et garantissent une \u00e9nergie solaire maximale sur une petite surface maximale &#8211; avec une protection optimale par un mat\u00e9riau de face arri\u00e8re hautement stable et cousus dans une toile de b\u00e2che. Leurs aimants industriels garantissent un fort maintien. Les \u0153illets sertis permettent une fixation individuelle. Le c\u00e2ble de liaison de 10\u00a0m de long permet une s\u00e9lection flexible de l\u2019emplacement. Le r\u00e9gulateur solaire mobile (type de batterie r\u00e9glable) assure la bonne tension de charge. Il suffit de d\u00e9plier les modules solaires, de brancher le r\u00e9gulateur de charge et de le raccorder \u00e0 la batterie de bord avec le connecteur.<\/p>\n<ul>\n<li>Module pliant avec technologie de cellule cristalline<\/li>\n<li>C\u00e2ble de raccordement de 10 m\u00e8tres avec fiche universelle<\/li>\n<li>\u0152illets int\u00e9gr\u00e9s et aimants industriels<\/li>\n<li>R\u00e9gulateur solaire<\/li>\n<li>Nombre max. Rendement quotidien : 480 Wh<\/li>\n<\/ul>\n","protected":false},"excerpt":{"rendered":"<p>Les modules sont facilement rabattables, r\u00e9sistent \u00e0 de fortes charges et des conditions difficiles et garantissent une \u00e9nergie solaire maximale sur une petite surface maximale &#8211; avec une protection optimale par un mat\u00e9riau de face arri\u00e8re hautement stable et cousus dans une toile de b\u00e2che. Leurs aimants industriels garantissent un fort maintien. Les \u0153illets sertis [&hellip;]<\/p>\n","protected":false},"featured_media":118178,"template":"","meta":{"_acf_changed":false},"product_featured_cat":[],"product_brand":[3068],"product_cat":[4879],"product_tag":[],"class_list":{"0":"post-118180","1":"product","2":"type-product","3":"status-publish","4":"has-post-thumbnail","6":"product_brand-buttner-elektronik","7":"product_cat-kits-solaires","9":"first","10":"instock","11":"taxable","12":"shipping-taxable","13":"purchasable","14":"product-type-simple"},"acf":[],"yoast_head":"<!-- This site is optimized with the Yoast SEO plugin v27.4 - https:\/\/yoast.com\/product\/yoast-seo-wordpress\/ -->\n<title>Installation solaire compl\u00e8te B\u00dcTTNER ELEKTRONIK Travel-Line MT 120 TL, 120 W - Bantam Wankm\u00fcller SA<\/title>\n<meta name=\"robots\" content=\"index, follow, max-snippet:-1, max-image-preview:large, max-video-preview:-1\" \/>\n<link rel=\"canonical\" href=\"https:\/\/shop.bantam.ch\/fr\/produit\/installation-solaire-complete-travel-line-mt-120-tl-120-w\/\" \/>\n<meta property=\"og:locale\" content=\"fr_FR\" \/>\n<meta property=\"og:type\" content=\"article\" \/>\n<meta property=\"og:title\" content=\"Installation solaire compl\u00e8te B\u00dcTTNER ELEKTRONIK Travel-Line MT 120 TL, 120 W - Bantam Wankm\u00fcller SA\" \/>\n<meta property=\"og:description\" content=\"Les modules sont facilement rabattables, r\u00e9sistent \u00e0 de fortes charges et des conditions difficiles et garantissent une \u00e9nergie solaire maximale sur une petite surface maximale &#8211; avec une protection optimale par un mat\u00e9riau de face arri\u00e8re hautement stable et cousus dans une toile de b\u00e2che. Leurs aimants industriels garantissent un fort maintien. Les \u0153illets sertis [&hellip;]\" \/>\n<meta property=\"og:url\" content=\"https:\/\/shop.bantam.ch\/fr\/produit\/installation-solaire-complete-travel-line-mt-120-tl-120-w\/\" \/>\n<meta property=\"og:site_name\" content=\"Bantam Wankm\u00fcller SA\" \/>\n<meta property=\"article:modified_time\" content=\"2026-04-19T19:49:28+00:00\" \/>\n<meta property=\"og:image\" content=\"https:\/\/shop.bantam.ch\/wp-content\/uploads\/2023\/02\/995824811.jpg\" \/>\n\t<meta property=\"og:image:width\" content=\"1000\" \/>\n\t<meta property=\"og:image:height\" content=\"793\" \/>\n\t<meta property=\"og:image:type\" content=\"image\/jpeg\" \/>\n<meta name=\"twitter:card\" content=\"summary_large_image\" \/>\n<meta name=\"twitter:label1\" content=\"Dur\u00e9e de lecture estim\u00e9e\" \/>\n\t<meta name=\"twitter:data1\" content=\"1 minute\" \/>\n<script type=\"application\/ld+json\" class=\"yoast-schema-graph\">{\"@context\":\"https:\\\/\\\/schema.org\",\"@graph\":[{\"@type\":\"WebPage\",\"@id\":\"https:\\\/\\\/shop.bantam.ch\\\/fr\\\/produit\\\/installation-solaire-complete-travel-line-mt-120-tl-120-w\\\/\",\"url\":\"https:\\\/\\\/shop.bantam.ch\\\/fr\\\/produit\\\/installation-solaire-complete-travel-line-mt-120-tl-120-w\\\/\",\"name\":\"Installation solaire compl\u00e8te B\u00dcTTNER ELEKTRONIK Travel-Line MT 120 TL, 120 W - Bantam Wankm\u00fcller SA\",\"isPartOf\":{\"@id\":\"https:\\\/\\\/shop.bantam.ch\\\/fr\\\/#website\"},\"primaryImageOfPage\":{\"@id\":\"https:\\\/\\\/shop.bantam.ch\\\/fr\\\/produit\\\/installation-solaire-complete-travel-line-mt-120-tl-120-w\\\/#primaryimage\"},\"image\":{\"@id\":\"https:\\\/\\\/shop.bantam.ch\\\/fr\\\/produit\\\/installation-solaire-complete-travel-line-mt-120-tl-120-w\\\/#primaryimage\"},\"thumbnailUrl\":\"https:\\\/\\\/shop.bantam.ch\\\/wp-content\\\/uploads\\\/2023\\\/02\\\/995824811.jpg\",\"datePublished\":\"2023-02-28T21:43:30+00:00\",\"dateModified\":\"2026-04-19T19:49:28+00:00\",\"breadcrumb\":{\"@id\":\"https:\\\/\\\/shop.bantam.ch\\\/fr\\\/produit\\\/installation-solaire-complete-travel-line-mt-120-tl-120-w\\\/#breadcrumb\"},\"inLanguage\":\"fr-FR\",\"potentialAction\":[{\"@type\":\"ReadAction\",\"target\":[\"https:\\\/\\\/shop.bantam.ch\\\/fr\\\/produit\\\/installation-solaire-complete-travel-line-mt-120-tl-120-w\\\/\"]}]},{\"@type\":\"ImageObject\",\"inLanguage\":\"fr-FR\",\"@id\":\"https:\\\/\\\/shop.bantam.ch\\\/fr\\\/produit\\\/installation-solaire-complete-travel-line-mt-120-tl-120-w\\\/#primaryimage\",\"url\":\"https:\\\/\\\/shop.bantam.ch\\\/wp-content\\\/uploads\\\/2023\\\/02\\\/995824811.jpg\",\"contentUrl\":\"https:\\\/\\\/shop.bantam.ch\\\/wp-content\\\/uploads\\\/2023\\\/02\\\/995824811.jpg\",\"width\":1000,\"height\":793},{\"@type\":\"BreadcrumbList\",\"@id\":\"https:\\\/\\\/shop.bantam.ch\\\/fr\\\/produit\\\/installation-solaire-complete-travel-line-mt-120-tl-120-w\\\/#breadcrumb\",\"itemListElement\":[{\"@type\":\"ListItem\",\"position\":1,\"name\":\"Accueil\",\"item\":\"https:\\\/\\\/shop.bantam.ch\\\/fr\\\/\"},{\"@type\":\"ListItem\",\"position\":2,\"name\":\"Boutique\",\"item\":\"https:\\\/\\\/shop.bantam.ch\\\/fr\\\/boutique\\\/\"},{\"@type\":\"ListItem\",\"position\":3,\"name\":\"Installation solaire compl\u00e8te B\u00dcTTNER ELEKTRONIK Travel-Line MT 120 TL, 120 W\"}]},{\"@type\":\"WebSite\",\"@id\":\"https:\\\/\\\/shop.bantam.ch\\\/fr\\\/#website\",\"url\":\"https:\\\/\\\/shop.bantam.ch\\\/fr\\\/\",\"name\":\"Bantam Wankm\u00fcller SA\",\"description\":\"\",\"publisher\":{\"@id\":\"https:\\\/\\\/shop.bantam.ch\\\/fr\\\/#organization\"},\"inLanguage\":\"fr-FR\"},{\"@type\":\"Organization\",\"@id\":\"https:\\\/\\\/shop.bantam.ch\\\/fr\\\/#organization\",\"name\":\"Bantam Wankm\u00fcller SA\",\"url\":\"https:\\\/\\\/shop.bantam.ch\\\/fr\\\/\",\"logo\":{\"@type\":\"ImageObject\",\"inLanguage\":\"fr-FR\",\"@id\":\"https:\\\/\\\/shop.bantam.ch\\\/fr\\\/#\\\/schema\\\/logo\\\/image\\\/\",\"url\":\"https:\\\/\\\/shop.bantam.ch\\\/wp-content\\\/uploads\\\/2022\\\/12\\\/bantam-logo.png\",\"contentUrl\":\"https:\\\/\\\/shop.bantam.ch\\\/wp-content\\\/uploads\\\/2022\\\/12\\\/bantam-logo.png\",\"width\":320,\"height\":71,\"caption\":\"Bantam Wankm\u00fcller SA\"},\"image\":{\"@id\":\"https:\\\/\\\/shop.bantam.ch\\\/fr\\\/#\\\/schema\\\/logo\\\/image\\\/\"}}]}<\/script>\n<!-- \/ Yoast SEO plugin. -->","yoast_head_json":{"title":"Installation solaire compl\u00e8te B\u00dcTTNER ELEKTRONIK Travel-Line MT 120 TL, 120 W - Bantam Wankm\u00fcller SA","robots":{"index":"index","follow":"follow","max-snippet":"max-snippet:-1","max-image-preview":"max-image-preview:large","max-video-preview":"max-video-preview:-1"},"canonical":"https:\/\/shop.bantam.ch\/fr\/produit\/installation-solaire-complete-travel-line-mt-120-tl-120-w\/","og_locale":"fr_FR","og_type":"article","og_title":"Installation solaire compl\u00e8te B\u00dcTTNER ELEKTRONIK Travel-Line MT 120 TL, 120 W - Bantam Wankm\u00fcller SA","og_description":"Les modules sont facilement rabattables, r\u00e9sistent \u00e0 de fortes charges et des conditions difficiles et garantissent une \u00e9nergie solaire maximale sur une petite surface maximale &#8211; avec une protection optimale par un mat\u00e9riau de face arri\u00e8re hautement stable et cousus dans une toile de b\u00e2che. Leurs aimants industriels garantissent un fort maintien. Les \u0153illets sertis [&hellip;]","og_url":"https:\/\/shop.bantam.ch\/fr\/produit\/installation-solaire-complete-travel-line-mt-120-tl-120-w\/","og_site_name":"Bantam Wankm\u00fcller SA","article_modified_time":"2026-04-19T19:49:28+00:00","og_image":[{"width":1000,"height":793,"url":"https:\/\/shop.bantam.ch\/wp-content\/uploads\/2023\/02\/995824811.jpg","type":"image\/jpeg"}],"twitter_card":"summary_large_image","twitter_misc":{"Dur\u00e9e de lecture estim\u00e9e":"1 minute"},"schema":{"@context":"https:\/\/schema.org","@graph":[{"@type":"WebPage","@id":"https:\/\/shop.bantam.ch\/fr\/produit\/installation-solaire-complete-travel-line-mt-120-tl-120-w\/","url":"https:\/\/shop.bantam.ch\/fr\/produit\/installation-solaire-complete-travel-line-mt-120-tl-120-w\/","name":"Installation solaire compl\u00e8te B\u00dcTTNER ELEKTRONIK Travel-Line MT 120 TL, 120 W - Bantam Wankm\u00fcller SA","isPartOf":{"@id":"https:\/\/shop.bantam.ch\/fr\/#website"},"primaryImageOfPage":{"@id":"https:\/\/shop.bantam.ch\/fr\/produit\/installation-solaire-complete-travel-line-mt-120-tl-120-w\/#primaryimage"},"image":{"@id":"https:\/\/shop.bantam.ch\/fr\/produit\/installation-solaire-complete-travel-line-mt-120-tl-120-w\/#primaryimage"},"thumbnailUrl":"https:\/\/shop.bantam.ch\/wp-content\/uploads\/2023\/02\/995824811.jpg","datePublished":"2023-02-28T21:43:30+00:00","dateModified":"2026-04-19T19:49:28+00:00","breadcrumb":{"@id":"https:\/\/shop.bantam.ch\/fr\/produit\/installation-solaire-complete-travel-line-mt-120-tl-120-w\/#breadcrumb"},"inLanguage":"fr-FR","potentialAction":[{"@type":"ReadAction","target":["https:\/\/shop.bantam.ch\/fr\/produit\/installation-solaire-complete-travel-line-mt-120-tl-120-w\/"]}]},{"@type":"ImageObject","inLanguage":"fr-FR","@id":"https:\/\/shop.bantam.ch\/fr\/produit\/installation-solaire-complete-travel-line-mt-120-tl-120-w\/#primaryimage","url":"https:\/\/shop.bantam.ch\/wp-content\/uploads\/2023\/02\/995824811.jpg","contentUrl":"https:\/\/shop.bantam.ch\/wp-content\/uploads\/2023\/02\/995824811.jpg","width":1000,"height":793},{"@type":"BreadcrumbList","@id":"https:\/\/shop.bantam.ch\/fr\/produit\/installation-solaire-complete-travel-line-mt-120-tl-120-w\/#breadcrumb","itemListElement":[{"@type":"ListItem","position":1,"name":"Accueil","item":"https:\/\/shop.bantam.ch\/fr\/"},{"@type":"ListItem","position":2,"name":"Boutique","item":"https:\/\/shop.bantam.ch\/fr\/boutique\/"},{"@type":"ListItem","position":3,"name":"Installation solaire compl\u00e8te B\u00dcTTNER ELEKTRONIK Travel-Line MT 120 TL, 120 W"}]},{"@type":"WebSite","@id":"https:\/\/shop.bantam.ch\/fr\/#website","url":"https:\/\/shop.bantam.ch\/fr\/","name":"Bantam Wankm\u00fcller SA","description":"","publisher":{"@id":"https:\/\/shop.bantam.ch\/fr\/#organization"},"inLanguage":"fr-FR"},{"@type":"Organization","@id":"https:\/\/shop.bantam.ch\/fr\/#organization","name":"Bantam Wankm\u00fcller SA","url":"https:\/\/shop.bantam.ch\/fr\/","logo":{"@type":"ImageObject","inLanguage":"fr-FR","@id":"https:\/\/shop.bantam.ch\/fr\/#\/schema\/logo\/image\/","url":"https:\/\/shop.bantam.ch\/wp-content\/uploads\/2022\/12\/bantam-logo.png","contentUrl":"https:\/\/shop.bantam.ch\/wp-content\/uploads\/2022\/12\/bantam-logo.png","width":320,"height":71,"caption":"Bantam Wankm\u00fcller SA"},"image":{"@id":"https:\/\/shop.bantam.ch\/fr\/#\/schema\/logo\/image\/"}}]}},"_links":{"self":[{"href":"https:\/\/shop.bantam.ch\/fr\/wp-json\/wp\/v2\/product\/118180","targetHints":{"allow":["GET"]}}],"collection":[{"href":"https:\/\/shop.bantam.ch\/fr\/wp-json\/wp\/v2\/product"}],"about":[{"href":"https:\/\/shop.bantam.ch\/fr\/wp-json\/wp\/v2\/types\/product"}],"wp:featuredmedia":[{"embeddable":true,"href":"https:\/\/shop.bantam.ch\/fr\/wp-json\/wp\/v2\/media\/118178"}],"wp:attachment":[{"href":"https:\/\/shop.bantam.ch\/fr\/wp-json\/wp\/v2\/media?parent=118180"}],"wp:term":[{"taxonomy":"product_featured_cat","embeddable":true,"href":"https:\/\/shop.bantam.ch\/fr\/wp-json\/wp\/v2\/product_featured_cat?post=118180"},{"taxonomy":"product_brand","embeddable":true,"href":"https:\/\/shop.bantam.ch\/fr\/wp-json\/wp\/v2\/product_brand?post=118180"},{"taxonomy":"product_cat","embeddable":true,"href":"https:\/\/shop.bantam.ch\/fr\/wp-json\/wp\/v2\/product_cat?post=118180"},{"taxonomy":"product_tag","embeddable":true,"href":"https:\/\/shop.bantam.ch\/fr\/wp-json\/wp\/v2\/product_tag?post=118180"}],"curies":[{"name":"wp","href":"https:\/\/api.w.org\/{rel}","templated":true}]}}