{"id":118070,"date":"2023-02-28T22:41:21","date_gmt":"2023-02-28T21:41:21","guid":{"rendered":"https:\/\/shop.bantam.ch\/produit\/installation-solaire-complete-cds-powerline-mt\/"},"modified":"2026-04-17T23:27:34","modified_gmt":"2026-04-17T21:27:34","slug":"installation-solaire-complete-cds-powerline-mt","status":"publish","type":"product","link":"https:\/\/shop.bantam.ch\/fr\/produit\/installation-solaire-complete-cds-powerline-mt\/","title":{"rendered":"Installation solaire compl\u00e8te CDS-Powerline MT"},"content":{"rendered":"<p>Ils contiennent tout ce qui est n\u00e9cessaire pour installer un syst\u00e8me solaire pour un v\u00e9hicule de voyage. Ils sont \u00e0 l\u2019abri des rayons UV nocifs et sont \u00e9galement extr\u00eamement r\u00e9sistants aux intemp\u00e9ries. En cas de changement de v\u00e9hicule, l\u2019installation peut \u00eatre d\u00e9mont\u00e9e \u00e0 tout moment. Le support lui-m\u00eame est coll\u00e9 sur le toit \u00e0 l\u2019aide d\u2019un kit de colle sp\u00e9cial. Cela pr\u00e9sente l\u2019avantage de ne pas devoir percer de trous de fixation dans la couverture du toit. Le r\u00e9gulateur de charge MMP dispose des toutes derni\u00e8res courbes caract\u00e9ristiques et peut \u00eatre r\u00e9gl\u00e9 pour les batteries \u00e0 \u00e9lectrolyte liquide\/AGM\/gel\/LiFePO4. Elles disposent d\u2019une deuxi\u00e8me sortie de charge (batterie de d\u00e9marrage) et d\u2019une connexion pour l\u2019affichage solaire \u00e0 distance (en option).<\/p>\n<p>Contenu de la livraison :\u00a0<\/p>\n<p>Module solaire, r\u00e9gulateur solaire MPP, kit de spoiler de toit, travers\u00e9e de toit, bloc de service\/distribution, kit de collage, jeu de c\u00e2bles int\u00e9rieur\/ext\u00e9rieur, c\u00e2ble EBK, petites pi\u00e8ces, mat\u00e9riel\/instructions de montage.<\/p>\n","protected":false},"excerpt":{"rendered":"<p>Ils contiennent tout ce qui est n\u00e9cessaire pour installer un syst\u00e8me solaire pour un v\u00e9hicule de voyage. Ils sont \u00e0 l\u2019abri des rayons UV nocifs et sont \u00e9galement extr\u00eamement r\u00e9sistants aux intemp\u00e9ries. En cas de changement de v\u00e9hicule, l\u2019installation peut \u00eatre d\u00e9mont\u00e9e \u00e0 tout moment. Le support lui-m\u00eame est coll\u00e9 sur le toit \u00e0 l\u2019aide [&hellip;]<\/p>\n","protected":false},"featured_media":118062,"template":"","meta":{"_acf_changed":false},"product_featured_cat":[],"product_brand":[3068],"product_cat":[4879],"product_tag":[],"class_list":{"0":"post-118070","1":"product","2":"type-product","3":"status-publish","4":"has-post-thumbnail","6":"product_brand-buttner-elektronik","7":"product_cat-kits-solaires","9":"first","10":"instock","11":"featured","12":"taxable","13":"shipping-taxable","14":"purchasable","15":"product-type-variable"},"acf":[],"yoast_head":"<!-- This site is optimized with the Yoast SEO plugin v27.4 - https:\/\/yoast.com\/product\/yoast-seo-wordpress\/ -->\n<title>Installation solaire compl\u00e8te CDS-Powerline MT - Bantam Wankm\u00fcller SA<\/title>\n<meta name=\"robots\" content=\"index, follow, max-snippet:-1, max-image-preview:large, max-video-preview:-1\" \/>\n<link rel=\"canonical\" href=\"https:\/\/shop.bantam.ch\/fr\/produit\/installation-solaire-complete-cds-powerline-mt\/\" \/>\n<meta property=\"og:locale\" content=\"fr_FR\" \/>\n<meta property=\"og:type\" content=\"article\" \/>\n<meta property=\"og:title\" content=\"Installation solaire compl\u00e8te CDS-Powerline MT - Bantam Wankm\u00fcller SA\" \/>\n<meta property=\"og:description\" content=\"Ils contiennent tout ce qui est n\u00e9cessaire pour installer un syst\u00e8me solaire pour un v\u00e9hicule de voyage. Ils sont \u00e0 l\u2019abri des rayons UV nocifs et sont \u00e9galement extr\u00eamement r\u00e9sistants aux intemp\u00e9ries. En cas de changement de v\u00e9hicule, l\u2019installation peut \u00eatre d\u00e9mont\u00e9e \u00e0 tout moment. Le support lui-m\u00eame est coll\u00e9 sur le toit \u00e0 l\u2019aide [&hellip;]\" \/>\n<meta property=\"og:url\" content=\"https:\/\/shop.bantam.ch\/fr\/produit\/installation-solaire-complete-cds-powerline-mt\/\" \/>\n<meta property=\"og:site_name\" content=\"Bantam Wankm\u00fcller SA\" \/>\n<meta property=\"article:modified_time\" content=\"2026-04-17T21:27:34+00:00\" \/>\n<meta property=\"og:image\" content=\"https:\/\/shop.bantam.ch\/wp-content\/uploads\/2023\/02\/995823711.jpg\" \/>\n\t<meta property=\"og:image:width\" content=\"1000\" \/>\n\t<meta property=\"og:image:height\" content=\"400\" \/>\n\t<meta property=\"og:image:type\" content=\"image\/jpeg\" \/>\n<meta name=\"twitter:card\" content=\"summary_large_image\" \/>\n<meta name=\"twitter:label1\" content=\"Dur\u00e9e de lecture estim\u00e9e\" \/>\n\t<meta name=\"twitter:data1\" content=\"1 minute\" \/>\n<script type=\"application\/ld+json\" class=\"yoast-schema-graph\">{\"@context\":\"https:\\\/\\\/schema.org\",\"@graph\":[{\"@type\":\"WebPage\",\"@id\":\"https:\\\/\\\/shop.bantam.ch\\\/fr\\\/produit\\\/installation-solaire-complete-cds-powerline-mt\\\/\",\"url\":\"https:\\\/\\\/shop.bantam.ch\\\/fr\\\/produit\\\/installation-solaire-complete-cds-powerline-mt\\\/\",\"name\":\"Installation solaire compl\u00e8te CDS-Powerline MT - Bantam Wankm\u00fcller SA\",\"isPartOf\":{\"@id\":\"https:\\\/\\\/shop.bantam.ch\\\/fr\\\/#website\"},\"primaryImageOfPage\":{\"@id\":\"https:\\\/\\\/shop.bantam.ch\\\/fr\\\/produit\\\/installation-solaire-complete-cds-powerline-mt\\\/#primaryimage\"},\"image\":{\"@id\":\"https:\\\/\\\/shop.bantam.ch\\\/fr\\\/produit\\\/installation-solaire-complete-cds-powerline-mt\\\/#primaryimage\"},\"thumbnailUrl\":\"https:\\\/\\\/shop.bantam.ch\\\/wp-content\\\/uploads\\\/2023\\\/02\\\/995823711.jpg\",\"datePublished\":\"2023-02-28T21:41:21+00:00\",\"dateModified\":\"2026-04-17T21:27:34+00:00\",\"breadcrumb\":{\"@id\":\"https:\\\/\\\/shop.bantam.ch\\\/fr\\\/produit\\\/installation-solaire-complete-cds-powerline-mt\\\/#breadcrumb\"},\"inLanguage\":\"fr-FR\",\"potentialAction\":[{\"@type\":\"ReadAction\",\"target\":[\"https:\\\/\\\/shop.bantam.ch\\\/fr\\\/produit\\\/installation-solaire-complete-cds-powerline-mt\\\/\"]}]},{\"@type\":\"ImageObject\",\"inLanguage\":\"fr-FR\",\"@id\":\"https:\\\/\\\/shop.bantam.ch\\\/fr\\\/produit\\\/installation-solaire-complete-cds-powerline-mt\\\/#primaryimage\",\"url\":\"https:\\\/\\\/shop.bantam.ch\\\/wp-content\\\/uploads\\\/2023\\\/02\\\/995823711.jpg\",\"contentUrl\":\"https:\\\/\\\/shop.bantam.ch\\\/wp-content\\\/uploads\\\/2023\\\/02\\\/995823711.jpg\",\"width\":1000,\"height\":400},{\"@type\":\"BreadcrumbList\",\"@id\":\"https:\\\/\\\/shop.bantam.ch\\\/fr\\\/produit\\\/installation-solaire-complete-cds-powerline-mt\\\/#breadcrumb\",\"itemListElement\":[{\"@type\":\"ListItem\",\"position\":1,\"name\":\"Accueil\",\"item\":\"https:\\\/\\\/shop.bantam.ch\\\/fr\\\/\"},{\"@type\":\"ListItem\",\"position\":2,\"name\":\"Boutique\",\"item\":\"https:\\\/\\\/shop.bantam.ch\\\/fr\\\/boutique\\\/\"},{\"@type\":\"ListItem\",\"position\":3,\"name\":\"Installation solaire compl\u00e8te CDS-Powerline MT\"}]},{\"@type\":\"WebSite\",\"@id\":\"https:\\\/\\\/shop.bantam.ch\\\/fr\\\/#website\",\"url\":\"https:\\\/\\\/shop.bantam.ch\\\/fr\\\/\",\"name\":\"Bantam Wankm\u00fcller SA\",\"description\":\"\",\"publisher\":{\"@id\":\"https:\\\/\\\/shop.bantam.ch\\\/fr\\\/#organization\"},\"inLanguage\":\"fr-FR\"},{\"@type\":\"Organization\",\"@id\":\"https:\\\/\\\/shop.bantam.ch\\\/fr\\\/#organization\",\"name\":\"Bantam Wankm\u00fcller SA\",\"url\":\"https:\\\/\\\/shop.bantam.ch\\\/fr\\\/\",\"logo\":{\"@type\":\"ImageObject\",\"inLanguage\":\"fr-FR\",\"@id\":\"https:\\\/\\\/shop.bantam.ch\\\/fr\\\/#\\\/schema\\\/logo\\\/image\\\/\",\"url\":\"https:\\\/\\\/shop.bantam.ch\\\/wp-content\\\/uploads\\\/2022\\\/12\\\/bantam-logo.png\",\"contentUrl\":\"https:\\\/\\\/shop.bantam.ch\\\/wp-content\\\/uploads\\\/2022\\\/12\\\/bantam-logo.png\",\"width\":320,\"height\":71,\"caption\":\"Bantam Wankm\u00fcller SA\"},\"image\":{\"@id\":\"https:\\\/\\\/shop.bantam.ch\\\/fr\\\/#\\\/schema\\\/logo\\\/image\\\/\"}}]}<\/script>\n<!-- \/ Yoast SEO plugin. -->","yoast_head_json":{"title":"Installation solaire compl\u00e8te CDS-Powerline MT - Bantam Wankm\u00fcller SA","robots":{"index":"index","follow":"follow","max-snippet":"max-snippet:-1","max-image-preview":"max-image-preview:large","max-video-preview":"max-video-preview:-1"},"canonical":"https:\/\/shop.bantam.ch\/fr\/produit\/installation-solaire-complete-cds-powerline-mt\/","og_locale":"fr_FR","og_type":"article","og_title":"Installation solaire compl\u00e8te CDS-Powerline MT - Bantam Wankm\u00fcller SA","og_description":"Ils contiennent tout ce qui est n\u00e9cessaire pour installer un syst\u00e8me solaire pour un v\u00e9hicule de voyage. Ils sont \u00e0 l\u2019abri des rayons UV nocifs et sont \u00e9galement extr\u00eamement r\u00e9sistants aux intemp\u00e9ries. En cas de changement de v\u00e9hicule, l\u2019installation peut \u00eatre d\u00e9mont\u00e9e \u00e0 tout moment. Le support lui-m\u00eame est coll\u00e9 sur le toit \u00e0 l\u2019aide [&hellip;]","og_url":"https:\/\/shop.bantam.ch\/fr\/produit\/installation-solaire-complete-cds-powerline-mt\/","og_site_name":"Bantam Wankm\u00fcller SA","article_modified_time":"2026-04-17T21:27:34+00:00","og_image":[{"width":1000,"height":400,"url":"https:\/\/shop.bantam.ch\/wp-content\/uploads\/2023\/02\/995823711.jpg","type":"image\/jpeg"}],"twitter_card":"summary_large_image","twitter_misc":{"Dur\u00e9e de lecture estim\u00e9e":"1 minute"},"schema":{"@context":"https:\/\/schema.org","@graph":[{"@type":"WebPage","@id":"https:\/\/shop.bantam.ch\/fr\/produit\/installation-solaire-complete-cds-powerline-mt\/","url":"https:\/\/shop.bantam.ch\/fr\/produit\/installation-solaire-complete-cds-powerline-mt\/","name":"Installation solaire compl\u00e8te CDS-Powerline MT - Bantam Wankm\u00fcller SA","isPartOf":{"@id":"https:\/\/shop.bantam.ch\/fr\/#website"},"primaryImageOfPage":{"@id":"https:\/\/shop.bantam.ch\/fr\/produit\/installation-solaire-complete-cds-powerline-mt\/#primaryimage"},"image":{"@id":"https:\/\/shop.bantam.ch\/fr\/produit\/installation-solaire-complete-cds-powerline-mt\/#primaryimage"},"thumbnailUrl":"https:\/\/shop.bantam.ch\/wp-content\/uploads\/2023\/02\/995823711.jpg","datePublished":"2023-02-28T21:41:21+00:00","dateModified":"2026-04-17T21:27:34+00:00","breadcrumb":{"@id":"https:\/\/shop.bantam.ch\/fr\/produit\/installation-solaire-complete-cds-powerline-mt\/#breadcrumb"},"inLanguage":"fr-FR","potentialAction":[{"@type":"ReadAction","target":["https:\/\/shop.bantam.ch\/fr\/produit\/installation-solaire-complete-cds-powerline-mt\/"]}]},{"@type":"ImageObject","inLanguage":"fr-FR","@id":"https:\/\/shop.bantam.ch\/fr\/produit\/installation-solaire-complete-cds-powerline-mt\/#primaryimage","url":"https:\/\/shop.bantam.ch\/wp-content\/uploads\/2023\/02\/995823711.jpg","contentUrl":"https:\/\/shop.bantam.ch\/wp-content\/uploads\/2023\/02\/995823711.jpg","width":1000,"height":400},{"@type":"BreadcrumbList","@id":"https:\/\/shop.bantam.ch\/fr\/produit\/installation-solaire-complete-cds-powerline-mt\/#breadcrumb","itemListElement":[{"@type":"ListItem","position":1,"name":"Accueil","item":"https:\/\/shop.bantam.ch\/fr\/"},{"@type":"ListItem","position":2,"name":"Boutique","item":"https:\/\/shop.bantam.ch\/fr\/boutique\/"},{"@type":"ListItem","position":3,"name":"Installation solaire compl\u00e8te CDS-Powerline MT"}]},{"@type":"WebSite","@id":"https:\/\/shop.bantam.ch\/fr\/#website","url":"https:\/\/shop.bantam.ch\/fr\/","name":"Bantam Wankm\u00fcller SA","description":"","publisher":{"@id":"https:\/\/shop.bantam.ch\/fr\/#organization"},"inLanguage":"fr-FR"},{"@type":"Organization","@id":"https:\/\/shop.bantam.ch\/fr\/#organization","name":"Bantam Wankm\u00fcller SA","url":"https:\/\/shop.bantam.ch\/fr\/","logo":{"@type":"ImageObject","inLanguage":"fr-FR","@id":"https:\/\/shop.bantam.ch\/fr\/#\/schema\/logo\/image\/","url":"https:\/\/shop.bantam.ch\/wp-content\/uploads\/2022\/12\/bantam-logo.png","contentUrl":"https:\/\/shop.bantam.ch\/wp-content\/uploads\/2022\/12\/bantam-logo.png","width":320,"height":71,"caption":"Bantam Wankm\u00fcller SA"},"image":{"@id":"https:\/\/shop.bantam.ch\/fr\/#\/schema\/logo\/image\/"}}]}},"_links":{"self":[{"href":"https:\/\/shop.bantam.ch\/fr\/wp-json\/wp\/v2\/product\/118070","targetHints":{"allow":["GET"]}}],"collection":[{"href":"https:\/\/shop.bantam.ch\/fr\/wp-json\/wp\/v2\/product"}],"about":[{"href":"https:\/\/shop.bantam.ch\/fr\/wp-json\/wp\/v2\/types\/product"}],"wp:featuredmedia":[{"embeddable":true,"href":"https:\/\/shop.bantam.ch\/fr\/wp-json\/wp\/v2\/media\/118062"}],"wp:attachment":[{"href":"https:\/\/shop.bantam.ch\/fr\/wp-json\/wp\/v2\/media?parent=118070"}],"wp:term":[{"taxonomy":"product_featured_cat","embeddable":true,"href":"https:\/\/shop.bantam.ch\/fr\/wp-json\/wp\/v2\/product_featured_cat?post=118070"},{"taxonomy":"product_brand","embeddable":true,"href":"https:\/\/shop.bantam.ch\/fr\/wp-json\/wp\/v2\/product_brand?post=118070"},{"taxonomy":"product_cat","embeddable":true,"href":"https:\/\/shop.bantam.ch\/fr\/wp-json\/wp\/v2\/product_cat?post=118070"},{"taxonomy":"product_tag","embeddable":true,"href":"https:\/\/shop.bantam.ch\/fr\/wp-json\/wp\/v2\/product_tag?post=118070"}],"curies":[{"name":"wp","href":"https:\/\/api.w.org\/{rel}","templated":true}]}}