{"id":118040,"date":"2023-02-28T22:40:47","date_gmt":"2023-02-28T21:40:47","guid":{"rendered":"https:\/\/shop.bantam.ch\/produit\/module-solaire-flat-light-sm-flq-170-170-w\/"},"modified":"2026-04-20T21:48:02","modified_gmt":"2026-04-20T19:48:02","slug":"module-solaire-flat-light-sm-flq-170-170-w","status":"publish","type":"product","link":"https:\/\/shop.bantam.ch\/fr\/produit\/module-solaire-flat-light-sm-flq-170-170-w\/","title":{"rendered":"Mod solaire B\u00dcTTNER ELEKTRONIK Flat-Light SM-FLQ 170, 170 W"},"content":{"rendered":"<p>Sp\u00e9cialement con\u00e7u pour les toits escamotables ou sur\u00e9lev\u00e9s des camping-cars ou en version praticable sur le toit des camping-cars. Qualit\u00e9 de traitement \u00e9lev\u00e9e et puissance solaire maximale. La conception carr\u00e9e peut \u00eatre int\u00e9gr\u00e9e aux r\u00e9frig\u00e9rateurs \u00e0 compresseur et onduleurs. Avec conduit de toit ultra-plat. Nous recommandons un r\u00e9gulateur solaire MPP.<\/p>\n<ul>\n<li>Puissance quotidienne : 750 Wh<\/li>\n<\/ul>\n","protected":false},"excerpt":{"rendered":"<p>Sp\u00e9cialement con\u00e7u pour les toits escamotables ou sur\u00e9lev\u00e9s des camping-cars ou en version praticable sur le toit des camping-cars. Qualit\u00e9 de traitement \u00e9lev\u00e9e et puissance solaire maximale. La conception carr\u00e9e peut \u00eatre int\u00e9gr\u00e9e aux r\u00e9frig\u00e9rateurs \u00e0 compresseur et onduleurs. Avec conduit de toit ultra-plat. Nous recommandons un r\u00e9gulateur solaire MPP. Puissance quotidienne : 750 Wh<\/p>\n","protected":false},"featured_media":118038,"template":"","meta":{"_acf_changed":false},"product_featured_cat":[],"product_brand":[3068],"product_cat":[4883],"product_tag":[],"class_list":{"0":"post-118040","1":"product","2":"type-product","3":"status-publish","4":"has-post-thumbnail","6":"product_brand-buttner-elektronik","7":"product_cat-modules-solaires","9":"first","10":"instock","11":"taxable","12":"shipping-taxable","13":"purchasable","14":"product-type-simple"},"acf":[],"yoast_head":"<!-- This site is optimized with the Yoast SEO plugin v27.4 - https:\/\/yoast.com\/product\/yoast-seo-wordpress\/ -->\n<title>Mod solaire B\u00dcTTNER ELEKTRONIK Flat-Light SM-FLQ 170, 170 W - Bantam Wankm\u00fcller SA<\/title>\n<meta name=\"robots\" content=\"index, follow, max-snippet:-1, max-image-preview:large, max-video-preview:-1\" \/>\n<link rel=\"canonical\" href=\"https:\/\/shop.bantam.ch\/fr\/produit\/module-solaire-flat-light-sm-flq-170-170-w\/\" \/>\n<meta property=\"og:locale\" content=\"fr_FR\" \/>\n<meta property=\"og:type\" content=\"article\" \/>\n<meta property=\"og:title\" content=\"Mod solaire B\u00dcTTNER ELEKTRONIK Flat-Light SM-FLQ 170, 170 W - Bantam Wankm\u00fcller SA\" \/>\n<meta property=\"og:description\" content=\"Sp\u00e9cialement con\u00e7u pour les toits escamotables ou sur\u00e9lev\u00e9s des camping-cars ou en version praticable sur le toit des camping-cars. Qualit\u00e9 de traitement \u00e9lev\u00e9e et puissance solaire maximale. La conception carr\u00e9e peut \u00eatre int\u00e9gr\u00e9e aux r\u00e9frig\u00e9rateurs \u00e0 compresseur et onduleurs. Avec conduit de toit ultra-plat. Nous recommandons un r\u00e9gulateur solaire MPP. Puissance quotidienne : 750 Wh\" \/>\n<meta property=\"og:url\" content=\"https:\/\/shop.bantam.ch\/fr\/produit\/module-solaire-flat-light-sm-flq-170-170-w\/\" \/>\n<meta property=\"og:site_name\" content=\"Bantam Wankm\u00fcller SA\" \/>\n<meta property=\"article:modified_time\" content=\"2026-04-20T19:48:02+00:00\" \/>\n<meta property=\"og:image\" content=\"https:\/\/shop.bantam.ch\/wp-content\/uploads\/2023\/02\/995823211.jpg\" \/>\n\t<meta property=\"og:image:width\" content=\"1000\" \/>\n\t<meta property=\"og:image:height\" content=\"439\" \/>\n\t<meta property=\"og:image:type\" content=\"image\/jpeg\" \/>\n<meta name=\"twitter:card\" content=\"summary_large_image\" \/>\n<script type=\"application\/ld+json\" class=\"yoast-schema-graph\">{\"@context\":\"https:\\\/\\\/schema.org\",\"@graph\":[{\"@type\":\"WebPage\",\"@id\":\"https:\\\/\\\/shop.bantam.ch\\\/fr\\\/produit\\\/module-solaire-flat-light-sm-flq-170-170-w\\\/\",\"url\":\"https:\\\/\\\/shop.bantam.ch\\\/fr\\\/produit\\\/module-solaire-flat-light-sm-flq-170-170-w\\\/\",\"name\":\"Mod solaire B\u00dcTTNER ELEKTRONIK Flat-Light SM-FLQ 170, 170 W - Bantam Wankm\u00fcller SA\",\"isPartOf\":{\"@id\":\"https:\\\/\\\/shop.bantam.ch\\\/fr\\\/#website\"},\"primaryImageOfPage\":{\"@id\":\"https:\\\/\\\/shop.bantam.ch\\\/fr\\\/produit\\\/module-solaire-flat-light-sm-flq-170-170-w\\\/#primaryimage\"},\"image\":{\"@id\":\"https:\\\/\\\/shop.bantam.ch\\\/fr\\\/produit\\\/module-solaire-flat-light-sm-flq-170-170-w\\\/#primaryimage\"},\"thumbnailUrl\":\"https:\\\/\\\/shop.bantam.ch\\\/wp-content\\\/uploads\\\/2023\\\/02\\\/995823211.jpg\",\"datePublished\":\"2023-02-28T21:40:47+00:00\",\"dateModified\":\"2026-04-20T19:48:02+00:00\",\"breadcrumb\":{\"@id\":\"https:\\\/\\\/shop.bantam.ch\\\/fr\\\/produit\\\/module-solaire-flat-light-sm-flq-170-170-w\\\/#breadcrumb\"},\"inLanguage\":\"fr-FR\",\"potentialAction\":[{\"@type\":\"ReadAction\",\"target\":[\"https:\\\/\\\/shop.bantam.ch\\\/fr\\\/produit\\\/module-solaire-flat-light-sm-flq-170-170-w\\\/\"]}]},{\"@type\":\"ImageObject\",\"inLanguage\":\"fr-FR\",\"@id\":\"https:\\\/\\\/shop.bantam.ch\\\/fr\\\/produit\\\/module-solaire-flat-light-sm-flq-170-170-w\\\/#primaryimage\",\"url\":\"https:\\\/\\\/shop.bantam.ch\\\/wp-content\\\/uploads\\\/2023\\\/02\\\/995823211.jpg\",\"contentUrl\":\"https:\\\/\\\/shop.bantam.ch\\\/wp-content\\\/uploads\\\/2023\\\/02\\\/995823211.jpg\",\"width\":1000,\"height\":439},{\"@type\":\"BreadcrumbList\",\"@id\":\"https:\\\/\\\/shop.bantam.ch\\\/fr\\\/produit\\\/module-solaire-flat-light-sm-flq-170-170-w\\\/#breadcrumb\",\"itemListElement\":[{\"@type\":\"ListItem\",\"position\":1,\"name\":\"Accueil\",\"item\":\"https:\\\/\\\/shop.bantam.ch\\\/fr\\\/\"},{\"@type\":\"ListItem\",\"position\":2,\"name\":\"Boutique\",\"item\":\"https:\\\/\\\/shop.bantam.ch\\\/fr\\\/boutique\\\/\"},{\"@type\":\"ListItem\",\"position\":3,\"name\":\"Mod solaire B\u00dcTTNER ELEKTRONIK Flat-Light SM-FLQ 170, 170 W\"}]},{\"@type\":\"WebSite\",\"@id\":\"https:\\\/\\\/shop.bantam.ch\\\/fr\\\/#website\",\"url\":\"https:\\\/\\\/shop.bantam.ch\\\/fr\\\/\",\"name\":\"Bantam Wankm\u00fcller SA\",\"description\":\"\",\"publisher\":{\"@id\":\"https:\\\/\\\/shop.bantam.ch\\\/fr\\\/#organization\"},\"inLanguage\":\"fr-FR\"},{\"@type\":\"Organization\",\"@id\":\"https:\\\/\\\/shop.bantam.ch\\\/fr\\\/#organization\",\"name\":\"Bantam Wankm\u00fcller SA\",\"url\":\"https:\\\/\\\/shop.bantam.ch\\\/fr\\\/\",\"logo\":{\"@type\":\"ImageObject\",\"inLanguage\":\"fr-FR\",\"@id\":\"https:\\\/\\\/shop.bantam.ch\\\/fr\\\/#\\\/schema\\\/logo\\\/image\\\/\",\"url\":\"https:\\\/\\\/shop.bantam.ch\\\/wp-content\\\/uploads\\\/2022\\\/12\\\/bantam-logo.png\",\"contentUrl\":\"https:\\\/\\\/shop.bantam.ch\\\/wp-content\\\/uploads\\\/2022\\\/12\\\/bantam-logo.png\",\"width\":320,\"height\":71,\"caption\":\"Bantam Wankm\u00fcller SA\"},\"image\":{\"@id\":\"https:\\\/\\\/shop.bantam.ch\\\/fr\\\/#\\\/schema\\\/logo\\\/image\\\/\"}}]}<\/script>\n<!-- \/ Yoast SEO plugin. -->","yoast_head_json":{"title":"Mod solaire B\u00dcTTNER ELEKTRONIK Flat-Light SM-FLQ 170, 170 W - Bantam Wankm\u00fcller SA","robots":{"index":"index","follow":"follow","max-snippet":"max-snippet:-1","max-image-preview":"max-image-preview:large","max-video-preview":"max-video-preview:-1"},"canonical":"https:\/\/shop.bantam.ch\/fr\/produit\/module-solaire-flat-light-sm-flq-170-170-w\/","og_locale":"fr_FR","og_type":"article","og_title":"Mod solaire B\u00dcTTNER ELEKTRONIK Flat-Light SM-FLQ 170, 170 W - Bantam Wankm\u00fcller SA","og_description":"Sp\u00e9cialement con\u00e7u pour les toits escamotables ou sur\u00e9lev\u00e9s des camping-cars ou en version praticable sur le toit des camping-cars. Qualit\u00e9 de traitement \u00e9lev\u00e9e et puissance solaire maximale. La conception carr\u00e9e peut \u00eatre int\u00e9gr\u00e9e aux r\u00e9frig\u00e9rateurs \u00e0 compresseur et onduleurs. Avec conduit de toit ultra-plat. Nous recommandons un r\u00e9gulateur solaire MPP. Puissance quotidienne : 750 Wh","og_url":"https:\/\/shop.bantam.ch\/fr\/produit\/module-solaire-flat-light-sm-flq-170-170-w\/","og_site_name":"Bantam Wankm\u00fcller SA","article_modified_time":"2026-04-20T19:48:02+00:00","og_image":[{"width":1000,"height":439,"url":"https:\/\/shop.bantam.ch\/wp-content\/uploads\/2023\/02\/995823211.jpg","type":"image\/jpeg"}],"twitter_card":"summary_large_image","schema":{"@context":"https:\/\/schema.org","@graph":[{"@type":"WebPage","@id":"https:\/\/shop.bantam.ch\/fr\/produit\/module-solaire-flat-light-sm-flq-170-170-w\/","url":"https:\/\/shop.bantam.ch\/fr\/produit\/module-solaire-flat-light-sm-flq-170-170-w\/","name":"Mod solaire B\u00dcTTNER ELEKTRONIK Flat-Light SM-FLQ 170, 170 W - Bantam Wankm\u00fcller SA","isPartOf":{"@id":"https:\/\/shop.bantam.ch\/fr\/#website"},"primaryImageOfPage":{"@id":"https:\/\/shop.bantam.ch\/fr\/produit\/module-solaire-flat-light-sm-flq-170-170-w\/#primaryimage"},"image":{"@id":"https:\/\/shop.bantam.ch\/fr\/produit\/module-solaire-flat-light-sm-flq-170-170-w\/#primaryimage"},"thumbnailUrl":"https:\/\/shop.bantam.ch\/wp-content\/uploads\/2023\/02\/995823211.jpg","datePublished":"2023-02-28T21:40:47+00:00","dateModified":"2026-04-20T19:48:02+00:00","breadcrumb":{"@id":"https:\/\/shop.bantam.ch\/fr\/produit\/module-solaire-flat-light-sm-flq-170-170-w\/#breadcrumb"},"inLanguage":"fr-FR","potentialAction":[{"@type":"ReadAction","target":["https:\/\/shop.bantam.ch\/fr\/produit\/module-solaire-flat-light-sm-flq-170-170-w\/"]}]},{"@type":"ImageObject","inLanguage":"fr-FR","@id":"https:\/\/shop.bantam.ch\/fr\/produit\/module-solaire-flat-light-sm-flq-170-170-w\/#primaryimage","url":"https:\/\/shop.bantam.ch\/wp-content\/uploads\/2023\/02\/995823211.jpg","contentUrl":"https:\/\/shop.bantam.ch\/wp-content\/uploads\/2023\/02\/995823211.jpg","width":1000,"height":439},{"@type":"BreadcrumbList","@id":"https:\/\/shop.bantam.ch\/fr\/produit\/module-solaire-flat-light-sm-flq-170-170-w\/#breadcrumb","itemListElement":[{"@type":"ListItem","position":1,"name":"Accueil","item":"https:\/\/shop.bantam.ch\/fr\/"},{"@type":"ListItem","position":2,"name":"Boutique","item":"https:\/\/shop.bantam.ch\/fr\/boutique\/"},{"@type":"ListItem","position":3,"name":"Mod solaire B\u00dcTTNER ELEKTRONIK Flat-Light SM-FLQ 170, 170 W"}]},{"@type":"WebSite","@id":"https:\/\/shop.bantam.ch\/fr\/#website","url":"https:\/\/shop.bantam.ch\/fr\/","name":"Bantam Wankm\u00fcller SA","description":"","publisher":{"@id":"https:\/\/shop.bantam.ch\/fr\/#organization"},"inLanguage":"fr-FR"},{"@type":"Organization","@id":"https:\/\/shop.bantam.ch\/fr\/#organization","name":"Bantam Wankm\u00fcller SA","url":"https:\/\/shop.bantam.ch\/fr\/","logo":{"@type":"ImageObject","inLanguage":"fr-FR","@id":"https:\/\/shop.bantam.ch\/fr\/#\/schema\/logo\/image\/","url":"https:\/\/shop.bantam.ch\/wp-content\/uploads\/2022\/12\/bantam-logo.png","contentUrl":"https:\/\/shop.bantam.ch\/wp-content\/uploads\/2022\/12\/bantam-logo.png","width":320,"height":71,"caption":"Bantam Wankm\u00fcller SA"},"image":{"@id":"https:\/\/shop.bantam.ch\/fr\/#\/schema\/logo\/image\/"}}]}},"_links":{"self":[{"href":"https:\/\/shop.bantam.ch\/fr\/wp-json\/wp\/v2\/product\/118040","targetHints":{"allow":["GET"]}}],"collection":[{"href":"https:\/\/shop.bantam.ch\/fr\/wp-json\/wp\/v2\/product"}],"about":[{"href":"https:\/\/shop.bantam.ch\/fr\/wp-json\/wp\/v2\/types\/product"}],"wp:featuredmedia":[{"embeddable":true,"href":"https:\/\/shop.bantam.ch\/fr\/wp-json\/wp\/v2\/media\/118038"}],"wp:attachment":[{"href":"https:\/\/shop.bantam.ch\/fr\/wp-json\/wp\/v2\/media?parent=118040"}],"wp:term":[{"taxonomy":"product_featured_cat","embeddable":true,"href":"https:\/\/shop.bantam.ch\/fr\/wp-json\/wp\/v2\/product_featured_cat?post=118040"},{"taxonomy":"product_brand","embeddable":true,"href":"https:\/\/shop.bantam.ch\/fr\/wp-json\/wp\/v2\/product_brand?post=118040"},{"taxonomy":"product_cat","embeddable":true,"href":"https:\/\/shop.bantam.ch\/fr\/wp-json\/wp\/v2\/product_cat?post=118040"},{"taxonomy":"product_tag","embeddable":true,"href":"https:\/\/shop.bantam.ch\/fr\/wp-json\/wp\/v2\/product_tag?post=118040"}],"curies":[{"name":"wp","href":"https:\/\/api.w.org\/{rel}","templated":true}]}}