{"id":118036,"date":"2023-02-28T22:40:41","date_gmt":"2023-02-28T21:40:41","guid":{"rendered":"https:\/\/shop.bantam.ch\/produit\/module-solaire-flat-light-sm-fl-150-150-w\/"},"modified":"2026-04-17T21:46:38","modified_gmt":"2026-04-17T19:46:38","slug":"module-solaire-flat-light-sm-fl-150-150-w","status":"publish","type":"product","link":"https:\/\/shop.bantam.ch\/fr\/produit\/module-solaire-flat-light-sm-fl-150-150-w\/","title":{"rendered":"Mod solaire B\u00dcTTNER ELEKTRONIK Flat- Light SM-FL 150, 150 W"},"content":{"rendered":"<p>Modules solaires haut de gamme pour collage direct. Extr\u00eamement l\u00e9ger avec une hauteur r\u00e9duite et des dimensions compactes. Il est possible de marcher sur la sortie de toit qui est absolument \u00e9tanche ainsi que sur le module solaire, s\u2019ils sont coll\u00e9s sur une grande surface. Les cellules hautes performances sont prot\u00e9g\u00e9es de mani\u00e8re optimale et peuvent \u00e9galement \u00eatre coll\u00e9es sur des surfaces de toit l\u00e9g\u00e8rement incurv\u00e9es.<\/p>\n<p>Contenu de la livraison :<\/p>\n<p>Sortie de toit adh\u00e9sive incluse<\/p>\n<p>Puissance quotidienne max. : 660 Wh<\/p>\n<p>Puissance nominale : 150 Wp<\/p>\n","protected":false},"excerpt":{"rendered":"<p>Modules solaires haut de gamme pour collage direct. Extr\u00eamement l\u00e9ger avec une hauteur r\u00e9duite et des dimensions compactes. Il est possible de marcher sur la sortie de toit qui est absolument \u00e9tanche ainsi que sur le module solaire, s\u2019ils sont coll\u00e9s sur une grande surface. Les cellules hautes performances sont prot\u00e9g\u00e9es de mani\u00e8re optimale et [&hellip;]<\/p>\n","protected":false},"featured_media":118034,"template":"","meta":{"_acf_changed":false},"product_featured_cat":[],"product_brand":[3068],"product_cat":[4883],"product_tag":[],"class_list":{"0":"post-118036","1":"product","2":"type-product","3":"status-publish","4":"has-post-thumbnail","6":"product_brand-buttner-elektronik","7":"product_cat-modules-solaires","9":"first","10":"instock","11":"taxable","12":"shipping-taxable","13":"purchasable","14":"product-type-simple"},"acf":[],"yoast_head":"<!-- This site is optimized with the Yoast SEO plugin v27.4 - https:\/\/yoast.com\/product\/yoast-seo-wordpress\/ -->\n<title>Mod solaire B\u00dcTTNER ELEKTRONIK Flat- Light SM-FL 150, 150 W - Bantam Wankm\u00fcller SA<\/title>\n<meta name=\"robots\" content=\"index, follow, max-snippet:-1, max-image-preview:large, max-video-preview:-1\" \/>\n<link rel=\"canonical\" href=\"https:\/\/shop.bantam.ch\/fr\/produit\/module-solaire-flat-light-sm-fl-150-150-w\/\" \/>\n<meta property=\"og:locale\" content=\"fr_FR\" \/>\n<meta property=\"og:type\" content=\"article\" \/>\n<meta property=\"og:title\" content=\"Mod solaire B\u00dcTTNER ELEKTRONIK Flat- Light SM-FL 150, 150 W - Bantam Wankm\u00fcller SA\" \/>\n<meta property=\"og:description\" content=\"Modules solaires haut de gamme pour collage direct. Extr\u00eamement l\u00e9ger avec une hauteur r\u00e9duite et des dimensions compactes. Il est possible de marcher sur la sortie de toit qui est absolument \u00e9tanche ainsi que sur le module solaire, s\u2019ils sont coll\u00e9s sur une grande surface. Les cellules hautes performances sont prot\u00e9g\u00e9es de mani\u00e8re optimale et [&hellip;]\" \/>\n<meta property=\"og:url\" content=\"https:\/\/shop.bantam.ch\/fr\/produit\/module-solaire-flat-light-sm-fl-150-150-w\/\" \/>\n<meta property=\"og:site_name\" content=\"Bantam Wankm\u00fcller SA\" \/>\n<meta property=\"article:modified_time\" content=\"2026-04-17T19:46:38+00:00\" \/>\n<meta property=\"og:image\" content=\"https:\/\/shop.bantam.ch\/wp-content\/uploads\/2023\/02\/993070811zHSFFI1AZwoPj-1.jpg\" \/>\n\t<meta property=\"og:image:width\" content=\"1000\" \/>\n\t<meta property=\"og:image:height\" content=\"291\" \/>\n\t<meta property=\"og:image:type\" content=\"image\/jpeg\" \/>\n<meta name=\"twitter:card\" content=\"summary_large_image\" \/>\n<script type=\"application\/ld+json\" class=\"yoast-schema-graph\">{\"@context\":\"https:\\\/\\\/schema.org\",\"@graph\":[{\"@type\":\"WebPage\",\"@id\":\"https:\\\/\\\/shop.bantam.ch\\\/fr\\\/produit\\\/module-solaire-flat-light-sm-fl-150-150-w\\\/\",\"url\":\"https:\\\/\\\/shop.bantam.ch\\\/fr\\\/produit\\\/module-solaire-flat-light-sm-fl-150-150-w\\\/\",\"name\":\"Mod solaire B\u00dcTTNER ELEKTRONIK Flat- Light SM-FL 150, 150 W - Bantam Wankm\u00fcller SA\",\"isPartOf\":{\"@id\":\"https:\\\/\\\/shop.bantam.ch\\\/fr\\\/#website\"},\"primaryImageOfPage\":{\"@id\":\"https:\\\/\\\/shop.bantam.ch\\\/fr\\\/produit\\\/module-solaire-flat-light-sm-fl-150-150-w\\\/#primaryimage\"},\"image\":{\"@id\":\"https:\\\/\\\/shop.bantam.ch\\\/fr\\\/produit\\\/module-solaire-flat-light-sm-fl-150-150-w\\\/#primaryimage\"},\"thumbnailUrl\":\"https:\\\/\\\/shop.bantam.ch\\\/wp-content\\\/uploads\\\/2023\\\/02\\\/993070811zHSFFI1AZwoPj-1.jpg\",\"datePublished\":\"2023-02-28T21:40:41+00:00\",\"dateModified\":\"2026-04-17T19:46:38+00:00\",\"breadcrumb\":{\"@id\":\"https:\\\/\\\/shop.bantam.ch\\\/fr\\\/produit\\\/module-solaire-flat-light-sm-fl-150-150-w\\\/#breadcrumb\"},\"inLanguage\":\"fr-FR\",\"potentialAction\":[{\"@type\":\"ReadAction\",\"target\":[\"https:\\\/\\\/shop.bantam.ch\\\/fr\\\/produit\\\/module-solaire-flat-light-sm-fl-150-150-w\\\/\"]}]},{\"@type\":\"ImageObject\",\"inLanguage\":\"fr-FR\",\"@id\":\"https:\\\/\\\/shop.bantam.ch\\\/fr\\\/produit\\\/module-solaire-flat-light-sm-fl-150-150-w\\\/#primaryimage\",\"url\":\"https:\\\/\\\/shop.bantam.ch\\\/wp-content\\\/uploads\\\/2023\\\/02\\\/993070811zHSFFI1AZwoPj-1.jpg\",\"contentUrl\":\"https:\\\/\\\/shop.bantam.ch\\\/wp-content\\\/uploads\\\/2023\\\/02\\\/993070811zHSFFI1AZwoPj-1.jpg\",\"width\":1000,\"height\":291},{\"@type\":\"BreadcrumbList\",\"@id\":\"https:\\\/\\\/shop.bantam.ch\\\/fr\\\/produit\\\/module-solaire-flat-light-sm-fl-150-150-w\\\/#breadcrumb\",\"itemListElement\":[{\"@type\":\"ListItem\",\"position\":1,\"name\":\"Accueil\",\"item\":\"https:\\\/\\\/shop.bantam.ch\\\/fr\\\/\"},{\"@type\":\"ListItem\",\"position\":2,\"name\":\"Boutique\",\"item\":\"https:\\\/\\\/shop.bantam.ch\\\/fr\\\/boutique\\\/\"},{\"@type\":\"ListItem\",\"position\":3,\"name\":\"Mod solaire B\u00dcTTNER ELEKTRONIK Flat- Light SM-FL 150, 150 W\"}]},{\"@type\":\"WebSite\",\"@id\":\"https:\\\/\\\/shop.bantam.ch\\\/fr\\\/#website\",\"url\":\"https:\\\/\\\/shop.bantam.ch\\\/fr\\\/\",\"name\":\"Bantam Wankm\u00fcller SA\",\"description\":\"\",\"publisher\":{\"@id\":\"https:\\\/\\\/shop.bantam.ch\\\/fr\\\/#organization\"},\"inLanguage\":\"fr-FR\"},{\"@type\":\"Organization\",\"@id\":\"https:\\\/\\\/shop.bantam.ch\\\/fr\\\/#organization\",\"name\":\"Bantam Wankm\u00fcller SA\",\"url\":\"https:\\\/\\\/shop.bantam.ch\\\/fr\\\/\",\"logo\":{\"@type\":\"ImageObject\",\"inLanguage\":\"fr-FR\",\"@id\":\"https:\\\/\\\/shop.bantam.ch\\\/fr\\\/#\\\/schema\\\/logo\\\/image\\\/\",\"url\":\"https:\\\/\\\/shop.bantam.ch\\\/wp-content\\\/uploads\\\/2022\\\/12\\\/bantam-logo.png\",\"contentUrl\":\"https:\\\/\\\/shop.bantam.ch\\\/wp-content\\\/uploads\\\/2022\\\/12\\\/bantam-logo.png\",\"width\":320,\"height\":71,\"caption\":\"Bantam Wankm\u00fcller SA\"},\"image\":{\"@id\":\"https:\\\/\\\/shop.bantam.ch\\\/fr\\\/#\\\/schema\\\/logo\\\/image\\\/\"}}]}<\/script>\n<!-- \/ Yoast SEO plugin. -->","yoast_head_json":{"title":"Mod solaire B\u00dcTTNER ELEKTRONIK Flat- Light SM-FL 150, 150 W - Bantam Wankm\u00fcller SA","robots":{"index":"index","follow":"follow","max-snippet":"max-snippet:-1","max-image-preview":"max-image-preview:large","max-video-preview":"max-video-preview:-1"},"canonical":"https:\/\/shop.bantam.ch\/fr\/produit\/module-solaire-flat-light-sm-fl-150-150-w\/","og_locale":"fr_FR","og_type":"article","og_title":"Mod solaire B\u00dcTTNER ELEKTRONIK Flat- Light SM-FL 150, 150 W - Bantam Wankm\u00fcller SA","og_description":"Modules solaires haut de gamme pour collage direct. Extr\u00eamement l\u00e9ger avec une hauteur r\u00e9duite et des dimensions compactes. Il est possible de marcher sur la sortie de toit qui est absolument \u00e9tanche ainsi que sur le module solaire, s\u2019ils sont coll\u00e9s sur une grande surface. Les cellules hautes performances sont prot\u00e9g\u00e9es de mani\u00e8re optimale et [&hellip;]","og_url":"https:\/\/shop.bantam.ch\/fr\/produit\/module-solaire-flat-light-sm-fl-150-150-w\/","og_site_name":"Bantam Wankm\u00fcller SA","article_modified_time":"2026-04-17T19:46:38+00:00","og_image":[{"width":1000,"height":291,"url":"https:\/\/shop.bantam.ch\/wp-content\/uploads\/2023\/02\/993070811zHSFFI1AZwoPj-1.jpg","type":"image\/jpeg"}],"twitter_card":"summary_large_image","schema":{"@context":"https:\/\/schema.org","@graph":[{"@type":"WebPage","@id":"https:\/\/shop.bantam.ch\/fr\/produit\/module-solaire-flat-light-sm-fl-150-150-w\/","url":"https:\/\/shop.bantam.ch\/fr\/produit\/module-solaire-flat-light-sm-fl-150-150-w\/","name":"Mod solaire B\u00dcTTNER ELEKTRONIK Flat- Light SM-FL 150, 150 W - Bantam Wankm\u00fcller SA","isPartOf":{"@id":"https:\/\/shop.bantam.ch\/fr\/#website"},"primaryImageOfPage":{"@id":"https:\/\/shop.bantam.ch\/fr\/produit\/module-solaire-flat-light-sm-fl-150-150-w\/#primaryimage"},"image":{"@id":"https:\/\/shop.bantam.ch\/fr\/produit\/module-solaire-flat-light-sm-fl-150-150-w\/#primaryimage"},"thumbnailUrl":"https:\/\/shop.bantam.ch\/wp-content\/uploads\/2023\/02\/993070811zHSFFI1AZwoPj-1.jpg","datePublished":"2023-02-28T21:40:41+00:00","dateModified":"2026-04-17T19:46:38+00:00","breadcrumb":{"@id":"https:\/\/shop.bantam.ch\/fr\/produit\/module-solaire-flat-light-sm-fl-150-150-w\/#breadcrumb"},"inLanguage":"fr-FR","potentialAction":[{"@type":"ReadAction","target":["https:\/\/shop.bantam.ch\/fr\/produit\/module-solaire-flat-light-sm-fl-150-150-w\/"]}]},{"@type":"ImageObject","inLanguage":"fr-FR","@id":"https:\/\/shop.bantam.ch\/fr\/produit\/module-solaire-flat-light-sm-fl-150-150-w\/#primaryimage","url":"https:\/\/shop.bantam.ch\/wp-content\/uploads\/2023\/02\/993070811zHSFFI1AZwoPj-1.jpg","contentUrl":"https:\/\/shop.bantam.ch\/wp-content\/uploads\/2023\/02\/993070811zHSFFI1AZwoPj-1.jpg","width":1000,"height":291},{"@type":"BreadcrumbList","@id":"https:\/\/shop.bantam.ch\/fr\/produit\/module-solaire-flat-light-sm-fl-150-150-w\/#breadcrumb","itemListElement":[{"@type":"ListItem","position":1,"name":"Accueil","item":"https:\/\/shop.bantam.ch\/fr\/"},{"@type":"ListItem","position":2,"name":"Boutique","item":"https:\/\/shop.bantam.ch\/fr\/boutique\/"},{"@type":"ListItem","position":3,"name":"Mod solaire B\u00dcTTNER ELEKTRONIK Flat- Light SM-FL 150, 150 W"}]},{"@type":"WebSite","@id":"https:\/\/shop.bantam.ch\/fr\/#website","url":"https:\/\/shop.bantam.ch\/fr\/","name":"Bantam Wankm\u00fcller SA","description":"","publisher":{"@id":"https:\/\/shop.bantam.ch\/fr\/#organization"},"inLanguage":"fr-FR"},{"@type":"Organization","@id":"https:\/\/shop.bantam.ch\/fr\/#organization","name":"Bantam Wankm\u00fcller SA","url":"https:\/\/shop.bantam.ch\/fr\/","logo":{"@type":"ImageObject","inLanguage":"fr-FR","@id":"https:\/\/shop.bantam.ch\/fr\/#\/schema\/logo\/image\/","url":"https:\/\/shop.bantam.ch\/wp-content\/uploads\/2022\/12\/bantam-logo.png","contentUrl":"https:\/\/shop.bantam.ch\/wp-content\/uploads\/2022\/12\/bantam-logo.png","width":320,"height":71,"caption":"Bantam Wankm\u00fcller SA"},"image":{"@id":"https:\/\/shop.bantam.ch\/fr\/#\/schema\/logo\/image\/"}}]}},"_links":{"self":[{"href":"https:\/\/shop.bantam.ch\/fr\/wp-json\/wp\/v2\/product\/118036","targetHints":{"allow":["GET"]}}],"collection":[{"href":"https:\/\/shop.bantam.ch\/fr\/wp-json\/wp\/v2\/product"}],"about":[{"href":"https:\/\/shop.bantam.ch\/fr\/wp-json\/wp\/v2\/types\/product"}],"wp:featuredmedia":[{"embeddable":true,"href":"https:\/\/shop.bantam.ch\/fr\/wp-json\/wp\/v2\/media\/118034"}],"wp:attachment":[{"href":"https:\/\/shop.bantam.ch\/fr\/wp-json\/wp\/v2\/media?parent=118036"}],"wp:term":[{"taxonomy":"product_featured_cat","embeddable":true,"href":"https:\/\/shop.bantam.ch\/fr\/wp-json\/wp\/v2\/product_featured_cat?post=118036"},{"taxonomy":"product_brand","embeddable":true,"href":"https:\/\/shop.bantam.ch\/fr\/wp-json\/wp\/v2\/product_brand?post=118036"},{"taxonomy":"product_cat","embeddable":true,"href":"https:\/\/shop.bantam.ch\/fr\/wp-json\/wp\/v2\/product_cat?post=118036"},{"taxonomy":"product_tag","embeddable":true,"href":"https:\/\/shop.bantam.ch\/fr\/wp-json\/wp\/v2\/product_tag?post=118036"}],"curies":[{"name":"wp","href":"https:\/\/api.w.org\/{rel}","templated":true}]}}