{"id":117958,"date":"2023-02-28T22:38:36","date_gmt":"2023-02-28T21:38:36","guid":{"rendered":"https:\/\/shop.bantam.ch\/produit\/modules-solaires-cds-powerline-mt-sm\/"},"modified":"2026-04-17T23:26:51","modified_gmt":"2026-04-17T21:26:51","slug":"modules-solaires-cds-powerline-mt-sm","status":"publish","type":"product","link":"https:\/\/shop.bantam.ch\/fr\/produit\/modules-solaires-cds-powerline-mt-sm\/","title":{"rendered":"Modules solaires CDS Powerline MT-SM"},"content":{"rendered":"<p>Gr\u00e2ce \u00e0 une nouvelle technologie de c\u00e2blage, nettement moins sensibles \u00e0 l\u2019ombragement partiel. Il en r\u00e9sulte un rendement accru dans les cas o\u00f9 il n\u2019est pas possible, selon l\u2019emplacement donn\u00e9, d\u2019\u00e9viter un ombragement partiel. \u00c9quip\u00e9s de 44 cellules monocristallines haute performance.<\/p>\n","protected":false},"excerpt":{"rendered":"<p>Gr\u00e2ce \u00e0 une nouvelle technologie de c\u00e2blage, nettement moins sensibles \u00e0 l\u2019ombragement partiel. Il en r\u00e9sulte un rendement accru dans les cas o\u00f9 il n\u2019est pas possible, selon l\u2019emplacement donn\u00e9, d\u2019\u00e9viter un ombragement partiel. \u00c9quip\u00e9s de 44 cellules monocristallines haute performance.<\/p>\n","protected":false},"featured_media":117954,"template":"","meta":{"_acf_changed":false},"product_featured_cat":[],"product_brand":[3068],"product_cat":[4883],"product_tag":[],"class_list":{"0":"post-117958","1":"product","2":"type-product","3":"status-publish","4":"has-post-thumbnail","6":"product_brand-buttner-elektronik","7":"product_cat-modules-solaires","9":"first","10":"instock","11":"taxable","12":"shipping-taxable","13":"purchasable","14":"product-type-variable"},"acf":[],"yoast_head":"<!-- This site is optimized with the Yoast SEO plugin v27.4 - https:\/\/yoast.com\/product\/yoast-seo-wordpress\/ -->\n<title>Modules solaires CDS Powerline MT-SM - Bantam Wankm\u00fcller SA<\/title>\n<meta name=\"robots\" content=\"index, follow, max-snippet:-1, max-image-preview:large, max-video-preview:-1\" \/>\n<link rel=\"canonical\" href=\"https:\/\/shop.bantam.ch\/fr\/produit\/modules-solaires-cds-powerline-mt-sm\/\" \/>\n<meta property=\"og:locale\" content=\"fr_FR\" \/>\n<meta property=\"og:type\" content=\"article\" \/>\n<meta property=\"og:title\" content=\"Modules solaires CDS Powerline MT-SM - Bantam Wankm\u00fcller SA\" \/>\n<meta property=\"og:description\" content=\"Gr\u00e2ce \u00e0 une nouvelle technologie de c\u00e2blage, nettement moins sensibles \u00e0 l\u2019ombragement partiel. Il en r\u00e9sulte un rendement accru dans les cas o\u00f9 il n\u2019est pas possible, selon l\u2019emplacement donn\u00e9, d\u2019\u00e9viter un ombragement partiel. \u00c9quip\u00e9s de 44 cellules monocristallines haute performance.\" \/>\n<meta property=\"og:url\" content=\"https:\/\/shop.bantam.ch\/fr\/produit\/modules-solaires-cds-powerline-mt-sm\/\" \/>\n<meta property=\"og:site_name\" content=\"Bantam Wankm\u00fcller SA\" \/>\n<meta property=\"article:modified_time\" content=\"2026-04-17T21:26:51+00:00\" \/>\n<meta property=\"og:image\" content=\"https:\/\/shop.bantam.ch\/wp-content\/uploads\/2023\/02\/995822811.jpg\" \/>\n\t<meta property=\"og:image:width\" content=\"570\" \/>\n\t<meta property=\"og:image:height\" content=\"1000\" \/>\n\t<meta property=\"og:image:type\" content=\"image\/jpeg\" \/>\n<meta name=\"twitter:card\" content=\"summary_large_image\" \/>\n<script type=\"application\/ld+json\" class=\"yoast-schema-graph\">{\"@context\":\"https:\\\/\\\/schema.org\",\"@graph\":[{\"@type\":\"WebPage\",\"@id\":\"https:\\\/\\\/shop.bantam.ch\\\/fr\\\/produit\\\/modules-solaires-cds-powerline-mt-sm\\\/\",\"url\":\"https:\\\/\\\/shop.bantam.ch\\\/fr\\\/produit\\\/modules-solaires-cds-powerline-mt-sm\\\/\",\"name\":\"Modules solaires CDS Powerline MT-SM - Bantam Wankm\u00fcller SA\",\"isPartOf\":{\"@id\":\"https:\\\/\\\/shop.bantam.ch\\\/fr\\\/#website\"},\"primaryImageOfPage\":{\"@id\":\"https:\\\/\\\/shop.bantam.ch\\\/fr\\\/produit\\\/modules-solaires-cds-powerline-mt-sm\\\/#primaryimage\"},\"image\":{\"@id\":\"https:\\\/\\\/shop.bantam.ch\\\/fr\\\/produit\\\/modules-solaires-cds-powerline-mt-sm\\\/#primaryimage\"},\"thumbnailUrl\":\"https:\\\/\\\/shop.bantam.ch\\\/wp-content\\\/uploads\\\/2023\\\/02\\\/995822811.jpg\",\"datePublished\":\"2023-02-28T21:38:36+00:00\",\"dateModified\":\"2026-04-17T21:26:51+00:00\",\"breadcrumb\":{\"@id\":\"https:\\\/\\\/shop.bantam.ch\\\/fr\\\/produit\\\/modules-solaires-cds-powerline-mt-sm\\\/#breadcrumb\"},\"inLanguage\":\"fr-FR\",\"potentialAction\":[{\"@type\":\"ReadAction\",\"target\":[\"https:\\\/\\\/shop.bantam.ch\\\/fr\\\/produit\\\/modules-solaires-cds-powerline-mt-sm\\\/\"]}]},{\"@type\":\"ImageObject\",\"inLanguage\":\"fr-FR\",\"@id\":\"https:\\\/\\\/shop.bantam.ch\\\/fr\\\/produit\\\/modules-solaires-cds-powerline-mt-sm\\\/#primaryimage\",\"url\":\"https:\\\/\\\/shop.bantam.ch\\\/wp-content\\\/uploads\\\/2023\\\/02\\\/995822811.jpg\",\"contentUrl\":\"https:\\\/\\\/shop.bantam.ch\\\/wp-content\\\/uploads\\\/2023\\\/02\\\/995822811.jpg\",\"width\":570,\"height\":1000},{\"@type\":\"BreadcrumbList\",\"@id\":\"https:\\\/\\\/shop.bantam.ch\\\/fr\\\/produit\\\/modules-solaires-cds-powerline-mt-sm\\\/#breadcrumb\",\"itemListElement\":[{\"@type\":\"ListItem\",\"position\":1,\"name\":\"Accueil\",\"item\":\"https:\\\/\\\/shop.bantam.ch\\\/fr\\\/\"},{\"@type\":\"ListItem\",\"position\":2,\"name\":\"Boutique\",\"item\":\"https:\\\/\\\/shop.bantam.ch\\\/fr\\\/boutique\\\/\"},{\"@type\":\"ListItem\",\"position\":3,\"name\":\"Modules solaires CDS Powerline MT-SM\"}]},{\"@type\":\"WebSite\",\"@id\":\"https:\\\/\\\/shop.bantam.ch\\\/fr\\\/#website\",\"url\":\"https:\\\/\\\/shop.bantam.ch\\\/fr\\\/\",\"name\":\"Bantam Wankm\u00fcller SA\",\"description\":\"\",\"publisher\":{\"@id\":\"https:\\\/\\\/shop.bantam.ch\\\/fr\\\/#organization\"},\"inLanguage\":\"fr-FR\"},{\"@type\":\"Organization\",\"@id\":\"https:\\\/\\\/shop.bantam.ch\\\/fr\\\/#organization\",\"name\":\"Bantam Wankm\u00fcller SA\",\"url\":\"https:\\\/\\\/shop.bantam.ch\\\/fr\\\/\",\"logo\":{\"@type\":\"ImageObject\",\"inLanguage\":\"fr-FR\",\"@id\":\"https:\\\/\\\/shop.bantam.ch\\\/fr\\\/#\\\/schema\\\/logo\\\/image\\\/\",\"url\":\"https:\\\/\\\/shop.bantam.ch\\\/wp-content\\\/uploads\\\/2022\\\/12\\\/bantam-logo.png\",\"contentUrl\":\"https:\\\/\\\/shop.bantam.ch\\\/wp-content\\\/uploads\\\/2022\\\/12\\\/bantam-logo.png\",\"width\":320,\"height\":71,\"caption\":\"Bantam Wankm\u00fcller SA\"},\"image\":{\"@id\":\"https:\\\/\\\/shop.bantam.ch\\\/fr\\\/#\\\/schema\\\/logo\\\/image\\\/\"}}]}<\/script>\n<!-- \/ Yoast SEO plugin. -->","yoast_head_json":{"title":"Modules solaires CDS Powerline MT-SM - Bantam Wankm\u00fcller SA","robots":{"index":"index","follow":"follow","max-snippet":"max-snippet:-1","max-image-preview":"max-image-preview:large","max-video-preview":"max-video-preview:-1"},"canonical":"https:\/\/shop.bantam.ch\/fr\/produit\/modules-solaires-cds-powerline-mt-sm\/","og_locale":"fr_FR","og_type":"article","og_title":"Modules solaires CDS Powerline MT-SM - Bantam Wankm\u00fcller SA","og_description":"Gr\u00e2ce \u00e0 une nouvelle technologie de c\u00e2blage, nettement moins sensibles \u00e0 l\u2019ombragement partiel. Il en r\u00e9sulte un rendement accru dans les cas o\u00f9 il n\u2019est pas possible, selon l\u2019emplacement donn\u00e9, d\u2019\u00e9viter un ombragement partiel. \u00c9quip\u00e9s de 44 cellules monocristallines haute performance.","og_url":"https:\/\/shop.bantam.ch\/fr\/produit\/modules-solaires-cds-powerline-mt-sm\/","og_site_name":"Bantam Wankm\u00fcller SA","article_modified_time":"2026-04-17T21:26:51+00:00","og_image":[{"width":570,"height":1000,"url":"https:\/\/shop.bantam.ch\/wp-content\/uploads\/2023\/02\/995822811.jpg","type":"image\/jpeg"}],"twitter_card":"summary_large_image","schema":{"@context":"https:\/\/schema.org","@graph":[{"@type":"WebPage","@id":"https:\/\/shop.bantam.ch\/fr\/produit\/modules-solaires-cds-powerline-mt-sm\/","url":"https:\/\/shop.bantam.ch\/fr\/produit\/modules-solaires-cds-powerline-mt-sm\/","name":"Modules solaires CDS Powerline MT-SM - Bantam Wankm\u00fcller SA","isPartOf":{"@id":"https:\/\/shop.bantam.ch\/fr\/#website"},"primaryImageOfPage":{"@id":"https:\/\/shop.bantam.ch\/fr\/produit\/modules-solaires-cds-powerline-mt-sm\/#primaryimage"},"image":{"@id":"https:\/\/shop.bantam.ch\/fr\/produit\/modules-solaires-cds-powerline-mt-sm\/#primaryimage"},"thumbnailUrl":"https:\/\/shop.bantam.ch\/wp-content\/uploads\/2023\/02\/995822811.jpg","datePublished":"2023-02-28T21:38:36+00:00","dateModified":"2026-04-17T21:26:51+00:00","breadcrumb":{"@id":"https:\/\/shop.bantam.ch\/fr\/produit\/modules-solaires-cds-powerline-mt-sm\/#breadcrumb"},"inLanguage":"fr-FR","potentialAction":[{"@type":"ReadAction","target":["https:\/\/shop.bantam.ch\/fr\/produit\/modules-solaires-cds-powerline-mt-sm\/"]}]},{"@type":"ImageObject","inLanguage":"fr-FR","@id":"https:\/\/shop.bantam.ch\/fr\/produit\/modules-solaires-cds-powerline-mt-sm\/#primaryimage","url":"https:\/\/shop.bantam.ch\/wp-content\/uploads\/2023\/02\/995822811.jpg","contentUrl":"https:\/\/shop.bantam.ch\/wp-content\/uploads\/2023\/02\/995822811.jpg","width":570,"height":1000},{"@type":"BreadcrumbList","@id":"https:\/\/shop.bantam.ch\/fr\/produit\/modules-solaires-cds-powerline-mt-sm\/#breadcrumb","itemListElement":[{"@type":"ListItem","position":1,"name":"Accueil","item":"https:\/\/shop.bantam.ch\/fr\/"},{"@type":"ListItem","position":2,"name":"Boutique","item":"https:\/\/shop.bantam.ch\/fr\/boutique\/"},{"@type":"ListItem","position":3,"name":"Modules solaires CDS Powerline MT-SM"}]},{"@type":"WebSite","@id":"https:\/\/shop.bantam.ch\/fr\/#website","url":"https:\/\/shop.bantam.ch\/fr\/","name":"Bantam Wankm\u00fcller SA","description":"","publisher":{"@id":"https:\/\/shop.bantam.ch\/fr\/#organization"},"inLanguage":"fr-FR"},{"@type":"Organization","@id":"https:\/\/shop.bantam.ch\/fr\/#organization","name":"Bantam Wankm\u00fcller SA","url":"https:\/\/shop.bantam.ch\/fr\/","logo":{"@type":"ImageObject","inLanguage":"fr-FR","@id":"https:\/\/shop.bantam.ch\/fr\/#\/schema\/logo\/image\/","url":"https:\/\/shop.bantam.ch\/wp-content\/uploads\/2022\/12\/bantam-logo.png","contentUrl":"https:\/\/shop.bantam.ch\/wp-content\/uploads\/2022\/12\/bantam-logo.png","width":320,"height":71,"caption":"Bantam Wankm\u00fcller SA"},"image":{"@id":"https:\/\/shop.bantam.ch\/fr\/#\/schema\/logo\/image\/"}}]}},"_links":{"self":[{"href":"https:\/\/shop.bantam.ch\/fr\/wp-json\/wp\/v2\/product\/117958","targetHints":{"allow":["GET"]}}],"collection":[{"href":"https:\/\/shop.bantam.ch\/fr\/wp-json\/wp\/v2\/product"}],"about":[{"href":"https:\/\/shop.bantam.ch\/fr\/wp-json\/wp\/v2\/types\/product"}],"wp:featuredmedia":[{"embeddable":true,"href":"https:\/\/shop.bantam.ch\/fr\/wp-json\/wp\/v2\/media\/117954"}],"wp:attachment":[{"href":"https:\/\/shop.bantam.ch\/fr\/wp-json\/wp\/v2\/media?parent=117958"}],"wp:term":[{"taxonomy":"product_featured_cat","embeddable":true,"href":"https:\/\/shop.bantam.ch\/fr\/wp-json\/wp\/v2\/product_featured_cat?post=117958"},{"taxonomy":"product_brand","embeddable":true,"href":"https:\/\/shop.bantam.ch\/fr\/wp-json\/wp\/v2\/product_brand?post=117958"},{"taxonomy":"product_cat","embeddable":true,"href":"https:\/\/shop.bantam.ch\/fr\/wp-json\/wp\/v2\/product_cat?post=117958"},{"taxonomy":"product_tag","embeddable":true,"href":"https:\/\/shop.bantam.ch\/fr\/wp-json\/wp\/v2\/product_tag?post=117958"}],"curies":[{"name":"wp","href":"https:\/\/api.w.org\/{rel}","templated":true}]}}