{"id":117934,"date":"2023-02-28T22:37:57","date_gmt":"2023-02-28T21:37:57","guid":{"rendered":"https:\/\/shop.bantam.ch\/produit\/marchepied-slide-out-g2-12-v-ducato-jumper-boxer-euro-6d\/"},"modified":"2026-04-17T23:26:43","modified_gmt":"2026-04-17T21:26:43","slug":"marchepied-slide-out-g2-12-v-ducato-jumper-boxer-euro-6d","status":"publish","type":"product","link":"https:\/\/shop.bantam.ch\/fr\/produit\/marchepied-slide-out-g2-12-v-ducato-jumper-boxer-euro-6d\/","title":{"rendered":"Marchepied Slide-Out G2 12 V, Ducato \/ Jumper \/ Boxer Euro 6D"},"content":{"rendered":"<p>Nouvelle g\u00e9n\u00e9ration de marchepieds Slide-Out.<\/p>\n<p>Caract\u00e9ristiques :<br \/>&#8211; Poids r\u00e9duit<br \/>&#8211; Marchepied robuste et fiable Slide-Out Step<br \/>&#8211; Int\u00e9gration parfaite sur un v\u00e9hicule<br \/>&#8211; Retrait facile du marchepied sans outil<\/p>\n<p>Sp\u00e9cifications :<br \/>&#8211; Sup\u00e9rieure \u00e0 ka norme de r\u00e9sistance europ\u00e9enne 2001\/85\/CE (RV DIN EN 1646-1)<br \/>&#8211; Installation intelligente et stable<br \/>&#8211; Verrouillage manuel simple et sans outil en cas de panne de courant<br \/>&#8211; Conforme \u00e0 la norme CE 74\/485\/EEG : pas d\u2019ar\u00eates vives en fa\u00e7ade<br \/>&#8211; Sortie de c\u00e2ble brevet\u00e9e + crochet pour plus de protection et de flexibilit\u00e9 lors de l\u2019installation<br \/>&#8211; Meilleure protection contre l&rsquo;infiltration de poussi\u00e8re : brosses int\u00e9gr\u00e9es, sortie de c\u00e2ble, profil\u00e9 \u00e0 l\u00e8vre<br \/>&#8211; Bandes antid\u00e9rapantes sur le marchepied<br \/>Un interrupteur permettant de connecter un t\u00e9moin d\u2019avertissement ou un relais \u00e0 l\u2019int\u00e9rieur du v\u00e9hicule fait partie de l\u2019\u00e9quipement standard, un d\u00e9part du v\u00e9hicule avec marchepied d\u00e9ploy\u00e9 est donc impossible. Conforme aux normes EMC et CE<\/p>\n<p>Accessoires :<br \/>\u00c9clairage LED int\u00e9gr\u00e9 pouvant \u00eatre install\u00e9 en post-\u00e9quipement<\/p>\n<p>Merci de toujours commander le kit de montage avec le produit.<\/p>\n<p>\u00a0<\/p>\n","protected":false},"excerpt":{"rendered":"<p>Nouvelle g\u00e9n\u00e9ration de marchepieds Slide-Out. Caract\u00e9ristiques :&#8211; Poids r\u00e9duit&#8211; Marchepied robuste et fiable Slide-Out Step&#8211; Int\u00e9gration parfaite sur un v\u00e9hicule&#8211; Retrait facile du marchepied sans outil Sp\u00e9cifications :&#8211; Sup\u00e9rieure \u00e0 ka norme de r\u00e9sistance europ\u00e9enne 2001\/85\/CE (RV DIN EN 1646-1)&#8211; Installation intelligente et stable&#8211; Verrouillage manuel simple et sans outil en cas de panne de [&hellip;]<\/p>\n","protected":false},"featured_media":117928,"template":"","meta":{"_acf_changed":false},"product_featured_cat":[],"product_brand":[3046],"product_cat":[4673],"product_tag":[],"class_list":{"0":"post-117934","1":"product","2":"type-product","3":"status-publish","4":"has-post-thumbnail","6":"product_brand-thule","7":"product_cat-marchepieds","9":"first","10":"instock","11":"taxable","12":"shipping-taxable","13":"purchasable","14":"product-type-variable"},"acf":[],"yoast_head":"<!-- This site is optimized with the Yoast SEO plugin v27.4 - https:\/\/yoast.com\/product\/yoast-seo-wordpress\/ -->\n<title>Marchepied Slide-Out G2 12 V, Ducato \/ Jumper \/ Boxer Euro 6D - Bantam Wankm\u00fcller SA<\/title>\n<meta name=\"robots\" content=\"index, follow, max-snippet:-1, max-image-preview:large, max-video-preview:-1\" \/>\n<link rel=\"canonical\" href=\"https:\/\/shop.bantam.ch\/fr\/produit\/marchepied-slide-out-g2-12-v-ducato-jumper-boxer-euro-6d\/\" \/>\n<meta property=\"og:locale\" content=\"fr_FR\" \/>\n<meta property=\"og:type\" content=\"article\" \/>\n<meta property=\"og:title\" content=\"Marchepied Slide-Out G2 12 V, Ducato \/ Jumper \/ Boxer Euro 6D - Bantam Wankm\u00fcller SA\" \/>\n<meta property=\"og:description\" content=\"Nouvelle g\u00e9n\u00e9ration de marchepieds Slide-Out. Caract\u00e9ristiques :&#8211; Poids r\u00e9duit&#8211; Marchepied robuste et fiable Slide-Out Step&#8211; Int\u00e9gration parfaite sur un v\u00e9hicule&#8211; Retrait facile du marchepied sans outil Sp\u00e9cifications :&#8211; Sup\u00e9rieure \u00e0 ka norme de r\u00e9sistance europ\u00e9enne 2001\/85\/CE (RV DIN EN 1646-1)&#8211; Installation intelligente et stable&#8211; Verrouillage manuel simple et sans outil en cas de panne de [&hellip;]\" \/>\n<meta property=\"og:url\" content=\"https:\/\/shop.bantam.ch\/fr\/produit\/marchepied-slide-out-g2-12-v-ducato-jumper-boxer-euro-6d\/\" \/>\n<meta property=\"og:site_name\" content=\"Bantam Wankm\u00fcller SA\" \/>\n<meta property=\"article:modified_time\" content=\"2026-04-17T21:26:43+00:00\" \/>\n<meta property=\"og:image\" content=\"https:\/\/shop.bantam.ch\/wp-content\/uploads\/2023\/02\/994445911.jpg\" \/>\n\t<meta property=\"og:image:width\" content=\"1000\" \/>\n\t<meta property=\"og:image:height\" content=\"637\" \/>\n\t<meta property=\"og:image:type\" content=\"image\/jpeg\" \/>\n<meta name=\"twitter:card\" content=\"summary_large_image\" \/>\n<meta name=\"twitter:label1\" content=\"Dur\u00e9e de lecture estim\u00e9e\" \/>\n\t<meta name=\"twitter:data1\" content=\"1 minute\" \/>\n<script type=\"application\/ld+json\" class=\"yoast-schema-graph\">{\"@context\":\"https:\\\/\\\/schema.org\",\"@graph\":[{\"@type\":\"WebPage\",\"@id\":\"https:\\\/\\\/shop.bantam.ch\\\/fr\\\/produit\\\/marchepied-slide-out-g2-12-v-ducato-jumper-boxer-euro-6d\\\/\",\"url\":\"https:\\\/\\\/shop.bantam.ch\\\/fr\\\/produit\\\/marchepied-slide-out-g2-12-v-ducato-jumper-boxer-euro-6d\\\/\",\"name\":\"Marchepied Slide-Out G2 12 V, Ducato \\\/ Jumper \\\/ Boxer Euro 6D - Bantam Wankm\u00fcller SA\",\"isPartOf\":{\"@id\":\"https:\\\/\\\/shop.bantam.ch\\\/fr\\\/#website\"},\"primaryImageOfPage\":{\"@id\":\"https:\\\/\\\/shop.bantam.ch\\\/fr\\\/produit\\\/marchepied-slide-out-g2-12-v-ducato-jumper-boxer-euro-6d\\\/#primaryimage\"},\"image\":{\"@id\":\"https:\\\/\\\/shop.bantam.ch\\\/fr\\\/produit\\\/marchepied-slide-out-g2-12-v-ducato-jumper-boxer-euro-6d\\\/#primaryimage\"},\"thumbnailUrl\":\"https:\\\/\\\/shop.bantam.ch\\\/wp-content\\\/uploads\\\/2023\\\/02\\\/994445911.jpg\",\"datePublished\":\"2023-02-28T21:37:57+00:00\",\"dateModified\":\"2026-04-17T21:26:43+00:00\",\"breadcrumb\":{\"@id\":\"https:\\\/\\\/shop.bantam.ch\\\/fr\\\/produit\\\/marchepied-slide-out-g2-12-v-ducato-jumper-boxer-euro-6d\\\/#breadcrumb\"},\"inLanguage\":\"fr-FR\",\"potentialAction\":[{\"@type\":\"ReadAction\",\"target\":[\"https:\\\/\\\/shop.bantam.ch\\\/fr\\\/produit\\\/marchepied-slide-out-g2-12-v-ducato-jumper-boxer-euro-6d\\\/\"]}]},{\"@type\":\"ImageObject\",\"inLanguage\":\"fr-FR\",\"@id\":\"https:\\\/\\\/shop.bantam.ch\\\/fr\\\/produit\\\/marchepied-slide-out-g2-12-v-ducato-jumper-boxer-euro-6d\\\/#primaryimage\",\"url\":\"https:\\\/\\\/shop.bantam.ch\\\/wp-content\\\/uploads\\\/2023\\\/02\\\/994445911.jpg\",\"contentUrl\":\"https:\\\/\\\/shop.bantam.ch\\\/wp-content\\\/uploads\\\/2023\\\/02\\\/994445911.jpg\",\"width\":1000,\"height\":637},{\"@type\":\"BreadcrumbList\",\"@id\":\"https:\\\/\\\/shop.bantam.ch\\\/fr\\\/produit\\\/marchepied-slide-out-g2-12-v-ducato-jumper-boxer-euro-6d\\\/#breadcrumb\",\"itemListElement\":[{\"@type\":\"ListItem\",\"position\":1,\"name\":\"Accueil\",\"item\":\"https:\\\/\\\/shop.bantam.ch\\\/fr\\\/\"},{\"@type\":\"ListItem\",\"position\":2,\"name\":\"Boutique\",\"item\":\"https:\\\/\\\/shop.bantam.ch\\\/fr\\\/boutique\\\/\"},{\"@type\":\"ListItem\",\"position\":3,\"name\":\"Marchepied Slide-Out G2 12 V, Ducato \\\/ Jumper \\\/ Boxer Euro 6D\"}]},{\"@type\":\"WebSite\",\"@id\":\"https:\\\/\\\/shop.bantam.ch\\\/fr\\\/#website\",\"url\":\"https:\\\/\\\/shop.bantam.ch\\\/fr\\\/\",\"name\":\"Bantam Wankm\u00fcller SA\",\"description\":\"\",\"publisher\":{\"@id\":\"https:\\\/\\\/shop.bantam.ch\\\/fr\\\/#organization\"},\"inLanguage\":\"fr-FR\"},{\"@type\":\"Organization\",\"@id\":\"https:\\\/\\\/shop.bantam.ch\\\/fr\\\/#organization\",\"name\":\"Bantam Wankm\u00fcller SA\",\"url\":\"https:\\\/\\\/shop.bantam.ch\\\/fr\\\/\",\"logo\":{\"@type\":\"ImageObject\",\"inLanguage\":\"fr-FR\",\"@id\":\"https:\\\/\\\/shop.bantam.ch\\\/fr\\\/#\\\/schema\\\/logo\\\/image\\\/\",\"url\":\"https:\\\/\\\/shop.bantam.ch\\\/wp-content\\\/uploads\\\/2022\\\/12\\\/bantam-logo.png\",\"contentUrl\":\"https:\\\/\\\/shop.bantam.ch\\\/wp-content\\\/uploads\\\/2022\\\/12\\\/bantam-logo.png\",\"width\":320,\"height\":71,\"caption\":\"Bantam Wankm\u00fcller SA\"},\"image\":{\"@id\":\"https:\\\/\\\/shop.bantam.ch\\\/fr\\\/#\\\/schema\\\/logo\\\/image\\\/\"}}]}<\/script>\n<!-- \/ Yoast SEO plugin. -->","yoast_head_json":{"title":"Marchepied Slide-Out G2 12 V, Ducato \/ Jumper \/ Boxer Euro 6D - Bantam Wankm\u00fcller SA","robots":{"index":"index","follow":"follow","max-snippet":"max-snippet:-1","max-image-preview":"max-image-preview:large","max-video-preview":"max-video-preview:-1"},"canonical":"https:\/\/shop.bantam.ch\/fr\/produit\/marchepied-slide-out-g2-12-v-ducato-jumper-boxer-euro-6d\/","og_locale":"fr_FR","og_type":"article","og_title":"Marchepied Slide-Out G2 12 V, Ducato \/ Jumper \/ Boxer Euro 6D - Bantam Wankm\u00fcller SA","og_description":"Nouvelle g\u00e9n\u00e9ration de marchepieds Slide-Out. Caract\u00e9ristiques :&#8211; Poids r\u00e9duit&#8211; Marchepied robuste et fiable Slide-Out Step&#8211; Int\u00e9gration parfaite sur un v\u00e9hicule&#8211; Retrait facile du marchepied sans outil Sp\u00e9cifications :&#8211; Sup\u00e9rieure \u00e0 ka norme de r\u00e9sistance europ\u00e9enne 2001\/85\/CE (RV DIN EN 1646-1)&#8211; Installation intelligente et stable&#8211; Verrouillage manuel simple et sans outil en cas de panne de [&hellip;]","og_url":"https:\/\/shop.bantam.ch\/fr\/produit\/marchepied-slide-out-g2-12-v-ducato-jumper-boxer-euro-6d\/","og_site_name":"Bantam Wankm\u00fcller SA","article_modified_time":"2026-04-17T21:26:43+00:00","og_image":[{"width":1000,"height":637,"url":"https:\/\/shop.bantam.ch\/wp-content\/uploads\/2023\/02\/994445911.jpg","type":"image\/jpeg"}],"twitter_card":"summary_large_image","twitter_misc":{"Dur\u00e9e de lecture estim\u00e9e":"1 minute"},"schema":{"@context":"https:\/\/schema.org","@graph":[{"@type":"WebPage","@id":"https:\/\/shop.bantam.ch\/fr\/produit\/marchepied-slide-out-g2-12-v-ducato-jumper-boxer-euro-6d\/","url":"https:\/\/shop.bantam.ch\/fr\/produit\/marchepied-slide-out-g2-12-v-ducato-jumper-boxer-euro-6d\/","name":"Marchepied Slide-Out G2 12 V, Ducato \/ Jumper \/ Boxer Euro 6D - Bantam Wankm\u00fcller SA","isPartOf":{"@id":"https:\/\/shop.bantam.ch\/fr\/#website"},"primaryImageOfPage":{"@id":"https:\/\/shop.bantam.ch\/fr\/produit\/marchepied-slide-out-g2-12-v-ducato-jumper-boxer-euro-6d\/#primaryimage"},"image":{"@id":"https:\/\/shop.bantam.ch\/fr\/produit\/marchepied-slide-out-g2-12-v-ducato-jumper-boxer-euro-6d\/#primaryimage"},"thumbnailUrl":"https:\/\/shop.bantam.ch\/wp-content\/uploads\/2023\/02\/994445911.jpg","datePublished":"2023-02-28T21:37:57+00:00","dateModified":"2026-04-17T21:26:43+00:00","breadcrumb":{"@id":"https:\/\/shop.bantam.ch\/fr\/produit\/marchepied-slide-out-g2-12-v-ducato-jumper-boxer-euro-6d\/#breadcrumb"},"inLanguage":"fr-FR","potentialAction":[{"@type":"ReadAction","target":["https:\/\/shop.bantam.ch\/fr\/produit\/marchepied-slide-out-g2-12-v-ducato-jumper-boxer-euro-6d\/"]}]},{"@type":"ImageObject","inLanguage":"fr-FR","@id":"https:\/\/shop.bantam.ch\/fr\/produit\/marchepied-slide-out-g2-12-v-ducato-jumper-boxer-euro-6d\/#primaryimage","url":"https:\/\/shop.bantam.ch\/wp-content\/uploads\/2023\/02\/994445911.jpg","contentUrl":"https:\/\/shop.bantam.ch\/wp-content\/uploads\/2023\/02\/994445911.jpg","width":1000,"height":637},{"@type":"BreadcrumbList","@id":"https:\/\/shop.bantam.ch\/fr\/produit\/marchepied-slide-out-g2-12-v-ducato-jumper-boxer-euro-6d\/#breadcrumb","itemListElement":[{"@type":"ListItem","position":1,"name":"Accueil","item":"https:\/\/shop.bantam.ch\/fr\/"},{"@type":"ListItem","position":2,"name":"Boutique","item":"https:\/\/shop.bantam.ch\/fr\/boutique\/"},{"@type":"ListItem","position":3,"name":"Marchepied Slide-Out G2 12 V, Ducato \/ Jumper \/ Boxer Euro 6D"}]},{"@type":"WebSite","@id":"https:\/\/shop.bantam.ch\/fr\/#website","url":"https:\/\/shop.bantam.ch\/fr\/","name":"Bantam Wankm\u00fcller SA","description":"","publisher":{"@id":"https:\/\/shop.bantam.ch\/fr\/#organization"},"inLanguage":"fr-FR"},{"@type":"Organization","@id":"https:\/\/shop.bantam.ch\/fr\/#organization","name":"Bantam Wankm\u00fcller SA","url":"https:\/\/shop.bantam.ch\/fr\/","logo":{"@type":"ImageObject","inLanguage":"fr-FR","@id":"https:\/\/shop.bantam.ch\/fr\/#\/schema\/logo\/image\/","url":"https:\/\/shop.bantam.ch\/wp-content\/uploads\/2022\/12\/bantam-logo.png","contentUrl":"https:\/\/shop.bantam.ch\/wp-content\/uploads\/2022\/12\/bantam-logo.png","width":320,"height":71,"caption":"Bantam Wankm\u00fcller SA"},"image":{"@id":"https:\/\/shop.bantam.ch\/fr\/#\/schema\/logo\/image\/"}}]}},"_links":{"self":[{"href":"https:\/\/shop.bantam.ch\/fr\/wp-json\/wp\/v2\/product\/117934","targetHints":{"allow":["GET"]}}],"collection":[{"href":"https:\/\/shop.bantam.ch\/fr\/wp-json\/wp\/v2\/product"}],"about":[{"href":"https:\/\/shop.bantam.ch\/fr\/wp-json\/wp\/v2\/types\/product"}],"wp:featuredmedia":[{"embeddable":true,"href":"https:\/\/shop.bantam.ch\/fr\/wp-json\/wp\/v2\/media\/117928"}],"wp:attachment":[{"href":"https:\/\/shop.bantam.ch\/fr\/wp-json\/wp\/v2\/media?parent=117934"}],"wp:term":[{"taxonomy":"product_featured_cat","embeddable":true,"href":"https:\/\/shop.bantam.ch\/fr\/wp-json\/wp\/v2\/product_featured_cat?post=117934"},{"taxonomy":"product_brand","embeddable":true,"href":"https:\/\/shop.bantam.ch\/fr\/wp-json\/wp\/v2\/product_brand?post=117934"},{"taxonomy":"product_cat","embeddable":true,"href":"https:\/\/shop.bantam.ch\/fr\/wp-json\/wp\/v2\/product_cat?post=117934"},{"taxonomy":"product_tag","embeddable":true,"href":"https:\/\/shop.bantam.ch\/fr\/wp-json\/wp\/v2\/product_tag?post=117934"}],"curies":[{"name":"wp","href":"https:\/\/api.w.org\/{rel}","templated":true}]}}