{"id":117880,"date":"2023-02-28T22:37:03","date_gmt":"2023-02-28T21:37:03","guid":{"rendered":"https:\/\/shop.bantam.ch\/produit\/porte-velo-de-toit-upride\/"},"modified":"2026-04-18T21:47:27","modified_gmt":"2026-04-18T19:47:27","slug":"porte-velo-de-toit-upride","status":"publish","type":"product","link":"https:\/\/shop.bantam.ch\/fr\/produit\/porte-velo-de-toit-upride\/","title":{"rendered":"Porte-v\u00e9lo de toit THULE UpRide charge admise 20 kg,"},"content":{"rendered":"<p>Porte-v\u00e9los universel pour le transport de v\u00e9los debout sans contact avec le cadre. Montage rapide et s\u00fbr, avec protection maximale du cadre.\u00a0<\/p>\n<ul>\n<li>Aucun contact avec le cadre du v\u00e9lo, comme le crochet fixe fiablement la roue avant du v\u00e9lo<\/li>\n<li>Adapt\u00e9 pour les v\u00e9los avec cadre en carbone<\/li>\n<li>Sa conception polyvalente permet de transporter des v\u00e9los de constructions inusuelles, avec suspension arri\u00e8re et porte-bouteille<\/li>\n<li>Changement rapide du montage d&rsquo;un c\u00f4t\u00e9 du v\u00e9hicule \u00e0 l&rsquo;autre<\/li>\n<li>La sangle de serrage de roue fixe rapidement la roue arri\u00e8re sur le rail<\/li>\n<li>Adapt\u00e9 pour la plupart des tailles de roue entre 20 et 29\u00a0pouces d\u2019une largeur jusqu\u2019\u00e0 3\u00a0pouces (jusqu\u2019\u00e0 5\u00a0pouces avec l\u2019adaptateur Thule UpRide Fatbike disponible s\u00e9par\u00e9ment)<\/li>\n<li>Nombre max. Poids max. par v\u00e9lo jusqu&rsquo;\u00e0 20 kg<\/li>\n<li>Le v\u00e9lo se fixe sur le porte-v\u00e9los et le porte-v\u00e9los sur le v\u00e9hicule<\/li>\n<li>Pour 1 v\u00e9lo, non extensible<\/li>\n<li>Taille de cadre adapt\u00e9e\u00a0: toutes<\/li>\n<li>Taille de roue adapt\u00e9e\u00a0: Jusqu\u2019\u00e0 3\u2033 (3 \u00e0 5\u00a0pouces avec l\u2019adaptateur Thule UpRide Fatbike 5991)<\/li>\n<\/ul>\n<p>Contenu de la livraison :<br \/>verrous fournis<\/p>\n","protected":false},"excerpt":{"rendered":"<p>Porte-v\u00e9los universel pour le transport de v\u00e9los debout sans contact avec le cadre. Montage rapide et s\u00fbr, avec protection maximale du cadre.\u00a0 Aucun contact avec le cadre du v\u00e9lo, comme le crochet fixe fiablement la roue avant du v\u00e9lo Adapt\u00e9 pour les v\u00e9los avec cadre en carbone Sa conception polyvalente permet de transporter des v\u00e9los [&hellip;]<\/p>\n","protected":false},"featured_media":117866,"template":"","meta":{"_acf_changed":false},"product_featured_cat":[],"product_brand":[3046],"product_cat":[4797],"product_tag":[],"class_list":{"0":"post-117880","1":"product","2":"type-product","3":"status-publish","4":"has-post-thumbnail","6":"product_brand-thule","7":"product_cat-rampes-de-toit-et-supports","9":"first","10":"instock","11":"taxable","12":"shipping-taxable","13":"purchasable","14":"product-type-simple"},"acf":[],"yoast_head":"<!-- This site is optimized with the Yoast SEO plugin v27.4 - https:\/\/yoast.com\/product\/yoast-seo-wordpress\/ -->\n<title>Porte-v\u00e9lo de toit THULE UpRide charge admise 20 kg, - Bantam Wankm\u00fcller SA<\/title>\n<meta name=\"robots\" content=\"index, follow, max-snippet:-1, max-image-preview:large, max-video-preview:-1\" \/>\n<link rel=\"canonical\" href=\"https:\/\/shop.bantam.ch\/fr\/produit\/porte-velo-de-toit-upride\/\" \/>\n<meta property=\"og:locale\" content=\"fr_FR\" \/>\n<meta property=\"og:type\" content=\"article\" \/>\n<meta property=\"og:title\" content=\"Porte-v\u00e9lo de toit THULE UpRide charge admise 20 kg, - Bantam Wankm\u00fcller SA\" \/>\n<meta property=\"og:description\" content=\"Porte-v\u00e9los universel pour le transport de v\u00e9los debout sans contact avec le cadre. Montage rapide et s\u00fbr, avec protection maximale du cadre.\u00a0 Aucun contact avec le cadre du v\u00e9lo, comme le crochet fixe fiablement la roue avant du v\u00e9lo Adapt\u00e9 pour les v\u00e9los avec cadre en carbone Sa conception polyvalente permet de transporter des v\u00e9los [&hellip;]\" \/>\n<meta property=\"og:url\" content=\"https:\/\/shop.bantam.ch\/fr\/produit\/porte-velo-de-toit-upride\/\" \/>\n<meta property=\"og:site_name\" content=\"Bantam Wankm\u00fcller SA\" \/>\n<meta property=\"article:modified_time\" content=\"2026-04-18T19:47:27+00:00\" \/>\n<meta property=\"og:image\" content=\"https:\/\/shop.bantam.ch\/wp-content\/uploads\/2023\/02\/994445111eqtEmJO7u0QnE.jpg\" \/>\n\t<meta property=\"og:image:width\" content=\"1000\" \/>\n\t<meta property=\"og:image:height\" content=\"626\" \/>\n\t<meta property=\"og:image:type\" content=\"image\/jpeg\" \/>\n<meta name=\"twitter:card\" content=\"summary_large_image\" \/>\n<meta name=\"twitter:label1\" content=\"Dur\u00e9e de lecture estim\u00e9e\" \/>\n\t<meta name=\"twitter:data1\" content=\"1 minute\" \/>\n<script type=\"application\/ld+json\" class=\"yoast-schema-graph\">{\"@context\":\"https:\\\/\\\/schema.org\",\"@graph\":[{\"@type\":\"WebPage\",\"@id\":\"https:\\\/\\\/shop.bantam.ch\\\/fr\\\/produit\\\/porte-velo-de-toit-upride\\\/\",\"url\":\"https:\\\/\\\/shop.bantam.ch\\\/fr\\\/produit\\\/porte-velo-de-toit-upride\\\/\",\"name\":\"Porte-v\u00e9lo de toit THULE UpRide charge admise 20 kg, - Bantam Wankm\u00fcller SA\",\"isPartOf\":{\"@id\":\"https:\\\/\\\/shop.bantam.ch\\\/fr\\\/#website\"},\"primaryImageOfPage\":{\"@id\":\"https:\\\/\\\/shop.bantam.ch\\\/fr\\\/produit\\\/porte-velo-de-toit-upride\\\/#primaryimage\"},\"image\":{\"@id\":\"https:\\\/\\\/shop.bantam.ch\\\/fr\\\/produit\\\/porte-velo-de-toit-upride\\\/#primaryimage\"},\"thumbnailUrl\":\"https:\\\/\\\/shop.bantam.ch\\\/wp-content\\\/uploads\\\/2023\\\/02\\\/994445111eqtEmJO7u0QnE.jpg\",\"datePublished\":\"2023-02-28T21:37:03+00:00\",\"dateModified\":\"2026-04-18T19:47:27+00:00\",\"breadcrumb\":{\"@id\":\"https:\\\/\\\/shop.bantam.ch\\\/fr\\\/produit\\\/porte-velo-de-toit-upride\\\/#breadcrumb\"},\"inLanguage\":\"fr-FR\",\"potentialAction\":[{\"@type\":\"ReadAction\",\"target\":[\"https:\\\/\\\/shop.bantam.ch\\\/fr\\\/produit\\\/porte-velo-de-toit-upride\\\/\"]}]},{\"@type\":\"ImageObject\",\"inLanguage\":\"fr-FR\",\"@id\":\"https:\\\/\\\/shop.bantam.ch\\\/fr\\\/produit\\\/porte-velo-de-toit-upride\\\/#primaryimage\",\"url\":\"https:\\\/\\\/shop.bantam.ch\\\/wp-content\\\/uploads\\\/2023\\\/02\\\/994445111eqtEmJO7u0QnE.jpg\",\"contentUrl\":\"https:\\\/\\\/shop.bantam.ch\\\/wp-content\\\/uploads\\\/2023\\\/02\\\/994445111eqtEmJO7u0QnE.jpg\",\"width\":1000,\"height\":626},{\"@type\":\"BreadcrumbList\",\"@id\":\"https:\\\/\\\/shop.bantam.ch\\\/fr\\\/produit\\\/porte-velo-de-toit-upride\\\/#breadcrumb\",\"itemListElement\":[{\"@type\":\"ListItem\",\"position\":1,\"name\":\"Accueil\",\"item\":\"https:\\\/\\\/shop.bantam.ch\\\/fr\\\/\"},{\"@type\":\"ListItem\",\"position\":2,\"name\":\"Boutique\",\"item\":\"https:\\\/\\\/shop.bantam.ch\\\/fr\\\/boutique\\\/\"},{\"@type\":\"ListItem\",\"position\":3,\"name\":\"Porte-v\u00e9lo de toit THULE UpRide charge admise 20 kg,\"}]},{\"@type\":\"WebSite\",\"@id\":\"https:\\\/\\\/shop.bantam.ch\\\/fr\\\/#website\",\"url\":\"https:\\\/\\\/shop.bantam.ch\\\/fr\\\/\",\"name\":\"Bantam Wankm\u00fcller SA\",\"description\":\"\",\"publisher\":{\"@id\":\"https:\\\/\\\/shop.bantam.ch\\\/fr\\\/#organization\"},\"inLanguage\":\"fr-FR\"},{\"@type\":\"Organization\",\"@id\":\"https:\\\/\\\/shop.bantam.ch\\\/fr\\\/#organization\",\"name\":\"Bantam Wankm\u00fcller SA\",\"url\":\"https:\\\/\\\/shop.bantam.ch\\\/fr\\\/\",\"logo\":{\"@type\":\"ImageObject\",\"inLanguage\":\"fr-FR\",\"@id\":\"https:\\\/\\\/shop.bantam.ch\\\/fr\\\/#\\\/schema\\\/logo\\\/image\\\/\",\"url\":\"https:\\\/\\\/shop.bantam.ch\\\/wp-content\\\/uploads\\\/2022\\\/12\\\/bantam-logo.png\",\"contentUrl\":\"https:\\\/\\\/shop.bantam.ch\\\/wp-content\\\/uploads\\\/2022\\\/12\\\/bantam-logo.png\",\"width\":320,\"height\":71,\"caption\":\"Bantam Wankm\u00fcller SA\"},\"image\":{\"@id\":\"https:\\\/\\\/shop.bantam.ch\\\/fr\\\/#\\\/schema\\\/logo\\\/image\\\/\"}}]}<\/script>\n<!-- \/ Yoast SEO plugin. -->","yoast_head_json":{"title":"Porte-v\u00e9lo de toit THULE UpRide charge admise 20 kg, - Bantam Wankm\u00fcller SA","robots":{"index":"index","follow":"follow","max-snippet":"max-snippet:-1","max-image-preview":"max-image-preview:large","max-video-preview":"max-video-preview:-1"},"canonical":"https:\/\/shop.bantam.ch\/fr\/produit\/porte-velo-de-toit-upride\/","og_locale":"fr_FR","og_type":"article","og_title":"Porte-v\u00e9lo de toit THULE UpRide charge admise 20 kg, - Bantam Wankm\u00fcller SA","og_description":"Porte-v\u00e9los universel pour le transport de v\u00e9los debout sans contact avec le cadre. Montage rapide et s\u00fbr, avec protection maximale du cadre.\u00a0 Aucun contact avec le cadre du v\u00e9lo, comme le crochet fixe fiablement la roue avant du v\u00e9lo Adapt\u00e9 pour les v\u00e9los avec cadre en carbone Sa conception polyvalente permet de transporter des v\u00e9los [&hellip;]","og_url":"https:\/\/shop.bantam.ch\/fr\/produit\/porte-velo-de-toit-upride\/","og_site_name":"Bantam Wankm\u00fcller SA","article_modified_time":"2026-04-18T19:47:27+00:00","og_image":[{"width":1000,"height":626,"url":"https:\/\/shop.bantam.ch\/wp-content\/uploads\/2023\/02\/994445111eqtEmJO7u0QnE.jpg","type":"image\/jpeg"}],"twitter_card":"summary_large_image","twitter_misc":{"Dur\u00e9e de lecture estim\u00e9e":"1 minute"},"schema":{"@context":"https:\/\/schema.org","@graph":[{"@type":"WebPage","@id":"https:\/\/shop.bantam.ch\/fr\/produit\/porte-velo-de-toit-upride\/","url":"https:\/\/shop.bantam.ch\/fr\/produit\/porte-velo-de-toit-upride\/","name":"Porte-v\u00e9lo de toit THULE UpRide charge admise 20 kg, - Bantam Wankm\u00fcller SA","isPartOf":{"@id":"https:\/\/shop.bantam.ch\/fr\/#website"},"primaryImageOfPage":{"@id":"https:\/\/shop.bantam.ch\/fr\/produit\/porte-velo-de-toit-upride\/#primaryimage"},"image":{"@id":"https:\/\/shop.bantam.ch\/fr\/produit\/porte-velo-de-toit-upride\/#primaryimage"},"thumbnailUrl":"https:\/\/shop.bantam.ch\/wp-content\/uploads\/2023\/02\/994445111eqtEmJO7u0QnE.jpg","datePublished":"2023-02-28T21:37:03+00:00","dateModified":"2026-04-18T19:47:27+00:00","breadcrumb":{"@id":"https:\/\/shop.bantam.ch\/fr\/produit\/porte-velo-de-toit-upride\/#breadcrumb"},"inLanguage":"fr-FR","potentialAction":[{"@type":"ReadAction","target":["https:\/\/shop.bantam.ch\/fr\/produit\/porte-velo-de-toit-upride\/"]}]},{"@type":"ImageObject","inLanguage":"fr-FR","@id":"https:\/\/shop.bantam.ch\/fr\/produit\/porte-velo-de-toit-upride\/#primaryimage","url":"https:\/\/shop.bantam.ch\/wp-content\/uploads\/2023\/02\/994445111eqtEmJO7u0QnE.jpg","contentUrl":"https:\/\/shop.bantam.ch\/wp-content\/uploads\/2023\/02\/994445111eqtEmJO7u0QnE.jpg","width":1000,"height":626},{"@type":"BreadcrumbList","@id":"https:\/\/shop.bantam.ch\/fr\/produit\/porte-velo-de-toit-upride\/#breadcrumb","itemListElement":[{"@type":"ListItem","position":1,"name":"Accueil","item":"https:\/\/shop.bantam.ch\/fr\/"},{"@type":"ListItem","position":2,"name":"Boutique","item":"https:\/\/shop.bantam.ch\/fr\/boutique\/"},{"@type":"ListItem","position":3,"name":"Porte-v\u00e9lo de toit THULE UpRide charge admise 20 kg,"}]},{"@type":"WebSite","@id":"https:\/\/shop.bantam.ch\/fr\/#website","url":"https:\/\/shop.bantam.ch\/fr\/","name":"Bantam Wankm\u00fcller SA","description":"","publisher":{"@id":"https:\/\/shop.bantam.ch\/fr\/#organization"},"inLanguage":"fr-FR"},{"@type":"Organization","@id":"https:\/\/shop.bantam.ch\/fr\/#organization","name":"Bantam Wankm\u00fcller SA","url":"https:\/\/shop.bantam.ch\/fr\/","logo":{"@type":"ImageObject","inLanguage":"fr-FR","@id":"https:\/\/shop.bantam.ch\/fr\/#\/schema\/logo\/image\/","url":"https:\/\/shop.bantam.ch\/wp-content\/uploads\/2022\/12\/bantam-logo.png","contentUrl":"https:\/\/shop.bantam.ch\/wp-content\/uploads\/2022\/12\/bantam-logo.png","width":320,"height":71,"caption":"Bantam Wankm\u00fcller SA"},"image":{"@id":"https:\/\/shop.bantam.ch\/fr\/#\/schema\/logo\/image\/"}}]}},"_links":{"self":[{"href":"https:\/\/shop.bantam.ch\/fr\/wp-json\/wp\/v2\/product\/117880","targetHints":{"allow":["GET"]}}],"collection":[{"href":"https:\/\/shop.bantam.ch\/fr\/wp-json\/wp\/v2\/product"}],"about":[{"href":"https:\/\/shop.bantam.ch\/fr\/wp-json\/wp\/v2\/types\/product"}],"wp:featuredmedia":[{"embeddable":true,"href":"https:\/\/shop.bantam.ch\/fr\/wp-json\/wp\/v2\/media\/117866"}],"wp:attachment":[{"href":"https:\/\/shop.bantam.ch\/fr\/wp-json\/wp\/v2\/media?parent=117880"}],"wp:term":[{"taxonomy":"product_featured_cat","embeddable":true,"href":"https:\/\/shop.bantam.ch\/fr\/wp-json\/wp\/v2\/product_featured_cat?post=117880"},{"taxonomy":"product_brand","embeddable":true,"href":"https:\/\/shop.bantam.ch\/fr\/wp-json\/wp\/v2\/product_brand?post=117880"},{"taxonomy":"product_cat","embeddable":true,"href":"https:\/\/shop.bantam.ch\/fr\/wp-json\/wp\/v2\/product_cat?post=117880"},{"taxonomy":"product_tag","embeddable":true,"href":"https:\/\/shop.bantam.ch\/fr\/wp-json\/wp\/v2\/product_tag?post=117880"}],"curies":[{"name":"wp","href":"https:\/\/api.w.org\/{rel}","templated":true}]}}