{"id":117706,"date":"2023-02-28T22:34:01","date_gmt":"2023-02-28T21:34:01","guid":{"rendered":"https:\/\/shop.bantam.ch\/produit\/appareil-haute-tension-a-ultrasons-type-8-2\/"},"modified":"2026-05-11T21:44:57","modified_gmt":"2026-05-11T19:44:57","slug":"appareil-haute-tension-a-ultrasons-type-8-2","status":"publish","type":"product","link":"https:\/\/shop.bantam.ch\/fr\/produit\/appareil-haute-tension-a-ultrasons-type-8-2\/","title":{"rendered":"Appareil HT anti-martres STOP &amp; GO avec ultrasons Type 8 Plus &#8211; Minus CLIP"},"content":{"rendered":"<p>Contact \u00e0 clip &#8211; connexion au syst\u00e8me \u00e9lectrique du v\u00e9hicule &#8211; design extra-plat et fin<\/p>\n<p>Un minimum d&rsquo;effort, un maximum de flexibilit\u00e9 ! Une protection compl\u00e8te avec un seul clip STOP&amp;GO, c&rsquo;est possible ! Appareil combin\u00e9 \u00e0 ultrasons haute tension avec six plaques de contact en acier inoxydable PLUS-MINUS CLIP. Ind\u00e9pendant du r\u00e9seau de bord, donc particuli\u00e8rement adapt\u00e9 aux propulsions alternatives. Les possibilit\u00e9s de fixation par clip des plaques de contact bipolaires en inox facilitent \u00e9galement l&rsquo;installation et offrent encore plus de flexibilit\u00e9, notamment pour les compartiments moteur qui deviennent de plus en plus compacts. La fixation ult\u00e9rieure d&rsquo;autres plaques de contact est possible par clipsage \u00e0 n&rsquo;importe quel endroit du c\u00e2ble haute tension, ainsi que son extension \u00e0 l&rsquo;aide d&rsquo;une autre plaque de contact, en particulier pour les grands compartiments moteur, comme par ex. des SUV et des camping-cars. Le raccordement \u00e0 la borne 15 n&rsquo;est pas n\u00e9cessaire en raison de la technologie des capteurs. Gr\u00e2ce \u00e0 un curseur de contact mont\u00e9 directement sur l&rsquo;appareil, l&rsquo;installation d&rsquo;un interrupteur de contact de capot n&rsquo;est plus n\u00e9cessaire.\u00a0<\/p>\n<p>Fortement recommand\u00e9 avant toute mesure de d\u00e9fense contre les martres &#8211; R\u00e9pulsif de marques olfactives STOP&amp;GO.<\/p>\n<ul>\n<li>Fonctionne avec piles<\/li>\n<li>Technologie des capteurs<\/li>\n<li>Consommation \u00e9lectrique : env. 0,4 mA<\/li>\n<li>Dure jusqu\u2019\u00e0 18\u00a0mois.<\/li>\n<li>Plaques de contact en acier inoxydable \u00e0 6 clips avec p\u00f4le plus et moins\u00a0<\/li>\n<li>2 haut-parleurs pi\u00e9zo \u00e9tanches<\/li>\n<li>P\u00e9rim\u00e8tre de rayonnement : 360\u00b0<\/li>\n<li>Angle de rayonnement : &gt; 170 \u00b0<\/li>\n<li>Niveau sonore : env. 110 dB<\/li>\n<li>Modulation de fr\u00e9quence contre l&rsquo;accoutumance<\/li>\n<li>T\u00e9moin de contr\u00f4le de fonctionnement, LED clignotante ou permanente<\/li>\n<li>Etanch\u00e9it\u00e9 selon norme IP65<\/li>\n<li>Fonction anti-panique<\/li>\n<li>Convient aussi pour la maison et l\u2019abri auto<\/li>\n<li>Marquage E1 de KBA<\/li>\n<\/ul>\n<p>Quelle plaque de contact haute tension pour quel v\u00e9hicule ?<\/p>\n<p>STOP&amp;GO &#8211; simple plaque de contact en acier inoxydable PLUS<br \/>Pour pouvoir d\u00e9clencher un choc \u00e9lectrique, un p\u00f4le plus et un p\u00f4le moins sont n\u00e9cessaires. Le p\u00f4le positif est fourni par la plaque de contact en acier inoxydable haute tension STOP&amp;GO, le p\u00f4le n\u00e9gatif par ex. par la carrosserie. La martre re\u00e7oit ainsi un choc \u00e9lectrique inoffensif mais efficace au contact de la plaque de contact en inox et un contact simultan\u00e9 du sol avec la carrosserie, comparable au principe de la cl\u00f4ture \u00e9lectrique.<\/p>\n<p>\u00a0STOP&amp;GO &#8211; plaque de contact double PLUS-MOINS en acier inoxydable<br \/>Dans les v\u00e9hicules modernes, on trouve des mat\u00e9riaux non conducteurs comme par ex. le plastique, qui sont utilis\u00e9s comme mat\u00e9riaux isolants et amortissants. Cela signifie que le contact au sol n\u00e9cessaire via la carrosserie n&rsquo;est plus fiable et que la martre ne peut pas recevoir de d\u00e9charge \u00e9lectrique. C\u2019est pourquoi la double plaque de contact en acier inoxydable de STOP&amp;GO est dot\u00e9e d\u2019un p\u00f4le plus et d\u2019un p\u00f4le moins. Cela signifie que le choc \u00e9lectrique est garanti, quel que soit l&rsquo;\u00e9tat du compartiment moteur d&rsquo;un v\u00e9hicule.<\/p>\n<p>STOP&amp;GO &#8211; plaque de contact double PLUS-MOINS SKT en acier inoxydable <br \/>STOP&amp;GO offre une protection maximale avec un temps d\u2019installation minimum en un seul clic &#8211; et le tout sans vis. Unique sur le march\u00e9 et uniquement disponible chez STOP&amp;GO : la double plaque de contact en acier inoxydable avec p\u00f4le plus et moins avec une technologie de d\u00e9placement d&rsquo;isolant sophistiqu\u00e9e pour les v\u00e9hicules modernes. Gr\u00e2ce \u00e0 cette combinaison intelligente, il est d\u00e9sormais possible de verrouiller et de connecter la plaque de contact en acier inoxydable au c\u00e2ble haute tension \u00e0 2 fils d&rsquo;un simple clic. Un mandrin perce l&rsquo;isolant du c\u00e2ble en pressant les plaques de contact l&rsquo;une contre l&rsquo;autre et assure la transmission de l&rsquo;\u00e9lectricit\u00e9. Les plaques de contact en acier inoxydable sont correctement fix\u00e9es \u00e0 la base si vous entendez un clic lorsque vous les pressez ensemble.<\/p>\n<p>STOP&amp;GO &#8211; plaque de contact double CLIP PLUS-MOINS en acier inoxydable<br \/>STOP&amp;GO offre une protection maximale avec un temps d\u2019installation minimum en un seul clic &#8211; et le tout sans vis : gr\u00e2ce \u00e0 la double plaque de contact en acier inoxydable avec p\u00f4le plus et moins et \u00e0 la fixation par clip innovante pour les v\u00e9hicules modernes . Gr\u00e2ce \u00e0 cette combinaison intelligente, il est d\u00e9sormais possible de verrouiller et de connecter la plaque de contact en acier inoxydable au c\u00e2ble haute tension \u00e0 2 fils d&rsquo;un simple clic. Cette fixation permet n&rsquo;importe quel positionnement des plaques de contact et de l&rsquo;extension du c\u00e2ble haute tension, en particulier pour les grands compartiments moteur, comme p.ex. les SUV et les camping-cars.<\/p>\n","protected":false},"excerpt":{"rendered":"<p>Contact \u00e0 clip &#8211; connexion au syst\u00e8me \u00e9lectrique du v\u00e9hicule &#8211; design extra-plat et fin Un minimum d&rsquo;effort, un maximum de flexibilit\u00e9 ! Une protection compl\u00e8te avec un seul clip STOP&amp;GO, c&rsquo;est possible ! Appareil combin\u00e9 \u00e0 ultrasons haute tension avec six plaques de contact en acier inoxydable PLUS-MINUS CLIP. Ind\u00e9pendant du r\u00e9seau de bord, [&hellip;]<\/p>\n","protected":false},"featured_media":117704,"template":"","meta":{"_acf_changed":false},"product_featured_cat":[],"product_brand":[3470],"product_cat":[5055],"product_tag":[],"class_list":{"0":"post-117706","1":"product","2":"type-product","3":"status-publish","4":"has-post-thumbnail","6":"product_brand-marder-stop-go","7":"product_cat-repulsif-anti-martres","9":"first","10":"instock","11":"taxable","12":"shipping-taxable","13":"purchasable","14":"product-type-simple"},"acf":[],"yoast_head":"<!-- This site is optimized with the Yoast SEO plugin v27.5 - https:\/\/yoast.com\/product\/yoast-seo-wordpress\/ -->\n<title>Appareil HT anti-martres STOP &amp; GO avec ultrasons Type 8 Plus - Minus CLIP - Bantam<\/title>\n<meta name=\"robots\" content=\"index, follow, max-snippet:-1, max-image-preview:large, max-video-preview:-1\" \/>\n<link rel=\"canonical\" href=\"https:\/\/shop.bantam.ch\/fr\/produit\/appareil-haute-tension-a-ultrasons-type-8-2\/\" \/>\n<meta property=\"og:locale\" content=\"fr_FR\" \/>\n<meta property=\"og:type\" content=\"article\" \/>\n<meta property=\"og:title\" content=\"Appareil HT anti-martres STOP &amp; GO avec ultrasons Type 8 Plus - Minus CLIP - Bantam\" \/>\n<meta property=\"og:description\" content=\"Contact \u00e0 clip &#8211; connexion au syst\u00e8me \u00e9lectrique du v\u00e9hicule &#8211; design extra-plat et fin Un minimum d&rsquo;effort, un maximum de flexibilit\u00e9 ! Une protection compl\u00e8te avec un seul clip STOP&amp;GO, c&rsquo;est possible ! Appareil combin\u00e9 \u00e0 ultrasons haute tension avec six plaques de contact en acier inoxydable PLUS-MINUS CLIP. Ind\u00e9pendant du r\u00e9seau de bord, [&hellip;]\" \/>\n<meta property=\"og:url\" content=\"https:\/\/shop.bantam.ch\/fr\/produit\/appareil-haute-tension-a-ultrasons-type-8-2\/\" \/>\n<meta property=\"og:site_name\" content=\"Bantam\" \/>\n<meta property=\"article:modified_time\" content=\"2026-05-11T19:44:57+00:00\" \/>\n<meta property=\"og:image\" content=\"https:\/\/shop.bantam.ch\/wp-content\/uploads\/2023\/02\/994443511.jpg\" \/>\n\t<meta property=\"og:image:width\" content=\"1000\" \/>\n\t<meta property=\"og:image:height\" content=\"703\" \/>\n\t<meta property=\"og:image:type\" content=\"image\/jpeg\" \/>\n<meta name=\"twitter:card\" content=\"summary_large_image\" \/>\n<meta name=\"twitter:label1\" content=\"Dur\u00e9e de lecture estim\u00e9e\" \/>\n\t<meta name=\"twitter:data1\" content=\"4 minutes\" \/>\n<script type=\"application\/ld+json\" class=\"yoast-schema-graph\">{\"@context\":\"https:\\\/\\\/schema.org\",\"@graph\":[{\"@type\":\"WebPage\",\"@id\":\"https:\\\/\\\/shop.bantam.ch\\\/fr\\\/produit\\\/appareil-haute-tension-a-ultrasons-type-8-2\\\/\",\"url\":\"https:\\\/\\\/shop.bantam.ch\\\/fr\\\/produit\\\/appareil-haute-tension-a-ultrasons-type-8-2\\\/\",\"name\":\"Appareil HT anti-martres STOP &amp; GO avec ultrasons Type 8 Plus - Minus CLIP - Bantam\",\"isPartOf\":{\"@id\":\"https:\\\/\\\/shop.bantam.ch\\\/fr\\\/#website\"},\"primaryImageOfPage\":{\"@id\":\"https:\\\/\\\/shop.bantam.ch\\\/fr\\\/produit\\\/appareil-haute-tension-a-ultrasons-type-8-2\\\/#primaryimage\"},\"image\":{\"@id\":\"https:\\\/\\\/shop.bantam.ch\\\/fr\\\/produit\\\/appareil-haute-tension-a-ultrasons-type-8-2\\\/#primaryimage\"},\"thumbnailUrl\":\"https:\\\/\\\/shop.bantam.ch\\\/wp-content\\\/uploads\\\/2023\\\/02\\\/994443511.jpg\",\"datePublished\":\"2023-02-28T21:34:01+00:00\",\"dateModified\":\"2026-05-11T19:44:57+00:00\",\"breadcrumb\":{\"@id\":\"https:\\\/\\\/shop.bantam.ch\\\/fr\\\/produit\\\/appareil-haute-tension-a-ultrasons-type-8-2\\\/#breadcrumb\"},\"inLanguage\":\"fr-FR\",\"potentialAction\":[{\"@type\":\"ReadAction\",\"target\":[\"https:\\\/\\\/shop.bantam.ch\\\/fr\\\/produit\\\/appareil-haute-tension-a-ultrasons-type-8-2\\\/\"]}]},{\"@type\":\"ImageObject\",\"inLanguage\":\"fr-FR\",\"@id\":\"https:\\\/\\\/shop.bantam.ch\\\/fr\\\/produit\\\/appareil-haute-tension-a-ultrasons-type-8-2\\\/#primaryimage\",\"url\":\"https:\\\/\\\/shop.bantam.ch\\\/wp-content\\\/uploads\\\/2023\\\/02\\\/994443511.jpg\",\"contentUrl\":\"https:\\\/\\\/shop.bantam.ch\\\/wp-content\\\/uploads\\\/2023\\\/02\\\/994443511.jpg\",\"width\":1000,\"height\":703},{\"@type\":\"BreadcrumbList\",\"@id\":\"https:\\\/\\\/shop.bantam.ch\\\/fr\\\/produit\\\/appareil-haute-tension-a-ultrasons-type-8-2\\\/#breadcrumb\",\"itemListElement\":[{\"@type\":\"ListItem\",\"position\":1,\"name\":\"Accueil\",\"item\":\"https:\\\/\\\/shop.bantam.ch\\\/fr\\\/\"},{\"@type\":\"ListItem\",\"position\":2,\"name\":\"Boutique\",\"item\":\"https:\\\/\\\/shop.bantam.ch\\\/fr\\\/boutique\\\/\"},{\"@type\":\"ListItem\",\"position\":3,\"name\":\"Appareil HT anti-martres STOP &amp; GO avec ultrasons Type 8 Plus &#8211; Minus CLIP\"}]},{\"@type\":\"WebSite\",\"@id\":\"https:\\\/\\\/shop.bantam.ch\\\/fr\\\/#website\",\"url\":\"https:\\\/\\\/shop.bantam.ch\\\/fr\\\/\",\"name\":\"Bantam\",\"description\":\"\",\"publisher\":{\"@id\":\"https:\\\/\\\/shop.bantam.ch\\\/fr\\\/#organization\"},\"inLanguage\":\"fr-FR\"},{\"@type\":\"Organization\",\"@id\":\"https:\\\/\\\/shop.bantam.ch\\\/fr\\\/#organization\",\"name\":\"Bantam\",\"url\":\"https:\\\/\\\/shop.bantam.ch\\\/fr\\\/\",\"logo\":{\"@type\":\"ImageObject\",\"inLanguage\":\"fr-FR\",\"@id\":\"https:\\\/\\\/shop.bantam.ch\\\/fr\\\/#\\\/schema\\\/logo\\\/image\\\/\",\"url\":\"https:\\\/\\\/shop.bantam.ch\\\/wp-content\\\/uploads\\\/2022\\\/12\\\/bantam-logo.png\",\"contentUrl\":\"https:\\\/\\\/shop.bantam.ch\\\/wp-content\\\/uploads\\\/2022\\\/12\\\/bantam-logo.png\",\"width\":320,\"height\":71,\"caption\":\"Bantam\"},\"image\":{\"@id\":\"https:\\\/\\\/shop.bantam.ch\\\/fr\\\/#\\\/schema\\\/logo\\\/image\\\/\"}}]}<\/script>\n<!-- \/ Yoast SEO plugin. -->","yoast_head_json":{"title":"Appareil HT anti-martres STOP &amp; GO avec ultrasons Type 8 Plus - Minus CLIP - Bantam","robots":{"index":"index","follow":"follow","max-snippet":"max-snippet:-1","max-image-preview":"max-image-preview:large","max-video-preview":"max-video-preview:-1"},"canonical":"https:\/\/shop.bantam.ch\/fr\/produit\/appareil-haute-tension-a-ultrasons-type-8-2\/","og_locale":"fr_FR","og_type":"article","og_title":"Appareil HT anti-martres STOP &amp; GO avec ultrasons Type 8 Plus - Minus CLIP - Bantam","og_description":"Contact \u00e0 clip &#8211; connexion au syst\u00e8me \u00e9lectrique du v\u00e9hicule &#8211; design extra-plat et fin Un minimum d&rsquo;effort, un maximum de flexibilit\u00e9 ! Une protection compl\u00e8te avec un seul clip STOP&amp;GO, c&rsquo;est possible ! Appareil combin\u00e9 \u00e0 ultrasons haute tension avec six plaques de contact en acier inoxydable PLUS-MINUS CLIP. Ind\u00e9pendant du r\u00e9seau de bord, [&hellip;]","og_url":"https:\/\/shop.bantam.ch\/fr\/produit\/appareil-haute-tension-a-ultrasons-type-8-2\/","og_site_name":"Bantam","article_modified_time":"2026-05-11T19:44:57+00:00","og_image":[{"width":1000,"height":703,"url":"https:\/\/shop.bantam.ch\/wp-content\/uploads\/2023\/02\/994443511.jpg","type":"image\/jpeg"}],"twitter_card":"summary_large_image","twitter_misc":{"Dur\u00e9e de lecture estim\u00e9e":"4 minutes"},"schema":{"@context":"https:\/\/schema.org","@graph":[{"@type":"WebPage","@id":"https:\/\/shop.bantam.ch\/fr\/produit\/appareil-haute-tension-a-ultrasons-type-8-2\/","url":"https:\/\/shop.bantam.ch\/fr\/produit\/appareil-haute-tension-a-ultrasons-type-8-2\/","name":"Appareil HT anti-martres STOP &amp; GO avec ultrasons Type 8 Plus - Minus CLIP - Bantam","isPartOf":{"@id":"https:\/\/shop.bantam.ch\/fr\/#website"},"primaryImageOfPage":{"@id":"https:\/\/shop.bantam.ch\/fr\/produit\/appareil-haute-tension-a-ultrasons-type-8-2\/#primaryimage"},"image":{"@id":"https:\/\/shop.bantam.ch\/fr\/produit\/appareil-haute-tension-a-ultrasons-type-8-2\/#primaryimage"},"thumbnailUrl":"https:\/\/shop.bantam.ch\/wp-content\/uploads\/2023\/02\/994443511.jpg","datePublished":"2023-02-28T21:34:01+00:00","dateModified":"2026-05-11T19:44:57+00:00","breadcrumb":{"@id":"https:\/\/shop.bantam.ch\/fr\/produit\/appareil-haute-tension-a-ultrasons-type-8-2\/#breadcrumb"},"inLanguage":"fr-FR","potentialAction":[{"@type":"ReadAction","target":["https:\/\/shop.bantam.ch\/fr\/produit\/appareil-haute-tension-a-ultrasons-type-8-2\/"]}]},{"@type":"ImageObject","inLanguage":"fr-FR","@id":"https:\/\/shop.bantam.ch\/fr\/produit\/appareil-haute-tension-a-ultrasons-type-8-2\/#primaryimage","url":"https:\/\/shop.bantam.ch\/wp-content\/uploads\/2023\/02\/994443511.jpg","contentUrl":"https:\/\/shop.bantam.ch\/wp-content\/uploads\/2023\/02\/994443511.jpg","width":1000,"height":703},{"@type":"BreadcrumbList","@id":"https:\/\/shop.bantam.ch\/fr\/produit\/appareil-haute-tension-a-ultrasons-type-8-2\/#breadcrumb","itemListElement":[{"@type":"ListItem","position":1,"name":"Accueil","item":"https:\/\/shop.bantam.ch\/fr\/"},{"@type":"ListItem","position":2,"name":"Boutique","item":"https:\/\/shop.bantam.ch\/fr\/boutique\/"},{"@type":"ListItem","position":3,"name":"Appareil HT anti-martres STOP &amp; GO avec ultrasons Type 8 Plus &#8211; Minus CLIP"}]},{"@type":"WebSite","@id":"https:\/\/shop.bantam.ch\/fr\/#website","url":"https:\/\/shop.bantam.ch\/fr\/","name":"Bantam","description":"","publisher":{"@id":"https:\/\/shop.bantam.ch\/fr\/#organization"},"inLanguage":"fr-FR"},{"@type":"Organization","@id":"https:\/\/shop.bantam.ch\/fr\/#organization","name":"Bantam","url":"https:\/\/shop.bantam.ch\/fr\/","logo":{"@type":"ImageObject","inLanguage":"fr-FR","@id":"https:\/\/shop.bantam.ch\/fr\/#\/schema\/logo\/image\/","url":"https:\/\/shop.bantam.ch\/wp-content\/uploads\/2022\/12\/bantam-logo.png","contentUrl":"https:\/\/shop.bantam.ch\/wp-content\/uploads\/2022\/12\/bantam-logo.png","width":320,"height":71,"caption":"Bantam"},"image":{"@id":"https:\/\/shop.bantam.ch\/fr\/#\/schema\/logo\/image\/"}}]}},"_links":{"self":[{"href":"https:\/\/shop.bantam.ch\/fr\/wp-json\/wp\/v2\/product\/117706","targetHints":{"allow":["GET"]}}],"collection":[{"href":"https:\/\/shop.bantam.ch\/fr\/wp-json\/wp\/v2\/product"}],"about":[{"href":"https:\/\/shop.bantam.ch\/fr\/wp-json\/wp\/v2\/types\/product"}],"wp:featuredmedia":[{"embeddable":true,"href":"https:\/\/shop.bantam.ch\/fr\/wp-json\/wp\/v2\/media\/117704"}],"wp:attachment":[{"href":"https:\/\/shop.bantam.ch\/fr\/wp-json\/wp\/v2\/media?parent=117706"}],"wp:term":[{"taxonomy":"product_featured_cat","embeddable":true,"href":"https:\/\/shop.bantam.ch\/fr\/wp-json\/wp\/v2\/product_featured_cat?post=117706"},{"taxonomy":"product_brand","embeddable":true,"href":"https:\/\/shop.bantam.ch\/fr\/wp-json\/wp\/v2\/product_brand?post=117706"},{"taxonomy":"product_cat","embeddable":true,"href":"https:\/\/shop.bantam.ch\/fr\/wp-json\/wp\/v2\/product_cat?post=117706"},{"taxonomy":"product_tag","embeddable":true,"href":"https:\/\/shop.bantam.ch\/fr\/wp-json\/wp\/v2\/product_tag?post=117706"}],"curies":[{"name":"wp","href":"https:\/\/api.w.org\/{rel}","templated":true}]}}