{"id":117666,"date":"2023-02-28T22:33:17","date_gmt":"2023-02-28T21:33:17","guid":{"rendered":"https:\/\/shop.bantam.ch\/produit\/natte-isolante-exterieure-pour-la-cabine-du-conducteur\/"},"modified":"2026-04-18T21:47:04","modified_gmt":"2026-04-18T19:47:04","slug":"natte-isolante-exterieure-pour-la-cabine-du-conducteur","status":"publish","type":"product","link":"https:\/\/shop.bantam.ch\/fr\/produit\/natte-isolante-exterieure-pour-la-cabine-du-conducteur\/","title":{"rendered":"Tapis isol. ext. TECON COVERCRAFT cabine Crosscamp, Campster, Peugeot Expert, Citro\u00ebn Jumpy \u00e0pd 2018"},"content":{"rendered":"<p>Natte isolante ext\u00e9rieure ISOLUX pour la cabine du conducteur adapt\u00e9e pour Crosscamp, Campster, Peugeot Expert, Peugeot Traveller, Citro\u00ebn Jumpy (\u00e0 partir de 2018), Citro\u00ebn Spacetourer, Toyota Proace, Opel Vivaro, Opel Zafira life.<\/p>\n<ul>\n<li>Isolation contre la chaleur ou le gel performante et r\u00e9sistante aux temp\u00eates<\/li>\n<li>Poids faible<\/li>\n<\/ul>\n<p>Mat\u00e9riau\u00a0:<br \/>Mat\u00e9riau multicouche en toile PE enduite et isolation en PSS<\/p>\n","protected":false},"excerpt":{"rendered":"<p>Natte isolante ext\u00e9rieure ISOLUX pour la cabine du conducteur adapt\u00e9e pour Crosscamp, Campster, Peugeot Expert, Peugeot Traveller, Citro\u00ebn Jumpy (\u00e0 partir de 2018), Citro\u00ebn Spacetourer, Toyota Proace, Opel Vivaro, Opel Zafira life. Isolation contre la chaleur ou le gel performante et r\u00e9sistante aux temp\u00eates Poids faible Mat\u00e9riau\u00a0:Mat\u00e9riau multicouche en toile PE enduite et isolation en [&hellip;]<\/p>\n","protected":false},"featured_media":117664,"template":"","meta":{"_acf_changed":false},"product_featured_cat":[],"product_brand":[3030],"product_cat":[4641],"product_tag":[],"class_list":{"0":"post-117666","1":"product","2":"type-product","3":"status-publish","4":"has-post-thumbnail","6":"product_brand-tecon-covercraft","7":"product_cat-matelas-et-rideaux-thermiques","9":"first","10":"instock","11":"taxable","12":"shipping-taxable","13":"purchasable","14":"product-type-simple"},"acf":[],"yoast_head":"<!-- This site is optimized with the Yoast SEO plugin v27.4 - https:\/\/yoast.com\/product\/yoast-seo-wordpress\/ -->\n<title>Tapis isol. ext. TECON COVERCRAFT cabine Crosscamp, Campster, Peugeot Expert, Citro\u00ebn Jumpy \u00e0pd 2018 - Bantam Wankm\u00fcller SA<\/title>\n<meta name=\"robots\" content=\"index, follow, max-snippet:-1, max-image-preview:large, max-video-preview:-1\" \/>\n<link rel=\"canonical\" href=\"https:\/\/shop.bantam.ch\/fr\/produit\/natte-isolante-exterieure-pour-la-cabine-du-conducteur\/\" \/>\n<meta property=\"og:locale\" content=\"fr_FR\" \/>\n<meta property=\"og:type\" content=\"article\" \/>\n<meta property=\"og:title\" content=\"Tapis isol. ext. TECON COVERCRAFT cabine Crosscamp, Campster, Peugeot Expert, Citro\u00ebn Jumpy \u00e0pd 2018 - Bantam Wankm\u00fcller SA\" \/>\n<meta property=\"og:description\" content=\"Natte isolante ext\u00e9rieure ISOLUX pour la cabine du conducteur adapt\u00e9e pour Crosscamp, Campster, Peugeot Expert, Peugeot Traveller, Citro\u00ebn Jumpy (\u00e0 partir de 2018), Citro\u00ebn Spacetourer, Toyota Proace, Opel Vivaro, Opel Zafira life. Isolation contre la chaleur ou le gel performante et r\u00e9sistante aux temp\u00eates Poids faible Mat\u00e9riau\u00a0:Mat\u00e9riau multicouche en toile PE enduite et isolation en [&hellip;]\" \/>\n<meta property=\"og:url\" content=\"https:\/\/shop.bantam.ch\/fr\/produit\/natte-isolante-exterieure-pour-la-cabine-du-conducteur\/\" \/>\n<meta property=\"og:site_name\" content=\"Bantam Wankm\u00fcller SA\" \/>\n<meta property=\"article:modified_time\" content=\"2026-04-18T19:47:04+00:00\" \/>\n<meta property=\"og:image\" content=\"https:\/\/shop.bantam.ch\/wp-content\/uploads\/2023\/02\/994443111.jpg\" \/>\n\t<meta property=\"og:image:width\" content=\"1000\" \/>\n\t<meta property=\"og:image:height\" content=\"750\" \/>\n\t<meta property=\"og:image:type\" content=\"image\/jpeg\" \/>\n<meta name=\"twitter:card\" content=\"summary_large_image\" \/>\n<script type=\"application\/ld+json\" class=\"yoast-schema-graph\">{\"@context\":\"https:\\\/\\\/schema.org\",\"@graph\":[{\"@type\":\"WebPage\",\"@id\":\"https:\\\/\\\/shop.bantam.ch\\\/fr\\\/produit\\\/natte-isolante-exterieure-pour-la-cabine-du-conducteur\\\/\",\"url\":\"https:\\\/\\\/shop.bantam.ch\\\/fr\\\/produit\\\/natte-isolante-exterieure-pour-la-cabine-du-conducteur\\\/\",\"name\":\"Tapis isol. ext. TECON COVERCRAFT cabine Crosscamp, Campster, Peugeot Expert, Citro\u00ebn Jumpy \u00e0pd 2018 - Bantam Wankm\u00fcller SA\",\"isPartOf\":{\"@id\":\"https:\\\/\\\/shop.bantam.ch\\\/fr\\\/#website\"},\"primaryImageOfPage\":{\"@id\":\"https:\\\/\\\/shop.bantam.ch\\\/fr\\\/produit\\\/natte-isolante-exterieure-pour-la-cabine-du-conducteur\\\/#primaryimage\"},\"image\":{\"@id\":\"https:\\\/\\\/shop.bantam.ch\\\/fr\\\/produit\\\/natte-isolante-exterieure-pour-la-cabine-du-conducteur\\\/#primaryimage\"},\"thumbnailUrl\":\"https:\\\/\\\/shop.bantam.ch\\\/wp-content\\\/uploads\\\/2023\\\/02\\\/994443111.jpg\",\"datePublished\":\"2023-02-28T21:33:17+00:00\",\"dateModified\":\"2026-04-18T19:47:04+00:00\",\"breadcrumb\":{\"@id\":\"https:\\\/\\\/shop.bantam.ch\\\/fr\\\/produit\\\/natte-isolante-exterieure-pour-la-cabine-du-conducteur\\\/#breadcrumb\"},\"inLanguage\":\"fr-FR\",\"potentialAction\":[{\"@type\":\"ReadAction\",\"target\":[\"https:\\\/\\\/shop.bantam.ch\\\/fr\\\/produit\\\/natte-isolante-exterieure-pour-la-cabine-du-conducteur\\\/\"]}]},{\"@type\":\"ImageObject\",\"inLanguage\":\"fr-FR\",\"@id\":\"https:\\\/\\\/shop.bantam.ch\\\/fr\\\/produit\\\/natte-isolante-exterieure-pour-la-cabine-du-conducteur\\\/#primaryimage\",\"url\":\"https:\\\/\\\/shop.bantam.ch\\\/wp-content\\\/uploads\\\/2023\\\/02\\\/994443111.jpg\",\"contentUrl\":\"https:\\\/\\\/shop.bantam.ch\\\/wp-content\\\/uploads\\\/2023\\\/02\\\/994443111.jpg\",\"width\":1000,\"height\":750},{\"@type\":\"BreadcrumbList\",\"@id\":\"https:\\\/\\\/shop.bantam.ch\\\/fr\\\/produit\\\/natte-isolante-exterieure-pour-la-cabine-du-conducteur\\\/#breadcrumb\",\"itemListElement\":[{\"@type\":\"ListItem\",\"position\":1,\"name\":\"Accueil\",\"item\":\"https:\\\/\\\/shop.bantam.ch\\\/fr\\\/\"},{\"@type\":\"ListItem\",\"position\":2,\"name\":\"Boutique\",\"item\":\"https:\\\/\\\/shop.bantam.ch\\\/fr\\\/boutique\\\/\"},{\"@type\":\"ListItem\",\"position\":3,\"name\":\"Tapis isol. ext. TECON COVERCRAFT cabine Crosscamp, Campster, Peugeot Expert, Citro\u00ebn Jumpy \u00e0pd 2018\"}]},{\"@type\":\"WebSite\",\"@id\":\"https:\\\/\\\/shop.bantam.ch\\\/fr\\\/#website\",\"url\":\"https:\\\/\\\/shop.bantam.ch\\\/fr\\\/\",\"name\":\"Bantam Wankm\u00fcller SA\",\"description\":\"\",\"publisher\":{\"@id\":\"https:\\\/\\\/shop.bantam.ch\\\/fr\\\/#organization\"},\"inLanguage\":\"fr-FR\"},{\"@type\":\"Organization\",\"@id\":\"https:\\\/\\\/shop.bantam.ch\\\/fr\\\/#organization\",\"name\":\"Bantam Wankm\u00fcller SA\",\"url\":\"https:\\\/\\\/shop.bantam.ch\\\/fr\\\/\",\"logo\":{\"@type\":\"ImageObject\",\"inLanguage\":\"fr-FR\",\"@id\":\"https:\\\/\\\/shop.bantam.ch\\\/fr\\\/#\\\/schema\\\/logo\\\/image\\\/\",\"url\":\"https:\\\/\\\/shop.bantam.ch\\\/wp-content\\\/uploads\\\/2022\\\/12\\\/bantam-logo.png\",\"contentUrl\":\"https:\\\/\\\/shop.bantam.ch\\\/wp-content\\\/uploads\\\/2022\\\/12\\\/bantam-logo.png\",\"width\":320,\"height\":71,\"caption\":\"Bantam Wankm\u00fcller SA\"},\"image\":{\"@id\":\"https:\\\/\\\/shop.bantam.ch\\\/fr\\\/#\\\/schema\\\/logo\\\/image\\\/\"}}]}<\/script>\n<!-- \/ Yoast SEO plugin. -->","yoast_head_json":{"title":"Tapis isol. ext. TECON COVERCRAFT cabine Crosscamp, Campster, Peugeot Expert, Citro\u00ebn Jumpy \u00e0pd 2018 - Bantam Wankm\u00fcller SA","robots":{"index":"index","follow":"follow","max-snippet":"max-snippet:-1","max-image-preview":"max-image-preview:large","max-video-preview":"max-video-preview:-1"},"canonical":"https:\/\/shop.bantam.ch\/fr\/produit\/natte-isolante-exterieure-pour-la-cabine-du-conducteur\/","og_locale":"fr_FR","og_type":"article","og_title":"Tapis isol. ext. TECON COVERCRAFT cabine Crosscamp, Campster, Peugeot Expert, Citro\u00ebn Jumpy \u00e0pd 2018 - Bantam Wankm\u00fcller SA","og_description":"Natte isolante ext\u00e9rieure ISOLUX pour la cabine du conducteur adapt\u00e9e pour Crosscamp, Campster, Peugeot Expert, Peugeot Traveller, Citro\u00ebn Jumpy (\u00e0 partir de 2018), Citro\u00ebn Spacetourer, Toyota Proace, Opel Vivaro, Opel Zafira life. Isolation contre la chaleur ou le gel performante et r\u00e9sistante aux temp\u00eates Poids faible Mat\u00e9riau\u00a0:Mat\u00e9riau multicouche en toile PE enduite et isolation en [&hellip;]","og_url":"https:\/\/shop.bantam.ch\/fr\/produit\/natte-isolante-exterieure-pour-la-cabine-du-conducteur\/","og_site_name":"Bantam Wankm\u00fcller SA","article_modified_time":"2026-04-18T19:47:04+00:00","og_image":[{"width":1000,"height":750,"url":"https:\/\/shop.bantam.ch\/wp-content\/uploads\/2023\/02\/994443111.jpg","type":"image\/jpeg"}],"twitter_card":"summary_large_image","schema":{"@context":"https:\/\/schema.org","@graph":[{"@type":"WebPage","@id":"https:\/\/shop.bantam.ch\/fr\/produit\/natte-isolante-exterieure-pour-la-cabine-du-conducteur\/","url":"https:\/\/shop.bantam.ch\/fr\/produit\/natte-isolante-exterieure-pour-la-cabine-du-conducteur\/","name":"Tapis isol. ext. TECON COVERCRAFT cabine Crosscamp, Campster, Peugeot Expert, Citro\u00ebn Jumpy \u00e0pd 2018 - Bantam Wankm\u00fcller SA","isPartOf":{"@id":"https:\/\/shop.bantam.ch\/fr\/#website"},"primaryImageOfPage":{"@id":"https:\/\/shop.bantam.ch\/fr\/produit\/natte-isolante-exterieure-pour-la-cabine-du-conducteur\/#primaryimage"},"image":{"@id":"https:\/\/shop.bantam.ch\/fr\/produit\/natte-isolante-exterieure-pour-la-cabine-du-conducteur\/#primaryimage"},"thumbnailUrl":"https:\/\/shop.bantam.ch\/wp-content\/uploads\/2023\/02\/994443111.jpg","datePublished":"2023-02-28T21:33:17+00:00","dateModified":"2026-04-18T19:47:04+00:00","breadcrumb":{"@id":"https:\/\/shop.bantam.ch\/fr\/produit\/natte-isolante-exterieure-pour-la-cabine-du-conducteur\/#breadcrumb"},"inLanguage":"fr-FR","potentialAction":[{"@type":"ReadAction","target":["https:\/\/shop.bantam.ch\/fr\/produit\/natte-isolante-exterieure-pour-la-cabine-du-conducteur\/"]}]},{"@type":"ImageObject","inLanguage":"fr-FR","@id":"https:\/\/shop.bantam.ch\/fr\/produit\/natte-isolante-exterieure-pour-la-cabine-du-conducteur\/#primaryimage","url":"https:\/\/shop.bantam.ch\/wp-content\/uploads\/2023\/02\/994443111.jpg","contentUrl":"https:\/\/shop.bantam.ch\/wp-content\/uploads\/2023\/02\/994443111.jpg","width":1000,"height":750},{"@type":"BreadcrumbList","@id":"https:\/\/shop.bantam.ch\/fr\/produit\/natte-isolante-exterieure-pour-la-cabine-du-conducteur\/#breadcrumb","itemListElement":[{"@type":"ListItem","position":1,"name":"Accueil","item":"https:\/\/shop.bantam.ch\/fr\/"},{"@type":"ListItem","position":2,"name":"Boutique","item":"https:\/\/shop.bantam.ch\/fr\/boutique\/"},{"@type":"ListItem","position":3,"name":"Tapis isol. ext. TECON COVERCRAFT cabine Crosscamp, Campster, Peugeot Expert, Citro\u00ebn Jumpy \u00e0pd 2018"}]},{"@type":"WebSite","@id":"https:\/\/shop.bantam.ch\/fr\/#website","url":"https:\/\/shop.bantam.ch\/fr\/","name":"Bantam Wankm\u00fcller SA","description":"","publisher":{"@id":"https:\/\/shop.bantam.ch\/fr\/#organization"},"inLanguage":"fr-FR"},{"@type":"Organization","@id":"https:\/\/shop.bantam.ch\/fr\/#organization","name":"Bantam Wankm\u00fcller SA","url":"https:\/\/shop.bantam.ch\/fr\/","logo":{"@type":"ImageObject","inLanguage":"fr-FR","@id":"https:\/\/shop.bantam.ch\/fr\/#\/schema\/logo\/image\/","url":"https:\/\/shop.bantam.ch\/wp-content\/uploads\/2022\/12\/bantam-logo.png","contentUrl":"https:\/\/shop.bantam.ch\/wp-content\/uploads\/2022\/12\/bantam-logo.png","width":320,"height":71,"caption":"Bantam Wankm\u00fcller SA"},"image":{"@id":"https:\/\/shop.bantam.ch\/fr\/#\/schema\/logo\/image\/"}}]}},"_links":{"self":[{"href":"https:\/\/shop.bantam.ch\/fr\/wp-json\/wp\/v2\/product\/117666","targetHints":{"allow":["GET"]}}],"collection":[{"href":"https:\/\/shop.bantam.ch\/fr\/wp-json\/wp\/v2\/product"}],"about":[{"href":"https:\/\/shop.bantam.ch\/fr\/wp-json\/wp\/v2\/types\/product"}],"wp:featuredmedia":[{"embeddable":true,"href":"https:\/\/shop.bantam.ch\/fr\/wp-json\/wp\/v2\/media\/117664"}],"wp:attachment":[{"href":"https:\/\/shop.bantam.ch\/fr\/wp-json\/wp\/v2\/media?parent=117666"}],"wp:term":[{"taxonomy":"product_featured_cat","embeddable":true,"href":"https:\/\/shop.bantam.ch\/fr\/wp-json\/wp\/v2\/product_featured_cat?post=117666"},{"taxonomy":"product_brand","embeddable":true,"href":"https:\/\/shop.bantam.ch\/fr\/wp-json\/wp\/v2\/product_brand?post=117666"},{"taxonomy":"product_cat","embeddable":true,"href":"https:\/\/shop.bantam.ch\/fr\/wp-json\/wp\/v2\/product_cat?post=117666"},{"taxonomy":"product_tag","embeddable":true,"href":"https:\/\/shop.bantam.ch\/fr\/wp-json\/wp\/v2\/product_tag?post=117666"}],"curies":[{"name":"wp","href":"https:\/\/api.w.org\/{rel}","templated":true}]}}