{"id":117662,"date":"2023-02-28T22:33:12","date_gmt":"2023-02-28T21:33:12","guid":{"rendered":"https:\/\/shop.bantam.ch\/produit\/protection-contre-le-gel-et-la-chaleur-de-la-fenetre-de-la-cabine-du-conducteur-isolight\/"},"modified":"2026-04-19T21:48:43","modified_gmt":"2026-04-19T19:48:43","slug":"protection-contre-le-gel-et-la-chaleur-de-la-fenetre-de-la-cabine-du-conducteur-isolight","status":"publish","type":"product","link":"https:\/\/shop.bantam.ch\/fr\/produit\/protection-contre-le-gel-et-la-chaleur-de-la-fenetre-de-la-cabine-du-conducteur-isolight\/","title":{"rendered":"Protection contre le gel et la chaleur de la fen\u00eatre de la cabine du conducteur Isolight"},"content":{"rendered":"<p>Protection de la fen\u00eatre de la cabine de conduite, contre le gel et le soleil adapt\u00e9e \u00e0 Crosscamp, Campster, Peugeot Expert, Citroen Jumpy (\u00e0 partir de 2018), Peugeot Traveller, Citroen Spacetourer, Toyota Proace, Opel Vivaro, Opel Zafira life.<\/p>\n<ul>\n<li>Protection id\u00e9ale contre la gel et la neige lors du stationnement prolong\u00e9<\/li>\n<li>Fonctionne aussi comme protection solaire en \u00e9t\u00e9<\/li>\n<li>Mise en place facile et rapide<\/li>\n<\/ul>\n","protected":false},"excerpt":{"rendered":"<p>Protection de la fen\u00eatre de la cabine de conduite, contre le gel et le soleil adapt\u00e9e \u00e0 Crosscamp, Campster, Peugeot Expert, Citroen Jumpy (\u00e0 partir de 2018), Peugeot Traveller, Citroen Spacetourer, Toyota Proace, Opel Vivaro, Opel Zafira life. Protection id\u00e9ale contre la gel et la neige lors du stationnement prolong\u00e9 Fonctionne aussi comme protection solaire [&hellip;]<\/p>\n","protected":false},"featured_media":117660,"template":"","meta":{"_acf_changed":false},"product_featured_cat":[],"product_brand":[3030],"product_cat":[4641],"product_tag":[],"class_list":{"0":"post-117662","1":"product","2":"type-product","3":"status-publish","4":"has-post-thumbnail","6":"product_brand-tecon-covercraft","7":"product_cat-matelas-et-rideaux-thermiques","9":"first","10":"instock","11":"taxable","12":"shipping-taxable","13":"purchasable","14":"product-type-simple"},"acf":[],"yoast_head":"<!-- This site is optimized with the Yoast SEO plugin v27.4 - https:\/\/yoast.com\/product\/yoast-seo-wordpress\/ -->\n<title>Protection contre le gel et la chaleur de la fen\u00eatre de la cabine du conducteur Isolight - Bantam Wankm\u00fcller SA<\/title>\n<meta name=\"robots\" content=\"index, follow, max-snippet:-1, max-image-preview:large, max-video-preview:-1\" \/>\n<link rel=\"canonical\" href=\"https:\/\/shop.bantam.ch\/fr\/produit\/protection-contre-le-gel-et-la-chaleur-de-la-fenetre-de-la-cabine-du-conducteur-isolight\/\" \/>\n<meta property=\"og:locale\" content=\"fr_FR\" \/>\n<meta property=\"og:type\" content=\"article\" \/>\n<meta property=\"og:title\" content=\"Protection contre le gel et la chaleur de la fen\u00eatre de la cabine du conducteur Isolight - Bantam Wankm\u00fcller SA\" \/>\n<meta property=\"og:description\" content=\"Protection de la fen\u00eatre de la cabine de conduite, contre le gel et le soleil adapt\u00e9e \u00e0 Crosscamp, Campster, Peugeot Expert, Citroen Jumpy (\u00e0 partir de 2018), Peugeot Traveller, Citroen Spacetourer, Toyota Proace, Opel Vivaro, Opel Zafira life. Protection id\u00e9ale contre la gel et la neige lors du stationnement prolong\u00e9 Fonctionne aussi comme protection solaire [&hellip;]\" \/>\n<meta property=\"og:url\" content=\"https:\/\/shop.bantam.ch\/fr\/produit\/protection-contre-le-gel-et-la-chaleur-de-la-fenetre-de-la-cabine-du-conducteur-isolight\/\" \/>\n<meta property=\"og:site_name\" content=\"Bantam Wankm\u00fcller SA\" \/>\n<meta property=\"article:modified_time\" content=\"2026-04-19T19:48:43+00:00\" \/>\n<meta property=\"og:image\" content=\"https:\/\/shop.bantam.ch\/wp-content\/uploads\/2023\/02\/994442911.jpg\" \/>\n\t<meta property=\"og:image:width\" content=\"1000\" \/>\n\t<meta property=\"og:image:height\" content=\"750\" \/>\n\t<meta property=\"og:image:type\" content=\"image\/jpeg\" \/>\n<meta name=\"twitter:card\" content=\"summary_large_image\" \/>\n<script type=\"application\/ld+json\" class=\"yoast-schema-graph\">{\"@context\":\"https:\\\/\\\/schema.org\",\"@graph\":[{\"@type\":\"WebPage\",\"@id\":\"https:\\\/\\\/shop.bantam.ch\\\/fr\\\/produit\\\/protection-contre-le-gel-et-la-chaleur-de-la-fenetre-de-la-cabine-du-conducteur-isolight\\\/\",\"url\":\"https:\\\/\\\/shop.bantam.ch\\\/fr\\\/produit\\\/protection-contre-le-gel-et-la-chaleur-de-la-fenetre-de-la-cabine-du-conducteur-isolight\\\/\",\"name\":\"Protection contre le gel et la chaleur de la fen\u00eatre de la cabine du conducteur Isolight - Bantam Wankm\u00fcller SA\",\"isPartOf\":{\"@id\":\"https:\\\/\\\/shop.bantam.ch\\\/fr\\\/#website\"},\"primaryImageOfPage\":{\"@id\":\"https:\\\/\\\/shop.bantam.ch\\\/fr\\\/produit\\\/protection-contre-le-gel-et-la-chaleur-de-la-fenetre-de-la-cabine-du-conducteur-isolight\\\/#primaryimage\"},\"image\":{\"@id\":\"https:\\\/\\\/shop.bantam.ch\\\/fr\\\/produit\\\/protection-contre-le-gel-et-la-chaleur-de-la-fenetre-de-la-cabine-du-conducteur-isolight\\\/#primaryimage\"},\"thumbnailUrl\":\"https:\\\/\\\/shop.bantam.ch\\\/wp-content\\\/uploads\\\/2023\\\/02\\\/994442911.jpg\",\"datePublished\":\"2023-02-28T21:33:12+00:00\",\"dateModified\":\"2026-04-19T19:48:43+00:00\",\"breadcrumb\":{\"@id\":\"https:\\\/\\\/shop.bantam.ch\\\/fr\\\/produit\\\/protection-contre-le-gel-et-la-chaleur-de-la-fenetre-de-la-cabine-du-conducteur-isolight\\\/#breadcrumb\"},\"inLanguage\":\"fr-FR\",\"potentialAction\":[{\"@type\":\"ReadAction\",\"target\":[\"https:\\\/\\\/shop.bantam.ch\\\/fr\\\/produit\\\/protection-contre-le-gel-et-la-chaleur-de-la-fenetre-de-la-cabine-du-conducteur-isolight\\\/\"]}]},{\"@type\":\"ImageObject\",\"inLanguage\":\"fr-FR\",\"@id\":\"https:\\\/\\\/shop.bantam.ch\\\/fr\\\/produit\\\/protection-contre-le-gel-et-la-chaleur-de-la-fenetre-de-la-cabine-du-conducteur-isolight\\\/#primaryimage\",\"url\":\"https:\\\/\\\/shop.bantam.ch\\\/wp-content\\\/uploads\\\/2023\\\/02\\\/994442911.jpg\",\"contentUrl\":\"https:\\\/\\\/shop.bantam.ch\\\/wp-content\\\/uploads\\\/2023\\\/02\\\/994442911.jpg\",\"width\":1000,\"height\":750},{\"@type\":\"BreadcrumbList\",\"@id\":\"https:\\\/\\\/shop.bantam.ch\\\/fr\\\/produit\\\/protection-contre-le-gel-et-la-chaleur-de-la-fenetre-de-la-cabine-du-conducteur-isolight\\\/#breadcrumb\",\"itemListElement\":[{\"@type\":\"ListItem\",\"position\":1,\"name\":\"Accueil\",\"item\":\"https:\\\/\\\/shop.bantam.ch\\\/fr\\\/\"},{\"@type\":\"ListItem\",\"position\":2,\"name\":\"Boutique\",\"item\":\"https:\\\/\\\/shop.bantam.ch\\\/fr\\\/boutique\\\/\"},{\"@type\":\"ListItem\",\"position\":3,\"name\":\"Protection contre le gel et la chaleur de la fen\u00eatre de la cabine du conducteur Isolight\"}]},{\"@type\":\"WebSite\",\"@id\":\"https:\\\/\\\/shop.bantam.ch\\\/fr\\\/#website\",\"url\":\"https:\\\/\\\/shop.bantam.ch\\\/fr\\\/\",\"name\":\"Bantam Wankm\u00fcller SA\",\"description\":\"\",\"publisher\":{\"@id\":\"https:\\\/\\\/shop.bantam.ch\\\/fr\\\/#organization\"},\"inLanguage\":\"fr-FR\"},{\"@type\":\"Organization\",\"@id\":\"https:\\\/\\\/shop.bantam.ch\\\/fr\\\/#organization\",\"name\":\"Bantam Wankm\u00fcller SA\",\"url\":\"https:\\\/\\\/shop.bantam.ch\\\/fr\\\/\",\"logo\":{\"@type\":\"ImageObject\",\"inLanguage\":\"fr-FR\",\"@id\":\"https:\\\/\\\/shop.bantam.ch\\\/fr\\\/#\\\/schema\\\/logo\\\/image\\\/\",\"url\":\"https:\\\/\\\/shop.bantam.ch\\\/wp-content\\\/uploads\\\/2022\\\/12\\\/bantam-logo.png\",\"contentUrl\":\"https:\\\/\\\/shop.bantam.ch\\\/wp-content\\\/uploads\\\/2022\\\/12\\\/bantam-logo.png\",\"width\":320,\"height\":71,\"caption\":\"Bantam Wankm\u00fcller SA\"},\"image\":{\"@id\":\"https:\\\/\\\/shop.bantam.ch\\\/fr\\\/#\\\/schema\\\/logo\\\/image\\\/\"}}]}<\/script>\n<!-- \/ Yoast SEO plugin. -->","yoast_head_json":{"title":"Protection contre le gel et la chaleur de la fen\u00eatre de la cabine du conducteur Isolight - Bantam Wankm\u00fcller SA","robots":{"index":"index","follow":"follow","max-snippet":"max-snippet:-1","max-image-preview":"max-image-preview:large","max-video-preview":"max-video-preview:-1"},"canonical":"https:\/\/shop.bantam.ch\/fr\/produit\/protection-contre-le-gel-et-la-chaleur-de-la-fenetre-de-la-cabine-du-conducteur-isolight\/","og_locale":"fr_FR","og_type":"article","og_title":"Protection contre le gel et la chaleur de la fen\u00eatre de la cabine du conducteur Isolight - Bantam Wankm\u00fcller SA","og_description":"Protection de la fen\u00eatre de la cabine de conduite, contre le gel et le soleil adapt\u00e9e \u00e0 Crosscamp, Campster, Peugeot Expert, Citroen Jumpy (\u00e0 partir de 2018), Peugeot Traveller, Citroen Spacetourer, Toyota Proace, Opel Vivaro, Opel Zafira life. Protection id\u00e9ale contre la gel et la neige lors du stationnement prolong\u00e9 Fonctionne aussi comme protection solaire [&hellip;]","og_url":"https:\/\/shop.bantam.ch\/fr\/produit\/protection-contre-le-gel-et-la-chaleur-de-la-fenetre-de-la-cabine-du-conducteur-isolight\/","og_site_name":"Bantam Wankm\u00fcller SA","article_modified_time":"2026-04-19T19:48:43+00:00","og_image":[{"width":1000,"height":750,"url":"https:\/\/shop.bantam.ch\/wp-content\/uploads\/2023\/02\/994442911.jpg","type":"image\/jpeg"}],"twitter_card":"summary_large_image","schema":{"@context":"https:\/\/schema.org","@graph":[{"@type":"WebPage","@id":"https:\/\/shop.bantam.ch\/fr\/produit\/protection-contre-le-gel-et-la-chaleur-de-la-fenetre-de-la-cabine-du-conducteur-isolight\/","url":"https:\/\/shop.bantam.ch\/fr\/produit\/protection-contre-le-gel-et-la-chaleur-de-la-fenetre-de-la-cabine-du-conducteur-isolight\/","name":"Protection contre le gel et la chaleur de la fen\u00eatre de la cabine du conducteur Isolight - Bantam Wankm\u00fcller SA","isPartOf":{"@id":"https:\/\/shop.bantam.ch\/fr\/#website"},"primaryImageOfPage":{"@id":"https:\/\/shop.bantam.ch\/fr\/produit\/protection-contre-le-gel-et-la-chaleur-de-la-fenetre-de-la-cabine-du-conducteur-isolight\/#primaryimage"},"image":{"@id":"https:\/\/shop.bantam.ch\/fr\/produit\/protection-contre-le-gel-et-la-chaleur-de-la-fenetre-de-la-cabine-du-conducteur-isolight\/#primaryimage"},"thumbnailUrl":"https:\/\/shop.bantam.ch\/wp-content\/uploads\/2023\/02\/994442911.jpg","datePublished":"2023-02-28T21:33:12+00:00","dateModified":"2026-04-19T19:48:43+00:00","breadcrumb":{"@id":"https:\/\/shop.bantam.ch\/fr\/produit\/protection-contre-le-gel-et-la-chaleur-de-la-fenetre-de-la-cabine-du-conducteur-isolight\/#breadcrumb"},"inLanguage":"fr-FR","potentialAction":[{"@type":"ReadAction","target":["https:\/\/shop.bantam.ch\/fr\/produit\/protection-contre-le-gel-et-la-chaleur-de-la-fenetre-de-la-cabine-du-conducteur-isolight\/"]}]},{"@type":"ImageObject","inLanguage":"fr-FR","@id":"https:\/\/shop.bantam.ch\/fr\/produit\/protection-contre-le-gel-et-la-chaleur-de-la-fenetre-de-la-cabine-du-conducteur-isolight\/#primaryimage","url":"https:\/\/shop.bantam.ch\/wp-content\/uploads\/2023\/02\/994442911.jpg","contentUrl":"https:\/\/shop.bantam.ch\/wp-content\/uploads\/2023\/02\/994442911.jpg","width":1000,"height":750},{"@type":"BreadcrumbList","@id":"https:\/\/shop.bantam.ch\/fr\/produit\/protection-contre-le-gel-et-la-chaleur-de-la-fenetre-de-la-cabine-du-conducteur-isolight\/#breadcrumb","itemListElement":[{"@type":"ListItem","position":1,"name":"Accueil","item":"https:\/\/shop.bantam.ch\/fr\/"},{"@type":"ListItem","position":2,"name":"Boutique","item":"https:\/\/shop.bantam.ch\/fr\/boutique\/"},{"@type":"ListItem","position":3,"name":"Protection contre le gel et la chaleur de la fen\u00eatre de la cabine du conducteur Isolight"}]},{"@type":"WebSite","@id":"https:\/\/shop.bantam.ch\/fr\/#website","url":"https:\/\/shop.bantam.ch\/fr\/","name":"Bantam Wankm\u00fcller SA","description":"","publisher":{"@id":"https:\/\/shop.bantam.ch\/fr\/#organization"},"inLanguage":"fr-FR"},{"@type":"Organization","@id":"https:\/\/shop.bantam.ch\/fr\/#organization","name":"Bantam Wankm\u00fcller SA","url":"https:\/\/shop.bantam.ch\/fr\/","logo":{"@type":"ImageObject","inLanguage":"fr-FR","@id":"https:\/\/shop.bantam.ch\/fr\/#\/schema\/logo\/image\/","url":"https:\/\/shop.bantam.ch\/wp-content\/uploads\/2022\/12\/bantam-logo.png","contentUrl":"https:\/\/shop.bantam.ch\/wp-content\/uploads\/2022\/12\/bantam-logo.png","width":320,"height":71,"caption":"Bantam Wankm\u00fcller SA"},"image":{"@id":"https:\/\/shop.bantam.ch\/fr\/#\/schema\/logo\/image\/"}}]}},"_links":{"self":[{"href":"https:\/\/shop.bantam.ch\/fr\/wp-json\/wp\/v2\/product\/117662","targetHints":{"allow":["GET"]}}],"collection":[{"href":"https:\/\/shop.bantam.ch\/fr\/wp-json\/wp\/v2\/product"}],"about":[{"href":"https:\/\/shop.bantam.ch\/fr\/wp-json\/wp\/v2\/types\/product"}],"wp:featuredmedia":[{"embeddable":true,"href":"https:\/\/shop.bantam.ch\/fr\/wp-json\/wp\/v2\/media\/117660"}],"wp:attachment":[{"href":"https:\/\/shop.bantam.ch\/fr\/wp-json\/wp\/v2\/media?parent=117662"}],"wp:term":[{"taxonomy":"product_featured_cat","embeddable":true,"href":"https:\/\/shop.bantam.ch\/fr\/wp-json\/wp\/v2\/product_featured_cat?post=117662"},{"taxonomy":"product_brand","embeddable":true,"href":"https:\/\/shop.bantam.ch\/fr\/wp-json\/wp\/v2\/product_brand?post=117662"},{"taxonomy":"product_cat","embeddable":true,"href":"https:\/\/shop.bantam.ch\/fr\/wp-json\/wp\/v2\/product_cat?post=117662"},{"taxonomy":"product_tag","embeddable":true,"href":"https:\/\/shop.bantam.ch\/fr\/wp-json\/wp\/v2\/product_tag?post=117662"}],"curies":[{"name":"wp","href":"https:\/\/api.w.org\/{rel}","templated":true}]}}