{"id":117548,"date":"2023-02-28T22:31:00","date_gmt":"2023-02-28T21:31:00","guid":{"rendered":"https:\/\/shop.bantam.ch\/produit\/jeu-de-tendeurs-universels-sb15-cl-dfnligbes\/"},"modified":"2026-04-20T21:47:15","modified_gmt":"2026-04-20T19:47:15","slug":"jeu-de-tendeurs-universels-sb15-cl-dfnligbes","status":"publish","type":"product","link":"https:\/\/shop.bantam.ch\/fr\/produit\/jeu-de-tendeurs-universels-sb15-cl-dfnligbes\/","title":{"rendered":"Kit tendeurs universels ABUS SB15 CL\/DFNLIGBES"},"content":{"rendered":"<p>Permet de fixer les objets \u00e0 la maison et en d\u00e9placement. Facile \u00e0 utiliser gr\u00e2ce au syst\u00e8me click-and-lock.<\/p>\n<p>Emploi et utilisation<\/p>\n<ul>\n<li>Id\u00e9al pour les loisirs<\/li>\n<li>Permet de fixer\/d\u2019attacher des objets tels que des rouleaux de tapis, des skis et autres objets plus gros<\/li>\n<li>Diff\u00e9rentes longueurs de tendeurs et diff\u00e9rents crochets permettent d&rsquo;autres utilisations diverses<\/li>\n<\/ul>\n<p>Technologie<\/p>\n<ul>\n<li>Quatre crochets principaux solides avec c\u0153ur en acier<\/li>\n<li>Changement simple et s\u00fbr des crochets \u00e0 l&rsquo;aide de verrous pivotants<\/li>\n<li>Capacit\u00e9 de charge : 40 kg par tendeur<\/li>\n<\/ul>\n<p>Ensemble de 15 pi\u00e8ces comprenant :<\/p>\n<ul>\n<li>1 crochet en Y<\/li>\n<li>1 rallonge<\/li>\n<li>1 accessoire d&rsquo;entr\u00e9e de c\u00e2ble<\/li>\n<li>2 crochets de s\u00e9curit\u00e9<\/li>\n<\/ul>\n","protected":false},"excerpt":{"rendered":"<p>Permet de fixer les objets \u00e0 la maison et en d\u00e9placement. Facile \u00e0 utiliser gr\u00e2ce au syst\u00e8me click-and-lock. Emploi et utilisation Id\u00e9al pour les loisirs Permet de fixer\/d\u2019attacher des objets tels que des rouleaux de tapis, des skis et autres objets plus gros Diff\u00e9rentes longueurs de tendeurs et diff\u00e9rents crochets permettent d&rsquo;autres utilisations diverses Technologie [&hellip;]<\/p>\n","protected":false},"featured_media":117532,"template":"","meta":{"_acf_changed":false},"product_featured_cat":[],"product_brand":[3476],"product_cat":[5131],"product_tag":[],"class_list":{"0":"post-117548","1":"product","2":"type-product","3":"status-publish","4":"has-post-thumbnail","6":"product_brand-abus","7":"product_cat-serrures-universelles","9":"first","10":"instock","11":"taxable","12":"shipping-taxable","13":"purchasable","14":"product-type-simple"},"acf":[],"yoast_head":"<!-- This site is optimized with the Yoast SEO plugin v27.4 - https:\/\/yoast.com\/product\/yoast-seo-wordpress\/ -->\n<title>Kit tendeurs universels ABUS SB15 CL\/DFNLIGBES - Bantam Wankm\u00fcller SA<\/title>\n<meta name=\"robots\" content=\"index, follow, max-snippet:-1, max-image-preview:large, max-video-preview:-1\" \/>\n<link rel=\"canonical\" href=\"https:\/\/shop.bantam.ch\/fr\/produit\/jeu-de-tendeurs-universels-sb15-cl-dfnligbes\/\" \/>\n<meta property=\"og:locale\" content=\"fr_FR\" \/>\n<meta property=\"og:type\" content=\"article\" \/>\n<meta property=\"og:title\" content=\"Kit tendeurs universels ABUS SB15 CL\/DFNLIGBES - Bantam Wankm\u00fcller SA\" \/>\n<meta property=\"og:description\" content=\"Permet de fixer les objets \u00e0 la maison et en d\u00e9placement. Facile \u00e0 utiliser gr\u00e2ce au syst\u00e8me click-and-lock. Emploi et utilisation Id\u00e9al pour les loisirs Permet de fixer\/d\u2019attacher des objets tels que des rouleaux de tapis, des skis et autres objets plus gros Diff\u00e9rentes longueurs de tendeurs et diff\u00e9rents crochets permettent d&rsquo;autres utilisations diverses Technologie [&hellip;]\" \/>\n<meta property=\"og:url\" content=\"https:\/\/shop.bantam.ch\/fr\/produit\/jeu-de-tendeurs-universels-sb15-cl-dfnligbes\/\" \/>\n<meta property=\"og:site_name\" content=\"Bantam Wankm\u00fcller SA\" \/>\n<meta property=\"article:modified_time\" content=\"2026-04-20T19:47:15+00:00\" \/>\n<meta property=\"og:image\" content=\"https:\/\/shop.bantam.ch\/wp-content\/uploads\/2023\/02\/994442511.jpg\" \/>\n\t<meta property=\"og:image:width\" content=\"1000\" \/>\n\t<meta property=\"og:image:height\" content=\"505\" \/>\n\t<meta property=\"og:image:type\" content=\"image\/jpeg\" \/>\n<meta name=\"twitter:card\" content=\"summary_large_image\" \/>\n<meta name=\"twitter:label1\" content=\"Dur\u00e9e de lecture estim\u00e9e\" \/>\n\t<meta name=\"twitter:data1\" content=\"1 minute\" \/>\n<script type=\"application\/ld+json\" class=\"yoast-schema-graph\">{\"@context\":\"https:\\\/\\\/schema.org\",\"@graph\":[{\"@type\":\"WebPage\",\"@id\":\"https:\\\/\\\/shop.bantam.ch\\\/fr\\\/produit\\\/jeu-de-tendeurs-universels-sb15-cl-dfnligbes\\\/\",\"url\":\"https:\\\/\\\/shop.bantam.ch\\\/fr\\\/produit\\\/jeu-de-tendeurs-universels-sb15-cl-dfnligbes\\\/\",\"name\":\"Kit tendeurs universels ABUS SB15 CL\\\/DFNLIGBES - Bantam Wankm\u00fcller SA\",\"isPartOf\":{\"@id\":\"https:\\\/\\\/shop.bantam.ch\\\/fr\\\/#website\"},\"primaryImageOfPage\":{\"@id\":\"https:\\\/\\\/shop.bantam.ch\\\/fr\\\/produit\\\/jeu-de-tendeurs-universels-sb15-cl-dfnligbes\\\/#primaryimage\"},\"image\":{\"@id\":\"https:\\\/\\\/shop.bantam.ch\\\/fr\\\/produit\\\/jeu-de-tendeurs-universels-sb15-cl-dfnligbes\\\/#primaryimage\"},\"thumbnailUrl\":\"https:\\\/\\\/shop.bantam.ch\\\/wp-content\\\/uploads\\\/2023\\\/02\\\/994442511.jpg\",\"datePublished\":\"2023-02-28T21:31:00+00:00\",\"dateModified\":\"2026-04-20T19:47:15+00:00\",\"breadcrumb\":{\"@id\":\"https:\\\/\\\/shop.bantam.ch\\\/fr\\\/produit\\\/jeu-de-tendeurs-universels-sb15-cl-dfnligbes\\\/#breadcrumb\"},\"inLanguage\":\"fr-FR\",\"potentialAction\":[{\"@type\":\"ReadAction\",\"target\":[\"https:\\\/\\\/shop.bantam.ch\\\/fr\\\/produit\\\/jeu-de-tendeurs-universels-sb15-cl-dfnligbes\\\/\"]}]},{\"@type\":\"ImageObject\",\"inLanguage\":\"fr-FR\",\"@id\":\"https:\\\/\\\/shop.bantam.ch\\\/fr\\\/produit\\\/jeu-de-tendeurs-universels-sb15-cl-dfnligbes\\\/#primaryimage\",\"url\":\"https:\\\/\\\/shop.bantam.ch\\\/wp-content\\\/uploads\\\/2023\\\/02\\\/994442511.jpg\",\"contentUrl\":\"https:\\\/\\\/shop.bantam.ch\\\/wp-content\\\/uploads\\\/2023\\\/02\\\/994442511.jpg\",\"width\":1000,\"height\":505},{\"@type\":\"BreadcrumbList\",\"@id\":\"https:\\\/\\\/shop.bantam.ch\\\/fr\\\/produit\\\/jeu-de-tendeurs-universels-sb15-cl-dfnligbes\\\/#breadcrumb\",\"itemListElement\":[{\"@type\":\"ListItem\",\"position\":1,\"name\":\"Accueil\",\"item\":\"https:\\\/\\\/shop.bantam.ch\\\/fr\\\/\"},{\"@type\":\"ListItem\",\"position\":2,\"name\":\"Boutique\",\"item\":\"https:\\\/\\\/shop.bantam.ch\\\/fr\\\/boutique\\\/\"},{\"@type\":\"ListItem\",\"position\":3,\"name\":\"Kit tendeurs universels ABUS SB15 CL\\\/DFNLIGBES\"}]},{\"@type\":\"WebSite\",\"@id\":\"https:\\\/\\\/shop.bantam.ch\\\/fr\\\/#website\",\"url\":\"https:\\\/\\\/shop.bantam.ch\\\/fr\\\/\",\"name\":\"Bantam Wankm\u00fcller SA\",\"description\":\"\",\"publisher\":{\"@id\":\"https:\\\/\\\/shop.bantam.ch\\\/fr\\\/#organization\"},\"inLanguage\":\"fr-FR\"},{\"@type\":\"Organization\",\"@id\":\"https:\\\/\\\/shop.bantam.ch\\\/fr\\\/#organization\",\"name\":\"Bantam Wankm\u00fcller SA\",\"url\":\"https:\\\/\\\/shop.bantam.ch\\\/fr\\\/\",\"logo\":{\"@type\":\"ImageObject\",\"inLanguage\":\"fr-FR\",\"@id\":\"https:\\\/\\\/shop.bantam.ch\\\/fr\\\/#\\\/schema\\\/logo\\\/image\\\/\",\"url\":\"https:\\\/\\\/shop.bantam.ch\\\/wp-content\\\/uploads\\\/2022\\\/12\\\/bantam-logo.png\",\"contentUrl\":\"https:\\\/\\\/shop.bantam.ch\\\/wp-content\\\/uploads\\\/2022\\\/12\\\/bantam-logo.png\",\"width\":320,\"height\":71,\"caption\":\"Bantam Wankm\u00fcller SA\"},\"image\":{\"@id\":\"https:\\\/\\\/shop.bantam.ch\\\/fr\\\/#\\\/schema\\\/logo\\\/image\\\/\"}}]}<\/script>\n<!-- \/ Yoast SEO plugin. -->","yoast_head_json":{"title":"Kit tendeurs universels ABUS SB15 CL\/DFNLIGBES - Bantam Wankm\u00fcller SA","robots":{"index":"index","follow":"follow","max-snippet":"max-snippet:-1","max-image-preview":"max-image-preview:large","max-video-preview":"max-video-preview:-1"},"canonical":"https:\/\/shop.bantam.ch\/fr\/produit\/jeu-de-tendeurs-universels-sb15-cl-dfnligbes\/","og_locale":"fr_FR","og_type":"article","og_title":"Kit tendeurs universels ABUS SB15 CL\/DFNLIGBES - Bantam Wankm\u00fcller SA","og_description":"Permet de fixer les objets \u00e0 la maison et en d\u00e9placement. Facile \u00e0 utiliser gr\u00e2ce au syst\u00e8me click-and-lock. Emploi et utilisation Id\u00e9al pour les loisirs Permet de fixer\/d\u2019attacher des objets tels que des rouleaux de tapis, des skis et autres objets plus gros Diff\u00e9rentes longueurs de tendeurs et diff\u00e9rents crochets permettent d&rsquo;autres utilisations diverses Technologie [&hellip;]","og_url":"https:\/\/shop.bantam.ch\/fr\/produit\/jeu-de-tendeurs-universels-sb15-cl-dfnligbes\/","og_site_name":"Bantam Wankm\u00fcller SA","article_modified_time":"2026-04-20T19:47:15+00:00","og_image":[{"width":1000,"height":505,"url":"https:\/\/shop.bantam.ch\/wp-content\/uploads\/2023\/02\/994442511.jpg","type":"image\/jpeg"}],"twitter_card":"summary_large_image","twitter_misc":{"Dur\u00e9e de lecture estim\u00e9e":"1 minute"},"schema":{"@context":"https:\/\/schema.org","@graph":[{"@type":"WebPage","@id":"https:\/\/shop.bantam.ch\/fr\/produit\/jeu-de-tendeurs-universels-sb15-cl-dfnligbes\/","url":"https:\/\/shop.bantam.ch\/fr\/produit\/jeu-de-tendeurs-universels-sb15-cl-dfnligbes\/","name":"Kit tendeurs universels ABUS SB15 CL\/DFNLIGBES - Bantam Wankm\u00fcller SA","isPartOf":{"@id":"https:\/\/shop.bantam.ch\/fr\/#website"},"primaryImageOfPage":{"@id":"https:\/\/shop.bantam.ch\/fr\/produit\/jeu-de-tendeurs-universels-sb15-cl-dfnligbes\/#primaryimage"},"image":{"@id":"https:\/\/shop.bantam.ch\/fr\/produit\/jeu-de-tendeurs-universels-sb15-cl-dfnligbes\/#primaryimage"},"thumbnailUrl":"https:\/\/shop.bantam.ch\/wp-content\/uploads\/2023\/02\/994442511.jpg","datePublished":"2023-02-28T21:31:00+00:00","dateModified":"2026-04-20T19:47:15+00:00","breadcrumb":{"@id":"https:\/\/shop.bantam.ch\/fr\/produit\/jeu-de-tendeurs-universels-sb15-cl-dfnligbes\/#breadcrumb"},"inLanguage":"fr-FR","potentialAction":[{"@type":"ReadAction","target":["https:\/\/shop.bantam.ch\/fr\/produit\/jeu-de-tendeurs-universels-sb15-cl-dfnligbes\/"]}]},{"@type":"ImageObject","inLanguage":"fr-FR","@id":"https:\/\/shop.bantam.ch\/fr\/produit\/jeu-de-tendeurs-universels-sb15-cl-dfnligbes\/#primaryimage","url":"https:\/\/shop.bantam.ch\/wp-content\/uploads\/2023\/02\/994442511.jpg","contentUrl":"https:\/\/shop.bantam.ch\/wp-content\/uploads\/2023\/02\/994442511.jpg","width":1000,"height":505},{"@type":"BreadcrumbList","@id":"https:\/\/shop.bantam.ch\/fr\/produit\/jeu-de-tendeurs-universels-sb15-cl-dfnligbes\/#breadcrumb","itemListElement":[{"@type":"ListItem","position":1,"name":"Accueil","item":"https:\/\/shop.bantam.ch\/fr\/"},{"@type":"ListItem","position":2,"name":"Boutique","item":"https:\/\/shop.bantam.ch\/fr\/boutique\/"},{"@type":"ListItem","position":3,"name":"Kit tendeurs universels ABUS SB15 CL\/DFNLIGBES"}]},{"@type":"WebSite","@id":"https:\/\/shop.bantam.ch\/fr\/#website","url":"https:\/\/shop.bantam.ch\/fr\/","name":"Bantam Wankm\u00fcller SA","description":"","publisher":{"@id":"https:\/\/shop.bantam.ch\/fr\/#organization"},"inLanguage":"fr-FR"},{"@type":"Organization","@id":"https:\/\/shop.bantam.ch\/fr\/#organization","name":"Bantam Wankm\u00fcller SA","url":"https:\/\/shop.bantam.ch\/fr\/","logo":{"@type":"ImageObject","inLanguage":"fr-FR","@id":"https:\/\/shop.bantam.ch\/fr\/#\/schema\/logo\/image\/","url":"https:\/\/shop.bantam.ch\/wp-content\/uploads\/2022\/12\/bantam-logo.png","contentUrl":"https:\/\/shop.bantam.ch\/wp-content\/uploads\/2022\/12\/bantam-logo.png","width":320,"height":71,"caption":"Bantam Wankm\u00fcller SA"},"image":{"@id":"https:\/\/shop.bantam.ch\/fr\/#\/schema\/logo\/image\/"}}]}},"_links":{"self":[{"href":"https:\/\/shop.bantam.ch\/fr\/wp-json\/wp\/v2\/product\/117548","targetHints":{"allow":["GET"]}}],"collection":[{"href":"https:\/\/shop.bantam.ch\/fr\/wp-json\/wp\/v2\/product"}],"about":[{"href":"https:\/\/shop.bantam.ch\/fr\/wp-json\/wp\/v2\/types\/product"}],"wp:featuredmedia":[{"embeddable":true,"href":"https:\/\/shop.bantam.ch\/fr\/wp-json\/wp\/v2\/media\/117532"}],"wp:attachment":[{"href":"https:\/\/shop.bantam.ch\/fr\/wp-json\/wp\/v2\/media?parent=117548"}],"wp:term":[{"taxonomy":"product_featured_cat","embeddable":true,"href":"https:\/\/shop.bantam.ch\/fr\/wp-json\/wp\/v2\/product_featured_cat?post=117548"},{"taxonomy":"product_brand","embeddable":true,"href":"https:\/\/shop.bantam.ch\/fr\/wp-json\/wp\/v2\/product_brand?post=117548"},{"taxonomy":"product_cat","embeddable":true,"href":"https:\/\/shop.bantam.ch\/fr\/wp-json\/wp\/v2\/product_cat?post=117548"},{"taxonomy":"product_tag","embeddable":true,"href":"https:\/\/shop.bantam.ch\/fr\/wp-json\/wp\/v2\/product_tag?post=117548"}],"curies":[{"name":"wp","href":"https:\/\/api.w.org\/{rel}","templated":true}]}}