{"id":117366,"date":"2023-02-28T22:28:15","date_gmt":"2023-02-28T21:28:15","guid":{"rendered":"https:\/\/shop.bantam.ch\/produit\/auvent-dhiver-inuit-blizzard-250-x-200-cm\/"},"modified":"2026-04-17T23:25:52","modified_gmt":"2026-04-17T21:25:52","slug":"auvent-dhiver-inuit-blizzard-250-x-200-cm","status":"publish","type":"product","link":"https:\/\/shop.bantam.ch\/fr\/produit\/auvent-dhiver-inuit-blizzard-250-x-200-cm\/","title":{"rendered":"Auvent d\u2019hiver INUIT Blizzard 250 \u00d7 200\u00a0cm"},"content":{"rendered":"<p>Le camping d\u2019hiver, ce n\u2019est pas pour les frileux. Mais il faut quand m\u00eame emporter le bon \u00e9quipement. Vous faites en tout cas le bon choix avec l\u2019Inuit Blizzard. Sa hauteur d\u2019appui de jusqu\u2019\u00e0 300\u00a0cm permet de cr\u00e9er un espace \u00e0 l\u2019abri de l\u2019hiver dans l\u2019auvent, \u00e9galement pour les grands camping-cars et fourgons.<\/p>\n<p>Equipements et fonctions :<br \/>&#8211; Pose s\u00e9par\u00e9e du v\u00e9hicule, avec paroi arri\u00e8re<br \/>&#8211; Joncs solidement cousus<br \/>&#8211; Fermetures \u00e0 glissi\u00e8re couvertes<br \/>&#8211; Passages forme arc de cercle dans les deux parois lat\u00e9rales<br \/>&#8211; Fermeture coupe-vent Air Vent dans la paroi frontale<br \/>&#8211; Film fen\u00eatres teint\u00e9<br \/>&#8211; Sangles d\u2019arrimage en triangle contre les temp\u00eates \u00e0 l\u2019ext\u00e9rieur, en dessous des fen\u00eatres<br \/>&#8211; Possibilit\u00e9 d\u2019installation de kit de sangles anti-temp\u00eate<\/p>\n<p>Mat\u00e9riau\u00a0:<br \/>Toit, fa\u00e7ade et parois lat\u00e9rales enti\u00e8rement en toile polyester enduite sur les deux faces.<br \/>Armature : acier<\/p>\n<p>Contenu de la livraison :<br \/>tente<br \/>armature<br \/>Sac de rangement<br \/>Notice de montage<\/p>\n","protected":false},"excerpt":{"rendered":"<p>Le camping d\u2019hiver, ce n\u2019est pas pour les frileux. Mais il faut quand m\u00eame emporter le bon \u00e9quipement. Vous faites en tout cas le bon choix avec l\u2019Inuit Blizzard. Sa hauteur d\u2019appui de jusqu\u2019\u00e0 300\u00a0cm permet de cr\u00e9er un espace \u00e0 l\u2019abri de l\u2019hiver dans l\u2019auvent, \u00e9galement pour les grands camping-cars et fourgons. Equipements et [&hellip;]<\/p>\n","protected":false},"featured_media":117354,"template":"","meta":{"_acf_changed":false},"product_featured_cat":[],"product_brand":[3042],"product_cat":[4915],"product_tag":[],"class_list":{"0":"post-117366","1":"product","2":"type-product","3":"status-publish","4":"has-post-thumbnail","6":"product_brand-wigo","7":"product_cat-auvents-de-bus-et-camping-cars","9":"first","10":"instock","11":"taxable","12":"shipping-taxable","13":"purchasable","14":"product-type-variable"},"acf":[],"yoast_head":"<!-- This site is optimized with the Yoast SEO plugin v27.4 - https:\/\/yoast.com\/product\/yoast-seo-wordpress\/ -->\n<title>Auvent d\u2019hiver INUIT Blizzard 250 \u00d7 200\u00a0cm - Bantam Wankm\u00fcller SA<\/title>\n<meta name=\"robots\" content=\"index, follow, max-snippet:-1, max-image-preview:large, max-video-preview:-1\" \/>\n<link rel=\"canonical\" href=\"https:\/\/shop.bantam.ch\/fr\/produit\/auvent-dhiver-inuit-blizzard-250-x-200-cm\/\" \/>\n<meta property=\"og:locale\" content=\"fr_FR\" \/>\n<meta property=\"og:type\" content=\"article\" \/>\n<meta property=\"og:title\" content=\"Auvent d\u2019hiver INUIT Blizzard 250 \u00d7 200\u00a0cm - Bantam Wankm\u00fcller SA\" \/>\n<meta property=\"og:description\" content=\"Le camping d\u2019hiver, ce n\u2019est pas pour les frileux. Mais il faut quand m\u00eame emporter le bon \u00e9quipement. Vous faites en tout cas le bon choix avec l\u2019Inuit Blizzard. Sa hauteur d\u2019appui de jusqu\u2019\u00e0 300\u00a0cm permet de cr\u00e9er un espace \u00e0 l\u2019abri de l\u2019hiver dans l\u2019auvent, \u00e9galement pour les grands camping-cars et fourgons. Equipements et [&hellip;]\" \/>\n<meta property=\"og:url\" content=\"https:\/\/shop.bantam.ch\/fr\/produit\/auvent-dhiver-inuit-blizzard-250-x-200-cm\/\" \/>\n<meta property=\"og:site_name\" content=\"Bantam Wankm\u00fcller SA\" \/>\n<meta property=\"article:modified_time\" content=\"2026-04-17T21:25:52+00:00\" \/>\n<meta property=\"og:image\" content=\"https:\/\/shop.bantam.ch\/wp-content\/uploads\/2023\/02\/995819511.jpg\" \/>\n\t<meta property=\"og:image:width\" content=\"1000\" \/>\n\t<meta property=\"og:image:height\" content=\"667\" \/>\n\t<meta property=\"og:image:type\" content=\"image\/jpeg\" \/>\n<meta name=\"twitter:card\" content=\"summary_large_image\" \/>\n<meta name=\"twitter:label1\" content=\"Dur\u00e9e de lecture estim\u00e9e\" \/>\n\t<meta name=\"twitter:data1\" content=\"1 minute\" \/>\n<script type=\"application\/ld+json\" class=\"yoast-schema-graph\">{\"@context\":\"https:\\\/\\\/schema.org\",\"@graph\":[{\"@type\":\"WebPage\",\"@id\":\"https:\\\/\\\/shop.bantam.ch\\\/fr\\\/produit\\\/auvent-dhiver-inuit-blizzard-250-x-200-cm\\\/\",\"url\":\"https:\\\/\\\/shop.bantam.ch\\\/fr\\\/produit\\\/auvent-dhiver-inuit-blizzard-250-x-200-cm\\\/\",\"name\":\"Auvent d\u2019hiver INUIT Blizzard 250 \u00d7 200\u00a0cm - Bantam Wankm\u00fcller SA\",\"isPartOf\":{\"@id\":\"https:\\\/\\\/shop.bantam.ch\\\/fr\\\/#website\"},\"primaryImageOfPage\":{\"@id\":\"https:\\\/\\\/shop.bantam.ch\\\/fr\\\/produit\\\/auvent-dhiver-inuit-blizzard-250-x-200-cm\\\/#primaryimage\"},\"image\":{\"@id\":\"https:\\\/\\\/shop.bantam.ch\\\/fr\\\/produit\\\/auvent-dhiver-inuit-blizzard-250-x-200-cm\\\/#primaryimage\"},\"thumbnailUrl\":\"https:\\\/\\\/shop.bantam.ch\\\/wp-content\\\/uploads\\\/2023\\\/02\\\/995819511.jpg\",\"datePublished\":\"2023-02-28T21:28:15+00:00\",\"dateModified\":\"2026-04-17T21:25:52+00:00\",\"breadcrumb\":{\"@id\":\"https:\\\/\\\/shop.bantam.ch\\\/fr\\\/produit\\\/auvent-dhiver-inuit-blizzard-250-x-200-cm\\\/#breadcrumb\"},\"inLanguage\":\"fr-FR\",\"potentialAction\":[{\"@type\":\"ReadAction\",\"target\":[\"https:\\\/\\\/shop.bantam.ch\\\/fr\\\/produit\\\/auvent-dhiver-inuit-blizzard-250-x-200-cm\\\/\"]}]},{\"@type\":\"ImageObject\",\"inLanguage\":\"fr-FR\",\"@id\":\"https:\\\/\\\/shop.bantam.ch\\\/fr\\\/produit\\\/auvent-dhiver-inuit-blizzard-250-x-200-cm\\\/#primaryimage\",\"url\":\"https:\\\/\\\/shop.bantam.ch\\\/wp-content\\\/uploads\\\/2023\\\/02\\\/995819511.jpg\",\"contentUrl\":\"https:\\\/\\\/shop.bantam.ch\\\/wp-content\\\/uploads\\\/2023\\\/02\\\/995819511.jpg\",\"width\":1000,\"height\":667},{\"@type\":\"BreadcrumbList\",\"@id\":\"https:\\\/\\\/shop.bantam.ch\\\/fr\\\/produit\\\/auvent-dhiver-inuit-blizzard-250-x-200-cm\\\/#breadcrumb\",\"itemListElement\":[{\"@type\":\"ListItem\",\"position\":1,\"name\":\"Accueil\",\"item\":\"https:\\\/\\\/shop.bantam.ch\\\/fr\\\/\"},{\"@type\":\"ListItem\",\"position\":2,\"name\":\"Boutique\",\"item\":\"https:\\\/\\\/shop.bantam.ch\\\/fr\\\/boutique\\\/\"},{\"@type\":\"ListItem\",\"position\":3,\"name\":\"Auvent d\u2019hiver INUIT Blizzard 250 \u00d7 200\u00a0cm\"}]},{\"@type\":\"WebSite\",\"@id\":\"https:\\\/\\\/shop.bantam.ch\\\/fr\\\/#website\",\"url\":\"https:\\\/\\\/shop.bantam.ch\\\/fr\\\/\",\"name\":\"Bantam Wankm\u00fcller SA\",\"description\":\"\",\"publisher\":{\"@id\":\"https:\\\/\\\/shop.bantam.ch\\\/fr\\\/#organization\"},\"inLanguage\":\"fr-FR\"},{\"@type\":\"Organization\",\"@id\":\"https:\\\/\\\/shop.bantam.ch\\\/fr\\\/#organization\",\"name\":\"Bantam Wankm\u00fcller SA\",\"url\":\"https:\\\/\\\/shop.bantam.ch\\\/fr\\\/\",\"logo\":{\"@type\":\"ImageObject\",\"inLanguage\":\"fr-FR\",\"@id\":\"https:\\\/\\\/shop.bantam.ch\\\/fr\\\/#\\\/schema\\\/logo\\\/image\\\/\",\"url\":\"https:\\\/\\\/shop.bantam.ch\\\/wp-content\\\/uploads\\\/2022\\\/12\\\/bantam-logo.png\",\"contentUrl\":\"https:\\\/\\\/shop.bantam.ch\\\/wp-content\\\/uploads\\\/2022\\\/12\\\/bantam-logo.png\",\"width\":320,\"height\":71,\"caption\":\"Bantam Wankm\u00fcller SA\"},\"image\":{\"@id\":\"https:\\\/\\\/shop.bantam.ch\\\/fr\\\/#\\\/schema\\\/logo\\\/image\\\/\"}}]}<\/script>\n<!-- \/ Yoast SEO plugin. -->","yoast_head_json":{"title":"Auvent d\u2019hiver INUIT Blizzard 250 \u00d7 200\u00a0cm - Bantam Wankm\u00fcller SA","robots":{"index":"index","follow":"follow","max-snippet":"max-snippet:-1","max-image-preview":"max-image-preview:large","max-video-preview":"max-video-preview:-1"},"canonical":"https:\/\/shop.bantam.ch\/fr\/produit\/auvent-dhiver-inuit-blizzard-250-x-200-cm\/","og_locale":"fr_FR","og_type":"article","og_title":"Auvent d\u2019hiver INUIT Blizzard 250 \u00d7 200\u00a0cm - Bantam Wankm\u00fcller SA","og_description":"Le camping d\u2019hiver, ce n\u2019est pas pour les frileux. Mais il faut quand m\u00eame emporter le bon \u00e9quipement. Vous faites en tout cas le bon choix avec l\u2019Inuit Blizzard. Sa hauteur d\u2019appui de jusqu\u2019\u00e0 300\u00a0cm permet de cr\u00e9er un espace \u00e0 l\u2019abri de l\u2019hiver dans l\u2019auvent, \u00e9galement pour les grands camping-cars et fourgons. Equipements et [&hellip;]","og_url":"https:\/\/shop.bantam.ch\/fr\/produit\/auvent-dhiver-inuit-blizzard-250-x-200-cm\/","og_site_name":"Bantam Wankm\u00fcller SA","article_modified_time":"2026-04-17T21:25:52+00:00","og_image":[{"width":1000,"height":667,"url":"https:\/\/shop.bantam.ch\/wp-content\/uploads\/2023\/02\/995819511.jpg","type":"image\/jpeg"}],"twitter_card":"summary_large_image","twitter_misc":{"Dur\u00e9e de lecture estim\u00e9e":"1 minute"},"schema":{"@context":"https:\/\/schema.org","@graph":[{"@type":"WebPage","@id":"https:\/\/shop.bantam.ch\/fr\/produit\/auvent-dhiver-inuit-blizzard-250-x-200-cm\/","url":"https:\/\/shop.bantam.ch\/fr\/produit\/auvent-dhiver-inuit-blizzard-250-x-200-cm\/","name":"Auvent d\u2019hiver INUIT Blizzard 250 \u00d7 200\u00a0cm - Bantam Wankm\u00fcller SA","isPartOf":{"@id":"https:\/\/shop.bantam.ch\/fr\/#website"},"primaryImageOfPage":{"@id":"https:\/\/shop.bantam.ch\/fr\/produit\/auvent-dhiver-inuit-blizzard-250-x-200-cm\/#primaryimage"},"image":{"@id":"https:\/\/shop.bantam.ch\/fr\/produit\/auvent-dhiver-inuit-blizzard-250-x-200-cm\/#primaryimage"},"thumbnailUrl":"https:\/\/shop.bantam.ch\/wp-content\/uploads\/2023\/02\/995819511.jpg","datePublished":"2023-02-28T21:28:15+00:00","dateModified":"2026-04-17T21:25:52+00:00","breadcrumb":{"@id":"https:\/\/shop.bantam.ch\/fr\/produit\/auvent-dhiver-inuit-blizzard-250-x-200-cm\/#breadcrumb"},"inLanguage":"fr-FR","potentialAction":[{"@type":"ReadAction","target":["https:\/\/shop.bantam.ch\/fr\/produit\/auvent-dhiver-inuit-blizzard-250-x-200-cm\/"]}]},{"@type":"ImageObject","inLanguage":"fr-FR","@id":"https:\/\/shop.bantam.ch\/fr\/produit\/auvent-dhiver-inuit-blizzard-250-x-200-cm\/#primaryimage","url":"https:\/\/shop.bantam.ch\/wp-content\/uploads\/2023\/02\/995819511.jpg","contentUrl":"https:\/\/shop.bantam.ch\/wp-content\/uploads\/2023\/02\/995819511.jpg","width":1000,"height":667},{"@type":"BreadcrumbList","@id":"https:\/\/shop.bantam.ch\/fr\/produit\/auvent-dhiver-inuit-blizzard-250-x-200-cm\/#breadcrumb","itemListElement":[{"@type":"ListItem","position":1,"name":"Accueil","item":"https:\/\/shop.bantam.ch\/fr\/"},{"@type":"ListItem","position":2,"name":"Boutique","item":"https:\/\/shop.bantam.ch\/fr\/boutique\/"},{"@type":"ListItem","position":3,"name":"Auvent d\u2019hiver INUIT Blizzard 250 \u00d7 200\u00a0cm"}]},{"@type":"WebSite","@id":"https:\/\/shop.bantam.ch\/fr\/#website","url":"https:\/\/shop.bantam.ch\/fr\/","name":"Bantam Wankm\u00fcller SA","description":"","publisher":{"@id":"https:\/\/shop.bantam.ch\/fr\/#organization"},"inLanguage":"fr-FR"},{"@type":"Organization","@id":"https:\/\/shop.bantam.ch\/fr\/#organization","name":"Bantam Wankm\u00fcller SA","url":"https:\/\/shop.bantam.ch\/fr\/","logo":{"@type":"ImageObject","inLanguage":"fr-FR","@id":"https:\/\/shop.bantam.ch\/fr\/#\/schema\/logo\/image\/","url":"https:\/\/shop.bantam.ch\/wp-content\/uploads\/2022\/12\/bantam-logo.png","contentUrl":"https:\/\/shop.bantam.ch\/wp-content\/uploads\/2022\/12\/bantam-logo.png","width":320,"height":71,"caption":"Bantam Wankm\u00fcller SA"},"image":{"@id":"https:\/\/shop.bantam.ch\/fr\/#\/schema\/logo\/image\/"}}]}},"_links":{"self":[{"href":"https:\/\/shop.bantam.ch\/fr\/wp-json\/wp\/v2\/product\/117366","targetHints":{"allow":["GET"]}}],"collection":[{"href":"https:\/\/shop.bantam.ch\/fr\/wp-json\/wp\/v2\/product"}],"about":[{"href":"https:\/\/shop.bantam.ch\/fr\/wp-json\/wp\/v2\/types\/product"}],"wp:featuredmedia":[{"embeddable":true,"href":"https:\/\/shop.bantam.ch\/fr\/wp-json\/wp\/v2\/media\/117354"}],"wp:attachment":[{"href":"https:\/\/shop.bantam.ch\/fr\/wp-json\/wp\/v2\/media?parent=117366"}],"wp:term":[{"taxonomy":"product_featured_cat","embeddable":true,"href":"https:\/\/shop.bantam.ch\/fr\/wp-json\/wp\/v2\/product_featured_cat?post=117366"},{"taxonomy":"product_brand","embeddable":true,"href":"https:\/\/shop.bantam.ch\/fr\/wp-json\/wp\/v2\/product_brand?post=117366"},{"taxonomy":"product_cat","embeddable":true,"href":"https:\/\/shop.bantam.ch\/fr\/wp-json\/wp\/v2\/product_cat?post=117366"},{"taxonomy":"product_tag","embeddable":true,"href":"https:\/\/shop.bantam.ch\/fr\/wp-json\/wp\/v2\/product_tag?post=117366"}],"curies":[{"name":"wp","href":"https:\/\/api.w.org\/{rel}","templated":true}]}}