{"id":117324,"date":"2023-02-28T22:27:34","date_gmt":"2023-02-28T21:27:34","guid":{"rendered":"https:\/\/shop.bantam.ch\/produit\/auvent-dhiver-inuit-storm\/"},"modified":"2026-04-18T23:28:21","modified_gmt":"2026-04-18T21:28:21","slug":"auvent-dhiver-inuit-storm","status":"publish","type":"product","link":"https:\/\/shop.bantam.ch\/fr\/produit\/auvent-dhiver-inuit-storm\/","title":{"rendered":"Auvent d\u2019hiver INUIT Storm"},"content":{"rendered":"<p>L\u2019auvent Inuit Storm bravera toutes les intemp\u00e9ries, car cet auvent est r\u00e9sistant au vent, aux intemp\u00e9ries et \u00e0 l\u2019eau.<\/p>\n<p>&#8211; Paroi frontale enroulable vers le haut  dans les tailles 250 et 300<br \/>&#8211; Paroi frontale amovible et rabattable \u00e0 partir de la taille 350<br \/>&#8211; Fermetures \u00e0 glissi\u00e8re couvertes<br \/>&#8211; Film fen\u00eatres teint\u00e9<br \/>&#8211; Passages forme arc de cercle dans les deux parois lat\u00e9rales<br \/>&#8211; Fermeture coupe-vent Air Vent dans la paroi frontale<br \/>&#8211; Joncs solidement cousus<br \/>&#8211; Triangles d\u2019arrimage anti-temp\u00eates \u00e0 l\u2019ext\u00e9rieur, sous la fen\u00eatre<br \/>&#8211; Possibilit\u00e9 d\u2019installation pou kit sangles anti-temp\u00eate<br \/>&#8211; Charpente en acier de 25 mm (pour la taille 250 : 2 barres de toit, 3 piquets de montage. Pour taille 300 : 3 barres de toit, 3 piquets de montage) <\/p>\n<p>Mat\u00e9riau\u00a0:<br \/>Parois toit, frontales et lat\u00e9rales : polyester enduit des deux faces<br \/>Armature : acier<\/p>\n<p>Contenu de la livraison :<br \/>tente<br \/>armature<br \/>Sac de rangement<br \/>Notice de montage<\/p>\n","protected":false},"excerpt":{"rendered":"<p>L\u2019auvent Inuit Storm bravera toutes les intemp\u00e9ries, car cet auvent est r\u00e9sistant au vent, aux intemp\u00e9ries et \u00e0 l\u2019eau. &#8211; Paroi frontale enroulable vers le haut dans les tailles 250 et 300&#8211; Paroi frontale amovible et rabattable \u00e0 partir de la taille 350&#8211; Fermetures \u00e0 glissi\u00e8re couvertes&#8211; Film fen\u00eatres teint\u00e9&#8211; Passages forme arc de cercle [&hellip;]<\/p>\n","protected":false},"featured_media":117316,"template":"","meta":{"_acf_changed":false},"product_featured_cat":[],"product_brand":[3042],"product_cat":[4913],"product_tag":[],"class_list":{"0":"post-117324","1":"product","2":"type-product","3":"status-publish","4":"has-post-thumbnail","6":"product_brand-wigo","7":"product_cat-auvents-de-caravane","9":"first","10":"instock","11":"taxable","12":"shipping-taxable","13":"purchasable","14":"product-type-variable"},"acf":[],"yoast_head":"<!-- This site is optimized with the Yoast SEO plugin v27.4 - https:\/\/yoast.com\/product\/yoast-seo-wordpress\/ -->\n<title>Auvent d\u2019hiver INUIT Storm - Bantam Wankm\u00fcller SA<\/title>\n<meta name=\"robots\" content=\"index, follow, max-snippet:-1, max-image-preview:large, max-video-preview:-1\" \/>\n<link rel=\"canonical\" href=\"https:\/\/shop.bantam.ch\/fr\/produit\/auvent-dhiver-inuit-storm\/\" \/>\n<meta property=\"og:locale\" content=\"fr_FR\" \/>\n<meta property=\"og:type\" content=\"article\" \/>\n<meta property=\"og:title\" content=\"Auvent d\u2019hiver INUIT Storm - Bantam Wankm\u00fcller SA\" \/>\n<meta property=\"og:description\" content=\"L\u2019auvent Inuit Storm bravera toutes les intemp\u00e9ries, car cet auvent est r\u00e9sistant au vent, aux intemp\u00e9ries et \u00e0 l\u2019eau. &#8211; Paroi frontale enroulable vers le haut dans les tailles 250 et 300&#8211; Paroi frontale amovible et rabattable \u00e0 partir de la taille 350&#8211; Fermetures \u00e0 glissi\u00e8re couvertes&#8211; Film fen\u00eatres teint\u00e9&#8211; Passages forme arc de cercle [&hellip;]\" \/>\n<meta property=\"og:url\" content=\"https:\/\/shop.bantam.ch\/fr\/produit\/auvent-dhiver-inuit-storm\/\" \/>\n<meta property=\"og:site_name\" content=\"Bantam Wankm\u00fcller SA\" \/>\n<meta property=\"article:modified_time\" content=\"2026-04-18T21:28:21+00:00\" \/>\n<meta property=\"og:image\" content=\"https:\/\/shop.bantam.ch\/wp-content\/uploads\/2023\/02\/995818911.jpg\" \/>\n\t<meta property=\"og:image:width\" content=\"1000\" \/>\n\t<meta property=\"og:image:height\" content=\"667\" \/>\n\t<meta property=\"og:image:type\" content=\"image\/jpeg\" \/>\n<meta name=\"twitter:card\" content=\"summary_large_image\" \/>\n<meta name=\"twitter:label1\" content=\"Dur\u00e9e de lecture estim\u00e9e\" \/>\n\t<meta name=\"twitter:data1\" content=\"1 minute\" \/>\n<script type=\"application\/ld+json\" class=\"yoast-schema-graph\">{\"@context\":\"https:\\\/\\\/schema.org\",\"@graph\":[{\"@type\":\"WebPage\",\"@id\":\"https:\\\/\\\/shop.bantam.ch\\\/fr\\\/produit\\\/auvent-dhiver-inuit-storm\\\/\",\"url\":\"https:\\\/\\\/shop.bantam.ch\\\/fr\\\/produit\\\/auvent-dhiver-inuit-storm\\\/\",\"name\":\"Auvent d\u2019hiver INUIT Storm - Bantam Wankm\u00fcller SA\",\"isPartOf\":{\"@id\":\"https:\\\/\\\/shop.bantam.ch\\\/fr\\\/#website\"},\"primaryImageOfPage\":{\"@id\":\"https:\\\/\\\/shop.bantam.ch\\\/fr\\\/produit\\\/auvent-dhiver-inuit-storm\\\/#primaryimage\"},\"image\":{\"@id\":\"https:\\\/\\\/shop.bantam.ch\\\/fr\\\/produit\\\/auvent-dhiver-inuit-storm\\\/#primaryimage\"},\"thumbnailUrl\":\"https:\\\/\\\/shop.bantam.ch\\\/wp-content\\\/uploads\\\/2023\\\/02\\\/995818911.jpg\",\"datePublished\":\"2023-02-28T21:27:34+00:00\",\"dateModified\":\"2026-04-18T21:28:21+00:00\",\"breadcrumb\":{\"@id\":\"https:\\\/\\\/shop.bantam.ch\\\/fr\\\/produit\\\/auvent-dhiver-inuit-storm\\\/#breadcrumb\"},\"inLanguage\":\"fr-FR\",\"potentialAction\":[{\"@type\":\"ReadAction\",\"target\":[\"https:\\\/\\\/shop.bantam.ch\\\/fr\\\/produit\\\/auvent-dhiver-inuit-storm\\\/\"]}]},{\"@type\":\"ImageObject\",\"inLanguage\":\"fr-FR\",\"@id\":\"https:\\\/\\\/shop.bantam.ch\\\/fr\\\/produit\\\/auvent-dhiver-inuit-storm\\\/#primaryimage\",\"url\":\"https:\\\/\\\/shop.bantam.ch\\\/wp-content\\\/uploads\\\/2023\\\/02\\\/995818911.jpg\",\"contentUrl\":\"https:\\\/\\\/shop.bantam.ch\\\/wp-content\\\/uploads\\\/2023\\\/02\\\/995818911.jpg\",\"width\":1000,\"height\":667},{\"@type\":\"BreadcrumbList\",\"@id\":\"https:\\\/\\\/shop.bantam.ch\\\/fr\\\/produit\\\/auvent-dhiver-inuit-storm\\\/#breadcrumb\",\"itemListElement\":[{\"@type\":\"ListItem\",\"position\":1,\"name\":\"Accueil\",\"item\":\"https:\\\/\\\/shop.bantam.ch\\\/fr\\\/\"},{\"@type\":\"ListItem\",\"position\":2,\"name\":\"Boutique\",\"item\":\"https:\\\/\\\/shop.bantam.ch\\\/fr\\\/boutique\\\/\"},{\"@type\":\"ListItem\",\"position\":3,\"name\":\"Auvent d\u2019hiver INUIT Storm\"}]},{\"@type\":\"WebSite\",\"@id\":\"https:\\\/\\\/shop.bantam.ch\\\/fr\\\/#website\",\"url\":\"https:\\\/\\\/shop.bantam.ch\\\/fr\\\/\",\"name\":\"Bantam Wankm\u00fcller SA\",\"description\":\"\",\"publisher\":{\"@id\":\"https:\\\/\\\/shop.bantam.ch\\\/fr\\\/#organization\"},\"inLanguage\":\"fr-FR\"},{\"@type\":\"Organization\",\"@id\":\"https:\\\/\\\/shop.bantam.ch\\\/fr\\\/#organization\",\"name\":\"Bantam Wankm\u00fcller SA\",\"url\":\"https:\\\/\\\/shop.bantam.ch\\\/fr\\\/\",\"logo\":{\"@type\":\"ImageObject\",\"inLanguage\":\"fr-FR\",\"@id\":\"https:\\\/\\\/shop.bantam.ch\\\/fr\\\/#\\\/schema\\\/logo\\\/image\\\/\",\"url\":\"https:\\\/\\\/shop.bantam.ch\\\/wp-content\\\/uploads\\\/2022\\\/12\\\/bantam-logo.png\",\"contentUrl\":\"https:\\\/\\\/shop.bantam.ch\\\/wp-content\\\/uploads\\\/2022\\\/12\\\/bantam-logo.png\",\"width\":320,\"height\":71,\"caption\":\"Bantam Wankm\u00fcller SA\"},\"image\":{\"@id\":\"https:\\\/\\\/shop.bantam.ch\\\/fr\\\/#\\\/schema\\\/logo\\\/image\\\/\"}}]}<\/script>\n<!-- \/ Yoast SEO plugin. -->","yoast_head_json":{"title":"Auvent d\u2019hiver INUIT Storm - Bantam Wankm\u00fcller SA","robots":{"index":"index","follow":"follow","max-snippet":"max-snippet:-1","max-image-preview":"max-image-preview:large","max-video-preview":"max-video-preview:-1"},"canonical":"https:\/\/shop.bantam.ch\/fr\/produit\/auvent-dhiver-inuit-storm\/","og_locale":"fr_FR","og_type":"article","og_title":"Auvent d\u2019hiver INUIT Storm - Bantam Wankm\u00fcller SA","og_description":"L\u2019auvent Inuit Storm bravera toutes les intemp\u00e9ries, car cet auvent est r\u00e9sistant au vent, aux intemp\u00e9ries et \u00e0 l\u2019eau. &#8211; Paroi frontale enroulable vers le haut dans les tailles 250 et 300&#8211; Paroi frontale amovible et rabattable \u00e0 partir de la taille 350&#8211; Fermetures \u00e0 glissi\u00e8re couvertes&#8211; Film fen\u00eatres teint\u00e9&#8211; Passages forme arc de cercle [&hellip;]","og_url":"https:\/\/shop.bantam.ch\/fr\/produit\/auvent-dhiver-inuit-storm\/","og_site_name":"Bantam Wankm\u00fcller SA","article_modified_time":"2026-04-18T21:28:21+00:00","og_image":[{"width":1000,"height":667,"url":"https:\/\/shop.bantam.ch\/wp-content\/uploads\/2023\/02\/995818911.jpg","type":"image\/jpeg"}],"twitter_card":"summary_large_image","twitter_misc":{"Dur\u00e9e de lecture estim\u00e9e":"1 minute"},"schema":{"@context":"https:\/\/schema.org","@graph":[{"@type":"WebPage","@id":"https:\/\/shop.bantam.ch\/fr\/produit\/auvent-dhiver-inuit-storm\/","url":"https:\/\/shop.bantam.ch\/fr\/produit\/auvent-dhiver-inuit-storm\/","name":"Auvent d\u2019hiver INUIT Storm - Bantam Wankm\u00fcller SA","isPartOf":{"@id":"https:\/\/shop.bantam.ch\/fr\/#website"},"primaryImageOfPage":{"@id":"https:\/\/shop.bantam.ch\/fr\/produit\/auvent-dhiver-inuit-storm\/#primaryimage"},"image":{"@id":"https:\/\/shop.bantam.ch\/fr\/produit\/auvent-dhiver-inuit-storm\/#primaryimage"},"thumbnailUrl":"https:\/\/shop.bantam.ch\/wp-content\/uploads\/2023\/02\/995818911.jpg","datePublished":"2023-02-28T21:27:34+00:00","dateModified":"2026-04-18T21:28:21+00:00","breadcrumb":{"@id":"https:\/\/shop.bantam.ch\/fr\/produit\/auvent-dhiver-inuit-storm\/#breadcrumb"},"inLanguage":"fr-FR","potentialAction":[{"@type":"ReadAction","target":["https:\/\/shop.bantam.ch\/fr\/produit\/auvent-dhiver-inuit-storm\/"]}]},{"@type":"ImageObject","inLanguage":"fr-FR","@id":"https:\/\/shop.bantam.ch\/fr\/produit\/auvent-dhiver-inuit-storm\/#primaryimage","url":"https:\/\/shop.bantam.ch\/wp-content\/uploads\/2023\/02\/995818911.jpg","contentUrl":"https:\/\/shop.bantam.ch\/wp-content\/uploads\/2023\/02\/995818911.jpg","width":1000,"height":667},{"@type":"BreadcrumbList","@id":"https:\/\/shop.bantam.ch\/fr\/produit\/auvent-dhiver-inuit-storm\/#breadcrumb","itemListElement":[{"@type":"ListItem","position":1,"name":"Accueil","item":"https:\/\/shop.bantam.ch\/fr\/"},{"@type":"ListItem","position":2,"name":"Boutique","item":"https:\/\/shop.bantam.ch\/fr\/boutique\/"},{"@type":"ListItem","position":3,"name":"Auvent d\u2019hiver INUIT Storm"}]},{"@type":"WebSite","@id":"https:\/\/shop.bantam.ch\/fr\/#website","url":"https:\/\/shop.bantam.ch\/fr\/","name":"Bantam Wankm\u00fcller SA","description":"","publisher":{"@id":"https:\/\/shop.bantam.ch\/fr\/#organization"},"inLanguage":"fr-FR"},{"@type":"Organization","@id":"https:\/\/shop.bantam.ch\/fr\/#organization","name":"Bantam Wankm\u00fcller SA","url":"https:\/\/shop.bantam.ch\/fr\/","logo":{"@type":"ImageObject","inLanguage":"fr-FR","@id":"https:\/\/shop.bantam.ch\/fr\/#\/schema\/logo\/image\/","url":"https:\/\/shop.bantam.ch\/wp-content\/uploads\/2022\/12\/bantam-logo.png","contentUrl":"https:\/\/shop.bantam.ch\/wp-content\/uploads\/2022\/12\/bantam-logo.png","width":320,"height":71,"caption":"Bantam Wankm\u00fcller SA"},"image":{"@id":"https:\/\/shop.bantam.ch\/fr\/#\/schema\/logo\/image\/"}}]}},"_links":{"self":[{"href":"https:\/\/shop.bantam.ch\/fr\/wp-json\/wp\/v2\/product\/117324","targetHints":{"allow":["GET"]}}],"collection":[{"href":"https:\/\/shop.bantam.ch\/fr\/wp-json\/wp\/v2\/product"}],"about":[{"href":"https:\/\/shop.bantam.ch\/fr\/wp-json\/wp\/v2\/types\/product"}],"wp:featuredmedia":[{"embeddable":true,"href":"https:\/\/shop.bantam.ch\/fr\/wp-json\/wp\/v2\/media\/117316"}],"wp:attachment":[{"href":"https:\/\/shop.bantam.ch\/fr\/wp-json\/wp\/v2\/media?parent=117324"}],"wp:term":[{"taxonomy":"product_featured_cat","embeddable":true,"href":"https:\/\/shop.bantam.ch\/fr\/wp-json\/wp\/v2\/product_featured_cat?post=117324"},{"taxonomy":"product_brand","embeddable":true,"href":"https:\/\/shop.bantam.ch\/fr\/wp-json\/wp\/v2\/product_brand?post=117324"},{"taxonomy":"product_cat","embeddable":true,"href":"https:\/\/shop.bantam.ch\/fr\/wp-json\/wp\/v2\/product_cat?post=117324"},{"taxonomy":"product_tag","embeddable":true,"href":"https:\/\/shop.bantam.ch\/fr\/wp-json\/wp\/v2\/product_tag?post=117324"}],"curies":[{"name":"wp","href":"https:\/\/api.w.org\/{rel}","templated":true}]}}