{"id":117314,"date":"2023-02-28T22:27:27","date_gmt":"2023-02-28T21:27:27","guid":{"rendered":"https:\/\/shop.bantam.ch\/produit\/set-de-2-epingles-magnetiques-smart-avec-tampons-en-nano-gel-metallique\/"},"modified":"2026-04-18T21:46:42","modified_gmt":"2026-04-18T19:46:42","slug":"set-de-2-epingles-magnetiques-smart-avec-tampons-en-nano-gel-metallique","status":"publish","type":"product","link":"https:\/\/shop.bantam.ch\/fr\/produit\/set-de-2-epingles-magnetiques-smart-avec-tampons-en-nano-gel-metallique\/","title":{"rendered":"Pins magn. silwy SMART lot de 2en noir + pad en gel nano-m\u00e9tal BLACK"},"content":{"rendered":"<p>Crochets magn\u00e9tiques avec coussinets en aspect cuir de haute qualit\u00e9. Pas de collage, pas de vissage et pas de fixation permanente. Parfaitement adapt\u00e9 \u00e0 l\u2019\u00e9pingle magn\u00e9tique &#8211; maintient jusqu\u2019\u00e0 20 feuilles de papier de 80\u00a0g. D\u2019utilisation flexible &amp; mobile, par\u00a0ex. pour des pr\u00e9sentations, des plans de construction, des affiches, etc.<\/p>\n<p>Set de 2 pi\u00e8ces comprenant :<\/p>\n<ul>\n<li>2 \u00e9pingles magn\u00e9tiques avec tampon, \u00d8 5\u00a0cm<\/li>\n<\/ul>\n","protected":false},"excerpt":{"rendered":"<p>Crochets magn\u00e9tiques avec coussinets en aspect cuir de haute qualit\u00e9. Pas de collage, pas de vissage et pas de fixation permanente. Parfaitement adapt\u00e9 \u00e0 l\u2019\u00e9pingle magn\u00e9tique &#8211; maintient jusqu\u2019\u00e0 20 feuilles de papier de 80\u00a0g. D\u2019utilisation flexible &amp; mobile, par\u00a0ex. pour des pr\u00e9sentations, des plans de construction, des affiches, etc. Set de 2 pi\u00e8ces comprenant [&hellip;]<\/p>\n","protected":false},"featured_media":117302,"template":"","meta":{"_acf_changed":false},"product_featured_cat":[],"product_brand":[3072],"product_cat":[4733],"product_tag":[],"class_list":{"0":"post-117314","1":"product","2":"type-product","3":"status-publish","4":"has-post-thumbnail","6":"product_brand-silwy","7":"product_cat-supports-et-crochets","9":"first","10":"instock","11":"taxable","12":"shipping-taxable","13":"purchasable","14":"product-type-simple"},"acf":[],"yoast_head":"<!-- This site is optimized with the Yoast SEO plugin v27.4 - https:\/\/yoast.com\/product\/yoast-seo-wordpress\/ -->\n<title>Pins magn. silwy SMART lot de 2en noir + pad en gel nano-m\u00e9tal BLACK - Bantam Wankm\u00fcller SA<\/title>\n<meta name=\"robots\" content=\"index, follow, max-snippet:-1, max-image-preview:large, max-video-preview:-1\" \/>\n<link rel=\"canonical\" href=\"https:\/\/shop.bantam.ch\/fr\/produit\/set-de-2-epingles-magnetiques-smart-avec-tampons-en-nano-gel-metallique\/\" \/>\n<meta property=\"og:locale\" content=\"fr_FR\" \/>\n<meta property=\"og:type\" content=\"article\" \/>\n<meta property=\"og:title\" content=\"Pins magn. silwy SMART lot de 2en noir + pad en gel nano-m\u00e9tal BLACK - Bantam Wankm\u00fcller SA\" \/>\n<meta property=\"og:description\" content=\"Crochets magn\u00e9tiques avec coussinets en aspect cuir de haute qualit\u00e9. Pas de collage, pas de vissage et pas de fixation permanente. Parfaitement adapt\u00e9 \u00e0 l\u2019\u00e9pingle magn\u00e9tique &#8211; maintient jusqu\u2019\u00e0 20 feuilles de papier de 80\u00a0g. D\u2019utilisation flexible &amp; mobile, par\u00a0ex. pour des pr\u00e9sentations, des plans de construction, des affiches, etc. Set de 2 pi\u00e8ces comprenant [&hellip;]\" \/>\n<meta property=\"og:url\" content=\"https:\/\/shop.bantam.ch\/fr\/produit\/set-de-2-epingles-magnetiques-smart-avec-tampons-en-nano-gel-metallique\/\" \/>\n<meta property=\"og:site_name\" content=\"Bantam Wankm\u00fcller SA\" \/>\n<meta property=\"article:modified_time\" content=\"2026-04-18T19:46:42+00:00\" \/>\n<meta property=\"og:image\" content=\"https:\/\/shop.bantam.ch\/wp-content\/uploads\/2023\/02\/998457711.jpg\" \/>\n\t<meta property=\"og:image:width\" content=\"866\" \/>\n\t<meta property=\"og:image:height\" content=\"1000\" \/>\n\t<meta property=\"og:image:type\" content=\"image\/jpeg\" \/>\n<meta name=\"twitter:card\" content=\"summary_large_image\" \/>\n<script type=\"application\/ld+json\" class=\"yoast-schema-graph\">{\"@context\":\"https:\\\/\\\/schema.org\",\"@graph\":[{\"@type\":\"WebPage\",\"@id\":\"https:\\\/\\\/shop.bantam.ch\\\/fr\\\/produit\\\/set-de-2-epingles-magnetiques-smart-avec-tampons-en-nano-gel-metallique\\\/\",\"url\":\"https:\\\/\\\/shop.bantam.ch\\\/fr\\\/produit\\\/set-de-2-epingles-magnetiques-smart-avec-tampons-en-nano-gel-metallique\\\/\",\"name\":\"Pins magn. silwy SMART lot de 2en noir + pad en gel nano-m\u00e9tal BLACK - Bantam Wankm\u00fcller SA\",\"isPartOf\":{\"@id\":\"https:\\\/\\\/shop.bantam.ch\\\/fr\\\/#website\"},\"primaryImageOfPage\":{\"@id\":\"https:\\\/\\\/shop.bantam.ch\\\/fr\\\/produit\\\/set-de-2-epingles-magnetiques-smart-avec-tampons-en-nano-gel-metallique\\\/#primaryimage\"},\"image\":{\"@id\":\"https:\\\/\\\/shop.bantam.ch\\\/fr\\\/produit\\\/set-de-2-epingles-magnetiques-smart-avec-tampons-en-nano-gel-metallique\\\/#primaryimage\"},\"thumbnailUrl\":\"https:\\\/\\\/shop.bantam.ch\\\/wp-content\\\/uploads\\\/2023\\\/02\\\/998457711.jpg\",\"datePublished\":\"2023-02-28T21:27:27+00:00\",\"dateModified\":\"2026-04-18T19:46:42+00:00\",\"breadcrumb\":{\"@id\":\"https:\\\/\\\/shop.bantam.ch\\\/fr\\\/produit\\\/set-de-2-epingles-magnetiques-smart-avec-tampons-en-nano-gel-metallique\\\/#breadcrumb\"},\"inLanguage\":\"fr-FR\",\"potentialAction\":[{\"@type\":\"ReadAction\",\"target\":[\"https:\\\/\\\/shop.bantam.ch\\\/fr\\\/produit\\\/set-de-2-epingles-magnetiques-smart-avec-tampons-en-nano-gel-metallique\\\/\"]}]},{\"@type\":\"ImageObject\",\"inLanguage\":\"fr-FR\",\"@id\":\"https:\\\/\\\/shop.bantam.ch\\\/fr\\\/produit\\\/set-de-2-epingles-magnetiques-smart-avec-tampons-en-nano-gel-metallique\\\/#primaryimage\",\"url\":\"https:\\\/\\\/shop.bantam.ch\\\/wp-content\\\/uploads\\\/2023\\\/02\\\/998457711.jpg\",\"contentUrl\":\"https:\\\/\\\/shop.bantam.ch\\\/wp-content\\\/uploads\\\/2023\\\/02\\\/998457711.jpg\",\"width\":866,\"height\":1000},{\"@type\":\"BreadcrumbList\",\"@id\":\"https:\\\/\\\/shop.bantam.ch\\\/fr\\\/produit\\\/set-de-2-epingles-magnetiques-smart-avec-tampons-en-nano-gel-metallique\\\/#breadcrumb\",\"itemListElement\":[{\"@type\":\"ListItem\",\"position\":1,\"name\":\"Accueil\",\"item\":\"https:\\\/\\\/shop.bantam.ch\\\/fr\\\/\"},{\"@type\":\"ListItem\",\"position\":2,\"name\":\"Boutique\",\"item\":\"https:\\\/\\\/shop.bantam.ch\\\/fr\\\/boutique\\\/\"},{\"@type\":\"ListItem\",\"position\":3,\"name\":\"Pins magn. silwy SMART lot de 2en noir + pad en gel nano-m\u00e9tal BLACK\"}]},{\"@type\":\"WebSite\",\"@id\":\"https:\\\/\\\/shop.bantam.ch\\\/fr\\\/#website\",\"url\":\"https:\\\/\\\/shop.bantam.ch\\\/fr\\\/\",\"name\":\"Bantam Wankm\u00fcller SA\",\"description\":\"\",\"publisher\":{\"@id\":\"https:\\\/\\\/shop.bantam.ch\\\/fr\\\/#organization\"},\"inLanguage\":\"fr-FR\"},{\"@type\":\"Organization\",\"@id\":\"https:\\\/\\\/shop.bantam.ch\\\/fr\\\/#organization\",\"name\":\"Bantam Wankm\u00fcller SA\",\"url\":\"https:\\\/\\\/shop.bantam.ch\\\/fr\\\/\",\"logo\":{\"@type\":\"ImageObject\",\"inLanguage\":\"fr-FR\",\"@id\":\"https:\\\/\\\/shop.bantam.ch\\\/fr\\\/#\\\/schema\\\/logo\\\/image\\\/\",\"url\":\"https:\\\/\\\/shop.bantam.ch\\\/wp-content\\\/uploads\\\/2022\\\/12\\\/bantam-logo.png\",\"contentUrl\":\"https:\\\/\\\/shop.bantam.ch\\\/wp-content\\\/uploads\\\/2022\\\/12\\\/bantam-logo.png\",\"width\":320,\"height\":71,\"caption\":\"Bantam Wankm\u00fcller SA\"},\"image\":{\"@id\":\"https:\\\/\\\/shop.bantam.ch\\\/fr\\\/#\\\/schema\\\/logo\\\/image\\\/\"}}]}<\/script>\n<!-- \/ Yoast SEO plugin. -->","yoast_head_json":{"title":"Pins magn. silwy SMART lot de 2en noir + pad en gel nano-m\u00e9tal BLACK - Bantam Wankm\u00fcller SA","robots":{"index":"index","follow":"follow","max-snippet":"max-snippet:-1","max-image-preview":"max-image-preview:large","max-video-preview":"max-video-preview:-1"},"canonical":"https:\/\/shop.bantam.ch\/fr\/produit\/set-de-2-epingles-magnetiques-smart-avec-tampons-en-nano-gel-metallique\/","og_locale":"fr_FR","og_type":"article","og_title":"Pins magn. silwy SMART lot de 2en noir + pad en gel nano-m\u00e9tal BLACK - Bantam Wankm\u00fcller SA","og_description":"Crochets magn\u00e9tiques avec coussinets en aspect cuir de haute qualit\u00e9. Pas de collage, pas de vissage et pas de fixation permanente. Parfaitement adapt\u00e9 \u00e0 l\u2019\u00e9pingle magn\u00e9tique &#8211; maintient jusqu\u2019\u00e0 20 feuilles de papier de 80\u00a0g. D\u2019utilisation flexible &amp; mobile, par\u00a0ex. pour des pr\u00e9sentations, des plans de construction, des affiches, etc. Set de 2 pi\u00e8ces comprenant [&hellip;]","og_url":"https:\/\/shop.bantam.ch\/fr\/produit\/set-de-2-epingles-magnetiques-smart-avec-tampons-en-nano-gel-metallique\/","og_site_name":"Bantam Wankm\u00fcller SA","article_modified_time":"2026-04-18T19:46:42+00:00","og_image":[{"width":866,"height":1000,"url":"https:\/\/shop.bantam.ch\/wp-content\/uploads\/2023\/02\/998457711.jpg","type":"image\/jpeg"}],"twitter_card":"summary_large_image","schema":{"@context":"https:\/\/schema.org","@graph":[{"@type":"WebPage","@id":"https:\/\/shop.bantam.ch\/fr\/produit\/set-de-2-epingles-magnetiques-smart-avec-tampons-en-nano-gel-metallique\/","url":"https:\/\/shop.bantam.ch\/fr\/produit\/set-de-2-epingles-magnetiques-smart-avec-tampons-en-nano-gel-metallique\/","name":"Pins magn. silwy SMART lot de 2en noir + pad en gel nano-m\u00e9tal BLACK - Bantam Wankm\u00fcller SA","isPartOf":{"@id":"https:\/\/shop.bantam.ch\/fr\/#website"},"primaryImageOfPage":{"@id":"https:\/\/shop.bantam.ch\/fr\/produit\/set-de-2-epingles-magnetiques-smart-avec-tampons-en-nano-gel-metallique\/#primaryimage"},"image":{"@id":"https:\/\/shop.bantam.ch\/fr\/produit\/set-de-2-epingles-magnetiques-smart-avec-tampons-en-nano-gel-metallique\/#primaryimage"},"thumbnailUrl":"https:\/\/shop.bantam.ch\/wp-content\/uploads\/2023\/02\/998457711.jpg","datePublished":"2023-02-28T21:27:27+00:00","dateModified":"2026-04-18T19:46:42+00:00","breadcrumb":{"@id":"https:\/\/shop.bantam.ch\/fr\/produit\/set-de-2-epingles-magnetiques-smart-avec-tampons-en-nano-gel-metallique\/#breadcrumb"},"inLanguage":"fr-FR","potentialAction":[{"@type":"ReadAction","target":["https:\/\/shop.bantam.ch\/fr\/produit\/set-de-2-epingles-magnetiques-smart-avec-tampons-en-nano-gel-metallique\/"]}]},{"@type":"ImageObject","inLanguage":"fr-FR","@id":"https:\/\/shop.bantam.ch\/fr\/produit\/set-de-2-epingles-magnetiques-smart-avec-tampons-en-nano-gel-metallique\/#primaryimage","url":"https:\/\/shop.bantam.ch\/wp-content\/uploads\/2023\/02\/998457711.jpg","contentUrl":"https:\/\/shop.bantam.ch\/wp-content\/uploads\/2023\/02\/998457711.jpg","width":866,"height":1000},{"@type":"BreadcrumbList","@id":"https:\/\/shop.bantam.ch\/fr\/produit\/set-de-2-epingles-magnetiques-smart-avec-tampons-en-nano-gel-metallique\/#breadcrumb","itemListElement":[{"@type":"ListItem","position":1,"name":"Accueil","item":"https:\/\/shop.bantam.ch\/fr\/"},{"@type":"ListItem","position":2,"name":"Boutique","item":"https:\/\/shop.bantam.ch\/fr\/boutique\/"},{"@type":"ListItem","position":3,"name":"Pins magn. silwy SMART lot de 2en noir + pad en gel nano-m\u00e9tal BLACK"}]},{"@type":"WebSite","@id":"https:\/\/shop.bantam.ch\/fr\/#website","url":"https:\/\/shop.bantam.ch\/fr\/","name":"Bantam Wankm\u00fcller SA","description":"","publisher":{"@id":"https:\/\/shop.bantam.ch\/fr\/#organization"},"inLanguage":"fr-FR"},{"@type":"Organization","@id":"https:\/\/shop.bantam.ch\/fr\/#organization","name":"Bantam Wankm\u00fcller SA","url":"https:\/\/shop.bantam.ch\/fr\/","logo":{"@type":"ImageObject","inLanguage":"fr-FR","@id":"https:\/\/shop.bantam.ch\/fr\/#\/schema\/logo\/image\/","url":"https:\/\/shop.bantam.ch\/wp-content\/uploads\/2022\/12\/bantam-logo.png","contentUrl":"https:\/\/shop.bantam.ch\/wp-content\/uploads\/2022\/12\/bantam-logo.png","width":320,"height":71,"caption":"Bantam Wankm\u00fcller SA"},"image":{"@id":"https:\/\/shop.bantam.ch\/fr\/#\/schema\/logo\/image\/"}}]}},"_links":{"self":[{"href":"https:\/\/shop.bantam.ch\/fr\/wp-json\/wp\/v2\/product\/117314","targetHints":{"allow":["GET"]}}],"collection":[{"href":"https:\/\/shop.bantam.ch\/fr\/wp-json\/wp\/v2\/product"}],"about":[{"href":"https:\/\/shop.bantam.ch\/fr\/wp-json\/wp\/v2\/types\/product"}],"wp:featuredmedia":[{"embeddable":true,"href":"https:\/\/shop.bantam.ch\/fr\/wp-json\/wp\/v2\/media\/117302"}],"wp:attachment":[{"href":"https:\/\/shop.bantam.ch\/fr\/wp-json\/wp\/v2\/media?parent=117314"}],"wp:term":[{"taxonomy":"product_featured_cat","embeddable":true,"href":"https:\/\/shop.bantam.ch\/fr\/wp-json\/wp\/v2\/product_featured_cat?post=117314"},{"taxonomy":"product_brand","embeddable":true,"href":"https:\/\/shop.bantam.ch\/fr\/wp-json\/wp\/v2\/product_brand?post=117314"},{"taxonomy":"product_cat","embeddable":true,"href":"https:\/\/shop.bantam.ch\/fr\/wp-json\/wp\/v2\/product_cat?post=117314"},{"taxonomy":"product_tag","embeddable":true,"href":"https:\/\/shop.bantam.ch\/fr\/wp-json\/wp\/v2\/product_tag?post=117314"}],"curies":[{"name":"wp","href":"https:\/\/api.w.org\/{rel}","templated":true}]}}