{"id":117238,"date":"2023-02-28T22:26:44","date_gmt":"2023-02-28T21:26:44","guid":{"rendered":"https:\/\/shop.bantam.ch\/produit\/crochet-magnetique-clever-black-avec-tampon-en-nano-gel-metallique-black\/"},"modified":"2026-04-18T21:46:36","modified_gmt":"2026-04-18T19:46:36","slug":"crochet-magnetique-clever-black-avec-tampon-en-nano-gel-metallique-black","status":"publish","type":"product","link":"https:\/\/shop.bantam.ch\/fr\/produit\/crochet-magnetique-clever-black-avec-tampon-en-nano-gel-metallique-black\/","title":{"rendered":"Crochets aimant\u00e9s silwy CLEVER BLACK en noir + pad en gel nano-m\u00e9tal BLACK"},"content":{"rendered":"<p>Crochet magn\u00e9tique avec coussinets en aspect cuir de haute qualit\u00e9. Pas de collage, pas de vissage et pas de fixation permanente. Les tampons sont d\u2019utilisation durable et adh\u00e8rent sur pratiquement toutes les surfaces herm\u00e9tiques. Utilisation flexible et mobile, par ex. pour les petits objets et les petits ustensiles de cuisine, les torchons, les maniques et bien plus encore. <\/p>\n<p>Parfaitement adapt\u00e9s au crochet magn\u00e9tique, comme la force de maintien diff\u00e8re d\u2019un crochet \u00e0 l\u2019autre.<\/p>\n<p>Contenu de la livraison :<br \/>Avec tampon en nano-gel m\u00e9tallique<\/p>\n","protected":false},"excerpt":{"rendered":"<p>Crochet magn\u00e9tique avec coussinets en aspect cuir de haute qualit\u00e9. Pas de collage, pas de vissage et pas de fixation permanente. Les tampons sont d\u2019utilisation durable et adh\u00e8rent sur pratiquement toutes les surfaces herm\u00e9tiques. Utilisation flexible et mobile, par ex. pour les petits objets et les petits ustensiles de cuisine, les torchons, les maniques et [&hellip;]<\/p>\n","protected":false},"featured_media":117226,"template":"","meta":{"_acf_changed":false},"product_featured_cat":[],"product_brand":[3072],"product_cat":[4733],"product_tag":[],"class_list":{"0":"post-117238","1":"product","2":"type-product","3":"status-publish","4":"has-post-thumbnail","6":"product_brand-silwy","7":"product_cat-supports-et-crochets","9":"first","10":"instock","11":"taxable","12":"shipping-taxable","13":"purchasable","14":"product-type-simple"},"acf":[],"yoast_head":"<!-- This site is optimized with the Yoast SEO plugin v27.4 - https:\/\/yoast.com\/product\/yoast-seo-wordpress\/ -->\n<title>Crochets aimant\u00e9s silwy CLEVER BLACK en noir + pad en gel nano-m\u00e9tal BLACK - Bantam Wankm\u00fcller SA<\/title>\n<meta name=\"robots\" content=\"index, follow, max-snippet:-1, max-image-preview:large, max-video-preview:-1\" \/>\n<link rel=\"canonical\" href=\"https:\/\/shop.bantam.ch\/fr\/produit\/crochet-magnetique-clever-black-avec-tampon-en-nano-gel-metallique-black\/\" \/>\n<meta property=\"og:locale\" content=\"fr_FR\" \/>\n<meta property=\"og:type\" content=\"article\" \/>\n<meta property=\"og:title\" content=\"Crochets aimant\u00e9s silwy CLEVER BLACK en noir + pad en gel nano-m\u00e9tal BLACK - Bantam Wankm\u00fcller SA\" \/>\n<meta property=\"og:description\" content=\"Crochet magn\u00e9tique avec coussinets en aspect cuir de haute qualit\u00e9. Pas de collage, pas de vissage et pas de fixation permanente. Les tampons sont d\u2019utilisation durable et adh\u00e8rent sur pratiquement toutes les surfaces herm\u00e9tiques. Utilisation flexible et mobile, par ex. pour les petits objets et les petits ustensiles de cuisine, les torchons, les maniques et [&hellip;]\" \/>\n<meta property=\"og:url\" content=\"https:\/\/shop.bantam.ch\/fr\/produit\/crochet-magnetique-clever-black-avec-tampon-en-nano-gel-metallique-black\/\" \/>\n<meta property=\"og:site_name\" content=\"Bantam Wankm\u00fcller SA\" \/>\n<meta property=\"article:modified_time\" content=\"2026-04-18T19:46:36+00:00\" \/>\n<meta property=\"og:image\" content=\"https:\/\/shop.bantam.ch\/wp-content\/uploads\/2023\/02\/998457211.jpg\" \/>\n\t<meta property=\"og:image:width\" content=\"844\" \/>\n\t<meta property=\"og:image:height\" content=\"1000\" \/>\n\t<meta property=\"og:image:type\" content=\"image\/jpeg\" \/>\n<meta name=\"twitter:card\" content=\"summary_large_image\" \/>\n<script type=\"application\/ld+json\" class=\"yoast-schema-graph\">{\"@context\":\"https:\\\/\\\/schema.org\",\"@graph\":[{\"@type\":\"WebPage\",\"@id\":\"https:\\\/\\\/shop.bantam.ch\\\/fr\\\/produit\\\/crochet-magnetique-clever-black-avec-tampon-en-nano-gel-metallique-black\\\/\",\"url\":\"https:\\\/\\\/shop.bantam.ch\\\/fr\\\/produit\\\/crochet-magnetique-clever-black-avec-tampon-en-nano-gel-metallique-black\\\/\",\"name\":\"Crochets aimant\u00e9s silwy CLEVER BLACK en noir + pad en gel nano-m\u00e9tal BLACK - Bantam Wankm\u00fcller SA\",\"isPartOf\":{\"@id\":\"https:\\\/\\\/shop.bantam.ch\\\/fr\\\/#website\"},\"primaryImageOfPage\":{\"@id\":\"https:\\\/\\\/shop.bantam.ch\\\/fr\\\/produit\\\/crochet-magnetique-clever-black-avec-tampon-en-nano-gel-metallique-black\\\/#primaryimage\"},\"image\":{\"@id\":\"https:\\\/\\\/shop.bantam.ch\\\/fr\\\/produit\\\/crochet-magnetique-clever-black-avec-tampon-en-nano-gel-metallique-black\\\/#primaryimage\"},\"thumbnailUrl\":\"https:\\\/\\\/shop.bantam.ch\\\/wp-content\\\/uploads\\\/2023\\\/02\\\/998457211.jpg\",\"datePublished\":\"2023-02-28T21:26:44+00:00\",\"dateModified\":\"2026-04-18T19:46:36+00:00\",\"breadcrumb\":{\"@id\":\"https:\\\/\\\/shop.bantam.ch\\\/fr\\\/produit\\\/crochet-magnetique-clever-black-avec-tampon-en-nano-gel-metallique-black\\\/#breadcrumb\"},\"inLanguage\":\"fr-FR\",\"potentialAction\":[{\"@type\":\"ReadAction\",\"target\":[\"https:\\\/\\\/shop.bantam.ch\\\/fr\\\/produit\\\/crochet-magnetique-clever-black-avec-tampon-en-nano-gel-metallique-black\\\/\"]}]},{\"@type\":\"ImageObject\",\"inLanguage\":\"fr-FR\",\"@id\":\"https:\\\/\\\/shop.bantam.ch\\\/fr\\\/produit\\\/crochet-magnetique-clever-black-avec-tampon-en-nano-gel-metallique-black\\\/#primaryimage\",\"url\":\"https:\\\/\\\/shop.bantam.ch\\\/wp-content\\\/uploads\\\/2023\\\/02\\\/998457211.jpg\",\"contentUrl\":\"https:\\\/\\\/shop.bantam.ch\\\/wp-content\\\/uploads\\\/2023\\\/02\\\/998457211.jpg\",\"width\":844,\"height\":1000},{\"@type\":\"BreadcrumbList\",\"@id\":\"https:\\\/\\\/shop.bantam.ch\\\/fr\\\/produit\\\/crochet-magnetique-clever-black-avec-tampon-en-nano-gel-metallique-black\\\/#breadcrumb\",\"itemListElement\":[{\"@type\":\"ListItem\",\"position\":1,\"name\":\"Accueil\",\"item\":\"https:\\\/\\\/shop.bantam.ch\\\/fr\\\/\"},{\"@type\":\"ListItem\",\"position\":2,\"name\":\"Boutique\",\"item\":\"https:\\\/\\\/shop.bantam.ch\\\/fr\\\/boutique\\\/\"},{\"@type\":\"ListItem\",\"position\":3,\"name\":\"Crochets aimant\u00e9s silwy CLEVER BLACK en noir + pad en gel nano-m\u00e9tal BLACK\"}]},{\"@type\":\"WebSite\",\"@id\":\"https:\\\/\\\/shop.bantam.ch\\\/fr\\\/#website\",\"url\":\"https:\\\/\\\/shop.bantam.ch\\\/fr\\\/\",\"name\":\"Bantam Wankm\u00fcller SA\",\"description\":\"\",\"publisher\":{\"@id\":\"https:\\\/\\\/shop.bantam.ch\\\/fr\\\/#organization\"},\"inLanguage\":\"fr-FR\"},{\"@type\":\"Organization\",\"@id\":\"https:\\\/\\\/shop.bantam.ch\\\/fr\\\/#organization\",\"name\":\"Bantam Wankm\u00fcller SA\",\"url\":\"https:\\\/\\\/shop.bantam.ch\\\/fr\\\/\",\"logo\":{\"@type\":\"ImageObject\",\"inLanguage\":\"fr-FR\",\"@id\":\"https:\\\/\\\/shop.bantam.ch\\\/fr\\\/#\\\/schema\\\/logo\\\/image\\\/\",\"url\":\"https:\\\/\\\/shop.bantam.ch\\\/wp-content\\\/uploads\\\/2022\\\/12\\\/bantam-logo.png\",\"contentUrl\":\"https:\\\/\\\/shop.bantam.ch\\\/wp-content\\\/uploads\\\/2022\\\/12\\\/bantam-logo.png\",\"width\":320,\"height\":71,\"caption\":\"Bantam Wankm\u00fcller SA\"},\"image\":{\"@id\":\"https:\\\/\\\/shop.bantam.ch\\\/fr\\\/#\\\/schema\\\/logo\\\/image\\\/\"}}]}<\/script>\n<!-- \/ Yoast SEO plugin. -->","yoast_head_json":{"title":"Crochets aimant\u00e9s silwy CLEVER BLACK en noir + pad en gel nano-m\u00e9tal BLACK - Bantam Wankm\u00fcller SA","robots":{"index":"index","follow":"follow","max-snippet":"max-snippet:-1","max-image-preview":"max-image-preview:large","max-video-preview":"max-video-preview:-1"},"canonical":"https:\/\/shop.bantam.ch\/fr\/produit\/crochet-magnetique-clever-black-avec-tampon-en-nano-gel-metallique-black\/","og_locale":"fr_FR","og_type":"article","og_title":"Crochets aimant\u00e9s silwy CLEVER BLACK en noir + pad en gel nano-m\u00e9tal BLACK - Bantam Wankm\u00fcller SA","og_description":"Crochet magn\u00e9tique avec coussinets en aspect cuir de haute qualit\u00e9. Pas de collage, pas de vissage et pas de fixation permanente. Les tampons sont d\u2019utilisation durable et adh\u00e8rent sur pratiquement toutes les surfaces herm\u00e9tiques. Utilisation flexible et mobile, par ex. pour les petits objets et les petits ustensiles de cuisine, les torchons, les maniques et [&hellip;]","og_url":"https:\/\/shop.bantam.ch\/fr\/produit\/crochet-magnetique-clever-black-avec-tampon-en-nano-gel-metallique-black\/","og_site_name":"Bantam Wankm\u00fcller SA","article_modified_time":"2026-04-18T19:46:36+00:00","og_image":[{"width":844,"height":1000,"url":"https:\/\/shop.bantam.ch\/wp-content\/uploads\/2023\/02\/998457211.jpg","type":"image\/jpeg"}],"twitter_card":"summary_large_image","schema":{"@context":"https:\/\/schema.org","@graph":[{"@type":"WebPage","@id":"https:\/\/shop.bantam.ch\/fr\/produit\/crochet-magnetique-clever-black-avec-tampon-en-nano-gel-metallique-black\/","url":"https:\/\/shop.bantam.ch\/fr\/produit\/crochet-magnetique-clever-black-avec-tampon-en-nano-gel-metallique-black\/","name":"Crochets aimant\u00e9s silwy CLEVER BLACK en noir + pad en gel nano-m\u00e9tal BLACK - Bantam Wankm\u00fcller SA","isPartOf":{"@id":"https:\/\/shop.bantam.ch\/fr\/#website"},"primaryImageOfPage":{"@id":"https:\/\/shop.bantam.ch\/fr\/produit\/crochet-magnetique-clever-black-avec-tampon-en-nano-gel-metallique-black\/#primaryimage"},"image":{"@id":"https:\/\/shop.bantam.ch\/fr\/produit\/crochet-magnetique-clever-black-avec-tampon-en-nano-gel-metallique-black\/#primaryimage"},"thumbnailUrl":"https:\/\/shop.bantam.ch\/wp-content\/uploads\/2023\/02\/998457211.jpg","datePublished":"2023-02-28T21:26:44+00:00","dateModified":"2026-04-18T19:46:36+00:00","breadcrumb":{"@id":"https:\/\/shop.bantam.ch\/fr\/produit\/crochet-magnetique-clever-black-avec-tampon-en-nano-gel-metallique-black\/#breadcrumb"},"inLanguage":"fr-FR","potentialAction":[{"@type":"ReadAction","target":["https:\/\/shop.bantam.ch\/fr\/produit\/crochet-magnetique-clever-black-avec-tampon-en-nano-gel-metallique-black\/"]}]},{"@type":"ImageObject","inLanguage":"fr-FR","@id":"https:\/\/shop.bantam.ch\/fr\/produit\/crochet-magnetique-clever-black-avec-tampon-en-nano-gel-metallique-black\/#primaryimage","url":"https:\/\/shop.bantam.ch\/wp-content\/uploads\/2023\/02\/998457211.jpg","contentUrl":"https:\/\/shop.bantam.ch\/wp-content\/uploads\/2023\/02\/998457211.jpg","width":844,"height":1000},{"@type":"BreadcrumbList","@id":"https:\/\/shop.bantam.ch\/fr\/produit\/crochet-magnetique-clever-black-avec-tampon-en-nano-gel-metallique-black\/#breadcrumb","itemListElement":[{"@type":"ListItem","position":1,"name":"Accueil","item":"https:\/\/shop.bantam.ch\/fr\/"},{"@type":"ListItem","position":2,"name":"Boutique","item":"https:\/\/shop.bantam.ch\/fr\/boutique\/"},{"@type":"ListItem","position":3,"name":"Crochets aimant\u00e9s silwy CLEVER BLACK en noir + pad en gel nano-m\u00e9tal BLACK"}]},{"@type":"WebSite","@id":"https:\/\/shop.bantam.ch\/fr\/#website","url":"https:\/\/shop.bantam.ch\/fr\/","name":"Bantam Wankm\u00fcller SA","description":"","publisher":{"@id":"https:\/\/shop.bantam.ch\/fr\/#organization"},"inLanguage":"fr-FR"},{"@type":"Organization","@id":"https:\/\/shop.bantam.ch\/fr\/#organization","name":"Bantam Wankm\u00fcller SA","url":"https:\/\/shop.bantam.ch\/fr\/","logo":{"@type":"ImageObject","inLanguage":"fr-FR","@id":"https:\/\/shop.bantam.ch\/fr\/#\/schema\/logo\/image\/","url":"https:\/\/shop.bantam.ch\/wp-content\/uploads\/2022\/12\/bantam-logo.png","contentUrl":"https:\/\/shop.bantam.ch\/wp-content\/uploads\/2022\/12\/bantam-logo.png","width":320,"height":71,"caption":"Bantam Wankm\u00fcller SA"},"image":{"@id":"https:\/\/shop.bantam.ch\/fr\/#\/schema\/logo\/image\/"}}]}},"_links":{"self":[{"href":"https:\/\/shop.bantam.ch\/fr\/wp-json\/wp\/v2\/product\/117238","targetHints":{"allow":["GET"]}}],"collection":[{"href":"https:\/\/shop.bantam.ch\/fr\/wp-json\/wp\/v2\/product"}],"about":[{"href":"https:\/\/shop.bantam.ch\/fr\/wp-json\/wp\/v2\/types\/product"}],"wp:featuredmedia":[{"embeddable":true,"href":"https:\/\/shop.bantam.ch\/fr\/wp-json\/wp\/v2\/media\/117226"}],"wp:attachment":[{"href":"https:\/\/shop.bantam.ch\/fr\/wp-json\/wp\/v2\/media?parent=117238"}],"wp:term":[{"taxonomy":"product_featured_cat","embeddable":true,"href":"https:\/\/shop.bantam.ch\/fr\/wp-json\/wp\/v2\/product_featured_cat?post=117238"},{"taxonomy":"product_brand","embeddable":true,"href":"https:\/\/shop.bantam.ch\/fr\/wp-json\/wp\/v2\/product_brand?post=117238"},{"taxonomy":"product_cat","embeddable":true,"href":"https:\/\/shop.bantam.ch\/fr\/wp-json\/wp\/v2\/product_cat?post=117238"},{"taxonomy":"product_tag","embeddable":true,"href":"https:\/\/shop.bantam.ch\/fr\/wp-json\/wp\/v2\/product_tag?post=117238"}],"curies":[{"name":"wp","href":"https:\/\/api.w.org\/{rel}","templated":true}]}}