{"id":117224,"date":"2023-02-28T22:26:36","date_gmt":"2023-02-28T21:26:36","guid":{"rendered":"https:\/\/shop.bantam.ch\/produit\/adaptateur-magnetique-pour-auvents-de-bus\/"},"modified":"2026-04-18T21:46:35","modified_gmt":"2026-04-18T19:46:35","slug":"adaptateur-magnetique-pour-auvents-de-bus","status":"publish","type":"product","link":"https:\/\/shop.bantam.ch\/fr\/produit\/adaptateur-magnetique-pour-auvents-de-bus\/","title":{"rendered":"Adaptateurs aimant\u00e9s BRUNNER pour auvents de bus Diam\u00e8tre 5-8\u00a0mm"},"content":{"rendered":"<p>Le kit d&rsquo;adaptateurs magn\u00e9tiques est un moyen simple et pratique de fixer des auvents et des toits ouvrants pour bus sur des v\u00e9hicules sans goutti\u00e8re. Il adh\u00e8re parfaitement aux toits plats en acier.<\/p>\n<p>Mat\u00e9riau\u00a0:<br \/>Polyester \/ PP \/ PVC<\/p>\n","protected":false},"excerpt":{"rendered":"<p>Le kit d&rsquo;adaptateurs magn\u00e9tiques est un moyen simple et pratique de fixer des auvents et des toits ouvrants pour bus sur des v\u00e9hicules sans goutti\u00e8re. Il adh\u00e8re parfaitement aux toits plats en acier. Mat\u00e9riau\u00a0:Polyester \/ PP \/ PVC<\/p>\n","protected":false},"featured_media":117220,"template":"","meta":{"_acf_changed":false},"product_featured_cat":[],"product_brand":[3080],"product_cat":[4253],"product_tag":[],"class_list":{"0":"post-117224","1":"product","2":"type-product","3":"status-publish","4":"has-post-thumbnail","6":"product_brand-brunner","7":"product_cat-accessoires-de-montage","9":"first","10":"instock","11":"taxable","12":"shipping-taxable","13":"purchasable","14":"product-type-simple"},"acf":[],"yoast_head":"<!-- This site is optimized with the Yoast SEO plugin v27.4 - https:\/\/yoast.com\/product\/yoast-seo-wordpress\/ -->\n<title>Adaptateurs aimant\u00e9s BRUNNER pour auvents de bus Diam\u00e8tre 5-8\u00a0mm - Bantam Wankm\u00fcller SA<\/title>\n<meta name=\"robots\" content=\"index, follow, max-snippet:-1, max-image-preview:large, max-video-preview:-1\" \/>\n<link rel=\"canonical\" href=\"https:\/\/shop.bantam.ch\/fr\/produit\/adaptateur-magnetique-pour-auvents-de-bus\/\" \/>\n<meta property=\"og:locale\" content=\"fr_FR\" \/>\n<meta property=\"og:type\" content=\"article\" \/>\n<meta property=\"og:title\" content=\"Adaptateurs aimant\u00e9s BRUNNER pour auvents de bus Diam\u00e8tre 5-8\u00a0mm - Bantam Wankm\u00fcller SA\" \/>\n<meta property=\"og:description\" content=\"Le kit d&rsquo;adaptateurs magn\u00e9tiques est un moyen simple et pratique de fixer des auvents et des toits ouvrants pour bus sur des v\u00e9hicules sans goutti\u00e8re. Il adh\u00e8re parfaitement aux toits plats en acier. Mat\u00e9riau\u00a0:Polyester \/ PP \/ PVC\" \/>\n<meta property=\"og:url\" content=\"https:\/\/shop.bantam.ch\/fr\/produit\/adaptateur-magnetique-pour-auvents-de-bus\/\" \/>\n<meta property=\"og:site_name\" content=\"Bantam Wankm\u00fcller SA\" \/>\n<meta property=\"article:modified_time\" content=\"2026-04-18T19:46:35+00:00\" \/>\n<meta property=\"og:image\" content=\"https:\/\/shop.bantam.ch\/wp-content\/uploads\/2023\/02\/9961217117YGpPnjrL6K41.jpg\" \/>\n\t<meta property=\"og:image:width\" content=\"1000\" \/>\n\t<meta property=\"og:image:height\" content=\"618\" \/>\n\t<meta property=\"og:image:type\" content=\"image\/jpeg\" \/>\n<meta name=\"twitter:card\" content=\"summary_large_image\" \/>\n<script type=\"application\/ld+json\" class=\"yoast-schema-graph\">{\"@context\":\"https:\\\/\\\/schema.org\",\"@graph\":[{\"@type\":\"WebPage\",\"@id\":\"https:\\\/\\\/shop.bantam.ch\\\/fr\\\/produit\\\/adaptateur-magnetique-pour-auvents-de-bus\\\/\",\"url\":\"https:\\\/\\\/shop.bantam.ch\\\/fr\\\/produit\\\/adaptateur-magnetique-pour-auvents-de-bus\\\/\",\"name\":\"Adaptateurs aimant\u00e9s BRUNNER pour auvents de bus Diam\u00e8tre 5-8\u00a0mm - Bantam Wankm\u00fcller SA\",\"isPartOf\":{\"@id\":\"https:\\\/\\\/shop.bantam.ch\\\/fr\\\/#website\"},\"primaryImageOfPage\":{\"@id\":\"https:\\\/\\\/shop.bantam.ch\\\/fr\\\/produit\\\/adaptateur-magnetique-pour-auvents-de-bus\\\/#primaryimage\"},\"image\":{\"@id\":\"https:\\\/\\\/shop.bantam.ch\\\/fr\\\/produit\\\/adaptateur-magnetique-pour-auvents-de-bus\\\/#primaryimage\"},\"thumbnailUrl\":\"https:\\\/\\\/shop.bantam.ch\\\/wp-content\\\/uploads\\\/2023\\\/02\\\/9961217117YGpPnjrL6K41.jpg\",\"datePublished\":\"2023-02-28T21:26:36+00:00\",\"dateModified\":\"2026-04-18T19:46:35+00:00\",\"breadcrumb\":{\"@id\":\"https:\\\/\\\/shop.bantam.ch\\\/fr\\\/produit\\\/adaptateur-magnetique-pour-auvents-de-bus\\\/#breadcrumb\"},\"inLanguage\":\"fr-FR\",\"potentialAction\":[{\"@type\":\"ReadAction\",\"target\":[\"https:\\\/\\\/shop.bantam.ch\\\/fr\\\/produit\\\/adaptateur-magnetique-pour-auvents-de-bus\\\/\"]}]},{\"@type\":\"ImageObject\",\"inLanguage\":\"fr-FR\",\"@id\":\"https:\\\/\\\/shop.bantam.ch\\\/fr\\\/produit\\\/adaptateur-magnetique-pour-auvents-de-bus\\\/#primaryimage\",\"url\":\"https:\\\/\\\/shop.bantam.ch\\\/wp-content\\\/uploads\\\/2023\\\/02\\\/9961217117YGpPnjrL6K41.jpg\",\"contentUrl\":\"https:\\\/\\\/shop.bantam.ch\\\/wp-content\\\/uploads\\\/2023\\\/02\\\/9961217117YGpPnjrL6K41.jpg\",\"width\":1000,\"height\":618},{\"@type\":\"BreadcrumbList\",\"@id\":\"https:\\\/\\\/shop.bantam.ch\\\/fr\\\/produit\\\/adaptateur-magnetique-pour-auvents-de-bus\\\/#breadcrumb\",\"itemListElement\":[{\"@type\":\"ListItem\",\"position\":1,\"name\":\"Accueil\",\"item\":\"https:\\\/\\\/shop.bantam.ch\\\/fr\\\/\"},{\"@type\":\"ListItem\",\"position\":2,\"name\":\"Boutique\",\"item\":\"https:\\\/\\\/shop.bantam.ch\\\/fr\\\/boutique\\\/\"},{\"@type\":\"ListItem\",\"position\":3,\"name\":\"Adaptateurs aimant\u00e9s BRUNNER pour auvents de bus Diam\u00e8tre 5-8\u00a0mm\"}]},{\"@type\":\"WebSite\",\"@id\":\"https:\\\/\\\/shop.bantam.ch\\\/fr\\\/#website\",\"url\":\"https:\\\/\\\/shop.bantam.ch\\\/fr\\\/\",\"name\":\"Bantam Wankm\u00fcller SA\",\"description\":\"\",\"publisher\":{\"@id\":\"https:\\\/\\\/shop.bantam.ch\\\/fr\\\/#organization\"},\"inLanguage\":\"fr-FR\"},{\"@type\":\"Organization\",\"@id\":\"https:\\\/\\\/shop.bantam.ch\\\/fr\\\/#organization\",\"name\":\"Bantam Wankm\u00fcller SA\",\"url\":\"https:\\\/\\\/shop.bantam.ch\\\/fr\\\/\",\"logo\":{\"@type\":\"ImageObject\",\"inLanguage\":\"fr-FR\",\"@id\":\"https:\\\/\\\/shop.bantam.ch\\\/fr\\\/#\\\/schema\\\/logo\\\/image\\\/\",\"url\":\"https:\\\/\\\/shop.bantam.ch\\\/wp-content\\\/uploads\\\/2022\\\/12\\\/bantam-logo.png\",\"contentUrl\":\"https:\\\/\\\/shop.bantam.ch\\\/wp-content\\\/uploads\\\/2022\\\/12\\\/bantam-logo.png\",\"width\":320,\"height\":71,\"caption\":\"Bantam Wankm\u00fcller SA\"},\"image\":{\"@id\":\"https:\\\/\\\/shop.bantam.ch\\\/fr\\\/#\\\/schema\\\/logo\\\/image\\\/\"}}]}<\/script>\n<!-- \/ Yoast SEO plugin. -->","yoast_head_json":{"title":"Adaptateurs aimant\u00e9s BRUNNER pour auvents de bus Diam\u00e8tre 5-8\u00a0mm - Bantam Wankm\u00fcller SA","robots":{"index":"index","follow":"follow","max-snippet":"max-snippet:-1","max-image-preview":"max-image-preview:large","max-video-preview":"max-video-preview:-1"},"canonical":"https:\/\/shop.bantam.ch\/fr\/produit\/adaptateur-magnetique-pour-auvents-de-bus\/","og_locale":"fr_FR","og_type":"article","og_title":"Adaptateurs aimant\u00e9s BRUNNER pour auvents de bus Diam\u00e8tre 5-8\u00a0mm - Bantam Wankm\u00fcller SA","og_description":"Le kit d&rsquo;adaptateurs magn\u00e9tiques est un moyen simple et pratique de fixer des auvents et des toits ouvrants pour bus sur des v\u00e9hicules sans goutti\u00e8re. Il adh\u00e8re parfaitement aux toits plats en acier. Mat\u00e9riau\u00a0:Polyester \/ PP \/ PVC","og_url":"https:\/\/shop.bantam.ch\/fr\/produit\/adaptateur-magnetique-pour-auvents-de-bus\/","og_site_name":"Bantam Wankm\u00fcller SA","article_modified_time":"2026-04-18T19:46:35+00:00","og_image":[{"width":1000,"height":618,"url":"https:\/\/shop.bantam.ch\/wp-content\/uploads\/2023\/02\/9961217117YGpPnjrL6K41.jpg","type":"image\/jpeg"}],"twitter_card":"summary_large_image","schema":{"@context":"https:\/\/schema.org","@graph":[{"@type":"WebPage","@id":"https:\/\/shop.bantam.ch\/fr\/produit\/adaptateur-magnetique-pour-auvents-de-bus\/","url":"https:\/\/shop.bantam.ch\/fr\/produit\/adaptateur-magnetique-pour-auvents-de-bus\/","name":"Adaptateurs aimant\u00e9s BRUNNER pour auvents de bus Diam\u00e8tre 5-8\u00a0mm - Bantam Wankm\u00fcller SA","isPartOf":{"@id":"https:\/\/shop.bantam.ch\/fr\/#website"},"primaryImageOfPage":{"@id":"https:\/\/shop.bantam.ch\/fr\/produit\/adaptateur-magnetique-pour-auvents-de-bus\/#primaryimage"},"image":{"@id":"https:\/\/shop.bantam.ch\/fr\/produit\/adaptateur-magnetique-pour-auvents-de-bus\/#primaryimage"},"thumbnailUrl":"https:\/\/shop.bantam.ch\/wp-content\/uploads\/2023\/02\/9961217117YGpPnjrL6K41.jpg","datePublished":"2023-02-28T21:26:36+00:00","dateModified":"2026-04-18T19:46:35+00:00","breadcrumb":{"@id":"https:\/\/shop.bantam.ch\/fr\/produit\/adaptateur-magnetique-pour-auvents-de-bus\/#breadcrumb"},"inLanguage":"fr-FR","potentialAction":[{"@type":"ReadAction","target":["https:\/\/shop.bantam.ch\/fr\/produit\/adaptateur-magnetique-pour-auvents-de-bus\/"]}]},{"@type":"ImageObject","inLanguage":"fr-FR","@id":"https:\/\/shop.bantam.ch\/fr\/produit\/adaptateur-magnetique-pour-auvents-de-bus\/#primaryimage","url":"https:\/\/shop.bantam.ch\/wp-content\/uploads\/2023\/02\/9961217117YGpPnjrL6K41.jpg","contentUrl":"https:\/\/shop.bantam.ch\/wp-content\/uploads\/2023\/02\/9961217117YGpPnjrL6K41.jpg","width":1000,"height":618},{"@type":"BreadcrumbList","@id":"https:\/\/shop.bantam.ch\/fr\/produit\/adaptateur-magnetique-pour-auvents-de-bus\/#breadcrumb","itemListElement":[{"@type":"ListItem","position":1,"name":"Accueil","item":"https:\/\/shop.bantam.ch\/fr\/"},{"@type":"ListItem","position":2,"name":"Boutique","item":"https:\/\/shop.bantam.ch\/fr\/boutique\/"},{"@type":"ListItem","position":3,"name":"Adaptateurs aimant\u00e9s BRUNNER pour auvents de bus Diam\u00e8tre 5-8\u00a0mm"}]},{"@type":"WebSite","@id":"https:\/\/shop.bantam.ch\/fr\/#website","url":"https:\/\/shop.bantam.ch\/fr\/","name":"Bantam Wankm\u00fcller SA","description":"","publisher":{"@id":"https:\/\/shop.bantam.ch\/fr\/#organization"},"inLanguage":"fr-FR"},{"@type":"Organization","@id":"https:\/\/shop.bantam.ch\/fr\/#organization","name":"Bantam Wankm\u00fcller SA","url":"https:\/\/shop.bantam.ch\/fr\/","logo":{"@type":"ImageObject","inLanguage":"fr-FR","@id":"https:\/\/shop.bantam.ch\/fr\/#\/schema\/logo\/image\/","url":"https:\/\/shop.bantam.ch\/wp-content\/uploads\/2022\/12\/bantam-logo.png","contentUrl":"https:\/\/shop.bantam.ch\/wp-content\/uploads\/2022\/12\/bantam-logo.png","width":320,"height":71,"caption":"Bantam Wankm\u00fcller SA"},"image":{"@id":"https:\/\/shop.bantam.ch\/fr\/#\/schema\/logo\/image\/"}}]}},"_links":{"self":[{"href":"https:\/\/shop.bantam.ch\/fr\/wp-json\/wp\/v2\/product\/117224","targetHints":{"allow":["GET"]}}],"collection":[{"href":"https:\/\/shop.bantam.ch\/fr\/wp-json\/wp\/v2\/product"}],"about":[{"href":"https:\/\/shop.bantam.ch\/fr\/wp-json\/wp\/v2\/types\/product"}],"wp:featuredmedia":[{"embeddable":true,"href":"https:\/\/shop.bantam.ch\/fr\/wp-json\/wp\/v2\/media\/117220"}],"wp:attachment":[{"href":"https:\/\/shop.bantam.ch\/fr\/wp-json\/wp\/v2\/media?parent=117224"}],"wp:term":[{"taxonomy":"product_featured_cat","embeddable":true,"href":"https:\/\/shop.bantam.ch\/fr\/wp-json\/wp\/v2\/product_featured_cat?post=117224"},{"taxonomy":"product_brand","embeddable":true,"href":"https:\/\/shop.bantam.ch\/fr\/wp-json\/wp\/v2\/product_brand?post=117224"},{"taxonomy":"product_cat","embeddable":true,"href":"https:\/\/shop.bantam.ch\/fr\/wp-json\/wp\/v2\/product_cat?post=117224"},{"taxonomy":"product_tag","embeddable":true,"href":"https:\/\/shop.bantam.ch\/fr\/wp-json\/wp\/v2\/product_tag?post=117224"}],"curies":[{"name":"wp","href":"https:\/\/api.w.org\/{rel}","templated":true}]}}