{"id":117198,"date":"2023-02-28T22:26:08","date_gmt":"2023-02-28T21:26:08","guid":{"rendered":"https:\/\/shop.bantam.ch\/produit\/solette-skia-authentic-blanc-gris\/"},"modified":"2026-04-17T23:25:27","modified_gmt":"2026-04-17T21:25:27","slug":"solette-skia-authentic-blanc-gris","status":"publish","type":"product","link":"https:\/\/shop.bantam.ch\/fr\/produit\/solette-skia-authentic-blanc-gris\/","title":{"rendered":"Solette Skia Authentic, blanc \/ gris"},"content":{"rendered":"<p>Les solettes SKIA sont le reflet de l\u2019\u00e9volution naturelle de la technologie A.I.R.Tech et permettent d\u2019effectuer la fixation, le gonflage et l&rsquo;ancrage en quelques minutes seulement et dans un confort absolu. Plus besoin d\u2019utiliser des barres traditionnelles en m\u00e9tal ou en fibre de verre. Gr\u00e2ce \u00e0 l\u2019extension des parois lat\u00e9rales (disponibles en option), il est possible d\u2019obtenir un grand espace de vie \u00e0 l\u2019abri du vent, des intemp\u00e9ries et des regards indiscrets. La solette SKIA est tr\u00e8s facile \u00e0 monter gr\u00e2ce \u00e0 sa structure pneumatique compos\u00e9e d\u2019un tuyau d\u2018air central en pignon et d\u2019un tuyau de stabilisation au niveau du toit tr\u00e9pointe.<\/p>\n<p>Elle est fix\u00e9e au v\u00e9hicule gr\u00e2ce \u00e0 un raccord cousu avec profil\u00e9 de tr\u00e9pointe. Caract\u00e9ris\u00e9e par son design moderne et attrayant, cet auvent est fabriqu\u00e9 dans le tissu sp\u00e9cial Pure Pro, un polycoton enduit PU qui garantit une excellente r\u00e9sistance aux UV, une excellente respirabilit\u00e9 et une longue dur\u00e9e de vie. Toutes les coutures sont scell\u00e9es pour garantir l\u2019\u00e9tanch\u00e9it\u00e9 de l\u2019int\u00e9rieur. Les fournitures comprennent une pompe pour gonfler toute la structure, accessoires de montage (piquets et cordes de tension) et sac de transport pratique. Disponible en 2 tailles.<\/p>\n<ul>\n<li>Montage facile et rapide gr\u00e2ce \u00e0 la technologie A.I.R.<\/li>\n<li>Avec tuyau d\u2018air central en pignon<\/li>\n<li>Raccord avec profil\u00e9 de tr\u00e9pointe<\/li>\n<li>Grand espace de vie gr\u00e2ce \u00e0 l\u2019extension des parois lat\u00e9rale<\/li>\n<li>Respirant et longue dur\u00e9e de vie<\/li>\n<\/ul>\n<p>Mat\u00e9riau\u00a0:<br \/>65 % polyester<br \/>35 % coton<\/p>\n<p>Contenu de la livraison :<br \/>livr\u00e9 avec pompe pour gonfler toute la structure<br \/>accessoires de montage (sardines et haubanage)<br \/>sac de transport pratique<\/p>\n<p>\u00a0<\/p>\n","protected":false},"excerpt":{"rendered":"<p>Les solettes SKIA sont le reflet de l\u2019\u00e9volution naturelle de la technologie A.I.R.Tech et permettent d\u2019effectuer la fixation, le gonflage et l&rsquo;ancrage en quelques minutes seulement et dans un confort absolu. Plus besoin d\u2019utiliser des barres traditionnelles en m\u00e9tal ou en fibre de verre. Gr\u00e2ce \u00e0 l\u2019extension des parois lat\u00e9rales (disponibles en option), il est [&hellip;]<\/p>\n","protected":false},"featured_media":117194,"template":"","meta":{"_acf_changed":false},"product_featured_cat":[],"product_brand":[3080],"product_cat":[4251],"product_tag":[],"class_list":{"0":"post-117198","1":"product","2":"type-product","3":"status-publish","4":"has-post-thumbnail","6":"product_brand-brunner","7":"product_cat-voile-dombrage-pour-camping-cars","9":"first","10":"instock","11":"taxable","12":"shipping-taxable","13":"purchasable","14":"product-type-variable"},"acf":[],"yoast_head":"<!-- This site is optimized with the Yoast SEO plugin v27.4 - https:\/\/yoast.com\/product\/yoast-seo-wordpress\/ -->\n<title>Solette Skia Authentic, blanc \/ gris - Bantam Wankm\u00fcller SA<\/title>\n<meta name=\"robots\" content=\"index, follow, max-snippet:-1, max-image-preview:large, max-video-preview:-1\" \/>\n<link rel=\"canonical\" href=\"https:\/\/shop.bantam.ch\/fr\/produit\/solette-skia-authentic-blanc-gris\/\" \/>\n<meta property=\"og:locale\" content=\"fr_FR\" \/>\n<meta property=\"og:type\" content=\"article\" \/>\n<meta property=\"og:title\" content=\"Solette Skia Authentic, blanc \/ gris - Bantam Wankm\u00fcller SA\" \/>\n<meta property=\"og:description\" content=\"Les solettes SKIA sont le reflet de l\u2019\u00e9volution naturelle de la technologie A.I.R.Tech et permettent d\u2019effectuer la fixation, le gonflage et l&rsquo;ancrage en quelques minutes seulement et dans un confort absolu. Plus besoin d\u2019utiliser des barres traditionnelles en m\u00e9tal ou en fibre de verre. Gr\u00e2ce \u00e0 l\u2019extension des parois lat\u00e9rales (disponibles en option), il est [&hellip;]\" \/>\n<meta property=\"og:url\" content=\"https:\/\/shop.bantam.ch\/fr\/produit\/solette-skia-authentic-blanc-gris\/\" \/>\n<meta property=\"og:site_name\" content=\"Bantam Wankm\u00fcller SA\" \/>\n<meta property=\"article:modified_time\" content=\"2026-04-17T21:25:27+00:00\" \/>\n<meta property=\"og:image\" content=\"https:\/\/shop.bantam.ch\/wp-content\/uploads\/2023\/02\/996121311.jpg\" \/>\n\t<meta property=\"og:image:width\" content=\"1000\" \/>\n\t<meta property=\"og:image:height\" content=\"361\" \/>\n\t<meta property=\"og:image:type\" content=\"image\/jpeg\" \/>\n<meta name=\"twitter:card\" content=\"summary_large_image\" \/>\n<meta name=\"twitter:label1\" content=\"Dur\u00e9e de lecture estim\u00e9e\" \/>\n\t<meta name=\"twitter:data1\" content=\"1 minute\" \/>\n<script type=\"application\/ld+json\" class=\"yoast-schema-graph\">{\"@context\":\"https:\\\/\\\/schema.org\",\"@graph\":[{\"@type\":\"WebPage\",\"@id\":\"https:\\\/\\\/shop.bantam.ch\\\/fr\\\/produit\\\/solette-skia-authentic-blanc-gris\\\/\",\"url\":\"https:\\\/\\\/shop.bantam.ch\\\/fr\\\/produit\\\/solette-skia-authentic-blanc-gris\\\/\",\"name\":\"Solette Skia Authentic, blanc \\\/ gris - Bantam Wankm\u00fcller SA\",\"isPartOf\":{\"@id\":\"https:\\\/\\\/shop.bantam.ch\\\/fr\\\/#website\"},\"primaryImageOfPage\":{\"@id\":\"https:\\\/\\\/shop.bantam.ch\\\/fr\\\/produit\\\/solette-skia-authentic-blanc-gris\\\/#primaryimage\"},\"image\":{\"@id\":\"https:\\\/\\\/shop.bantam.ch\\\/fr\\\/produit\\\/solette-skia-authentic-blanc-gris\\\/#primaryimage\"},\"thumbnailUrl\":\"https:\\\/\\\/shop.bantam.ch\\\/wp-content\\\/uploads\\\/2023\\\/02\\\/996121311.jpg\",\"datePublished\":\"2023-02-28T21:26:08+00:00\",\"dateModified\":\"2026-04-17T21:25:27+00:00\",\"breadcrumb\":{\"@id\":\"https:\\\/\\\/shop.bantam.ch\\\/fr\\\/produit\\\/solette-skia-authentic-blanc-gris\\\/#breadcrumb\"},\"inLanguage\":\"fr-FR\",\"potentialAction\":[{\"@type\":\"ReadAction\",\"target\":[\"https:\\\/\\\/shop.bantam.ch\\\/fr\\\/produit\\\/solette-skia-authentic-blanc-gris\\\/\"]}]},{\"@type\":\"ImageObject\",\"inLanguage\":\"fr-FR\",\"@id\":\"https:\\\/\\\/shop.bantam.ch\\\/fr\\\/produit\\\/solette-skia-authentic-blanc-gris\\\/#primaryimage\",\"url\":\"https:\\\/\\\/shop.bantam.ch\\\/wp-content\\\/uploads\\\/2023\\\/02\\\/996121311.jpg\",\"contentUrl\":\"https:\\\/\\\/shop.bantam.ch\\\/wp-content\\\/uploads\\\/2023\\\/02\\\/996121311.jpg\",\"width\":1000,\"height\":361},{\"@type\":\"BreadcrumbList\",\"@id\":\"https:\\\/\\\/shop.bantam.ch\\\/fr\\\/produit\\\/solette-skia-authentic-blanc-gris\\\/#breadcrumb\",\"itemListElement\":[{\"@type\":\"ListItem\",\"position\":1,\"name\":\"Accueil\",\"item\":\"https:\\\/\\\/shop.bantam.ch\\\/fr\\\/\"},{\"@type\":\"ListItem\",\"position\":2,\"name\":\"Boutique\",\"item\":\"https:\\\/\\\/shop.bantam.ch\\\/fr\\\/boutique\\\/\"},{\"@type\":\"ListItem\",\"position\":3,\"name\":\"Solette Skia Authentic, blanc \\\/ gris\"}]},{\"@type\":\"WebSite\",\"@id\":\"https:\\\/\\\/shop.bantam.ch\\\/fr\\\/#website\",\"url\":\"https:\\\/\\\/shop.bantam.ch\\\/fr\\\/\",\"name\":\"Bantam Wankm\u00fcller SA\",\"description\":\"\",\"publisher\":{\"@id\":\"https:\\\/\\\/shop.bantam.ch\\\/fr\\\/#organization\"},\"inLanguage\":\"fr-FR\"},{\"@type\":\"Organization\",\"@id\":\"https:\\\/\\\/shop.bantam.ch\\\/fr\\\/#organization\",\"name\":\"Bantam Wankm\u00fcller SA\",\"url\":\"https:\\\/\\\/shop.bantam.ch\\\/fr\\\/\",\"logo\":{\"@type\":\"ImageObject\",\"inLanguage\":\"fr-FR\",\"@id\":\"https:\\\/\\\/shop.bantam.ch\\\/fr\\\/#\\\/schema\\\/logo\\\/image\\\/\",\"url\":\"https:\\\/\\\/shop.bantam.ch\\\/wp-content\\\/uploads\\\/2022\\\/12\\\/bantam-logo.png\",\"contentUrl\":\"https:\\\/\\\/shop.bantam.ch\\\/wp-content\\\/uploads\\\/2022\\\/12\\\/bantam-logo.png\",\"width\":320,\"height\":71,\"caption\":\"Bantam Wankm\u00fcller SA\"},\"image\":{\"@id\":\"https:\\\/\\\/shop.bantam.ch\\\/fr\\\/#\\\/schema\\\/logo\\\/image\\\/\"}}]}<\/script>\n<!-- \/ Yoast SEO plugin. -->","yoast_head_json":{"title":"Solette Skia Authentic, blanc \/ gris - Bantam Wankm\u00fcller SA","robots":{"index":"index","follow":"follow","max-snippet":"max-snippet:-1","max-image-preview":"max-image-preview:large","max-video-preview":"max-video-preview:-1"},"canonical":"https:\/\/shop.bantam.ch\/fr\/produit\/solette-skia-authentic-blanc-gris\/","og_locale":"fr_FR","og_type":"article","og_title":"Solette Skia Authentic, blanc \/ gris - Bantam Wankm\u00fcller SA","og_description":"Les solettes SKIA sont le reflet de l\u2019\u00e9volution naturelle de la technologie A.I.R.Tech et permettent d\u2019effectuer la fixation, le gonflage et l&rsquo;ancrage en quelques minutes seulement et dans un confort absolu. Plus besoin d\u2019utiliser des barres traditionnelles en m\u00e9tal ou en fibre de verre. Gr\u00e2ce \u00e0 l\u2019extension des parois lat\u00e9rales (disponibles en option), il est [&hellip;]","og_url":"https:\/\/shop.bantam.ch\/fr\/produit\/solette-skia-authentic-blanc-gris\/","og_site_name":"Bantam Wankm\u00fcller SA","article_modified_time":"2026-04-17T21:25:27+00:00","og_image":[{"width":1000,"height":361,"url":"https:\/\/shop.bantam.ch\/wp-content\/uploads\/2023\/02\/996121311.jpg","type":"image\/jpeg"}],"twitter_card":"summary_large_image","twitter_misc":{"Dur\u00e9e de lecture estim\u00e9e":"1 minute"},"schema":{"@context":"https:\/\/schema.org","@graph":[{"@type":"WebPage","@id":"https:\/\/shop.bantam.ch\/fr\/produit\/solette-skia-authentic-blanc-gris\/","url":"https:\/\/shop.bantam.ch\/fr\/produit\/solette-skia-authentic-blanc-gris\/","name":"Solette Skia Authentic, blanc \/ gris - Bantam Wankm\u00fcller SA","isPartOf":{"@id":"https:\/\/shop.bantam.ch\/fr\/#website"},"primaryImageOfPage":{"@id":"https:\/\/shop.bantam.ch\/fr\/produit\/solette-skia-authentic-blanc-gris\/#primaryimage"},"image":{"@id":"https:\/\/shop.bantam.ch\/fr\/produit\/solette-skia-authentic-blanc-gris\/#primaryimage"},"thumbnailUrl":"https:\/\/shop.bantam.ch\/wp-content\/uploads\/2023\/02\/996121311.jpg","datePublished":"2023-02-28T21:26:08+00:00","dateModified":"2026-04-17T21:25:27+00:00","breadcrumb":{"@id":"https:\/\/shop.bantam.ch\/fr\/produit\/solette-skia-authentic-blanc-gris\/#breadcrumb"},"inLanguage":"fr-FR","potentialAction":[{"@type":"ReadAction","target":["https:\/\/shop.bantam.ch\/fr\/produit\/solette-skia-authentic-blanc-gris\/"]}]},{"@type":"ImageObject","inLanguage":"fr-FR","@id":"https:\/\/shop.bantam.ch\/fr\/produit\/solette-skia-authentic-blanc-gris\/#primaryimage","url":"https:\/\/shop.bantam.ch\/wp-content\/uploads\/2023\/02\/996121311.jpg","contentUrl":"https:\/\/shop.bantam.ch\/wp-content\/uploads\/2023\/02\/996121311.jpg","width":1000,"height":361},{"@type":"BreadcrumbList","@id":"https:\/\/shop.bantam.ch\/fr\/produit\/solette-skia-authentic-blanc-gris\/#breadcrumb","itemListElement":[{"@type":"ListItem","position":1,"name":"Accueil","item":"https:\/\/shop.bantam.ch\/fr\/"},{"@type":"ListItem","position":2,"name":"Boutique","item":"https:\/\/shop.bantam.ch\/fr\/boutique\/"},{"@type":"ListItem","position":3,"name":"Solette Skia Authentic, blanc \/ gris"}]},{"@type":"WebSite","@id":"https:\/\/shop.bantam.ch\/fr\/#website","url":"https:\/\/shop.bantam.ch\/fr\/","name":"Bantam Wankm\u00fcller SA","description":"","publisher":{"@id":"https:\/\/shop.bantam.ch\/fr\/#organization"},"inLanguage":"fr-FR"},{"@type":"Organization","@id":"https:\/\/shop.bantam.ch\/fr\/#organization","name":"Bantam Wankm\u00fcller SA","url":"https:\/\/shop.bantam.ch\/fr\/","logo":{"@type":"ImageObject","inLanguage":"fr-FR","@id":"https:\/\/shop.bantam.ch\/fr\/#\/schema\/logo\/image\/","url":"https:\/\/shop.bantam.ch\/wp-content\/uploads\/2022\/12\/bantam-logo.png","contentUrl":"https:\/\/shop.bantam.ch\/wp-content\/uploads\/2022\/12\/bantam-logo.png","width":320,"height":71,"caption":"Bantam Wankm\u00fcller SA"},"image":{"@id":"https:\/\/shop.bantam.ch\/fr\/#\/schema\/logo\/image\/"}}]}},"_links":{"self":[{"href":"https:\/\/shop.bantam.ch\/fr\/wp-json\/wp\/v2\/product\/117198","targetHints":{"allow":["GET"]}}],"collection":[{"href":"https:\/\/shop.bantam.ch\/fr\/wp-json\/wp\/v2\/product"}],"about":[{"href":"https:\/\/shop.bantam.ch\/fr\/wp-json\/wp\/v2\/types\/product"}],"wp:featuredmedia":[{"embeddable":true,"href":"https:\/\/shop.bantam.ch\/fr\/wp-json\/wp\/v2\/media\/117194"}],"wp:attachment":[{"href":"https:\/\/shop.bantam.ch\/fr\/wp-json\/wp\/v2\/media?parent=117198"}],"wp:term":[{"taxonomy":"product_featured_cat","embeddable":true,"href":"https:\/\/shop.bantam.ch\/fr\/wp-json\/wp\/v2\/product_featured_cat?post=117198"},{"taxonomy":"product_brand","embeddable":true,"href":"https:\/\/shop.bantam.ch\/fr\/wp-json\/wp\/v2\/product_brand?post=117198"},{"taxonomy":"product_cat","embeddable":true,"href":"https:\/\/shop.bantam.ch\/fr\/wp-json\/wp\/v2\/product_cat?post=117198"},{"taxonomy":"product_tag","embeddable":true,"href":"https:\/\/shop.bantam.ch\/fr\/wp-json\/wp\/v2\/product_tag?post=117198"}],"curies":[{"name":"wp","href":"https:\/\/api.w.org\/{rel}","templated":true}]}}